{"id":101028,"date":"2025-07-10T12:55:44","date_gmt":"2025-07-10T12:55:44","guid":{"rendered":"https:\/\/www.silentblocks.com\/product\/motortraeger-achstraeger-buchsen-audi-a6-c4-audi-100-c4\/"},"modified":"2026-02-17T22:08:17","modified_gmt":"2026-02-17T22:08:17","slug":"motortraeger-achstraeger-buchsen-audi-a6-c4-audi-100-c4","status":"publish","type":"product","link":"https:\/\/www.silentblocks.com\/de\/produkt\/motortraeger-achstraeger-buchsen-audi-a6-c4-audi-100-c4\/","title":{"rendered":"Motortr\u00e4ger achstr\u00e4ger buchsen, Audi A6 C4, Audi 100 C4"},"content":{"rendered":"<p>Buchsen f\u00fcr die Vorderachse, passend f\u00fcr die folgenden Fahrzeuge:<br \/>\nAUDI A6 (4A, C4)<br \/>\nS6 Turbo quattro 169 kW, 2.3 98 kW, 2.5 TDI 103 kW, 2.5 TDI 85 kW, 2.5 TDI 84 kW, 2.5 TDI quattro 103 kW, 2.6 110 kW, 2.6 quattro 110 kW, 2.8 128 kW, 2.8 quattro 128 kW, 2.8 142 kW, 2.8 quattro 142 kW<\/p>\n<p>AUDI A6 Avant (4A, C4)<br \/>\nS6 Turbo quattro 169 kW, 2.3 98 kW, 2.5 TDI 103 kW, 2.5 TDI 84 kW, 2.5 TDI 85 kW, 2.5 TDI quattro 103 kW, 2.6 110 kW, 2.6 quattro 110 kW, 2.8 128 kW, 2.8 quattro 128 kW, 2.8 142 kW, 2.8 quattro 142 kW<\/p>\n<p>AUDI 100 (4A, C4)<br \/>\nS4 Turbo quattro 169 kW, 2.3 E 98 kW, 2.3 E quattro 98 kW, 2.4 D 60 kW, 2.5 TDI 85 kW, 2.6 110 kW, 2.6 quattro 110 kW, 2.8 E 128 kW, 2.8 E quattro 128 kW<\/p>\n<p>AUDI 100 Avant (4A, C4)<br \/>\nS4 Turbo quattro 169 kW, 2.3 E 98 kW, 2.3 E quattro 98 kW, 2.4 D 60 kW, 2.5 TDI 85 kW, 2.6 110 kW, 2.6 quattro 110 kW, 2.8 E 128 kW, 2.8 E quattro 128 kW<\/p>\n<p>Herstellerreferenzen (OEM-Code) zur Orientierung :<br \/>\n4A0399415B<\/p>\n<p>Neue Teile, die mit Rechnung verkauft werden. Alle unsere Produkte haben eine Garantie von 2 Jahren.<\/p>\n","protected":false},"excerpt":{"rendered":"<p>Buchsen f\u00fcr die Vorderachse, passend f\u00fcr die folgenden Fahrzeuge: AUDI A6 (4A, C4) S6 Turbo quattro 169 kW, 2.3 98 kW, 2.5 TDI 103 kW, 2.5 TDI 85 kW, 2.5 TDI 84 kW, 2.5 TDI quattro 103 kW, 2.6 110 kW, 2.6 quattro 110 kW, 2.8 128 kW, 2.8 quattro 128 kW, 2.8 142 kW, [&hellip;]<\/p>\n","protected":false},"featured_media":101023,"template":"","meta":[],"product_brand":[],"product_cat":[949,990,5380,5384],"product_tag":[],"class_list":{"0":"post-101028","1":"product","2":"type-product","3":"status-publish","4":"has-post-thumbnail","6":"product_cat-audi","7":"product_cat-990","8":"product_cat-a6-c4","9":"product_cat-a6-c4-de","11":"first","12":"instock","13":"shipping-taxable","14":"purchasable","15":"product-type-simple"},"yoast_head":"<!-- This site is optimized with the Yoast SEO Premium plugin v23.0 (Yoast SEO v27.4) - https:\/\/yoast.com\/product\/yoast-seo-premium-wordpress\/ -->\n<title>Motortr\u00e4ger achstr\u00e4ger buchsen, Audi A6 C4, Audi 100 C4 - SILENT BLOCKS<\/title>\n<meta name=\"description\" content=\"Motortr\u00e4ger achstr\u00e4ger buchsen aus Polyurethan f\u00fcr Audi A6 C4, Audi 100 C4, OEM 4A0399415B\" \/>\n<meta name=\"robots\" content=\"index, follow, max-snippet:-1, max-image-preview:large, max-video-preview:-1\" \/>\n<link rel=\"canonical\" href=\"https:\/\/www.silentblocks.com\/de\/produkt\/motortraeger-achstraeger-buchsen-audi-a6-c4-audi-100-c4\/\" \/>\n<meta property=\"og:locale\" content=\"de_DE\" \/>\n<meta property=\"og:type\" content=\"article\" \/>\n<meta property=\"og:title\" content=\"Motortr\u00e4ger achstr\u00e4ger buchsen, Audi A6 C4, Audi 100 C4\" \/>\n<meta property=\"og:description\" content=\"Motortr\u00e4ger achstr\u00e4ger buchsen aus Polyurethan f\u00fcr Audi A6 C4, Audi 100 C4, OEM 4A0399415B\" \/>\n<meta property=\"og:url\" content=\"https:\/\/www.silentblocks.com\/de\/produkt\/motortraeger-achstraeger-buchsen-audi-a6-c4-audi-100-c4\/\" \/>\n<meta property=\"og:site_name\" content=\"SILENT BLOCKS\" \/>\n<meta property=\"article:modified_time\" content=\"2026-02-17T22:08:17+00:00\" \/>\n<meta property=\"og:image\" content=\"https:\/\/www.silentblocks.com\/wp-content\/uploads\/2026\/02\/silentbloc-polyurethane-audi-a6-c4.jpg\" \/>\n\t<meta property=\"og:image:width\" content=\"1000\" \/>\n\t<meta property=\"og:image:height\" content=\"1000\" \/>\n\t<meta property=\"og:image:type\" content=\"image\/jpeg\" \/>\n<meta name=\"twitter:card\" content=\"summary_large_image\" \/>\n<meta name=\"twitter:label1\" content=\"Gesch\u00e4tzte Lesezeit\" \/>\n\t<meta name=\"twitter:data1\" content=\"1\u00a0Minute\" \/>\n<script type=\"application\/ld+json\" class=\"yoast-schema-graph\">{\"@context\":\"https:\\\/\\\/schema.org\",\"@graph\":[{\"@type\":\"WebPage\",\"@id\":\"https:\\\/\\\/www.silentblocks.com\\\/de\\\/produkt\\\/motortraeger-achstraeger-buchsen-audi-a6-c4-audi-100-c4\\\/\",\"url\":\"https:\\\/\\\/www.silentblocks.com\\\/de\\\/produkt\\\/motortraeger-achstraeger-buchsen-audi-a6-c4-audi-100-c4\\\/\",\"name\":\"Motortr\u00e4ger achstr\u00e4ger buchsen, Audi A6 C4, Audi 100 C4 - SILENT BLOCKS\",\"isPartOf\":{\"@id\":\"https:\\\/\\\/www.silentblocks.com\\\/de\\\/#website\"},\"primaryImageOfPage\":{\"@id\":\"https:\\\/\\\/www.silentblocks.com\\\/de\\\/produkt\\\/motortraeger-achstraeger-buchsen-audi-a6-c4-audi-100-c4\\\/#primaryimage\"},\"image\":{\"@id\":\"https:\\\/\\\/www.silentblocks.com\\\/de\\\/produkt\\\/motortraeger-achstraeger-buchsen-audi-a6-c4-audi-100-c4\\\/#primaryimage\"},\"thumbnailUrl\":\"https:\\\/\\\/www.silentblocks.com\\\/wp-content\\\/uploads\\\/2026\\\/02\\\/silentbloc-polyurethane-audi-a6-c4.jpg\",\"datePublished\":\"2025-07-10T12:55:44+00:00\",\"dateModified\":\"2026-02-17T22:08:17+00:00\",\"description\":\"Motortr\u00e4ger achstr\u00e4ger buchsen aus Polyurethan f\u00fcr Audi A6 C4, Audi 100 C4, OEM 4A0399415B\",\"breadcrumb\":{\"@id\":\"https:\\\/\\\/www.silentblocks.com\\\/de\\\/produkt\\\/motortraeger-achstraeger-buchsen-audi-a6-c4-audi-100-c4\\\/#breadcrumb\"},\"inLanguage\":\"de\",\"potentialAction\":[{\"@type\":\"ReadAction\",\"target\":[\"https:\\\/\\\/www.silentblocks.com\\\/de\\\/produkt\\\/motortraeger-achstraeger-buchsen-audi-a6-c4-audi-100-c4\\\/\"]}]},{\"@type\":\"ImageObject\",\"inLanguage\":\"de\",\"@id\":\"https:\\\/\\\/www.silentblocks.com\\\/de\\\/produkt\\\/motortraeger-achstraeger-buchsen-audi-a6-c4-audi-100-c4\\\/#primaryimage\",\"url\":\"https:\\\/\\\/www.silentblocks.com\\\/wp-content\\\/uploads\\\/2026\\\/02\\\/silentbloc-polyurethane-audi-a6-c4.jpg\",\"contentUrl\":\"https:\\\/\\\/www.silentblocks.com\\\/wp-content\\\/uploads\\\/2026\\\/02\\\/silentbloc-polyurethane-audi-a6-c4.jpg\",\"width\":1000,\"height\":1000},{\"@type\":\"BreadcrumbList\",\"@id\":\"https:\\\/\\\/www.silentblocks.com\\\/de\\\/produkt\\\/motortraeger-achstraeger-buchsen-audi-a6-c4-audi-100-c4\\\/#breadcrumb\",\"itemListElement\":[{\"@type\":\"ListItem\",\"position\":1,\"name\":\"In\u00edcio\",\"item\":\"https:\\\/\\\/www.silentblocks.com\\\/de\\\/\"},{\"@type\":\"ListItem\",\"position\":2,\"name\":\"Page boutique\",\"item\":\"https:\\\/\\\/www.silentblocks.com\\\/shop-2\\\/\"},{\"@type\":\"ListItem\",\"position\":3,\"name\":\"Motortr\u00e4ger achstr\u00e4ger buchsen, Audi A6 C4, Audi 100 C4\"}]},{\"@type\":\"WebSite\",\"@id\":\"https:\\\/\\\/www.silentblocks.com\\\/de\\\/#website\",\"url\":\"https:\\\/\\\/www.silentblocks.com\\\/de\\\/\",\"name\":\"SILENTBLOCKS\",\"description\":\"Secure on the road\",\"publisher\":{\"@id\":\"https:\\\/\\\/www.silentblocks.com\\\/de\\\/#organization\"},\"potentialAction\":[{\"@type\":\"SearchAction\",\"target\":{\"@type\":\"EntryPoint\",\"urlTemplate\":\"https:\\\/\\\/www.silentblocks.com\\\/de\\\/?s={search_term_string}\"},\"query-input\":{\"@type\":\"PropertyValueSpecification\",\"valueRequired\":true,\"valueName\":\"search_term_string\"}}],\"inLanguage\":\"de\"},{\"@type\":\"Organization\",\"@id\":\"https:\\\/\\\/www.silentblocks.com\\\/de\\\/#organization\",\"name\":\"SILENTBLOCKS\",\"url\":\"https:\\\/\\\/www.silentblocks.com\\\/de\\\/\",\"logo\":{\"@type\":\"ImageObject\",\"inLanguage\":\"de\",\"@id\":\"https:\\\/\\\/www.silentblocks.com\\\/de\\\/#\\\/schema\\\/logo\\\/image\\\/\",\"url\":\"https:\\\/\\\/www.silentblocks.com\\\/wp-content\\\/uploads\\\/2023\\\/07\\\/logo211-sem-fundo_2012-PARA-BOUTIQUE-EBAY.png\",\"contentUrl\":\"https:\\\/\\\/www.silentblocks.com\\\/wp-content\\\/uploads\\\/2023\\\/07\\\/logo211-sem-fundo_2012-PARA-BOUTIQUE-EBAY.png\",\"width\":300,\"height\":190,\"caption\":\"SILENTBLOCKS\"},\"image\":{\"@id\":\"https:\\\/\\\/www.silentblocks.com\\\/de\\\/#\\\/schema\\\/logo\\\/image\\\/\"}}]}<\/script>\n<!-- \/ Yoast SEO Premium plugin. -->","yoast_head_json":{"title":"Motortr\u00e4ger achstr\u00e4ger buchsen, Audi A6 C4, Audi 100 C4 - SILENT BLOCKS","description":"Motortr\u00e4ger achstr\u00e4ger buchsen aus Polyurethan f\u00fcr Audi A6 C4, Audi 100 C4, OEM 4A0399415B","robots":{"index":"index","follow":"follow","max-snippet":"max-snippet:-1","max-image-preview":"max-image-preview:large","max-video-preview":"max-video-preview:-1"},"canonical":"https:\/\/www.silentblocks.com\/de\/produkt\/motortraeger-achstraeger-buchsen-audi-a6-c4-audi-100-c4\/","og_locale":"de_DE","og_type":"article","og_title":"Motortr\u00e4ger achstr\u00e4ger buchsen, Audi A6 C4, Audi 100 C4","og_description":"Motortr\u00e4ger achstr\u00e4ger buchsen aus Polyurethan f\u00fcr Audi A6 C4, Audi 100 C4, OEM 4A0399415B","og_url":"https:\/\/www.silentblocks.com\/de\/produkt\/motortraeger-achstraeger-buchsen-audi-a6-c4-audi-100-c4\/","og_site_name":"SILENT BLOCKS","article_modified_time":"2026-02-17T22:08:17+00:00","og_image":[{"width":1000,"height":1000,"url":"https:\/\/www.silentblocks.com\/wp-content\/uploads\/2026\/02\/silentbloc-polyurethane-audi-a6-c4.jpg","type":"image\/jpeg"}],"twitter_card":"summary_large_image","twitter_misc":{"Gesch\u00e4tzte Lesezeit":"1\u00a0Minute"},"schema":{"@context":"https:\/\/schema.org","@graph":[{"@type":"WebPage","@id":"https:\/\/www.silentblocks.com\/de\/produkt\/motortraeger-achstraeger-buchsen-audi-a6-c4-audi-100-c4\/","url":"https:\/\/www.silentblocks.com\/de\/produkt\/motortraeger-achstraeger-buchsen-audi-a6-c4-audi-100-c4\/","name":"Motortr\u00e4ger achstr\u00e4ger buchsen, Audi A6 C4, Audi 100 C4 - SILENT BLOCKS","isPartOf":{"@id":"https:\/\/www.silentblocks.com\/de\/#website"},"primaryImageOfPage":{"@id":"https:\/\/www.silentblocks.com\/de\/produkt\/motortraeger-achstraeger-buchsen-audi-a6-c4-audi-100-c4\/#primaryimage"},"image":{"@id":"https:\/\/www.silentblocks.com\/de\/produkt\/motortraeger-achstraeger-buchsen-audi-a6-c4-audi-100-c4\/#primaryimage"},"thumbnailUrl":"https:\/\/www.silentblocks.com\/wp-content\/uploads\/2026\/02\/silentbloc-polyurethane-audi-a6-c4.jpg","datePublished":"2025-07-10T12:55:44+00:00","dateModified":"2026-02-17T22:08:17+00:00","description":"Motortr\u00e4ger achstr\u00e4ger buchsen aus Polyurethan f\u00fcr Audi A6 C4, Audi 100 C4, OEM 4A0399415B","breadcrumb":{"@id":"https:\/\/www.silentblocks.com\/de\/produkt\/motortraeger-achstraeger-buchsen-audi-a6-c4-audi-100-c4\/#breadcrumb"},"inLanguage":"de","potentialAction":[{"@type":"ReadAction","target":["https:\/\/www.silentblocks.com\/de\/produkt\/motortraeger-achstraeger-buchsen-audi-a6-c4-audi-100-c4\/"]}]},{"@type":"ImageObject","inLanguage":"de","@id":"https:\/\/www.silentblocks.com\/de\/produkt\/motortraeger-achstraeger-buchsen-audi-a6-c4-audi-100-c4\/#primaryimage","url":"https:\/\/www.silentblocks.com\/wp-content\/uploads\/2026\/02\/silentbloc-polyurethane-audi-a6-c4.jpg","contentUrl":"https:\/\/www.silentblocks.com\/wp-content\/uploads\/2026\/02\/silentbloc-polyurethane-audi-a6-c4.jpg","width":1000,"height":1000},{"@type":"BreadcrumbList","@id":"https:\/\/www.silentblocks.com\/de\/produkt\/motortraeger-achstraeger-buchsen-audi-a6-c4-audi-100-c4\/#breadcrumb","itemListElement":[{"@type":"ListItem","position":1,"name":"In\u00edcio","item":"https:\/\/www.silentblocks.com\/de\/"},{"@type":"ListItem","position":2,"name":"Page boutique","item":"https:\/\/www.silentblocks.com\/shop-2\/"},{"@type":"ListItem","position":3,"name":"Motortr\u00e4ger achstr\u00e4ger buchsen, Audi A6 C4, Audi 100 C4"}]},{"@type":"WebSite","@id":"https:\/\/www.silentblocks.com\/de\/#website","url":"https:\/\/www.silentblocks.com\/de\/","name":"SILENTBLOCKS","description":"Secure on the road","publisher":{"@id":"https:\/\/www.silentblocks.com\/de\/#organization"},"potentialAction":[{"@type":"SearchAction","target":{"@type":"EntryPoint","urlTemplate":"https:\/\/www.silentblocks.com\/de\/?s={search_term_string}"},"query-input":{"@type":"PropertyValueSpecification","valueRequired":true,"valueName":"search_term_string"}}],"inLanguage":"de"},{"@type":"Organization","@id":"https:\/\/www.silentblocks.com\/de\/#organization","name":"SILENTBLOCKS","url":"https:\/\/www.silentblocks.com\/de\/","logo":{"@type":"ImageObject","inLanguage":"de","@id":"https:\/\/www.silentblocks.com\/de\/#\/schema\/logo\/image\/","url":"https:\/\/www.silentblocks.com\/wp-content\/uploads\/2023\/07\/logo211-sem-fundo_2012-PARA-BOUTIQUE-EBAY.png","contentUrl":"https:\/\/www.silentblocks.com\/wp-content\/uploads\/2023\/07\/logo211-sem-fundo_2012-PARA-BOUTIQUE-EBAY.png","width":300,"height":190,"caption":"SILENTBLOCKS"},"image":{"@id":"https:\/\/www.silentblocks.com\/de\/#\/schema\/logo\/image\/"}}]}},"_links":{"self":[{"href":"https:\/\/www.silentblocks.com\/de\/wp-json\/wp\/v2\/product\/101028","targetHints":{"allow":["GET"]}}],"collection":[{"href":"https:\/\/www.silentblocks.com\/de\/wp-json\/wp\/v2\/product"}],"about":[{"href":"https:\/\/www.silentblocks.com\/de\/wp-json\/wp\/v2\/types\/product"}],"version-history":[{"count":0,"href":"https:\/\/www.silentblocks.com\/de\/wp-json\/wp\/v2\/product\/101028\/revisions"}],"wp:featuredmedia":[{"embeddable":true,"href":"https:\/\/www.silentblocks.com\/de\/wp-json\/wp\/v2\/media\/101023"}],"wp:attachment":[{"href":"https:\/\/www.silentblocks.com\/de\/wp-json\/wp\/v2\/media?parent=101028"}],"wp:term":[{"taxonomy":"product_brand","embeddable":true,"href":"https:\/\/www.silentblocks.com\/de\/wp-json\/wp\/v2\/product_brand?post=101028"},{"taxonomy":"product_cat","embeddable":true,"href":"https:\/\/www.silentblocks.com\/de\/wp-json\/wp\/v2\/product_cat?post=101028"},{"taxonomy":"product_tag","embeddable":true,"href":"https:\/\/www.silentblocks.com\/de\/wp-json\/wp\/v2\/product_tag?post=101028"}],"curies":[{"name":"wp","href":"https:\/\/api.w.org\/{rel}","templated":true}]}}