{"id":101341,"date":"2025-07-18T16:23:14","date_gmt":"2025-07-18T16:23:14","guid":{"rendered":"https:\/\/www.silentblocks.com\/product\/hinteren-hilfsrahmenlager-fuer-volvo-s60-i-s80-v70-ii-xc70-cross-country\/"},"modified":"2026-02-17T22:09:09","modified_gmt":"2026-02-17T22:09:09","slug":"hinteren-hilfsrahmenlager-fuer-volvo-s60-i-s80-v70-ii-xc70-cross-country","status":"publish","type":"product","link":"https:\/\/www.silentblocks.com\/de\/produkt\/hinteren-hilfsrahmenlager-fuer-volvo-s60-i-s80-v70-ii-xc70-cross-country\/","title":{"rendered":"Hinteren Hilfsrahmenlager f\u00fcr Volvo S60 I, S80, V70 II, XC70 Cross Country"},"content":{"rendered":"<p>4 Polyurethan-buchsen f\u00fcr die hintere Wiege, passend f\u00fcr die folgenden Fahrzeuge:<br \/>\nVolvo S80 (1998-2006)<br \/>\nVolvo S60 I (2000-2009)<br \/>\nVolvo XC70 Cross Country (1997-2007)<br \/>\nVolvo V70 II (2000-2007)<\/p>\n<p>H\u00e4rte: 75Sha<\/p>\n<p>Herstellerreferenzen (OEM-Code) zur Orientierung :<br \/>\n9157576, 9157952, 9465975, 30714032, TD1256W, TD1257W<\/p>\n<p>Neue Teile, die mit Rechnung verkauft werden. Alle unsere Produkte haben eine Garantie von 2 Jahren.<\/p>\n","protected":false},"excerpt":{"rendered":"<p>4 Polyurethan-buchsen f\u00fcr die hintere Wiege, passend f\u00fcr die folgenden Fahrzeuge: Volvo S80 (1998-2006) Volvo S60 I (2000-2009) Volvo XC70 Cross Country (1997-2007) Volvo V70 II (2000-2007) H\u00e4rte: 75Sha Herstellerreferenzen (OEM-Code) zur Orientierung : 9157576, 9157952, 9465975, 30714032, TD1256W, TD1257W Neue Teile, die mit Rechnung verkauft werden. Alle unsere Produkte haben eine Garantie von 2 [&hellip;]<\/p>\n","protected":false},"featured_media":101296,"template":"","meta":[],"product_brand":[],"product_cat":[952,1550,4427,4429,1557],"product_tag":[],"class_list":{"0":"post-101341","1":"product","2":"type-product","3":"status-publish","4":"has-post-thumbnail","6":"product_cat-volvo","7":"product_cat-s60","8":"product_cat-v70-ii","9":"product_cat-v70-ii-de","10":"product_cat-xc70","12":"first","13":"instock","14":"shipping-taxable","15":"purchasable","16":"product-type-simple"},"yoast_head":"<!-- This site is optimized with the Yoast SEO Premium plugin v23.0 (Yoast SEO v27.4) - https:\/\/yoast.com\/product\/yoast-seo-premium-wordpress\/ -->\n<title>Hinteren Hilfsrahmenlager f\u00fcr Volvo S60 I, S80, V70 II, XC70 Cross Country - SILENT BLOCKS<\/title>\n<meta name=\"description\" content=\"Buchsen f\u00fcr die hintere Wiege f\u00fcr Volvo S60 I, S80, V70 II, XC70 Cross Country, kompatibel mit oem 9157576, 9157952, 9465975, 30714032, TD1256W, TD1257W\" \/>\n<meta name=\"robots\" content=\"index, follow, max-snippet:-1, max-image-preview:large, max-video-preview:-1\" \/>\n<link rel=\"canonical\" href=\"https:\/\/www.silentblocks.com\/de\/produkt\/hinteren-hilfsrahmenlager-fuer-volvo-s60-i-s80-v70-ii-xc70-cross-country\/\" \/>\n<meta property=\"og:locale\" content=\"de_DE\" \/>\n<meta property=\"og:type\" content=\"article\" \/>\n<meta property=\"og:title\" content=\"Hinteren Hilfsrahmenlager f\u00fcr Volvo S60 I, S80, V70 II, XC70 Cross Country\" \/>\n<meta property=\"og:description\" content=\"Buchsen f\u00fcr die hintere Wiege f\u00fcr Volvo S60 I, S80, V70 II, XC70 Cross Country, kompatibel mit oem 9157576, 9157952, 9465975, 30714032, TD1256W, TD1257W\" \/>\n<meta property=\"og:url\" content=\"https:\/\/www.silentblocks.com\/de\/produkt\/hinteren-hilfsrahmenlager-fuer-volvo-s60-i-s80-v70-ii-xc70-cross-country\/\" \/>\n<meta property=\"og:site_name\" content=\"SILENT BLOCKS\" \/>\n<meta property=\"article:modified_time\" content=\"2026-02-17T22:09:09+00:00\" \/>\n<meta property=\"og:image\" content=\"https:\/\/www.silentblocks.com\/wp-content\/uploads\/2026\/02\/silentbloc-berceau-arrier-XC70-cross-country-97-1.jpg\" \/>\n\t<meta property=\"og:image:width\" content=\"800\" \/>\n\t<meta property=\"og:image:height\" content=\"800\" \/>\n\t<meta property=\"og:image:type\" content=\"image\/jpeg\" \/>\n<meta name=\"twitter:card\" content=\"summary_large_image\" \/>\n<script type=\"application\/ld+json\" class=\"yoast-schema-graph\">{\"@context\":\"https:\\\/\\\/schema.org\",\"@graph\":[{\"@type\":\"WebPage\",\"@id\":\"https:\\\/\\\/www.silentblocks.com\\\/de\\\/produkt\\\/hinteren-hilfsrahmenlager-fuer-volvo-s60-i-s80-v70-ii-xc70-cross-country\\\/\",\"url\":\"https:\\\/\\\/www.silentblocks.com\\\/de\\\/produkt\\\/hinteren-hilfsrahmenlager-fuer-volvo-s60-i-s80-v70-ii-xc70-cross-country\\\/\",\"name\":\"Hinteren Hilfsrahmenlager f\u00fcr Volvo S60 I, S80, V70 II, XC70 Cross Country - SILENT BLOCKS\",\"isPartOf\":{\"@id\":\"https:\\\/\\\/www.silentblocks.com\\\/de\\\/#website\"},\"primaryImageOfPage\":{\"@id\":\"https:\\\/\\\/www.silentblocks.com\\\/de\\\/produkt\\\/hinteren-hilfsrahmenlager-fuer-volvo-s60-i-s80-v70-ii-xc70-cross-country\\\/#primaryimage\"},\"image\":{\"@id\":\"https:\\\/\\\/www.silentblocks.com\\\/de\\\/produkt\\\/hinteren-hilfsrahmenlager-fuer-volvo-s60-i-s80-v70-ii-xc70-cross-country\\\/#primaryimage\"},\"thumbnailUrl\":\"https:\\\/\\\/www.silentblocks.com\\\/wp-content\\\/uploads\\\/2026\\\/02\\\/silentbloc-berceau-arrier-XC70-cross-country-97-1.jpg\",\"datePublished\":\"2025-07-18T16:23:14+00:00\",\"dateModified\":\"2026-02-17T22:09:09+00:00\",\"description\":\"Buchsen f\u00fcr die hintere Wiege f\u00fcr Volvo S60 I, S80, V70 II, XC70 Cross Country, kompatibel mit oem 9157576, 9157952, 9465975, 30714032, TD1256W, TD1257W\",\"breadcrumb\":{\"@id\":\"https:\\\/\\\/www.silentblocks.com\\\/de\\\/produkt\\\/hinteren-hilfsrahmenlager-fuer-volvo-s60-i-s80-v70-ii-xc70-cross-country\\\/#breadcrumb\"},\"inLanguage\":\"de\",\"potentialAction\":[{\"@type\":\"ReadAction\",\"target\":[\"https:\\\/\\\/www.silentblocks.com\\\/de\\\/produkt\\\/hinteren-hilfsrahmenlager-fuer-volvo-s60-i-s80-v70-ii-xc70-cross-country\\\/\"]}]},{\"@type\":\"ImageObject\",\"inLanguage\":\"de\",\"@id\":\"https:\\\/\\\/www.silentblocks.com\\\/de\\\/produkt\\\/hinteren-hilfsrahmenlager-fuer-volvo-s60-i-s80-v70-ii-xc70-cross-country\\\/#primaryimage\",\"url\":\"https:\\\/\\\/www.silentblocks.com\\\/wp-content\\\/uploads\\\/2026\\\/02\\\/silentbloc-berceau-arrier-XC70-cross-country-97-1.jpg\",\"contentUrl\":\"https:\\\/\\\/www.silentblocks.com\\\/wp-content\\\/uploads\\\/2026\\\/02\\\/silentbloc-berceau-arrier-XC70-cross-country-97-1.jpg\",\"width\":800,\"height\":800},{\"@type\":\"BreadcrumbList\",\"@id\":\"https:\\\/\\\/www.silentblocks.com\\\/de\\\/produkt\\\/hinteren-hilfsrahmenlager-fuer-volvo-s60-i-s80-v70-ii-xc70-cross-country\\\/#breadcrumb\",\"itemListElement\":[{\"@type\":\"ListItem\",\"position\":1,\"name\":\"In\u00edcio\",\"item\":\"https:\\\/\\\/www.silentblocks.com\\\/de\\\/\"},{\"@type\":\"ListItem\",\"position\":2,\"name\":\"Page boutique\",\"item\":\"https:\\\/\\\/www.silentblocks.com\\\/shop-2\\\/\"},{\"@type\":\"ListItem\",\"position\":3,\"name\":\"Hinteren Hilfsrahmenlager f\u00fcr Volvo S60 I, S80, V70 II, XC70 Cross Country\"}]},{\"@type\":\"WebSite\",\"@id\":\"https:\\\/\\\/www.silentblocks.com\\\/de\\\/#website\",\"url\":\"https:\\\/\\\/www.silentblocks.com\\\/de\\\/\",\"name\":\"SILENTBLOCKS\",\"description\":\"Secure on the road\",\"publisher\":{\"@id\":\"https:\\\/\\\/www.silentblocks.com\\\/de\\\/#organization\"},\"potentialAction\":[{\"@type\":\"SearchAction\",\"target\":{\"@type\":\"EntryPoint\",\"urlTemplate\":\"https:\\\/\\\/www.silentblocks.com\\\/de\\\/?s={search_term_string}\"},\"query-input\":{\"@type\":\"PropertyValueSpecification\",\"valueRequired\":true,\"valueName\":\"search_term_string\"}}],\"inLanguage\":\"de\"},{\"@type\":\"Organization\",\"@id\":\"https:\\\/\\\/www.silentblocks.com\\\/de\\\/#organization\",\"name\":\"SILENTBLOCKS\",\"url\":\"https:\\\/\\\/www.silentblocks.com\\\/de\\\/\",\"logo\":{\"@type\":\"ImageObject\",\"inLanguage\":\"de\",\"@id\":\"https:\\\/\\\/www.silentblocks.com\\\/de\\\/#\\\/schema\\\/logo\\\/image\\\/\",\"url\":\"https:\\\/\\\/www.silentblocks.com\\\/wp-content\\\/uploads\\\/2023\\\/07\\\/logo211-sem-fundo_2012-PARA-BOUTIQUE-EBAY.png\",\"contentUrl\":\"https:\\\/\\\/www.silentblocks.com\\\/wp-content\\\/uploads\\\/2023\\\/07\\\/logo211-sem-fundo_2012-PARA-BOUTIQUE-EBAY.png\",\"width\":300,\"height\":190,\"caption\":\"SILENTBLOCKS\"},\"image\":{\"@id\":\"https:\\\/\\\/www.silentblocks.com\\\/de\\\/#\\\/schema\\\/logo\\\/image\\\/\"}}]}<\/script>\n<!-- \/ Yoast SEO Premium plugin. -->","yoast_head_json":{"title":"Hinteren Hilfsrahmenlager f\u00fcr Volvo S60 I, S80, V70 II, XC70 Cross Country - SILENT BLOCKS","description":"Buchsen f\u00fcr die hintere Wiege f\u00fcr Volvo S60 I, S80, V70 II, XC70 Cross Country, kompatibel mit oem 9157576, 9157952, 9465975, 30714032, TD1256W, TD1257W","robots":{"index":"index","follow":"follow","max-snippet":"max-snippet:-1","max-image-preview":"max-image-preview:large","max-video-preview":"max-video-preview:-1"},"canonical":"https:\/\/www.silentblocks.com\/de\/produkt\/hinteren-hilfsrahmenlager-fuer-volvo-s60-i-s80-v70-ii-xc70-cross-country\/","og_locale":"de_DE","og_type":"article","og_title":"Hinteren Hilfsrahmenlager f\u00fcr Volvo S60 I, S80, V70 II, XC70 Cross Country","og_description":"Buchsen f\u00fcr die hintere Wiege f\u00fcr Volvo S60 I, S80, V70 II, XC70 Cross Country, kompatibel mit oem 9157576, 9157952, 9465975, 30714032, TD1256W, TD1257W","og_url":"https:\/\/www.silentblocks.com\/de\/produkt\/hinteren-hilfsrahmenlager-fuer-volvo-s60-i-s80-v70-ii-xc70-cross-country\/","og_site_name":"SILENT BLOCKS","article_modified_time":"2026-02-17T22:09:09+00:00","og_image":[{"width":800,"height":800,"url":"https:\/\/www.silentblocks.com\/wp-content\/uploads\/2026\/02\/silentbloc-berceau-arrier-XC70-cross-country-97-1.jpg","type":"image\/jpeg"}],"twitter_card":"summary_large_image","schema":{"@context":"https:\/\/schema.org","@graph":[{"@type":"WebPage","@id":"https:\/\/www.silentblocks.com\/de\/produkt\/hinteren-hilfsrahmenlager-fuer-volvo-s60-i-s80-v70-ii-xc70-cross-country\/","url":"https:\/\/www.silentblocks.com\/de\/produkt\/hinteren-hilfsrahmenlager-fuer-volvo-s60-i-s80-v70-ii-xc70-cross-country\/","name":"Hinteren Hilfsrahmenlager f\u00fcr Volvo S60 I, S80, V70 II, XC70 Cross Country - SILENT BLOCKS","isPartOf":{"@id":"https:\/\/www.silentblocks.com\/de\/#website"},"primaryImageOfPage":{"@id":"https:\/\/www.silentblocks.com\/de\/produkt\/hinteren-hilfsrahmenlager-fuer-volvo-s60-i-s80-v70-ii-xc70-cross-country\/#primaryimage"},"image":{"@id":"https:\/\/www.silentblocks.com\/de\/produkt\/hinteren-hilfsrahmenlager-fuer-volvo-s60-i-s80-v70-ii-xc70-cross-country\/#primaryimage"},"thumbnailUrl":"https:\/\/www.silentblocks.com\/wp-content\/uploads\/2026\/02\/silentbloc-berceau-arrier-XC70-cross-country-97-1.jpg","datePublished":"2025-07-18T16:23:14+00:00","dateModified":"2026-02-17T22:09:09+00:00","description":"Buchsen f\u00fcr die hintere Wiege f\u00fcr Volvo S60 I, S80, V70 II, XC70 Cross Country, kompatibel mit oem 9157576, 9157952, 9465975, 30714032, TD1256W, TD1257W","breadcrumb":{"@id":"https:\/\/www.silentblocks.com\/de\/produkt\/hinteren-hilfsrahmenlager-fuer-volvo-s60-i-s80-v70-ii-xc70-cross-country\/#breadcrumb"},"inLanguage":"de","potentialAction":[{"@type":"ReadAction","target":["https:\/\/www.silentblocks.com\/de\/produkt\/hinteren-hilfsrahmenlager-fuer-volvo-s60-i-s80-v70-ii-xc70-cross-country\/"]}]},{"@type":"ImageObject","inLanguage":"de","@id":"https:\/\/www.silentblocks.com\/de\/produkt\/hinteren-hilfsrahmenlager-fuer-volvo-s60-i-s80-v70-ii-xc70-cross-country\/#primaryimage","url":"https:\/\/www.silentblocks.com\/wp-content\/uploads\/2026\/02\/silentbloc-berceau-arrier-XC70-cross-country-97-1.jpg","contentUrl":"https:\/\/www.silentblocks.com\/wp-content\/uploads\/2026\/02\/silentbloc-berceau-arrier-XC70-cross-country-97-1.jpg","width":800,"height":800},{"@type":"BreadcrumbList","@id":"https:\/\/www.silentblocks.com\/de\/produkt\/hinteren-hilfsrahmenlager-fuer-volvo-s60-i-s80-v70-ii-xc70-cross-country\/#breadcrumb","itemListElement":[{"@type":"ListItem","position":1,"name":"In\u00edcio","item":"https:\/\/www.silentblocks.com\/de\/"},{"@type":"ListItem","position":2,"name":"Page boutique","item":"https:\/\/www.silentblocks.com\/shop-2\/"},{"@type":"ListItem","position":3,"name":"Hinteren Hilfsrahmenlager f\u00fcr Volvo S60 I, S80, V70 II, XC70 Cross Country"}]},{"@type":"WebSite","@id":"https:\/\/www.silentblocks.com\/de\/#website","url":"https:\/\/www.silentblocks.com\/de\/","name":"SILENTBLOCKS","description":"Secure on the road","publisher":{"@id":"https:\/\/www.silentblocks.com\/de\/#organization"},"potentialAction":[{"@type":"SearchAction","target":{"@type":"EntryPoint","urlTemplate":"https:\/\/www.silentblocks.com\/de\/?s={search_term_string}"},"query-input":{"@type":"PropertyValueSpecification","valueRequired":true,"valueName":"search_term_string"}}],"inLanguage":"de"},{"@type":"Organization","@id":"https:\/\/www.silentblocks.com\/de\/#organization","name":"SILENTBLOCKS","url":"https:\/\/www.silentblocks.com\/de\/","logo":{"@type":"ImageObject","inLanguage":"de","@id":"https:\/\/www.silentblocks.com\/de\/#\/schema\/logo\/image\/","url":"https:\/\/www.silentblocks.com\/wp-content\/uploads\/2023\/07\/logo211-sem-fundo_2012-PARA-BOUTIQUE-EBAY.png","contentUrl":"https:\/\/www.silentblocks.com\/wp-content\/uploads\/2023\/07\/logo211-sem-fundo_2012-PARA-BOUTIQUE-EBAY.png","width":300,"height":190,"caption":"SILENTBLOCKS"},"image":{"@id":"https:\/\/www.silentblocks.com\/de\/#\/schema\/logo\/image\/"}}]}},"_links":{"self":[{"href":"https:\/\/www.silentblocks.com\/de\/wp-json\/wp\/v2\/product\/101341","targetHints":{"allow":["GET"]}}],"collection":[{"href":"https:\/\/www.silentblocks.com\/de\/wp-json\/wp\/v2\/product"}],"about":[{"href":"https:\/\/www.silentblocks.com\/de\/wp-json\/wp\/v2\/types\/product"}],"version-history":[{"count":0,"href":"https:\/\/www.silentblocks.com\/de\/wp-json\/wp\/v2\/product\/101341\/revisions"}],"wp:featuredmedia":[{"embeddable":true,"href":"https:\/\/www.silentblocks.com\/de\/wp-json\/wp\/v2\/media\/101296"}],"wp:attachment":[{"href":"https:\/\/www.silentblocks.com\/de\/wp-json\/wp\/v2\/media?parent=101341"}],"wp:term":[{"taxonomy":"product_brand","embeddable":true,"href":"https:\/\/www.silentblocks.com\/de\/wp-json\/wp\/v2\/product_brand?post=101341"},{"taxonomy":"product_cat","embeddable":true,"href":"https:\/\/www.silentblocks.com\/de\/wp-json\/wp\/v2\/product_cat?post=101341"},{"taxonomy":"product_tag","embeddable":true,"href":"https:\/\/www.silentblocks.com\/de\/wp-json\/wp\/v2\/product_tag?post=101341"}],"curies":[{"name":"wp","href":"https:\/\/api.w.org\/{rel}","templated":true}]}}