{"id":101405,"date":"2025-07-25T15:44:51","date_gmt":"2025-07-25T15:44:51","guid":{"rendered":"https:\/\/www.silentblocks.com\/product\/buchsen-der-vorderen-stossdaempfer-hilux-land-cruiser-90-prado\/"},"modified":"2026-02-17T22:09:19","modified_gmt":"2026-02-17T22:09:19","slug":"buchsen-der-vorderen-stossdaempfer-hilux-land-cruiser-90-prado","status":"publish","type":"product","link":"https:\/\/www.silentblocks.com\/de\/produkt\/buchsen-der-vorderen-stossdaempfer-hilux-land-cruiser-90-prado\/","title":{"rendered":"Buchsen der vorderen Sto\u00dfd\u00e4mpfer, Hilux, Land Cruiser 90\/Prado"},"content":{"rendered":"<p>2 Buchsen aus Polyurethan f\u00fcr zwei vordere Sto\u00dfd\u00e4mpfer, passend f\u00fcr die folgenden Fahrzeuge:<br \/>\nToyota Hilux KUN15,2# (07.2005-04.2012)<br \/>\nToyota Hilux KUN2#,35 (07.2011-)<br \/>\nToyota Land Cruiser 90 KDJ9#,KZJ9#,VZJ9# (04.1996-09.2002)<br \/>\nToyota Land Cruiser PRADO GRJ12#,KDJ12# (09.2002-08.2009)<\/p>\n<p>Au\u00dfendurchmesser: 40,1mm, Innendurchmesser: 14mm<\/p>\n<p>H\u00e4rte: 90Sha<\/p>\n<p>Herstellerreferenzen (OEM-Code) zur Orientierung :<br \/>\nE4-GV2-Z020A04, 90903-89012<\/p>\n<p>Neue Teile, die mit Rechnung verkauft werden. Alle unsere Produkte haben eine Garantie von 2 Jahren.<\/p>\n","protected":false},"excerpt":{"rendered":"<p>2 Buchsen aus Polyurethan f\u00fcr zwei vordere Sto\u00dfd\u00e4mpfer, passend f\u00fcr die folgenden Fahrzeuge: Toyota Hilux KUN15,2# (07.2005-04.2012) Toyota Hilux KUN2#,35 (07.2011-) Toyota Land Cruiser 90 KDJ9#,KZJ9#,VZJ9# (04.1996-09.2002) Toyota Land Cruiser PRADO GRJ12#,KDJ12# (09.2002-08.2009) Au\u00dfendurchmesser: 40,1mm, Innendurchmesser: 14mm H\u00e4rte: 90Sha Herstellerreferenzen (OEM-Code) zur Orientierung : E4-GV2-Z020A04, 90903-89012 Neue Teile, die mit Rechnung verkauft werden. Alle unsere [&hellip;]<\/p>\n","protected":false},"featured_media":101400,"template":"","meta":[],"product_brand":[],"product_cat":[947,1505,3668],"product_tag":[],"class_list":{"0":"post-101405","1":"product","2":"type-product","3":"status-publish","4":"has-post-thumbnail","6":"product_cat-toyota","7":"product_cat-landcruiser","8":"product_cat-landcruiser-de","10":"first","11":"instock","12":"shipping-taxable","13":"purchasable","14":"product-type-simple"},"yoast_head":"<!-- This site is optimized with the Yoast SEO Premium plugin v23.0 (Yoast SEO v27.4) - https:\/\/yoast.com\/product\/yoast-seo-premium-wordpress\/ -->\n<title>Buchsen der vorderen Sto\u00dfd\u00e4mpfer, Hilux, Land Cruiser 90\/Prado - SILENT BLOCKS<\/title>\n<meta name=\"description\" content=\"Buchsen der vorderen Sto\u00dfd\u00e4mpfer aus Polyurethan f\u00fcr Toyota Hilux, Land Cruiser 90\/Prado KDJ120, kompatibel mit oem 90903-89012, E4-GV2-Z020A04\" \/>\n<meta name=\"robots\" content=\"index, follow, max-snippet:-1, max-image-preview:large, max-video-preview:-1\" \/>\n<link rel=\"canonical\" href=\"https:\/\/www.silentblocks.com\/de\/produkt\/buchsen-der-vorderen-stossdaempfer-hilux-land-cruiser-90-prado\/\" \/>\n<meta property=\"og:locale\" content=\"de_DE\" \/>\n<meta property=\"og:type\" content=\"article\" \/>\n<meta property=\"og:title\" content=\"Buchsen der vorderen Sto\u00dfd\u00e4mpfer, Hilux, Land Cruiser 90\/Prado\" \/>\n<meta property=\"og:description\" content=\"Buchsen der vorderen Sto\u00dfd\u00e4mpfer aus Polyurethan f\u00fcr Toyota Hilux, Land Cruiser 90\/Prado KDJ120, kompatibel mit oem 90903-89012, E4-GV2-Z020A04\" \/>\n<meta property=\"og:url\" content=\"https:\/\/www.silentblocks.com\/de\/produkt\/buchsen-der-vorderen-stossdaempfer-hilux-land-cruiser-90-prado\/\" \/>\n<meta property=\"og:site_name\" content=\"SILENT BLOCKS\" \/>\n<meta property=\"article:modified_time\" content=\"2026-02-17T22:09:19+00:00\" \/>\n<meta property=\"og:image\" content=\"https:\/\/www.silentblocks.com\/wp-content\/uploads\/2026\/02\/prado-kdj120-silentbloc-amortisseur-avant.jpg\" \/>\n\t<meta property=\"og:image:width\" content=\"800\" \/>\n\t<meta property=\"og:image:height\" content=\"800\" \/>\n\t<meta property=\"og:image:type\" content=\"image\/jpeg\" \/>\n<meta name=\"twitter:card\" content=\"summary_large_image\" \/>\n<script type=\"application\/ld+json\" class=\"yoast-schema-graph\">{\"@context\":\"https:\\\/\\\/schema.org\",\"@graph\":[{\"@type\":\"WebPage\",\"@id\":\"https:\\\/\\\/www.silentblocks.com\\\/de\\\/produkt\\\/buchsen-der-vorderen-stossdaempfer-hilux-land-cruiser-90-prado\\\/\",\"url\":\"https:\\\/\\\/www.silentblocks.com\\\/de\\\/produkt\\\/buchsen-der-vorderen-stossdaempfer-hilux-land-cruiser-90-prado\\\/\",\"name\":\"Buchsen der vorderen Sto\u00dfd\u00e4mpfer, Hilux, Land Cruiser 90\\\/Prado - SILENT BLOCKS\",\"isPartOf\":{\"@id\":\"https:\\\/\\\/www.silentblocks.com\\\/de\\\/#website\"},\"primaryImageOfPage\":{\"@id\":\"https:\\\/\\\/www.silentblocks.com\\\/de\\\/produkt\\\/buchsen-der-vorderen-stossdaempfer-hilux-land-cruiser-90-prado\\\/#primaryimage\"},\"image\":{\"@id\":\"https:\\\/\\\/www.silentblocks.com\\\/de\\\/produkt\\\/buchsen-der-vorderen-stossdaempfer-hilux-land-cruiser-90-prado\\\/#primaryimage\"},\"thumbnailUrl\":\"https:\\\/\\\/www.silentblocks.com\\\/wp-content\\\/uploads\\\/2026\\\/02\\\/prado-kdj120-silentbloc-amortisseur-avant.jpg\",\"datePublished\":\"2025-07-25T15:44:51+00:00\",\"dateModified\":\"2026-02-17T22:09:19+00:00\",\"description\":\"Buchsen der vorderen Sto\u00dfd\u00e4mpfer aus Polyurethan f\u00fcr Toyota Hilux, Land Cruiser 90\\\/Prado KDJ120, kompatibel mit oem 90903-89012, E4-GV2-Z020A04\",\"breadcrumb\":{\"@id\":\"https:\\\/\\\/www.silentblocks.com\\\/de\\\/produkt\\\/buchsen-der-vorderen-stossdaempfer-hilux-land-cruiser-90-prado\\\/#breadcrumb\"},\"inLanguage\":\"de\",\"potentialAction\":[{\"@type\":\"ReadAction\",\"target\":[\"https:\\\/\\\/www.silentblocks.com\\\/de\\\/produkt\\\/buchsen-der-vorderen-stossdaempfer-hilux-land-cruiser-90-prado\\\/\"]}]},{\"@type\":\"ImageObject\",\"inLanguage\":\"de\",\"@id\":\"https:\\\/\\\/www.silentblocks.com\\\/de\\\/produkt\\\/buchsen-der-vorderen-stossdaempfer-hilux-land-cruiser-90-prado\\\/#primaryimage\",\"url\":\"https:\\\/\\\/www.silentblocks.com\\\/wp-content\\\/uploads\\\/2026\\\/02\\\/prado-kdj120-silentbloc-amortisseur-avant.jpg\",\"contentUrl\":\"https:\\\/\\\/www.silentblocks.com\\\/wp-content\\\/uploads\\\/2026\\\/02\\\/prado-kdj120-silentbloc-amortisseur-avant.jpg\",\"width\":800,\"height\":800},{\"@type\":\"BreadcrumbList\",\"@id\":\"https:\\\/\\\/www.silentblocks.com\\\/de\\\/produkt\\\/buchsen-der-vorderen-stossdaempfer-hilux-land-cruiser-90-prado\\\/#breadcrumb\",\"itemListElement\":[{\"@type\":\"ListItem\",\"position\":1,\"name\":\"In\u00edcio\",\"item\":\"https:\\\/\\\/www.silentblocks.com\\\/de\\\/\"},{\"@type\":\"ListItem\",\"position\":2,\"name\":\"Page boutique\",\"item\":\"https:\\\/\\\/www.silentblocks.com\\\/shop-2\\\/\"},{\"@type\":\"ListItem\",\"position\":3,\"name\":\"Buchsen der vorderen Sto\u00dfd\u00e4mpfer, Hilux, Land Cruiser 90\\\/Prado\"}]},{\"@type\":\"WebSite\",\"@id\":\"https:\\\/\\\/www.silentblocks.com\\\/de\\\/#website\",\"url\":\"https:\\\/\\\/www.silentblocks.com\\\/de\\\/\",\"name\":\"SILENTBLOCKS\",\"description\":\"Secure on the road\",\"publisher\":{\"@id\":\"https:\\\/\\\/www.silentblocks.com\\\/de\\\/#organization\"},\"potentialAction\":[{\"@type\":\"SearchAction\",\"target\":{\"@type\":\"EntryPoint\",\"urlTemplate\":\"https:\\\/\\\/www.silentblocks.com\\\/de\\\/?s={search_term_string}\"},\"query-input\":{\"@type\":\"PropertyValueSpecification\",\"valueRequired\":true,\"valueName\":\"search_term_string\"}}],\"inLanguage\":\"de\"},{\"@type\":\"Organization\",\"@id\":\"https:\\\/\\\/www.silentblocks.com\\\/de\\\/#organization\",\"name\":\"SILENTBLOCKS\",\"url\":\"https:\\\/\\\/www.silentblocks.com\\\/de\\\/\",\"logo\":{\"@type\":\"ImageObject\",\"inLanguage\":\"de\",\"@id\":\"https:\\\/\\\/www.silentblocks.com\\\/de\\\/#\\\/schema\\\/logo\\\/image\\\/\",\"url\":\"https:\\\/\\\/www.silentblocks.com\\\/wp-content\\\/uploads\\\/2023\\\/07\\\/logo211-sem-fundo_2012-PARA-BOUTIQUE-EBAY.png\",\"contentUrl\":\"https:\\\/\\\/www.silentblocks.com\\\/wp-content\\\/uploads\\\/2023\\\/07\\\/logo211-sem-fundo_2012-PARA-BOUTIQUE-EBAY.png\",\"width\":300,\"height\":190,\"caption\":\"SILENTBLOCKS\"},\"image\":{\"@id\":\"https:\\\/\\\/www.silentblocks.com\\\/de\\\/#\\\/schema\\\/logo\\\/image\\\/\"}}]}<\/script>\n<!-- \/ Yoast SEO Premium plugin. -->","yoast_head_json":{"title":"Buchsen der vorderen Sto\u00dfd\u00e4mpfer, Hilux, Land Cruiser 90\/Prado - SILENT BLOCKS","description":"Buchsen der vorderen Sto\u00dfd\u00e4mpfer aus Polyurethan f\u00fcr Toyota Hilux, Land Cruiser 90\/Prado KDJ120, kompatibel mit oem 90903-89012, E4-GV2-Z020A04","robots":{"index":"index","follow":"follow","max-snippet":"max-snippet:-1","max-image-preview":"max-image-preview:large","max-video-preview":"max-video-preview:-1"},"canonical":"https:\/\/www.silentblocks.com\/de\/produkt\/buchsen-der-vorderen-stossdaempfer-hilux-land-cruiser-90-prado\/","og_locale":"de_DE","og_type":"article","og_title":"Buchsen der vorderen Sto\u00dfd\u00e4mpfer, Hilux, Land Cruiser 90\/Prado","og_description":"Buchsen der vorderen Sto\u00dfd\u00e4mpfer aus Polyurethan f\u00fcr Toyota Hilux, Land Cruiser 90\/Prado KDJ120, kompatibel mit oem 90903-89012, E4-GV2-Z020A04","og_url":"https:\/\/www.silentblocks.com\/de\/produkt\/buchsen-der-vorderen-stossdaempfer-hilux-land-cruiser-90-prado\/","og_site_name":"SILENT BLOCKS","article_modified_time":"2026-02-17T22:09:19+00:00","og_image":[{"width":800,"height":800,"url":"https:\/\/www.silentblocks.com\/wp-content\/uploads\/2026\/02\/prado-kdj120-silentbloc-amortisseur-avant.jpg","type":"image\/jpeg"}],"twitter_card":"summary_large_image","schema":{"@context":"https:\/\/schema.org","@graph":[{"@type":"WebPage","@id":"https:\/\/www.silentblocks.com\/de\/produkt\/buchsen-der-vorderen-stossdaempfer-hilux-land-cruiser-90-prado\/","url":"https:\/\/www.silentblocks.com\/de\/produkt\/buchsen-der-vorderen-stossdaempfer-hilux-land-cruiser-90-prado\/","name":"Buchsen der vorderen Sto\u00dfd\u00e4mpfer, Hilux, Land Cruiser 90\/Prado - SILENT BLOCKS","isPartOf":{"@id":"https:\/\/www.silentblocks.com\/de\/#website"},"primaryImageOfPage":{"@id":"https:\/\/www.silentblocks.com\/de\/produkt\/buchsen-der-vorderen-stossdaempfer-hilux-land-cruiser-90-prado\/#primaryimage"},"image":{"@id":"https:\/\/www.silentblocks.com\/de\/produkt\/buchsen-der-vorderen-stossdaempfer-hilux-land-cruiser-90-prado\/#primaryimage"},"thumbnailUrl":"https:\/\/www.silentblocks.com\/wp-content\/uploads\/2026\/02\/prado-kdj120-silentbloc-amortisseur-avant.jpg","datePublished":"2025-07-25T15:44:51+00:00","dateModified":"2026-02-17T22:09:19+00:00","description":"Buchsen der vorderen Sto\u00dfd\u00e4mpfer aus Polyurethan f\u00fcr Toyota Hilux, Land Cruiser 90\/Prado KDJ120, kompatibel mit oem 90903-89012, E4-GV2-Z020A04","breadcrumb":{"@id":"https:\/\/www.silentblocks.com\/de\/produkt\/buchsen-der-vorderen-stossdaempfer-hilux-land-cruiser-90-prado\/#breadcrumb"},"inLanguage":"de","potentialAction":[{"@type":"ReadAction","target":["https:\/\/www.silentblocks.com\/de\/produkt\/buchsen-der-vorderen-stossdaempfer-hilux-land-cruiser-90-prado\/"]}]},{"@type":"ImageObject","inLanguage":"de","@id":"https:\/\/www.silentblocks.com\/de\/produkt\/buchsen-der-vorderen-stossdaempfer-hilux-land-cruiser-90-prado\/#primaryimage","url":"https:\/\/www.silentblocks.com\/wp-content\/uploads\/2026\/02\/prado-kdj120-silentbloc-amortisseur-avant.jpg","contentUrl":"https:\/\/www.silentblocks.com\/wp-content\/uploads\/2026\/02\/prado-kdj120-silentbloc-amortisseur-avant.jpg","width":800,"height":800},{"@type":"BreadcrumbList","@id":"https:\/\/www.silentblocks.com\/de\/produkt\/buchsen-der-vorderen-stossdaempfer-hilux-land-cruiser-90-prado\/#breadcrumb","itemListElement":[{"@type":"ListItem","position":1,"name":"In\u00edcio","item":"https:\/\/www.silentblocks.com\/de\/"},{"@type":"ListItem","position":2,"name":"Page boutique","item":"https:\/\/www.silentblocks.com\/shop-2\/"},{"@type":"ListItem","position":3,"name":"Buchsen der vorderen Sto\u00dfd\u00e4mpfer, Hilux, Land Cruiser 90\/Prado"}]},{"@type":"WebSite","@id":"https:\/\/www.silentblocks.com\/de\/#website","url":"https:\/\/www.silentblocks.com\/de\/","name":"SILENTBLOCKS","description":"Secure on the road","publisher":{"@id":"https:\/\/www.silentblocks.com\/de\/#organization"},"potentialAction":[{"@type":"SearchAction","target":{"@type":"EntryPoint","urlTemplate":"https:\/\/www.silentblocks.com\/de\/?s={search_term_string}"},"query-input":{"@type":"PropertyValueSpecification","valueRequired":true,"valueName":"search_term_string"}}],"inLanguage":"de"},{"@type":"Organization","@id":"https:\/\/www.silentblocks.com\/de\/#organization","name":"SILENTBLOCKS","url":"https:\/\/www.silentblocks.com\/de\/","logo":{"@type":"ImageObject","inLanguage":"de","@id":"https:\/\/www.silentblocks.com\/de\/#\/schema\/logo\/image\/","url":"https:\/\/www.silentblocks.com\/wp-content\/uploads\/2023\/07\/logo211-sem-fundo_2012-PARA-BOUTIQUE-EBAY.png","contentUrl":"https:\/\/www.silentblocks.com\/wp-content\/uploads\/2023\/07\/logo211-sem-fundo_2012-PARA-BOUTIQUE-EBAY.png","width":300,"height":190,"caption":"SILENTBLOCKS"},"image":{"@id":"https:\/\/www.silentblocks.com\/de\/#\/schema\/logo\/image\/"}}]}},"_links":{"self":[{"href":"https:\/\/www.silentblocks.com\/de\/wp-json\/wp\/v2\/product\/101405","targetHints":{"allow":["GET"]}}],"collection":[{"href":"https:\/\/www.silentblocks.com\/de\/wp-json\/wp\/v2\/product"}],"about":[{"href":"https:\/\/www.silentblocks.com\/de\/wp-json\/wp\/v2\/types\/product"}],"version-history":[{"count":0,"href":"https:\/\/www.silentblocks.com\/de\/wp-json\/wp\/v2\/product\/101405\/revisions"}],"wp:featuredmedia":[{"embeddable":true,"href":"https:\/\/www.silentblocks.com\/de\/wp-json\/wp\/v2\/media\/101400"}],"wp:attachment":[{"href":"https:\/\/www.silentblocks.com\/de\/wp-json\/wp\/v2\/media?parent=101405"}],"wp:term":[{"taxonomy":"product_brand","embeddable":true,"href":"https:\/\/www.silentblocks.com\/de\/wp-json\/wp\/v2\/product_brand?post=101405"},{"taxonomy":"product_cat","embeddable":true,"href":"https:\/\/www.silentblocks.com\/de\/wp-json\/wp\/v2\/product_cat?post=101405"},{"taxonomy":"product_tag","embeddable":true,"href":"https:\/\/www.silentblocks.com\/de\/wp-json\/wp\/v2\/product_tag?post=101405"}],"curies":[{"name":"wp","href":"https:\/\/api.w.org\/{rel}","templated":true}]}}