{"id":101443,"date":"2025-07-25T18:46:46","date_gmt":"2025-07-25T18:46:46","guid":{"rendered":"https:\/\/www.silentblocks.com\/product\/reparatur-von-motorlagern-ghibli-ii-quattroporte-iv-shamal\/"},"modified":"2026-02-17T22:09:24","modified_gmt":"2026-02-17T22:09:24","slug":"reparatur-von-motorlagern-ghibli-ii-quattroporte-iv-shamal","status":"publish","type":"product","link":"https:\/\/www.silentblocks.com\/de\/produkt\/reparatur-von-motorlagern-ghibli-ii-quattroporte-iv-shamal\/","title":{"rendered":"Reparatur von Motorlagern, Ghibli II, Quattroporte IV, Shamal"},"content":{"rendered":"<p>Reparatur von zwei Motorlagern, Reparatur von zwei Motorlagern mit Polyurethaneinspritzung, kompatibel mit den folgenden Fahrzeugen:<br \/>\nMaserati Ghibli II<br \/>\nMaserati Quattroporte IV (03.1994-05.2001)<br \/>\nMaserati Shamal<\/p>\n<p>H\u00e4rte: 65Sha<\/p>\n<p>Herstellerreferenzen (OEM-Code) zur Orientierung :<br \/>\n394250100<\/p>\n<p>Die oben erw\u00e4hnten kompletten Gummi-Metall-Lager m\u00fcssen an unsere Firmenadresse (siehe Registerkarte Kontakt) zusammen mit der Bestellnummer des Gesch\u00e4fts gesendet werden, die von unserem Online-Verkaufssystem generiert wird. Die M\u00fcnze wird 3 Wochen nach Erhalt an Sie zur\u00fcckgeschickt.<\/p>\n","protected":false},"excerpt":{"rendered":"<p>Reparatur von zwei Motorlagern, Reparatur von zwei Motorlagern mit Polyurethaneinspritzung, kompatibel mit den folgenden Fahrzeugen: Maserati Ghibli II Maserati Quattroporte IV (03.1994-05.2001) Maserati Shamal H\u00e4rte: 65Sha Herstellerreferenzen (OEM-Code) zur Orientierung : 394250100 Die oben erw\u00e4hnten kompletten Gummi-Metall-Lager m\u00fcssen an unsere Firmenadresse (siehe Registerkarte Kontakt) zusammen mit der Bestellnummer des Gesch\u00e4fts gesendet werden, die von unserem [&hellip;]<\/p>\n","protected":false},"featured_media":101429,"template":"","meta":[],"product_brand":[],"product_cat":[3981,5602,5607,5612,5613],"product_tag":[],"class_list":{"0":"post-101443","1":"product","2":"type-product","3":"status-publish","4":"has-post-thumbnail","6":"product_cat-maserati","7":"product_cat-ghibli-ii","8":"product_cat-quattroporte-iv","9":"product_cat-shamal","10":"product_cat-shamal-de","12":"first","13":"instock","14":"shipping-taxable","15":"purchasable","16":"product-type-simple"},"yoast_head":"<!-- This site is optimized with the Yoast SEO Premium plugin v23.0 (Yoast SEO v27.4) - https:\/\/yoast.com\/product\/yoast-seo-premium-wordpress\/ -->\n<title>Reparatur von Motorlagern, Ghibli II, Quattroporte IV, Shamal - SILENT BLOCKS<\/title>\n<meta name=\"description\" content=\"Reparatur von Motorlagerungen f\u00fcr Maserati Ghibli II, Quattroporte IV, Shamal, kompatibel mit oem 394250100\" \/>\n<meta name=\"robots\" content=\"index, follow, max-snippet:-1, max-image-preview:large, max-video-preview:-1\" \/>\n<link rel=\"canonical\" href=\"https:\/\/www.silentblocks.com\/de\/produkt\/reparatur-von-motorlagern-ghibli-ii-quattroporte-iv-shamal\/\" \/>\n<meta property=\"og:locale\" content=\"de_DE\" \/>\n<meta property=\"og:type\" content=\"article\" \/>\n<meta property=\"og:title\" content=\"Reparatur von Motorlagern, Ghibli II, Quattroporte IV, Shamal\" \/>\n<meta property=\"og:description\" content=\"Reparatur von Motorlagerungen f\u00fcr Maserati Ghibli II, Quattroporte IV, Shamal, kompatibel mit oem 394250100\" \/>\n<meta property=\"og:url\" content=\"https:\/\/www.silentblocks.com\/de\/produkt\/reparatur-von-motorlagern-ghibli-ii-quattroporte-iv-shamal\/\" \/>\n<meta property=\"og:site_name\" content=\"SILENT BLOCKS\" \/>\n<meta property=\"article:modified_time\" content=\"2026-02-17T22:09:24+00:00\" \/>\n<meta property=\"og:image\" content=\"https:\/\/www.silentblocks.com\/wp-content\/uploads\/2026\/02\/support-moteur-ghibli-quattroporte-394250100.jpg\" \/>\n\t<meta property=\"og:image:width\" content=\"1000\" \/>\n\t<meta property=\"og:image:height\" content=\"1000\" \/>\n\t<meta property=\"og:image:type\" content=\"image\/jpeg\" \/>\n<meta name=\"twitter:card\" content=\"summary_large_image\" \/>\n<script type=\"application\/ld+json\" class=\"yoast-schema-graph\">{\"@context\":\"https:\\\/\\\/schema.org\",\"@graph\":[{\"@type\":\"WebPage\",\"@id\":\"https:\\\/\\\/www.silentblocks.com\\\/de\\\/produkt\\\/reparatur-von-motorlagern-ghibli-ii-quattroporte-iv-shamal\\\/\",\"url\":\"https:\\\/\\\/www.silentblocks.com\\\/de\\\/produkt\\\/reparatur-von-motorlagern-ghibli-ii-quattroporte-iv-shamal\\\/\",\"name\":\"Reparatur von Motorlagern, Ghibli II, Quattroporte IV, Shamal - SILENT BLOCKS\",\"isPartOf\":{\"@id\":\"https:\\\/\\\/www.silentblocks.com\\\/de\\\/#website\"},\"primaryImageOfPage\":{\"@id\":\"https:\\\/\\\/www.silentblocks.com\\\/de\\\/produkt\\\/reparatur-von-motorlagern-ghibli-ii-quattroporte-iv-shamal\\\/#primaryimage\"},\"image\":{\"@id\":\"https:\\\/\\\/www.silentblocks.com\\\/de\\\/produkt\\\/reparatur-von-motorlagern-ghibli-ii-quattroporte-iv-shamal\\\/#primaryimage\"},\"thumbnailUrl\":\"https:\\\/\\\/www.silentblocks.com\\\/wp-content\\\/uploads\\\/2026\\\/02\\\/support-moteur-ghibli-quattroporte-394250100.jpg\",\"datePublished\":\"2025-07-25T18:46:46+00:00\",\"dateModified\":\"2026-02-17T22:09:24+00:00\",\"description\":\"Reparatur von Motorlagerungen f\u00fcr Maserati Ghibli II, Quattroporte IV, Shamal, kompatibel mit oem 394250100\",\"breadcrumb\":{\"@id\":\"https:\\\/\\\/www.silentblocks.com\\\/de\\\/produkt\\\/reparatur-von-motorlagern-ghibli-ii-quattroporte-iv-shamal\\\/#breadcrumb\"},\"inLanguage\":\"de\",\"potentialAction\":[{\"@type\":\"ReadAction\",\"target\":[\"https:\\\/\\\/www.silentblocks.com\\\/de\\\/produkt\\\/reparatur-von-motorlagern-ghibli-ii-quattroporte-iv-shamal\\\/\"]}]},{\"@type\":\"ImageObject\",\"inLanguage\":\"de\",\"@id\":\"https:\\\/\\\/www.silentblocks.com\\\/de\\\/produkt\\\/reparatur-von-motorlagern-ghibli-ii-quattroporte-iv-shamal\\\/#primaryimage\",\"url\":\"https:\\\/\\\/www.silentblocks.com\\\/wp-content\\\/uploads\\\/2026\\\/02\\\/support-moteur-ghibli-quattroporte-394250100.jpg\",\"contentUrl\":\"https:\\\/\\\/www.silentblocks.com\\\/wp-content\\\/uploads\\\/2026\\\/02\\\/support-moteur-ghibli-quattroporte-394250100.jpg\",\"width\":1000,\"height\":1000},{\"@type\":\"BreadcrumbList\",\"@id\":\"https:\\\/\\\/www.silentblocks.com\\\/de\\\/produkt\\\/reparatur-von-motorlagern-ghibli-ii-quattroporte-iv-shamal\\\/#breadcrumb\",\"itemListElement\":[{\"@type\":\"ListItem\",\"position\":1,\"name\":\"In\u00edcio\",\"item\":\"https:\\\/\\\/www.silentblocks.com\\\/de\\\/\"},{\"@type\":\"ListItem\",\"position\":2,\"name\":\"Page boutique\",\"item\":\"https:\\\/\\\/www.silentblocks.com\\\/shop-2\\\/\"},{\"@type\":\"ListItem\",\"position\":3,\"name\":\"Reparatur von Motorlagern, Ghibli II, Quattroporte IV, Shamal\"}]},{\"@type\":\"WebSite\",\"@id\":\"https:\\\/\\\/www.silentblocks.com\\\/de\\\/#website\",\"url\":\"https:\\\/\\\/www.silentblocks.com\\\/de\\\/\",\"name\":\"SILENTBLOCKS\",\"description\":\"Secure on the road\",\"publisher\":{\"@id\":\"https:\\\/\\\/www.silentblocks.com\\\/de\\\/#organization\"},\"potentialAction\":[{\"@type\":\"SearchAction\",\"target\":{\"@type\":\"EntryPoint\",\"urlTemplate\":\"https:\\\/\\\/www.silentblocks.com\\\/de\\\/?s={search_term_string}\"},\"query-input\":{\"@type\":\"PropertyValueSpecification\",\"valueRequired\":true,\"valueName\":\"search_term_string\"}}],\"inLanguage\":\"de\"},{\"@type\":\"Organization\",\"@id\":\"https:\\\/\\\/www.silentblocks.com\\\/de\\\/#organization\",\"name\":\"SILENTBLOCKS\",\"url\":\"https:\\\/\\\/www.silentblocks.com\\\/de\\\/\",\"logo\":{\"@type\":\"ImageObject\",\"inLanguage\":\"de\",\"@id\":\"https:\\\/\\\/www.silentblocks.com\\\/de\\\/#\\\/schema\\\/logo\\\/image\\\/\",\"url\":\"https:\\\/\\\/www.silentblocks.com\\\/wp-content\\\/uploads\\\/2023\\\/07\\\/logo211-sem-fundo_2012-PARA-BOUTIQUE-EBAY.png\",\"contentUrl\":\"https:\\\/\\\/www.silentblocks.com\\\/wp-content\\\/uploads\\\/2023\\\/07\\\/logo211-sem-fundo_2012-PARA-BOUTIQUE-EBAY.png\",\"width\":300,\"height\":190,\"caption\":\"SILENTBLOCKS\"},\"image\":{\"@id\":\"https:\\\/\\\/www.silentblocks.com\\\/de\\\/#\\\/schema\\\/logo\\\/image\\\/\"}}]}<\/script>\n<!-- \/ Yoast SEO Premium plugin. -->","yoast_head_json":{"title":"Reparatur von Motorlagern, Ghibli II, Quattroporte IV, Shamal - SILENT BLOCKS","description":"Reparatur von Motorlagerungen f\u00fcr Maserati Ghibli II, Quattroporte IV, Shamal, kompatibel mit oem 394250100","robots":{"index":"index","follow":"follow","max-snippet":"max-snippet:-1","max-image-preview":"max-image-preview:large","max-video-preview":"max-video-preview:-1"},"canonical":"https:\/\/www.silentblocks.com\/de\/produkt\/reparatur-von-motorlagern-ghibli-ii-quattroporte-iv-shamal\/","og_locale":"de_DE","og_type":"article","og_title":"Reparatur von Motorlagern, Ghibli II, Quattroporte IV, Shamal","og_description":"Reparatur von Motorlagerungen f\u00fcr Maserati Ghibli II, Quattroporte IV, Shamal, kompatibel mit oem 394250100","og_url":"https:\/\/www.silentblocks.com\/de\/produkt\/reparatur-von-motorlagern-ghibli-ii-quattroporte-iv-shamal\/","og_site_name":"SILENT BLOCKS","article_modified_time":"2026-02-17T22:09:24+00:00","og_image":[{"width":1000,"height":1000,"url":"https:\/\/www.silentblocks.com\/wp-content\/uploads\/2026\/02\/support-moteur-ghibli-quattroporte-394250100.jpg","type":"image\/jpeg"}],"twitter_card":"summary_large_image","schema":{"@context":"https:\/\/schema.org","@graph":[{"@type":"WebPage","@id":"https:\/\/www.silentblocks.com\/de\/produkt\/reparatur-von-motorlagern-ghibli-ii-quattroporte-iv-shamal\/","url":"https:\/\/www.silentblocks.com\/de\/produkt\/reparatur-von-motorlagern-ghibli-ii-quattroporte-iv-shamal\/","name":"Reparatur von Motorlagern, Ghibli II, Quattroporte IV, Shamal - SILENT BLOCKS","isPartOf":{"@id":"https:\/\/www.silentblocks.com\/de\/#website"},"primaryImageOfPage":{"@id":"https:\/\/www.silentblocks.com\/de\/produkt\/reparatur-von-motorlagern-ghibli-ii-quattroporte-iv-shamal\/#primaryimage"},"image":{"@id":"https:\/\/www.silentblocks.com\/de\/produkt\/reparatur-von-motorlagern-ghibli-ii-quattroporte-iv-shamal\/#primaryimage"},"thumbnailUrl":"https:\/\/www.silentblocks.com\/wp-content\/uploads\/2026\/02\/support-moteur-ghibli-quattroporte-394250100.jpg","datePublished":"2025-07-25T18:46:46+00:00","dateModified":"2026-02-17T22:09:24+00:00","description":"Reparatur von Motorlagerungen f\u00fcr Maserati Ghibli II, Quattroporte IV, Shamal, kompatibel mit oem 394250100","breadcrumb":{"@id":"https:\/\/www.silentblocks.com\/de\/produkt\/reparatur-von-motorlagern-ghibli-ii-quattroporte-iv-shamal\/#breadcrumb"},"inLanguage":"de","potentialAction":[{"@type":"ReadAction","target":["https:\/\/www.silentblocks.com\/de\/produkt\/reparatur-von-motorlagern-ghibli-ii-quattroporte-iv-shamal\/"]}]},{"@type":"ImageObject","inLanguage":"de","@id":"https:\/\/www.silentblocks.com\/de\/produkt\/reparatur-von-motorlagern-ghibli-ii-quattroporte-iv-shamal\/#primaryimage","url":"https:\/\/www.silentblocks.com\/wp-content\/uploads\/2026\/02\/support-moteur-ghibli-quattroporte-394250100.jpg","contentUrl":"https:\/\/www.silentblocks.com\/wp-content\/uploads\/2026\/02\/support-moteur-ghibli-quattroporte-394250100.jpg","width":1000,"height":1000},{"@type":"BreadcrumbList","@id":"https:\/\/www.silentblocks.com\/de\/produkt\/reparatur-von-motorlagern-ghibli-ii-quattroporte-iv-shamal\/#breadcrumb","itemListElement":[{"@type":"ListItem","position":1,"name":"In\u00edcio","item":"https:\/\/www.silentblocks.com\/de\/"},{"@type":"ListItem","position":2,"name":"Page boutique","item":"https:\/\/www.silentblocks.com\/shop-2\/"},{"@type":"ListItem","position":3,"name":"Reparatur von Motorlagern, Ghibli II, Quattroporte IV, Shamal"}]},{"@type":"WebSite","@id":"https:\/\/www.silentblocks.com\/de\/#website","url":"https:\/\/www.silentblocks.com\/de\/","name":"SILENTBLOCKS","description":"Secure on the road","publisher":{"@id":"https:\/\/www.silentblocks.com\/de\/#organization"},"potentialAction":[{"@type":"SearchAction","target":{"@type":"EntryPoint","urlTemplate":"https:\/\/www.silentblocks.com\/de\/?s={search_term_string}"},"query-input":{"@type":"PropertyValueSpecification","valueRequired":true,"valueName":"search_term_string"}}],"inLanguage":"de"},{"@type":"Organization","@id":"https:\/\/www.silentblocks.com\/de\/#organization","name":"SILENTBLOCKS","url":"https:\/\/www.silentblocks.com\/de\/","logo":{"@type":"ImageObject","inLanguage":"de","@id":"https:\/\/www.silentblocks.com\/de\/#\/schema\/logo\/image\/","url":"https:\/\/www.silentblocks.com\/wp-content\/uploads\/2023\/07\/logo211-sem-fundo_2012-PARA-BOUTIQUE-EBAY.png","contentUrl":"https:\/\/www.silentblocks.com\/wp-content\/uploads\/2023\/07\/logo211-sem-fundo_2012-PARA-BOUTIQUE-EBAY.png","width":300,"height":190,"caption":"SILENTBLOCKS"},"image":{"@id":"https:\/\/www.silentblocks.com\/de\/#\/schema\/logo\/image\/"}}]}},"_links":{"self":[{"href":"https:\/\/www.silentblocks.com\/de\/wp-json\/wp\/v2\/product\/101443","targetHints":{"allow":["GET"]}}],"collection":[{"href":"https:\/\/www.silentblocks.com\/de\/wp-json\/wp\/v2\/product"}],"about":[{"href":"https:\/\/www.silentblocks.com\/de\/wp-json\/wp\/v2\/types\/product"}],"version-history":[{"count":0,"href":"https:\/\/www.silentblocks.com\/de\/wp-json\/wp\/v2\/product\/101443\/revisions"}],"wp:featuredmedia":[{"embeddable":true,"href":"https:\/\/www.silentblocks.com\/de\/wp-json\/wp\/v2\/media\/101429"}],"wp:attachment":[{"href":"https:\/\/www.silentblocks.com\/de\/wp-json\/wp\/v2\/media?parent=101443"}],"wp:term":[{"taxonomy":"product_brand","embeddable":true,"href":"https:\/\/www.silentblocks.com\/de\/wp-json\/wp\/v2\/product_brand?post=101443"},{"taxonomy":"product_cat","embeddable":true,"href":"https:\/\/www.silentblocks.com\/de\/wp-json\/wp\/v2\/product_cat?post=101443"},{"taxonomy":"product_tag","embeddable":true,"href":"https:\/\/www.silentblocks.com\/de\/wp-json\/wp\/v2\/product_tag?post=101443"}],"curies":[{"name":"wp","href":"https:\/\/api.w.org\/{rel}","templated":true}]}}