{"id":103831,"date":"2025-08-21T14:17:18","date_gmt":"2025-08-21T14:17:18","guid":{"rendered":"https:\/\/www.silentblocks.com\/product\/hinterachskoerperbuchsen-audi-seat-skoda-vw\/"},"modified":"2026-02-17T22:15:10","modified_gmt":"2026-02-17T22:15:10","slug":"hinterachskoerperbuchsen-audi-seat-skoda-vw","status":"publish","type":"product","link":"https:\/\/www.silentblocks.com\/de\/produkt\/hinterachskoerperbuchsen-audi-seat-skoda-vw\/","title":{"rendered":"Hinterachsk\u00f6rperbuchsen, Audi, Seat, Skoda, VW"},"content":{"rendered":"<p>Buchsen f\u00fcr Hinterachsk\u00f6rper, passend f\u00fcr die folgenden Fahrzeuge:<br \/>\nAudi A1 II (18-) GB<br \/>\nAudi A3 III (13-21) 8V FWD<br \/>\nAudi A3 IV (20-) 8Y FWD<br \/>\nAudi Q2 (16-23) FWD<br \/>\nSeat Arona KJ7 (17-)<br \/>\nSeat Ateca KH (16-) FWD<br \/>\nSeat Ibiza V (17-) KJ1<br \/>\nSeat Leon III (12-20) 5F FWD<br \/>\nSeat Leon IV (20-) KL FWD<br \/>\nSkoda Kamiq NW4 (19-)<br \/>\nSkoda Karoq NU (17-) FWD<br \/>\nSkoda Octavia III (12-19) 5E FWD<br \/>\nSkoda Octavia IV (19-) NX FWD<br \/>\nSkoda Scala NW1 (19-)<br \/>\nVolkswagen Golf VII (12-20) 5G FWD<br \/>\nVolkswagen Golf VIII (19-) CD FWD<br \/>\nVolkswagen Polo VI (17-) AW1<br \/>\nVolkswagen T-Cross C11 (18-)<br \/>\nVolkswagen T-Roc A11\/AC7 (17-) FWD<br \/>\nVolkswagen Taigo CS1 (21-)<\/p>\n<p>Herstellerreferenzen (OEM-Code) zur Orientierung :<br \/>\n5Q0 501 541 B, 5Q0 501 541 C, 5Q0 501 541 F, 5Q0 501 541 B, 5Q0 501 541 C, 5Q0 501 541 F, 5Q0 501 541 B, 5Q0 501 541 C, 5Q0 501 541 F, 5Q0 501 541 B, 5Q0 501 541 C, 5Q0 501 541 F<\/p>\n<p>Neue Teile, die mit Rechnung verkauft werden. Alle unsere Produkte haben eine Garantie von 2 Jahren.<\/p>\n<p>&nbsp;<\/p>\n","protected":false},"excerpt":{"rendered":"<p>Buchsen f\u00fcr Hinterachsk\u00f6rper, passend f\u00fcr die folgenden Fahrzeuge: Audi A1 II (18-) GB Audi A3 III (13-21) 8V FWD Audi A3 IV (20-) 8Y FWD Audi Q2 (16-23) FWD Seat Arona KJ7 (17-) Seat Ateca KH (16-) FWD Seat Ibiza V (17-) KJ1 Seat Leon III (12-20) 5F FWD Seat Leon IV (20-) KL FWD [&hellip;]<\/p>\n","protected":false},"featured_media":103826,"template":"","meta":[],"product_brand":[],"product_cat":[949,5814,5749,5819,5754,934,5824,5759,5829,5764,5834,967,5839,5784,5769,5844,964,5794,5799,5849,5854,5859,5862],"product_tag":[],"class_list":{"0":"post-103831","1":"product","2":"type-product","3":"status-publish","4":"has-post-thumbnail","6":"product_cat-audi","7":"product_cat-audi-a1-ii-2018","8":"product_cat-a3-8v-2012-2021","9":"product_cat-a3-8y-2020","10":"product_cat-q2-2016","11":"product_cat-seat","12":"product_cat-arona-kj7-2017","13":"product_cat-ateca-2016","14":"product_cat-ibiza-mk5-2017","15":"product_cat-leon-iii-5f-2012-2020","16":"product_cat-leon-iv-kl-2020","17":"product_cat-skoda","18":"product_cat-skoda-kamiq-2019","19":"product_cat-karoq-2017","20":"product_cat-octavia-iii-5e-2012-2019","21":"product_cat-octavia-iv-nx-2019","22":"product_cat-vw","23":"product_cat-golf-vii","24":"product_cat-golf-viii","25":"product_cat-polo-vi-2017","26":"product_cat-t-cross-c11-2018","27":"product_cat-t-roc-2017","28":"product_cat-t-roc-2017-de","30":"first","31":"instock","32":"shipping-taxable","33":"purchasable","34":"product-type-simple"},"yoast_head":"<!-- This site is optimized with the Yoast SEO Premium plugin v23.0 (Yoast SEO v27.4) - https:\/\/yoast.com\/product\/yoast-seo-premium-wordpress\/ -->\n<title>Hinterachsk\u00f6rperbuchsen, Audi, Seat, Skoda, VW - SILENT BLOCKS<\/title>\n<meta name=\"description\" content=\"Hinterachsk\u00f6rperbuchsen, Audi, Seat, Skoda, VW, kompatibel mit OEM 5Q0 501 541 B, 5Q0 501 541 C, 5Q0 501 541 F, 5Q0 501 541 B, 5Q0 501 541 C\" \/>\n<meta name=\"robots\" content=\"index, follow, max-snippet:-1, max-image-preview:large, max-video-preview:-1\" \/>\n<link rel=\"canonical\" href=\"https:\/\/www.silentblocks.com\/de\/produkt\/hinterachskoerperbuchsen-audi-seat-skoda-vw\/\" \/>\n<meta property=\"og:locale\" content=\"de_DE\" \/>\n<meta property=\"og:type\" content=\"article\" \/>\n<meta property=\"og:title\" content=\"Hinterachsk\u00f6rperbuchsen, Audi, Seat, Skoda, VW\" \/>\n<meta property=\"og:description\" content=\"Hinterachsk\u00f6rperbuchsen, Audi, Seat, Skoda, VW, kompatibel mit OEM 5Q0 501 541 B, 5Q0 501 541 C, 5Q0 501 541 F, 5Q0 501 541 B, 5Q0 501 541 C\" \/>\n<meta property=\"og:url\" content=\"https:\/\/www.silentblocks.com\/de\/produkt\/hinterachskoerperbuchsen-audi-seat-skoda-vw\/\" \/>\n<meta property=\"og:site_name\" content=\"SILENT BLOCKS\" \/>\n<meta property=\"article:modified_time\" content=\"2026-02-17T22:15:10+00:00\" \/>\n<meta property=\"og:image\" content=\"https:\/\/www.silentblocks.com\/wp-content\/uploads\/2026\/02\/silentblocs-corp-essieu-arriere-Audi-8V-5Q0-501-541-B.jpg\" \/>\n\t<meta property=\"og:image:width\" content=\"1000\" \/>\n\t<meta property=\"og:image:height\" content=\"1000\" \/>\n\t<meta property=\"og:image:type\" content=\"image\/jpeg\" \/>\n<meta name=\"twitter:card\" content=\"summary_large_image\" \/>\n<meta name=\"twitter:label1\" content=\"Gesch\u00e4tzte Lesezeit\" \/>\n\t<meta name=\"twitter:data1\" content=\"1\u00a0Minute\" \/>\n<script type=\"application\/ld+json\" class=\"yoast-schema-graph\">{\"@context\":\"https:\\\/\\\/schema.org\",\"@graph\":[{\"@type\":\"WebPage\",\"@id\":\"https:\\\/\\\/www.silentblocks.com\\\/de\\\/produkt\\\/hinterachskoerperbuchsen-audi-seat-skoda-vw\\\/\",\"url\":\"https:\\\/\\\/www.silentblocks.com\\\/de\\\/produkt\\\/hinterachskoerperbuchsen-audi-seat-skoda-vw\\\/\",\"name\":\"Hinterachsk\u00f6rperbuchsen, Audi, Seat, Skoda, VW - SILENT BLOCKS\",\"isPartOf\":{\"@id\":\"https:\\\/\\\/www.silentblocks.com\\\/de\\\/#website\"},\"primaryImageOfPage\":{\"@id\":\"https:\\\/\\\/www.silentblocks.com\\\/de\\\/produkt\\\/hinterachskoerperbuchsen-audi-seat-skoda-vw\\\/#primaryimage\"},\"image\":{\"@id\":\"https:\\\/\\\/www.silentblocks.com\\\/de\\\/produkt\\\/hinterachskoerperbuchsen-audi-seat-skoda-vw\\\/#primaryimage\"},\"thumbnailUrl\":\"https:\\\/\\\/www.silentblocks.com\\\/wp-content\\\/uploads\\\/2026\\\/02\\\/silentblocs-corp-essieu-arriere-Audi-8V-5Q0-501-541-B.jpg\",\"datePublished\":\"2025-08-21T14:17:18+00:00\",\"dateModified\":\"2026-02-17T22:15:10+00:00\",\"description\":\"Hinterachsk\u00f6rperbuchsen, Audi, Seat, Skoda, VW, kompatibel mit OEM 5Q0 501 541 B, 5Q0 501 541 C, 5Q0 501 541 F, 5Q0 501 541 B, 5Q0 501 541 C\",\"breadcrumb\":{\"@id\":\"https:\\\/\\\/www.silentblocks.com\\\/de\\\/produkt\\\/hinterachskoerperbuchsen-audi-seat-skoda-vw\\\/#breadcrumb\"},\"inLanguage\":\"de\",\"potentialAction\":[{\"@type\":\"ReadAction\",\"target\":[\"https:\\\/\\\/www.silentblocks.com\\\/de\\\/produkt\\\/hinterachskoerperbuchsen-audi-seat-skoda-vw\\\/\"]}]},{\"@type\":\"ImageObject\",\"inLanguage\":\"de\",\"@id\":\"https:\\\/\\\/www.silentblocks.com\\\/de\\\/produkt\\\/hinterachskoerperbuchsen-audi-seat-skoda-vw\\\/#primaryimage\",\"url\":\"https:\\\/\\\/www.silentblocks.com\\\/wp-content\\\/uploads\\\/2026\\\/02\\\/silentblocs-corp-essieu-arriere-Audi-8V-5Q0-501-541-B.jpg\",\"contentUrl\":\"https:\\\/\\\/www.silentblocks.com\\\/wp-content\\\/uploads\\\/2026\\\/02\\\/silentblocs-corp-essieu-arriere-Audi-8V-5Q0-501-541-B.jpg\",\"width\":1000,\"height\":1000},{\"@type\":\"BreadcrumbList\",\"@id\":\"https:\\\/\\\/www.silentblocks.com\\\/de\\\/produkt\\\/hinterachskoerperbuchsen-audi-seat-skoda-vw\\\/#breadcrumb\",\"itemListElement\":[{\"@type\":\"ListItem\",\"position\":1,\"name\":\"In\u00edcio\",\"item\":\"https:\\\/\\\/www.silentblocks.com\\\/de\\\/\"},{\"@type\":\"ListItem\",\"position\":2,\"name\":\"Page boutique\",\"item\":\"https:\\\/\\\/www.silentblocks.com\\\/shop-2\\\/\"},{\"@type\":\"ListItem\",\"position\":3,\"name\":\"Hinterachsk\u00f6rperbuchsen, Audi, Seat, Skoda, VW\"}]},{\"@type\":\"WebSite\",\"@id\":\"https:\\\/\\\/www.silentblocks.com\\\/de\\\/#website\",\"url\":\"https:\\\/\\\/www.silentblocks.com\\\/de\\\/\",\"name\":\"SILENTBLOCKS\",\"description\":\"Secure on the road\",\"publisher\":{\"@id\":\"https:\\\/\\\/www.silentblocks.com\\\/de\\\/#organization\"},\"potentialAction\":[{\"@type\":\"SearchAction\",\"target\":{\"@type\":\"EntryPoint\",\"urlTemplate\":\"https:\\\/\\\/www.silentblocks.com\\\/de\\\/?s={search_term_string}\"},\"query-input\":{\"@type\":\"PropertyValueSpecification\",\"valueRequired\":true,\"valueName\":\"search_term_string\"}}],\"inLanguage\":\"de\"},{\"@type\":\"Organization\",\"@id\":\"https:\\\/\\\/www.silentblocks.com\\\/de\\\/#organization\",\"name\":\"SILENTBLOCKS\",\"url\":\"https:\\\/\\\/www.silentblocks.com\\\/de\\\/\",\"logo\":{\"@type\":\"ImageObject\",\"inLanguage\":\"de\",\"@id\":\"https:\\\/\\\/www.silentblocks.com\\\/de\\\/#\\\/schema\\\/logo\\\/image\\\/\",\"url\":\"https:\\\/\\\/www.silentblocks.com\\\/wp-content\\\/uploads\\\/2023\\\/07\\\/logo211-sem-fundo_2012-PARA-BOUTIQUE-EBAY.png\",\"contentUrl\":\"https:\\\/\\\/www.silentblocks.com\\\/wp-content\\\/uploads\\\/2023\\\/07\\\/logo211-sem-fundo_2012-PARA-BOUTIQUE-EBAY.png\",\"width\":300,\"height\":190,\"caption\":\"SILENTBLOCKS\"},\"image\":{\"@id\":\"https:\\\/\\\/www.silentblocks.com\\\/de\\\/#\\\/schema\\\/logo\\\/image\\\/\"}}]}<\/script>\n<!-- \/ Yoast SEO Premium plugin. -->","yoast_head_json":{"title":"Hinterachsk\u00f6rperbuchsen, Audi, Seat, Skoda, VW - SILENT BLOCKS","description":"Hinterachsk\u00f6rperbuchsen, Audi, Seat, Skoda, VW, kompatibel mit OEM 5Q0 501 541 B, 5Q0 501 541 C, 5Q0 501 541 F, 5Q0 501 541 B, 5Q0 501 541 C","robots":{"index":"index","follow":"follow","max-snippet":"max-snippet:-1","max-image-preview":"max-image-preview:large","max-video-preview":"max-video-preview:-1"},"canonical":"https:\/\/www.silentblocks.com\/de\/produkt\/hinterachskoerperbuchsen-audi-seat-skoda-vw\/","og_locale":"de_DE","og_type":"article","og_title":"Hinterachsk\u00f6rperbuchsen, Audi, Seat, Skoda, VW","og_description":"Hinterachsk\u00f6rperbuchsen, Audi, Seat, Skoda, VW, kompatibel mit OEM 5Q0 501 541 B, 5Q0 501 541 C, 5Q0 501 541 F, 5Q0 501 541 B, 5Q0 501 541 C","og_url":"https:\/\/www.silentblocks.com\/de\/produkt\/hinterachskoerperbuchsen-audi-seat-skoda-vw\/","og_site_name":"SILENT BLOCKS","article_modified_time":"2026-02-17T22:15:10+00:00","og_image":[{"width":1000,"height":1000,"url":"https:\/\/www.silentblocks.com\/wp-content\/uploads\/2026\/02\/silentblocs-corp-essieu-arriere-Audi-8V-5Q0-501-541-B.jpg","type":"image\/jpeg"}],"twitter_card":"summary_large_image","twitter_misc":{"Gesch\u00e4tzte Lesezeit":"1\u00a0Minute"},"schema":{"@context":"https:\/\/schema.org","@graph":[{"@type":"WebPage","@id":"https:\/\/www.silentblocks.com\/de\/produkt\/hinterachskoerperbuchsen-audi-seat-skoda-vw\/","url":"https:\/\/www.silentblocks.com\/de\/produkt\/hinterachskoerperbuchsen-audi-seat-skoda-vw\/","name":"Hinterachsk\u00f6rperbuchsen, Audi, Seat, Skoda, VW - SILENT BLOCKS","isPartOf":{"@id":"https:\/\/www.silentblocks.com\/de\/#website"},"primaryImageOfPage":{"@id":"https:\/\/www.silentblocks.com\/de\/produkt\/hinterachskoerperbuchsen-audi-seat-skoda-vw\/#primaryimage"},"image":{"@id":"https:\/\/www.silentblocks.com\/de\/produkt\/hinterachskoerperbuchsen-audi-seat-skoda-vw\/#primaryimage"},"thumbnailUrl":"https:\/\/www.silentblocks.com\/wp-content\/uploads\/2026\/02\/silentblocs-corp-essieu-arriere-Audi-8V-5Q0-501-541-B.jpg","datePublished":"2025-08-21T14:17:18+00:00","dateModified":"2026-02-17T22:15:10+00:00","description":"Hinterachsk\u00f6rperbuchsen, Audi, Seat, Skoda, VW, kompatibel mit OEM 5Q0 501 541 B, 5Q0 501 541 C, 5Q0 501 541 F, 5Q0 501 541 B, 5Q0 501 541 C","breadcrumb":{"@id":"https:\/\/www.silentblocks.com\/de\/produkt\/hinterachskoerperbuchsen-audi-seat-skoda-vw\/#breadcrumb"},"inLanguage":"de","potentialAction":[{"@type":"ReadAction","target":["https:\/\/www.silentblocks.com\/de\/produkt\/hinterachskoerperbuchsen-audi-seat-skoda-vw\/"]}]},{"@type":"ImageObject","inLanguage":"de","@id":"https:\/\/www.silentblocks.com\/de\/produkt\/hinterachskoerperbuchsen-audi-seat-skoda-vw\/#primaryimage","url":"https:\/\/www.silentblocks.com\/wp-content\/uploads\/2026\/02\/silentblocs-corp-essieu-arriere-Audi-8V-5Q0-501-541-B.jpg","contentUrl":"https:\/\/www.silentblocks.com\/wp-content\/uploads\/2026\/02\/silentblocs-corp-essieu-arriere-Audi-8V-5Q0-501-541-B.jpg","width":1000,"height":1000},{"@type":"BreadcrumbList","@id":"https:\/\/www.silentblocks.com\/de\/produkt\/hinterachskoerperbuchsen-audi-seat-skoda-vw\/#breadcrumb","itemListElement":[{"@type":"ListItem","position":1,"name":"In\u00edcio","item":"https:\/\/www.silentblocks.com\/de\/"},{"@type":"ListItem","position":2,"name":"Page boutique","item":"https:\/\/www.silentblocks.com\/shop-2\/"},{"@type":"ListItem","position":3,"name":"Hinterachsk\u00f6rperbuchsen, Audi, Seat, Skoda, VW"}]},{"@type":"WebSite","@id":"https:\/\/www.silentblocks.com\/de\/#website","url":"https:\/\/www.silentblocks.com\/de\/","name":"SILENTBLOCKS","description":"Secure on the road","publisher":{"@id":"https:\/\/www.silentblocks.com\/de\/#organization"},"potentialAction":[{"@type":"SearchAction","target":{"@type":"EntryPoint","urlTemplate":"https:\/\/www.silentblocks.com\/de\/?s={search_term_string}"},"query-input":{"@type":"PropertyValueSpecification","valueRequired":true,"valueName":"search_term_string"}}],"inLanguage":"de"},{"@type":"Organization","@id":"https:\/\/www.silentblocks.com\/de\/#organization","name":"SILENTBLOCKS","url":"https:\/\/www.silentblocks.com\/de\/","logo":{"@type":"ImageObject","inLanguage":"de","@id":"https:\/\/www.silentblocks.com\/de\/#\/schema\/logo\/image\/","url":"https:\/\/www.silentblocks.com\/wp-content\/uploads\/2023\/07\/logo211-sem-fundo_2012-PARA-BOUTIQUE-EBAY.png","contentUrl":"https:\/\/www.silentblocks.com\/wp-content\/uploads\/2023\/07\/logo211-sem-fundo_2012-PARA-BOUTIQUE-EBAY.png","width":300,"height":190,"caption":"SILENTBLOCKS"},"image":{"@id":"https:\/\/www.silentblocks.com\/de\/#\/schema\/logo\/image\/"}}]}},"_links":{"self":[{"href":"https:\/\/www.silentblocks.com\/de\/wp-json\/wp\/v2\/product\/103831","targetHints":{"allow":["GET"]}}],"collection":[{"href":"https:\/\/www.silentblocks.com\/de\/wp-json\/wp\/v2\/product"}],"about":[{"href":"https:\/\/www.silentblocks.com\/de\/wp-json\/wp\/v2\/types\/product"}],"version-history":[{"count":0,"href":"https:\/\/www.silentblocks.com\/de\/wp-json\/wp\/v2\/product\/103831\/revisions"}],"wp:featuredmedia":[{"embeddable":true,"href":"https:\/\/www.silentblocks.com\/de\/wp-json\/wp\/v2\/media\/103826"}],"wp:attachment":[{"href":"https:\/\/www.silentblocks.com\/de\/wp-json\/wp\/v2\/media?parent=103831"}],"wp:term":[{"taxonomy":"product_brand","embeddable":true,"href":"https:\/\/www.silentblocks.com\/de\/wp-json\/wp\/v2\/product_brand?post=103831"},{"taxonomy":"product_cat","embeddable":true,"href":"https:\/\/www.silentblocks.com\/de\/wp-json\/wp\/v2\/product_cat?post=103831"},{"taxonomy":"product_tag","embeddable":true,"href":"https:\/\/www.silentblocks.com\/de\/wp-json\/wp\/v2\/product_tag?post=103831"}],"curies":[{"name":"wp","href":"https:\/\/api.w.org\/{rel}","templated":true}]}}