{"id":104771,"date":"2025-09-05T13:03:50","date_gmt":"2025-09-05T13:03:50","guid":{"rendered":"https:\/\/www.silentblocks.com\/product\/polyurethan-buchsensatz-fuer-vorder-und-hinterradaufhaengung-pajero-iii\/"},"modified":"2026-02-17T22:17:42","modified_gmt":"2026-02-17T22:17:42","slug":"polyurethan-buchsensatz-fuer-vorder-und-hinterradaufhaengung-pajero-iii","status":"publish","type":"product","link":"https:\/\/www.silentblocks.com\/de\/produkt\/polyurethan-buchsensatz-fuer-vorder-und-hinterradaufhaengung-pajero-iii\/","title":{"rendered":"Polyurethan-Buchsensatz f\u00fcr Vorder- und Hinterradaufh\u00e4ngung, Pajero III"},"content":{"rendered":"<p>Satz mit 22 Polyurethan-Buchsen f\u00fcr die Vorder- und Hinterachse, passend f\u00fcr die folgenden Fahrzeuge:<br \/>\nMitsubishi Pajero (01.2000-12.2006)<br \/>\nModelle: III<\/p>\n<p>Herstellerreferenzen (OEM-Code) zur Orientierung :<i class=\"otgs-ico-in-progress js-otgs-popover-tooltip tippy-active\" tabindex=\"0\" data-original-title=\"Traduction Espagnol en attente du premier traducteur disponible\" aria-describedby=\"tippy-5\"><\/i><br \/>\nMR374672, MR519399, MR508132, MR418040<\/p>\n<p>Neue Teile, die mit Rechnung verkauft werden. Alle unsere Produkte haben eine Garantie von 2 Jahren.<\/p>\n","protected":false},"excerpt":{"rendered":"<p>Satz mit 22 Polyurethan-Buchsen f\u00fcr die Vorder- und Hinterachse, passend f\u00fcr die folgenden Fahrzeuge: Mitsubishi Pajero (01.2000-12.2006) Modelle: III Herstellerreferenzen (OEM-Code) zur Orientierung : MR374672, MR519399, MR508132, MR418040 Neue Teile, die mit Rechnung verkauft werden. Alle unsere Produkte haben eine Garantie von 2 Jahren.<\/p>\n","protected":false},"featured_media":104764,"template":"","meta":[],"product_brand":[],"product_cat":[943,3133,1289],"product_tag":[],"class_list":{"0":"post-104771","1":"product","2":"type-product","3":"status-publish","4":"has-post-thumbnail","6":"product_cat-mitsubishi","7":"product_cat-pajero-iii-de","8":"product_cat-pajero-iii","10":"first","11":"instock","12":"shipping-taxable","13":"purchasable","14":"product-type-simple"},"yoast_head":"<!-- This site is optimized with the Yoast SEO Premium plugin v23.0 (Yoast SEO v27.4) - https:\/\/yoast.com\/product\/yoast-seo-premium-wordpress\/ -->\n<title>Polyurethan-Buchsensatz f\u00fcr Vorder- und Hinterradaufh\u00e4ngung, Pajero III - SILENT BLOCKS<\/title>\n<meta name=\"description\" content=\"Polyurethan-Buchsen-Satz f\u00fcr Mitsubishi Pajero III, oem MR374672, MR519399, MR508132, MR418040\" \/>\n<meta name=\"robots\" content=\"index, follow, max-snippet:-1, max-image-preview:large, max-video-preview:-1\" \/>\n<link rel=\"canonical\" href=\"https:\/\/www.silentblocks.com\/de\/produkt\/polyurethan-buchsensatz-fuer-vorder-und-hinterradaufhaengung-pajero-iii\/\" \/>\n<meta property=\"og:locale\" content=\"de_DE\" \/>\n<meta property=\"og:type\" content=\"article\" \/>\n<meta property=\"og:title\" content=\"Polyurethan-Buchsensatz f\u00fcr Vorder- und Hinterradaufh\u00e4ngung, Pajero III\" \/>\n<meta property=\"og:description\" content=\"Polyurethan-Buchsen-Satz f\u00fcr Mitsubishi Pajero III, oem MR374672, MR519399, MR508132, MR418040\" \/>\n<meta property=\"og:url\" content=\"https:\/\/www.silentblocks.com\/de\/produkt\/polyurethan-buchsensatz-fuer-vorder-und-hinterradaufhaengung-pajero-iii\/\" \/>\n<meta property=\"og:site_name\" content=\"SILENT BLOCKS\" \/>\n<meta property=\"article:modified_time\" content=\"2026-02-17T22:17:42+00:00\" \/>\n<meta property=\"og:image\" content=\"https:\/\/www.silentblocks.com\/wp-content\/uploads\/2026\/02\/kit-suspension-polyurethane-Pajero-III-1-1.jpg\" \/>\n\t<meta property=\"og:image:width\" content=\"1500\" \/>\n\t<meta property=\"og:image:height\" content=\"1500\" \/>\n\t<meta property=\"og:image:type\" content=\"image\/jpeg\" \/>\n<meta name=\"twitter:card\" content=\"summary_large_image\" \/>\n<script type=\"application\/ld+json\" class=\"yoast-schema-graph\">{\"@context\":\"https:\\\/\\\/schema.org\",\"@graph\":[{\"@type\":\"WebPage\",\"@id\":\"https:\\\/\\\/www.silentblocks.com\\\/de\\\/produkt\\\/polyurethan-buchsensatz-fuer-vorder-und-hinterradaufhaengung-pajero-iii\\\/\",\"url\":\"https:\\\/\\\/www.silentblocks.com\\\/de\\\/produkt\\\/polyurethan-buchsensatz-fuer-vorder-und-hinterradaufhaengung-pajero-iii\\\/\",\"name\":\"Polyurethan-Buchsensatz f\u00fcr Vorder- und Hinterradaufh\u00e4ngung, Pajero III - SILENT BLOCKS\",\"isPartOf\":{\"@id\":\"https:\\\/\\\/www.silentblocks.com\\\/de\\\/#website\"},\"primaryImageOfPage\":{\"@id\":\"https:\\\/\\\/www.silentblocks.com\\\/de\\\/produkt\\\/polyurethan-buchsensatz-fuer-vorder-und-hinterradaufhaengung-pajero-iii\\\/#primaryimage\"},\"image\":{\"@id\":\"https:\\\/\\\/www.silentblocks.com\\\/de\\\/produkt\\\/polyurethan-buchsensatz-fuer-vorder-und-hinterradaufhaengung-pajero-iii\\\/#primaryimage\"},\"thumbnailUrl\":\"https:\\\/\\\/www.silentblocks.com\\\/wp-content\\\/uploads\\\/2026\\\/02\\\/kit-suspension-polyurethane-Pajero-III-1-1.jpg\",\"datePublished\":\"2025-09-05T13:03:50+00:00\",\"dateModified\":\"2026-02-17T22:17:42+00:00\",\"description\":\"Polyurethan-Buchsen-Satz f\u00fcr Mitsubishi Pajero III, oem MR374672, MR519399, MR508132, MR418040\",\"breadcrumb\":{\"@id\":\"https:\\\/\\\/www.silentblocks.com\\\/de\\\/produkt\\\/polyurethan-buchsensatz-fuer-vorder-und-hinterradaufhaengung-pajero-iii\\\/#breadcrumb\"},\"inLanguage\":\"de\",\"potentialAction\":[{\"@type\":\"ReadAction\",\"target\":[\"https:\\\/\\\/www.silentblocks.com\\\/de\\\/produkt\\\/polyurethan-buchsensatz-fuer-vorder-und-hinterradaufhaengung-pajero-iii\\\/\"]}]},{\"@type\":\"ImageObject\",\"inLanguage\":\"de\",\"@id\":\"https:\\\/\\\/www.silentblocks.com\\\/de\\\/produkt\\\/polyurethan-buchsensatz-fuer-vorder-und-hinterradaufhaengung-pajero-iii\\\/#primaryimage\",\"url\":\"https:\\\/\\\/www.silentblocks.com\\\/wp-content\\\/uploads\\\/2026\\\/02\\\/kit-suspension-polyurethane-Pajero-III-1-1.jpg\",\"contentUrl\":\"https:\\\/\\\/www.silentblocks.com\\\/wp-content\\\/uploads\\\/2026\\\/02\\\/kit-suspension-polyurethane-Pajero-III-1-1.jpg\",\"width\":1500,\"height\":1500},{\"@type\":\"BreadcrumbList\",\"@id\":\"https:\\\/\\\/www.silentblocks.com\\\/de\\\/produkt\\\/polyurethan-buchsensatz-fuer-vorder-und-hinterradaufhaengung-pajero-iii\\\/#breadcrumb\",\"itemListElement\":[{\"@type\":\"ListItem\",\"position\":1,\"name\":\"In\u00edcio\",\"item\":\"https:\\\/\\\/www.silentblocks.com\\\/de\\\/\"},{\"@type\":\"ListItem\",\"position\":2,\"name\":\"Page boutique\",\"item\":\"https:\\\/\\\/www.silentblocks.com\\\/shop-2\\\/\"},{\"@type\":\"ListItem\",\"position\":3,\"name\":\"Polyurethan-Buchsensatz f\u00fcr Vorder- und Hinterradaufh\u00e4ngung, Pajero III\"}]},{\"@type\":\"WebSite\",\"@id\":\"https:\\\/\\\/www.silentblocks.com\\\/de\\\/#website\",\"url\":\"https:\\\/\\\/www.silentblocks.com\\\/de\\\/\",\"name\":\"SILENTBLOCKS\",\"description\":\"Secure on the road\",\"publisher\":{\"@id\":\"https:\\\/\\\/www.silentblocks.com\\\/de\\\/#organization\"},\"potentialAction\":[{\"@type\":\"SearchAction\",\"target\":{\"@type\":\"EntryPoint\",\"urlTemplate\":\"https:\\\/\\\/www.silentblocks.com\\\/de\\\/?s={search_term_string}\"},\"query-input\":{\"@type\":\"PropertyValueSpecification\",\"valueRequired\":true,\"valueName\":\"search_term_string\"}}],\"inLanguage\":\"de\"},{\"@type\":\"Organization\",\"@id\":\"https:\\\/\\\/www.silentblocks.com\\\/de\\\/#organization\",\"name\":\"SILENTBLOCKS\",\"url\":\"https:\\\/\\\/www.silentblocks.com\\\/de\\\/\",\"logo\":{\"@type\":\"ImageObject\",\"inLanguage\":\"de\",\"@id\":\"https:\\\/\\\/www.silentblocks.com\\\/de\\\/#\\\/schema\\\/logo\\\/image\\\/\",\"url\":\"https:\\\/\\\/www.silentblocks.com\\\/wp-content\\\/uploads\\\/2023\\\/07\\\/logo211-sem-fundo_2012-PARA-BOUTIQUE-EBAY.png\",\"contentUrl\":\"https:\\\/\\\/www.silentblocks.com\\\/wp-content\\\/uploads\\\/2023\\\/07\\\/logo211-sem-fundo_2012-PARA-BOUTIQUE-EBAY.png\",\"width\":300,\"height\":190,\"caption\":\"SILENTBLOCKS\"},\"image\":{\"@id\":\"https:\\\/\\\/www.silentblocks.com\\\/de\\\/#\\\/schema\\\/logo\\\/image\\\/\"}}]}<\/script>\n<!-- \/ Yoast SEO Premium plugin. -->","yoast_head_json":{"title":"Polyurethan-Buchsensatz f\u00fcr Vorder- und Hinterradaufh\u00e4ngung, Pajero III - SILENT BLOCKS","description":"Polyurethan-Buchsen-Satz f\u00fcr Mitsubishi Pajero III, oem MR374672, MR519399, MR508132, MR418040","robots":{"index":"index","follow":"follow","max-snippet":"max-snippet:-1","max-image-preview":"max-image-preview:large","max-video-preview":"max-video-preview:-1"},"canonical":"https:\/\/www.silentblocks.com\/de\/produkt\/polyurethan-buchsensatz-fuer-vorder-und-hinterradaufhaengung-pajero-iii\/","og_locale":"de_DE","og_type":"article","og_title":"Polyurethan-Buchsensatz f\u00fcr Vorder- und Hinterradaufh\u00e4ngung, Pajero III","og_description":"Polyurethan-Buchsen-Satz f\u00fcr Mitsubishi Pajero III, oem MR374672, MR519399, MR508132, MR418040","og_url":"https:\/\/www.silentblocks.com\/de\/produkt\/polyurethan-buchsensatz-fuer-vorder-und-hinterradaufhaengung-pajero-iii\/","og_site_name":"SILENT BLOCKS","article_modified_time":"2026-02-17T22:17:42+00:00","og_image":[{"width":1500,"height":1500,"url":"https:\/\/www.silentblocks.com\/wp-content\/uploads\/2026\/02\/kit-suspension-polyurethane-Pajero-III-1-1.jpg","type":"image\/jpeg"}],"twitter_card":"summary_large_image","schema":{"@context":"https:\/\/schema.org","@graph":[{"@type":"WebPage","@id":"https:\/\/www.silentblocks.com\/de\/produkt\/polyurethan-buchsensatz-fuer-vorder-und-hinterradaufhaengung-pajero-iii\/","url":"https:\/\/www.silentblocks.com\/de\/produkt\/polyurethan-buchsensatz-fuer-vorder-und-hinterradaufhaengung-pajero-iii\/","name":"Polyurethan-Buchsensatz f\u00fcr Vorder- und Hinterradaufh\u00e4ngung, Pajero III - SILENT BLOCKS","isPartOf":{"@id":"https:\/\/www.silentblocks.com\/de\/#website"},"primaryImageOfPage":{"@id":"https:\/\/www.silentblocks.com\/de\/produkt\/polyurethan-buchsensatz-fuer-vorder-und-hinterradaufhaengung-pajero-iii\/#primaryimage"},"image":{"@id":"https:\/\/www.silentblocks.com\/de\/produkt\/polyurethan-buchsensatz-fuer-vorder-und-hinterradaufhaengung-pajero-iii\/#primaryimage"},"thumbnailUrl":"https:\/\/www.silentblocks.com\/wp-content\/uploads\/2026\/02\/kit-suspension-polyurethane-Pajero-III-1-1.jpg","datePublished":"2025-09-05T13:03:50+00:00","dateModified":"2026-02-17T22:17:42+00:00","description":"Polyurethan-Buchsen-Satz f\u00fcr Mitsubishi Pajero III, oem MR374672, MR519399, MR508132, MR418040","breadcrumb":{"@id":"https:\/\/www.silentblocks.com\/de\/produkt\/polyurethan-buchsensatz-fuer-vorder-und-hinterradaufhaengung-pajero-iii\/#breadcrumb"},"inLanguage":"de","potentialAction":[{"@type":"ReadAction","target":["https:\/\/www.silentblocks.com\/de\/produkt\/polyurethan-buchsensatz-fuer-vorder-und-hinterradaufhaengung-pajero-iii\/"]}]},{"@type":"ImageObject","inLanguage":"de","@id":"https:\/\/www.silentblocks.com\/de\/produkt\/polyurethan-buchsensatz-fuer-vorder-und-hinterradaufhaengung-pajero-iii\/#primaryimage","url":"https:\/\/www.silentblocks.com\/wp-content\/uploads\/2026\/02\/kit-suspension-polyurethane-Pajero-III-1-1.jpg","contentUrl":"https:\/\/www.silentblocks.com\/wp-content\/uploads\/2026\/02\/kit-suspension-polyurethane-Pajero-III-1-1.jpg","width":1500,"height":1500},{"@type":"BreadcrumbList","@id":"https:\/\/www.silentblocks.com\/de\/produkt\/polyurethan-buchsensatz-fuer-vorder-und-hinterradaufhaengung-pajero-iii\/#breadcrumb","itemListElement":[{"@type":"ListItem","position":1,"name":"In\u00edcio","item":"https:\/\/www.silentblocks.com\/de\/"},{"@type":"ListItem","position":2,"name":"Page boutique","item":"https:\/\/www.silentblocks.com\/shop-2\/"},{"@type":"ListItem","position":3,"name":"Polyurethan-Buchsensatz f\u00fcr Vorder- und Hinterradaufh\u00e4ngung, Pajero III"}]},{"@type":"WebSite","@id":"https:\/\/www.silentblocks.com\/de\/#website","url":"https:\/\/www.silentblocks.com\/de\/","name":"SILENTBLOCKS","description":"Secure on the road","publisher":{"@id":"https:\/\/www.silentblocks.com\/de\/#organization"},"potentialAction":[{"@type":"SearchAction","target":{"@type":"EntryPoint","urlTemplate":"https:\/\/www.silentblocks.com\/de\/?s={search_term_string}"},"query-input":{"@type":"PropertyValueSpecification","valueRequired":true,"valueName":"search_term_string"}}],"inLanguage":"de"},{"@type":"Organization","@id":"https:\/\/www.silentblocks.com\/de\/#organization","name":"SILENTBLOCKS","url":"https:\/\/www.silentblocks.com\/de\/","logo":{"@type":"ImageObject","inLanguage":"de","@id":"https:\/\/www.silentblocks.com\/de\/#\/schema\/logo\/image\/","url":"https:\/\/www.silentblocks.com\/wp-content\/uploads\/2023\/07\/logo211-sem-fundo_2012-PARA-BOUTIQUE-EBAY.png","contentUrl":"https:\/\/www.silentblocks.com\/wp-content\/uploads\/2023\/07\/logo211-sem-fundo_2012-PARA-BOUTIQUE-EBAY.png","width":300,"height":190,"caption":"SILENTBLOCKS"},"image":{"@id":"https:\/\/www.silentblocks.com\/de\/#\/schema\/logo\/image\/"}}]}},"_links":{"self":[{"href":"https:\/\/www.silentblocks.com\/de\/wp-json\/wp\/v2\/product\/104771","targetHints":{"allow":["GET"]}}],"collection":[{"href":"https:\/\/www.silentblocks.com\/de\/wp-json\/wp\/v2\/product"}],"about":[{"href":"https:\/\/www.silentblocks.com\/de\/wp-json\/wp\/v2\/types\/product"}],"version-history":[{"count":0,"href":"https:\/\/www.silentblocks.com\/de\/wp-json\/wp\/v2\/product\/104771\/revisions"}],"wp:featuredmedia":[{"embeddable":true,"href":"https:\/\/www.silentblocks.com\/de\/wp-json\/wp\/v2\/media\/104764"}],"wp:attachment":[{"href":"https:\/\/www.silentblocks.com\/de\/wp-json\/wp\/v2\/media?parent=104771"}],"wp:term":[{"taxonomy":"product_brand","embeddable":true,"href":"https:\/\/www.silentblocks.com\/de\/wp-json\/wp\/v2\/product_brand?post=104771"},{"taxonomy":"product_cat","embeddable":true,"href":"https:\/\/www.silentblocks.com\/de\/wp-json\/wp\/v2\/product_cat?post=104771"},{"taxonomy":"product_tag","embeddable":true,"href":"https:\/\/www.silentblocks.com\/de\/wp-json\/wp\/v2\/product_tag?post=104771"}],"curies":[{"name":"wp","href":"https:\/\/api.w.org\/{rel}","templated":true}]}}