{"id":104998,"date":"2025-09-17T14:34:37","date_gmt":"2025-09-17T14:34:37","guid":{"rendered":"https:\/\/www.silentblocks.com\/product\/vorderradaufhaengungssatz-giulia-stelvio\/"},"modified":"2026-02-17T22:18:09","modified_gmt":"2026-02-17T22:18:09","slug":"vorderradaufhaengungssatz-giulia-stelvio","status":"publish","type":"product","link":"https:\/\/www.silentblocks.com\/de\/produkt\/vorderradaufhaengungssatz-giulia-stelvio\/","title":{"rendered":"Vorderradaufh\u00e4ngungssatz, Giulia, Stelvio"},"content":{"rendered":"<p>Polyurethan-buchsen-Kit f\u00fcr die vorderen Querlenker und den Stabilisator, passend f\u00fcr die folgenden Fahrzeuge:<br \/>\nAlfa Romeo Giulia (2015-)<br \/>\nAlfa Romeo Stelvio (2016-)<\/p>\n<p>Nach der Bestellung teilen Sie uns bitte mit, ob Sie einen Stabilisator mit einem Durchmesser von 31 oder 32,5 mm w\u00fcnschen.<\/p>\n<p>H\u00e4rte: 90Sha<\/p>\n<p>Herstellerreferenzen (OEM-Code) zur Orientierung :<br \/>\n505 33 327, 505 33 329, 50533423, 50543141, 50543061, 50547026, 50547027, 50547028, 50547029, 50541776, 50545110, 50552623, 50563113, 50545125, 50552625, 50563040<\/p>\n<p>Neue Teile, die mit Rechnung verkauft werden. Alle unsere Produkte haben eine Garantie von 2 Jahren.<\/p>\n","protected":false},"excerpt":{"rendered":"<p>Polyurethan-buchsen-Kit f\u00fcr die vorderen Querlenker und den Stabilisator, passend f\u00fcr die folgenden Fahrzeuge: Alfa Romeo Giulia (2015-) Alfa Romeo Stelvio (2016-) Nach der Bestellung teilen Sie uns bitte mit, ob Sie einen Stabilisator mit einem Durchmesser von 31 oder 32,5 mm w\u00fcnschen. H\u00e4rte: 90Sha Herstellerreferenzen (OEM-Code) zur Orientierung : 505 33 327, 505 33 329, [&hellip;]<\/p>\n","protected":false},"featured_media":104993,"template":"","meta":[],"product_brand":[],"product_cat":[930,5395,5404,5396],"product_tag":[],"class_list":{"0":"post-104998","1":"product","2":"type-product","3":"status-publish","4":"has-post-thumbnail","6":"product_cat-alfa-romeo","7":"product_cat-giulia","8":"product_cat-stelvio-de","9":"product_cat-stelvio","11":"first","12":"instock","13":"shipping-taxable","14":"purchasable","15":"product-type-simple"},"yoast_head":"<!-- This site is optimized with the Yoast SEO Premium plugin v23.0 (Yoast SEO v27.4) - https:\/\/yoast.com\/product\/yoast-seo-premium-wordpress\/ -->\n<title>Vorderradaufh\u00e4ngungssatz, Giulia, Stelvio - SILENT BLOCKS<\/title>\n<meta name=\"description\" content=\"Polyurethan Vorderradaufh\u00e4ngungssatz f\u00fcr Alfa Romeo Giulia, Stelvio, kompatibel mit oem 505 33 327, 505 33 329, 50533423, 50543141, 50543061, 50547026\" \/>\n<meta name=\"robots\" content=\"index, follow, max-snippet:-1, max-image-preview:large, max-video-preview:-1\" \/>\n<link rel=\"canonical\" href=\"https:\/\/www.silentblocks.com\/de\/produkt\/vorderradaufhaengungssatz-giulia-stelvio\/\" \/>\n<meta property=\"og:locale\" content=\"de_DE\" \/>\n<meta property=\"og:type\" content=\"article\" \/>\n<meta property=\"og:title\" content=\"Vorderradaufh\u00e4ngungssatz, Giulia, Stelvio\" \/>\n<meta property=\"og:description\" content=\"Polyurethan Vorderradaufh\u00e4ngungssatz f\u00fcr Alfa Romeo Giulia, Stelvio, kompatibel mit oem 505 33 327, 505 33 329, 50533423, 50543141, 50543061, 50547026\" \/>\n<meta property=\"og:url\" content=\"https:\/\/www.silentblocks.com\/de\/produkt\/vorderradaufhaengungssatz-giulia-stelvio\/\" \/>\n<meta property=\"og:site_name\" content=\"SILENT BLOCKS\" \/>\n<meta property=\"article:modified_time\" content=\"2026-02-17T22:18:09+00:00\" \/>\n<meta property=\"og:image\" content=\"https:\/\/www.silentblocks.com\/wp-content\/uploads\/2026\/02\/016252A_-KIT-SUSPENSION-AVANT-STELVIO.jpg\" \/>\n\t<meta property=\"og:image:width\" content=\"1000\" \/>\n\t<meta property=\"og:image:height\" content=\"1000\" \/>\n\t<meta property=\"og:image:type\" content=\"image\/jpeg\" \/>\n<meta name=\"twitter:card\" content=\"summary_large_image\" \/>\n<script type=\"application\/ld+json\" class=\"yoast-schema-graph\">{\"@context\":\"https:\\\/\\\/schema.org\",\"@graph\":[{\"@type\":\"WebPage\",\"@id\":\"https:\\\/\\\/www.silentblocks.com\\\/de\\\/produkt\\\/vorderradaufhaengungssatz-giulia-stelvio\\\/\",\"url\":\"https:\\\/\\\/www.silentblocks.com\\\/de\\\/produkt\\\/vorderradaufhaengungssatz-giulia-stelvio\\\/\",\"name\":\"Vorderradaufh\u00e4ngungssatz, Giulia, Stelvio - SILENT BLOCKS\",\"isPartOf\":{\"@id\":\"https:\\\/\\\/www.silentblocks.com\\\/de\\\/#website\"},\"primaryImageOfPage\":{\"@id\":\"https:\\\/\\\/www.silentblocks.com\\\/de\\\/produkt\\\/vorderradaufhaengungssatz-giulia-stelvio\\\/#primaryimage\"},\"image\":{\"@id\":\"https:\\\/\\\/www.silentblocks.com\\\/de\\\/produkt\\\/vorderradaufhaengungssatz-giulia-stelvio\\\/#primaryimage\"},\"thumbnailUrl\":\"https:\\\/\\\/www.silentblocks.com\\\/wp-content\\\/uploads\\\/2026\\\/02\\\/016252A_-KIT-SUSPENSION-AVANT-STELVIO.jpg\",\"datePublished\":\"2025-09-17T14:34:37+00:00\",\"dateModified\":\"2026-02-17T22:18:09+00:00\",\"description\":\"Polyurethan Vorderradaufh\u00e4ngungssatz f\u00fcr Alfa Romeo Giulia, Stelvio, kompatibel mit oem 505 33 327, 505 33 329, 50533423, 50543141, 50543061, 50547026\",\"breadcrumb\":{\"@id\":\"https:\\\/\\\/www.silentblocks.com\\\/de\\\/produkt\\\/vorderradaufhaengungssatz-giulia-stelvio\\\/#breadcrumb\"},\"inLanguage\":\"de\",\"potentialAction\":[{\"@type\":\"ReadAction\",\"target\":[\"https:\\\/\\\/www.silentblocks.com\\\/de\\\/produkt\\\/vorderradaufhaengungssatz-giulia-stelvio\\\/\"]}]},{\"@type\":\"ImageObject\",\"inLanguage\":\"de\",\"@id\":\"https:\\\/\\\/www.silentblocks.com\\\/de\\\/produkt\\\/vorderradaufhaengungssatz-giulia-stelvio\\\/#primaryimage\",\"url\":\"https:\\\/\\\/www.silentblocks.com\\\/wp-content\\\/uploads\\\/2026\\\/02\\\/016252A_-KIT-SUSPENSION-AVANT-STELVIO.jpg\",\"contentUrl\":\"https:\\\/\\\/www.silentblocks.com\\\/wp-content\\\/uploads\\\/2026\\\/02\\\/016252A_-KIT-SUSPENSION-AVANT-STELVIO.jpg\",\"width\":1000,\"height\":1000},{\"@type\":\"BreadcrumbList\",\"@id\":\"https:\\\/\\\/www.silentblocks.com\\\/de\\\/produkt\\\/vorderradaufhaengungssatz-giulia-stelvio\\\/#breadcrumb\",\"itemListElement\":[{\"@type\":\"ListItem\",\"position\":1,\"name\":\"In\u00edcio\",\"item\":\"https:\\\/\\\/www.silentblocks.com\\\/de\\\/\"},{\"@type\":\"ListItem\",\"position\":2,\"name\":\"Page boutique\",\"item\":\"https:\\\/\\\/www.silentblocks.com\\\/shop-2\\\/\"},{\"@type\":\"ListItem\",\"position\":3,\"name\":\"Vorderradaufh\u00e4ngungssatz, Giulia, Stelvio\"}]},{\"@type\":\"WebSite\",\"@id\":\"https:\\\/\\\/www.silentblocks.com\\\/de\\\/#website\",\"url\":\"https:\\\/\\\/www.silentblocks.com\\\/de\\\/\",\"name\":\"SILENTBLOCKS\",\"description\":\"Secure on the road\",\"publisher\":{\"@id\":\"https:\\\/\\\/www.silentblocks.com\\\/de\\\/#organization\"},\"potentialAction\":[{\"@type\":\"SearchAction\",\"target\":{\"@type\":\"EntryPoint\",\"urlTemplate\":\"https:\\\/\\\/www.silentblocks.com\\\/de\\\/?s={search_term_string}\"},\"query-input\":{\"@type\":\"PropertyValueSpecification\",\"valueRequired\":true,\"valueName\":\"search_term_string\"}}],\"inLanguage\":\"de\"},{\"@type\":\"Organization\",\"@id\":\"https:\\\/\\\/www.silentblocks.com\\\/de\\\/#organization\",\"name\":\"SILENTBLOCKS\",\"url\":\"https:\\\/\\\/www.silentblocks.com\\\/de\\\/\",\"logo\":{\"@type\":\"ImageObject\",\"inLanguage\":\"de\",\"@id\":\"https:\\\/\\\/www.silentblocks.com\\\/de\\\/#\\\/schema\\\/logo\\\/image\\\/\",\"url\":\"https:\\\/\\\/www.silentblocks.com\\\/wp-content\\\/uploads\\\/2023\\\/07\\\/logo211-sem-fundo_2012-PARA-BOUTIQUE-EBAY.png\",\"contentUrl\":\"https:\\\/\\\/www.silentblocks.com\\\/wp-content\\\/uploads\\\/2023\\\/07\\\/logo211-sem-fundo_2012-PARA-BOUTIQUE-EBAY.png\",\"width\":300,\"height\":190,\"caption\":\"SILENTBLOCKS\"},\"image\":{\"@id\":\"https:\\\/\\\/www.silentblocks.com\\\/de\\\/#\\\/schema\\\/logo\\\/image\\\/\"}}]}<\/script>\n<!-- \/ Yoast SEO Premium plugin. -->","yoast_head_json":{"title":"Vorderradaufh\u00e4ngungssatz, Giulia, Stelvio - SILENT BLOCKS","description":"Polyurethan Vorderradaufh\u00e4ngungssatz f\u00fcr Alfa Romeo Giulia, Stelvio, kompatibel mit oem 505 33 327, 505 33 329, 50533423, 50543141, 50543061, 50547026","robots":{"index":"index","follow":"follow","max-snippet":"max-snippet:-1","max-image-preview":"max-image-preview:large","max-video-preview":"max-video-preview:-1"},"canonical":"https:\/\/www.silentblocks.com\/de\/produkt\/vorderradaufhaengungssatz-giulia-stelvio\/","og_locale":"de_DE","og_type":"article","og_title":"Vorderradaufh\u00e4ngungssatz, Giulia, Stelvio","og_description":"Polyurethan Vorderradaufh\u00e4ngungssatz f\u00fcr Alfa Romeo Giulia, Stelvio, kompatibel mit oem 505 33 327, 505 33 329, 50533423, 50543141, 50543061, 50547026","og_url":"https:\/\/www.silentblocks.com\/de\/produkt\/vorderradaufhaengungssatz-giulia-stelvio\/","og_site_name":"SILENT BLOCKS","article_modified_time":"2026-02-17T22:18:09+00:00","og_image":[{"width":1000,"height":1000,"url":"https:\/\/www.silentblocks.com\/wp-content\/uploads\/2026\/02\/016252A_-KIT-SUSPENSION-AVANT-STELVIO.jpg","type":"image\/jpeg"}],"twitter_card":"summary_large_image","schema":{"@context":"https:\/\/schema.org","@graph":[{"@type":"WebPage","@id":"https:\/\/www.silentblocks.com\/de\/produkt\/vorderradaufhaengungssatz-giulia-stelvio\/","url":"https:\/\/www.silentblocks.com\/de\/produkt\/vorderradaufhaengungssatz-giulia-stelvio\/","name":"Vorderradaufh\u00e4ngungssatz, Giulia, Stelvio - SILENT BLOCKS","isPartOf":{"@id":"https:\/\/www.silentblocks.com\/de\/#website"},"primaryImageOfPage":{"@id":"https:\/\/www.silentblocks.com\/de\/produkt\/vorderradaufhaengungssatz-giulia-stelvio\/#primaryimage"},"image":{"@id":"https:\/\/www.silentblocks.com\/de\/produkt\/vorderradaufhaengungssatz-giulia-stelvio\/#primaryimage"},"thumbnailUrl":"https:\/\/www.silentblocks.com\/wp-content\/uploads\/2026\/02\/016252A_-KIT-SUSPENSION-AVANT-STELVIO.jpg","datePublished":"2025-09-17T14:34:37+00:00","dateModified":"2026-02-17T22:18:09+00:00","description":"Polyurethan Vorderradaufh\u00e4ngungssatz f\u00fcr Alfa Romeo Giulia, Stelvio, kompatibel mit oem 505 33 327, 505 33 329, 50533423, 50543141, 50543061, 50547026","breadcrumb":{"@id":"https:\/\/www.silentblocks.com\/de\/produkt\/vorderradaufhaengungssatz-giulia-stelvio\/#breadcrumb"},"inLanguage":"de","potentialAction":[{"@type":"ReadAction","target":["https:\/\/www.silentblocks.com\/de\/produkt\/vorderradaufhaengungssatz-giulia-stelvio\/"]}]},{"@type":"ImageObject","inLanguage":"de","@id":"https:\/\/www.silentblocks.com\/de\/produkt\/vorderradaufhaengungssatz-giulia-stelvio\/#primaryimage","url":"https:\/\/www.silentblocks.com\/wp-content\/uploads\/2026\/02\/016252A_-KIT-SUSPENSION-AVANT-STELVIO.jpg","contentUrl":"https:\/\/www.silentblocks.com\/wp-content\/uploads\/2026\/02\/016252A_-KIT-SUSPENSION-AVANT-STELVIO.jpg","width":1000,"height":1000},{"@type":"BreadcrumbList","@id":"https:\/\/www.silentblocks.com\/de\/produkt\/vorderradaufhaengungssatz-giulia-stelvio\/#breadcrumb","itemListElement":[{"@type":"ListItem","position":1,"name":"In\u00edcio","item":"https:\/\/www.silentblocks.com\/de\/"},{"@type":"ListItem","position":2,"name":"Page boutique","item":"https:\/\/www.silentblocks.com\/shop-2\/"},{"@type":"ListItem","position":3,"name":"Vorderradaufh\u00e4ngungssatz, Giulia, Stelvio"}]},{"@type":"WebSite","@id":"https:\/\/www.silentblocks.com\/de\/#website","url":"https:\/\/www.silentblocks.com\/de\/","name":"SILENTBLOCKS","description":"Secure on the road","publisher":{"@id":"https:\/\/www.silentblocks.com\/de\/#organization"},"potentialAction":[{"@type":"SearchAction","target":{"@type":"EntryPoint","urlTemplate":"https:\/\/www.silentblocks.com\/de\/?s={search_term_string}"},"query-input":{"@type":"PropertyValueSpecification","valueRequired":true,"valueName":"search_term_string"}}],"inLanguage":"de"},{"@type":"Organization","@id":"https:\/\/www.silentblocks.com\/de\/#organization","name":"SILENTBLOCKS","url":"https:\/\/www.silentblocks.com\/de\/","logo":{"@type":"ImageObject","inLanguage":"de","@id":"https:\/\/www.silentblocks.com\/de\/#\/schema\/logo\/image\/","url":"https:\/\/www.silentblocks.com\/wp-content\/uploads\/2023\/07\/logo211-sem-fundo_2012-PARA-BOUTIQUE-EBAY.png","contentUrl":"https:\/\/www.silentblocks.com\/wp-content\/uploads\/2023\/07\/logo211-sem-fundo_2012-PARA-BOUTIQUE-EBAY.png","width":300,"height":190,"caption":"SILENTBLOCKS"},"image":{"@id":"https:\/\/www.silentblocks.com\/de\/#\/schema\/logo\/image\/"}}]}},"_links":{"self":[{"href":"https:\/\/www.silentblocks.com\/de\/wp-json\/wp\/v2\/product\/104998","targetHints":{"allow":["GET"]}}],"collection":[{"href":"https:\/\/www.silentblocks.com\/de\/wp-json\/wp\/v2\/product"}],"about":[{"href":"https:\/\/www.silentblocks.com\/de\/wp-json\/wp\/v2\/types\/product"}],"version-history":[{"count":0,"href":"https:\/\/www.silentblocks.com\/de\/wp-json\/wp\/v2\/product\/104998\/revisions"}],"wp:featuredmedia":[{"embeddable":true,"href":"https:\/\/www.silentblocks.com\/de\/wp-json\/wp\/v2\/media\/104993"}],"wp:attachment":[{"href":"https:\/\/www.silentblocks.com\/de\/wp-json\/wp\/v2\/media?parent=104998"}],"wp:term":[{"taxonomy":"product_brand","embeddable":true,"href":"https:\/\/www.silentblocks.com\/de\/wp-json\/wp\/v2\/product_brand?post=104998"},{"taxonomy":"product_cat","embeddable":true,"href":"https:\/\/www.silentblocks.com\/de\/wp-json\/wp\/v2\/product_cat?post=104998"},{"taxonomy":"product_tag","embeddable":true,"href":"https:\/\/www.silentblocks.com\/de\/wp-json\/wp\/v2\/product_tag?post=104998"}],"curies":[{"name":"wp","href":"https:\/\/api.w.org\/{rel}","templated":true}]}}