{"id":106220,"date":"2025-10-01T14:57:28","date_gmt":"2025-10-01T14:57:28","guid":{"rendered":"https:\/\/www.silentblocks.com\/product\/x-trail-t32-vorderer-stossdaempfer-faltenbalg-und-gleitlagersatz\/"},"modified":"2026-02-17T22:21:15","modified_gmt":"2026-02-17T22:21:15","slug":"x-trail-t32-vorderer-stossdaempfer-faltenbalg-und-gleitlagersatz","status":"publish","type":"product","link":"https:\/\/www.silentblocks.com\/de\/produkt\/x-trail-t32-vorderer-stossdaempfer-faltenbalg-und-gleitlagersatz\/","title":{"rendered":"X-Trail T32 Vorderer Sto\u00dfd\u00e4mpfer, Faltenbalg und Gleitlagersatz"},"content":{"rendered":"<p>Kit f\u00fcr die vorderen Sto\u00dfd\u00e4mpfer, Faltenb\u00e4lge und Gleitst\u00fccke, passend f\u00fcr die folgenden Fahrzeuge:<br \/>\nNissan X-Trail III (T32_, T32R, T32RR)<\/p>\n<p>Herstellerreferenzen (OEM-Code) zur Orientierung :<br \/>\n54050-4CL0A, 54050-4CL0B, 54050-6FR0A, 54034-4BA0A, 54034-6FR0A, 54050-4BA0A, 54034-4BA0C, 54050-9FL0A, 54050-5HA0B, 54034-4BA0D, 54050-5HA0A, 54035-4EA0A<\/p>\n<p>Neue Teile, die mit Rechnung verkauft werden. Alle unsere Produkte haben eine Garantie von 2 Jahren.<\/p>\n","protected":false},"excerpt":{"rendered":"<p>Kit f\u00fcr die vorderen Sto\u00dfd\u00e4mpfer, Faltenb\u00e4lge und Gleitst\u00fccke, passend f\u00fcr die folgenden Fahrzeuge: Nissan X-Trail III (T32_, T32R, T32RR) Herstellerreferenzen (OEM-Code) zur Orientierung : 54050-4CL0A, 54050-4CL0B, 54050-6FR0A, 54034-4BA0A, 54034-6FR0A, 54050-4BA0A, 54034-4BA0C, 54050-9FL0A, 54050-5HA0B, 54034-4BA0D, 54050-5HA0A, 54035-4EA0A Neue Teile, die mit Rechnung verkauft werden. Alle unsere Produkte haben eine Garantie von 2 Jahren.<\/p>\n","protected":false},"featured_media":106215,"template":"","meta":[],"product_brand":[],"product_cat":[950,5670,5681],"product_tag":[],"class_list":{"0":"post-106220","1":"product","2":"type-product","3":"status-publish","4":"has-post-thumbnail","6":"product_cat-nissan","7":"product_cat-x-trail-t32","8":"product_cat-x-trail-t32-de","10":"first","11":"instock","12":"shipping-taxable","13":"purchasable","14":"product-type-simple"},"yoast_head":"<!-- This site is optimized with the Yoast SEO Premium plugin v23.0 (Yoast SEO v27.4) - https:\/\/yoast.com\/product\/yoast-seo-premium-wordpress\/ -->\n<title>X-Trail T32 Vorderer Sto\u00dfd\u00e4mpfer, Faltenbalg und Gleitlagersatz - SILENT BLOCKS<\/title>\n<meta name=\"description\" content=\"Satz Sto\u00dfd\u00e4mpferlager, Faltenb\u00e4lge und Gleitst\u00fccke vorne f\u00fcr Nissan X-Trail T32, kompatibel mit oem 54050-4CL0A, 54050-4CL0B, 54050-6FR0A, 54034-4BA0A\" \/>\n<meta name=\"robots\" content=\"index, follow, max-snippet:-1, max-image-preview:large, max-video-preview:-1\" \/>\n<link rel=\"canonical\" href=\"https:\/\/www.silentblocks.com\/de\/produkt\/x-trail-t32-vorderer-stossdaempfer-faltenbalg-und-gleitlagersatz\/\" \/>\n<meta property=\"og:locale\" content=\"de_DE\" \/>\n<meta property=\"og:type\" content=\"article\" \/>\n<meta property=\"og:title\" content=\"X-Trail T32 Vorderer Sto\u00dfd\u00e4mpfer, Faltenbalg und Gleitlagersatz\" \/>\n<meta property=\"og:description\" content=\"Satz Sto\u00dfd\u00e4mpferlager, Faltenb\u00e4lge und Gleitst\u00fccke vorne f\u00fcr Nissan X-Trail T32, kompatibel mit oem 54050-4CL0A, 54050-4CL0B, 54050-6FR0A, 54034-4BA0A\" \/>\n<meta property=\"og:url\" content=\"https:\/\/www.silentblocks.com\/de\/produkt\/x-trail-t32-vorderer-stossdaempfer-faltenbalg-und-gleitlagersatz\/\" \/>\n<meta property=\"og:site_name\" content=\"SILENT BLOCKS\" \/>\n<meta property=\"article:modified_time\" content=\"2026-02-17T22:21:15+00:00\" \/>\n<meta property=\"og:image\" content=\"https:\/\/www.silentblocks.com\/wp-content\/uploads\/2026\/02\/butee-patin-ressort-avant-X-Trail-T32.jpg\" \/>\n\t<meta property=\"og:image:width\" content=\"1000\" \/>\n\t<meta property=\"og:image:height\" content=\"1000\" \/>\n\t<meta property=\"og:image:type\" content=\"image\/jpeg\" \/>\n<meta name=\"twitter:card\" content=\"summary_large_image\" \/>\n<script type=\"application\/ld+json\" class=\"yoast-schema-graph\">{\"@context\":\"https:\\\/\\\/schema.org\",\"@graph\":[{\"@type\":\"WebPage\",\"@id\":\"https:\\\/\\\/www.silentblocks.com\\\/de\\\/produkt\\\/x-trail-t32-vorderer-stossdaempfer-faltenbalg-und-gleitlagersatz\\\/\",\"url\":\"https:\\\/\\\/www.silentblocks.com\\\/de\\\/produkt\\\/x-trail-t32-vorderer-stossdaempfer-faltenbalg-und-gleitlagersatz\\\/\",\"name\":\"X-Trail T32 Vorderer Sto\u00dfd\u00e4mpfer, Faltenbalg und Gleitlagersatz - SILENT BLOCKS\",\"isPartOf\":{\"@id\":\"https:\\\/\\\/www.silentblocks.com\\\/de\\\/#website\"},\"primaryImageOfPage\":{\"@id\":\"https:\\\/\\\/www.silentblocks.com\\\/de\\\/produkt\\\/x-trail-t32-vorderer-stossdaempfer-faltenbalg-und-gleitlagersatz\\\/#primaryimage\"},\"image\":{\"@id\":\"https:\\\/\\\/www.silentblocks.com\\\/de\\\/produkt\\\/x-trail-t32-vorderer-stossdaempfer-faltenbalg-und-gleitlagersatz\\\/#primaryimage\"},\"thumbnailUrl\":\"https:\\\/\\\/www.silentblocks.com\\\/wp-content\\\/uploads\\\/2026\\\/02\\\/butee-patin-ressort-avant-X-Trail-T32.jpg\",\"datePublished\":\"2025-10-01T14:57:28+00:00\",\"dateModified\":\"2026-02-17T22:21:15+00:00\",\"description\":\"Satz Sto\u00dfd\u00e4mpferlager, Faltenb\u00e4lge und Gleitst\u00fccke vorne f\u00fcr Nissan X-Trail T32, kompatibel mit oem 54050-4CL0A, 54050-4CL0B, 54050-6FR0A, 54034-4BA0A\",\"breadcrumb\":{\"@id\":\"https:\\\/\\\/www.silentblocks.com\\\/de\\\/produkt\\\/x-trail-t32-vorderer-stossdaempfer-faltenbalg-und-gleitlagersatz\\\/#breadcrumb\"},\"inLanguage\":\"de\",\"potentialAction\":[{\"@type\":\"ReadAction\",\"target\":[\"https:\\\/\\\/www.silentblocks.com\\\/de\\\/produkt\\\/x-trail-t32-vorderer-stossdaempfer-faltenbalg-und-gleitlagersatz\\\/\"]}]},{\"@type\":\"ImageObject\",\"inLanguage\":\"de\",\"@id\":\"https:\\\/\\\/www.silentblocks.com\\\/de\\\/produkt\\\/x-trail-t32-vorderer-stossdaempfer-faltenbalg-und-gleitlagersatz\\\/#primaryimage\",\"url\":\"https:\\\/\\\/www.silentblocks.com\\\/wp-content\\\/uploads\\\/2026\\\/02\\\/butee-patin-ressort-avant-X-Trail-T32.jpg\",\"contentUrl\":\"https:\\\/\\\/www.silentblocks.com\\\/wp-content\\\/uploads\\\/2026\\\/02\\\/butee-patin-ressort-avant-X-Trail-T32.jpg\",\"width\":1000,\"height\":1000},{\"@type\":\"BreadcrumbList\",\"@id\":\"https:\\\/\\\/www.silentblocks.com\\\/de\\\/produkt\\\/x-trail-t32-vorderer-stossdaempfer-faltenbalg-und-gleitlagersatz\\\/#breadcrumb\",\"itemListElement\":[{\"@type\":\"ListItem\",\"position\":1,\"name\":\"In\u00edcio\",\"item\":\"https:\\\/\\\/www.silentblocks.com\\\/de\\\/\"},{\"@type\":\"ListItem\",\"position\":2,\"name\":\"Page boutique\",\"item\":\"https:\\\/\\\/www.silentblocks.com\\\/shop-2\\\/\"},{\"@type\":\"ListItem\",\"position\":3,\"name\":\"X-Trail T32 Vorderer Sto\u00dfd\u00e4mpfer, Faltenbalg und Gleitlagersatz\"}]},{\"@type\":\"WebSite\",\"@id\":\"https:\\\/\\\/www.silentblocks.com\\\/de\\\/#website\",\"url\":\"https:\\\/\\\/www.silentblocks.com\\\/de\\\/\",\"name\":\"SILENTBLOCKS\",\"description\":\"Secure on the road\",\"publisher\":{\"@id\":\"https:\\\/\\\/www.silentblocks.com\\\/de\\\/#organization\"},\"potentialAction\":[{\"@type\":\"SearchAction\",\"target\":{\"@type\":\"EntryPoint\",\"urlTemplate\":\"https:\\\/\\\/www.silentblocks.com\\\/de\\\/?s={search_term_string}\"},\"query-input\":{\"@type\":\"PropertyValueSpecification\",\"valueRequired\":true,\"valueName\":\"search_term_string\"}}],\"inLanguage\":\"de\"},{\"@type\":\"Organization\",\"@id\":\"https:\\\/\\\/www.silentblocks.com\\\/de\\\/#organization\",\"name\":\"SILENTBLOCKS\",\"url\":\"https:\\\/\\\/www.silentblocks.com\\\/de\\\/\",\"logo\":{\"@type\":\"ImageObject\",\"inLanguage\":\"de\",\"@id\":\"https:\\\/\\\/www.silentblocks.com\\\/de\\\/#\\\/schema\\\/logo\\\/image\\\/\",\"url\":\"https:\\\/\\\/www.silentblocks.com\\\/wp-content\\\/uploads\\\/2023\\\/07\\\/logo211-sem-fundo_2012-PARA-BOUTIQUE-EBAY.png\",\"contentUrl\":\"https:\\\/\\\/www.silentblocks.com\\\/wp-content\\\/uploads\\\/2023\\\/07\\\/logo211-sem-fundo_2012-PARA-BOUTIQUE-EBAY.png\",\"width\":300,\"height\":190,\"caption\":\"SILENTBLOCKS\"},\"image\":{\"@id\":\"https:\\\/\\\/www.silentblocks.com\\\/de\\\/#\\\/schema\\\/logo\\\/image\\\/\"}}]}<\/script>\n<!-- \/ Yoast SEO Premium plugin. -->","yoast_head_json":{"title":"X-Trail T32 Vorderer Sto\u00dfd\u00e4mpfer, Faltenbalg und Gleitlagersatz - SILENT BLOCKS","description":"Satz Sto\u00dfd\u00e4mpferlager, Faltenb\u00e4lge und Gleitst\u00fccke vorne f\u00fcr Nissan X-Trail T32, kompatibel mit oem 54050-4CL0A, 54050-4CL0B, 54050-6FR0A, 54034-4BA0A","robots":{"index":"index","follow":"follow","max-snippet":"max-snippet:-1","max-image-preview":"max-image-preview:large","max-video-preview":"max-video-preview:-1"},"canonical":"https:\/\/www.silentblocks.com\/de\/produkt\/x-trail-t32-vorderer-stossdaempfer-faltenbalg-und-gleitlagersatz\/","og_locale":"de_DE","og_type":"article","og_title":"X-Trail T32 Vorderer Sto\u00dfd\u00e4mpfer, Faltenbalg und Gleitlagersatz","og_description":"Satz Sto\u00dfd\u00e4mpferlager, Faltenb\u00e4lge und Gleitst\u00fccke vorne f\u00fcr Nissan X-Trail T32, kompatibel mit oem 54050-4CL0A, 54050-4CL0B, 54050-6FR0A, 54034-4BA0A","og_url":"https:\/\/www.silentblocks.com\/de\/produkt\/x-trail-t32-vorderer-stossdaempfer-faltenbalg-und-gleitlagersatz\/","og_site_name":"SILENT BLOCKS","article_modified_time":"2026-02-17T22:21:15+00:00","og_image":[{"width":1000,"height":1000,"url":"https:\/\/www.silentblocks.com\/wp-content\/uploads\/2026\/02\/butee-patin-ressort-avant-X-Trail-T32.jpg","type":"image\/jpeg"}],"twitter_card":"summary_large_image","schema":{"@context":"https:\/\/schema.org","@graph":[{"@type":"WebPage","@id":"https:\/\/www.silentblocks.com\/de\/produkt\/x-trail-t32-vorderer-stossdaempfer-faltenbalg-und-gleitlagersatz\/","url":"https:\/\/www.silentblocks.com\/de\/produkt\/x-trail-t32-vorderer-stossdaempfer-faltenbalg-und-gleitlagersatz\/","name":"X-Trail T32 Vorderer Sto\u00dfd\u00e4mpfer, Faltenbalg und Gleitlagersatz - SILENT BLOCKS","isPartOf":{"@id":"https:\/\/www.silentblocks.com\/de\/#website"},"primaryImageOfPage":{"@id":"https:\/\/www.silentblocks.com\/de\/produkt\/x-trail-t32-vorderer-stossdaempfer-faltenbalg-und-gleitlagersatz\/#primaryimage"},"image":{"@id":"https:\/\/www.silentblocks.com\/de\/produkt\/x-trail-t32-vorderer-stossdaempfer-faltenbalg-und-gleitlagersatz\/#primaryimage"},"thumbnailUrl":"https:\/\/www.silentblocks.com\/wp-content\/uploads\/2026\/02\/butee-patin-ressort-avant-X-Trail-T32.jpg","datePublished":"2025-10-01T14:57:28+00:00","dateModified":"2026-02-17T22:21:15+00:00","description":"Satz Sto\u00dfd\u00e4mpferlager, Faltenb\u00e4lge und Gleitst\u00fccke vorne f\u00fcr Nissan X-Trail T32, kompatibel mit oem 54050-4CL0A, 54050-4CL0B, 54050-6FR0A, 54034-4BA0A","breadcrumb":{"@id":"https:\/\/www.silentblocks.com\/de\/produkt\/x-trail-t32-vorderer-stossdaempfer-faltenbalg-und-gleitlagersatz\/#breadcrumb"},"inLanguage":"de","potentialAction":[{"@type":"ReadAction","target":["https:\/\/www.silentblocks.com\/de\/produkt\/x-trail-t32-vorderer-stossdaempfer-faltenbalg-und-gleitlagersatz\/"]}]},{"@type":"ImageObject","inLanguage":"de","@id":"https:\/\/www.silentblocks.com\/de\/produkt\/x-trail-t32-vorderer-stossdaempfer-faltenbalg-und-gleitlagersatz\/#primaryimage","url":"https:\/\/www.silentblocks.com\/wp-content\/uploads\/2026\/02\/butee-patin-ressort-avant-X-Trail-T32.jpg","contentUrl":"https:\/\/www.silentblocks.com\/wp-content\/uploads\/2026\/02\/butee-patin-ressort-avant-X-Trail-T32.jpg","width":1000,"height":1000},{"@type":"BreadcrumbList","@id":"https:\/\/www.silentblocks.com\/de\/produkt\/x-trail-t32-vorderer-stossdaempfer-faltenbalg-und-gleitlagersatz\/#breadcrumb","itemListElement":[{"@type":"ListItem","position":1,"name":"In\u00edcio","item":"https:\/\/www.silentblocks.com\/de\/"},{"@type":"ListItem","position":2,"name":"Page boutique","item":"https:\/\/www.silentblocks.com\/shop-2\/"},{"@type":"ListItem","position":3,"name":"X-Trail T32 Vorderer Sto\u00dfd\u00e4mpfer, Faltenbalg und Gleitlagersatz"}]},{"@type":"WebSite","@id":"https:\/\/www.silentblocks.com\/de\/#website","url":"https:\/\/www.silentblocks.com\/de\/","name":"SILENTBLOCKS","description":"Secure on the road","publisher":{"@id":"https:\/\/www.silentblocks.com\/de\/#organization"},"potentialAction":[{"@type":"SearchAction","target":{"@type":"EntryPoint","urlTemplate":"https:\/\/www.silentblocks.com\/de\/?s={search_term_string}"},"query-input":{"@type":"PropertyValueSpecification","valueRequired":true,"valueName":"search_term_string"}}],"inLanguage":"de"},{"@type":"Organization","@id":"https:\/\/www.silentblocks.com\/de\/#organization","name":"SILENTBLOCKS","url":"https:\/\/www.silentblocks.com\/de\/","logo":{"@type":"ImageObject","inLanguage":"de","@id":"https:\/\/www.silentblocks.com\/de\/#\/schema\/logo\/image\/","url":"https:\/\/www.silentblocks.com\/wp-content\/uploads\/2023\/07\/logo211-sem-fundo_2012-PARA-BOUTIQUE-EBAY.png","contentUrl":"https:\/\/www.silentblocks.com\/wp-content\/uploads\/2023\/07\/logo211-sem-fundo_2012-PARA-BOUTIQUE-EBAY.png","width":300,"height":190,"caption":"SILENTBLOCKS"},"image":{"@id":"https:\/\/www.silentblocks.com\/de\/#\/schema\/logo\/image\/"}}]}},"_links":{"self":[{"href":"https:\/\/www.silentblocks.com\/de\/wp-json\/wp\/v2\/product\/106220","targetHints":{"allow":["GET"]}}],"collection":[{"href":"https:\/\/www.silentblocks.com\/de\/wp-json\/wp\/v2\/product"}],"about":[{"href":"https:\/\/www.silentblocks.com\/de\/wp-json\/wp\/v2\/types\/product"}],"version-history":[{"count":0,"href":"https:\/\/www.silentblocks.com\/de\/wp-json\/wp\/v2\/product\/106220\/revisions"}],"wp:featuredmedia":[{"embeddable":true,"href":"https:\/\/www.silentblocks.com\/de\/wp-json\/wp\/v2\/media\/106215"}],"wp:attachment":[{"href":"https:\/\/www.silentblocks.com\/de\/wp-json\/wp\/v2\/media?parent=106220"}],"wp:term":[{"taxonomy":"product_brand","embeddable":true,"href":"https:\/\/www.silentblocks.com\/de\/wp-json\/wp\/v2\/product_brand?post=106220"},{"taxonomy":"product_cat","embeddable":true,"href":"https:\/\/www.silentblocks.com\/de\/wp-json\/wp\/v2\/product_cat?post=106220"},{"taxonomy":"product_tag","embeddable":true,"href":"https:\/\/www.silentblocks.com\/de\/wp-json\/wp\/v2\/product_tag?post=106220"}],"curies":[{"name":"wp","href":"https:\/\/api.w.org\/{rel}","templated":true}]}}