{"id":108172,"date":"2025-10-20T18:27:43","date_gmt":"2025-10-20T18:27:43","guid":{"rendered":"https:\/\/www.silentblocks.com\/product\/distanzstuecke-und-lager-der-vorderen-stossdaempfertalento-nv300-primastar-vivaro-trafic-ii-iii\/"},"modified":"2026-02-17T22:25:55","modified_gmt":"2026-02-17T22:25:55","slug":"distanzstuecke-und-lager-der-vorderen-stossdaempfertalento-nv300-primastar-vivaro-trafic-ii-iii","status":"publish","type":"product","link":"https:\/\/www.silentblocks.com\/de\/produkt\/distanzstuecke-und-lager-der-vorderen-stossdaempfertalento-nv300-primastar-vivaro-trafic-ii-iii\/","title":{"rendered":"Distanzst\u00fccke und Lager der vorderen Sto\u00dfd\u00e4mpfer,Talento, NV300, Primastar, Vivaro, Trafic II\/III"},"content":{"rendered":"<p>Satz f\u00fcr die obere Position der vorderen Sto\u00dfd\u00e4mpfer, Distanzst\u00fccke, Lager, Unterlegscheiben und Muttern, passend f\u00fcr die folgenden Fahrzeuge:<br \/>\nFiat Talento Bus (296_)<br \/>\nFiat Talento Plattform\/Chassis (296_)<br \/>\nFiat Talento van (296_)<\/p>\n<p>Nissan NV300 kombi (x82)<br \/>\nNissan NV300 Plattform\/Fahrgestell (x82)<br \/>\nNissan NV300 van (x82)<br \/>\nNissan Primastar Bus (x83)<br \/>\nNissan Primastar Plattform\/Fahrgestell (x83)<br \/>\nNissan Primastar van (x83)<\/p>\n<p>Opel Vivaro A Bus (x83)<br \/>\nOpel Vivaro A Plattform\/Fahrgestell (x83)<br \/>\nOpel Vivaro A van (x83)<br \/>\nOpel Vivaro B Bus (x82)<br \/>\nOpel Vivaro B Plattform\/Fahrgestell (x82)<br \/>\nOpel Vivaro b van (x82)<\/p>\n<p>Renault Trafic II Bus (jl)<br \/>\nRenault Trafic II Plattform\/Fahrgestell (el)<br \/>\nRenault Trafic II van (fl)<br \/>\nRenault Trafic III Bus (jg_)<br \/>\nRenault Trafic III Plattform\/Fahrgestell (eg_)<br \/>\nRenault Trafic III Van (fg_)<\/p>\n<p>Herstellerreferenzen (OEM-Code) zur Orientierung :<br \/>\n6000 617 161, 6000 617 411, 6000 617 494, 54310 00Q0A, 54310 00QAB, 5432 000 QAA, 5432 500 QAB, 44 08 053, 44 08 054, 44 08 056, 44 17 664, 44 20 903, 91165309, 91165312, 91166315, 93 86 2241, 93160623, 93858805, 77 01 207 491, 82 00 010 493, 82 00 010 518, 82 00 904 007<\/p>\n<p>Neue Teile, die mit Rechnung verkauft werden. Alle unsere Produkte haben eine Garantie von 2 Jahren.<\/p>\n","protected":false},"excerpt":{"rendered":"<p>Satz f\u00fcr die obere Position der vorderen Sto\u00dfd\u00e4mpfer, Distanzst\u00fccke, Lager, Unterlegscheiben und Muttern, passend f\u00fcr die folgenden Fahrzeuge: Fiat Talento Bus (296_) Fiat Talento Plattform\/Chassis (296_) Fiat Talento van (296_) Nissan NV300 kombi (x82) Nissan NV300 Plattform\/Fahrgestell (x82) Nissan NV300 van (x82) Nissan Primastar Bus (x83) Nissan Primastar Plattform\/Fahrgestell (x83) Nissan Primastar van (x83) Opel [&hellip;]<\/p>\n","protected":false},"featured_media":108164,"template":"","meta":[],"product_brand":[],"product_cat":[938,6040,950,6045,6046,1324,940,1368,933,1436],"product_tag":[],"class_list":{"0":"post-108172","1":"product","2":"type-product","3":"status-publish","4":"has-post-thumbnail","6":"product_cat-fiat","7":"product_cat-talento-296","8":"product_cat-nissan","9":"product_cat-nv300-x82","10":"product_cat-nv300-x82-de","11":"product_cat-primastar","12":"product_cat-opel","13":"product_cat-vivaro","14":"product_cat-renault","15":"product_cat-trafic","17":"first","18":"instock","19":"shipping-taxable","20":"purchasable","21":"product-type-simple"},"yoast_head":"<!-- This site is optimized with the Yoast SEO Premium plugin v23.0 (Yoast SEO v27.4) - https:\/\/yoast.com\/product\/yoast-seo-premium-wordpress\/ -->\n<title>Distanzst\u00fccke und Lager der vorderen Sto\u00dfd\u00e4mpfer,Talento, NV300, Primastar, Vivaro, Trafic II\/III - SILENT BLOCKS<\/title>\n<meta name=\"description\" content=\"Distanzst\u00fccke und Lager der vorderen Sto\u00dfd\u00e4mpfer f\u00fcr Fiat Talento, Nissan NV300, Primastar, Opel Vivaro, Renault Trafic II\/III, oem 6000617161, 6000617411\" \/>\n<meta name=\"robots\" content=\"index, follow, max-snippet:-1, max-image-preview:large, max-video-preview:-1\" \/>\n<link rel=\"canonical\" href=\"https:\/\/www.silentblocks.com\/de\/produkt\/distanzstuecke-und-lager-der-vorderen-stossdaempfertalento-nv300-primastar-vivaro-trafic-ii-iii\/\" \/>\n<meta property=\"og:locale\" content=\"de_DE\" \/>\n<meta property=\"og:type\" content=\"article\" \/>\n<meta property=\"og:title\" content=\"Distanzst\u00fccke und Lager der vorderen Sto\u00dfd\u00e4mpfer,Talento, NV300, Primastar, Vivaro, Trafic II\/III\" \/>\n<meta property=\"og:description\" content=\"Distanzst\u00fccke und Lager der vorderen Sto\u00dfd\u00e4mpfer f\u00fcr Fiat Talento, Nissan NV300, Primastar, Opel Vivaro, Renault Trafic II\/III, oem 6000617161, 6000617411\" \/>\n<meta property=\"og:url\" content=\"https:\/\/www.silentblocks.com\/de\/produkt\/distanzstuecke-und-lager-der-vorderen-stossdaempfertalento-nv300-primastar-vivaro-trafic-ii-iii\/\" \/>\n<meta property=\"og:site_name\" content=\"SILENT BLOCKS\" \/>\n<meta property=\"article:modified_time\" content=\"2026-02-17T22:25:55+00:00\" \/>\n<meta property=\"og:image\" content=\"https:\/\/www.silentblocks.com\/wp-content\/uploads\/2026\/02\/entretoises-roulement-amortisseur-avant-Trafic-II-et-III.jpg\" \/>\n\t<meta property=\"og:image:width\" content=\"1000\" \/>\n\t<meta property=\"og:image:height\" content=\"1000\" \/>\n\t<meta property=\"og:image:type\" content=\"image\/jpeg\" \/>\n<meta name=\"twitter:card\" content=\"summary_large_image\" \/>\n<meta name=\"twitter:label1\" content=\"Gesch\u00e4tzte Lesezeit\" \/>\n\t<meta name=\"twitter:data1\" content=\"1\u00a0Minute\" \/>\n<script type=\"application\/ld+json\" class=\"yoast-schema-graph\">{\"@context\":\"https:\\\/\\\/schema.org\",\"@graph\":[{\"@type\":\"WebPage\",\"@id\":\"https:\\\/\\\/www.silentblocks.com\\\/de\\\/produkt\\\/distanzstuecke-und-lager-der-vorderen-stossdaempfertalento-nv300-primastar-vivaro-trafic-ii-iii\\\/\",\"url\":\"https:\\\/\\\/www.silentblocks.com\\\/de\\\/produkt\\\/distanzstuecke-und-lager-der-vorderen-stossdaempfertalento-nv300-primastar-vivaro-trafic-ii-iii\\\/\",\"name\":\"Distanzst\u00fccke und Lager der vorderen Sto\u00dfd\u00e4mpfer,Talento, NV300, Primastar, Vivaro, Trafic II\\\/III - SILENT BLOCKS\",\"isPartOf\":{\"@id\":\"https:\\\/\\\/www.silentblocks.com\\\/de\\\/#website\"},\"primaryImageOfPage\":{\"@id\":\"https:\\\/\\\/www.silentblocks.com\\\/de\\\/produkt\\\/distanzstuecke-und-lager-der-vorderen-stossdaempfertalento-nv300-primastar-vivaro-trafic-ii-iii\\\/#primaryimage\"},\"image\":{\"@id\":\"https:\\\/\\\/www.silentblocks.com\\\/de\\\/produkt\\\/distanzstuecke-und-lager-der-vorderen-stossdaempfertalento-nv300-primastar-vivaro-trafic-ii-iii\\\/#primaryimage\"},\"thumbnailUrl\":\"https:\\\/\\\/www.silentblocks.com\\\/wp-content\\\/uploads\\\/2026\\\/02\\\/entretoises-roulement-amortisseur-avant-Trafic-II-et-III.jpg\",\"datePublished\":\"2025-10-20T18:27:43+00:00\",\"dateModified\":\"2026-02-17T22:25:55+00:00\",\"description\":\"Distanzst\u00fccke und Lager der vorderen Sto\u00dfd\u00e4mpfer f\u00fcr Fiat Talento, Nissan NV300, Primastar, Opel Vivaro, Renault Trafic II\\\/III, oem 6000617161, 6000617411\",\"breadcrumb\":{\"@id\":\"https:\\\/\\\/www.silentblocks.com\\\/de\\\/produkt\\\/distanzstuecke-und-lager-der-vorderen-stossdaempfertalento-nv300-primastar-vivaro-trafic-ii-iii\\\/#breadcrumb\"},\"inLanguage\":\"de\",\"potentialAction\":[{\"@type\":\"ReadAction\",\"target\":[\"https:\\\/\\\/www.silentblocks.com\\\/de\\\/produkt\\\/distanzstuecke-und-lager-der-vorderen-stossdaempfertalento-nv300-primastar-vivaro-trafic-ii-iii\\\/\"]}]},{\"@type\":\"ImageObject\",\"inLanguage\":\"de\",\"@id\":\"https:\\\/\\\/www.silentblocks.com\\\/de\\\/produkt\\\/distanzstuecke-und-lager-der-vorderen-stossdaempfertalento-nv300-primastar-vivaro-trafic-ii-iii\\\/#primaryimage\",\"url\":\"https:\\\/\\\/www.silentblocks.com\\\/wp-content\\\/uploads\\\/2026\\\/02\\\/entretoises-roulement-amortisseur-avant-Trafic-II-et-III.jpg\",\"contentUrl\":\"https:\\\/\\\/www.silentblocks.com\\\/wp-content\\\/uploads\\\/2026\\\/02\\\/entretoises-roulement-amortisseur-avant-Trafic-II-et-III.jpg\",\"width\":1000,\"height\":1000},{\"@type\":\"BreadcrumbList\",\"@id\":\"https:\\\/\\\/www.silentblocks.com\\\/de\\\/produkt\\\/distanzstuecke-und-lager-der-vorderen-stossdaempfertalento-nv300-primastar-vivaro-trafic-ii-iii\\\/#breadcrumb\",\"itemListElement\":[{\"@type\":\"ListItem\",\"position\":1,\"name\":\"In\u00edcio\",\"item\":\"https:\\\/\\\/www.silentblocks.com\\\/de\\\/\"},{\"@type\":\"ListItem\",\"position\":2,\"name\":\"Page boutique\",\"item\":\"https:\\\/\\\/www.silentblocks.com\\\/shop-2\\\/\"},{\"@type\":\"ListItem\",\"position\":3,\"name\":\"Distanzst\u00fccke und Lager der vorderen Sto\u00dfd\u00e4mpfer,Talento, NV300, Primastar, Vivaro, Trafic II\\\/III\"}]},{\"@type\":\"WebSite\",\"@id\":\"https:\\\/\\\/www.silentblocks.com\\\/de\\\/#website\",\"url\":\"https:\\\/\\\/www.silentblocks.com\\\/de\\\/\",\"name\":\"SILENTBLOCKS\",\"description\":\"Secure on the road\",\"publisher\":{\"@id\":\"https:\\\/\\\/www.silentblocks.com\\\/de\\\/#organization\"},\"potentialAction\":[{\"@type\":\"SearchAction\",\"target\":{\"@type\":\"EntryPoint\",\"urlTemplate\":\"https:\\\/\\\/www.silentblocks.com\\\/de\\\/?s={search_term_string}\"},\"query-input\":{\"@type\":\"PropertyValueSpecification\",\"valueRequired\":true,\"valueName\":\"search_term_string\"}}],\"inLanguage\":\"de\"},{\"@type\":\"Organization\",\"@id\":\"https:\\\/\\\/www.silentblocks.com\\\/de\\\/#organization\",\"name\":\"SILENTBLOCKS\",\"url\":\"https:\\\/\\\/www.silentblocks.com\\\/de\\\/\",\"logo\":{\"@type\":\"ImageObject\",\"inLanguage\":\"de\",\"@id\":\"https:\\\/\\\/www.silentblocks.com\\\/de\\\/#\\\/schema\\\/logo\\\/image\\\/\",\"url\":\"https:\\\/\\\/www.silentblocks.com\\\/wp-content\\\/uploads\\\/2023\\\/07\\\/logo211-sem-fundo_2012-PARA-BOUTIQUE-EBAY.png\",\"contentUrl\":\"https:\\\/\\\/www.silentblocks.com\\\/wp-content\\\/uploads\\\/2023\\\/07\\\/logo211-sem-fundo_2012-PARA-BOUTIQUE-EBAY.png\",\"width\":300,\"height\":190,\"caption\":\"SILENTBLOCKS\"},\"image\":{\"@id\":\"https:\\\/\\\/www.silentblocks.com\\\/de\\\/#\\\/schema\\\/logo\\\/image\\\/\"}}]}<\/script>\n<!-- \/ Yoast SEO Premium plugin. -->","yoast_head_json":{"title":"Distanzst\u00fccke und Lager der vorderen Sto\u00dfd\u00e4mpfer,Talento, NV300, Primastar, Vivaro, Trafic II\/III - SILENT BLOCKS","description":"Distanzst\u00fccke und Lager der vorderen Sto\u00dfd\u00e4mpfer f\u00fcr Fiat Talento, Nissan NV300, Primastar, Opel Vivaro, Renault Trafic II\/III, oem 6000617161, 6000617411","robots":{"index":"index","follow":"follow","max-snippet":"max-snippet:-1","max-image-preview":"max-image-preview:large","max-video-preview":"max-video-preview:-1"},"canonical":"https:\/\/www.silentblocks.com\/de\/produkt\/distanzstuecke-und-lager-der-vorderen-stossdaempfertalento-nv300-primastar-vivaro-trafic-ii-iii\/","og_locale":"de_DE","og_type":"article","og_title":"Distanzst\u00fccke und Lager der vorderen Sto\u00dfd\u00e4mpfer,Talento, NV300, Primastar, Vivaro, Trafic II\/III","og_description":"Distanzst\u00fccke und Lager der vorderen Sto\u00dfd\u00e4mpfer f\u00fcr Fiat Talento, Nissan NV300, Primastar, Opel Vivaro, Renault Trafic II\/III, oem 6000617161, 6000617411","og_url":"https:\/\/www.silentblocks.com\/de\/produkt\/distanzstuecke-und-lager-der-vorderen-stossdaempfertalento-nv300-primastar-vivaro-trafic-ii-iii\/","og_site_name":"SILENT BLOCKS","article_modified_time":"2026-02-17T22:25:55+00:00","og_image":[{"width":1000,"height":1000,"url":"https:\/\/www.silentblocks.com\/wp-content\/uploads\/2026\/02\/entretoises-roulement-amortisseur-avant-Trafic-II-et-III.jpg","type":"image\/jpeg"}],"twitter_card":"summary_large_image","twitter_misc":{"Gesch\u00e4tzte Lesezeit":"1\u00a0Minute"},"schema":{"@context":"https:\/\/schema.org","@graph":[{"@type":"WebPage","@id":"https:\/\/www.silentblocks.com\/de\/produkt\/distanzstuecke-und-lager-der-vorderen-stossdaempfertalento-nv300-primastar-vivaro-trafic-ii-iii\/","url":"https:\/\/www.silentblocks.com\/de\/produkt\/distanzstuecke-und-lager-der-vorderen-stossdaempfertalento-nv300-primastar-vivaro-trafic-ii-iii\/","name":"Distanzst\u00fccke und Lager der vorderen Sto\u00dfd\u00e4mpfer,Talento, NV300, Primastar, Vivaro, Trafic II\/III - SILENT BLOCKS","isPartOf":{"@id":"https:\/\/www.silentblocks.com\/de\/#website"},"primaryImageOfPage":{"@id":"https:\/\/www.silentblocks.com\/de\/produkt\/distanzstuecke-und-lager-der-vorderen-stossdaempfertalento-nv300-primastar-vivaro-trafic-ii-iii\/#primaryimage"},"image":{"@id":"https:\/\/www.silentblocks.com\/de\/produkt\/distanzstuecke-und-lager-der-vorderen-stossdaempfertalento-nv300-primastar-vivaro-trafic-ii-iii\/#primaryimage"},"thumbnailUrl":"https:\/\/www.silentblocks.com\/wp-content\/uploads\/2026\/02\/entretoises-roulement-amortisseur-avant-Trafic-II-et-III.jpg","datePublished":"2025-10-20T18:27:43+00:00","dateModified":"2026-02-17T22:25:55+00:00","description":"Distanzst\u00fccke und Lager der vorderen Sto\u00dfd\u00e4mpfer f\u00fcr Fiat Talento, Nissan NV300, Primastar, Opel Vivaro, Renault Trafic II\/III, oem 6000617161, 6000617411","breadcrumb":{"@id":"https:\/\/www.silentblocks.com\/de\/produkt\/distanzstuecke-und-lager-der-vorderen-stossdaempfertalento-nv300-primastar-vivaro-trafic-ii-iii\/#breadcrumb"},"inLanguage":"de","potentialAction":[{"@type":"ReadAction","target":["https:\/\/www.silentblocks.com\/de\/produkt\/distanzstuecke-und-lager-der-vorderen-stossdaempfertalento-nv300-primastar-vivaro-trafic-ii-iii\/"]}]},{"@type":"ImageObject","inLanguage":"de","@id":"https:\/\/www.silentblocks.com\/de\/produkt\/distanzstuecke-und-lager-der-vorderen-stossdaempfertalento-nv300-primastar-vivaro-trafic-ii-iii\/#primaryimage","url":"https:\/\/www.silentblocks.com\/wp-content\/uploads\/2026\/02\/entretoises-roulement-amortisseur-avant-Trafic-II-et-III.jpg","contentUrl":"https:\/\/www.silentblocks.com\/wp-content\/uploads\/2026\/02\/entretoises-roulement-amortisseur-avant-Trafic-II-et-III.jpg","width":1000,"height":1000},{"@type":"BreadcrumbList","@id":"https:\/\/www.silentblocks.com\/de\/produkt\/distanzstuecke-und-lager-der-vorderen-stossdaempfertalento-nv300-primastar-vivaro-trafic-ii-iii\/#breadcrumb","itemListElement":[{"@type":"ListItem","position":1,"name":"In\u00edcio","item":"https:\/\/www.silentblocks.com\/de\/"},{"@type":"ListItem","position":2,"name":"Page boutique","item":"https:\/\/www.silentblocks.com\/shop-2\/"},{"@type":"ListItem","position":3,"name":"Distanzst\u00fccke und Lager der vorderen Sto\u00dfd\u00e4mpfer,Talento, NV300, Primastar, Vivaro, Trafic II\/III"}]},{"@type":"WebSite","@id":"https:\/\/www.silentblocks.com\/de\/#website","url":"https:\/\/www.silentblocks.com\/de\/","name":"SILENTBLOCKS","description":"Secure on the road","publisher":{"@id":"https:\/\/www.silentblocks.com\/de\/#organization"},"potentialAction":[{"@type":"SearchAction","target":{"@type":"EntryPoint","urlTemplate":"https:\/\/www.silentblocks.com\/de\/?s={search_term_string}"},"query-input":{"@type":"PropertyValueSpecification","valueRequired":true,"valueName":"search_term_string"}}],"inLanguage":"de"},{"@type":"Organization","@id":"https:\/\/www.silentblocks.com\/de\/#organization","name":"SILENTBLOCKS","url":"https:\/\/www.silentblocks.com\/de\/","logo":{"@type":"ImageObject","inLanguage":"de","@id":"https:\/\/www.silentblocks.com\/de\/#\/schema\/logo\/image\/","url":"https:\/\/www.silentblocks.com\/wp-content\/uploads\/2023\/07\/logo211-sem-fundo_2012-PARA-BOUTIQUE-EBAY.png","contentUrl":"https:\/\/www.silentblocks.com\/wp-content\/uploads\/2023\/07\/logo211-sem-fundo_2012-PARA-BOUTIQUE-EBAY.png","width":300,"height":190,"caption":"SILENTBLOCKS"},"image":{"@id":"https:\/\/www.silentblocks.com\/de\/#\/schema\/logo\/image\/"}}]}},"_links":{"self":[{"href":"https:\/\/www.silentblocks.com\/de\/wp-json\/wp\/v2\/product\/108172","targetHints":{"allow":["GET"]}}],"collection":[{"href":"https:\/\/www.silentblocks.com\/de\/wp-json\/wp\/v2\/product"}],"about":[{"href":"https:\/\/www.silentblocks.com\/de\/wp-json\/wp\/v2\/types\/product"}],"version-history":[{"count":0,"href":"https:\/\/www.silentblocks.com\/de\/wp-json\/wp\/v2\/product\/108172\/revisions"}],"wp:featuredmedia":[{"embeddable":true,"href":"https:\/\/www.silentblocks.com\/de\/wp-json\/wp\/v2\/media\/108164"}],"wp:attachment":[{"href":"https:\/\/www.silentblocks.com\/de\/wp-json\/wp\/v2\/media?parent=108172"}],"wp:term":[{"taxonomy":"product_brand","embeddable":true,"href":"https:\/\/www.silentblocks.com\/de\/wp-json\/wp\/v2\/product_brand?post=108172"},{"taxonomy":"product_cat","embeddable":true,"href":"https:\/\/www.silentblocks.com\/de\/wp-json\/wp\/v2\/product_cat?post=108172"},{"taxonomy":"product_tag","embeddable":true,"href":"https:\/\/www.silentblocks.com\/de\/wp-json\/wp\/v2\/product_tag?post=108172"}],"curies":[{"name":"wp","href":"https:\/\/api.w.org\/{rel}","templated":true}]}}