{"id":109525,"date":"2025-11-19T10:14:52","date_gmt":"2025-11-19T10:14:52","guid":{"rendered":"https:\/\/www.silentblocks.com\/product\/motortrager-achstrager-buchsen-fluence-megane-iii-scenic-iii-copie\/"},"modified":"2026-02-17T22:29:19","modified_gmt":"2026-02-17T22:29:19","slug":"motortrager-achstrager-buchsen-fluence-megane-iii-scenic-iii-copie","status":"publish","type":"product","link":"https:\/\/www.silentblocks.com\/de\/produkt\/motortrager-achstrager-buchsen-fluence-megane-iii-scenic-iii-copie\/","title":{"rendered":"Motortr\u00e4ger achstr\u00e4ger buchsen, Fluence, Megane III, Scenic III"},"content":{"rendered":"<p>Satz mit 4 buchsen f\u00fcr die vordere Wiege, passend f\u00fcr die folgenden Fahrzeuge:<br \/>\nRenault Fluence (2010-2018)<br \/>\nRenault Megane III (2008-2016)<br \/>\nRenault Scenic III (2009-2016)<\/p>\n<p>Herstellerreferenzen (OEM-Code) zur Orientierung :<br \/>\n544014599R, 544640005R, 544010250R, 544010507R, 544016171R, 544640005R, 544019321R, 544015243R, 544010507R, 544668055R, 544012717R, 544017928R, 544010579R, 544019725R, 544016787R, 544010250R, 544016798R, 544017250R, 544014599R, 544017250R, 544014599R, 544015725R, 54401787R, 54401787R, 544010250R, 544016798R.<\/p>\n<p>Neue Teile, die mit Rechnung verkauft werden. Alle unsere Produkte haben eine Garantie von 2 Jahren.<\/p>\n","protected":false},"excerpt":{"rendered":"<p>2 Motortr\u00e4gerbuchsen, Renault Fluence, Megane III, Scenic III<\/p>\n","protected":false},"featured_media":109521,"template":"","meta":[],"product_brand":[],"product_cat":[933,1416,1710,1427,1711,3460,1434],"product_tag":[],"class_list":{"0":"post-109525","1":"product","2":"type-product","3":"status-publish","4":"has-post-thumbnail","6":"product_cat-renault","7":"product_cat-fluence","8":"product_cat-megane","9":"product_cat-megane-iii","10":"product_cat-scenic","11":"product_cat-scenic-de","12":"product_cat-scenic-iii","14":"first","15":"instock","16":"shipping-taxable","17":"purchasable","18":"product-type-simple"},"yoast_head":"<!-- This site is optimized with the Yoast SEO Premium plugin v23.0 (Yoast SEO v27.4) - https:\/\/yoast.com\/product\/yoast-seo-premium-wordpress\/ -->\n<title>Motortr\u00e4ger achstr\u00e4ger buchsen, Fluence, Megane III, Scenic III - SILENT BLOCKS<\/title>\n<meta name=\"description\" content=\"Buchsen Motorhalterung f\u00fcr Renault Fluence, Renault Megane III, Renault Scenic III, kompatibel mit OEM 544014599R, 544640005R, 544010250R, 544019725R\" \/>\n<meta name=\"robots\" content=\"index, follow, max-snippet:-1, max-image-preview:large, max-video-preview:-1\" \/>\n<link rel=\"canonical\" href=\"https:\/\/www.silentblocks.com\/de\/produkt\/motortrager-achstrager-buchsen-fluence-megane-iii-scenic-iii-copie\/\" \/>\n<meta property=\"og:locale\" content=\"de_DE\" \/>\n<meta property=\"og:type\" content=\"article\" \/>\n<meta property=\"og:title\" content=\"Motortr\u00e4ger achstr\u00e4ger buchsen, Fluence, Megane III, Scenic III\" \/>\n<meta property=\"og:description\" content=\"Buchsen Motorhalterung f\u00fcr Renault Fluence, Renault Megane III, Renault Scenic III, kompatibel mit OEM 544014599R, 544640005R, 544010250R, 544019725R\" \/>\n<meta property=\"og:url\" content=\"https:\/\/www.silentblocks.com\/de\/produkt\/motortrager-achstrager-buchsen-fluence-megane-iii-scenic-iii-copie\/\" \/>\n<meta property=\"og:site_name\" content=\"SILENT BLOCKS\" \/>\n<meta property=\"article:modified_time\" content=\"2026-02-17T22:29:19+00:00\" \/>\n<meta property=\"og:image\" content=\"https:\/\/www.silentblocks.com\/wp-content\/uploads\/2026\/02\/silentblocs-berceau-Scenic-III.jpg\" \/>\n\t<meta property=\"og:image:width\" content=\"1000\" \/>\n\t<meta property=\"og:image:height\" content=\"1000\" \/>\n\t<meta property=\"og:image:type\" content=\"image\/jpeg\" \/>\n<meta name=\"twitter:card\" content=\"summary_large_image\" \/>\n<script type=\"application\/ld+json\" class=\"yoast-schema-graph\">{\"@context\":\"https:\\\/\\\/schema.org\",\"@graph\":[{\"@type\":\"WebPage\",\"@id\":\"https:\\\/\\\/www.silentblocks.com\\\/de\\\/produkt\\\/motortrager-achstrager-buchsen-fluence-megane-iii-scenic-iii-copie\\\/\",\"url\":\"https:\\\/\\\/www.silentblocks.com\\\/de\\\/produkt\\\/motortrager-achstrager-buchsen-fluence-megane-iii-scenic-iii-copie\\\/\",\"name\":\"Motortr\u00e4ger achstr\u00e4ger buchsen, Fluence, Megane III, Scenic III - SILENT BLOCKS\",\"isPartOf\":{\"@id\":\"https:\\\/\\\/www.silentblocks.com\\\/de\\\/#website\"},\"primaryImageOfPage\":{\"@id\":\"https:\\\/\\\/www.silentblocks.com\\\/de\\\/produkt\\\/motortrager-achstrager-buchsen-fluence-megane-iii-scenic-iii-copie\\\/#primaryimage\"},\"image\":{\"@id\":\"https:\\\/\\\/www.silentblocks.com\\\/de\\\/produkt\\\/motortrager-achstrager-buchsen-fluence-megane-iii-scenic-iii-copie\\\/#primaryimage\"},\"thumbnailUrl\":\"https:\\\/\\\/www.silentblocks.com\\\/wp-content\\\/uploads\\\/2026\\\/02\\\/silentblocs-berceau-Scenic-III.jpg\",\"datePublished\":\"2025-11-19T10:14:52+00:00\",\"dateModified\":\"2026-02-17T22:29:19+00:00\",\"description\":\"Buchsen Motorhalterung f\u00fcr Renault Fluence, Renault Megane III, Renault Scenic III, kompatibel mit OEM 544014599R, 544640005R, 544010250R, 544019725R\",\"breadcrumb\":{\"@id\":\"https:\\\/\\\/www.silentblocks.com\\\/de\\\/produkt\\\/motortrager-achstrager-buchsen-fluence-megane-iii-scenic-iii-copie\\\/#breadcrumb\"},\"inLanguage\":\"de\",\"potentialAction\":[{\"@type\":\"ReadAction\",\"target\":[\"https:\\\/\\\/www.silentblocks.com\\\/de\\\/produkt\\\/motortrager-achstrager-buchsen-fluence-megane-iii-scenic-iii-copie\\\/\"]}]},{\"@type\":\"ImageObject\",\"inLanguage\":\"de\",\"@id\":\"https:\\\/\\\/www.silentblocks.com\\\/de\\\/produkt\\\/motortrager-achstrager-buchsen-fluence-megane-iii-scenic-iii-copie\\\/#primaryimage\",\"url\":\"https:\\\/\\\/www.silentblocks.com\\\/wp-content\\\/uploads\\\/2026\\\/02\\\/silentblocs-berceau-Scenic-III.jpg\",\"contentUrl\":\"https:\\\/\\\/www.silentblocks.com\\\/wp-content\\\/uploads\\\/2026\\\/02\\\/silentblocs-berceau-Scenic-III.jpg\",\"width\":1000,\"height\":1000},{\"@type\":\"BreadcrumbList\",\"@id\":\"https:\\\/\\\/www.silentblocks.com\\\/de\\\/produkt\\\/motortrager-achstrager-buchsen-fluence-megane-iii-scenic-iii-copie\\\/#breadcrumb\",\"itemListElement\":[{\"@type\":\"ListItem\",\"position\":1,\"name\":\"In\u00edcio\",\"item\":\"https:\\\/\\\/www.silentblocks.com\\\/de\\\/\"},{\"@type\":\"ListItem\",\"position\":2,\"name\":\"Page boutique\",\"item\":\"https:\\\/\\\/www.silentblocks.com\\\/shop-2\\\/\"},{\"@type\":\"ListItem\",\"position\":3,\"name\":\"Motortr\u00e4ger achstr\u00e4ger buchsen, Fluence, Megane III, Scenic III\"}]},{\"@type\":\"WebSite\",\"@id\":\"https:\\\/\\\/www.silentblocks.com\\\/de\\\/#website\",\"url\":\"https:\\\/\\\/www.silentblocks.com\\\/de\\\/\",\"name\":\"SILENTBLOCKS\",\"description\":\"Secure on the road\",\"publisher\":{\"@id\":\"https:\\\/\\\/www.silentblocks.com\\\/de\\\/#organization\"},\"potentialAction\":[{\"@type\":\"SearchAction\",\"target\":{\"@type\":\"EntryPoint\",\"urlTemplate\":\"https:\\\/\\\/www.silentblocks.com\\\/de\\\/?s={search_term_string}\"},\"query-input\":{\"@type\":\"PropertyValueSpecification\",\"valueRequired\":true,\"valueName\":\"search_term_string\"}}],\"inLanguage\":\"de\"},{\"@type\":\"Organization\",\"@id\":\"https:\\\/\\\/www.silentblocks.com\\\/de\\\/#organization\",\"name\":\"SILENTBLOCKS\",\"url\":\"https:\\\/\\\/www.silentblocks.com\\\/de\\\/\",\"logo\":{\"@type\":\"ImageObject\",\"inLanguage\":\"de\",\"@id\":\"https:\\\/\\\/www.silentblocks.com\\\/de\\\/#\\\/schema\\\/logo\\\/image\\\/\",\"url\":\"https:\\\/\\\/www.silentblocks.com\\\/wp-content\\\/uploads\\\/2023\\\/07\\\/logo211-sem-fundo_2012-PARA-BOUTIQUE-EBAY.png\",\"contentUrl\":\"https:\\\/\\\/www.silentblocks.com\\\/wp-content\\\/uploads\\\/2023\\\/07\\\/logo211-sem-fundo_2012-PARA-BOUTIQUE-EBAY.png\",\"width\":300,\"height\":190,\"caption\":\"SILENTBLOCKS\"},\"image\":{\"@id\":\"https:\\\/\\\/www.silentblocks.com\\\/de\\\/#\\\/schema\\\/logo\\\/image\\\/\"}}]}<\/script>\n<!-- \/ Yoast SEO Premium plugin. -->","yoast_head_json":{"title":"Motortr\u00e4ger achstr\u00e4ger buchsen, Fluence, Megane III, Scenic III - SILENT BLOCKS","description":"Buchsen Motorhalterung f\u00fcr Renault Fluence, Renault Megane III, Renault Scenic III, kompatibel mit OEM 544014599R, 544640005R, 544010250R, 544019725R","robots":{"index":"index","follow":"follow","max-snippet":"max-snippet:-1","max-image-preview":"max-image-preview:large","max-video-preview":"max-video-preview:-1"},"canonical":"https:\/\/www.silentblocks.com\/de\/produkt\/motortrager-achstrager-buchsen-fluence-megane-iii-scenic-iii-copie\/","og_locale":"de_DE","og_type":"article","og_title":"Motortr\u00e4ger achstr\u00e4ger buchsen, Fluence, Megane III, Scenic III","og_description":"Buchsen Motorhalterung f\u00fcr Renault Fluence, Renault Megane III, Renault Scenic III, kompatibel mit OEM 544014599R, 544640005R, 544010250R, 544019725R","og_url":"https:\/\/www.silentblocks.com\/de\/produkt\/motortrager-achstrager-buchsen-fluence-megane-iii-scenic-iii-copie\/","og_site_name":"SILENT BLOCKS","article_modified_time":"2026-02-17T22:29:19+00:00","og_image":[{"width":1000,"height":1000,"url":"https:\/\/www.silentblocks.com\/wp-content\/uploads\/2026\/02\/silentblocs-berceau-Scenic-III.jpg","type":"image\/jpeg"}],"twitter_card":"summary_large_image","schema":{"@context":"https:\/\/schema.org","@graph":[{"@type":"WebPage","@id":"https:\/\/www.silentblocks.com\/de\/produkt\/motortrager-achstrager-buchsen-fluence-megane-iii-scenic-iii-copie\/","url":"https:\/\/www.silentblocks.com\/de\/produkt\/motortrager-achstrager-buchsen-fluence-megane-iii-scenic-iii-copie\/","name":"Motortr\u00e4ger achstr\u00e4ger buchsen, Fluence, Megane III, Scenic III - SILENT BLOCKS","isPartOf":{"@id":"https:\/\/www.silentblocks.com\/de\/#website"},"primaryImageOfPage":{"@id":"https:\/\/www.silentblocks.com\/de\/produkt\/motortrager-achstrager-buchsen-fluence-megane-iii-scenic-iii-copie\/#primaryimage"},"image":{"@id":"https:\/\/www.silentblocks.com\/de\/produkt\/motortrager-achstrager-buchsen-fluence-megane-iii-scenic-iii-copie\/#primaryimage"},"thumbnailUrl":"https:\/\/www.silentblocks.com\/wp-content\/uploads\/2026\/02\/silentblocs-berceau-Scenic-III.jpg","datePublished":"2025-11-19T10:14:52+00:00","dateModified":"2026-02-17T22:29:19+00:00","description":"Buchsen Motorhalterung f\u00fcr Renault Fluence, Renault Megane III, Renault Scenic III, kompatibel mit OEM 544014599R, 544640005R, 544010250R, 544019725R","breadcrumb":{"@id":"https:\/\/www.silentblocks.com\/de\/produkt\/motortrager-achstrager-buchsen-fluence-megane-iii-scenic-iii-copie\/#breadcrumb"},"inLanguage":"de","potentialAction":[{"@type":"ReadAction","target":["https:\/\/www.silentblocks.com\/de\/produkt\/motortrager-achstrager-buchsen-fluence-megane-iii-scenic-iii-copie\/"]}]},{"@type":"ImageObject","inLanguage":"de","@id":"https:\/\/www.silentblocks.com\/de\/produkt\/motortrager-achstrager-buchsen-fluence-megane-iii-scenic-iii-copie\/#primaryimage","url":"https:\/\/www.silentblocks.com\/wp-content\/uploads\/2026\/02\/silentblocs-berceau-Scenic-III.jpg","contentUrl":"https:\/\/www.silentblocks.com\/wp-content\/uploads\/2026\/02\/silentblocs-berceau-Scenic-III.jpg","width":1000,"height":1000},{"@type":"BreadcrumbList","@id":"https:\/\/www.silentblocks.com\/de\/produkt\/motortrager-achstrager-buchsen-fluence-megane-iii-scenic-iii-copie\/#breadcrumb","itemListElement":[{"@type":"ListItem","position":1,"name":"In\u00edcio","item":"https:\/\/www.silentblocks.com\/de\/"},{"@type":"ListItem","position":2,"name":"Page boutique","item":"https:\/\/www.silentblocks.com\/shop-2\/"},{"@type":"ListItem","position":3,"name":"Motortr\u00e4ger achstr\u00e4ger buchsen, Fluence, Megane III, Scenic III"}]},{"@type":"WebSite","@id":"https:\/\/www.silentblocks.com\/de\/#website","url":"https:\/\/www.silentblocks.com\/de\/","name":"SILENTBLOCKS","description":"Secure on the road","publisher":{"@id":"https:\/\/www.silentblocks.com\/de\/#organization"},"potentialAction":[{"@type":"SearchAction","target":{"@type":"EntryPoint","urlTemplate":"https:\/\/www.silentblocks.com\/de\/?s={search_term_string}"},"query-input":{"@type":"PropertyValueSpecification","valueRequired":true,"valueName":"search_term_string"}}],"inLanguage":"de"},{"@type":"Organization","@id":"https:\/\/www.silentblocks.com\/de\/#organization","name":"SILENTBLOCKS","url":"https:\/\/www.silentblocks.com\/de\/","logo":{"@type":"ImageObject","inLanguage":"de","@id":"https:\/\/www.silentblocks.com\/de\/#\/schema\/logo\/image\/","url":"https:\/\/www.silentblocks.com\/wp-content\/uploads\/2023\/07\/logo211-sem-fundo_2012-PARA-BOUTIQUE-EBAY.png","contentUrl":"https:\/\/www.silentblocks.com\/wp-content\/uploads\/2023\/07\/logo211-sem-fundo_2012-PARA-BOUTIQUE-EBAY.png","width":300,"height":190,"caption":"SILENTBLOCKS"},"image":{"@id":"https:\/\/www.silentblocks.com\/de\/#\/schema\/logo\/image\/"}}]}},"_links":{"self":[{"href":"https:\/\/www.silentblocks.com\/de\/wp-json\/wp\/v2\/product\/109525","targetHints":{"allow":["GET"]}}],"collection":[{"href":"https:\/\/www.silentblocks.com\/de\/wp-json\/wp\/v2\/product"}],"about":[{"href":"https:\/\/www.silentblocks.com\/de\/wp-json\/wp\/v2\/types\/product"}],"version-history":[{"count":0,"href":"https:\/\/www.silentblocks.com\/de\/wp-json\/wp\/v2\/product\/109525\/revisions"}],"wp:featuredmedia":[{"embeddable":true,"href":"https:\/\/www.silentblocks.com\/de\/wp-json\/wp\/v2\/media\/109521"}],"wp:attachment":[{"href":"https:\/\/www.silentblocks.com\/de\/wp-json\/wp\/v2\/media?parent=109525"}],"wp:term":[{"taxonomy":"product_brand","embeddable":true,"href":"https:\/\/www.silentblocks.com\/de\/wp-json\/wp\/v2\/product_brand?post=109525"},{"taxonomy":"product_cat","embeddable":true,"href":"https:\/\/www.silentblocks.com\/de\/wp-json\/wp\/v2\/product_cat?post=109525"},{"taxonomy":"product_tag","embeddable":true,"href":"https:\/\/www.silentblocks.com\/de\/wp-json\/wp\/v2\/product_tag?post=109525"}],"curies":[{"name":"wp","href":"https:\/\/api.w.org\/{rel}","templated":true}]}}