{"id":111284,"date":"2025-12-16T20:05:01","date_gmt":"2025-12-16T20:05:01","guid":{"rendered":"https:\/\/www.silentblocks.com\/product\/radaufhaengungssatz-vorne-hinten-land-cruiser-j80\/"},"modified":"2026-02-17T22:33:21","modified_gmt":"2026-02-17T22:33:21","slug":"radaufhaengungssatz-vorne-hinten-land-cruiser-j80","status":"publish","type":"product","link":"https:\/\/www.silentblocks.com\/de\/produkt\/radaufhaengungssatz-vorne-hinten-land-cruiser-j80\/","title":{"rendered":"Radaufh\u00e4ngungssatz vorne\/hinten, Land Cruiser J80"},"content":{"rendered":"<p>Polyurethan-Kit f\u00fcr die Vorder- und Hinterradaufh\u00e4ngung, passend f\u00fcr die folgenden Fahrzeuge:<br \/>\nToyota Land Cruiser FJ80, FZJ80 HDJ80, HZJ80 (01.1990-02.1998)<\/p>\n<p>H\u00e4rte: 75\/90Sha<\/p>\n<p>Im Kit enthalten:<br \/>\nBuchsen an den vorderen Unterarmen (Informieren Sie uns nach der Bestellung \u00fcber Ihre Wahl, erh\u00e4ltlich in exzentrisch)<br \/>\nBuchsen f\u00fcr die Panhardst\u00e4be vorne und hinten<br \/>\nBuchsen an den hinteren oberen und unteren Armen<\/p>\n<p>Neue Teile, die mit Rechnung verkauft werden. Alle unsere Produkte haben eine Garantie von 2 Jahren.<\/p>\n","protected":false},"excerpt":{"rendered":"<p>Polyurethan-Kit f\u00fcr die Vorder- und Hinterradaufh\u00e4ngung, passend f\u00fcr die folgenden Fahrzeuge: Toyota Land Cruiser FJ80, FZJ80 HDJ80, HZJ80 (01.1990-02.1998) H\u00e4rte: 75\/90Sha Im Kit enthalten: Buchsen an den vorderen Unterarmen (Informieren Sie uns nach der Bestellung \u00fcber Ihre Wahl, erh\u00e4ltlich in exzentrisch) Buchsen f\u00fcr die Panhardst\u00e4be vorne und hinten Buchsen an den hinteren oberen und unteren [&hellip;]<\/p>\n","protected":false},"featured_media":111275,"template":"","meta":[],"product_brand":[],"product_cat":[947,6201,6204],"product_tag":[],"class_list":{"0":"post-111284","1":"product","2":"type-product","3":"status-publish","4":"has-post-thumbnail","6":"product_cat-toyota","7":"product_cat-land-cruiser-80","10":"first","11":"instock","12":"shipping-taxable","13":"purchasable","14":"product-type-simple"},"yoast_head":"<!-- This site is optimized with the Yoast SEO Premium plugin v23.0 (Yoast SEO v27.4) - https:\/\/yoast.com\/product\/yoast-seo-premium-wordpress\/ -->\n<title>Radaufh\u00e4ngungssatz vorne\/hinten, Land Cruiser J80 - SILENT BLOCKS<\/title>\n<meta name=\"robots\" content=\"index, follow, max-snippet:-1, max-image-preview:large, max-video-preview:-1\" \/>\n<link rel=\"canonical\" href=\"https:\/\/www.silentblocks.com\/de\/produkt\/radaufhaengungssatz-vorne-hinten-land-cruiser-j80\/\" \/>\n<meta property=\"og:locale\" content=\"de_DE\" \/>\n<meta property=\"og:type\" content=\"article\" \/>\n<meta property=\"og:title\" content=\"Radaufh\u00e4ngungssatz vorne\/hinten, Land Cruiser J80\" \/>\n<meta property=\"og:description\" content=\"Polyurethan-Kit f\u00fcr die Vorder- und Hinterradaufh\u00e4ngung, passend f\u00fcr die folgenden Fahrzeuge: Toyota Land Cruiser FJ80, FZJ80 HDJ80, HZJ80 (01.1990-02.1998) H\u00e4rte: 75\/90Sha Im Kit enthalten: Buchsen an den vorderen Unterarmen (Informieren Sie uns nach der Bestellung \u00fcber Ihre Wahl, erh\u00e4ltlich in exzentrisch) Buchsen f\u00fcr die Panhardst\u00e4be vorne und hinten Buchsen an den hinteren oberen und unteren [&hellip;]\" \/>\n<meta property=\"og:url\" content=\"https:\/\/www.silentblocks.com\/de\/produkt\/radaufhaengungssatz-vorne-hinten-land-cruiser-j80\/\" \/>\n<meta property=\"og:site_name\" content=\"SILENT BLOCKS\" \/>\n<meta property=\"article:modified_time\" content=\"2026-02-17T22:33:21+00:00\" \/>\n<meta property=\"og:image\" content=\"https:\/\/www.silentblocks.com\/wp-content\/uploads\/2026\/02\/kit-suspension-polyurethane-Land-Cruiser-J80.jpg\" \/>\n\t<meta property=\"og:image:width\" content=\"970\" \/>\n\t<meta property=\"og:image:height\" content=\"970\" \/>\n\t<meta property=\"og:image:type\" content=\"image\/jpeg\" \/>\n<meta name=\"twitter:card\" content=\"summary_large_image\" \/>\n<script type=\"application\/ld+json\" class=\"yoast-schema-graph\">{\"@context\":\"https:\\\/\\\/schema.org\",\"@graph\":[{\"@type\":\"WebPage\",\"@id\":\"https:\\\/\\\/www.silentblocks.com\\\/de\\\/produkt\\\/radaufhaengungssatz-vorne-hinten-land-cruiser-j80\\\/\",\"url\":\"https:\\\/\\\/www.silentblocks.com\\\/de\\\/produkt\\\/radaufhaengungssatz-vorne-hinten-land-cruiser-j80\\\/\",\"name\":\"Radaufh\u00e4ngungssatz vorne\\\/hinten, Land Cruiser J80 - SILENT BLOCKS\",\"isPartOf\":{\"@id\":\"https:\\\/\\\/www.silentblocks.com\\\/de\\\/#website\"},\"primaryImageOfPage\":{\"@id\":\"https:\\\/\\\/www.silentblocks.com\\\/de\\\/produkt\\\/radaufhaengungssatz-vorne-hinten-land-cruiser-j80\\\/#primaryimage\"},\"image\":{\"@id\":\"https:\\\/\\\/www.silentblocks.com\\\/de\\\/produkt\\\/radaufhaengungssatz-vorne-hinten-land-cruiser-j80\\\/#primaryimage\"},\"thumbnailUrl\":\"https:\\\/\\\/www.silentblocks.com\\\/wp-content\\\/uploads\\\/2026\\\/02\\\/kit-suspension-polyurethane-Land-Cruiser-J80.jpg\",\"datePublished\":\"2025-12-16T20:05:01+00:00\",\"dateModified\":\"2026-02-17T22:33:21+00:00\",\"breadcrumb\":{\"@id\":\"https:\\\/\\\/www.silentblocks.com\\\/de\\\/produkt\\\/radaufhaengungssatz-vorne-hinten-land-cruiser-j80\\\/#breadcrumb\"},\"inLanguage\":\"de\",\"potentialAction\":[{\"@type\":\"ReadAction\",\"target\":[\"https:\\\/\\\/www.silentblocks.com\\\/de\\\/produkt\\\/radaufhaengungssatz-vorne-hinten-land-cruiser-j80\\\/\"]}]},{\"@type\":\"ImageObject\",\"inLanguage\":\"de\",\"@id\":\"https:\\\/\\\/www.silentblocks.com\\\/de\\\/produkt\\\/radaufhaengungssatz-vorne-hinten-land-cruiser-j80\\\/#primaryimage\",\"url\":\"https:\\\/\\\/www.silentblocks.com\\\/wp-content\\\/uploads\\\/2026\\\/02\\\/kit-suspension-polyurethane-Land-Cruiser-J80.jpg\",\"contentUrl\":\"https:\\\/\\\/www.silentblocks.com\\\/wp-content\\\/uploads\\\/2026\\\/02\\\/kit-suspension-polyurethane-Land-Cruiser-J80.jpg\",\"width\":970,\"height\":970},{\"@type\":\"BreadcrumbList\",\"@id\":\"https:\\\/\\\/www.silentblocks.com\\\/de\\\/produkt\\\/radaufhaengungssatz-vorne-hinten-land-cruiser-j80\\\/#breadcrumb\",\"itemListElement\":[{\"@type\":\"ListItem\",\"position\":1,\"name\":\"In\u00edcio\",\"item\":\"https:\\\/\\\/www.silentblocks.com\\\/de\\\/\"},{\"@type\":\"ListItem\",\"position\":2,\"name\":\"Page boutique\",\"item\":\"https:\\\/\\\/www.silentblocks.com\\\/shop-2\\\/\"},{\"@type\":\"ListItem\",\"position\":3,\"name\":\"Radaufh\u00e4ngungssatz vorne\\\/hinten, Land Cruiser J80\"}]},{\"@type\":\"WebSite\",\"@id\":\"https:\\\/\\\/www.silentblocks.com\\\/de\\\/#website\",\"url\":\"https:\\\/\\\/www.silentblocks.com\\\/de\\\/\",\"name\":\"SILENTBLOCKS\",\"description\":\"Secure on the road\",\"publisher\":{\"@id\":\"https:\\\/\\\/www.silentblocks.com\\\/de\\\/#organization\"},\"potentialAction\":[{\"@type\":\"SearchAction\",\"target\":{\"@type\":\"EntryPoint\",\"urlTemplate\":\"https:\\\/\\\/www.silentblocks.com\\\/de\\\/?s={search_term_string}\"},\"query-input\":{\"@type\":\"PropertyValueSpecification\",\"valueRequired\":true,\"valueName\":\"search_term_string\"}}],\"inLanguage\":\"de\"},{\"@type\":\"Organization\",\"@id\":\"https:\\\/\\\/www.silentblocks.com\\\/de\\\/#organization\",\"name\":\"SILENTBLOCKS\",\"url\":\"https:\\\/\\\/www.silentblocks.com\\\/de\\\/\",\"logo\":{\"@type\":\"ImageObject\",\"inLanguage\":\"de\",\"@id\":\"https:\\\/\\\/www.silentblocks.com\\\/de\\\/#\\\/schema\\\/logo\\\/image\\\/\",\"url\":\"https:\\\/\\\/www.silentblocks.com\\\/wp-content\\\/uploads\\\/2023\\\/07\\\/logo211-sem-fundo_2012-PARA-BOUTIQUE-EBAY.png\",\"contentUrl\":\"https:\\\/\\\/www.silentblocks.com\\\/wp-content\\\/uploads\\\/2023\\\/07\\\/logo211-sem-fundo_2012-PARA-BOUTIQUE-EBAY.png\",\"width\":300,\"height\":190,\"caption\":\"SILENTBLOCKS\"},\"image\":{\"@id\":\"https:\\\/\\\/www.silentblocks.com\\\/de\\\/#\\\/schema\\\/logo\\\/image\\\/\"}}]}<\/script>\n<!-- \/ Yoast SEO Premium plugin. -->","yoast_head_json":{"title":"Radaufh\u00e4ngungssatz vorne\/hinten, Land Cruiser J80 - SILENT BLOCKS","robots":{"index":"index","follow":"follow","max-snippet":"max-snippet:-1","max-image-preview":"max-image-preview:large","max-video-preview":"max-video-preview:-1"},"canonical":"https:\/\/www.silentblocks.com\/de\/produkt\/radaufhaengungssatz-vorne-hinten-land-cruiser-j80\/","og_locale":"de_DE","og_type":"article","og_title":"Radaufh\u00e4ngungssatz vorne\/hinten, Land Cruiser J80","og_description":"Polyurethan-Kit f\u00fcr die Vorder- und Hinterradaufh\u00e4ngung, passend f\u00fcr die folgenden Fahrzeuge: Toyota Land Cruiser FJ80, FZJ80 HDJ80, HZJ80 (01.1990-02.1998) H\u00e4rte: 75\/90Sha Im Kit enthalten: Buchsen an den vorderen Unterarmen (Informieren Sie uns nach der Bestellung \u00fcber Ihre Wahl, erh\u00e4ltlich in exzentrisch) Buchsen f\u00fcr die Panhardst\u00e4be vorne und hinten Buchsen an den hinteren oberen und unteren [&hellip;]","og_url":"https:\/\/www.silentblocks.com\/de\/produkt\/radaufhaengungssatz-vorne-hinten-land-cruiser-j80\/","og_site_name":"SILENT BLOCKS","article_modified_time":"2026-02-17T22:33:21+00:00","og_image":[{"width":970,"height":970,"url":"https:\/\/www.silentblocks.com\/wp-content\/uploads\/2026\/02\/kit-suspension-polyurethane-Land-Cruiser-J80.jpg","type":"image\/jpeg"}],"twitter_card":"summary_large_image","schema":{"@context":"https:\/\/schema.org","@graph":[{"@type":"WebPage","@id":"https:\/\/www.silentblocks.com\/de\/produkt\/radaufhaengungssatz-vorne-hinten-land-cruiser-j80\/","url":"https:\/\/www.silentblocks.com\/de\/produkt\/radaufhaengungssatz-vorne-hinten-land-cruiser-j80\/","name":"Radaufh\u00e4ngungssatz vorne\/hinten, Land Cruiser J80 - SILENT BLOCKS","isPartOf":{"@id":"https:\/\/www.silentblocks.com\/de\/#website"},"primaryImageOfPage":{"@id":"https:\/\/www.silentblocks.com\/de\/produkt\/radaufhaengungssatz-vorne-hinten-land-cruiser-j80\/#primaryimage"},"image":{"@id":"https:\/\/www.silentblocks.com\/de\/produkt\/radaufhaengungssatz-vorne-hinten-land-cruiser-j80\/#primaryimage"},"thumbnailUrl":"https:\/\/www.silentblocks.com\/wp-content\/uploads\/2026\/02\/kit-suspension-polyurethane-Land-Cruiser-J80.jpg","datePublished":"2025-12-16T20:05:01+00:00","dateModified":"2026-02-17T22:33:21+00:00","breadcrumb":{"@id":"https:\/\/www.silentblocks.com\/de\/produkt\/radaufhaengungssatz-vorne-hinten-land-cruiser-j80\/#breadcrumb"},"inLanguage":"de","potentialAction":[{"@type":"ReadAction","target":["https:\/\/www.silentblocks.com\/de\/produkt\/radaufhaengungssatz-vorne-hinten-land-cruiser-j80\/"]}]},{"@type":"ImageObject","inLanguage":"de","@id":"https:\/\/www.silentblocks.com\/de\/produkt\/radaufhaengungssatz-vorne-hinten-land-cruiser-j80\/#primaryimage","url":"https:\/\/www.silentblocks.com\/wp-content\/uploads\/2026\/02\/kit-suspension-polyurethane-Land-Cruiser-J80.jpg","contentUrl":"https:\/\/www.silentblocks.com\/wp-content\/uploads\/2026\/02\/kit-suspension-polyurethane-Land-Cruiser-J80.jpg","width":970,"height":970},{"@type":"BreadcrumbList","@id":"https:\/\/www.silentblocks.com\/de\/produkt\/radaufhaengungssatz-vorne-hinten-land-cruiser-j80\/#breadcrumb","itemListElement":[{"@type":"ListItem","position":1,"name":"In\u00edcio","item":"https:\/\/www.silentblocks.com\/de\/"},{"@type":"ListItem","position":2,"name":"Page boutique","item":"https:\/\/www.silentblocks.com\/shop-2\/"},{"@type":"ListItem","position":3,"name":"Radaufh\u00e4ngungssatz vorne\/hinten, Land Cruiser J80"}]},{"@type":"WebSite","@id":"https:\/\/www.silentblocks.com\/de\/#website","url":"https:\/\/www.silentblocks.com\/de\/","name":"SILENTBLOCKS","description":"Secure on the road","publisher":{"@id":"https:\/\/www.silentblocks.com\/de\/#organization"},"potentialAction":[{"@type":"SearchAction","target":{"@type":"EntryPoint","urlTemplate":"https:\/\/www.silentblocks.com\/de\/?s={search_term_string}"},"query-input":{"@type":"PropertyValueSpecification","valueRequired":true,"valueName":"search_term_string"}}],"inLanguage":"de"},{"@type":"Organization","@id":"https:\/\/www.silentblocks.com\/de\/#organization","name":"SILENTBLOCKS","url":"https:\/\/www.silentblocks.com\/de\/","logo":{"@type":"ImageObject","inLanguage":"de","@id":"https:\/\/www.silentblocks.com\/de\/#\/schema\/logo\/image\/","url":"https:\/\/www.silentblocks.com\/wp-content\/uploads\/2023\/07\/logo211-sem-fundo_2012-PARA-BOUTIQUE-EBAY.png","contentUrl":"https:\/\/www.silentblocks.com\/wp-content\/uploads\/2023\/07\/logo211-sem-fundo_2012-PARA-BOUTIQUE-EBAY.png","width":300,"height":190,"caption":"SILENTBLOCKS"},"image":{"@id":"https:\/\/www.silentblocks.com\/de\/#\/schema\/logo\/image\/"}}]}},"_links":{"self":[{"href":"https:\/\/www.silentblocks.com\/de\/wp-json\/wp\/v2\/product\/111284","targetHints":{"allow":["GET"]}}],"collection":[{"href":"https:\/\/www.silentblocks.com\/de\/wp-json\/wp\/v2\/product"}],"about":[{"href":"https:\/\/www.silentblocks.com\/de\/wp-json\/wp\/v2\/types\/product"}],"version-history":[{"count":0,"href":"https:\/\/www.silentblocks.com\/de\/wp-json\/wp\/v2\/product\/111284\/revisions"}],"wp:featuredmedia":[{"embeddable":true,"href":"https:\/\/www.silentblocks.com\/de\/wp-json\/wp\/v2\/media\/111275"}],"wp:attachment":[{"href":"https:\/\/www.silentblocks.com\/de\/wp-json\/wp\/v2\/media?parent=111284"}],"wp:term":[{"taxonomy":"product_brand","embeddable":true,"href":"https:\/\/www.silentblocks.com\/de\/wp-json\/wp\/v2\/product_brand?post=111284"},{"taxonomy":"product_cat","embeddable":true,"href":"https:\/\/www.silentblocks.com\/de\/wp-json\/wp\/v2\/product_cat?post=111284"},{"taxonomy":"product_tag","embeddable":true,"href":"https:\/\/www.silentblocks.com\/de\/wp-json\/wp\/v2\/product_tag?post=111284"}],"curies":[{"name":"wp","href":"https:\/\/api.w.org\/{rel}","templated":true}]}}