{"id":111628,"date":"2025-12-23T12:47:56","date_gmt":"2025-12-23T12:47:56","guid":{"rendered":"https:\/\/www.silentblocks.com\/product\/buchsen-der-hinteren-querlenker-polaris-ranger-rzr-900-1000\/"},"modified":"2026-02-17T22:33:57","modified_gmt":"2026-02-17T22:33:57","slug":"buchsen-der-hinteren-querlenker-polaris-ranger-rzr-900-1000","status":"publish","type":"product","link":"https:\/\/www.silentblocks.com\/de\/produkt\/buchsen-der-hinteren-querlenker-polaris-ranger-rzr-900-1000\/","title":{"rendered":"Buchsen der hinteren Querlenker, Polaris Ranger, RZR 900\/1000"},"content":{"rendered":"<p>Satz mit 8 Polyurethan-Buchsen f\u00fcr die beiden hinteren Querlenker, passend f\u00fcr die folgenden Fahrzeuge:<br \/>\nPolaris Ranger 900 CREW 14-16<br \/>\nPolaris Ranger 900 4&#215;4 DIESEL CREW 14<br \/>\nPolaris Ranger 900 XP 15-16<br \/>\nPolaris Ranger 900 DIESEL HST\/ DELUXE 14<br \/>\nPolaris RZR 4 XP JAGGED<br \/>\nPolaris RZR 900 50 55 INCH 15-16<br \/>\nPolaris RZR 900 60 INCH 15-16<br \/>\nPolaris RZR 1000 DIESEL 16<br \/>\nPolaris RZR 1000 DIESEL CREW 16<br \/>\nPolaris RZR 1000 60 INCH 16<br \/>\nPolaris RZR 1000 XP 14-16<br \/>\nPolaris RZR 1000 XP TURBO 16<br \/>\nPolaris RZR 1000<\/p>\n<p>H\u00e4rte: 90Sha<br \/>\nDurchmesser: \u00d821mm f\u00fcr lange Silentbl\u00f6cke und 38mm f\u00fcr kurze Silentbl\u00f6cke.<\/p>\n<p>Herstellerreferenzen (OEM-Code) zur Orientierung :<br \/>\n5438902, 5434550, 5434550, 5433065<\/p>\n<p>Neue Teile, die mit Rechnung verkauft werden. Alle unsere Produkte haben eine Garantie von 2 Jahren.<\/p>\n","protected":false},"excerpt":{"rendered":"<p>Satz mit 8 Polyurethan-Buchsen f\u00fcr die beiden hinteren Querlenker, passend f\u00fcr die folgenden Fahrzeuge: Polaris Ranger 900 CREW 14-16 Polaris Ranger 900 4&#215;4 DIESEL CREW 14 Polaris Ranger 900 XP 15-16 Polaris Ranger 900 DIESEL HST\/ DELUXE 14 Polaris RZR 4 XP JAGGED Polaris RZR 900 50 55 INCH 15-16 Polaris RZR 900 60 INCH [&hellip;]<\/p>\n","protected":false},"featured_media":111618,"template":"","meta":[],"product_brand":[],"product_cat":[4329,4330],"product_tag":[],"class_list":{"0":"post-111628","1":"product","2":"type-product","3":"status-publish","4":"has-post-thumbnail","6":"product_cat-polaris","7":"product_cat-polaris-de","9":"first","10":"instock","11":"shipping-taxable","12":"purchasable","13":"product-type-simple"},"yoast_head":"<!-- This site is optimized with the Yoast SEO Premium plugin v23.0 (Yoast SEO v27.4) - https:\/\/yoast.com\/product\/yoast-seo-premium-wordpress\/ -->\n<title>Buchsen der hinteren Querlenker, Polaris Ranger, RZR 900\/1000 - SILENT BLOCKS<\/title>\n<meta name=\"description\" content=\"Polyurethan-Buchsen f\u00fcr Hinterarme f\u00fcr Polaris Ranger, RZR 900\/1000, kompatibel mit oem 5438902, 5434550, 5434550, 5433065\" \/>\n<meta name=\"robots\" content=\"index, follow, max-snippet:-1, max-image-preview:large, max-video-preview:-1\" \/>\n<link rel=\"canonical\" href=\"https:\/\/www.silentblocks.com\/de\/produkt\/buchsen-der-hinteren-querlenker-polaris-ranger-rzr-900-1000\/\" \/>\n<meta property=\"og:locale\" content=\"de_DE\" \/>\n<meta property=\"og:type\" content=\"article\" \/>\n<meta property=\"og:title\" content=\"Buchsen der hinteren Querlenker, Polaris Ranger, RZR 900\/1000\" \/>\n<meta property=\"og:description\" content=\"Polyurethan-Buchsen f\u00fcr Hinterarme f\u00fcr Polaris Ranger, RZR 900\/1000, kompatibel mit oem 5438902, 5434550, 5434550, 5433065\" \/>\n<meta property=\"og:url\" content=\"https:\/\/www.silentblocks.com\/de\/produkt\/buchsen-der-hinteren-querlenker-polaris-ranger-rzr-900-1000\/\" \/>\n<meta property=\"og:site_name\" content=\"SILENT BLOCKS\" \/>\n<meta property=\"article:modified_time\" content=\"2026-02-17T22:33:57+00:00\" \/>\n<meta property=\"og:image\" content=\"https:\/\/www.silentblocks.com\/wp-content\/uploads\/2026\/02\/silentblocs-bras-arriere-Polaris-RANGER-900.jpg\" \/>\n\t<meta property=\"og:image:width\" content=\"1500\" \/>\n\t<meta property=\"og:image:height\" content=\"1500\" \/>\n\t<meta property=\"og:image:type\" content=\"image\/jpeg\" \/>\n<meta name=\"twitter:card\" content=\"summary_large_image\" \/>\n<meta name=\"twitter:label1\" content=\"Gesch\u00e4tzte Lesezeit\" \/>\n\t<meta name=\"twitter:data1\" content=\"1\u00a0Minute\" \/>\n<script type=\"application\/ld+json\" class=\"yoast-schema-graph\">{\"@context\":\"https:\\\/\\\/schema.org\",\"@graph\":[{\"@type\":\"WebPage\",\"@id\":\"https:\\\/\\\/www.silentblocks.com\\\/de\\\/produkt\\\/buchsen-der-hinteren-querlenker-polaris-ranger-rzr-900-1000\\\/\",\"url\":\"https:\\\/\\\/www.silentblocks.com\\\/de\\\/produkt\\\/buchsen-der-hinteren-querlenker-polaris-ranger-rzr-900-1000\\\/\",\"name\":\"Buchsen der hinteren Querlenker, Polaris Ranger, RZR 900\\\/1000 - SILENT BLOCKS\",\"isPartOf\":{\"@id\":\"https:\\\/\\\/www.silentblocks.com\\\/de\\\/#website\"},\"primaryImageOfPage\":{\"@id\":\"https:\\\/\\\/www.silentblocks.com\\\/de\\\/produkt\\\/buchsen-der-hinteren-querlenker-polaris-ranger-rzr-900-1000\\\/#primaryimage\"},\"image\":{\"@id\":\"https:\\\/\\\/www.silentblocks.com\\\/de\\\/produkt\\\/buchsen-der-hinteren-querlenker-polaris-ranger-rzr-900-1000\\\/#primaryimage\"},\"thumbnailUrl\":\"https:\\\/\\\/www.silentblocks.com\\\/wp-content\\\/uploads\\\/2026\\\/02\\\/silentblocs-bras-arriere-Polaris-RANGER-900.jpg\",\"datePublished\":\"2025-12-23T12:47:56+00:00\",\"dateModified\":\"2026-02-17T22:33:57+00:00\",\"description\":\"Polyurethan-Buchsen f\u00fcr Hinterarme f\u00fcr Polaris Ranger, RZR 900\\\/1000, kompatibel mit oem 5438902, 5434550, 5434550, 5433065\",\"breadcrumb\":{\"@id\":\"https:\\\/\\\/www.silentblocks.com\\\/de\\\/produkt\\\/buchsen-der-hinteren-querlenker-polaris-ranger-rzr-900-1000\\\/#breadcrumb\"},\"inLanguage\":\"de\",\"potentialAction\":[{\"@type\":\"ReadAction\",\"target\":[\"https:\\\/\\\/www.silentblocks.com\\\/de\\\/produkt\\\/buchsen-der-hinteren-querlenker-polaris-ranger-rzr-900-1000\\\/\"]}]},{\"@type\":\"ImageObject\",\"inLanguage\":\"de\",\"@id\":\"https:\\\/\\\/www.silentblocks.com\\\/de\\\/produkt\\\/buchsen-der-hinteren-querlenker-polaris-ranger-rzr-900-1000\\\/#primaryimage\",\"url\":\"https:\\\/\\\/www.silentblocks.com\\\/wp-content\\\/uploads\\\/2026\\\/02\\\/silentblocs-bras-arriere-Polaris-RANGER-900.jpg\",\"contentUrl\":\"https:\\\/\\\/www.silentblocks.com\\\/wp-content\\\/uploads\\\/2026\\\/02\\\/silentblocs-bras-arriere-Polaris-RANGER-900.jpg\",\"width\":1500,\"height\":1500},{\"@type\":\"BreadcrumbList\",\"@id\":\"https:\\\/\\\/www.silentblocks.com\\\/de\\\/produkt\\\/buchsen-der-hinteren-querlenker-polaris-ranger-rzr-900-1000\\\/#breadcrumb\",\"itemListElement\":[{\"@type\":\"ListItem\",\"position\":1,\"name\":\"In\u00edcio\",\"item\":\"https:\\\/\\\/www.silentblocks.com\\\/de\\\/\"},{\"@type\":\"ListItem\",\"position\":2,\"name\":\"Page boutique\",\"item\":\"https:\\\/\\\/www.silentblocks.com\\\/shop-2\\\/\"},{\"@type\":\"ListItem\",\"position\":3,\"name\":\"Buchsen der hinteren Querlenker, Polaris Ranger, RZR 900\\\/1000\"}]},{\"@type\":\"WebSite\",\"@id\":\"https:\\\/\\\/www.silentblocks.com\\\/de\\\/#website\",\"url\":\"https:\\\/\\\/www.silentblocks.com\\\/de\\\/\",\"name\":\"SILENTBLOCKS\",\"description\":\"Secure on the road\",\"publisher\":{\"@id\":\"https:\\\/\\\/www.silentblocks.com\\\/de\\\/#organization\"},\"potentialAction\":[{\"@type\":\"SearchAction\",\"target\":{\"@type\":\"EntryPoint\",\"urlTemplate\":\"https:\\\/\\\/www.silentblocks.com\\\/de\\\/?s={search_term_string}\"},\"query-input\":{\"@type\":\"PropertyValueSpecification\",\"valueRequired\":true,\"valueName\":\"search_term_string\"}}],\"inLanguage\":\"de\"},{\"@type\":\"Organization\",\"@id\":\"https:\\\/\\\/www.silentblocks.com\\\/de\\\/#organization\",\"name\":\"SILENTBLOCKS\",\"url\":\"https:\\\/\\\/www.silentblocks.com\\\/de\\\/\",\"logo\":{\"@type\":\"ImageObject\",\"inLanguage\":\"de\",\"@id\":\"https:\\\/\\\/www.silentblocks.com\\\/de\\\/#\\\/schema\\\/logo\\\/image\\\/\",\"url\":\"https:\\\/\\\/www.silentblocks.com\\\/wp-content\\\/uploads\\\/2023\\\/07\\\/logo211-sem-fundo_2012-PARA-BOUTIQUE-EBAY.png\",\"contentUrl\":\"https:\\\/\\\/www.silentblocks.com\\\/wp-content\\\/uploads\\\/2023\\\/07\\\/logo211-sem-fundo_2012-PARA-BOUTIQUE-EBAY.png\",\"width\":300,\"height\":190,\"caption\":\"SILENTBLOCKS\"},\"image\":{\"@id\":\"https:\\\/\\\/www.silentblocks.com\\\/de\\\/#\\\/schema\\\/logo\\\/image\\\/\"}}]}<\/script>\n<!-- \/ Yoast SEO Premium plugin. -->","yoast_head_json":{"title":"Buchsen der hinteren Querlenker, Polaris Ranger, RZR 900\/1000 - SILENT BLOCKS","description":"Polyurethan-Buchsen f\u00fcr Hinterarme f\u00fcr Polaris Ranger, RZR 900\/1000, kompatibel mit oem 5438902, 5434550, 5434550, 5433065","robots":{"index":"index","follow":"follow","max-snippet":"max-snippet:-1","max-image-preview":"max-image-preview:large","max-video-preview":"max-video-preview:-1"},"canonical":"https:\/\/www.silentblocks.com\/de\/produkt\/buchsen-der-hinteren-querlenker-polaris-ranger-rzr-900-1000\/","og_locale":"de_DE","og_type":"article","og_title":"Buchsen der hinteren Querlenker, Polaris Ranger, RZR 900\/1000","og_description":"Polyurethan-Buchsen f\u00fcr Hinterarme f\u00fcr Polaris Ranger, RZR 900\/1000, kompatibel mit oem 5438902, 5434550, 5434550, 5433065","og_url":"https:\/\/www.silentblocks.com\/de\/produkt\/buchsen-der-hinteren-querlenker-polaris-ranger-rzr-900-1000\/","og_site_name":"SILENT BLOCKS","article_modified_time":"2026-02-17T22:33:57+00:00","og_image":[{"width":1500,"height":1500,"url":"https:\/\/www.silentblocks.com\/wp-content\/uploads\/2026\/02\/silentblocs-bras-arriere-Polaris-RANGER-900.jpg","type":"image\/jpeg"}],"twitter_card":"summary_large_image","twitter_misc":{"Gesch\u00e4tzte Lesezeit":"1\u00a0Minute"},"schema":{"@context":"https:\/\/schema.org","@graph":[{"@type":"WebPage","@id":"https:\/\/www.silentblocks.com\/de\/produkt\/buchsen-der-hinteren-querlenker-polaris-ranger-rzr-900-1000\/","url":"https:\/\/www.silentblocks.com\/de\/produkt\/buchsen-der-hinteren-querlenker-polaris-ranger-rzr-900-1000\/","name":"Buchsen der hinteren Querlenker, Polaris Ranger, RZR 900\/1000 - SILENT BLOCKS","isPartOf":{"@id":"https:\/\/www.silentblocks.com\/de\/#website"},"primaryImageOfPage":{"@id":"https:\/\/www.silentblocks.com\/de\/produkt\/buchsen-der-hinteren-querlenker-polaris-ranger-rzr-900-1000\/#primaryimage"},"image":{"@id":"https:\/\/www.silentblocks.com\/de\/produkt\/buchsen-der-hinteren-querlenker-polaris-ranger-rzr-900-1000\/#primaryimage"},"thumbnailUrl":"https:\/\/www.silentblocks.com\/wp-content\/uploads\/2026\/02\/silentblocs-bras-arriere-Polaris-RANGER-900.jpg","datePublished":"2025-12-23T12:47:56+00:00","dateModified":"2026-02-17T22:33:57+00:00","description":"Polyurethan-Buchsen f\u00fcr Hinterarme f\u00fcr Polaris Ranger, RZR 900\/1000, kompatibel mit oem 5438902, 5434550, 5434550, 5433065","breadcrumb":{"@id":"https:\/\/www.silentblocks.com\/de\/produkt\/buchsen-der-hinteren-querlenker-polaris-ranger-rzr-900-1000\/#breadcrumb"},"inLanguage":"de","potentialAction":[{"@type":"ReadAction","target":["https:\/\/www.silentblocks.com\/de\/produkt\/buchsen-der-hinteren-querlenker-polaris-ranger-rzr-900-1000\/"]}]},{"@type":"ImageObject","inLanguage":"de","@id":"https:\/\/www.silentblocks.com\/de\/produkt\/buchsen-der-hinteren-querlenker-polaris-ranger-rzr-900-1000\/#primaryimage","url":"https:\/\/www.silentblocks.com\/wp-content\/uploads\/2026\/02\/silentblocs-bras-arriere-Polaris-RANGER-900.jpg","contentUrl":"https:\/\/www.silentblocks.com\/wp-content\/uploads\/2026\/02\/silentblocs-bras-arriere-Polaris-RANGER-900.jpg","width":1500,"height":1500},{"@type":"BreadcrumbList","@id":"https:\/\/www.silentblocks.com\/de\/produkt\/buchsen-der-hinteren-querlenker-polaris-ranger-rzr-900-1000\/#breadcrumb","itemListElement":[{"@type":"ListItem","position":1,"name":"In\u00edcio","item":"https:\/\/www.silentblocks.com\/de\/"},{"@type":"ListItem","position":2,"name":"Page boutique","item":"https:\/\/www.silentblocks.com\/shop-2\/"},{"@type":"ListItem","position":3,"name":"Buchsen der hinteren Querlenker, Polaris Ranger, RZR 900\/1000"}]},{"@type":"WebSite","@id":"https:\/\/www.silentblocks.com\/de\/#website","url":"https:\/\/www.silentblocks.com\/de\/","name":"SILENTBLOCKS","description":"Secure on the road","publisher":{"@id":"https:\/\/www.silentblocks.com\/de\/#organization"},"potentialAction":[{"@type":"SearchAction","target":{"@type":"EntryPoint","urlTemplate":"https:\/\/www.silentblocks.com\/de\/?s={search_term_string}"},"query-input":{"@type":"PropertyValueSpecification","valueRequired":true,"valueName":"search_term_string"}}],"inLanguage":"de"},{"@type":"Organization","@id":"https:\/\/www.silentblocks.com\/de\/#organization","name":"SILENTBLOCKS","url":"https:\/\/www.silentblocks.com\/de\/","logo":{"@type":"ImageObject","inLanguage":"de","@id":"https:\/\/www.silentblocks.com\/de\/#\/schema\/logo\/image\/","url":"https:\/\/www.silentblocks.com\/wp-content\/uploads\/2023\/07\/logo211-sem-fundo_2012-PARA-BOUTIQUE-EBAY.png","contentUrl":"https:\/\/www.silentblocks.com\/wp-content\/uploads\/2023\/07\/logo211-sem-fundo_2012-PARA-BOUTIQUE-EBAY.png","width":300,"height":190,"caption":"SILENTBLOCKS"},"image":{"@id":"https:\/\/www.silentblocks.com\/de\/#\/schema\/logo\/image\/"}}]}},"_links":{"self":[{"href":"https:\/\/www.silentblocks.com\/de\/wp-json\/wp\/v2\/product\/111628","targetHints":{"allow":["GET"]}}],"collection":[{"href":"https:\/\/www.silentblocks.com\/de\/wp-json\/wp\/v2\/product"}],"about":[{"href":"https:\/\/www.silentblocks.com\/de\/wp-json\/wp\/v2\/types\/product"}],"version-history":[{"count":0,"href":"https:\/\/www.silentblocks.com\/de\/wp-json\/wp\/v2\/product\/111628\/revisions"}],"wp:featuredmedia":[{"embeddable":true,"href":"https:\/\/www.silentblocks.com\/de\/wp-json\/wp\/v2\/media\/111618"}],"wp:attachment":[{"href":"https:\/\/www.silentblocks.com\/de\/wp-json\/wp\/v2\/media?parent=111628"}],"wp:term":[{"taxonomy":"product_brand","embeddable":true,"href":"https:\/\/www.silentblocks.com\/de\/wp-json\/wp\/v2\/product_brand?post=111628"},{"taxonomy":"product_cat","embeddable":true,"href":"https:\/\/www.silentblocks.com\/de\/wp-json\/wp\/v2\/product_cat?post=111628"},{"taxonomy":"product_tag","embeddable":true,"href":"https:\/\/www.silentblocks.com\/de\/wp-json\/wp\/v2\/product_tag?post=111628"}],"curies":[{"name":"wp","href":"https:\/\/api.w.org\/{rel}","templated":true}]}}