{"id":111814,"date":"2025-12-28T23:07:43","date_gmt":"2025-12-28T23:07:43","guid":{"rendered":"https:\/\/www.silentblocks.com\/product\/buchsen-der-vorderen-querlenker-renault-19-clio-i-williams-clio-ii-megane-i-thalia-i-ii-twingo-ii\/"},"modified":"2026-02-17T22:34:16","modified_gmt":"2026-02-17T22:34:16","slug":"buchsen-der-vorderen-querlenker-renault-19-clio-i-williams-clio-ii-megane-i-thalia-i-ii-twingo-ii","status":"publish","type":"product","link":"https:\/\/www.silentblocks.com\/de\/produkt\/buchsen-der-vorderen-querlenker-renault-19-clio-i-williams-clio-ii-megane-i-thalia-i-ii-twingo-ii\/","title":{"rendered":"Buchsen der vorderen Querlenker, Renault 19, Clio I Williams, Clio II, Megane I, Thalia I\/II, Twingo II"},"content":{"rendered":"<p>Buchsen an beiden vorderen Armen, aus Polyurethan, passend f\u00fcr die folgenden Fahrzeuge:<br \/>\nRenault 19 (1993-2001)<br \/>\nRenault Clio I Williams (1990-1998)<br \/>\nRenault Clio II (1998-2005)<br \/>\nRenault Megane I (1995-2003)<br \/>\nRenault Scenic I (1996-2003) (Nicht f\u00fcr RX4-Versionen)<br \/>\nRenault Thalia I (1999-2008)<br \/>\nRenault Thalia II (2008-2012)<br \/>\nRenault Twingo II (2007-2014) (Nicht f\u00fcr die RS-Versionen)<\/p>\n<p>H\u00e4rte: 90Sha<\/p>\n<p>Herstellerreferenzen (OEM-Code) zur Orientierung :<br \/>\n77 00 419 236, 77 00 419 249, 77 00 424 399, 77 00 424 459, 82 00 651 161, 82 00 711 554<\/p>\n<p>Neue Teile, die mit Rechnung verkauft werden. Alle unsere Produkte haben eine Garantie von 2 Jahren.<\/p>\n","protected":false},"excerpt":{"rendered":"<p>Buchsen an beiden vorderen Armen, aus Polyurethan, passend f\u00fcr die folgenden Fahrzeuge: Renault 19 (1993-2001) Renault Clio I Williams (1990-1998) Renault Clio II (1998-2005) Renault Megane I (1995-2003) Renault Scenic I (1996-2003) (Nicht f\u00fcr RX4-Versionen) Renault Thalia I (1999-2008) Renault Thalia II (2008-2012) Renault Twingo II (2007-2014) (Nicht f\u00fcr die RS-Versionen) H\u00e4rte: 90Sha Herstellerreferenzen (OEM-Code) [&hellip;]<\/p>\n","protected":false},"featured_media":111808,"template":"","meta":[],"product_brand":[],"product_cat":[933,1408,1409,1710,1425,1711,1432,4071,4072,4077,4070],"product_tag":[],"class_list":{"0":"post-111814","1":"product","2":"type-product","3":"status-publish","4":"has-post-thumbnail","6":"product_cat-renault","7":"product_cat-clio-i","8":"product_cat-clio-ii","9":"product_cat-megane","10":"product_cat-megane-i","11":"product_cat-scenic","12":"product_cat-scenic-i","13":"product_cat-thalia-i","14":"product_cat-thalia-ii","15":"product_cat-thalia-ii-de","16":"product_cat-twingo-ii","18":"first","19":"instock","20":"shipping-taxable","21":"purchasable","22":"product-type-simple"},"yoast_head":"<!-- This site is optimized with the Yoast SEO Premium plugin v23.0 (Yoast SEO v27.4) - https:\/\/yoast.com\/product\/yoast-seo-premium-wordpress\/ -->\n<title>Buchsen der vorderen Querlenker, Renault 19, Clio I Williams, Clio II, Megane I, Thalia I\/II, Twingo II - SILENT BLOCKS<\/title>\n<meta name=\"description\" content=\"Buchsen der vorderen Querlenker f\u00fcr Renault 19, Clio I Williams, Clio II, Megane I, Thalia I\/II, Twingo II, oem 77 00 419 236, 77 00 419 249, 7700424399, 7700424459\" \/>\n<meta name=\"robots\" content=\"index, follow, max-snippet:-1, max-image-preview:large, max-video-preview:-1\" \/>\n<link rel=\"canonical\" href=\"https:\/\/www.silentblocks.com\/de\/produkt\/buchsen-der-vorderen-querlenker-renault-19-clio-i-williams-clio-ii-megane-i-thalia-i-ii-twingo-ii\/\" \/>\n<meta property=\"og:locale\" content=\"de_DE\" \/>\n<meta property=\"og:type\" content=\"article\" \/>\n<meta property=\"og:title\" content=\"Buchsen der vorderen Querlenker, Renault 19, Clio I Williams, Clio II, Megane I, Thalia I\/II, Twingo II\" \/>\n<meta property=\"og:description\" content=\"Buchsen der vorderen Querlenker f\u00fcr Renault 19, Clio I Williams, Clio II, Megane I, Thalia I\/II, Twingo II, oem 77 00 419 236, 77 00 419 249, 7700424399, 7700424459\" \/>\n<meta property=\"og:url\" content=\"https:\/\/www.silentblocks.com\/de\/produkt\/buchsen-der-vorderen-querlenker-renault-19-clio-i-williams-clio-ii-megane-i-thalia-i-ii-twingo-ii\/\" \/>\n<meta property=\"og:site_name\" content=\"SILENT BLOCKS\" \/>\n<meta property=\"article:modified_time\" content=\"2026-02-17T22:34:16+00:00\" \/>\n<meta property=\"og:image\" content=\"https:\/\/www.silentblocks.com\/wp-content\/uploads\/2026\/02\/151476A.jpg\" \/>\n\t<meta property=\"og:image:width\" content=\"1024\" \/>\n\t<meta property=\"og:image:height\" content=\"1024\" \/>\n\t<meta property=\"og:image:type\" content=\"image\/jpeg\" \/>\n<meta name=\"twitter:card\" content=\"summary_large_image\" \/>\n<script type=\"application\/ld+json\" class=\"yoast-schema-graph\">{\"@context\":\"https:\\\/\\\/schema.org\",\"@graph\":[{\"@type\":\"WebPage\",\"@id\":\"https:\\\/\\\/www.silentblocks.com\\\/de\\\/produkt\\\/buchsen-der-vorderen-querlenker-renault-19-clio-i-williams-clio-ii-megane-i-thalia-i-ii-twingo-ii\\\/\",\"url\":\"https:\\\/\\\/www.silentblocks.com\\\/de\\\/produkt\\\/buchsen-der-vorderen-querlenker-renault-19-clio-i-williams-clio-ii-megane-i-thalia-i-ii-twingo-ii\\\/\",\"name\":\"Buchsen der vorderen Querlenker, Renault 19, Clio I Williams, Clio II, Megane I, Thalia I\\\/II, Twingo II - SILENT BLOCKS\",\"isPartOf\":{\"@id\":\"https:\\\/\\\/www.silentblocks.com\\\/de\\\/#website\"},\"primaryImageOfPage\":{\"@id\":\"https:\\\/\\\/www.silentblocks.com\\\/de\\\/produkt\\\/buchsen-der-vorderen-querlenker-renault-19-clio-i-williams-clio-ii-megane-i-thalia-i-ii-twingo-ii\\\/#primaryimage\"},\"image\":{\"@id\":\"https:\\\/\\\/www.silentblocks.com\\\/de\\\/produkt\\\/buchsen-der-vorderen-querlenker-renault-19-clio-i-williams-clio-ii-megane-i-thalia-i-ii-twingo-ii\\\/#primaryimage\"},\"thumbnailUrl\":\"https:\\\/\\\/www.silentblocks.com\\\/wp-content\\\/uploads\\\/2026\\\/02\\\/151476A.jpg\",\"datePublished\":\"2025-12-28T23:07:43+00:00\",\"dateModified\":\"2026-02-17T22:34:16+00:00\",\"description\":\"Buchsen der vorderen Querlenker f\u00fcr Renault 19, Clio I Williams, Clio II, Megane I, Thalia I\\\/II, Twingo II, oem 77 00 419 236, 77 00 419 249, 7700424399, 7700424459\",\"breadcrumb\":{\"@id\":\"https:\\\/\\\/www.silentblocks.com\\\/de\\\/produkt\\\/buchsen-der-vorderen-querlenker-renault-19-clio-i-williams-clio-ii-megane-i-thalia-i-ii-twingo-ii\\\/#breadcrumb\"},\"inLanguage\":\"de\",\"potentialAction\":[{\"@type\":\"ReadAction\",\"target\":[\"https:\\\/\\\/www.silentblocks.com\\\/de\\\/produkt\\\/buchsen-der-vorderen-querlenker-renault-19-clio-i-williams-clio-ii-megane-i-thalia-i-ii-twingo-ii\\\/\"]}]},{\"@type\":\"ImageObject\",\"inLanguage\":\"de\",\"@id\":\"https:\\\/\\\/www.silentblocks.com\\\/de\\\/produkt\\\/buchsen-der-vorderen-querlenker-renault-19-clio-i-williams-clio-ii-megane-i-thalia-i-ii-twingo-ii\\\/#primaryimage\",\"url\":\"https:\\\/\\\/www.silentblocks.com\\\/wp-content\\\/uploads\\\/2026\\\/02\\\/151476A.jpg\",\"contentUrl\":\"https:\\\/\\\/www.silentblocks.com\\\/wp-content\\\/uploads\\\/2026\\\/02\\\/151476A.jpg\",\"width\":1024,\"height\":1024},{\"@type\":\"BreadcrumbList\",\"@id\":\"https:\\\/\\\/www.silentblocks.com\\\/de\\\/produkt\\\/buchsen-der-vorderen-querlenker-renault-19-clio-i-williams-clio-ii-megane-i-thalia-i-ii-twingo-ii\\\/#breadcrumb\",\"itemListElement\":[{\"@type\":\"ListItem\",\"position\":1,\"name\":\"In\u00edcio\",\"item\":\"https:\\\/\\\/www.silentblocks.com\\\/de\\\/\"},{\"@type\":\"ListItem\",\"position\":2,\"name\":\"Page boutique\",\"item\":\"https:\\\/\\\/www.silentblocks.com\\\/shop-2\\\/\"},{\"@type\":\"ListItem\",\"position\":3,\"name\":\"Buchsen der vorderen Querlenker, Renault 19, Clio I Williams, Clio II, Megane I, Thalia I\\\/II, Twingo II\"}]},{\"@type\":\"WebSite\",\"@id\":\"https:\\\/\\\/www.silentblocks.com\\\/de\\\/#website\",\"url\":\"https:\\\/\\\/www.silentblocks.com\\\/de\\\/\",\"name\":\"SILENTBLOCKS\",\"description\":\"Secure on the road\",\"publisher\":{\"@id\":\"https:\\\/\\\/www.silentblocks.com\\\/de\\\/#organization\"},\"potentialAction\":[{\"@type\":\"SearchAction\",\"target\":{\"@type\":\"EntryPoint\",\"urlTemplate\":\"https:\\\/\\\/www.silentblocks.com\\\/de\\\/?s={search_term_string}\"},\"query-input\":{\"@type\":\"PropertyValueSpecification\",\"valueRequired\":true,\"valueName\":\"search_term_string\"}}],\"inLanguage\":\"de\"},{\"@type\":\"Organization\",\"@id\":\"https:\\\/\\\/www.silentblocks.com\\\/de\\\/#organization\",\"name\":\"SILENTBLOCKS\",\"url\":\"https:\\\/\\\/www.silentblocks.com\\\/de\\\/\",\"logo\":{\"@type\":\"ImageObject\",\"inLanguage\":\"de\",\"@id\":\"https:\\\/\\\/www.silentblocks.com\\\/de\\\/#\\\/schema\\\/logo\\\/image\\\/\",\"url\":\"https:\\\/\\\/www.silentblocks.com\\\/wp-content\\\/uploads\\\/2023\\\/07\\\/logo211-sem-fundo_2012-PARA-BOUTIQUE-EBAY.png\",\"contentUrl\":\"https:\\\/\\\/www.silentblocks.com\\\/wp-content\\\/uploads\\\/2023\\\/07\\\/logo211-sem-fundo_2012-PARA-BOUTIQUE-EBAY.png\",\"width\":300,\"height\":190,\"caption\":\"SILENTBLOCKS\"},\"image\":{\"@id\":\"https:\\\/\\\/www.silentblocks.com\\\/de\\\/#\\\/schema\\\/logo\\\/image\\\/\"}}]}<\/script>\n<!-- \/ Yoast SEO Premium plugin. -->","yoast_head_json":{"title":"Buchsen der vorderen Querlenker, Renault 19, Clio I Williams, Clio II, Megane I, Thalia I\/II, Twingo II - SILENT BLOCKS","description":"Buchsen der vorderen Querlenker f\u00fcr Renault 19, Clio I Williams, Clio II, Megane I, Thalia I\/II, Twingo II, oem 77 00 419 236, 77 00 419 249, 7700424399, 7700424459","robots":{"index":"index","follow":"follow","max-snippet":"max-snippet:-1","max-image-preview":"max-image-preview:large","max-video-preview":"max-video-preview:-1"},"canonical":"https:\/\/www.silentblocks.com\/de\/produkt\/buchsen-der-vorderen-querlenker-renault-19-clio-i-williams-clio-ii-megane-i-thalia-i-ii-twingo-ii\/","og_locale":"de_DE","og_type":"article","og_title":"Buchsen der vorderen Querlenker, Renault 19, Clio I Williams, Clio II, Megane I, Thalia I\/II, Twingo II","og_description":"Buchsen der vorderen Querlenker f\u00fcr Renault 19, Clio I Williams, Clio II, Megane I, Thalia I\/II, Twingo II, oem 77 00 419 236, 77 00 419 249, 7700424399, 7700424459","og_url":"https:\/\/www.silentblocks.com\/de\/produkt\/buchsen-der-vorderen-querlenker-renault-19-clio-i-williams-clio-ii-megane-i-thalia-i-ii-twingo-ii\/","og_site_name":"SILENT BLOCKS","article_modified_time":"2026-02-17T22:34:16+00:00","og_image":[{"width":1024,"height":1024,"url":"https:\/\/www.silentblocks.com\/wp-content\/uploads\/2026\/02\/151476A.jpg","type":"image\/jpeg"}],"twitter_card":"summary_large_image","schema":{"@context":"https:\/\/schema.org","@graph":[{"@type":"WebPage","@id":"https:\/\/www.silentblocks.com\/de\/produkt\/buchsen-der-vorderen-querlenker-renault-19-clio-i-williams-clio-ii-megane-i-thalia-i-ii-twingo-ii\/","url":"https:\/\/www.silentblocks.com\/de\/produkt\/buchsen-der-vorderen-querlenker-renault-19-clio-i-williams-clio-ii-megane-i-thalia-i-ii-twingo-ii\/","name":"Buchsen der vorderen Querlenker, Renault 19, Clio I Williams, Clio II, Megane I, Thalia I\/II, Twingo II - SILENT BLOCKS","isPartOf":{"@id":"https:\/\/www.silentblocks.com\/de\/#website"},"primaryImageOfPage":{"@id":"https:\/\/www.silentblocks.com\/de\/produkt\/buchsen-der-vorderen-querlenker-renault-19-clio-i-williams-clio-ii-megane-i-thalia-i-ii-twingo-ii\/#primaryimage"},"image":{"@id":"https:\/\/www.silentblocks.com\/de\/produkt\/buchsen-der-vorderen-querlenker-renault-19-clio-i-williams-clio-ii-megane-i-thalia-i-ii-twingo-ii\/#primaryimage"},"thumbnailUrl":"https:\/\/www.silentblocks.com\/wp-content\/uploads\/2026\/02\/151476A.jpg","datePublished":"2025-12-28T23:07:43+00:00","dateModified":"2026-02-17T22:34:16+00:00","description":"Buchsen der vorderen Querlenker f\u00fcr Renault 19, Clio I Williams, Clio II, Megane I, Thalia I\/II, Twingo II, oem 77 00 419 236, 77 00 419 249, 7700424399, 7700424459","breadcrumb":{"@id":"https:\/\/www.silentblocks.com\/de\/produkt\/buchsen-der-vorderen-querlenker-renault-19-clio-i-williams-clio-ii-megane-i-thalia-i-ii-twingo-ii\/#breadcrumb"},"inLanguage":"de","potentialAction":[{"@type":"ReadAction","target":["https:\/\/www.silentblocks.com\/de\/produkt\/buchsen-der-vorderen-querlenker-renault-19-clio-i-williams-clio-ii-megane-i-thalia-i-ii-twingo-ii\/"]}]},{"@type":"ImageObject","inLanguage":"de","@id":"https:\/\/www.silentblocks.com\/de\/produkt\/buchsen-der-vorderen-querlenker-renault-19-clio-i-williams-clio-ii-megane-i-thalia-i-ii-twingo-ii\/#primaryimage","url":"https:\/\/www.silentblocks.com\/wp-content\/uploads\/2026\/02\/151476A.jpg","contentUrl":"https:\/\/www.silentblocks.com\/wp-content\/uploads\/2026\/02\/151476A.jpg","width":1024,"height":1024},{"@type":"BreadcrumbList","@id":"https:\/\/www.silentblocks.com\/de\/produkt\/buchsen-der-vorderen-querlenker-renault-19-clio-i-williams-clio-ii-megane-i-thalia-i-ii-twingo-ii\/#breadcrumb","itemListElement":[{"@type":"ListItem","position":1,"name":"In\u00edcio","item":"https:\/\/www.silentblocks.com\/de\/"},{"@type":"ListItem","position":2,"name":"Page boutique","item":"https:\/\/www.silentblocks.com\/shop-2\/"},{"@type":"ListItem","position":3,"name":"Buchsen der vorderen Querlenker, Renault 19, Clio I Williams, Clio II, Megane I, Thalia I\/II, Twingo II"}]},{"@type":"WebSite","@id":"https:\/\/www.silentblocks.com\/de\/#website","url":"https:\/\/www.silentblocks.com\/de\/","name":"SILENTBLOCKS","description":"Secure on the road","publisher":{"@id":"https:\/\/www.silentblocks.com\/de\/#organization"},"potentialAction":[{"@type":"SearchAction","target":{"@type":"EntryPoint","urlTemplate":"https:\/\/www.silentblocks.com\/de\/?s={search_term_string}"},"query-input":{"@type":"PropertyValueSpecification","valueRequired":true,"valueName":"search_term_string"}}],"inLanguage":"de"},{"@type":"Organization","@id":"https:\/\/www.silentblocks.com\/de\/#organization","name":"SILENTBLOCKS","url":"https:\/\/www.silentblocks.com\/de\/","logo":{"@type":"ImageObject","inLanguage":"de","@id":"https:\/\/www.silentblocks.com\/de\/#\/schema\/logo\/image\/","url":"https:\/\/www.silentblocks.com\/wp-content\/uploads\/2023\/07\/logo211-sem-fundo_2012-PARA-BOUTIQUE-EBAY.png","contentUrl":"https:\/\/www.silentblocks.com\/wp-content\/uploads\/2023\/07\/logo211-sem-fundo_2012-PARA-BOUTIQUE-EBAY.png","width":300,"height":190,"caption":"SILENTBLOCKS"},"image":{"@id":"https:\/\/www.silentblocks.com\/de\/#\/schema\/logo\/image\/"}}]}},"_links":{"self":[{"href":"https:\/\/www.silentblocks.com\/de\/wp-json\/wp\/v2\/product\/111814","targetHints":{"allow":["GET"]}}],"collection":[{"href":"https:\/\/www.silentblocks.com\/de\/wp-json\/wp\/v2\/product"}],"about":[{"href":"https:\/\/www.silentblocks.com\/de\/wp-json\/wp\/v2\/types\/product"}],"version-history":[{"count":0,"href":"https:\/\/www.silentblocks.com\/de\/wp-json\/wp\/v2\/product\/111814\/revisions"}],"wp:featuredmedia":[{"embeddable":true,"href":"https:\/\/www.silentblocks.com\/de\/wp-json\/wp\/v2\/media\/111808"}],"wp:attachment":[{"href":"https:\/\/www.silentblocks.com\/de\/wp-json\/wp\/v2\/media?parent=111814"}],"wp:term":[{"taxonomy":"product_brand","embeddable":true,"href":"https:\/\/www.silentblocks.com\/de\/wp-json\/wp\/v2\/product_brand?post=111814"},{"taxonomy":"product_cat","embeddable":true,"href":"https:\/\/www.silentblocks.com\/de\/wp-json\/wp\/v2\/product_cat?post=111814"},{"taxonomy":"product_tag","embeddable":true,"href":"https:\/\/www.silentblocks.com\/de\/wp-json\/wp\/v2\/product_tag?post=111814"}],"curies":[{"name":"wp","href":"https:\/\/api.w.org\/{rel}","templated":true}]}}