{"id":112815,"date":"2026-01-24T19:57:05","date_gmt":"2026-01-24T19:57:05","guid":{"rendered":"https:\/\/www.silentblocks.com\/product\/satz-vorderradaufhaengung-bmw-x3-f25-x4-f26\/"},"modified":"2026-02-17T22:36:13","modified_gmt":"2026-02-17T22:36:13","slug":"satz-vorderradaufhaengung-bmw-x3-f25-x4-f26","status":"publish","type":"product","link":"https:\/\/www.silentblocks.com\/de\/produkt\/satz-vorderradaufhaengung-bmw-x3-f25-x4-f26\/","title":{"rendered":"Satz Vorderradaufh\u00e4ngung, BMW X3 F25, X4 F26"},"content":{"rendered":"<p>Satz Vorderradaufh\u00e4ngung, buchsen der Querlenker und vorderer Stabilisator, aus Polyurethan, passend f\u00fcr die folgenden Fahrzeuge:<br \/>\nBMW X3 II (2010-2017) F25<br \/>\nBMW X4 I (2014-2018) F26<\/p>\n<p>H\u00e4rte: 80Sha<br \/>\nDurchmesser des Stabilisators: \u00d826mm (\u00dcberpr\u00fcfen Sie den Durchmesser)<\/p>\n<p>Herstellerreferenzen (OEM-Code) zur Orientierung :<br \/>\n31 10 6 786 951, 31 35 6 788 710, 31 35 6 788 711<\/p>\n<p>Neue Teile, die mit Rechnung verkauft werden. Alle unsere Produkte haben eine Garantie von 2 Jahren.<\/p>\n","protected":false},"excerpt":{"rendered":"<p>Satz Vorderradaufh\u00e4ngung, buchsen der Querlenker und vorderer Stabilisator, aus Polyurethan, passend f\u00fcr die folgenden Fahrzeuge: BMW X3 II (2010-2017) F25 BMW X4 I (2014-2018) F26 H\u00e4rte: 80Sha Durchmesser des Stabilisators: \u00d826mm (\u00dcberpr\u00fcfen Sie den Durchmesser) Herstellerreferenzen (OEM-Code) zur Orientierung : 31 10 6 786 951, 31 35 6 788 710, 31 35 6 788 711 [&hellip;]<\/p>\n","protected":false},"featured_media":66130,"template":"","meta":[],"product_brand":[],"product_cat":[932,6321,1019,2373],"product_tag":[],"class_list":{"0":"post-112815","1":"product","2":"type-product","3":"status-publish","4":"has-post-thumbnail","6":"product_cat-bmw","7":"product_cat-bmw-x3-f25-10-17-fr","8":"product_cat-x4-f26","9":"product_cat-x4-f26-de","11":"first","12":"instock","13":"shipping-taxable","14":"purchasable","15":"product-type-simple"},"yoast_head":"<!-- This site is optimized with the Yoast SEO Premium plugin v23.0 (Yoast SEO v27.4) - https:\/\/yoast.com\/product\/yoast-seo-premium-wordpress\/ -->\n<title>Satz Vorderradaufh\u00e4ngung, BMW X3 F25, X4 F26 - SILENT BLOCKS<\/title>\n<meta name=\"description\" content=\"Polyurethan Vorderradaufh\u00e4ngungssatz f\u00fcr BMW X3 F25, BMW X4 F26, kompatibel mit oem 31 10 6 786 951, 31 35 6 788 710, 31 35 6 788 711\" \/>\n<meta name=\"robots\" content=\"index, follow, max-snippet:-1, max-image-preview:large, max-video-preview:-1\" \/>\n<link rel=\"canonical\" href=\"https:\/\/www.silentblocks.com\/de\/produkt\/satz-vorderradaufhaengung-bmw-x3-f25-x4-f26\/\" \/>\n<meta property=\"og:locale\" content=\"de_DE\" \/>\n<meta property=\"og:type\" content=\"article\" \/>\n<meta property=\"og:title\" content=\"Satz Vorderradaufh\u00e4ngung, BMW X3 F25, X4 F26\" \/>\n<meta property=\"og:description\" content=\"Polyurethan Vorderradaufh\u00e4ngungssatz f\u00fcr BMW X3 F25, BMW X4 F26, kompatibel mit oem 31 10 6 786 951, 31 35 6 788 710, 31 35 6 788 711\" \/>\n<meta property=\"og:url\" content=\"https:\/\/www.silentblocks.com\/de\/produkt\/satz-vorderradaufhaengung-bmw-x3-f25-x4-f26\/\" \/>\n<meta property=\"og:site_name\" content=\"SILENT BLOCKS\" \/>\n<meta property=\"article:modified_time\" content=\"2026-02-17T22:36:13+00:00\" \/>\n<meta property=\"og:image\" content=\"https:\/\/www.silentblocks.com\/wp-content\/uploads\/2026\/02\/kit-suspension-avant-BMW-X3-F25-1.jpg\" \/>\n\t<meta property=\"og:image:width\" content=\"1500\" \/>\n\t<meta property=\"og:image:height\" content=\"1500\" \/>\n\t<meta property=\"og:image:type\" content=\"image\/jpeg\" \/>\n<meta name=\"twitter:card\" content=\"summary_large_image\" \/>\n<script type=\"application\/ld+json\" class=\"yoast-schema-graph\">{\"@context\":\"https:\\\/\\\/schema.org\",\"@graph\":[{\"@type\":\"WebPage\",\"@id\":\"https:\\\/\\\/www.silentblocks.com\\\/de\\\/produkt\\\/satz-vorderradaufhaengung-bmw-x3-f25-x4-f26\\\/\",\"url\":\"https:\\\/\\\/www.silentblocks.com\\\/de\\\/produkt\\\/satz-vorderradaufhaengung-bmw-x3-f25-x4-f26\\\/\",\"name\":\"Satz Vorderradaufh\u00e4ngung, BMW X3 F25, X4 F26 - SILENT BLOCKS\",\"isPartOf\":{\"@id\":\"https:\\\/\\\/www.silentblocks.com\\\/de\\\/#website\"},\"primaryImageOfPage\":{\"@id\":\"https:\\\/\\\/www.silentblocks.com\\\/de\\\/produkt\\\/satz-vorderradaufhaengung-bmw-x3-f25-x4-f26\\\/#primaryimage\"},\"image\":{\"@id\":\"https:\\\/\\\/www.silentblocks.com\\\/de\\\/produkt\\\/satz-vorderradaufhaengung-bmw-x3-f25-x4-f26\\\/#primaryimage\"},\"thumbnailUrl\":\"https:\\\/\\\/www.silentblocks.com\\\/wp-content\\\/uploads\\\/2026\\\/02\\\/kit-suspension-avant-BMW-X3-F25-1.jpg\",\"datePublished\":\"2026-01-24T19:57:05+00:00\",\"dateModified\":\"2026-02-17T22:36:13+00:00\",\"description\":\"Polyurethan Vorderradaufh\u00e4ngungssatz f\u00fcr BMW X3 F25, BMW X4 F26, kompatibel mit oem 31 10 6 786 951, 31 35 6 788 710, 31 35 6 788 711\",\"breadcrumb\":{\"@id\":\"https:\\\/\\\/www.silentblocks.com\\\/de\\\/produkt\\\/satz-vorderradaufhaengung-bmw-x3-f25-x4-f26\\\/#breadcrumb\"},\"inLanguage\":\"de\",\"potentialAction\":[{\"@type\":\"ReadAction\",\"target\":[\"https:\\\/\\\/www.silentblocks.com\\\/de\\\/produkt\\\/satz-vorderradaufhaengung-bmw-x3-f25-x4-f26\\\/\"]}]},{\"@type\":\"ImageObject\",\"inLanguage\":\"de\",\"@id\":\"https:\\\/\\\/www.silentblocks.com\\\/de\\\/produkt\\\/satz-vorderradaufhaengung-bmw-x3-f25-x4-f26\\\/#primaryimage\",\"url\":\"https:\\\/\\\/www.silentblocks.com\\\/wp-content\\\/uploads\\\/2026\\\/02\\\/kit-suspension-avant-BMW-X3-F25-1.jpg\",\"contentUrl\":\"https:\\\/\\\/www.silentblocks.com\\\/wp-content\\\/uploads\\\/2026\\\/02\\\/kit-suspension-avant-BMW-X3-F25-1.jpg\",\"width\":1500,\"height\":1500},{\"@type\":\"BreadcrumbList\",\"@id\":\"https:\\\/\\\/www.silentblocks.com\\\/de\\\/produkt\\\/satz-vorderradaufhaengung-bmw-x3-f25-x4-f26\\\/#breadcrumb\",\"itemListElement\":[{\"@type\":\"ListItem\",\"position\":1,\"name\":\"In\u00edcio\",\"item\":\"https:\\\/\\\/www.silentblocks.com\\\/de\\\/\"},{\"@type\":\"ListItem\",\"position\":2,\"name\":\"Page boutique\",\"item\":\"https:\\\/\\\/www.silentblocks.com\\\/shop-2\\\/\"},{\"@type\":\"ListItem\",\"position\":3,\"name\":\"Satz Vorderradaufh\u00e4ngung, BMW X3 F25, X4 F26\"}]},{\"@type\":\"WebSite\",\"@id\":\"https:\\\/\\\/www.silentblocks.com\\\/de\\\/#website\",\"url\":\"https:\\\/\\\/www.silentblocks.com\\\/de\\\/\",\"name\":\"SILENTBLOCKS\",\"description\":\"Secure on the road\",\"publisher\":{\"@id\":\"https:\\\/\\\/www.silentblocks.com\\\/de\\\/#organization\"},\"potentialAction\":[{\"@type\":\"SearchAction\",\"target\":{\"@type\":\"EntryPoint\",\"urlTemplate\":\"https:\\\/\\\/www.silentblocks.com\\\/de\\\/?s={search_term_string}\"},\"query-input\":{\"@type\":\"PropertyValueSpecification\",\"valueRequired\":true,\"valueName\":\"search_term_string\"}}],\"inLanguage\":\"de\"},{\"@type\":\"Organization\",\"@id\":\"https:\\\/\\\/www.silentblocks.com\\\/de\\\/#organization\",\"name\":\"SILENTBLOCKS\",\"url\":\"https:\\\/\\\/www.silentblocks.com\\\/de\\\/\",\"logo\":{\"@type\":\"ImageObject\",\"inLanguage\":\"de\",\"@id\":\"https:\\\/\\\/www.silentblocks.com\\\/de\\\/#\\\/schema\\\/logo\\\/image\\\/\",\"url\":\"https:\\\/\\\/www.silentblocks.com\\\/wp-content\\\/uploads\\\/2023\\\/07\\\/logo211-sem-fundo_2012-PARA-BOUTIQUE-EBAY.png\",\"contentUrl\":\"https:\\\/\\\/www.silentblocks.com\\\/wp-content\\\/uploads\\\/2023\\\/07\\\/logo211-sem-fundo_2012-PARA-BOUTIQUE-EBAY.png\",\"width\":300,\"height\":190,\"caption\":\"SILENTBLOCKS\"},\"image\":{\"@id\":\"https:\\\/\\\/www.silentblocks.com\\\/de\\\/#\\\/schema\\\/logo\\\/image\\\/\"}}]}<\/script>\n<!-- \/ Yoast SEO Premium plugin. -->","yoast_head_json":{"title":"Satz Vorderradaufh\u00e4ngung, BMW X3 F25, X4 F26 - SILENT BLOCKS","description":"Polyurethan Vorderradaufh\u00e4ngungssatz f\u00fcr BMW X3 F25, BMW X4 F26, kompatibel mit oem 31 10 6 786 951, 31 35 6 788 710, 31 35 6 788 711","robots":{"index":"index","follow":"follow","max-snippet":"max-snippet:-1","max-image-preview":"max-image-preview:large","max-video-preview":"max-video-preview:-1"},"canonical":"https:\/\/www.silentblocks.com\/de\/produkt\/satz-vorderradaufhaengung-bmw-x3-f25-x4-f26\/","og_locale":"de_DE","og_type":"article","og_title":"Satz Vorderradaufh\u00e4ngung, BMW X3 F25, X4 F26","og_description":"Polyurethan Vorderradaufh\u00e4ngungssatz f\u00fcr BMW X3 F25, BMW X4 F26, kompatibel mit oem 31 10 6 786 951, 31 35 6 788 710, 31 35 6 788 711","og_url":"https:\/\/www.silentblocks.com\/de\/produkt\/satz-vorderradaufhaengung-bmw-x3-f25-x4-f26\/","og_site_name":"SILENT BLOCKS","article_modified_time":"2026-02-17T22:36:13+00:00","og_image":[{"width":1500,"height":1500,"url":"https:\/\/www.silentblocks.com\/wp-content\/uploads\/2026\/02\/kit-suspension-avant-BMW-X3-F25-1.jpg","type":"image\/jpeg"}],"twitter_card":"summary_large_image","schema":{"@context":"https:\/\/schema.org","@graph":[{"@type":"WebPage","@id":"https:\/\/www.silentblocks.com\/de\/produkt\/satz-vorderradaufhaengung-bmw-x3-f25-x4-f26\/","url":"https:\/\/www.silentblocks.com\/de\/produkt\/satz-vorderradaufhaengung-bmw-x3-f25-x4-f26\/","name":"Satz Vorderradaufh\u00e4ngung, BMW X3 F25, X4 F26 - SILENT BLOCKS","isPartOf":{"@id":"https:\/\/www.silentblocks.com\/de\/#website"},"primaryImageOfPage":{"@id":"https:\/\/www.silentblocks.com\/de\/produkt\/satz-vorderradaufhaengung-bmw-x3-f25-x4-f26\/#primaryimage"},"image":{"@id":"https:\/\/www.silentblocks.com\/de\/produkt\/satz-vorderradaufhaengung-bmw-x3-f25-x4-f26\/#primaryimage"},"thumbnailUrl":"https:\/\/www.silentblocks.com\/wp-content\/uploads\/2026\/02\/kit-suspension-avant-BMW-X3-F25-1.jpg","datePublished":"2026-01-24T19:57:05+00:00","dateModified":"2026-02-17T22:36:13+00:00","description":"Polyurethan Vorderradaufh\u00e4ngungssatz f\u00fcr BMW X3 F25, BMW X4 F26, kompatibel mit oem 31 10 6 786 951, 31 35 6 788 710, 31 35 6 788 711","breadcrumb":{"@id":"https:\/\/www.silentblocks.com\/de\/produkt\/satz-vorderradaufhaengung-bmw-x3-f25-x4-f26\/#breadcrumb"},"inLanguage":"de","potentialAction":[{"@type":"ReadAction","target":["https:\/\/www.silentblocks.com\/de\/produkt\/satz-vorderradaufhaengung-bmw-x3-f25-x4-f26\/"]}]},{"@type":"ImageObject","inLanguage":"de","@id":"https:\/\/www.silentblocks.com\/de\/produkt\/satz-vorderradaufhaengung-bmw-x3-f25-x4-f26\/#primaryimage","url":"https:\/\/www.silentblocks.com\/wp-content\/uploads\/2026\/02\/kit-suspension-avant-BMW-X3-F25-1.jpg","contentUrl":"https:\/\/www.silentblocks.com\/wp-content\/uploads\/2026\/02\/kit-suspension-avant-BMW-X3-F25-1.jpg","width":1500,"height":1500},{"@type":"BreadcrumbList","@id":"https:\/\/www.silentblocks.com\/de\/produkt\/satz-vorderradaufhaengung-bmw-x3-f25-x4-f26\/#breadcrumb","itemListElement":[{"@type":"ListItem","position":1,"name":"In\u00edcio","item":"https:\/\/www.silentblocks.com\/de\/"},{"@type":"ListItem","position":2,"name":"Page boutique","item":"https:\/\/www.silentblocks.com\/shop-2\/"},{"@type":"ListItem","position":3,"name":"Satz Vorderradaufh\u00e4ngung, BMW X3 F25, X4 F26"}]},{"@type":"WebSite","@id":"https:\/\/www.silentblocks.com\/de\/#website","url":"https:\/\/www.silentblocks.com\/de\/","name":"SILENTBLOCKS","description":"Secure on the road","publisher":{"@id":"https:\/\/www.silentblocks.com\/de\/#organization"},"potentialAction":[{"@type":"SearchAction","target":{"@type":"EntryPoint","urlTemplate":"https:\/\/www.silentblocks.com\/de\/?s={search_term_string}"},"query-input":{"@type":"PropertyValueSpecification","valueRequired":true,"valueName":"search_term_string"}}],"inLanguage":"de"},{"@type":"Organization","@id":"https:\/\/www.silentblocks.com\/de\/#organization","name":"SILENTBLOCKS","url":"https:\/\/www.silentblocks.com\/de\/","logo":{"@type":"ImageObject","inLanguage":"de","@id":"https:\/\/www.silentblocks.com\/de\/#\/schema\/logo\/image\/","url":"https:\/\/www.silentblocks.com\/wp-content\/uploads\/2023\/07\/logo211-sem-fundo_2012-PARA-BOUTIQUE-EBAY.png","contentUrl":"https:\/\/www.silentblocks.com\/wp-content\/uploads\/2023\/07\/logo211-sem-fundo_2012-PARA-BOUTIQUE-EBAY.png","width":300,"height":190,"caption":"SILENTBLOCKS"},"image":{"@id":"https:\/\/www.silentblocks.com\/de\/#\/schema\/logo\/image\/"}}]}},"_links":{"self":[{"href":"https:\/\/www.silentblocks.com\/de\/wp-json\/wp\/v2\/product\/112815","targetHints":{"allow":["GET"]}}],"collection":[{"href":"https:\/\/www.silentblocks.com\/de\/wp-json\/wp\/v2\/product"}],"about":[{"href":"https:\/\/www.silentblocks.com\/de\/wp-json\/wp\/v2\/types\/product"}],"version-history":[{"count":0,"href":"https:\/\/www.silentblocks.com\/de\/wp-json\/wp\/v2\/product\/112815\/revisions"}],"wp:featuredmedia":[{"embeddable":true,"href":"https:\/\/www.silentblocks.com\/de\/wp-json\/wp\/v2\/media\/66130"}],"wp:attachment":[{"href":"https:\/\/www.silentblocks.com\/de\/wp-json\/wp\/v2\/media?parent=112815"}],"wp:term":[{"taxonomy":"product_brand","embeddable":true,"href":"https:\/\/www.silentblocks.com\/de\/wp-json\/wp\/v2\/product_brand?post=112815"},{"taxonomy":"product_cat","embeddable":true,"href":"https:\/\/www.silentblocks.com\/de\/wp-json\/wp\/v2\/product_cat?post=112815"},{"taxonomy":"product_tag","embeddable":true,"href":"https:\/\/www.silentblocks.com\/de\/wp-json\/wp\/v2\/product_tag?post=112815"}],"curies":[{"name":"wp","href":"https:\/\/api.w.org\/{rel}","templated":true}]}}