{"id":113257,"date":"2026-02-01T21:28:14","date_gmt":"2026-02-01T21:28:14","guid":{"rendered":"https:\/\/www.silentblocks.com\/product\/unterlegscheiben-fuer-hintere-untere-federn-3cm-pajero-iii-iv\/"},"modified":"2026-02-17T22:37:13","modified_gmt":"2026-02-17T22:37:13","slug":"unterlegscheiben-fuer-hintere-untere-federn-3cm-pajero-iii-iv","status":"publish","type":"product","link":"https:\/\/www.silentblocks.com\/de\/produkt\/unterlegscheiben-fuer-hintere-untere-federn-3cm-pajero-iii-iv\/","title":{"rendered":"Unterlegscheiben f\u00fcr hintere untere Federn (3cm), Pajero III\/IV"},"content":{"rendered":"<p>Unterlegkeile f\u00fcr die Aufh\u00e4ngung, unten hinten, aus Polyurethan, H\u00f6he 3 cm, passend f\u00fcr die folgenden Fahrzeuge:<br \/>\nMitsubishi Montero, 3.5 2000-2006 (V75W)<br \/>\nMitsubishi Montero, 3.8 2000-2006 (V77W)<br \/>\nMitsubishi Pajero III, 2.5 TD 2000-2006 (V64 V74)<br \/>\nMitsubishi Pajero III, 3.0 2000-2006 (V73)<br \/>\nMitsubishi Pajero III, 3.2 DiD 2000-2006 (V68 V78)<br \/>\nMitsubishi Pajero III, 3.5 DOHC 2000-2006 (V65 V75)<br \/>\nMitsubishi Pajero III, 3.5 GDI 2000-2002 (V65 V75)<br \/>\nMitsubishi Pajero III, 3.5 OHC 2000-2006 (V65 V75)<br \/>\nMitsubishi Pajero IV, 3.2 DiD 2007-2017 (V88 V98)<br \/>\nMitsubishi Pajero IV, 3.8 V6 2007-2017 (V87 V97)<\/p>\n<p>H\u00f6he: 3cm<br \/>\nH\u00e4rte: 90Sha<\/p>\n<p>Neue Teile, die mit Rechnung verkauft werden. Alle unsere Produkte haben eine Garantie von 2 Jahren.<\/p>\n","protected":false},"excerpt":{"rendered":"<p>Unterlegkeile f\u00fcr die Aufh\u00e4ngung, unten hinten, aus Polyurethan, H\u00f6he 3 cm, passend f\u00fcr die folgenden Fahrzeuge: Mitsubishi Montero, 3.5 2000-2006 (V75W) Mitsubishi Montero, 3.8 2000-2006 (V77W) Mitsubishi Pajero III, 2.5 TD 2000-2006 (V64 V74) Mitsubishi Pajero III, 3.0 2000-2006 (V73) Mitsubishi Pajero III, 3.2 DiD 2000-2006 (V68 V78) Mitsubishi Pajero III, 3.5 DOHC 2000-2006 (V65 [&hellip;]<\/p>\n","protected":false},"featured_media":132181,"template":"","meta":[],"product_brand":[],"product_cat":[2209,3133,3136],"product_tag":[],"class_list":{"0":"post-113257","1":"product","2":"type-product","3":"status-publish","4":"has-post-thumbnail","6":"product_cat-mitsubishi-de","7":"product_cat-pajero-iii-de","8":"product_cat-pajero-iv-de","10":"first","11":"instock","12":"shipping-taxable","13":"purchasable","14":"product-type-simple"},"yoast_head":"<!-- This site is optimized with the Yoast SEO Premium plugin v23.0 (Yoast SEO v27.4) - https:\/\/yoast.com\/product\/yoast-seo-premium-wordpress\/ -->\n<title>Unterlegscheiben f\u00fcr hintere untere Federn (3cm), Pajero III\/IV - SILENT BLOCKS<\/title>\n<meta name=\"description\" content=\"Unterlegscheiben f\u00fcr die hinteren unteren Federn (3cm) aus Polyurethan f\u00fcr Mitsubishi Pajero III\/IV\" \/>\n<meta name=\"robots\" content=\"index, follow, max-snippet:-1, max-image-preview:large, max-video-preview:-1\" \/>\n<link rel=\"canonical\" href=\"https:\/\/www.silentblocks.com\/de\/produkt\/unterlegscheiben-fuer-hintere-untere-federn-3cm-pajero-iii-iv\/\" \/>\n<meta property=\"og:locale\" content=\"de_DE\" \/>\n<meta property=\"og:type\" content=\"article\" \/>\n<meta property=\"og:title\" content=\"Unterlegscheiben f\u00fcr hintere untere Federn (3cm), Pajero III\/IV\" \/>\n<meta property=\"og:description\" content=\"Unterlegscheiben f\u00fcr die hinteren unteren Federn (3cm) aus Polyurethan f\u00fcr Mitsubishi Pajero III\/IV\" \/>\n<meta property=\"og:url\" content=\"https:\/\/www.silentblocks.com\/de\/produkt\/unterlegscheiben-fuer-hintere-untere-federn-3cm-pajero-iii-iv\/\" \/>\n<meta property=\"og:site_name\" content=\"SILENT BLOCKS\" \/>\n<meta property=\"article:modified_time\" content=\"2026-02-17T22:37:13+00:00\" \/>\n<meta property=\"og:image\" content=\"https:\/\/www.silentblocks.com\/wp-content\/uploads\/2026\/02\/cales-ressort-inferieur-arrier-Pajero-III-IV-1.jpg\" \/>\n\t<meta property=\"og:image:width\" content=\"1024\" \/>\n\t<meta property=\"og:image:height\" content=\"1024\" \/>\n\t<meta property=\"og:image:type\" content=\"image\/jpeg\" \/>\n<meta name=\"twitter:card\" content=\"summary_large_image\" \/>\n<meta name=\"twitter:label1\" content=\"Gesch\u00e4tzte Lesezeit\" \/>\n\t<meta name=\"twitter:data1\" content=\"1\u00a0Minute\" \/>\n<script type=\"application\/ld+json\" class=\"yoast-schema-graph\">{\"@context\":\"https:\\\/\\\/schema.org\",\"@graph\":[{\"@type\":\"WebPage\",\"@id\":\"https:\\\/\\\/www.silentblocks.com\\\/de\\\/produkt\\\/unterlegscheiben-fuer-hintere-untere-federn-3cm-pajero-iii-iv\\\/\",\"url\":\"https:\\\/\\\/www.silentblocks.com\\\/de\\\/produkt\\\/unterlegscheiben-fuer-hintere-untere-federn-3cm-pajero-iii-iv\\\/\",\"name\":\"Unterlegscheiben f\u00fcr hintere untere Federn (3cm), Pajero III\\\/IV - SILENT BLOCKS\",\"isPartOf\":{\"@id\":\"https:\\\/\\\/www.silentblocks.com\\\/de\\\/#website\"},\"primaryImageOfPage\":{\"@id\":\"https:\\\/\\\/www.silentblocks.com\\\/de\\\/produkt\\\/unterlegscheiben-fuer-hintere-untere-federn-3cm-pajero-iii-iv\\\/#primaryimage\"},\"image\":{\"@id\":\"https:\\\/\\\/www.silentblocks.com\\\/de\\\/produkt\\\/unterlegscheiben-fuer-hintere-untere-federn-3cm-pajero-iii-iv\\\/#primaryimage\"},\"thumbnailUrl\":\"https:\\\/\\\/www.silentblocks.com\\\/wp-content\\\/uploads\\\/2026\\\/02\\\/cales-ressort-inferieur-arrier-Pajero-III-IV-1.jpg\",\"datePublished\":\"2026-02-01T21:28:14+00:00\",\"dateModified\":\"2026-02-17T22:37:13+00:00\",\"description\":\"Unterlegscheiben f\u00fcr die hinteren unteren Federn (3cm) aus Polyurethan f\u00fcr Mitsubishi Pajero III\\\/IV\",\"breadcrumb\":{\"@id\":\"https:\\\/\\\/www.silentblocks.com\\\/de\\\/produkt\\\/unterlegscheiben-fuer-hintere-untere-federn-3cm-pajero-iii-iv\\\/#breadcrumb\"},\"inLanguage\":\"de\",\"potentialAction\":[{\"@type\":\"ReadAction\",\"target\":[\"https:\\\/\\\/www.silentblocks.com\\\/de\\\/produkt\\\/unterlegscheiben-fuer-hintere-untere-federn-3cm-pajero-iii-iv\\\/\"]}]},{\"@type\":\"ImageObject\",\"inLanguage\":\"de\",\"@id\":\"https:\\\/\\\/www.silentblocks.com\\\/de\\\/produkt\\\/unterlegscheiben-fuer-hintere-untere-federn-3cm-pajero-iii-iv\\\/#primaryimage\",\"url\":\"https:\\\/\\\/www.silentblocks.com\\\/wp-content\\\/uploads\\\/2026\\\/02\\\/cales-ressort-inferieur-arrier-Pajero-III-IV-1.jpg\",\"contentUrl\":\"https:\\\/\\\/www.silentblocks.com\\\/wp-content\\\/uploads\\\/2026\\\/02\\\/cales-ressort-inferieur-arrier-Pajero-III-IV-1.jpg\",\"width\":1024,\"height\":1024},{\"@type\":\"BreadcrumbList\",\"@id\":\"https:\\\/\\\/www.silentblocks.com\\\/de\\\/produkt\\\/unterlegscheiben-fuer-hintere-untere-federn-3cm-pajero-iii-iv\\\/#breadcrumb\",\"itemListElement\":[{\"@type\":\"ListItem\",\"position\":1,\"name\":\"In\u00edcio\",\"item\":\"https:\\\/\\\/www.silentblocks.com\\\/de\\\/\"},{\"@type\":\"ListItem\",\"position\":2,\"name\":\"Page boutique\",\"item\":\"https:\\\/\\\/www.silentblocks.com\\\/shop-2\\\/\"},{\"@type\":\"ListItem\",\"position\":3,\"name\":\"Unterlegscheiben f\u00fcr hintere untere Federn (3cm), Pajero III\\\/IV\"}]},{\"@type\":\"WebSite\",\"@id\":\"https:\\\/\\\/www.silentblocks.com\\\/de\\\/#website\",\"url\":\"https:\\\/\\\/www.silentblocks.com\\\/de\\\/\",\"name\":\"SILENTBLOCKS\",\"description\":\"Secure on the road\",\"publisher\":{\"@id\":\"https:\\\/\\\/www.silentblocks.com\\\/de\\\/#organization\"},\"potentialAction\":[{\"@type\":\"SearchAction\",\"target\":{\"@type\":\"EntryPoint\",\"urlTemplate\":\"https:\\\/\\\/www.silentblocks.com\\\/de\\\/?s={search_term_string}\"},\"query-input\":{\"@type\":\"PropertyValueSpecification\",\"valueRequired\":true,\"valueName\":\"search_term_string\"}}],\"inLanguage\":\"de\"},{\"@type\":\"Organization\",\"@id\":\"https:\\\/\\\/www.silentblocks.com\\\/de\\\/#organization\",\"name\":\"SILENTBLOCKS\",\"url\":\"https:\\\/\\\/www.silentblocks.com\\\/de\\\/\",\"logo\":{\"@type\":\"ImageObject\",\"inLanguage\":\"de\",\"@id\":\"https:\\\/\\\/www.silentblocks.com\\\/de\\\/#\\\/schema\\\/logo\\\/image\\\/\",\"url\":\"https:\\\/\\\/www.silentblocks.com\\\/wp-content\\\/uploads\\\/2023\\\/07\\\/logo211-sem-fundo_2012-PARA-BOUTIQUE-EBAY.png\",\"contentUrl\":\"https:\\\/\\\/www.silentblocks.com\\\/wp-content\\\/uploads\\\/2023\\\/07\\\/logo211-sem-fundo_2012-PARA-BOUTIQUE-EBAY.png\",\"width\":300,\"height\":190,\"caption\":\"SILENTBLOCKS\"},\"image\":{\"@id\":\"https:\\\/\\\/www.silentblocks.com\\\/de\\\/#\\\/schema\\\/logo\\\/image\\\/\"}}]}<\/script>\n<!-- \/ Yoast SEO Premium plugin. -->","yoast_head_json":{"title":"Unterlegscheiben f\u00fcr hintere untere Federn (3cm), Pajero III\/IV - SILENT BLOCKS","description":"Unterlegscheiben f\u00fcr die hinteren unteren Federn (3cm) aus Polyurethan f\u00fcr Mitsubishi Pajero III\/IV","robots":{"index":"index","follow":"follow","max-snippet":"max-snippet:-1","max-image-preview":"max-image-preview:large","max-video-preview":"max-video-preview:-1"},"canonical":"https:\/\/www.silentblocks.com\/de\/produkt\/unterlegscheiben-fuer-hintere-untere-federn-3cm-pajero-iii-iv\/","og_locale":"de_DE","og_type":"article","og_title":"Unterlegscheiben f\u00fcr hintere untere Federn (3cm), Pajero III\/IV","og_description":"Unterlegscheiben f\u00fcr die hinteren unteren Federn (3cm) aus Polyurethan f\u00fcr Mitsubishi Pajero III\/IV","og_url":"https:\/\/www.silentblocks.com\/de\/produkt\/unterlegscheiben-fuer-hintere-untere-federn-3cm-pajero-iii-iv\/","og_site_name":"SILENT BLOCKS","article_modified_time":"2026-02-17T22:37:13+00:00","og_image":[{"width":1024,"height":1024,"url":"https:\/\/www.silentblocks.com\/wp-content\/uploads\/2026\/02\/cales-ressort-inferieur-arrier-Pajero-III-IV-1.jpg","type":"image\/jpeg"}],"twitter_card":"summary_large_image","twitter_misc":{"Gesch\u00e4tzte Lesezeit":"1\u00a0Minute"},"schema":{"@context":"https:\/\/schema.org","@graph":[{"@type":"WebPage","@id":"https:\/\/www.silentblocks.com\/de\/produkt\/unterlegscheiben-fuer-hintere-untere-federn-3cm-pajero-iii-iv\/","url":"https:\/\/www.silentblocks.com\/de\/produkt\/unterlegscheiben-fuer-hintere-untere-federn-3cm-pajero-iii-iv\/","name":"Unterlegscheiben f\u00fcr hintere untere Federn (3cm), Pajero III\/IV - SILENT BLOCKS","isPartOf":{"@id":"https:\/\/www.silentblocks.com\/de\/#website"},"primaryImageOfPage":{"@id":"https:\/\/www.silentblocks.com\/de\/produkt\/unterlegscheiben-fuer-hintere-untere-federn-3cm-pajero-iii-iv\/#primaryimage"},"image":{"@id":"https:\/\/www.silentblocks.com\/de\/produkt\/unterlegscheiben-fuer-hintere-untere-federn-3cm-pajero-iii-iv\/#primaryimage"},"thumbnailUrl":"https:\/\/www.silentblocks.com\/wp-content\/uploads\/2026\/02\/cales-ressort-inferieur-arrier-Pajero-III-IV-1.jpg","datePublished":"2026-02-01T21:28:14+00:00","dateModified":"2026-02-17T22:37:13+00:00","description":"Unterlegscheiben f\u00fcr die hinteren unteren Federn (3cm) aus Polyurethan f\u00fcr Mitsubishi Pajero III\/IV","breadcrumb":{"@id":"https:\/\/www.silentblocks.com\/de\/produkt\/unterlegscheiben-fuer-hintere-untere-federn-3cm-pajero-iii-iv\/#breadcrumb"},"inLanguage":"de","potentialAction":[{"@type":"ReadAction","target":["https:\/\/www.silentblocks.com\/de\/produkt\/unterlegscheiben-fuer-hintere-untere-federn-3cm-pajero-iii-iv\/"]}]},{"@type":"ImageObject","inLanguage":"de","@id":"https:\/\/www.silentblocks.com\/de\/produkt\/unterlegscheiben-fuer-hintere-untere-federn-3cm-pajero-iii-iv\/#primaryimage","url":"https:\/\/www.silentblocks.com\/wp-content\/uploads\/2026\/02\/cales-ressort-inferieur-arrier-Pajero-III-IV-1.jpg","contentUrl":"https:\/\/www.silentblocks.com\/wp-content\/uploads\/2026\/02\/cales-ressort-inferieur-arrier-Pajero-III-IV-1.jpg","width":1024,"height":1024},{"@type":"BreadcrumbList","@id":"https:\/\/www.silentblocks.com\/de\/produkt\/unterlegscheiben-fuer-hintere-untere-federn-3cm-pajero-iii-iv\/#breadcrumb","itemListElement":[{"@type":"ListItem","position":1,"name":"In\u00edcio","item":"https:\/\/www.silentblocks.com\/de\/"},{"@type":"ListItem","position":2,"name":"Page boutique","item":"https:\/\/www.silentblocks.com\/shop-2\/"},{"@type":"ListItem","position":3,"name":"Unterlegscheiben f\u00fcr hintere untere Federn (3cm), Pajero III\/IV"}]},{"@type":"WebSite","@id":"https:\/\/www.silentblocks.com\/de\/#website","url":"https:\/\/www.silentblocks.com\/de\/","name":"SILENTBLOCKS","description":"Secure on the road","publisher":{"@id":"https:\/\/www.silentblocks.com\/de\/#organization"},"potentialAction":[{"@type":"SearchAction","target":{"@type":"EntryPoint","urlTemplate":"https:\/\/www.silentblocks.com\/de\/?s={search_term_string}"},"query-input":{"@type":"PropertyValueSpecification","valueRequired":true,"valueName":"search_term_string"}}],"inLanguage":"de"},{"@type":"Organization","@id":"https:\/\/www.silentblocks.com\/de\/#organization","name":"SILENTBLOCKS","url":"https:\/\/www.silentblocks.com\/de\/","logo":{"@type":"ImageObject","inLanguage":"de","@id":"https:\/\/www.silentblocks.com\/de\/#\/schema\/logo\/image\/","url":"https:\/\/www.silentblocks.com\/wp-content\/uploads\/2023\/07\/logo211-sem-fundo_2012-PARA-BOUTIQUE-EBAY.png","contentUrl":"https:\/\/www.silentblocks.com\/wp-content\/uploads\/2023\/07\/logo211-sem-fundo_2012-PARA-BOUTIQUE-EBAY.png","width":300,"height":190,"caption":"SILENTBLOCKS"},"image":{"@id":"https:\/\/www.silentblocks.com\/de\/#\/schema\/logo\/image\/"}}]}},"_links":{"self":[{"href":"https:\/\/www.silentblocks.com\/de\/wp-json\/wp\/v2\/product\/113257","targetHints":{"allow":["GET"]}}],"collection":[{"href":"https:\/\/www.silentblocks.com\/de\/wp-json\/wp\/v2\/product"}],"about":[{"href":"https:\/\/www.silentblocks.com\/de\/wp-json\/wp\/v2\/types\/product"}],"version-history":[{"count":0,"href":"https:\/\/www.silentblocks.com\/de\/wp-json\/wp\/v2\/product\/113257\/revisions"}],"wp:featuredmedia":[{"embeddable":true,"href":"https:\/\/www.silentblocks.com\/de\/wp-json\/wp\/v2\/media\/132181"}],"wp:attachment":[{"href":"https:\/\/www.silentblocks.com\/de\/wp-json\/wp\/v2\/media?parent=113257"}],"wp:term":[{"taxonomy":"product_brand","embeddable":true,"href":"https:\/\/www.silentblocks.com\/de\/wp-json\/wp\/v2\/product_brand?post=113257"},{"taxonomy":"product_cat","embeddable":true,"href":"https:\/\/www.silentblocks.com\/de\/wp-json\/wp\/v2\/product_cat?post=113257"},{"taxonomy":"product_tag","embeddable":true,"href":"https:\/\/www.silentblocks.com\/de\/wp-json\/wp\/v2\/product_tag?post=113257"}],"curies":[{"name":"wp","href":"https:\/\/api.w.org\/{rel}","templated":true}]}}