{"id":113449,"date":"2026-02-05T11:52:38","date_gmt":"2026-02-05T11:52:38","guid":{"rendered":"https:\/\/www.silentblocks.com\/product\/buchsensatz-fuer-vordere-querlenker-bravo-ii-delta-iii\/"},"modified":"2026-02-17T22:37:41","modified_gmt":"2026-02-17T22:37:41","slug":"buchsensatz-fuer-vordere-querlenker-bravo-ii-delta-iii","status":"publish","type":"product","link":"https:\/\/www.silentblocks.com\/de\/produkt\/buchsensatz-fuer-vordere-querlenker-bravo-ii-delta-iii\/","title":{"rendered":"Buchsensatz f\u00fcr vordere Querlenker, Bravo II, Delta III"},"content":{"rendered":"<p>Satz mit 4 buchsen aus Polyurethan f\u00fcr die beiden vorderen Querlenker, passend f\u00fcr die folgenden Fahrzeuge:<br \/>\nFiat Bravo II (2007-2016)<br \/>\nModelle: 198_<br \/>\nLancia Delta III (09.2008-08.2014)<br \/>\nModell: 844<\/p>\n<p>H\u00e4rte: 80Sha<\/p>\n<p>Herstellerreferenzen (OEM-Code) zur Orientierung :<br \/>\n50 705 465, 50 705 544, 51 827 737, 51 827 738, 50 700 779, 50 700 797, 50 705 464, 50 705 465, 50 705 544, 51 827 736, 51 827 737<\/p>\n<p>Neue Teile, die mit Rechnung verkauft werden. Alle unsere Produkte haben eine Garantie von 2 Jahren.<\/p>\n","protected":false},"excerpt":{"rendered":"<p>Satz mit 4 buchsen aus Polyurethan f\u00fcr die beiden vorderen Querlenker, passend f\u00fcr die folgenden Fahrzeuge: Fiat Bravo II (2007-2016) Modelle: 198_ Lancia Delta III (09.2008-08.2014) Modell: 844 H\u00e4rte: 80Sha Herstellerreferenzen (OEM-Code) zur Orientierung : 50 705 465, 50 705 544, 51 827 737, 51 827 738, 50 700 779, 50 700 797, 50 705 [&hellip;]<\/p>\n","protected":false},"featured_media":66634,"template":"","meta":[],"product_brand":[],"product_cat":[938,1092,935,1207,2898],"product_tag":[],"class_list":{"0":"post-113449","1":"product","2":"type-product","3":"status-publish","4":"has-post-thumbnail","6":"product_cat-fiat","7":"product_cat-bravo","8":"product_cat-lancia","9":"product_cat-delta-iii","10":"product_cat-delta-iii-de","12":"first","13":"instock","14":"shipping-taxable","15":"purchasable","16":"product-type-simple"},"yoast_head":"<!-- This site is optimized with the Yoast SEO Premium plugin v23.0 (Yoast SEO v27.4) - https:\/\/yoast.com\/product\/yoast-seo-premium-wordpress\/ -->\n<title>Buchsensatz f\u00fcr vordere Querlenker, Bravo II, Delta III - SILENT BLOCKS<\/title>\n<meta name=\"description\" content=\"Polyurethan-Buchsensatz f\u00fcr vordere Querlenker f\u00fcr Fiat Bravo II, Lancia Delta III, kompatibel mit oem 50 705 465, 50 705 544, 51 827 737, 51 827 738, 50 700 779\" \/>\n<meta name=\"robots\" content=\"index, follow, max-snippet:-1, max-image-preview:large, max-video-preview:-1\" \/>\n<link rel=\"canonical\" href=\"https:\/\/www.silentblocks.com\/de\/produkt\/buchsensatz-fuer-vordere-querlenker-bravo-ii-delta-iii\/\" \/>\n<meta property=\"og:locale\" content=\"de_DE\" \/>\n<meta property=\"og:type\" content=\"article\" \/>\n<meta property=\"og:title\" content=\"Buchsensatz f\u00fcr vordere Querlenker, Bravo II, Delta III\" \/>\n<meta property=\"og:description\" content=\"Polyurethan-Buchsensatz f\u00fcr vordere Querlenker f\u00fcr Fiat Bravo II, Lancia Delta III, kompatibel mit oem 50 705 465, 50 705 544, 51 827 737, 51 827 738, 50 700 779\" \/>\n<meta property=\"og:url\" content=\"https:\/\/www.silentblocks.com\/de\/produkt\/buchsensatz-fuer-vordere-querlenker-bravo-ii-delta-iii\/\" \/>\n<meta property=\"og:site_name\" content=\"SILENT BLOCKS\" \/>\n<meta property=\"article:modified_time\" content=\"2026-02-17T22:37:41+00:00\" \/>\n<meta property=\"og:image\" content=\"https:\/\/www.silentblocks.com\/wp-content\/uploads\/2026\/02\/silentblocs-polyurethane-bras-avant-Bravo-II-1.jpg\" \/>\n\t<meta property=\"og:image:width\" content=\"1024\" \/>\n\t<meta property=\"og:image:height\" content=\"1024\" \/>\n\t<meta property=\"og:image:type\" content=\"image\/jpeg\" \/>\n<meta name=\"twitter:card\" content=\"summary_large_image\" \/>\n<script type=\"application\/ld+json\" class=\"yoast-schema-graph\">{\"@context\":\"https:\\\/\\\/schema.org\",\"@graph\":[{\"@type\":\"WebPage\",\"@id\":\"https:\\\/\\\/www.silentblocks.com\\\/de\\\/produkt\\\/buchsensatz-fuer-vordere-querlenker-bravo-ii-delta-iii\\\/\",\"url\":\"https:\\\/\\\/www.silentblocks.com\\\/de\\\/produkt\\\/buchsensatz-fuer-vordere-querlenker-bravo-ii-delta-iii\\\/\",\"name\":\"Buchsensatz f\u00fcr vordere Querlenker, Bravo II, Delta III - SILENT BLOCKS\",\"isPartOf\":{\"@id\":\"https:\\\/\\\/www.silentblocks.com\\\/de\\\/#website\"},\"primaryImageOfPage\":{\"@id\":\"https:\\\/\\\/www.silentblocks.com\\\/de\\\/produkt\\\/buchsensatz-fuer-vordere-querlenker-bravo-ii-delta-iii\\\/#primaryimage\"},\"image\":{\"@id\":\"https:\\\/\\\/www.silentblocks.com\\\/de\\\/produkt\\\/buchsensatz-fuer-vordere-querlenker-bravo-ii-delta-iii\\\/#primaryimage\"},\"thumbnailUrl\":\"https:\\\/\\\/www.silentblocks.com\\\/wp-content\\\/uploads\\\/2026\\\/02\\\/silentblocs-polyurethane-bras-avant-Bravo-II-1.jpg\",\"datePublished\":\"2026-02-05T11:52:38+00:00\",\"dateModified\":\"2026-02-17T22:37:41+00:00\",\"description\":\"Polyurethan-Buchsensatz f\u00fcr vordere Querlenker f\u00fcr Fiat Bravo II, Lancia Delta III, kompatibel mit oem 50 705 465, 50 705 544, 51 827 737, 51 827 738, 50 700 779\",\"breadcrumb\":{\"@id\":\"https:\\\/\\\/www.silentblocks.com\\\/de\\\/produkt\\\/buchsensatz-fuer-vordere-querlenker-bravo-ii-delta-iii\\\/#breadcrumb\"},\"inLanguage\":\"de\",\"potentialAction\":[{\"@type\":\"ReadAction\",\"target\":[\"https:\\\/\\\/www.silentblocks.com\\\/de\\\/produkt\\\/buchsensatz-fuer-vordere-querlenker-bravo-ii-delta-iii\\\/\"]}]},{\"@type\":\"ImageObject\",\"inLanguage\":\"de\",\"@id\":\"https:\\\/\\\/www.silentblocks.com\\\/de\\\/produkt\\\/buchsensatz-fuer-vordere-querlenker-bravo-ii-delta-iii\\\/#primaryimage\",\"url\":\"https:\\\/\\\/www.silentblocks.com\\\/wp-content\\\/uploads\\\/2026\\\/02\\\/silentblocs-polyurethane-bras-avant-Bravo-II-1.jpg\",\"contentUrl\":\"https:\\\/\\\/www.silentblocks.com\\\/wp-content\\\/uploads\\\/2026\\\/02\\\/silentblocs-polyurethane-bras-avant-Bravo-II-1.jpg\",\"width\":1024,\"height\":1024},{\"@type\":\"BreadcrumbList\",\"@id\":\"https:\\\/\\\/www.silentblocks.com\\\/de\\\/produkt\\\/buchsensatz-fuer-vordere-querlenker-bravo-ii-delta-iii\\\/#breadcrumb\",\"itemListElement\":[{\"@type\":\"ListItem\",\"position\":1,\"name\":\"In\u00edcio\",\"item\":\"https:\\\/\\\/www.silentblocks.com\\\/de\\\/\"},{\"@type\":\"ListItem\",\"position\":2,\"name\":\"Page boutique\",\"item\":\"https:\\\/\\\/www.silentblocks.com\\\/shop-2\\\/\"},{\"@type\":\"ListItem\",\"position\":3,\"name\":\"Buchsensatz f\u00fcr vordere Querlenker, Bravo II, Delta III\"}]},{\"@type\":\"WebSite\",\"@id\":\"https:\\\/\\\/www.silentblocks.com\\\/de\\\/#website\",\"url\":\"https:\\\/\\\/www.silentblocks.com\\\/de\\\/\",\"name\":\"SILENTBLOCKS\",\"description\":\"Secure on the road\",\"publisher\":{\"@id\":\"https:\\\/\\\/www.silentblocks.com\\\/de\\\/#organization\"},\"potentialAction\":[{\"@type\":\"SearchAction\",\"target\":{\"@type\":\"EntryPoint\",\"urlTemplate\":\"https:\\\/\\\/www.silentblocks.com\\\/de\\\/?s={search_term_string}\"},\"query-input\":{\"@type\":\"PropertyValueSpecification\",\"valueRequired\":true,\"valueName\":\"search_term_string\"}}],\"inLanguage\":\"de\"},{\"@type\":\"Organization\",\"@id\":\"https:\\\/\\\/www.silentblocks.com\\\/de\\\/#organization\",\"name\":\"SILENTBLOCKS\",\"url\":\"https:\\\/\\\/www.silentblocks.com\\\/de\\\/\",\"logo\":{\"@type\":\"ImageObject\",\"inLanguage\":\"de\",\"@id\":\"https:\\\/\\\/www.silentblocks.com\\\/de\\\/#\\\/schema\\\/logo\\\/image\\\/\",\"url\":\"https:\\\/\\\/www.silentblocks.com\\\/wp-content\\\/uploads\\\/2023\\\/07\\\/logo211-sem-fundo_2012-PARA-BOUTIQUE-EBAY.png\",\"contentUrl\":\"https:\\\/\\\/www.silentblocks.com\\\/wp-content\\\/uploads\\\/2023\\\/07\\\/logo211-sem-fundo_2012-PARA-BOUTIQUE-EBAY.png\",\"width\":300,\"height\":190,\"caption\":\"SILENTBLOCKS\"},\"image\":{\"@id\":\"https:\\\/\\\/www.silentblocks.com\\\/de\\\/#\\\/schema\\\/logo\\\/image\\\/\"}}]}<\/script>\n<!-- \/ Yoast SEO Premium plugin. -->","yoast_head_json":{"title":"Buchsensatz f\u00fcr vordere Querlenker, Bravo II, Delta III - SILENT BLOCKS","description":"Polyurethan-Buchsensatz f\u00fcr vordere Querlenker f\u00fcr Fiat Bravo II, Lancia Delta III, kompatibel mit oem 50 705 465, 50 705 544, 51 827 737, 51 827 738, 50 700 779","robots":{"index":"index","follow":"follow","max-snippet":"max-snippet:-1","max-image-preview":"max-image-preview:large","max-video-preview":"max-video-preview:-1"},"canonical":"https:\/\/www.silentblocks.com\/de\/produkt\/buchsensatz-fuer-vordere-querlenker-bravo-ii-delta-iii\/","og_locale":"de_DE","og_type":"article","og_title":"Buchsensatz f\u00fcr vordere Querlenker, Bravo II, Delta III","og_description":"Polyurethan-Buchsensatz f\u00fcr vordere Querlenker f\u00fcr Fiat Bravo II, Lancia Delta III, kompatibel mit oem 50 705 465, 50 705 544, 51 827 737, 51 827 738, 50 700 779","og_url":"https:\/\/www.silentblocks.com\/de\/produkt\/buchsensatz-fuer-vordere-querlenker-bravo-ii-delta-iii\/","og_site_name":"SILENT BLOCKS","article_modified_time":"2026-02-17T22:37:41+00:00","og_image":[{"width":1024,"height":1024,"url":"https:\/\/www.silentblocks.com\/wp-content\/uploads\/2026\/02\/silentblocs-polyurethane-bras-avant-Bravo-II-1.jpg","type":"image\/jpeg"}],"twitter_card":"summary_large_image","schema":{"@context":"https:\/\/schema.org","@graph":[{"@type":"WebPage","@id":"https:\/\/www.silentblocks.com\/de\/produkt\/buchsensatz-fuer-vordere-querlenker-bravo-ii-delta-iii\/","url":"https:\/\/www.silentblocks.com\/de\/produkt\/buchsensatz-fuer-vordere-querlenker-bravo-ii-delta-iii\/","name":"Buchsensatz f\u00fcr vordere Querlenker, Bravo II, Delta III - SILENT BLOCKS","isPartOf":{"@id":"https:\/\/www.silentblocks.com\/de\/#website"},"primaryImageOfPage":{"@id":"https:\/\/www.silentblocks.com\/de\/produkt\/buchsensatz-fuer-vordere-querlenker-bravo-ii-delta-iii\/#primaryimage"},"image":{"@id":"https:\/\/www.silentblocks.com\/de\/produkt\/buchsensatz-fuer-vordere-querlenker-bravo-ii-delta-iii\/#primaryimage"},"thumbnailUrl":"https:\/\/www.silentblocks.com\/wp-content\/uploads\/2026\/02\/silentblocs-polyurethane-bras-avant-Bravo-II-1.jpg","datePublished":"2026-02-05T11:52:38+00:00","dateModified":"2026-02-17T22:37:41+00:00","description":"Polyurethan-Buchsensatz f\u00fcr vordere Querlenker f\u00fcr Fiat Bravo II, Lancia Delta III, kompatibel mit oem 50 705 465, 50 705 544, 51 827 737, 51 827 738, 50 700 779","breadcrumb":{"@id":"https:\/\/www.silentblocks.com\/de\/produkt\/buchsensatz-fuer-vordere-querlenker-bravo-ii-delta-iii\/#breadcrumb"},"inLanguage":"de","potentialAction":[{"@type":"ReadAction","target":["https:\/\/www.silentblocks.com\/de\/produkt\/buchsensatz-fuer-vordere-querlenker-bravo-ii-delta-iii\/"]}]},{"@type":"ImageObject","inLanguage":"de","@id":"https:\/\/www.silentblocks.com\/de\/produkt\/buchsensatz-fuer-vordere-querlenker-bravo-ii-delta-iii\/#primaryimage","url":"https:\/\/www.silentblocks.com\/wp-content\/uploads\/2026\/02\/silentblocs-polyurethane-bras-avant-Bravo-II-1.jpg","contentUrl":"https:\/\/www.silentblocks.com\/wp-content\/uploads\/2026\/02\/silentblocs-polyurethane-bras-avant-Bravo-II-1.jpg","width":1024,"height":1024},{"@type":"BreadcrumbList","@id":"https:\/\/www.silentblocks.com\/de\/produkt\/buchsensatz-fuer-vordere-querlenker-bravo-ii-delta-iii\/#breadcrumb","itemListElement":[{"@type":"ListItem","position":1,"name":"In\u00edcio","item":"https:\/\/www.silentblocks.com\/de\/"},{"@type":"ListItem","position":2,"name":"Page boutique","item":"https:\/\/www.silentblocks.com\/shop-2\/"},{"@type":"ListItem","position":3,"name":"Buchsensatz f\u00fcr vordere Querlenker, Bravo II, Delta III"}]},{"@type":"WebSite","@id":"https:\/\/www.silentblocks.com\/de\/#website","url":"https:\/\/www.silentblocks.com\/de\/","name":"SILENTBLOCKS","description":"Secure on the road","publisher":{"@id":"https:\/\/www.silentblocks.com\/de\/#organization"},"potentialAction":[{"@type":"SearchAction","target":{"@type":"EntryPoint","urlTemplate":"https:\/\/www.silentblocks.com\/de\/?s={search_term_string}"},"query-input":{"@type":"PropertyValueSpecification","valueRequired":true,"valueName":"search_term_string"}}],"inLanguage":"de"},{"@type":"Organization","@id":"https:\/\/www.silentblocks.com\/de\/#organization","name":"SILENTBLOCKS","url":"https:\/\/www.silentblocks.com\/de\/","logo":{"@type":"ImageObject","inLanguage":"de","@id":"https:\/\/www.silentblocks.com\/de\/#\/schema\/logo\/image\/","url":"https:\/\/www.silentblocks.com\/wp-content\/uploads\/2023\/07\/logo211-sem-fundo_2012-PARA-BOUTIQUE-EBAY.png","contentUrl":"https:\/\/www.silentblocks.com\/wp-content\/uploads\/2023\/07\/logo211-sem-fundo_2012-PARA-BOUTIQUE-EBAY.png","width":300,"height":190,"caption":"SILENTBLOCKS"},"image":{"@id":"https:\/\/www.silentblocks.com\/de\/#\/schema\/logo\/image\/"}}]}},"_links":{"self":[{"href":"https:\/\/www.silentblocks.com\/de\/wp-json\/wp\/v2\/product\/113449","targetHints":{"allow":["GET"]}}],"collection":[{"href":"https:\/\/www.silentblocks.com\/de\/wp-json\/wp\/v2\/product"}],"about":[{"href":"https:\/\/www.silentblocks.com\/de\/wp-json\/wp\/v2\/types\/product"}],"version-history":[{"count":0,"href":"https:\/\/www.silentblocks.com\/de\/wp-json\/wp\/v2\/product\/113449\/revisions"}],"wp:featuredmedia":[{"embeddable":true,"href":"https:\/\/www.silentblocks.com\/de\/wp-json\/wp\/v2\/media\/66634"}],"wp:attachment":[{"href":"https:\/\/www.silentblocks.com\/de\/wp-json\/wp\/v2\/media?parent=113449"}],"wp:term":[{"taxonomy":"product_brand","embeddable":true,"href":"https:\/\/www.silentblocks.com\/de\/wp-json\/wp\/v2\/product_brand?post=113449"},{"taxonomy":"product_cat","embeddable":true,"href":"https:\/\/www.silentblocks.com\/de\/wp-json\/wp\/v2\/product_cat?post=113449"},{"taxonomy":"product_tag","embeddable":true,"href":"https:\/\/www.silentblocks.com\/de\/wp-json\/wp\/v2\/product_tag?post=113449"}],"curies":[{"name":"wp","href":"https:\/\/api.w.org\/{rel}","templated":true}]}}