{"id":132579,"date":"2026-02-19T20:03:52","date_gmt":"2026-02-19T20:03:52","guid":{"rendered":"https:\/\/www.silentblocks.com\/product\/radaufhaengungssatztoyota-land-cruiser-prado-90\/"},"modified":"2026-02-19T20:03:52","modified_gmt":"2026-02-19T20:03:52","slug":"radaufhaengungssatztoyota-land-cruiser-prado-90","status":"publish","type":"product","link":"https:\/\/www.silentblocks.com\/de\/produkt\/radaufhaengungssatztoyota-land-cruiser-prado-90\/","title":{"rendered":"Radaufh\u00e4ngungssatz,Toyota Land Cruiser (Prado) 90"},"content":{"rendered":"<p>Satz f\u00fcr die Erh\u00f6hung der Radaufh\u00e4ngung, 5 cm, aus Polyurethan, passend f\u00fcr die folgenden Fahrzeuge:<br \/>\nToyota Land Cruiser (Prado) 90<\/p>\n<p>Das Paket besteht aus vorderen McPherson-Distanzst\u00fccken mit Bolzen, Muttern und Unterlegscheiben sowie Polyurethan-Zwischenlagen f\u00fcr die hinteren Federn. Die vorderen Abstandshalter werden zwischen dem McPherson-Sto\u00dfd\u00e4mpfer und der Fahrzeugkarosserie montiert, w\u00e4hrend PU-Scheiben an den hinteren Federn angebracht werden. Das Kit erh\u00f6ht die Bodenfreiheit des Fahrzeugs, den Anstellwinkel und den B\u00f6schungswinkel, ohne die Fahreigenschaften auf asphaltierten Stra\u00dfen zu verschlechtern und ohne die Steifigkeit oder die Eigenschaften der Federung zu ver\u00e4ndern.<\/p>\n<p>Neue Teile, die mit Rechnung verkauft werden. Alle unsere Produkte haben eine Garantie von 2 Jahren.<\/p>\n","protected":false},"excerpt":{"rendered":"<p>Satz f\u00fcr die Erh\u00f6hung der Radaufh\u00e4ngung, 5 cm, aus Polyurethan, passend f\u00fcr die folgenden Fahrzeuge: Toyota Land Cruiser (Prado) 90 Das Paket besteht aus vorderen McPherson-Distanzst\u00fccken mit Bolzen, Muttern und Unterlegscheiben sowie Polyurethan-Zwischenlagen f\u00fcr die hinteren Federn. Die vorderen Abstandshalter werden zwischen dem McPherson-Sto\u00dfd\u00e4mpfer und der Fahrzeugkarosserie montiert, w\u00e4hrend PU-Scheiben an den hinteren Federn angebracht [&hellip;]<\/p>\n","protected":false},"featured_media":132577,"template":"","meta":[],"product_brand":[],"product_cat":[3668],"product_tag":[],"class_list":{"0":"post-132579","1":"product","2":"type-product","3":"status-publish","4":"has-post-thumbnail","6":"product_cat-landcruiser-de","8":"first","9":"instock","10":"shipping-taxable","11":"purchasable","12":"product-type-simple"},"yoast_head":"<!-- This site is optimized with the Yoast SEO Premium plugin v23.0 (Yoast SEO v27.4) - https:\/\/yoast.com\/product\/yoast-seo-premium-wordpress\/ -->\n<title>Radaufh\u00e4ngungssatz,Toyota Land Cruiser (Prado) 90 - SILENT BLOCKS<\/title>\n<meta name=\"description\" content=\"Fahrwerksverbesserungssatz, 5cm H\u00f6herlegung f\u00fcr Toyota Land Cruiser (Prado) 90\" \/>\n<meta name=\"robots\" content=\"index, follow, max-snippet:-1, max-image-preview:large, max-video-preview:-1\" \/>\n<link rel=\"canonical\" href=\"https:\/\/www.silentblocks.com\/de\/produkt\/radaufhaengungssatztoyota-land-cruiser-prado-90\/\" \/>\n<meta property=\"og:locale\" content=\"de_DE\" \/>\n<meta property=\"og:type\" content=\"article\" \/>\n<meta property=\"og:title\" content=\"Radaufh\u00e4ngungssatz,Toyota Land Cruiser (Prado) 90\" \/>\n<meta property=\"og:description\" content=\"Fahrwerksverbesserungssatz, 5cm H\u00f6herlegung f\u00fcr Toyota Land Cruiser (Prado) 90\" \/>\n<meta property=\"og:url\" content=\"https:\/\/www.silentblocks.com\/de\/produkt\/radaufhaengungssatztoyota-land-cruiser-prado-90\/\" \/>\n<meta property=\"og:site_name\" content=\"SILENT BLOCKS\" \/>\n<meta property=\"og:image\" content=\"https:\/\/www.silentblocks.com\/wp-content\/uploads\/2026\/02\/kit-elevation-toyota-prado.jpg\" \/>\n\t<meta property=\"og:image:width\" content=\"1500\" \/>\n\t<meta property=\"og:image:height\" content=\"1500\" \/>\n\t<meta property=\"og:image:type\" content=\"image\/jpeg\" \/>\n<meta name=\"twitter:card\" content=\"summary_large_image\" \/>\n<meta name=\"twitter:label1\" content=\"Gesch\u00e4tzte Lesezeit\" \/>\n\t<meta name=\"twitter:data1\" content=\"1\u00a0Minute\" \/>\n<script type=\"application\/ld+json\" class=\"yoast-schema-graph\">{\"@context\":\"https:\\\/\\\/schema.org\",\"@graph\":[{\"@type\":\"WebPage\",\"@id\":\"https:\\\/\\\/www.silentblocks.com\\\/de\\\/produkt\\\/radaufhaengungssatztoyota-land-cruiser-prado-90\\\/\",\"url\":\"https:\\\/\\\/www.silentblocks.com\\\/de\\\/produkt\\\/radaufhaengungssatztoyota-land-cruiser-prado-90\\\/\",\"name\":\"Radaufh\u00e4ngungssatz,Toyota Land Cruiser (Prado) 90 - SILENT BLOCKS\",\"isPartOf\":{\"@id\":\"https:\\\/\\\/www.silentblocks.com\\\/de\\\/#website\"},\"primaryImageOfPage\":{\"@id\":\"https:\\\/\\\/www.silentblocks.com\\\/de\\\/produkt\\\/radaufhaengungssatztoyota-land-cruiser-prado-90\\\/#primaryimage\"},\"image\":{\"@id\":\"https:\\\/\\\/www.silentblocks.com\\\/de\\\/produkt\\\/radaufhaengungssatztoyota-land-cruiser-prado-90\\\/#primaryimage\"},\"thumbnailUrl\":\"https:\\\/\\\/www.silentblocks.com\\\/wp-content\\\/uploads\\\/2026\\\/02\\\/kit-elevation-toyota-prado.jpg\",\"datePublished\":\"2026-02-19T20:03:52+00:00\",\"description\":\"Fahrwerksverbesserungssatz, 5cm H\u00f6herlegung f\u00fcr Toyota Land Cruiser (Prado) 90\",\"breadcrumb\":{\"@id\":\"https:\\\/\\\/www.silentblocks.com\\\/de\\\/produkt\\\/radaufhaengungssatztoyota-land-cruiser-prado-90\\\/#breadcrumb\"},\"inLanguage\":\"de\",\"potentialAction\":[{\"@type\":\"ReadAction\",\"target\":[\"https:\\\/\\\/www.silentblocks.com\\\/de\\\/produkt\\\/radaufhaengungssatztoyota-land-cruiser-prado-90\\\/\"]}]},{\"@type\":\"ImageObject\",\"inLanguage\":\"de\",\"@id\":\"https:\\\/\\\/www.silentblocks.com\\\/de\\\/produkt\\\/radaufhaengungssatztoyota-land-cruiser-prado-90\\\/#primaryimage\",\"url\":\"https:\\\/\\\/www.silentblocks.com\\\/wp-content\\\/uploads\\\/2026\\\/02\\\/kit-elevation-toyota-prado.jpg\",\"contentUrl\":\"https:\\\/\\\/www.silentblocks.com\\\/wp-content\\\/uploads\\\/2026\\\/02\\\/kit-elevation-toyota-prado.jpg\",\"width\":1500,\"height\":1500},{\"@type\":\"BreadcrumbList\",\"@id\":\"https:\\\/\\\/www.silentblocks.com\\\/de\\\/produkt\\\/radaufhaengungssatztoyota-land-cruiser-prado-90\\\/#breadcrumb\",\"itemListElement\":[{\"@type\":\"ListItem\",\"position\":1,\"name\":\"In\u00edcio\",\"item\":\"https:\\\/\\\/www.silentblocks.com\\\/de\\\/\"},{\"@type\":\"ListItem\",\"position\":2,\"name\":\"Page boutique\",\"item\":\"https:\\\/\\\/www.silentblocks.com\\\/shop-2\\\/\"},{\"@type\":\"ListItem\",\"position\":3,\"name\":\"Radaufh\u00e4ngungssatz,Toyota Land Cruiser (Prado) 90\"}]},{\"@type\":\"WebSite\",\"@id\":\"https:\\\/\\\/www.silentblocks.com\\\/de\\\/#website\",\"url\":\"https:\\\/\\\/www.silentblocks.com\\\/de\\\/\",\"name\":\"SILENTBLOCKS\",\"description\":\"Secure on the road\",\"publisher\":{\"@id\":\"https:\\\/\\\/www.silentblocks.com\\\/de\\\/#organization\"},\"potentialAction\":[{\"@type\":\"SearchAction\",\"target\":{\"@type\":\"EntryPoint\",\"urlTemplate\":\"https:\\\/\\\/www.silentblocks.com\\\/de\\\/?s={search_term_string}\"},\"query-input\":{\"@type\":\"PropertyValueSpecification\",\"valueRequired\":true,\"valueName\":\"search_term_string\"}}],\"inLanguage\":\"de\"},{\"@type\":\"Organization\",\"@id\":\"https:\\\/\\\/www.silentblocks.com\\\/de\\\/#organization\",\"name\":\"SILENTBLOCKS\",\"url\":\"https:\\\/\\\/www.silentblocks.com\\\/de\\\/\",\"logo\":{\"@type\":\"ImageObject\",\"inLanguage\":\"de\",\"@id\":\"https:\\\/\\\/www.silentblocks.com\\\/de\\\/#\\\/schema\\\/logo\\\/image\\\/\",\"url\":\"https:\\\/\\\/www.silentblocks.com\\\/wp-content\\\/uploads\\\/2023\\\/07\\\/logo211-sem-fundo_2012-PARA-BOUTIQUE-EBAY.png\",\"contentUrl\":\"https:\\\/\\\/www.silentblocks.com\\\/wp-content\\\/uploads\\\/2023\\\/07\\\/logo211-sem-fundo_2012-PARA-BOUTIQUE-EBAY.png\",\"width\":300,\"height\":190,\"caption\":\"SILENTBLOCKS\"},\"image\":{\"@id\":\"https:\\\/\\\/www.silentblocks.com\\\/de\\\/#\\\/schema\\\/logo\\\/image\\\/\"}}]}<\/script>\n<!-- \/ Yoast SEO Premium plugin. -->","yoast_head_json":{"title":"Radaufh\u00e4ngungssatz,Toyota Land Cruiser (Prado) 90 - SILENT BLOCKS","description":"Fahrwerksverbesserungssatz, 5cm H\u00f6herlegung f\u00fcr Toyota Land Cruiser (Prado) 90","robots":{"index":"index","follow":"follow","max-snippet":"max-snippet:-1","max-image-preview":"max-image-preview:large","max-video-preview":"max-video-preview:-1"},"canonical":"https:\/\/www.silentblocks.com\/de\/produkt\/radaufhaengungssatztoyota-land-cruiser-prado-90\/","og_locale":"de_DE","og_type":"article","og_title":"Radaufh\u00e4ngungssatz,Toyota Land Cruiser (Prado) 90","og_description":"Fahrwerksverbesserungssatz, 5cm H\u00f6herlegung f\u00fcr Toyota Land Cruiser (Prado) 90","og_url":"https:\/\/www.silentblocks.com\/de\/produkt\/radaufhaengungssatztoyota-land-cruiser-prado-90\/","og_site_name":"SILENT BLOCKS","og_image":[{"width":1500,"height":1500,"url":"https:\/\/www.silentblocks.com\/wp-content\/uploads\/2026\/02\/kit-elevation-toyota-prado.jpg","type":"image\/jpeg"}],"twitter_card":"summary_large_image","twitter_misc":{"Gesch\u00e4tzte Lesezeit":"1\u00a0Minute"},"schema":{"@context":"https:\/\/schema.org","@graph":[{"@type":"WebPage","@id":"https:\/\/www.silentblocks.com\/de\/produkt\/radaufhaengungssatztoyota-land-cruiser-prado-90\/","url":"https:\/\/www.silentblocks.com\/de\/produkt\/radaufhaengungssatztoyota-land-cruiser-prado-90\/","name":"Radaufh\u00e4ngungssatz,Toyota Land Cruiser (Prado) 90 - SILENT BLOCKS","isPartOf":{"@id":"https:\/\/www.silentblocks.com\/de\/#website"},"primaryImageOfPage":{"@id":"https:\/\/www.silentblocks.com\/de\/produkt\/radaufhaengungssatztoyota-land-cruiser-prado-90\/#primaryimage"},"image":{"@id":"https:\/\/www.silentblocks.com\/de\/produkt\/radaufhaengungssatztoyota-land-cruiser-prado-90\/#primaryimage"},"thumbnailUrl":"https:\/\/www.silentblocks.com\/wp-content\/uploads\/2026\/02\/kit-elevation-toyota-prado.jpg","datePublished":"2026-02-19T20:03:52+00:00","description":"Fahrwerksverbesserungssatz, 5cm H\u00f6herlegung f\u00fcr Toyota Land Cruiser (Prado) 90","breadcrumb":{"@id":"https:\/\/www.silentblocks.com\/de\/produkt\/radaufhaengungssatztoyota-land-cruiser-prado-90\/#breadcrumb"},"inLanguage":"de","potentialAction":[{"@type":"ReadAction","target":["https:\/\/www.silentblocks.com\/de\/produkt\/radaufhaengungssatztoyota-land-cruiser-prado-90\/"]}]},{"@type":"ImageObject","inLanguage":"de","@id":"https:\/\/www.silentblocks.com\/de\/produkt\/radaufhaengungssatztoyota-land-cruiser-prado-90\/#primaryimage","url":"https:\/\/www.silentblocks.com\/wp-content\/uploads\/2026\/02\/kit-elevation-toyota-prado.jpg","contentUrl":"https:\/\/www.silentblocks.com\/wp-content\/uploads\/2026\/02\/kit-elevation-toyota-prado.jpg","width":1500,"height":1500},{"@type":"BreadcrumbList","@id":"https:\/\/www.silentblocks.com\/de\/produkt\/radaufhaengungssatztoyota-land-cruiser-prado-90\/#breadcrumb","itemListElement":[{"@type":"ListItem","position":1,"name":"In\u00edcio","item":"https:\/\/www.silentblocks.com\/de\/"},{"@type":"ListItem","position":2,"name":"Page boutique","item":"https:\/\/www.silentblocks.com\/shop-2\/"},{"@type":"ListItem","position":3,"name":"Radaufh\u00e4ngungssatz,Toyota Land Cruiser (Prado) 90"}]},{"@type":"WebSite","@id":"https:\/\/www.silentblocks.com\/de\/#website","url":"https:\/\/www.silentblocks.com\/de\/","name":"SILENTBLOCKS","description":"Secure on the road","publisher":{"@id":"https:\/\/www.silentblocks.com\/de\/#organization"},"potentialAction":[{"@type":"SearchAction","target":{"@type":"EntryPoint","urlTemplate":"https:\/\/www.silentblocks.com\/de\/?s={search_term_string}"},"query-input":{"@type":"PropertyValueSpecification","valueRequired":true,"valueName":"search_term_string"}}],"inLanguage":"de"},{"@type":"Organization","@id":"https:\/\/www.silentblocks.com\/de\/#organization","name":"SILENTBLOCKS","url":"https:\/\/www.silentblocks.com\/de\/","logo":{"@type":"ImageObject","inLanguage":"de","@id":"https:\/\/www.silentblocks.com\/de\/#\/schema\/logo\/image\/","url":"https:\/\/www.silentblocks.com\/wp-content\/uploads\/2023\/07\/logo211-sem-fundo_2012-PARA-BOUTIQUE-EBAY.png","contentUrl":"https:\/\/www.silentblocks.com\/wp-content\/uploads\/2023\/07\/logo211-sem-fundo_2012-PARA-BOUTIQUE-EBAY.png","width":300,"height":190,"caption":"SILENTBLOCKS"},"image":{"@id":"https:\/\/www.silentblocks.com\/de\/#\/schema\/logo\/image\/"}}]}},"_links":{"self":[{"href":"https:\/\/www.silentblocks.com\/de\/wp-json\/wp\/v2\/product\/132579","targetHints":{"allow":["GET"]}}],"collection":[{"href":"https:\/\/www.silentblocks.com\/de\/wp-json\/wp\/v2\/product"}],"about":[{"href":"https:\/\/www.silentblocks.com\/de\/wp-json\/wp\/v2\/types\/product"}],"version-history":[{"count":0,"href":"https:\/\/www.silentblocks.com\/de\/wp-json\/wp\/v2\/product\/132579\/revisions"}],"wp:featuredmedia":[{"embeddable":true,"href":"https:\/\/www.silentblocks.com\/de\/wp-json\/wp\/v2\/media\/132577"}],"wp:attachment":[{"href":"https:\/\/www.silentblocks.com\/de\/wp-json\/wp\/v2\/media?parent=132579"}],"wp:term":[{"taxonomy":"product_brand","embeddable":true,"href":"https:\/\/www.silentblocks.com\/de\/wp-json\/wp\/v2\/product_brand?post=132579"},{"taxonomy":"product_cat","embeddable":true,"href":"https:\/\/www.silentblocks.com\/de\/wp-json\/wp\/v2\/product_cat?post=132579"},{"taxonomy":"product_tag","embeddable":true,"href":"https:\/\/www.silentblocks.com\/de\/wp-json\/wp\/v2\/product_tag?post=132579"}],"curies":[{"name":"wp","href":"https:\/\/api.w.org\/{rel}","templated":true}]}}