{"id":132631,"date":"2026-02-21T17:36:46","date_gmt":"2026-02-21T17:36:46","guid":{"rendered":"https:\/\/www.silentblocks.com\/product\/buchsen-fuer-vorderen-stabilisator-man-g90-l2000-m2000-m90-o45mm\/"},"modified":"2026-02-21T17:36:46","modified_gmt":"2026-02-21T17:36:46","slug":"buchsen-fuer-vorderen-stabilisator-man-g90-l2000-m2000-m90-o45mm","status":"publish","type":"product","link":"https:\/\/www.silentblocks.com\/de\/produkt\/buchsen-fuer-vorderen-stabilisator-man-g90-l2000-m2000-m90-o45mm\/","title":{"rendered":"Buchsen f\u00fcr vorderen Stabilisator, MAN G90, L2000, M2000, M90 (\u00d845mm)"},"content":{"rendered":"<p>Vordere Stabilisatorlagerbuchsen, aus Polyurethan, kompatibel mit den folgenden Fahrzeugen:<br \/>\nMAN G90 (tractor \/ platform \/ chassis \/ tipper) (09.1987-10.1993)<br \/>\nMAN HOCL (04.1981-09.1996)<br \/>\nMAN L 2000 (tractor \/ platform \/ chassis \/ tipper) (03.1993-)<br \/>\nMAN M 2000 L (Plattform \/ Chassis \/ Tipper) (08.1995-)<br \/>\nMAN M 2000 M 08.1995 (platform \/ chassis \/ tipper) (08.1995-12.2005)<br \/>\nMAN M 90 (tractor \/ platform \/ chassis \/ tipper) (12.1988-06.1996)<\/p>\n<p>Durchmesser: \u00d845mm<\/p>\n<p>H\u00e4rte: 85Sha<\/p>\n<p>Herstellerreferenzen (OEM-Code) zur Orientierung :<br \/>\n81.43704.0029<\/p>\n<p>Neue Teile, die mit Rechnung verkauft werden. Alle unsere Produkte haben eine Garantie von 2 Jahren.<\/p>\n","protected":false},"excerpt":{"rendered":"<p>Vordere Stabilisatorlagerbuchsen, aus Polyurethan, kompatibel mit den folgenden Fahrzeugen: MAN G90 (tractor \/ platform \/ chassis \/ tipper) (09.1987-10.1993) MAN HOCL (04.1981-09.1996) MAN L 2000 (tractor \/ platform \/ chassis \/ tipper) (03.1993-) MAN M 2000 L (Plattform \/ Chassis \/ Tipper) (08.1995-) MAN M 2000 M 08.1995 (platform \/ chassis \/ tipper) (08.1995-12.2005) MAN [&hellip;]<\/p>\n","protected":false},"featured_media":132629,"template":"","meta":[],"product_brand":[],"product_cat":[6385],"product_tag":[],"class_list":{"0":"post-132631","1":"product","2":"type-product","3":"status-publish","4":"has-post-thumbnail","6":"product_cat-man","8":"first","9":"instock","10":"shipping-taxable","11":"purchasable","12":"product-type-simple"},"yoast_head":"<!-- This site is optimized with the Yoast SEO Premium plugin v23.0 (Yoast SEO v27.4) - https:\/\/yoast.com\/product\/yoast-seo-premium-wordpress\/ -->\n<title>Buchsen f\u00fcr vorderen Stabilisator, MAN G90, L2000, M2000, M90 (\u00d845mm) - SILENT BLOCKS<\/title>\n<meta name=\"description\" content=\"Buchsen f\u00fcr den vorderen Stabilisator f\u00fcr MAN G90, L2000, M2000, M90, kompatibel mit oem 81.43704.0029\" \/>\n<meta name=\"robots\" content=\"index, follow, max-snippet:-1, max-image-preview:large, max-video-preview:-1\" \/>\n<link rel=\"canonical\" href=\"https:\/\/www.silentblocks.com\/de\/produkt\/buchsen-fuer-vorderen-stabilisator-man-g90-l2000-m2000-m90-o45mm\/\" \/>\n<meta property=\"og:locale\" content=\"de_DE\" \/>\n<meta property=\"og:type\" content=\"article\" \/>\n<meta property=\"og:title\" content=\"Buchsen f\u00fcr vorderen Stabilisator, MAN G90, L2000, M2000, M90 (\u00d845mm)\" \/>\n<meta property=\"og:description\" content=\"Buchsen f\u00fcr den vorderen Stabilisator f\u00fcr MAN G90, L2000, M2000, M90, kompatibel mit oem 81.43704.0029\" \/>\n<meta property=\"og:url\" content=\"https:\/\/www.silentblocks.com\/de\/produkt\/buchsen-fuer-vorderen-stabilisator-man-g90-l2000-m2000-m90-o45mm\/\" \/>\n<meta property=\"og:site_name\" content=\"SILENT BLOCKS\" \/>\n<meta property=\"og:image\" content=\"https:\/\/www.silentblocks.com\/wp-content\/uploads\/2026\/02\/silentbloc-barre-stabilisatrice-avant-MAN-G90.jpg\" \/>\n\t<meta property=\"og:image:width\" content=\"1024\" \/>\n\t<meta property=\"og:image:height\" content=\"1024\" \/>\n\t<meta property=\"og:image:type\" content=\"image\/jpeg\" \/>\n<meta name=\"twitter:card\" content=\"summary_large_image\" \/>\n<script type=\"application\/ld+json\" class=\"yoast-schema-graph\">{\"@context\":\"https:\\\/\\\/schema.org\",\"@graph\":[{\"@type\":\"WebPage\",\"@id\":\"https:\\\/\\\/www.silentblocks.com\\\/de\\\/produkt\\\/buchsen-fuer-vorderen-stabilisator-man-g90-l2000-m2000-m90-o45mm\\\/\",\"url\":\"https:\\\/\\\/www.silentblocks.com\\\/de\\\/produkt\\\/buchsen-fuer-vorderen-stabilisator-man-g90-l2000-m2000-m90-o45mm\\\/\",\"name\":\"Buchsen f\u00fcr vorderen Stabilisator, MAN G90, L2000, M2000, M90 (\u00d845mm) - SILENT BLOCKS\",\"isPartOf\":{\"@id\":\"https:\\\/\\\/www.silentblocks.com\\\/de\\\/#website\"},\"primaryImageOfPage\":{\"@id\":\"https:\\\/\\\/www.silentblocks.com\\\/de\\\/produkt\\\/buchsen-fuer-vorderen-stabilisator-man-g90-l2000-m2000-m90-o45mm\\\/#primaryimage\"},\"image\":{\"@id\":\"https:\\\/\\\/www.silentblocks.com\\\/de\\\/produkt\\\/buchsen-fuer-vorderen-stabilisator-man-g90-l2000-m2000-m90-o45mm\\\/#primaryimage\"},\"thumbnailUrl\":\"https:\\\/\\\/www.silentblocks.com\\\/wp-content\\\/uploads\\\/2026\\\/02\\\/silentbloc-barre-stabilisatrice-avant-MAN-G90.jpg\",\"datePublished\":\"2026-02-21T17:36:46+00:00\",\"description\":\"Buchsen f\u00fcr den vorderen Stabilisator f\u00fcr MAN G90, L2000, M2000, M90, kompatibel mit oem 81.43704.0029\",\"breadcrumb\":{\"@id\":\"https:\\\/\\\/www.silentblocks.com\\\/de\\\/produkt\\\/buchsen-fuer-vorderen-stabilisator-man-g90-l2000-m2000-m90-o45mm\\\/#breadcrumb\"},\"inLanguage\":\"de\",\"potentialAction\":[{\"@type\":\"ReadAction\",\"target\":[\"https:\\\/\\\/www.silentblocks.com\\\/de\\\/produkt\\\/buchsen-fuer-vorderen-stabilisator-man-g90-l2000-m2000-m90-o45mm\\\/\"]}]},{\"@type\":\"ImageObject\",\"inLanguage\":\"de\",\"@id\":\"https:\\\/\\\/www.silentblocks.com\\\/de\\\/produkt\\\/buchsen-fuer-vorderen-stabilisator-man-g90-l2000-m2000-m90-o45mm\\\/#primaryimage\",\"url\":\"https:\\\/\\\/www.silentblocks.com\\\/wp-content\\\/uploads\\\/2026\\\/02\\\/silentbloc-barre-stabilisatrice-avant-MAN-G90.jpg\",\"contentUrl\":\"https:\\\/\\\/www.silentblocks.com\\\/wp-content\\\/uploads\\\/2026\\\/02\\\/silentbloc-barre-stabilisatrice-avant-MAN-G90.jpg\",\"width\":1024,\"height\":1024},{\"@type\":\"BreadcrumbList\",\"@id\":\"https:\\\/\\\/www.silentblocks.com\\\/de\\\/produkt\\\/buchsen-fuer-vorderen-stabilisator-man-g90-l2000-m2000-m90-o45mm\\\/#breadcrumb\",\"itemListElement\":[{\"@type\":\"ListItem\",\"position\":1,\"name\":\"In\u00edcio\",\"item\":\"https:\\\/\\\/www.silentblocks.com\\\/de\\\/\"},{\"@type\":\"ListItem\",\"position\":2,\"name\":\"Page boutique\",\"item\":\"https:\\\/\\\/www.silentblocks.com\\\/shop-2\\\/\"},{\"@type\":\"ListItem\",\"position\":3,\"name\":\"Buchsen f\u00fcr vorderen Stabilisator, MAN G90, L2000, M2000, M90 (\u00d845mm)\"}]},{\"@type\":\"WebSite\",\"@id\":\"https:\\\/\\\/www.silentblocks.com\\\/de\\\/#website\",\"url\":\"https:\\\/\\\/www.silentblocks.com\\\/de\\\/\",\"name\":\"SILENTBLOCKS\",\"description\":\"Secure on the road\",\"publisher\":{\"@id\":\"https:\\\/\\\/www.silentblocks.com\\\/de\\\/#organization\"},\"potentialAction\":[{\"@type\":\"SearchAction\",\"target\":{\"@type\":\"EntryPoint\",\"urlTemplate\":\"https:\\\/\\\/www.silentblocks.com\\\/de\\\/?s={search_term_string}\"},\"query-input\":{\"@type\":\"PropertyValueSpecification\",\"valueRequired\":true,\"valueName\":\"search_term_string\"}}],\"inLanguage\":\"de\"},{\"@type\":\"Organization\",\"@id\":\"https:\\\/\\\/www.silentblocks.com\\\/de\\\/#organization\",\"name\":\"SILENTBLOCKS\",\"url\":\"https:\\\/\\\/www.silentblocks.com\\\/de\\\/\",\"logo\":{\"@type\":\"ImageObject\",\"inLanguage\":\"de\",\"@id\":\"https:\\\/\\\/www.silentblocks.com\\\/de\\\/#\\\/schema\\\/logo\\\/image\\\/\",\"url\":\"https:\\\/\\\/www.silentblocks.com\\\/wp-content\\\/uploads\\\/2023\\\/07\\\/logo211-sem-fundo_2012-PARA-BOUTIQUE-EBAY.png\",\"contentUrl\":\"https:\\\/\\\/www.silentblocks.com\\\/wp-content\\\/uploads\\\/2023\\\/07\\\/logo211-sem-fundo_2012-PARA-BOUTIQUE-EBAY.png\",\"width\":300,\"height\":190,\"caption\":\"SILENTBLOCKS\"},\"image\":{\"@id\":\"https:\\\/\\\/www.silentblocks.com\\\/de\\\/#\\\/schema\\\/logo\\\/image\\\/\"}}]}<\/script>\n<!-- \/ Yoast SEO Premium plugin. -->","yoast_head_json":{"title":"Buchsen f\u00fcr vorderen Stabilisator, MAN G90, L2000, M2000, M90 (\u00d845mm) - SILENT BLOCKS","description":"Buchsen f\u00fcr den vorderen Stabilisator f\u00fcr MAN G90, L2000, M2000, M90, kompatibel mit oem 81.43704.0029","robots":{"index":"index","follow":"follow","max-snippet":"max-snippet:-1","max-image-preview":"max-image-preview:large","max-video-preview":"max-video-preview:-1"},"canonical":"https:\/\/www.silentblocks.com\/de\/produkt\/buchsen-fuer-vorderen-stabilisator-man-g90-l2000-m2000-m90-o45mm\/","og_locale":"de_DE","og_type":"article","og_title":"Buchsen f\u00fcr vorderen Stabilisator, MAN G90, L2000, M2000, M90 (\u00d845mm)","og_description":"Buchsen f\u00fcr den vorderen Stabilisator f\u00fcr MAN G90, L2000, M2000, M90, kompatibel mit oem 81.43704.0029","og_url":"https:\/\/www.silentblocks.com\/de\/produkt\/buchsen-fuer-vorderen-stabilisator-man-g90-l2000-m2000-m90-o45mm\/","og_site_name":"SILENT BLOCKS","og_image":[{"width":1024,"height":1024,"url":"https:\/\/www.silentblocks.com\/wp-content\/uploads\/2026\/02\/silentbloc-barre-stabilisatrice-avant-MAN-G90.jpg","type":"image\/jpeg"}],"twitter_card":"summary_large_image","schema":{"@context":"https:\/\/schema.org","@graph":[{"@type":"WebPage","@id":"https:\/\/www.silentblocks.com\/de\/produkt\/buchsen-fuer-vorderen-stabilisator-man-g90-l2000-m2000-m90-o45mm\/","url":"https:\/\/www.silentblocks.com\/de\/produkt\/buchsen-fuer-vorderen-stabilisator-man-g90-l2000-m2000-m90-o45mm\/","name":"Buchsen f\u00fcr vorderen Stabilisator, MAN G90, L2000, M2000, M90 (\u00d845mm) - SILENT BLOCKS","isPartOf":{"@id":"https:\/\/www.silentblocks.com\/de\/#website"},"primaryImageOfPage":{"@id":"https:\/\/www.silentblocks.com\/de\/produkt\/buchsen-fuer-vorderen-stabilisator-man-g90-l2000-m2000-m90-o45mm\/#primaryimage"},"image":{"@id":"https:\/\/www.silentblocks.com\/de\/produkt\/buchsen-fuer-vorderen-stabilisator-man-g90-l2000-m2000-m90-o45mm\/#primaryimage"},"thumbnailUrl":"https:\/\/www.silentblocks.com\/wp-content\/uploads\/2026\/02\/silentbloc-barre-stabilisatrice-avant-MAN-G90.jpg","datePublished":"2026-02-21T17:36:46+00:00","description":"Buchsen f\u00fcr den vorderen Stabilisator f\u00fcr MAN G90, L2000, M2000, M90, kompatibel mit oem 81.43704.0029","breadcrumb":{"@id":"https:\/\/www.silentblocks.com\/de\/produkt\/buchsen-fuer-vorderen-stabilisator-man-g90-l2000-m2000-m90-o45mm\/#breadcrumb"},"inLanguage":"de","potentialAction":[{"@type":"ReadAction","target":["https:\/\/www.silentblocks.com\/de\/produkt\/buchsen-fuer-vorderen-stabilisator-man-g90-l2000-m2000-m90-o45mm\/"]}]},{"@type":"ImageObject","inLanguage":"de","@id":"https:\/\/www.silentblocks.com\/de\/produkt\/buchsen-fuer-vorderen-stabilisator-man-g90-l2000-m2000-m90-o45mm\/#primaryimage","url":"https:\/\/www.silentblocks.com\/wp-content\/uploads\/2026\/02\/silentbloc-barre-stabilisatrice-avant-MAN-G90.jpg","contentUrl":"https:\/\/www.silentblocks.com\/wp-content\/uploads\/2026\/02\/silentbloc-barre-stabilisatrice-avant-MAN-G90.jpg","width":1024,"height":1024},{"@type":"BreadcrumbList","@id":"https:\/\/www.silentblocks.com\/de\/produkt\/buchsen-fuer-vorderen-stabilisator-man-g90-l2000-m2000-m90-o45mm\/#breadcrumb","itemListElement":[{"@type":"ListItem","position":1,"name":"In\u00edcio","item":"https:\/\/www.silentblocks.com\/de\/"},{"@type":"ListItem","position":2,"name":"Page boutique","item":"https:\/\/www.silentblocks.com\/shop-2\/"},{"@type":"ListItem","position":3,"name":"Buchsen f\u00fcr vorderen Stabilisator, MAN G90, L2000, M2000, M90 (\u00d845mm)"}]},{"@type":"WebSite","@id":"https:\/\/www.silentblocks.com\/de\/#website","url":"https:\/\/www.silentblocks.com\/de\/","name":"SILENTBLOCKS","description":"Secure on the road","publisher":{"@id":"https:\/\/www.silentblocks.com\/de\/#organization"},"potentialAction":[{"@type":"SearchAction","target":{"@type":"EntryPoint","urlTemplate":"https:\/\/www.silentblocks.com\/de\/?s={search_term_string}"},"query-input":{"@type":"PropertyValueSpecification","valueRequired":true,"valueName":"search_term_string"}}],"inLanguage":"de"},{"@type":"Organization","@id":"https:\/\/www.silentblocks.com\/de\/#organization","name":"SILENTBLOCKS","url":"https:\/\/www.silentblocks.com\/de\/","logo":{"@type":"ImageObject","inLanguage":"de","@id":"https:\/\/www.silentblocks.com\/de\/#\/schema\/logo\/image\/","url":"https:\/\/www.silentblocks.com\/wp-content\/uploads\/2023\/07\/logo211-sem-fundo_2012-PARA-BOUTIQUE-EBAY.png","contentUrl":"https:\/\/www.silentblocks.com\/wp-content\/uploads\/2023\/07\/logo211-sem-fundo_2012-PARA-BOUTIQUE-EBAY.png","width":300,"height":190,"caption":"SILENTBLOCKS"},"image":{"@id":"https:\/\/www.silentblocks.com\/de\/#\/schema\/logo\/image\/"}}]}},"_links":{"self":[{"href":"https:\/\/www.silentblocks.com\/de\/wp-json\/wp\/v2\/product\/132631","targetHints":{"allow":["GET"]}}],"collection":[{"href":"https:\/\/www.silentblocks.com\/de\/wp-json\/wp\/v2\/product"}],"about":[{"href":"https:\/\/www.silentblocks.com\/de\/wp-json\/wp\/v2\/types\/product"}],"version-history":[{"count":0,"href":"https:\/\/www.silentblocks.com\/de\/wp-json\/wp\/v2\/product\/132631\/revisions"}],"wp:featuredmedia":[{"embeddable":true,"href":"https:\/\/www.silentblocks.com\/de\/wp-json\/wp\/v2\/media\/132629"}],"wp:attachment":[{"href":"https:\/\/www.silentblocks.com\/de\/wp-json\/wp\/v2\/media?parent=132631"}],"wp:term":[{"taxonomy":"product_brand","embeddable":true,"href":"https:\/\/www.silentblocks.com\/de\/wp-json\/wp\/v2\/product_brand?post=132631"},{"taxonomy":"product_cat","embeddable":true,"href":"https:\/\/www.silentblocks.com\/de\/wp-json\/wp\/v2\/product_cat?post=132631"},{"taxonomy":"product_tag","embeddable":true,"href":"https:\/\/www.silentblocks.com\/de\/wp-json\/wp\/v2\/product_tag?post=132631"}],"curies":[{"name":"wp","href":"https:\/\/api.w.org\/{rel}","templated":true}]}}