{"id":132778,"date":"2026-02-24T14:30:53","date_gmt":"2026-02-24T14:30:53","guid":{"rendered":"https:\/\/www.silentblocks.com\/product\/hoehenverstellbarer-satz-honda-cr-v-ii-5cm\/"},"modified":"2026-02-24T14:30:53","modified_gmt":"2026-02-24T14:30:53","slug":"hoehenverstellbarer-satz-honda-cr-v-ii-5cm","status":"publish","type":"product","link":"https:\/\/www.silentblocks.com\/de\/produkt\/hoehenverstellbarer-satz-honda-cr-v-ii-5cm\/","title":{"rendered":"H\u00f6henverstellbarer Satz, Honda CR-V II (5cm)"},"content":{"rendered":"<p>Kompletter Satz f\u00fcr die Erh\u00f6hung der Radaufh\u00e4ngung, passend f\u00fcr die folgenden Fahrzeuge:<br \/>\nHonda CR-V II (2001-2006)<\/p>\n<p>Anmerkung:<br \/>\nDer Satz enth\u00e4lt vier 12 mm Stahldistanzst\u00fccke f\u00fcr die oberen Halterungen der vorderen Sto\u00dfd\u00e4mpfer (zwei pro Seite) und vier Stahldistanzst\u00fccke f\u00fcr die oberen Halterungen der hinteren Sto\u00dfd\u00e4mpfer (ebenfalls zwei pro Seite), zusammen mit den Befestigungsstiften.<br \/>\nDie Installation besteht aus der Demontage der vorderen MacPherson-Federbeine, dem Entfernen der originalen Stifte aus der oberen Halterung und der Installation der l\u00e4ngeren Stifte, die im Kit enthalten sind (drei Stifte pro Seite). Die Stahlabstandshalter werden dann auf die neuen Stifte montiert, wobei jeweils zwei auf jeder Seite angebracht werden.<br \/>\nDie Installation auf der R\u00fcckseite erfolgt auf die gleiche Weise, wobei nur zwei Stifte ausgetauscht werden m\u00fcssen und die Abstandshalter mit zwei Stiftl\u00f6chern installiert werden m\u00fcssen.<\/p>\n","protected":false},"excerpt":{"rendered":"<p>Kompletter Satz f\u00fcr die Erh\u00f6hung der Radaufh\u00e4ngung, passend f\u00fcr die folgenden Fahrzeuge: Honda CR-V II (2001-2006) Anmerkung: Der Satz enth\u00e4lt vier 12 mm Stahldistanzst\u00fccke f\u00fcr die oberen Halterungen der vorderen Sto\u00dfd\u00e4mpfer (zwei pro Seite) und vier Stahldistanzst\u00fccke f\u00fcr die oberen Halterungen der hinteren Sto\u00dfd\u00e4mpfer (ebenfalls zwei pro Seite), zusammen mit den Befestigungsstiften. Die Installation besteht [&hellip;]<\/p>\n","protected":false},"featured_media":132776,"template":"","meta":[],"product_brand":[],"product_cat":[6156],"product_tag":[],"class_list":{"0":"post-132778","1":"product","2":"type-product","3":"status-publish","4":"has-post-thumbnail","6":"product_cat-cr-v-ii-02-06","8":"first","9":"instock","10":"shipping-taxable","11":"purchasable","12":"product-type-simple"},"yoast_head":"<!-- This site is optimized with the Yoast SEO Premium plugin v23.0 (Yoast SEO v27.4) - https:\/\/yoast.com\/product\/yoast-seo-premium-wordpress\/ -->\n<title>H\u00f6henverstellbarer Satz, Honda CR-V II (5cm) - SILENT BLOCKS<\/title>\n<meta name=\"description\" content=\"Kompletter Satz Federbeinaufs\u00e4tze f\u00fcr Honda CR-V II\" \/>\n<meta name=\"robots\" content=\"index, follow, max-snippet:-1, max-image-preview:large, max-video-preview:-1\" \/>\n<link rel=\"canonical\" href=\"https:\/\/www.silentblocks.com\/de\/produkt\/hoehenverstellbarer-satz-honda-cr-v-ii-5cm\/\" \/>\n<meta property=\"og:locale\" content=\"de_DE\" \/>\n<meta property=\"og:type\" content=\"article\" \/>\n<meta property=\"og:title\" content=\"H\u00f6henverstellbarer Satz, Honda CR-V II (5cm)\" \/>\n<meta property=\"og:description\" content=\"Kompletter Satz Federbeinaufs\u00e4tze f\u00fcr Honda CR-V II\" \/>\n<meta property=\"og:url\" content=\"https:\/\/www.silentblocks.com\/de\/produkt\/hoehenverstellbarer-satz-honda-cr-v-ii-5cm\/\" \/>\n<meta property=\"og:site_name\" content=\"SILENT BLOCKS\" \/>\n<meta property=\"og:image\" content=\"https:\/\/www.silentblocks.com\/wp-content\/uploads\/2026\/02\/kit-elevation-Honda-CRV-II.jpg\" \/>\n\t<meta property=\"og:image:width\" content=\"1500\" \/>\n\t<meta property=\"og:image:height\" content=\"1500\" \/>\n\t<meta property=\"og:image:type\" content=\"image\/jpeg\" \/>\n<meta name=\"twitter:card\" content=\"summary_large_image\" \/>\n<meta name=\"twitter:label1\" content=\"Gesch\u00e4tzte Lesezeit\" \/>\n\t<meta name=\"twitter:data1\" content=\"1\u00a0Minute\" \/>\n<script type=\"application\/ld+json\" class=\"yoast-schema-graph\">{\"@context\":\"https:\\\/\\\/schema.org\",\"@graph\":[{\"@type\":\"WebPage\",\"@id\":\"https:\\\/\\\/www.silentblocks.com\\\/de\\\/produkt\\\/hoehenverstellbarer-satz-honda-cr-v-ii-5cm\\\/\",\"url\":\"https:\\\/\\\/www.silentblocks.com\\\/de\\\/produkt\\\/hoehenverstellbarer-satz-honda-cr-v-ii-5cm\\\/\",\"name\":\"H\u00f6henverstellbarer Satz, Honda CR-V II (5cm) - SILENT BLOCKS\",\"isPartOf\":{\"@id\":\"https:\\\/\\\/www.silentblocks.com\\\/de\\\/#website\"},\"primaryImageOfPage\":{\"@id\":\"https:\\\/\\\/www.silentblocks.com\\\/de\\\/produkt\\\/hoehenverstellbarer-satz-honda-cr-v-ii-5cm\\\/#primaryimage\"},\"image\":{\"@id\":\"https:\\\/\\\/www.silentblocks.com\\\/de\\\/produkt\\\/hoehenverstellbarer-satz-honda-cr-v-ii-5cm\\\/#primaryimage\"},\"thumbnailUrl\":\"https:\\\/\\\/www.silentblocks.com\\\/wp-content\\\/uploads\\\/2026\\\/02\\\/kit-elevation-Honda-CRV-II.jpg\",\"datePublished\":\"2026-02-24T14:30:53+00:00\",\"description\":\"Kompletter Satz Federbeinaufs\u00e4tze f\u00fcr Honda CR-V II\",\"breadcrumb\":{\"@id\":\"https:\\\/\\\/www.silentblocks.com\\\/de\\\/produkt\\\/hoehenverstellbarer-satz-honda-cr-v-ii-5cm\\\/#breadcrumb\"},\"inLanguage\":\"de\",\"potentialAction\":[{\"@type\":\"ReadAction\",\"target\":[\"https:\\\/\\\/www.silentblocks.com\\\/de\\\/produkt\\\/hoehenverstellbarer-satz-honda-cr-v-ii-5cm\\\/\"]}]},{\"@type\":\"ImageObject\",\"inLanguage\":\"de\",\"@id\":\"https:\\\/\\\/www.silentblocks.com\\\/de\\\/produkt\\\/hoehenverstellbarer-satz-honda-cr-v-ii-5cm\\\/#primaryimage\",\"url\":\"https:\\\/\\\/www.silentblocks.com\\\/wp-content\\\/uploads\\\/2026\\\/02\\\/kit-elevation-Honda-CRV-II.jpg\",\"contentUrl\":\"https:\\\/\\\/www.silentblocks.com\\\/wp-content\\\/uploads\\\/2026\\\/02\\\/kit-elevation-Honda-CRV-II.jpg\",\"width\":1500,\"height\":1500},{\"@type\":\"BreadcrumbList\",\"@id\":\"https:\\\/\\\/www.silentblocks.com\\\/de\\\/produkt\\\/hoehenverstellbarer-satz-honda-cr-v-ii-5cm\\\/#breadcrumb\",\"itemListElement\":[{\"@type\":\"ListItem\",\"position\":1,\"name\":\"In\u00edcio\",\"item\":\"https:\\\/\\\/www.silentblocks.com\\\/de\\\/\"},{\"@type\":\"ListItem\",\"position\":2,\"name\":\"Page boutique\",\"item\":\"https:\\\/\\\/www.silentblocks.com\\\/shop-2\\\/\"},{\"@type\":\"ListItem\",\"position\":3,\"name\":\"H\u00f6henverstellbarer Satz, Honda CR-V II (5cm)\"}]},{\"@type\":\"WebSite\",\"@id\":\"https:\\\/\\\/www.silentblocks.com\\\/de\\\/#website\",\"url\":\"https:\\\/\\\/www.silentblocks.com\\\/de\\\/\",\"name\":\"SILENTBLOCKS\",\"description\":\"Secure on the road\",\"publisher\":{\"@id\":\"https:\\\/\\\/www.silentblocks.com\\\/de\\\/#organization\"},\"potentialAction\":[{\"@type\":\"SearchAction\",\"target\":{\"@type\":\"EntryPoint\",\"urlTemplate\":\"https:\\\/\\\/www.silentblocks.com\\\/de\\\/?s={search_term_string}\"},\"query-input\":{\"@type\":\"PropertyValueSpecification\",\"valueRequired\":true,\"valueName\":\"search_term_string\"}}],\"inLanguage\":\"de\"},{\"@type\":\"Organization\",\"@id\":\"https:\\\/\\\/www.silentblocks.com\\\/de\\\/#organization\",\"name\":\"SILENTBLOCKS\",\"url\":\"https:\\\/\\\/www.silentblocks.com\\\/de\\\/\",\"logo\":{\"@type\":\"ImageObject\",\"inLanguage\":\"de\",\"@id\":\"https:\\\/\\\/www.silentblocks.com\\\/de\\\/#\\\/schema\\\/logo\\\/image\\\/\",\"url\":\"https:\\\/\\\/www.silentblocks.com\\\/wp-content\\\/uploads\\\/2023\\\/07\\\/logo211-sem-fundo_2012-PARA-BOUTIQUE-EBAY.png\",\"contentUrl\":\"https:\\\/\\\/www.silentblocks.com\\\/wp-content\\\/uploads\\\/2023\\\/07\\\/logo211-sem-fundo_2012-PARA-BOUTIQUE-EBAY.png\",\"width\":300,\"height\":190,\"caption\":\"SILENTBLOCKS\"},\"image\":{\"@id\":\"https:\\\/\\\/www.silentblocks.com\\\/de\\\/#\\\/schema\\\/logo\\\/image\\\/\"}}]}<\/script>\n<!-- \/ Yoast SEO Premium plugin. -->","yoast_head_json":{"title":"H\u00f6henverstellbarer Satz, Honda CR-V II (5cm) - SILENT BLOCKS","description":"Kompletter Satz Federbeinaufs\u00e4tze f\u00fcr Honda CR-V II","robots":{"index":"index","follow":"follow","max-snippet":"max-snippet:-1","max-image-preview":"max-image-preview:large","max-video-preview":"max-video-preview:-1"},"canonical":"https:\/\/www.silentblocks.com\/de\/produkt\/hoehenverstellbarer-satz-honda-cr-v-ii-5cm\/","og_locale":"de_DE","og_type":"article","og_title":"H\u00f6henverstellbarer Satz, Honda CR-V II (5cm)","og_description":"Kompletter Satz Federbeinaufs\u00e4tze f\u00fcr Honda CR-V II","og_url":"https:\/\/www.silentblocks.com\/de\/produkt\/hoehenverstellbarer-satz-honda-cr-v-ii-5cm\/","og_site_name":"SILENT BLOCKS","og_image":[{"width":1500,"height":1500,"url":"https:\/\/www.silentblocks.com\/wp-content\/uploads\/2026\/02\/kit-elevation-Honda-CRV-II.jpg","type":"image\/jpeg"}],"twitter_card":"summary_large_image","twitter_misc":{"Gesch\u00e4tzte Lesezeit":"1\u00a0Minute"},"schema":{"@context":"https:\/\/schema.org","@graph":[{"@type":"WebPage","@id":"https:\/\/www.silentblocks.com\/de\/produkt\/hoehenverstellbarer-satz-honda-cr-v-ii-5cm\/","url":"https:\/\/www.silentblocks.com\/de\/produkt\/hoehenverstellbarer-satz-honda-cr-v-ii-5cm\/","name":"H\u00f6henverstellbarer Satz, Honda CR-V II (5cm) - SILENT BLOCKS","isPartOf":{"@id":"https:\/\/www.silentblocks.com\/de\/#website"},"primaryImageOfPage":{"@id":"https:\/\/www.silentblocks.com\/de\/produkt\/hoehenverstellbarer-satz-honda-cr-v-ii-5cm\/#primaryimage"},"image":{"@id":"https:\/\/www.silentblocks.com\/de\/produkt\/hoehenverstellbarer-satz-honda-cr-v-ii-5cm\/#primaryimage"},"thumbnailUrl":"https:\/\/www.silentblocks.com\/wp-content\/uploads\/2026\/02\/kit-elevation-Honda-CRV-II.jpg","datePublished":"2026-02-24T14:30:53+00:00","description":"Kompletter Satz Federbeinaufs\u00e4tze f\u00fcr Honda CR-V II","breadcrumb":{"@id":"https:\/\/www.silentblocks.com\/de\/produkt\/hoehenverstellbarer-satz-honda-cr-v-ii-5cm\/#breadcrumb"},"inLanguage":"de","potentialAction":[{"@type":"ReadAction","target":["https:\/\/www.silentblocks.com\/de\/produkt\/hoehenverstellbarer-satz-honda-cr-v-ii-5cm\/"]}]},{"@type":"ImageObject","inLanguage":"de","@id":"https:\/\/www.silentblocks.com\/de\/produkt\/hoehenverstellbarer-satz-honda-cr-v-ii-5cm\/#primaryimage","url":"https:\/\/www.silentblocks.com\/wp-content\/uploads\/2026\/02\/kit-elevation-Honda-CRV-II.jpg","contentUrl":"https:\/\/www.silentblocks.com\/wp-content\/uploads\/2026\/02\/kit-elevation-Honda-CRV-II.jpg","width":1500,"height":1500},{"@type":"BreadcrumbList","@id":"https:\/\/www.silentblocks.com\/de\/produkt\/hoehenverstellbarer-satz-honda-cr-v-ii-5cm\/#breadcrumb","itemListElement":[{"@type":"ListItem","position":1,"name":"In\u00edcio","item":"https:\/\/www.silentblocks.com\/de\/"},{"@type":"ListItem","position":2,"name":"Page boutique","item":"https:\/\/www.silentblocks.com\/shop-2\/"},{"@type":"ListItem","position":3,"name":"H\u00f6henverstellbarer Satz, Honda CR-V II (5cm)"}]},{"@type":"WebSite","@id":"https:\/\/www.silentblocks.com\/de\/#website","url":"https:\/\/www.silentblocks.com\/de\/","name":"SILENTBLOCKS","description":"Secure on the road","publisher":{"@id":"https:\/\/www.silentblocks.com\/de\/#organization"},"potentialAction":[{"@type":"SearchAction","target":{"@type":"EntryPoint","urlTemplate":"https:\/\/www.silentblocks.com\/de\/?s={search_term_string}"},"query-input":{"@type":"PropertyValueSpecification","valueRequired":true,"valueName":"search_term_string"}}],"inLanguage":"de"},{"@type":"Organization","@id":"https:\/\/www.silentblocks.com\/de\/#organization","name":"SILENTBLOCKS","url":"https:\/\/www.silentblocks.com\/de\/","logo":{"@type":"ImageObject","inLanguage":"de","@id":"https:\/\/www.silentblocks.com\/de\/#\/schema\/logo\/image\/","url":"https:\/\/www.silentblocks.com\/wp-content\/uploads\/2023\/07\/logo211-sem-fundo_2012-PARA-BOUTIQUE-EBAY.png","contentUrl":"https:\/\/www.silentblocks.com\/wp-content\/uploads\/2023\/07\/logo211-sem-fundo_2012-PARA-BOUTIQUE-EBAY.png","width":300,"height":190,"caption":"SILENTBLOCKS"},"image":{"@id":"https:\/\/www.silentblocks.com\/de\/#\/schema\/logo\/image\/"}}]}},"_links":{"self":[{"href":"https:\/\/www.silentblocks.com\/de\/wp-json\/wp\/v2\/product\/132778","targetHints":{"allow":["GET"]}}],"collection":[{"href":"https:\/\/www.silentblocks.com\/de\/wp-json\/wp\/v2\/product"}],"about":[{"href":"https:\/\/www.silentblocks.com\/de\/wp-json\/wp\/v2\/types\/product"}],"version-history":[{"count":0,"href":"https:\/\/www.silentblocks.com\/de\/wp-json\/wp\/v2\/product\/132778\/revisions"}],"wp:featuredmedia":[{"embeddable":true,"href":"https:\/\/www.silentblocks.com\/de\/wp-json\/wp\/v2\/media\/132776"}],"wp:attachment":[{"href":"https:\/\/www.silentblocks.com\/de\/wp-json\/wp\/v2\/media?parent=132778"}],"wp:term":[{"taxonomy":"product_brand","embeddable":true,"href":"https:\/\/www.silentblocks.com\/de\/wp-json\/wp\/v2\/product_brand?post=132778"},{"taxonomy":"product_cat","embeddable":true,"href":"https:\/\/www.silentblocks.com\/de\/wp-json\/wp\/v2\/product_cat?post=132778"},{"taxonomy":"product_tag","embeddable":true,"href":"https:\/\/www.silentblocks.com\/de\/wp-json\/wp\/v2\/product_tag?post=132778"}],"curies":[{"name":"wp","href":"https:\/\/api.w.org\/{rel}","templated":true}]}}