{"id":134970,"date":"2026-03-05T10:07:47","date_gmt":"2026-03-05T10:07:47","guid":{"rendered":"https:\/\/www.silentblocks.com\/product\/stossdaempferhalterungen-hinten-bmw-serie-3-g20-g21-g28-g80-serie-4-grand-coupe-g26\/"},"modified":"2026-03-05T10:07:47","modified_gmt":"2026-03-05T10:07:47","slug":"stossdaempferhalterungen-hinten-bmw-serie-3-g20-g21-g28-g80-serie-4-grand-coupe-g26","status":"publish","type":"product","link":"https:\/\/www.silentblocks.com\/de\/produkt\/stossdaempferhalterungen-hinten-bmw-serie-3-g20-g21-g28-g80-serie-4-grand-coupe-g26\/","title":{"rendered":"Sto\u00dfd\u00e4mpferhalterungen hinten, BMW Serie 3 G20\/G21\/G28\/G80, Serie 4 Grand Coupe G26"},"content":{"rendered":"<p>Obere Halterungen der hinteren Sto\u00dfd\u00e4mpfer, passend f\u00fcr die folgenden Fahrzeuge:<br \/>\nBMW Serie 3 (03.2019-) G20,G28,G80<br \/>\nBMW Serie 3 (07.2019-) G21,G81<br \/>\nBMW Serie 4 Grand Coupe (07.2021-) G26<\/p>\n<p>Herstellerreferenzen (OEM-Code) zur Orientierung :<br \/>\n006 889 267, 33 50 6 889 267, 6 889 267<\/p>\n<p>Neue Teile, die mit Rechnung verkauft werden. Alle unsere Produkte haben eine Garantie von 2 Jahren.<\/p>\n","protected":false},"excerpt":{"rendered":"<p>Obere Halterungen der hinteren Sto\u00dfd\u00e4mpfer, passend f\u00fcr die folgenden Fahrzeuge: BMW Serie 3 (03.2019-) G20,G28,G80 BMW Serie 3 (07.2019-) G21,G81 BMW Serie 4 Grand Coupe (07.2021-) G26 Herstellerreferenzen (OEM-Code) zur Orientierung : 006 889 267, 33 50 6 889 267, 6 889 267 Neue Teile, die mit Rechnung verkauft werden. Alle unsere Produkte haben eine [&hellip;]<\/p>\n","protected":false},"featured_media":134968,"template":"","meta":[],"product_brand":[],"product_cat":[2131,6388,6393],"product_tag":[],"class_list":{"0":"post-134970","1":"product","2":"type-product","3":"status-publish","4":"has-post-thumbnail","6":"product_cat-bmw-de","7":"product_cat-serie-3-g20","8":"product_cat-serie-4-g26","10":"first","11":"instock","12":"shipping-taxable","13":"purchasable","14":"product-type-simple"},"yoast_head":"<!-- This site is optimized with the Yoast SEO Premium plugin v23.0 (Yoast SEO v27.4) - https:\/\/yoast.com\/product\/yoast-seo-premium-wordpress\/ -->\n<title>Sto\u00dfd\u00e4mpferhalterungen hinten, BMW Serie 3 G20\/G21\/G28\/G80, Serie 4 Grand Coupe G26 - SILENT BLOCKS<\/title>\n<meta name=\"description\" content=\"Sto\u00dfd\u00e4mpferhalter hinten f\u00fcr BMW Serie 3 G20\/G21\/G28\/G80, Serie 4 Grand Coupe G26, kompatibel mit oem 006 889 267, 33 50 6 889 267, 6 889 267\" \/>\n<meta name=\"robots\" content=\"index, follow, max-snippet:-1, max-image-preview:large, max-video-preview:-1\" \/>\n<link rel=\"canonical\" href=\"https:\/\/www.silentblocks.com\/de\/produkt\/stossdaempferhalterungen-hinten-bmw-serie-3-g20-g21-g28-g80-serie-4-grand-coupe-g26\/\" \/>\n<meta property=\"og:locale\" content=\"de_DE\" \/>\n<meta property=\"og:type\" content=\"article\" \/>\n<meta property=\"og:title\" content=\"Sto\u00dfd\u00e4mpferhalterungen hinten, BMW Serie 3 G20\/G21\/G28\/G80, Serie 4 Grand Coupe G26\" \/>\n<meta property=\"og:description\" content=\"Sto\u00dfd\u00e4mpferhalter hinten f\u00fcr BMW Serie 3 G20\/G21\/G28\/G80, Serie 4 Grand Coupe G26, kompatibel mit oem 006 889 267, 33 50 6 889 267, 6 889 267\" \/>\n<meta property=\"og:url\" content=\"https:\/\/www.silentblocks.com\/de\/produkt\/stossdaempferhalterungen-hinten-bmw-serie-3-g20-g21-g28-g80-serie-4-grand-coupe-g26\/\" \/>\n<meta property=\"og:site_name\" content=\"SILENT BLOCKS\" \/>\n<meta property=\"og:image\" content=\"https:\/\/www.silentblocks.com\/wp-content\/uploads\/2026\/03\/supports-amortisseur-arriere-BMW-Serie-4-G26.jpg\" \/>\n\t<meta property=\"og:image:width\" content=\"1500\" \/>\n\t<meta property=\"og:image:height\" content=\"1500\" \/>\n\t<meta property=\"og:image:type\" content=\"image\/jpeg\" \/>\n<meta name=\"twitter:card\" content=\"summary_large_image\" \/>\n<script type=\"application\/ld+json\" class=\"yoast-schema-graph\">{\"@context\":\"https:\\\/\\\/schema.org\",\"@graph\":[{\"@type\":\"WebPage\",\"@id\":\"https:\\\/\\\/www.silentblocks.com\\\/de\\\/produkt\\\/stossdaempferhalterungen-hinten-bmw-serie-3-g20-g21-g28-g80-serie-4-grand-coupe-g26\\\/\",\"url\":\"https:\\\/\\\/www.silentblocks.com\\\/de\\\/produkt\\\/stossdaempferhalterungen-hinten-bmw-serie-3-g20-g21-g28-g80-serie-4-grand-coupe-g26\\\/\",\"name\":\"Sto\u00dfd\u00e4mpferhalterungen hinten, BMW Serie 3 G20\\\/G21\\\/G28\\\/G80, Serie 4 Grand Coupe G26 - SILENT BLOCKS\",\"isPartOf\":{\"@id\":\"https:\\\/\\\/www.silentblocks.com\\\/de\\\/#website\"},\"primaryImageOfPage\":{\"@id\":\"https:\\\/\\\/www.silentblocks.com\\\/de\\\/produkt\\\/stossdaempferhalterungen-hinten-bmw-serie-3-g20-g21-g28-g80-serie-4-grand-coupe-g26\\\/#primaryimage\"},\"image\":{\"@id\":\"https:\\\/\\\/www.silentblocks.com\\\/de\\\/produkt\\\/stossdaempferhalterungen-hinten-bmw-serie-3-g20-g21-g28-g80-serie-4-grand-coupe-g26\\\/#primaryimage\"},\"thumbnailUrl\":\"https:\\\/\\\/www.silentblocks.com\\\/wp-content\\\/uploads\\\/2026\\\/03\\\/supports-amortisseur-arriere-BMW-Serie-4-G26.jpg\",\"datePublished\":\"2026-03-05T10:07:47+00:00\",\"description\":\"Sto\u00dfd\u00e4mpferhalter hinten f\u00fcr BMW Serie 3 G20\\\/G21\\\/G28\\\/G80, Serie 4 Grand Coupe G26, kompatibel mit oem 006 889 267, 33 50 6 889 267, 6 889 267\",\"breadcrumb\":{\"@id\":\"https:\\\/\\\/www.silentblocks.com\\\/de\\\/produkt\\\/stossdaempferhalterungen-hinten-bmw-serie-3-g20-g21-g28-g80-serie-4-grand-coupe-g26\\\/#breadcrumb\"},\"inLanguage\":\"de\",\"potentialAction\":[{\"@type\":\"ReadAction\",\"target\":[\"https:\\\/\\\/www.silentblocks.com\\\/de\\\/produkt\\\/stossdaempferhalterungen-hinten-bmw-serie-3-g20-g21-g28-g80-serie-4-grand-coupe-g26\\\/\"]}]},{\"@type\":\"ImageObject\",\"inLanguage\":\"de\",\"@id\":\"https:\\\/\\\/www.silentblocks.com\\\/de\\\/produkt\\\/stossdaempferhalterungen-hinten-bmw-serie-3-g20-g21-g28-g80-serie-4-grand-coupe-g26\\\/#primaryimage\",\"url\":\"https:\\\/\\\/www.silentblocks.com\\\/wp-content\\\/uploads\\\/2026\\\/03\\\/supports-amortisseur-arriere-BMW-Serie-4-G26.jpg\",\"contentUrl\":\"https:\\\/\\\/www.silentblocks.com\\\/wp-content\\\/uploads\\\/2026\\\/03\\\/supports-amortisseur-arriere-BMW-Serie-4-G26.jpg\",\"width\":1500,\"height\":1500},{\"@type\":\"BreadcrumbList\",\"@id\":\"https:\\\/\\\/www.silentblocks.com\\\/de\\\/produkt\\\/stossdaempferhalterungen-hinten-bmw-serie-3-g20-g21-g28-g80-serie-4-grand-coupe-g26\\\/#breadcrumb\",\"itemListElement\":[{\"@type\":\"ListItem\",\"position\":1,\"name\":\"In\u00edcio\",\"item\":\"https:\\\/\\\/www.silentblocks.com\\\/de\\\/\"},{\"@type\":\"ListItem\",\"position\":2,\"name\":\"Page boutique\",\"item\":\"https:\\\/\\\/www.silentblocks.com\\\/shop-2\\\/\"},{\"@type\":\"ListItem\",\"position\":3,\"name\":\"Sto\u00dfd\u00e4mpferhalterungen hinten, BMW Serie 3 G20\\\/G21\\\/G28\\\/G80, Serie 4 Grand Coupe G26\"}]},{\"@type\":\"WebSite\",\"@id\":\"https:\\\/\\\/www.silentblocks.com\\\/de\\\/#website\",\"url\":\"https:\\\/\\\/www.silentblocks.com\\\/de\\\/\",\"name\":\"SILENTBLOCKS\",\"description\":\"Secure on the road\",\"publisher\":{\"@id\":\"https:\\\/\\\/www.silentblocks.com\\\/de\\\/#organization\"},\"potentialAction\":[{\"@type\":\"SearchAction\",\"target\":{\"@type\":\"EntryPoint\",\"urlTemplate\":\"https:\\\/\\\/www.silentblocks.com\\\/de\\\/?s={search_term_string}\"},\"query-input\":{\"@type\":\"PropertyValueSpecification\",\"valueRequired\":true,\"valueName\":\"search_term_string\"}}],\"inLanguage\":\"de\"},{\"@type\":\"Organization\",\"@id\":\"https:\\\/\\\/www.silentblocks.com\\\/de\\\/#organization\",\"name\":\"SILENTBLOCKS\",\"url\":\"https:\\\/\\\/www.silentblocks.com\\\/de\\\/\",\"logo\":{\"@type\":\"ImageObject\",\"inLanguage\":\"de\",\"@id\":\"https:\\\/\\\/www.silentblocks.com\\\/de\\\/#\\\/schema\\\/logo\\\/image\\\/\",\"url\":\"https:\\\/\\\/www.silentblocks.com\\\/wp-content\\\/uploads\\\/2023\\\/07\\\/logo211-sem-fundo_2012-PARA-BOUTIQUE-EBAY.png\",\"contentUrl\":\"https:\\\/\\\/www.silentblocks.com\\\/wp-content\\\/uploads\\\/2023\\\/07\\\/logo211-sem-fundo_2012-PARA-BOUTIQUE-EBAY.png\",\"width\":300,\"height\":190,\"caption\":\"SILENTBLOCKS\"},\"image\":{\"@id\":\"https:\\\/\\\/www.silentblocks.com\\\/de\\\/#\\\/schema\\\/logo\\\/image\\\/\"}}]}<\/script>\n<!-- \/ Yoast SEO Premium plugin. -->","yoast_head_json":{"title":"Sto\u00dfd\u00e4mpferhalterungen hinten, BMW Serie 3 G20\/G21\/G28\/G80, Serie 4 Grand Coupe G26 - SILENT BLOCKS","description":"Sto\u00dfd\u00e4mpferhalter hinten f\u00fcr BMW Serie 3 G20\/G21\/G28\/G80, Serie 4 Grand Coupe G26, kompatibel mit oem 006 889 267, 33 50 6 889 267, 6 889 267","robots":{"index":"index","follow":"follow","max-snippet":"max-snippet:-1","max-image-preview":"max-image-preview:large","max-video-preview":"max-video-preview:-1"},"canonical":"https:\/\/www.silentblocks.com\/de\/produkt\/stossdaempferhalterungen-hinten-bmw-serie-3-g20-g21-g28-g80-serie-4-grand-coupe-g26\/","og_locale":"de_DE","og_type":"article","og_title":"Sto\u00dfd\u00e4mpferhalterungen hinten, BMW Serie 3 G20\/G21\/G28\/G80, Serie 4 Grand Coupe G26","og_description":"Sto\u00dfd\u00e4mpferhalter hinten f\u00fcr BMW Serie 3 G20\/G21\/G28\/G80, Serie 4 Grand Coupe G26, kompatibel mit oem 006 889 267, 33 50 6 889 267, 6 889 267","og_url":"https:\/\/www.silentblocks.com\/de\/produkt\/stossdaempferhalterungen-hinten-bmw-serie-3-g20-g21-g28-g80-serie-4-grand-coupe-g26\/","og_site_name":"SILENT BLOCKS","og_image":[{"width":1500,"height":1500,"url":"https:\/\/www.silentblocks.com\/wp-content\/uploads\/2026\/03\/supports-amortisseur-arriere-BMW-Serie-4-G26.jpg","type":"image\/jpeg"}],"twitter_card":"summary_large_image","schema":{"@context":"https:\/\/schema.org","@graph":[{"@type":"WebPage","@id":"https:\/\/www.silentblocks.com\/de\/produkt\/stossdaempferhalterungen-hinten-bmw-serie-3-g20-g21-g28-g80-serie-4-grand-coupe-g26\/","url":"https:\/\/www.silentblocks.com\/de\/produkt\/stossdaempferhalterungen-hinten-bmw-serie-3-g20-g21-g28-g80-serie-4-grand-coupe-g26\/","name":"Sto\u00dfd\u00e4mpferhalterungen hinten, BMW Serie 3 G20\/G21\/G28\/G80, Serie 4 Grand Coupe G26 - SILENT BLOCKS","isPartOf":{"@id":"https:\/\/www.silentblocks.com\/de\/#website"},"primaryImageOfPage":{"@id":"https:\/\/www.silentblocks.com\/de\/produkt\/stossdaempferhalterungen-hinten-bmw-serie-3-g20-g21-g28-g80-serie-4-grand-coupe-g26\/#primaryimage"},"image":{"@id":"https:\/\/www.silentblocks.com\/de\/produkt\/stossdaempferhalterungen-hinten-bmw-serie-3-g20-g21-g28-g80-serie-4-grand-coupe-g26\/#primaryimage"},"thumbnailUrl":"https:\/\/www.silentblocks.com\/wp-content\/uploads\/2026\/03\/supports-amortisseur-arriere-BMW-Serie-4-G26.jpg","datePublished":"2026-03-05T10:07:47+00:00","description":"Sto\u00dfd\u00e4mpferhalter hinten f\u00fcr BMW Serie 3 G20\/G21\/G28\/G80, Serie 4 Grand Coupe G26, kompatibel mit oem 006 889 267, 33 50 6 889 267, 6 889 267","breadcrumb":{"@id":"https:\/\/www.silentblocks.com\/de\/produkt\/stossdaempferhalterungen-hinten-bmw-serie-3-g20-g21-g28-g80-serie-4-grand-coupe-g26\/#breadcrumb"},"inLanguage":"de","potentialAction":[{"@type":"ReadAction","target":["https:\/\/www.silentblocks.com\/de\/produkt\/stossdaempferhalterungen-hinten-bmw-serie-3-g20-g21-g28-g80-serie-4-grand-coupe-g26\/"]}]},{"@type":"ImageObject","inLanguage":"de","@id":"https:\/\/www.silentblocks.com\/de\/produkt\/stossdaempferhalterungen-hinten-bmw-serie-3-g20-g21-g28-g80-serie-4-grand-coupe-g26\/#primaryimage","url":"https:\/\/www.silentblocks.com\/wp-content\/uploads\/2026\/03\/supports-amortisseur-arriere-BMW-Serie-4-G26.jpg","contentUrl":"https:\/\/www.silentblocks.com\/wp-content\/uploads\/2026\/03\/supports-amortisseur-arriere-BMW-Serie-4-G26.jpg","width":1500,"height":1500},{"@type":"BreadcrumbList","@id":"https:\/\/www.silentblocks.com\/de\/produkt\/stossdaempferhalterungen-hinten-bmw-serie-3-g20-g21-g28-g80-serie-4-grand-coupe-g26\/#breadcrumb","itemListElement":[{"@type":"ListItem","position":1,"name":"In\u00edcio","item":"https:\/\/www.silentblocks.com\/de\/"},{"@type":"ListItem","position":2,"name":"Page boutique","item":"https:\/\/www.silentblocks.com\/shop-2\/"},{"@type":"ListItem","position":3,"name":"Sto\u00dfd\u00e4mpferhalterungen hinten, BMW Serie 3 G20\/G21\/G28\/G80, Serie 4 Grand Coupe G26"}]},{"@type":"WebSite","@id":"https:\/\/www.silentblocks.com\/de\/#website","url":"https:\/\/www.silentblocks.com\/de\/","name":"SILENTBLOCKS","description":"Secure on the road","publisher":{"@id":"https:\/\/www.silentblocks.com\/de\/#organization"},"potentialAction":[{"@type":"SearchAction","target":{"@type":"EntryPoint","urlTemplate":"https:\/\/www.silentblocks.com\/de\/?s={search_term_string}"},"query-input":{"@type":"PropertyValueSpecification","valueRequired":true,"valueName":"search_term_string"}}],"inLanguage":"de"},{"@type":"Organization","@id":"https:\/\/www.silentblocks.com\/de\/#organization","name":"SILENTBLOCKS","url":"https:\/\/www.silentblocks.com\/de\/","logo":{"@type":"ImageObject","inLanguage":"de","@id":"https:\/\/www.silentblocks.com\/de\/#\/schema\/logo\/image\/","url":"https:\/\/www.silentblocks.com\/wp-content\/uploads\/2023\/07\/logo211-sem-fundo_2012-PARA-BOUTIQUE-EBAY.png","contentUrl":"https:\/\/www.silentblocks.com\/wp-content\/uploads\/2023\/07\/logo211-sem-fundo_2012-PARA-BOUTIQUE-EBAY.png","width":300,"height":190,"caption":"SILENTBLOCKS"},"image":{"@id":"https:\/\/www.silentblocks.com\/de\/#\/schema\/logo\/image\/"}}]}},"_links":{"self":[{"href":"https:\/\/www.silentblocks.com\/de\/wp-json\/wp\/v2\/product\/134970","targetHints":{"allow":["GET"]}}],"collection":[{"href":"https:\/\/www.silentblocks.com\/de\/wp-json\/wp\/v2\/product"}],"about":[{"href":"https:\/\/www.silentblocks.com\/de\/wp-json\/wp\/v2\/types\/product"}],"version-history":[{"count":0,"href":"https:\/\/www.silentblocks.com\/de\/wp-json\/wp\/v2\/product\/134970\/revisions"}],"wp:featuredmedia":[{"embeddable":true,"href":"https:\/\/www.silentblocks.com\/de\/wp-json\/wp\/v2\/media\/134968"}],"wp:attachment":[{"href":"https:\/\/www.silentblocks.com\/de\/wp-json\/wp\/v2\/media?parent=134970"}],"wp:term":[{"taxonomy":"product_brand","embeddable":true,"href":"https:\/\/www.silentblocks.com\/de\/wp-json\/wp\/v2\/product_brand?post=134970"},{"taxonomy":"product_cat","embeddable":true,"href":"https:\/\/www.silentblocks.com\/de\/wp-json\/wp\/v2\/product_cat?post=134970"},{"taxonomy":"product_tag","embeddable":true,"href":"https:\/\/www.silentblocks.com\/de\/wp-json\/wp\/v2\/product_tag?post=134970"}],"curies":[{"name":"wp","href":"https:\/\/api.w.org\/{rel}","templated":true}]}}