{"id":135499,"date":"2026-03-14T11:29:07","date_gmt":"2026-03-14T11:29:07","guid":{"rendered":"https:\/\/www.silentblocks.com\/product\/keile-fuer-vordere-federn-vw-lt-28-35-50mm\/"},"modified":"2026-03-14T11:29:07","modified_gmt":"2026-03-14T11:29:07","slug":"keile-fuer-vordere-federn-vw-lt-28-35-50mm","status":"publish","type":"product","link":"https:\/\/www.silentblocks.com\/de\/produkt\/keile-fuer-vordere-federn-vw-lt-28-35-50mm\/","title":{"rendered":"Keile f\u00fcr vordere Federn, VW LT 28-35 (50mm)"},"content":{"rendered":"<p>Keile f\u00fcr die vorderen Federn, passend f\u00fcr die folgenden Fahrzeuge:<br \/>\nVW LT 28-35 I Bus (281-363) DW, CP 55 (75) (01.1979-07.1992)<br \/>\nVW LT 28-35 I Bus (281-363) 1G 68 (92) (08.1989-08.1992)<br \/>\nVW LT 28-35 I Bus (281-363) CH 55 (75) (04.1975-09.1983)<br \/>\nVW LT 28-35 I Bus (281-363) DL 66 (90) (12.1982-07.1992)<br \/>\nVW LT 28-35 I Bus (281-363) DV 75 (102) (12.1982-07.1989)<br \/>\nVW LT 28-35 I Bus (281-363) ACT, 1S 51 (70) (08.1989-06.1996)<br \/>\nVW LT 28-35 I Bus (281-363) ACL 70 (95) (09.1992-06.1996)<br \/>\nVW LT 28-35 I Bus (281-363) 1E 69 (94) (08.1989-06.1996)<br \/>\nVW LT 28-35 I Van (281-363) 1E 69 (94) (08.1989-06.1996)<br \/>\nVW LT 28-35 I Van (281-363) CG 48 (65) (11.1975-01.1980)<br \/>\nVW LT 28-35 I Van (281-363) ACT, 1S 51 (69) (07.1990-05.1996)<br \/>\nVW LT 28-35 I Van (281-363) DV 75 (102) (02.1986-08.1992)<br \/>\nVW LT 28-35 I Van (281-363) ACL 70 (95) (06.1992-05.1996)<br \/>\nVW LT 28-35 I Van (281-363) 1G 68 (92) (08.1988-08.1992)<br \/>\nVW LT 28-35 I Van (281-363) DW, CP 55 (75) (01.1979-07.1992)<br \/>\nVW LT 28-35 I Van (281-363) DL 66 (90) (12.1982-07.1992)<br \/>\nVW LT 28-35 I Van (281-363) CH 55 (75) (04.1975-09.1983)<br \/>\nVW LT 28-35 I Platform\/Chassis (281-363) CH 55 (75) (04.1975-09.1983)<br \/>\nVW LT 28-35 I Platform\/Chassis (281-363) 1G 68 (92) (08.1990-08.1992)<br \/>\nVW LT 28-35 I Platform\/Chassis (281-363) ACT, 1S 51 (69) (08.1990-06.1996)<\/p>\n<p>VW LT 28-35 I Platform \/ Chassis (281-363) DW, CP 55 (75) (12.1978-02.1991)<br \/>\nVW LT 28-35 I Platform\/Chassis (281-363) ACL 70 (95) (08.1992-06.1996)<br \/>\nVW LT 28-35 I Platform\/Chassis (281-363) CG 48 (65) (11.1975-01.1980)<br \/>\nVW LT 28-35 I Platform\/Chassis (281-363) DL 66 (90) (12.1982-07.1992)<br \/>\nVW LT 28-35 I Platform\/Chassis (281-363) DV 75 (102) (12.1982-09.1993)<br \/>\nVW LT 28-35 I platform\/chassis (281-363) 1E 69 (94) (03.1994-06.1996)<\/p>\n<p>H\u00e4rtegrad: 60Sha<br \/>\nDicke: 5 cm<br \/>\nVordere Keile: 145\/100&#215;50<\/p>\n<p>Herstellerreferenzen (OEM-Code) zur Orientierung :<br \/>\n281411105B<\/p>\n<p>Neue Teile, die mit Rechnung verkauft werden. Alle unsere Produkte haben eine Garantie von 2 Jahren.<\/p>\n","protected":false},"excerpt":{"rendered":"<p>Keile f\u00fcr die vorderen Federn, passend f\u00fcr die folgenden Fahrzeuge: VW LT 28-35 I Bus (281-363) DW, CP 55 (75) (01.1979-07.1992) VW LT 28-35 I Bus (281-363) 1G 68 (92) (08.1989-08.1992) VW LT 28-35 I Bus (281-363) CH 55 (75) (04.1975-09.1983) VW LT 28-35 I Bus (281-363) DL 66 (90) (12.1982-07.1992) VW LT 28-35 I [&hellip;]<\/p>\n","protected":false},"featured_media":135497,"template":"","meta":[],"product_brand":[],"product_cat":[3803],"product_tag":[],"class_list":{"0":"post-135499","1":"product","2":"type-product","3":"status-publish","4":"has-post-thumbnail","6":"product_cat-lt-28-35-46-de","8":"first","9":"instock","10":"shipping-taxable","11":"purchasable","12":"product-type-simple"},"yoast_head":"<!-- This site is optimized with the Yoast SEO Premium plugin v23.0 (Yoast SEO v27.4) - https:\/\/yoast.com\/product\/yoast-seo-premium-wordpress\/ -->\n<title>Keile f\u00fcr vordere Federn, VW LT 28-35 (50mm) - SILENT BLOCKS<\/title>\n<meta name=\"description\" content=\"Unterlegscheiben f\u00fcr vordere Federn aus Polyurethan f\u00fcr VW LT 28-35 (50mm), kompatibel mit oem 281411105B\" \/>\n<meta name=\"robots\" content=\"index, follow, max-snippet:-1, max-image-preview:large, max-video-preview:-1\" \/>\n<link rel=\"canonical\" href=\"https:\/\/www.silentblocks.com\/de\/produkt\/keile-fuer-vordere-federn-vw-lt-28-35-50mm\/\" \/>\n<meta property=\"og:locale\" content=\"de_DE\" \/>\n<meta property=\"og:type\" content=\"article\" \/>\n<meta property=\"og:title\" content=\"Keile f\u00fcr vordere Federn, VW LT 28-35 (50mm)\" \/>\n<meta property=\"og:description\" content=\"Unterlegscheiben f\u00fcr vordere Federn aus Polyurethan f\u00fcr VW LT 28-35 (50mm), kompatibel mit oem 281411105B\" \/>\n<meta property=\"og:url\" content=\"https:\/\/www.silentblocks.com\/de\/produkt\/keile-fuer-vordere-federn-vw-lt-28-35-50mm\/\" \/>\n<meta property=\"og:site_name\" content=\"SILENT BLOCKS\" \/>\n<meta property=\"og:image\" content=\"https:\/\/www.silentblocks.com\/wp-content\/uploads\/2026\/03\/cale-ressort-avant-VW-LT.jpg\" \/>\n\t<meta property=\"og:image:width\" content=\"1024\" \/>\n\t<meta property=\"og:image:height\" content=\"1024\" \/>\n\t<meta property=\"og:image:type\" content=\"image\/jpeg\" \/>\n<meta name=\"twitter:card\" content=\"summary_large_image\" \/>\n<meta name=\"twitter:label1\" content=\"Gesch\u00e4tzte Lesezeit\" \/>\n\t<meta name=\"twitter:data1\" content=\"1\u00a0Minute\" \/>\n<script type=\"application\/ld+json\" class=\"yoast-schema-graph\">{\"@context\":\"https:\\\/\\\/schema.org\",\"@graph\":[{\"@type\":\"WebPage\",\"@id\":\"https:\\\/\\\/www.silentblocks.com\\\/de\\\/produkt\\\/keile-fuer-vordere-federn-vw-lt-28-35-50mm\\\/\",\"url\":\"https:\\\/\\\/www.silentblocks.com\\\/de\\\/produkt\\\/keile-fuer-vordere-federn-vw-lt-28-35-50mm\\\/\",\"name\":\"Keile f\u00fcr vordere Federn, VW LT 28-35 (50mm) - SILENT BLOCKS\",\"isPartOf\":{\"@id\":\"https:\\\/\\\/www.silentblocks.com\\\/de\\\/#website\"},\"primaryImageOfPage\":{\"@id\":\"https:\\\/\\\/www.silentblocks.com\\\/de\\\/produkt\\\/keile-fuer-vordere-federn-vw-lt-28-35-50mm\\\/#primaryimage\"},\"image\":{\"@id\":\"https:\\\/\\\/www.silentblocks.com\\\/de\\\/produkt\\\/keile-fuer-vordere-federn-vw-lt-28-35-50mm\\\/#primaryimage\"},\"thumbnailUrl\":\"https:\\\/\\\/www.silentblocks.com\\\/wp-content\\\/uploads\\\/2026\\\/03\\\/cale-ressort-avant-VW-LT.jpg\",\"datePublished\":\"2026-03-14T11:29:07+00:00\",\"description\":\"Unterlegscheiben f\u00fcr vordere Federn aus Polyurethan f\u00fcr VW LT 28-35 (50mm), kompatibel mit oem 281411105B\",\"breadcrumb\":{\"@id\":\"https:\\\/\\\/www.silentblocks.com\\\/de\\\/produkt\\\/keile-fuer-vordere-federn-vw-lt-28-35-50mm\\\/#breadcrumb\"},\"inLanguage\":\"de\",\"potentialAction\":[{\"@type\":\"ReadAction\",\"target\":[\"https:\\\/\\\/www.silentblocks.com\\\/de\\\/produkt\\\/keile-fuer-vordere-federn-vw-lt-28-35-50mm\\\/\"]}]},{\"@type\":\"ImageObject\",\"inLanguage\":\"de\",\"@id\":\"https:\\\/\\\/www.silentblocks.com\\\/de\\\/produkt\\\/keile-fuer-vordere-federn-vw-lt-28-35-50mm\\\/#primaryimage\",\"url\":\"https:\\\/\\\/www.silentblocks.com\\\/wp-content\\\/uploads\\\/2026\\\/03\\\/cale-ressort-avant-VW-LT.jpg\",\"contentUrl\":\"https:\\\/\\\/www.silentblocks.com\\\/wp-content\\\/uploads\\\/2026\\\/03\\\/cale-ressort-avant-VW-LT.jpg\",\"width\":1024,\"height\":1024},{\"@type\":\"BreadcrumbList\",\"@id\":\"https:\\\/\\\/www.silentblocks.com\\\/de\\\/produkt\\\/keile-fuer-vordere-federn-vw-lt-28-35-50mm\\\/#breadcrumb\",\"itemListElement\":[{\"@type\":\"ListItem\",\"position\":1,\"name\":\"In\u00edcio\",\"item\":\"https:\\\/\\\/www.silentblocks.com\\\/de\\\/\"},{\"@type\":\"ListItem\",\"position\":2,\"name\":\"Page boutique\",\"item\":\"https:\\\/\\\/www.silentblocks.com\\\/shop-2\\\/\"},{\"@type\":\"ListItem\",\"position\":3,\"name\":\"Keile f\u00fcr vordere Federn, VW LT 28-35 (50mm)\"}]},{\"@type\":\"WebSite\",\"@id\":\"https:\\\/\\\/www.silentblocks.com\\\/de\\\/#website\",\"url\":\"https:\\\/\\\/www.silentblocks.com\\\/de\\\/\",\"name\":\"SILENTBLOCKS\",\"description\":\"Secure on the road\",\"publisher\":{\"@id\":\"https:\\\/\\\/www.silentblocks.com\\\/de\\\/#organization\"},\"potentialAction\":[{\"@type\":\"SearchAction\",\"target\":{\"@type\":\"EntryPoint\",\"urlTemplate\":\"https:\\\/\\\/www.silentblocks.com\\\/de\\\/?s={search_term_string}\"},\"query-input\":{\"@type\":\"PropertyValueSpecification\",\"valueRequired\":true,\"valueName\":\"search_term_string\"}}],\"inLanguage\":\"de\"},{\"@type\":\"Organization\",\"@id\":\"https:\\\/\\\/www.silentblocks.com\\\/de\\\/#organization\",\"name\":\"SILENTBLOCKS\",\"url\":\"https:\\\/\\\/www.silentblocks.com\\\/de\\\/\",\"logo\":{\"@type\":\"ImageObject\",\"inLanguage\":\"de\",\"@id\":\"https:\\\/\\\/www.silentblocks.com\\\/de\\\/#\\\/schema\\\/logo\\\/image\\\/\",\"url\":\"https:\\\/\\\/www.silentblocks.com\\\/wp-content\\\/uploads\\\/2023\\\/07\\\/logo211-sem-fundo_2012-PARA-BOUTIQUE-EBAY.png\",\"contentUrl\":\"https:\\\/\\\/www.silentblocks.com\\\/wp-content\\\/uploads\\\/2023\\\/07\\\/logo211-sem-fundo_2012-PARA-BOUTIQUE-EBAY.png\",\"width\":300,\"height\":190,\"caption\":\"SILENTBLOCKS\"},\"image\":{\"@id\":\"https:\\\/\\\/www.silentblocks.com\\\/de\\\/#\\\/schema\\\/logo\\\/image\\\/\"}}]}<\/script>\n<!-- \/ Yoast SEO Premium plugin. -->","yoast_head_json":{"title":"Keile f\u00fcr vordere Federn, VW LT 28-35 (50mm) - SILENT BLOCKS","description":"Unterlegscheiben f\u00fcr vordere Federn aus Polyurethan f\u00fcr VW LT 28-35 (50mm), kompatibel mit oem 281411105B","robots":{"index":"index","follow":"follow","max-snippet":"max-snippet:-1","max-image-preview":"max-image-preview:large","max-video-preview":"max-video-preview:-1"},"canonical":"https:\/\/www.silentblocks.com\/de\/produkt\/keile-fuer-vordere-federn-vw-lt-28-35-50mm\/","og_locale":"de_DE","og_type":"article","og_title":"Keile f\u00fcr vordere Federn, VW LT 28-35 (50mm)","og_description":"Unterlegscheiben f\u00fcr vordere Federn aus Polyurethan f\u00fcr VW LT 28-35 (50mm), kompatibel mit oem 281411105B","og_url":"https:\/\/www.silentblocks.com\/de\/produkt\/keile-fuer-vordere-federn-vw-lt-28-35-50mm\/","og_site_name":"SILENT BLOCKS","og_image":[{"width":1024,"height":1024,"url":"https:\/\/www.silentblocks.com\/wp-content\/uploads\/2026\/03\/cale-ressort-avant-VW-LT.jpg","type":"image\/jpeg"}],"twitter_card":"summary_large_image","twitter_misc":{"Gesch\u00e4tzte Lesezeit":"1\u00a0Minute"},"schema":{"@context":"https:\/\/schema.org","@graph":[{"@type":"WebPage","@id":"https:\/\/www.silentblocks.com\/de\/produkt\/keile-fuer-vordere-federn-vw-lt-28-35-50mm\/","url":"https:\/\/www.silentblocks.com\/de\/produkt\/keile-fuer-vordere-federn-vw-lt-28-35-50mm\/","name":"Keile f\u00fcr vordere Federn, VW LT 28-35 (50mm) - SILENT BLOCKS","isPartOf":{"@id":"https:\/\/www.silentblocks.com\/de\/#website"},"primaryImageOfPage":{"@id":"https:\/\/www.silentblocks.com\/de\/produkt\/keile-fuer-vordere-federn-vw-lt-28-35-50mm\/#primaryimage"},"image":{"@id":"https:\/\/www.silentblocks.com\/de\/produkt\/keile-fuer-vordere-federn-vw-lt-28-35-50mm\/#primaryimage"},"thumbnailUrl":"https:\/\/www.silentblocks.com\/wp-content\/uploads\/2026\/03\/cale-ressort-avant-VW-LT.jpg","datePublished":"2026-03-14T11:29:07+00:00","description":"Unterlegscheiben f\u00fcr vordere Federn aus Polyurethan f\u00fcr VW LT 28-35 (50mm), kompatibel mit oem 281411105B","breadcrumb":{"@id":"https:\/\/www.silentblocks.com\/de\/produkt\/keile-fuer-vordere-federn-vw-lt-28-35-50mm\/#breadcrumb"},"inLanguage":"de","potentialAction":[{"@type":"ReadAction","target":["https:\/\/www.silentblocks.com\/de\/produkt\/keile-fuer-vordere-federn-vw-lt-28-35-50mm\/"]}]},{"@type":"ImageObject","inLanguage":"de","@id":"https:\/\/www.silentblocks.com\/de\/produkt\/keile-fuer-vordere-federn-vw-lt-28-35-50mm\/#primaryimage","url":"https:\/\/www.silentblocks.com\/wp-content\/uploads\/2026\/03\/cale-ressort-avant-VW-LT.jpg","contentUrl":"https:\/\/www.silentblocks.com\/wp-content\/uploads\/2026\/03\/cale-ressort-avant-VW-LT.jpg","width":1024,"height":1024},{"@type":"BreadcrumbList","@id":"https:\/\/www.silentblocks.com\/de\/produkt\/keile-fuer-vordere-federn-vw-lt-28-35-50mm\/#breadcrumb","itemListElement":[{"@type":"ListItem","position":1,"name":"In\u00edcio","item":"https:\/\/www.silentblocks.com\/de\/"},{"@type":"ListItem","position":2,"name":"Page boutique","item":"https:\/\/www.silentblocks.com\/shop-2\/"},{"@type":"ListItem","position":3,"name":"Keile f\u00fcr vordere Federn, VW LT 28-35 (50mm)"}]},{"@type":"WebSite","@id":"https:\/\/www.silentblocks.com\/de\/#website","url":"https:\/\/www.silentblocks.com\/de\/","name":"SILENTBLOCKS","description":"Secure on the road","publisher":{"@id":"https:\/\/www.silentblocks.com\/de\/#organization"},"potentialAction":[{"@type":"SearchAction","target":{"@type":"EntryPoint","urlTemplate":"https:\/\/www.silentblocks.com\/de\/?s={search_term_string}"},"query-input":{"@type":"PropertyValueSpecification","valueRequired":true,"valueName":"search_term_string"}}],"inLanguage":"de"},{"@type":"Organization","@id":"https:\/\/www.silentblocks.com\/de\/#organization","name":"SILENTBLOCKS","url":"https:\/\/www.silentblocks.com\/de\/","logo":{"@type":"ImageObject","inLanguage":"de","@id":"https:\/\/www.silentblocks.com\/de\/#\/schema\/logo\/image\/","url":"https:\/\/www.silentblocks.com\/wp-content\/uploads\/2023\/07\/logo211-sem-fundo_2012-PARA-BOUTIQUE-EBAY.png","contentUrl":"https:\/\/www.silentblocks.com\/wp-content\/uploads\/2023\/07\/logo211-sem-fundo_2012-PARA-BOUTIQUE-EBAY.png","width":300,"height":190,"caption":"SILENTBLOCKS"},"image":{"@id":"https:\/\/www.silentblocks.com\/de\/#\/schema\/logo\/image\/"}}]}},"_links":{"self":[{"href":"https:\/\/www.silentblocks.com\/de\/wp-json\/wp\/v2\/product\/135499","targetHints":{"allow":["GET"]}}],"collection":[{"href":"https:\/\/www.silentblocks.com\/de\/wp-json\/wp\/v2\/product"}],"about":[{"href":"https:\/\/www.silentblocks.com\/de\/wp-json\/wp\/v2\/types\/product"}],"version-history":[{"count":0,"href":"https:\/\/www.silentblocks.com\/de\/wp-json\/wp\/v2\/product\/135499\/revisions"}],"wp:featuredmedia":[{"embeddable":true,"href":"https:\/\/www.silentblocks.com\/de\/wp-json\/wp\/v2\/media\/135497"}],"wp:attachment":[{"href":"https:\/\/www.silentblocks.com\/de\/wp-json\/wp\/v2\/media?parent=135499"}],"wp:term":[{"taxonomy":"product_brand","embeddable":true,"href":"https:\/\/www.silentblocks.com\/de\/wp-json\/wp\/v2\/product_brand?post=135499"},{"taxonomy":"product_cat","embeddable":true,"href":"https:\/\/www.silentblocks.com\/de\/wp-json\/wp\/v2\/product_cat?post=135499"},{"taxonomy":"product_tag","embeddable":true,"href":"https:\/\/www.silentblocks.com\/de\/wp-json\/wp\/v2\/product_tag?post=135499"}],"curies":[{"name":"wp","href":"https:\/\/api.w.org\/{rel}","templated":true}]}}