{"id":136372,"date":"2026-03-29T17:21:37","date_gmt":"2026-03-29T17:21:37","guid":{"rendered":"https:\/\/www.silentblocks.com\/product\/stossdaempferanschlaege-vorne-ford-transit\/"},"modified":"2026-03-29T17:32:51","modified_gmt":"2026-03-29T17:32:51","slug":"stossdaempferanschlaege-vorne-ford-transit","status":"publish","type":"product","link":"https:\/\/www.silentblocks.com\/de\/produkt\/stossdaempferanschlaege-vorne-ford-transit\/","title":{"rendered":"Anschlagpuffer stossd\u00e4mpfer vorne, Ford Transit"},"content":{"rendered":"<p>Anschl\u00e4ge der beiden vorderen Sto\u00dfd\u00e4mpfer, passend f\u00fcr die folgenden Fahrzeuge:<br \/>\nFord Transit (E__) (10.1985-09.1994)<br \/>\nFord Transit Tourneo (11.1994-12.2000)<\/p>\n<p>Innendurchmesser: 28 \/ Au\u00dfendurchmesser: 60mm<\/p>\n<p>Referenzen des Herstellers (OEM-Code) als Hinweis :<br \/>\n6 142 480, 86VB3020AA<\/p>\n<p>Neue Teile, die mit Rechnung verkauft werden. Alle unsere Produkte haben eine Garantie von 2 Jahren.<\/p>\n","protected":false},"excerpt":{"rendered":"<p>Anschl\u00e4ge der beiden vorderen Sto\u00dfd\u00e4mpfer, passend f\u00fcr die folgenden Fahrzeuge: Ford Transit (E__) (10.1985-09.1994) Ford Transit Tourneo (11.1994-12.2000) Innendurchmesser: 28 \/ Au\u00dfendurchmesser: 60mm Referenzen des Herstellers (OEM-Code) als Hinweis : 6 142 480, 86VB3020AA Neue Teile, die mit Rechnung verkauft werden. Alle unsere Produkte haben eine Garantie von 2 Jahren.<\/p>\n","protected":false},"featured_media":136370,"template":"","meta":[],"product_brand":[],"product_cat":[2715],"product_tag":[],"class_list":{"0":"post-136372","1":"product","2":"type-product","3":"status-publish","4":"has-post-thumbnail","6":"product_cat-transit-86-de","8":"first","9":"instock","10":"shipping-taxable","11":"purchasable","12":"product-type-simple"},"yoast_head":"<!-- This site is optimized with the Yoast SEO Premium plugin v23.0 (Yoast SEO v27.4) - https:\/\/yoast.com\/product\/yoast-seo-premium-wordpress\/ -->\n<title>Anschlagpuffer stossd\u00e4mpfer vorne, Ford Transit - SILENT BLOCKS<\/title>\n<meta name=\"description\" content=\"Sto\u00dfd\u00e4mpferanschl\u00e4ge vorne f\u00fcr Ford Transit, kompatibel mit oem 6 142 480, 86VB3020AA\" \/>\n<meta name=\"robots\" content=\"index, follow, max-snippet:-1, max-image-preview:large, max-video-preview:-1\" \/>\n<link rel=\"canonical\" href=\"https:\/\/www.silentblocks.com\/de\/produkt\/stossdaempferanschlaege-vorne-ford-transit\/\" \/>\n<meta property=\"og:locale\" content=\"de_DE\" \/>\n<meta property=\"og:type\" content=\"article\" \/>\n<meta property=\"og:title\" content=\"Anschlagpuffer stossd\u00e4mpfer vorne, Ford Transit\" \/>\n<meta property=\"og:description\" content=\"Sto\u00dfd\u00e4mpferanschl\u00e4ge vorne f\u00fcr Ford Transit, kompatibel mit oem 6 142 480, 86VB3020AA\" \/>\n<meta property=\"og:url\" content=\"https:\/\/www.silentblocks.com\/de\/produkt\/stossdaempferanschlaege-vorne-ford-transit\/\" \/>\n<meta property=\"og:site_name\" content=\"SILENT BLOCKS\" \/>\n<meta property=\"article:modified_time\" content=\"2026-03-29T17:32:51+00:00\" \/>\n<meta property=\"og:image\" content=\"https:\/\/www.silentblocks.com\/wp-content\/uploads\/2026\/03\/butee-amortisseur-avant-Transit.jpg\" \/>\n\t<meta property=\"og:image:width\" content=\"1500\" \/>\n\t<meta property=\"og:image:height\" content=\"1500\" \/>\n\t<meta property=\"og:image:type\" content=\"image\/jpeg\" \/>\n<meta name=\"twitter:card\" content=\"summary_large_image\" \/>\n<script type=\"application\/ld+json\" class=\"yoast-schema-graph\">{\"@context\":\"https:\\\/\\\/schema.org\",\"@graph\":[{\"@type\":\"WebPage\",\"@id\":\"https:\\\/\\\/www.silentblocks.com\\\/de\\\/produkt\\\/stossdaempferanschlaege-vorne-ford-transit\\\/\",\"url\":\"https:\\\/\\\/www.silentblocks.com\\\/de\\\/produkt\\\/stossdaempferanschlaege-vorne-ford-transit\\\/\",\"name\":\"Anschlagpuffer stossd\u00e4mpfer vorne, Ford Transit - SILENT BLOCKS\",\"isPartOf\":{\"@id\":\"https:\\\/\\\/www.silentblocks.com\\\/de\\\/#website\"},\"primaryImageOfPage\":{\"@id\":\"https:\\\/\\\/www.silentblocks.com\\\/de\\\/produkt\\\/stossdaempferanschlaege-vorne-ford-transit\\\/#primaryimage\"},\"image\":{\"@id\":\"https:\\\/\\\/www.silentblocks.com\\\/de\\\/produkt\\\/stossdaempferanschlaege-vorne-ford-transit\\\/#primaryimage\"},\"thumbnailUrl\":\"https:\\\/\\\/www.silentblocks.com\\\/wp-content\\\/uploads\\\/2026\\\/03\\\/butee-amortisseur-avant-Transit.jpg\",\"datePublished\":\"2026-03-29T17:21:37+00:00\",\"dateModified\":\"2026-03-29T17:32:51+00:00\",\"description\":\"Sto\u00dfd\u00e4mpferanschl\u00e4ge vorne f\u00fcr Ford Transit, kompatibel mit oem 6 142 480, 86VB3020AA\",\"breadcrumb\":{\"@id\":\"https:\\\/\\\/www.silentblocks.com\\\/de\\\/produkt\\\/stossdaempferanschlaege-vorne-ford-transit\\\/#breadcrumb\"},\"inLanguage\":\"de\",\"potentialAction\":[{\"@type\":\"ReadAction\",\"target\":[\"https:\\\/\\\/www.silentblocks.com\\\/de\\\/produkt\\\/stossdaempferanschlaege-vorne-ford-transit\\\/\"]}]},{\"@type\":\"ImageObject\",\"inLanguage\":\"de\",\"@id\":\"https:\\\/\\\/www.silentblocks.com\\\/de\\\/produkt\\\/stossdaempferanschlaege-vorne-ford-transit\\\/#primaryimage\",\"url\":\"https:\\\/\\\/www.silentblocks.com\\\/wp-content\\\/uploads\\\/2026\\\/03\\\/butee-amortisseur-avant-Transit.jpg\",\"contentUrl\":\"https:\\\/\\\/www.silentblocks.com\\\/wp-content\\\/uploads\\\/2026\\\/03\\\/butee-amortisseur-avant-Transit.jpg\",\"width\":1500,\"height\":1500},{\"@type\":\"BreadcrumbList\",\"@id\":\"https:\\\/\\\/www.silentblocks.com\\\/de\\\/produkt\\\/stossdaempferanschlaege-vorne-ford-transit\\\/#breadcrumb\",\"itemListElement\":[{\"@type\":\"ListItem\",\"position\":1,\"name\":\"In\u00edcio\",\"item\":\"https:\\\/\\\/www.silentblocks.com\\\/de\\\/\"},{\"@type\":\"ListItem\",\"position\":2,\"name\":\"Page boutique\",\"item\":\"https:\\\/\\\/www.silentblocks.com\\\/shop-2\\\/\"},{\"@type\":\"ListItem\",\"position\":3,\"name\":\"Anschlagpuffer stossd\u00e4mpfer vorne, Ford Transit\"}]},{\"@type\":\"WebSite\",\"@id\":\"https:\\\/\\\/www.silentblocks.com\\\/de\\\/#website\",\"url\":\"https:\\\/\\\/www.silentblocks.com\\\/de\\\/\",\"name\":\"SILENTBLOCKS\",\"description\":\"Secure on the road\",\"publisher\":{\"@id\":\"https:\\\/\\\/www.silentblocks.com\\\/de\\\/#organization\"},\"potentialAction\":[{\"@type\":\"SearchAction\",\"target\":{\"@type\":\"EntryPoint\",\"urlTemplate\":\"https:\\\/\\\/www.silentblocks.com\\\/de\\\/?s={search_term_string}\"},\"query-input\":{\"@type\":\"PropertyValueSpecification\",\"valueRequired\":true,\"valueName\":\"search_term_string\"}}],\"inLanguage\":\"de\"},{\"@type\":\"Organization\",\"@id\":\"https:\\\/\\\/www.silentblocks.com\\\/de\\\/#organization\",\"name\":\"SILENTBLOCKS\",\"url\":\"https:\\\/\\\/www.silentblocks.com\\\/de\\\/\",\"logo\":{\"@type\":\"ImageObject\",\"inLanguage\":\"de\",\"@id\":\"https:\\\/\\\/www.silentblocks.com\\\/de\\\/#\\\/schema\\\/logo\\\/image\\\/\",\"url\":\"https:\\\/\\\/www.silentblocks.com\\\/wp-content\\\/uploads\\\/2023\\\/07\\\/logo211-sem-fundo_2012-PARA-BOUTIQUE-EBAY.png\",\"contentUrl\":\"https:\\\/\\\/www.silentblocks.com\\\/wp-content\\\/uploads\\\/2023\\\/07\\\/logo211-sem-fundo_2012-PARA-BOUTIQUE-EBAY.png\",\"width\":300,\"height\":190,\"caption\":\"SILENTBLOCKS\"},\"image\":{\"@id\":\"https:\\\/\\\/www.silentblocks.com\\\/de\\\/#\\\/schema\\\/logo\\\/image\\\/\"}}]}<\/script>\n<!-- \/ Yoast SEO Premium plugin. -->","yoast_head_json":{"title":"Anschlagpuffer stossd\u00e4mpfer vorne, Ford Transit - SILENT BLOCKS","description":"Sto\u00dfd\u00e4mpferanschl\u00e4ge vorne f\u00fcr Ford Transit, kompatibel mit oem 6 142 480, 86VB3020AA","robots":{"index":"index","follow":"follow","max-snippet":"max-snippet:-1","max-image-preview":"max-image-preview:large","max-video-preview":"max-video-preview:-1"},"canonical":"https:\/\/www.silentblocks.com\/de\/produkt\/stossdaempferanschlaege-vorne-ford-transit\/","og_locale":"de_DE","og_type":"article","og_title":"Anschlagpuffer stossd\u00e4mpfer vorne, Ford Transit","og_description":"Sto\u00dfd\u00e4mpferanschl\u00e4ge vorne f\u00fcr Ford Transit, kompatibel mit oem 6 142 480, 86VB3020AA","og_url":"https:\/\/www.silentblocks.com\/de\/produkt\/stossdaempferanschlaege-vorne-ford-transit\/","og_site_name":"SILENT BLOCKS","article_modified_time":"2026-03-29T17:32:51+00:00","og_image":[{"width":1500,"height":1500,"url":"https:\/\/www.silentblocks.com\/wp-content\/uploads\/2026\/03\/butee-amortisseur-avant-Transit.jpg","type":"image\/jpeg"}],"twitter_card":"summary_large_image","schema":{"@context":"https:\/\/schema.org","@graph":[{"@type":"WebPage","@id":"https:\/\/www.silentblocks.com\/de\/produkt\/stossdaempferanschlaege-vorne-ford-transit\/","url":"https:\/\/www.silentblocks.com\/de\/produkt\/stossdaempferanschlaege-vorne-ford-transit\/","name":"Anschlagpuffer stossd\u00e4mpfer vorne, Ford Transit - SILENT BLOCKS","isPartOf":{"@id":"https:\/\/www.silentblocks.com\/de\/#website"},"primaryImageOfPage":{"@id":"https:\/\/www.silentblocks.com\/de\/produkt\/stossdaempferanschlaege-vorne-ford-transit\/#primaryimage"},"image":{"@id":"https:\/\/www.silentblocks.com\/de\/produkt\/stossdaempferanschlaege-vorne-ford-transit\/#primaryimage"},"thumbnailUrl":"https:\/\/www.silentblocks.com\/wp-content\/uploads\/2026\/03\/butee-amortisseur-avant-Transit.jpg","datePublished":"2026-03-29T17:21:37+00:00","dateModified":"2026-03-29T17:32:51+00:00","description":"Sto\u00dfd\u00e4mpferanschl\u00e4ge vorne f\u00fcr Ford Transit, kompatibel mit oem 6 142 480, 86VB3020AA","breadcrumb":{"@id":"https:\/\/www.silentblocks.com\/de\/produkt\/stossdaempferanschlaege-vorne-ford-transit\/#breadcrumb"},"inLanguage":"de","potentialAction":[{"@type":"ReadAction","target":["https:\/\/www.silentblocks.com\/de\/produkt\/stossdaempferanschlaege-vorne-ford-transit\/"]}]},{"@type":"ImageObject","inLanguage":"de","@id":"https:\/\/www.silentblocks.com\/de\/produkt\/stossdaempferanschlaege-vorne-ford-transit\/#primaryimage","url":"https:\/\/www.silentblocks.com\/wp-content\/uploads\/2026\/03\/butee-amortisseur-avant-Transit.jpg","contentUrl":"https:\/\/www.silentblocks.com\/wp-content\/uploads\/2026\/03\/butee-amortisseur-avant-Transit.jpg","width":1500,"height":1500},{"@type":"BreadcrumbList","@id":"https:\/\/www.silentblocks.com\/de\/produkt\/stossdaempferanschlaege-vorne-ford-transit\/#breadcrumb","itemListElement":[{"@type":"ListItem","position":1,"name":"In\u00edcio","item":"https:\/\/www.silentblocks.com\/de\/"},{"@type":"ListItem","position":2,"name":"Page boutique","item":"https:\/\/www.silentblocks.com\/shop-2\/"},{"@type":"ListItem","position":3,"name":"Anschlagpuffer stossd\u00e4mpfer vorne, Ford Transit"}]},{"@type":"WebSite","@id":"https:\/\/www.silentblocks.com\/de\/#website","url":"https:\/\/www.silentblocks.com\/de\/","name":"SILENTBLOCKS","description":"Secure on the road","publisher":{"@id":"https:\/\/www.silentblocks.com\/de\/#organization"},"potentialAction":[{"@type":"SearchAction","target":{"@type":"EntryPoint","urlTemplate":"https:\/\/www.silentblocks.com\/de\/?s={search_term_string}"},"query-input":{"@type":"PropertyValueSpecification","valueRequired":true,"valueName":"search_term_string"}}],"inLanguage":"de"},{"@type":"Organization","@id":"https:\/\/www.silentblocks.com\/de\/#organization","name":"SILENTBLOCKS","url":"https:\/\/www.silentblocks.com\/de\/","logo":{"@type":"ImageObject","inLanguage":"de","@id":"https:\/\/www.silentblocks.com\/de\/#\/schema\/logo\/image\/","url":"https:\/\/www.silentblocks.com\/wp-content\/uploads\/2023\/07\/logo211-sem-fundo_2012-PARA-BOUTIQUE-EBAY.png","contentUrl":"https:\/\/www.silentblocks.com\/wp-content\/uploads\/2023\/07\/logo211-sem-fundo_2012-PARA-BOUTIQUE-EBAY.png","width":300,"height":190,"caption":"SILENTBLOCKS"},"image":{"@id":"https:\/\/www.silentblocks.com\/de\/#\/schema\/logo\/image\/"}}]}},"_links":{"self":[{"href":"https:\/\/www.silentblocks.com\/de\/wp-json\/wp\/v2\/product\/136372","targetHints":{"allow":["GET"]}}],"collection":[{"href":"https:\/\/www.silentblocks.com\/de\/wp-json\/wp\/v2\/product"}],"about":[{"href":"https:\/\/www.silentblocks.com\/de\/wp-json\/wp\/v2\/types\/product"}],"version-history":[{"count":1,"href":"https:\/\/www.silentblocks.com\/de\/wp-json\/wp\/v2\/product\/136372\/revisions"}],"predecessor-version":[{"id":136376,"href":"https:\/\/www.silentblocks.com\/de\/wp-json\/wp\/v2\/product\/136372\/revisions\/136376"}],"wp:featuredmedia":[{"embeddable":true,"href":"https:\/\/www.silentblocks.com\/de\/wp-json\/wp\/v2\/media\/136370"}],"wp:attachment":[{"href":"https:\/\/www.silentblocks.com\/de\/wp-json\/wp\/v2\/media?parent=136372"}],"wp:term":[{"taxonomy":"product_brand","embeddable":true,"href":"https:\/\/www.silentblocks.com\/de\/wp-json\/wp\/v2\/product_brand?post=136372"},{"taxonomy":"product_cat","embeddable":true,"href":"https:\/\/www.silentblocks.com\/de\/wp-json\/wp\/v2\/product_cat?post=136372"},{"taxonomy":"product_tag","embeddable":true,"href":"https:\/\/www.silentblocks.com\/de\/wp-json\/wp\/v2\/product_tag?post=136372"}],"curies":[{"name":"wp","href":"https:\/\/api.w.org\/{rel}","templated":true}]}}