{"id":137366,"date":"2026-04-15T17:19:25","date_gmt":"2026-04-15T17:19:25","guid":{"rendered":"https:\/\/www.silentblocks.com\/product\/buchsen-und-axiallagersatz-fuer-vordere-querlenker-pajero-i\/"},"modified":"2026-04-15T17:19:25","modified_gmt":"2026-04-15T17:19:25","slug":"buchsen-und-axiallagersatz-fuer-vordere-querlenker-pajero-i","status":"publish","type":"product","link":"https:\/\/www.silentblocks.com\/de\/produkt\/buchsen-und-axiallagersatz-fuer-vordere-querlenker-pajero-i\/","title":{"rendered":"Buchsen- und Axiallagersatz f\u00fcr vordere Querlenker, Pajero I"},"content":{"rendered":"<p>Satz mit 8 Buchsen und 4 Lagern f\u00fcr den vorderen Querlenker, passend f\u00fcr die folgenden Fahrzeuge:<br \/>\nMitsubishi Pajero I (12.1982-12.1991)<\/p>\n<p>Referenzen des Herstellers (OEM-Code) als Hinweis :<br \/>\nMB109684, MB109662, MB241155, MB633830, MB109688, MB185978, 4055A021<\/p>\n<p>Neue Teile, die mit Rechnung verkauft werden. Alle unsere Produkte haben eine Garantie von 2 Jahren.<\/p>\n","protected":false},"excerpt":{"rendered":"<p>Satz mit 8 Buchsen und 4 Lagern f\u00fcr den vorderen Querlenker, passend f\u00fcr die folgenden Fahrzeuge: Mitsubishi Pajero I (12.1982-12.1991) Referenzen des Herstellers (OEM-Code) als Hinweis : MB109684, MB109662, MB241155, MB633830, MB109688, MB185978, 4055A021 Neue Teile, die mit Rechnung verkauft werden. Alle unsere Produkte haben eine Garantie von 2 Jahren.<\/p>\n","protected":false},"featured_media":137365,"template":"","meta":[],"product_brand":[],"product_cat":[3127],"product_tag":[],"class_list":{"0":"post-137366","1":"product","2":"type-product","3":"status-publish","4":"has-post-thumbnail","6":"product_cat-pajero-i-de","8":"first","9":"instock","10":"shipping-taxable","11":"purchasable","12":"product-type-simple"},"yoast_head":"<!-- This site is optimized with the Yoast SEO Premium plugin v23.0 (Yoast SEO v27.4) - https:\/\/yoast.com\/product\/yoast-seo-premium-wordpress\/ -->\n<title>Buchsen- und Axiallagersatz f\u00fcr vordere Querlenker, Pajero I - SILENT BLOCKS<\/title>\n<meta name=\"description\" content=\"Buchsen und Axiallager der vorderen Querlenker f\u00fcr Mitsubishi Pajero I, kompatibel mit oem MB109684, MB109662, MB241155, MB633830, MB109688, MB185978\" \/>\n<meta name=\"robots\" content=\"index, follow, max-snippet:-1, max-image-preview:large, max-video-preview:-1\" \/>\n<link rel=\"canonical\" href=\"https:\/\/www.silentblocks.com\/de\/produkt\/buchsen-und-axiallagersatz-fuer-vordere-querlenker-pajero-i\/\" \/>\n<meta property=\"og:locale\" content=\"de_DE\" \/>\n<meta property=\"og:type\" content=\"article\" \/>\n<meta property=\"og:title\" content=\"Buchsen- und Axiallagersatz f\u00fcr vordere Querlenker, Pajero I\" \/>\n<meta property=\"og:description\" content=\"Buchsen und Axiallager der vorderen Querlenker f\u00fcr Mitsubishi Pajero I, kompatibel mit oem MB109684, MB109662, MB241155, MB633830, MB109688, MB185978\" \/>\n<meta property=\"og:url\" content=\"https:\/\/www.silentblocks.com\/de\/produkt\/buchsen-und-axiallagersatz-fuer-vordere-querlenker-pajero-i\/\" \/>\n<meta property=\"og:site_name\" content=\"SILENT BLOCKS\" \/>\n<meta property=\"og:image\" content=\"https:\/\/www.silentblocks.com\/wp-content\/uploads\/2026\/04\/4055A021-MB185978-silentblocs-bras-avant-pajero-I-butees.jpg\" \/>\n\t<meta property=\"og:image:width\" content=\"1024\" \/>\n\t<meta property=\"og:image:height\" content=\"1024\" \/>\n\t<meta property=\"og:image:type\" content=\"image\/jpeg\" \/>\n<meta name=\"twitter:card\" content=\"summary_large_image\" \/>\n<script type=\"application\/ld+json\" class=\"yoast-schema-graph\">{\"@context\":\"https:\\\/\\\/schema.org\",\"@graph\":[{\"@type\":\"WebPage\",\"@id\":\"https:\\\/\\\/www.silentblocks.com\\\/de\\\/produkt\\\/buchsen-und-axiallagersatz-fuer-vordere-querlenker-pajero-i\\\/\",\"url\":\"https:\\\/\\\/www.silentblocks.com\\\/de\\\/produkt\\\/buchsen-und-axiallagersatz-fuer-vordere-querlenker-pajero-i\\\/\",\"name\":\"Buchsen- und Axiallagersatz f\u00fcr vordere Querlenker, Pajero I - SILENT BLOCKS\",\"isPartOf\":{\"@id\":\"https:\\\/\\\/www.silentblocks.com\\\/de\\\/#website\"},\"primaryImageOfPage\":{\"@id\":\"https:\\\/\\\/www.silentblocks.com\\\/de\\\/produkt\\\/buchsen-und-axiallagersatz-fuer-vordere-querlenker-pajero-i\\\/#primaryimage\"},\"image\":{\"@id\":\"https:\\\/\\\/www.silentblocks.com\\\/de\\\/produkt\\\/buchsen-und-axiallagersatz-fuer-vordere-querlenker-pajero-i\\\/#primaryimage\"},\"thumbnailUrl\":\"https:\\\/\\\/www.silentblocks.com\\\/wp-content\\\/uploads\\\/2026\\\/04\\\/4055A021-MB185978-silentblocs-bras-avant-pajero-I-butees.jpg\",\"datePublished\":\"2026-04-15T17:19:25+00:00\",\"description\":\"Buchsen und Axiallager der vorderen Querlenker f\u00fcr Mitsubishi Pajero I, kompatibel mit oem MB109684, MB109662, MB241155, MB633830, MB109688, MB185978\",\"breadcrumb\":{\"@id\":\"https:\\\/\\\/www.silentblocks.com\\\/de\\\/produkt\\\/buchsen-und-axiallagersatz-fuer-vordere-querlenker-pajero-i\\\/#breadcrumb\"},\"inLanguage\":\"de\",\"potentialAction\":[{\"@type\":\"ReadAction\",\"target\":[\"https:\\\/\\\/www.silentblocks.com\\\/de\\\/produkt\\\/buchsen-und-axiallagersatz-fuer-vordere-querlenker-pajero-i\\\/\"]}]},{\"@type\":\"ImageObject\",\"inLanguage\":\"de\",\"@id\":\"https:\\\/\\\/www.silentblocks.com\\\/de\\\/produkt\\\/buchsen-und-axiallagersatz-fuer-vordere-querlenker-pajero-i\\\/#primaryimage\",\"url\":\"https:\\\/\\\/www.silentblocks.com\\\/wp-content\\\/uploads\\\/2026\\\/04\\\/4055A021-MB185978-silentblocs-bras-avant-pajero-I-butees.jpg\",\"contentUrl\":\"https:\\\/\\\/www.silentblocks.com\\\/wp-content\\\/uploads\\\/2026\\\/04\\\/4055A021-MB185978-silentblocs-bras-avant-pajero-I-butees.jpg\",\"width\":1024,\"height\":1024},{\"@type\":\"BreadcrumbList\",\"@id\":\"https:\\\/\\\/www.silentblocks.com\\\/de\\\/produkt\\\/buchsen-und-axiallagersatz-fuer-vordere-querlenker-pajero-i\\\/#breadcrumb\",\"itemListElement\":[{\"@type\":\"ListItem\",\"position\":1,\"name\":\"In\u00edcio\",\"item\":\"https:\\\/\\\/www.silentblocks.com\\\/de\\\/\"},{\"@type\":\"ListItem\",\"position\":2,\"name\":\"Page boutique\",\"item\":\"https:\\\/\\\/www.silentblocks.com\\\/shop-2\\\/\"},{\"@type\":\"ListItem\",\"position\":3,\"name\":\"Buchsen- und Axiallagersatz f\u00fcr vordere Querlenker, Pajero I\"}]},{\"@type\":\"WebSite\",\"@id\":\"https:\\\/\\\/www.silentblocks.com\\\/de\\\/#website\",\"url\":\"https:\\\/\\\/www.silentblocks.com\\\/de\\\/\",\"name\":\"SILENTBLOCKS\",\"description\":\"Secure on the road\",\"publisher\":{\"@id\":\"https:\\\/\\\/www.silentblocks.com\\\/de\\\/#organization\"},\"potentialAction\":[{\"@type\":\"SearchAction\",\"target\":{\"@type\":\"EntryPoint\",\"urlTemplate\":\"https:\\\/\\\/www.silentblocks.com\\\/de\\\/?s={search_term_string}\"},\"query-input\":{\"@type\":\"PropertyValueSpecification\",\"valueRequired\":true,\"valueName\":\"search_term_string\"}}],\"inLanguage\":\"de\"},{\"@type\":\"Organization\",\"@id\":\"https:\\\/\\\/www.silentblocks.com\\\/de\\\/#organization\",\"name\":\"SILENTBLOCKS\",\"url\":\"https:\\\/\\\/www.silentblocks.com\\\/de\\\/\",\"logo\":{\"@type\":\"ImageObject\",\"inLanguage\":\"de\",\"@id\":\"https:\\\/\\\/www.silentblocks.com\\\/de\\\/#\\\/schema\\\/logo\\\/image\\\/\",\"url\":\"https:\\\/\\\/www.silentblocks.com\\\/wp-content\\\/uploads\\\/2023\\\/07\\\/logo211-sem-fundo_2012-PARA-BOUTIQUE-EBAY.png\",\"contentUrl\":\"https:\\\/\\\/www.silentblocks.com\\\/wp-content\\\/uploads\\\/2023\\\/07\\\/logo211-sem-fundo_2012-PARA-BOUTIQUE-EBAY.png\",\"width\":300,\"height\":190,\"caption\":\"SILENTBLOCKS\"},\"image\":{\"@id\":\"https:\\\/\\\/www.silentblocks.com\\\/de\\\/#\\\/schema\\\/logo\\\/image\\\/\"}}]}<\/script>\n<!-- \/ Yoast SEO Premium plugin. -->","yoast_head_json":{"title":"Buchsen- und Axiallagersatz f\u00fcr vordere Querlenker, Pajero I - SILENT BLOCKS","description":"Buchsen und Axiallager der vorderen Querlenker f\u00fcr Mitsubishi Pajero I, kompatibel mit oem MB109684, MB109662, MB241155, MB633830, MB109688, MB185978","robots":{"index":"index","follow":"follow","max-snippet":"max-snippet:-1","max-image-preview":"max-image-preview:large","max-video-preview":"max-video-preview:-1"},"canonical":"https:\/\/www.silentblocks.com\/de\/produkt\/buchsen-und-axiallagersatz-fuer-vordere-querlenker-pajero-i\/","og_locale":"de_DE","og_type":"article","og_title":"Buchsen- und Axiallagersatz f\u00fcr vordere Querlenker, Pajero I","og_description":"Buchsen und Axiallager der vorderen Querlenker f\u00fcr Mitsubishi Pajero I, kompatibel mit oem MB109684, MB109662, MB241155, MB633830, MB109688, MB185978","og_url":"https:\/\/www.silentblocks.com\/de\/produkt\/buchsen-und-axiallagersatz-fuer-vordere-querlenker-pajero-i\/","og_site_name":"SILENT BLOCKS","og_image":[{"width":1024,"height":1024,"url":"https:\/\/www.silentblocks.com\/wp-content\/uploads\/2026\/04\/4055A021-MB185978-silentblocs-bras-avant-pajero-I-butees.jpg","type":"image\/jpeg"}],"twitter_card":"summary_large_image","schema":{"@context":"https:\/\/schema.org","@graph":[{"@type":"WebPage","@id":"https:\/\/www.silentblocks.com\/de\/produkt\/buchsen-und-axiallagersatz-fuer-vordere-querlenker-pajero-i\/","url":"https:\/\/www.silentblocks.com\/de\/produkt\/buchsen-und-axiallagersatz-fuer-vordere-querlenker-pajero-i\/","name":"Buchsen- und Axiallagersatz f\u00fcr vordere Querlenker, Pajero I - SILENT BLOCKS","isPartOf":{"@id":"https:\/\/www.silentblocks.com\/de\/#website"},"primaryImageOfPage":{"@id":"https:\/\/www.silentblocks.com\/de\/produkt\/buchsen-und-axiallagersatz-fuer-vordere-querlenker-pajero-i\/#primaryimage"},"image":{"@id":"https:\/\/www.silentblocks.com\/de\/produkt\/buchsen-und-axiallagersatz-fuer-vordere-querlenker-pajero-i\/#primaryimage"},"thumbnailUrl":"https:\/\/www.silentblocks.com\/wp-content\/uploads\/2026\/04\/4055A021-MB185978-silentblocs-bras-avant-pajero-I-butees.jpg","datePublished":"2026-04-15T17:19:25+00:00","description":"Buchsen und Axiallager der vorderen Querlenker f\u00fcr Mitsubishi Pajero I, kompatibel mit oem MB109684, MB109662, MB241155, MB633830, MB109688, MB185978","breadcrumb":{"@id":"https:\/\/www.silentblocks.com\/de\/produkt\/buchsen-und-axiallagersatz-fuer-vordere-querlenker-pajero-i\/#breadcrumb"},"inLanguage":"de","potentialAction":[{"@type":"ReadAction","target":["https:\/\/www.silentblocks.com\/de\/produkt\/buchsen-und-axiallagersatz-fuer-vordere-querlenker-pajero-i\/"]}]},{"@type":"ImageObject","inLanguage":"de","@id":"https:\/\/www.silentblocks.com\/de\/produkt\/buchsen-und-axiallagersatz-fuer-vordere-querlenker-pajero-i\/#primaryimage","url":"https:\/\/www.silentblocks.com\/wp-content\/uploads\/2026\/04\/4055A021-MB185978-silentblocs-bras-avant-pajero-I-butees.jpg","contentUrl":"https:\/\/www.silentblocks.com\/wp-content\/uploads\/2026\/04\/4055A021-MB185978-silentblocs-bras-avant-pajero-I-butees.jpg","width":1024,"height":1024},{"@type":"BreadcrumbList","@id":"https:\/\/www.silentblocks.com\/de\/produkt\/buchsen-und-axiallagersatz-fuer-vordere-querlenker-pajero-i\/#breadcrumb","itemListElement":[{"@type":"ListItem","position":1,"name":"In\u00edcio","item":"https:\/\/www.silentblocks.com\/de\/"},{"@type":"ListItem","position":2,"name":"Page boutique","item":"https:\/\/www.silentblocks.com\/shop-2\/"},{"@type":"ListItem","position":3,"name":"Buchsen- und Axiallagersatz f\u00fcr vordere Querlenker, Pajero I"}]},{"@type":"WebSite","@id":"https:\/\/www.silentblocks.com\/de\/#website","url":"https:\/\/www.silentblocks.com\/de\/","name":"SILENTBLOCKS","description":"Secure on the road","publisher":{"@id":"https:\/\/www.silentblocks.com\/de\/#organization"},"potentialAction":[{"@type":"SearchAction","target":{"@type":"EntryPoint","urlTemplate":"https:\/\/www.silentblocks.com\/de\/?s={search_term_string}"},"query-input":{"@type":"PropertyValueSpecification","valueRequired":true,"valueName":"search_term_string"}}],"inLanguage":"de"},{"@type":"Organization","@id":"https:\/\/www.silentblocks.com\/de\/#organization","name":"SILENTBLOCKS","url":"https:\/\/www.silentblocks.com\/de\/","logo":{"@type":"ImageObject","inLanguage":"de","@id":"https:\/\/www.silentblocks.com\/de\/#\/schema\/logo\/image\/","url":"https:\/\/www.silentblocks.com\/wp-content\/uploads\/2023\/07\/logo211-sem-fundo_2012-PARA-BOUTIQUE-EBAY.png","contentUrl":"https:\/\/www.silentblocks.com\/wp-content\/uploads\/2023\/07\/logo211-sem-fundo_2012-PARA-BOUTIQUE-EBAY.png","width":300,"height":190,"caption":"SILENTBLOCKS"},"image":{"@id":"https:\/\/www.silentblocks.com\/de\/#\/schema\/logo\/image\/"}}]}},"_links":{"self":[{"href":"https:\/\/www.silentblocks.com\/de\/wp-json\/wp\/v2\/product\/137366","targetHints":{"allow":["GET"]}}],"collection":[{"href":"https:\/\/www.silentblocks.com\/de\/wp-json\/wp\/v2\/product"}],"about":[{"href":"https:\/\/www.silentblocks.com\/de\/wp-json\/wp\/v2\/types\/product"}],"version-history":[{"count":0,"href":"https:\/\/www.silentblocks.com\/de\/wp-json\/wp\/v2\/product\/137366\/revisions"}],"wp:featuredmedia":[{"embeddable":true,"href":"https:\/\/www.silentblocks.com\/de\/wp-json\/wp\/v2\/media\/137365"}],"wp:attachment":[{"href":"https:\/\/www.silentblocks.com\/de\/wp-json\/wp\/v2\/media?parent=137366"}],"wp:term":[{"taxonomy":"product_brand","embeddable":true,"href":"https:\/\/www.silentblocks.com\/de\/wp-json\/wp\/v2\/product_brand?post=137366"},{"taxonomy":"product_cat","embeddable":true,"href":"https:\/\/www.silentblocks.com\/de\/wp-json\/wp\/v2\/product_cat?post=137366"},{"taxonomy":"product_tag","embeddable":true,"href":"https:\/\/www.silentblocks.com\/de\/wp-json\/wp\/v2\/product_tag?post=137366"}],"curies":[{"name":"wp","href":"https:\/\/api.w.org\/{rel}","templated":true}]}}