{"id":137391,"date":"2026-04-15T18:48:35","date_gmt":"2026-04-15T18:48:35","guid":{"rendered":"https:\/\/www.silentblocks.com\/product\/anschlaege-der-hinteren-federn-grand-cherokee-ii\/"},"modified":"2026-04-15T18:48:35","modified_gmt":"2026-04-15T18:48:35","slug":"anschlaege-der-hinteren-federn-grand-cherokee-ii","status":"publish","type":"product","link":"https:\/\/www.silentblocks.com\/de\/produkt\/anschlaege-der-hinteren-federn-grand-cherokee-ii\/","title":{"rendered":"Anschl\u00e4ge der hinteren Federn, Grand Cherokee II"},"content":{"rendered":"<p>Anschl\u00e4ge der hinteren Federn, passend f\u00fcr die folgenden Fahrzeuge:<br \/>\nJeep Grand Cherokee II (WJ, WG) 04.1999-09.2005<\/p>\n<p>H\u00f6he: 102mm<br \/>\nDurchmesser: 55mm<\/p>\n<p>Referenzen des Herstellers (OEM-Code) als Hinweis :<br \/>\n52088352, 52088352AB<\/p>\n<p>Neue Teile, die mit Rechnung verkauft werden. Alle unsere Produkte haben eine Garantie von 2 Jahren.<\/p>\n","protected":false},"excerpt":{"rendered":"<p>Anschl\u00e4ge der hinteren Federn, passend f\u00fcr die folgenden Fahrzeuge: Jeep Grand Cherokee II (WJ, WG) 04.1999-09.2005 H\u00f6he: 102mm Durchmesser: 55mm Referenzen des Herstellers (OEM-Code) als Hinweis : 52088352, 52088352AB Neue Teile, die mit Rechnung verkauft werden. Alle unsere Produkte haben eine Garantie von 2 Jahren.<\/p>\n","protected":false},"featured_media":137389,"template":"","meta":[],"product_brand":[],"product_cat":[5426],"product_tag":[],"class_list":{"0":"post-137391","1":"product","2":"type-product","3":"status-publish","4":"has-post-thumbnail","6":"product_cat-grand-cherokee-ii-1999-2005-de","8":"first","9":"instock","10":"shipping-taxable","11":"purchasable","12":"product-type-simple"},"yoast_head":"<!-- This site is optimized with the Yoast SEO Premium plugin v23.0 (Yoast SEO v27.4) - https:\/\/yoast.com\/product\/yoast-seo-premium-wordpress\/ -->\n<title>Anschl\u00e4ge der hinteren Federn, Grand Cherokee II - SILENT BLOCKS<\/title>\n<meta name=\"description\" content=\"Polyurethan-Anschlag f\u00fcr hintere Federn f\u00fcr Jeep Grand Cherokee II, kompatibel mit oem 52088352, 52088352AB\" \/>\n<meta name=\"robots\" content=\"index, follow, max-snippet:-1, max-image-preview:large, max-video-preview:-1\" \/>\n<link rel=\"canonical\" href=\"https:\/\/www.silentblocks.com\/de\/produkt\/anschlaege-der-hinteren-federn-grand-cherokee-ii\/\" \/>\n<meta property=\"og:locale\" content=\"de_DE\" \/>\n<meta property=\"og:type\" content=\"article\" \/>\n<meta property=\"og:title\" content=\"Anschl\u00e4ge der hinteren Federn, Grand Cherokee II\" \/>\n<meta property=\"og:description\" content=\"Polyurethan-Anschlag f\u00fcr hintere Federn f\u00fcr Jeep Grand Cherokee II, kompatibel mit oem 52088352, 52088352AB\" \/>\n<meta property=\"og:url\" content=\"https:\/\/www.silentblocks.com\/de\/produkt\/anschlaege-der-hinteren-federn-grand-cherokee-ii\/\" \/>\n<meta property=\"og:site_name\" content=\"SILENT BLOCKS\" \/>\n<meta property=\"og:image\" content=\"https:\/\/www.silentblocks.com\/wp-content\/uploads\/2026\/04\/butees-ressort-arriere-Grand-Cherokee-II-WJ-WG.jpg\" \/>\n\t<meta property=\"og:image:width\" content=\"1500\" \/>\n\t<meta property=\"og:image:height\" content=\"1500\" \/>\n\t<meta property=\"og:image:type\" content=\"image\/jpeg\" \/>\n<meta name=\"twitter:card\" content=\"summary_large_image\" \/>\n<script type=\"application\/ld+json\" class=\"yoast-schema-graph\">{\"@context\":\"https:\\\/\\\/schema.org\",\"@graph\":[{\"@type\":\"WebPage\",\"@id\":\"https:\\\/\\\/www.silentblocks.com\\\/de\\\/produkt\\\/anschlaege-der-hinteren-federn-grand-cherokee-ii\\\/\",\"url\":\"https:\\\/\\\/www.silentblocks.com\\\/de\\\/produkt\\\/anschlaege-der-hinteren-federn-grand-cherokee-ii\\\/\",\"name\":\"Anschl\u00e4ge der hinteren Federn, Grand Cherokee II - SILENT BLOCKS\",\"isPartOf\":{\"@id\":\"https:\\\/\\\/www.silentblocks.com\\\/de\\\/#website\"},\"primaryImageOfPage\":{\"@id\":\"https:\\\/\\\/www.silentblocks.com\\\/de\\\/produkt\\\/anschlaege-der-hinteren-federn-grand-cherokee-ii\\\/#primaryimage\"},\"image\":{\"@id\":\"https:\\\/\\\/www.silentblocks.com\\\/de\\\/produkt\\\/anschlaege-der-hinteren-federn-grand-cherokee-ii\\\/#primaryimage\"},\"thumbnailUrl\":\"https:\\\/\\\/www.silentblocks.com\\\/wp-content\\\/uploads\\\/2026\\\/04\\\/butees-ressort-arriere-Grand-Cherokee-II-WJ-WG.jpg\",\"datePublished\":\"2026-04-15T18:48:35+00:00\",\"description\":\"Polyurethan-Anschlag f\u00fcr hintere Federn f\u00fcr Jeep Grand Cherokee II, kompatibel mit oem 52088352, 52088352AB\",\"breadcrumb\":{\"@id\":\"https:\\\/\\\/www.silentblocks.com\\\/de\\\/produkt\\\/anschlaege-der-hinteren-federn-grand-cherokee-ii\\\/#breadcrumb\"},\"inLanguage\":\"de\",\"potentialAction\":[{\"@type\":\"ReadAction\",\"target\":[\"https:\\\/\\\/www.silentblocks.com\\\/de\\\/produkt\\\/anschlaege-der-hinteren-federn-grand-cherokee-ii\\\/\"]}]},{\"@type\":\"ImageObject\",\"inLanguage\":\"de\",\"@id\":\"https:\\\/\\\/www.silentblocks.com\\\/de\\\/produkt\\\/anschlaege-der-hinteren-federn-grand-cherokee-ii\\\/#primaryimage\",\"url\":\"https:\\\/\\\/www.silentblocks.com\\\/wp-content\\\/uploads\\\/2026\\\/04\\\/butees-ressort-arriere-Grand-Cherokee-II-WJ-WG.jpg\",\"contentUrl\":\"https:\\\/\\\/www.silentblocks.com\\\/wp-content\\\/uploads\\\/2026\\\/04\\\/butees-ressort-arriere-Grand-Cherokee-II-WJ-WG.jpg\",\"width\":1500,\"height\":1500},{\"@type\":\"BreadcrumbList\",\"@id\":\"https:\\\/\\\/www.silentblocks.com\\\/de\\\/produkt\\\/anschlaege-der-hinteren-federn-grand-cherokee-ii\\\/#breadcrumb\",\"itemListElement\":[{\"@type\":\"ListItem\",\"position\":1,\"name\":\"In\u00edcio\",\"item\":\"https:\\\/\\\/www.silentblocks.com\\\/de\\\/\"},{\"@type\":\"ListItem\",\"position\":2,\"name\":\"Page boutique\",\"item\":\"https:\\\/\\\/www.silentblocks.com\\\/shop-2\\\/\"},{\"@type\":\"ListItem\",\"position\":3,\"name\":\"Anschl\u00e4ge der hinteren Federn, Grand Cherokee II\"}]},{\"@type\":\"WebSite\",\"@id\":\"https:\\\/\\\/www.silentblocks.com\\\/de\\\/#website\",\"url\":\"https:\\\/\\\/www.silentblocks.com\\\/de\\\/\",\"name\":\"SILENTBLOCKS\",\"description\":\"Secure on the road\",\"publisher\":{\"@id\":\"https:\\\/\\\/www.silentblocks.com\\\/de\\\/#organization\"},\"potentialAction\":[{\"@type\":\"SearchAction\",\"target\":{\"@type\":\"EntryPoint\",\"urlTemplate\":\"https:\\\/\\\/www.silentblocks.com\\\/de\\\/?s={search_term_string}\"},\"query-input\":{\"@type\":\"PropertyValueSpecification\",\"valueRequired\":true,\"valueName\":\"search_term_string\"}}],\"inLanguage\":\"de\"},{\"@type\":\"Organization\",\"@id\":\"https:\\\/\\\/www.silentblocks.com\\\/de\\\/#organization\",\"name\":\"SILENTBLOCKS\",\"url\":\"https:\\\/\\\/www.silentblocks.com\\\/de\\\/\",\"logo\":{\"@type\":\"ImageObject\",\"inLanguage\":\"de\",\"@id\":\"https:\\\/\\\/www.silentblocks.com\\\/de\\\/#\\\/schema\\\/logo\\\/image\\\/\",\"url\":\"https:\\\/\\\/www.silentblocks.com\\\/wp-content\\\/uploads\\\/2023\\\/07\\\/logo211-sem-fundo_2012-PARA-BOUTIQUE-EBAY.png\",\"contentUrl\":\"https:\\\/\\\/www.silentblocks.com\\\/wp-content\\\/uploads\\\/2023\\\/07\\\/logo211-sem-fundo_2012-PARA-BOUTIQUE-EBAY.png\",\"width\":300,\"height\":190,\"caption\":\"SILENTBLOCKS\"},\"image\":{\"@id\":\"https:\\\/\\\/www.silentblocks.com\\\/de\\\/#\\\/schema\\\/logo\\\/image\\\/\"}}]}<\/script>\n<!-- \/ Yoast SEO Premium plugin. -->","yoast_head_json":{"title":"Anschl\u00e4ge der hinteren Federn, Grand Cherokee II - SILENT BLOCKS","description":"Polyurethan-Anschlag f\u00fcr hintere Federn f\u00fcr Jeep Grand Cherokee II, kompatibel mit oem 52088352, 52088352AB","robots":{"index":"index","follow":"follow","max-snippet":"max-snippet:-1","max-image-preview":"max-image-preview:large","max-video-preview":"max-video-preview:-1"},"canonical":"https:\/\/www.silentblocks.com\/de\/produkt\/anschlaege-der-hinteren-federn-grand-cherokee-ii\/","og_locale":"de_DE","og_type":"article","og_title":"Anschl\u00e4ge der hinteren Federn, Grand Cherokee II","og_description":"Polyurethan-Anschlag f\u00fcr hintere Federn f\u00fcr Jeep Grand Cherokee II, kompatibel mit oem 52088352, 52088352AB","og_url":"https:\/\/www.silentblocks.com\/de\/produkt\/anschlaege-der-hinteren-federn-grand-cherokee-ii\/","og_site_name":"SILENT BLOCKS","og_image":[{"width":1500,"height":1500,"url":"https:\/\/www.silentblocks.com\/wp-content\/uploads\/2026\/04\/butees-ressort-arriere-Grand-Cherokee-II-WJ-WG.jpg","type":"image\/jpeg"}],"twitter_card":"summary_large_image","schema":{"@context":"https:\/\/schema.org","@graph":[{"@type":"WebPage","@id":"https:\/\/www.silentblocks.com\/de\/produkt\/anschlaege-der-hinteren-federn-grand-cherokee-ii\/","url":"https:\/\/www.silentblocks.com\/de\/produkt\/anschlaege-der-hinteren-federn-grand-cherokee-ii\/","name":"Anschl\u00e4ge der hinteren Federn, Grand Cherokee II - SILENT BLOCKS","isPartOf":{"@id":"https:\/\/www.silentblocks.com\/de\/#website"},"primaryImageOfPage":{"@id":"https:\/\/www.silentblocks.com\/de\/produkt\/anschlaege-der-hinteren-federn-grand-cherokee-ii\/#primaryimage"},"image":{"@id":"https:\/\/www.silentblocks.com\/de\/produkt\/anschlaege-der-hinteren-federn-grand-cherokee-ii\/#primaryimage"},"thumbnailUrl":"https:\/\/www.silentblocks.com\/wp-content\/uploads\/2026\/04\/butees-ressort-arriere-Grand-Cherokee-II-WJ-WG.jpg","datePublished":"2026-04-15T18:48:35+00:00","description":"Polyurethan-Anschlag f\u00fcr hintere Federn f\u00fcr Jeep Grand Cherokee II, kompatibel mit oem 52088352, 52088352AB","breadcrumb":{"@id":"https:\/\/www.silentblocks.com\/de\/produkt\/anschlaege-der-hinteren-federn-grand-cherokee-ii\/#breadcrumb"},"inLanguage":"de","potentialAction":[{"@type":"ReadAction","target":["https:\/\/www.silentblocks.com\/de\/produkt\/anschlaege-der-hinteren-federn-grand-cherokee-ii\/"]}]},{"@type":"ImageObject","inLanguage":"de","@id":"https:\/\/www.silentblocks.com\/de\/produkt\/anschlaege-der-hinteren-federn-grand-cherokee-ii\/#primaryimage","url":"https:\/\/www.silentblocks.com\/wp-content\/uploads\/2026\/04\/butees-ressort-arriere-Grand-Cherokee-II-WJ-WG.jpg","contentUrl":"https:\/\/www.silentblocks.com\/wp-content\/uploads\/2026\/04\/butees-ressort-arriere-Grand-Cherokee-II-WJ-WG.jpg","width":1500,"height":1500},{"@type":"BreadcrumbList","@id":"https:\/\/www.silentblocks.com\/de\/produkt\/anschlaege-der-hinteren-federn-grand-cherokee-ii\/#breadcrumb","itemListElement":[{"@type":"ListItem","position":1,"name":"In\u00edcio","item":"https:\/\/www.silentblocks.com\/de\/"},{"@type":"ListItem","position":2,"name":"Page boutique","item":"https:\/\/www.silentblocks.com\/shop-2\/"},{"@type":"ListItem","position":3,"name":"Anschl\u00e4ge der hinteren Federn, Grand Cherokee II"}]},{"@type":"WebSite","@id":"https:\/\/www.silentblocks.com\/de\/#website","url":"https:\/\/www.silentblocks.com\/de\/","name":"SILENTBLOCKS","description":"Secure on the road","publisher":{"@id":"https:\/\/www.silentblocks.com\/de\/#organization"},"potentialAction":[{"@type":"SearchAction","target":{"@type":"EntryPoint","urlTemplate":"https:\/\/www.silentblocks.com\/de\/?s={search_term_string}"},"query-input":{"@type":"PropertyValueSpecification","valueRequired":true,"valueName":"search_term_string"}}],"inLanguage":"de"},{"@type":"Organization","@id":"https:\/\/www.silentblocks.com\/de\/#organization","name":"SILENTBLOCKS","url":"https:\/\/www.silentblocks.com\/de\/","logo":{"@type":"ImageObject","inLanguage":"de","@id":"https:\/\/www.silentblocks.com\/de\/#\/schema\/logo\/image\/","url":"https:\/\/www.silentblocks.com\/wp-content\/uploads\/2023\/07\/logo211-sem-fundo_2012-PARA-BOUTIQUE-EBAY.png","contentUrl":"https:\/\/www.silentblocks.com\/wp-content\/uploads\/2023\/07\/logo211-sem-fundo_2012-PARA-BOUTIQUE-EBAY.png","width":300,"height":190,"caption":"SILENTBLOCKS"},"image":{"@id":"https:\/\/www.silentblocks.com\/de\/#\/schema\/logo\/image\/"}}]}},"_links":{"self":[{"href":"https:\/\/www.silentblocks.com\/de\/wp-json\/wp\/v2\/product\/137391","targetHints":{"allow":["GET"]}}],"collection":[{"href":"https:\/\/www.silentblocks.com\/de\/wp-json\/wp\/v2\/product"}],"about":[{"href":"https:\/\/www.silentblocks.com\/de\/wp-json\/wp\/v2\/types\/product"}],"version-history":[{"count":0,"href":"https:\/\/www.silentblocks.com\/de\/wp-json\/wp\/v2\/product\/137391\/revisions"}],"wp:featuredmedia":[{"embeddable":true,"href":"https:\/\/www.silentblocks.com\/de\/wp-json\/wp\/v2\/media\/137389"}],"wp:attachment":[{"href":"https:\/\/www.silentblocks.com\/de\/wp-json\/wp\/v2\/media?parent=137391"}],"wp:term":[{"taxonomy":"product_brand","embeddable":true,"href":"https:\/\/www.silentblocks.com\/de\/wp-json\/wp\/v2\/product_brand?post=137391"},{"taxonomy":"product_cat","embeddable":true,"href":"https:\/\/www.silentblocks.com\/de\/wp-json\/wp\/v2\/product_cat?post=137391"},{"taxonomy":"product_tag","embeddable":true,"href":"https:\/\/www.silentblocks.com\/de\/wp-json\/wp\/v2\/product_tag?post=137391"}],"curies":[{"name":"wp","href":"https:\/\/api.w.org\/{rel}","templated":true}]}}