{"id":137447,"date":"2026-04-17T16:21:11","date_gmt":"2026-04-17T16:21:11","guid":{"rendered":"https:\/\/www.silentblocks.com\/product\/hinterradaufhaengungssatz-mitsubishi-3000gt-nur-4x4-version\/"},"modified":"2026-04-17T16:21:11","modified_gmt":"2026-04-17T16:21:11","slug":"hinterradaufhaengungssatz-mitsubishi-3000gt-nur-4x4-version","status":"publish","type":"product","link":"https:\/\/www.silentblocks.com\/de\/produkt\/hinterradaufhaengungssatz-mitsubishi-3000gt-nur-4x4-version\/","title":{"rendered":"Hinterradaufh\u00e4ngungssatz, Mitsubishi 3000GT (nur 4&#215;4-Version)"},"content":{"rendered":"<p>Polyurethan-buchsen-Kit f\u00fcr die Hinterradaufh\u00e4ngung, passend f\u00fcr die folgenden Fahrzeuge:<br \/>\nMitsubishi 3000GT 1999 &#8211; Basis, SL, VR-4 3.0L V6<br \/>\nMitsubishi 3000GT 1998 &#8211; Basis, SL, VR-4 3.0L V6<br \/>\nMitsubishi 3000GT 1997 &#8211; Basis, SL, VR-4 3.0L V6<br \/>\nMitsubishi 3000GT 1996 &#8211; Basis, SL, Spyder SL, Spyder VR-4, VR-4 3.0L V6<br \/>\nMitsubishi 3000GT 1995 &#8211; Base, SL, Spyder SL, Spyder VR-4, VR-4 3.0L V6<br \/>\nMitsubishi 3000GT 1994 &#8211; Basis, SL, VR-4 3.0L V6<br \/>\nMitsubishi 3000GT 1993 &#8211; Basis, SL, VR-4 3.0L V6<br \/>\nMitsubishi 3000GT 1992 &#8211; Basis, SL, VR-4 3.0L V6<br \/>\nMitsubishi 3000GT 1991 &#8211; Basis, SL, VR-4 3.0L V6<\/p>\n<p>Hinweis: Nur mit 4&#215;4-Modellen kompatibel.<\/p>\n<p>Referenzen des Herstellers (OEM-Code) als Hinweis :<br \/>\n2-2A0201-90127, 40 62A 023, MB515165<\/p>\n<p>Neue Teile, die mit Rechnung verkauft werden. Alle unsere Produkte haben eine Garantie von 2 Jahren.<\/p>\n","protected":false},"excerpt":{"rendered":"<p>Polyurethan-buchsen-Kit f\u00fcr die Hinterradaufh\u00e4ngung, passend f\u00fcr die folgenden Fahrzeuge: Mitsubishi 3000GT 1999 &#8211; Basis, SL, VR-4 3.0L V6 Mitsubishi 3000GT 1998 &#8211; Basis, SL, VR-4 3.0L V6 Mitsubishi 3000GT 1997 &#8211; Basis, SL, VR-4 3.0L V6 Mitsubishi 3000GT 1996 &#8211; Basis, SL, Spyder SL, Spyder VR-4, VR-4 3.0L V6 Mitsubishi 3000GT 1995 &#8211; Base, SL, [&hellip;]<\/p>\n","protected":false},"featured_media":137445,"template":"","meta":[],"product_brand":[],"product_cat":[1873],"product_tag":[],"class_list":{"0":"post-137447","1":"product","2":"type-product","3":"status-publish","4":"has-post-thumbnail","6":"product_cat-3000-gt-de","8":"first","9":"instock","10":"shipping-taxable","11":"purchasable","12":"product-type-simple"},"yoast_head":"<!-- This site is optimized with the Yoast SEO Premium plugin v23.0 (Yoast SEO v27.4) - https:\/\/yoast.com\/product\/yoast-seo-premium-wordpress\/ -->\n<title>Hinterradaufh\u00e4ngungssatz, Mitsubishi 3000GT (nur 4x4-Version) - SILENT BLOCKS<\/title>\n<meta name=\"description\" content=\"Polyurethan-Hinterradaufh\u00e4ngung Kit f\u00fcr Mitsubishi 3000GT, kompatibel mit oem 2-2A0201-90127, 40 62A 023, MB515165\" \/>\n<meta name=\"robots\" content=\"index, follow, max-snippet:-1, max-image-preview:large, max-video-preview:-1\" \/>\n<link rel=\"canonical\" href=\"https:\/\/www.silentblocks.com\/de\/produkt\/hinterradaufhaengungssatz-mitsubishi-3000gt-nur-4x4-version\/\" \/>\n<meta property=\"og:locale\" content=\"de_DE\" \/>\n<meta property=\"og:type\" content=\"article\" \/>\n<meta property=\"og:title\" content=\"Hinterradaufh\u00e4ngungssatz, Mitsubishi 3000GT (nur 4x4-Version)\" \/>\n<meta property=\"og:description\" content=\"Polyurethan-Hinterradaufh\u00e4ngung Kit f\u00fcr Mitsubishi 3000GT, kompatibel mit oem 2-2A0201-90127, 40 62A 023, MB515165\" \/>\n<meta property=\"og:url\" content=\"https:\/\/www.silentblocks.com\/de\/produkt\/hinterradaufhaengungssatz-mitsubishi-3000gt-nur-4x4-version\/\" \/>\n<meta property=\"og:site_name\" content=\"SILENT BLOCKS\" \/>\n<meta property=\"og:image\" content=\"https:\/\/www.silentblocks.com\/wp-content\/uploads\/2026\/04\/kit-suspension-arriere-Mitsubishi-3000-GT.jpg\" \/>\n\t<meta property=\"og:image:width\" content=\"1254\" \/>\n\t<meta property=\"og:image:height\" content=\"1254\" \/>\n\t<meta property=\"og:image:type\" content=\"image\/jpeg\" \/>\n<meta name=\"twitter:card\" content=\"summary_large_image\" \/>\n<meta name=\"twitter:label1\" content=\"Gesch\u00e4tzte Lesezeit\" \/>\n\t<meta name=\"twitter:data1\" content=\"1\u00a0Minute\" \/>\n<script type=\"application\/ld+json\" class=\"yoast-schema-graph\">{\"@context\":\"https:\\\/\\\/schema.org\",\"@graph\":[{\"@type\":\"WebPage\",\"@id\":\"https:\\\/\\\/www.silentblocks.com\\\/de\\\/produkt\\\/hinterradaufhaengungssatz-mitsubishi-3000gt-nur-4x4-version\\\/\",\"url\":\"https:\\\/\\\/www.silentblocks.com\\\/de\\\/produkt\\\/hinterradaufhaengungssatz-mitsubishi-3000gt-nur-4x4-version\\\/\",\"name\":\"Hinterradaufh\u00e4ngungssatz, Mitsubishi 3000GT (nur 4x4-Version) - SILENT BLOCKS\",\"isPartOf\":{\"@id\":\"https:\\\/\\\/www.silentblocks.com\\\/de\\\/#website\"},\"primaryImageOfPage\":{\"@id\":\"https:\\\/\\\/www.silentblocks.com\\\/de\\\/produkt\\\/hinterradaufhaengungssatz-mitsubishi-3000gt-nur-4x4-version\\\/#primaryimage\"},\"image\":{\"@id\":\"https:\\\/\\\/www.silentblocks.com\\\/de\\\/produkt\\\/hinterradaufhaengungssatz-mitsubishi-3000gt-nur-4x4-version\\\/#primaryimage\"},\"thumbnailUrl\":\"https:\\\/\\\/www.silentblocks.com\\\/wp-content\\\/uploads\\\/2026\\\/04\\\/kit-suspension-arriere-Mitsubishi-3000-GT.jpg\",\"datePublished\":\"2026-04-17T16:21:11+00:00\",\"description\":\"Polyurethan-Hinterradaufh\u00e4ngung Kit f\u00fcr Mitsubishi 3000GT, kompatibel mit oem 2-2A0201-90127, 40 62A 023, MB515165\",\"breadcrumb\":{\"@id\":\"https:\\\/\\\/www.silentblocks.com\\\/de\\\/produkt\\\/hinterradaufhaengungssatz-mitsubishi-3000gt-nur-4x4-version\\\/#breadcrumb\"},\"inLanguage\":\"de\",\"potentialAction\":[{\"@type\":\"ReadAction\",\"target\":[\"https:\\\/\\\/www.silentblocks.com\\\/de\\\/produkt\\\/hinterradaufhaengungssatz-mitsubishi-3000gt-nur-4x4-version\\\/\"]}]},{\"@type\":\"ImageObject\",\"inLanguage\":\"de\",\"@id\":\"https:\\\/\\\/www.silentblocks.com\\\/de\\\/produkt\\\/hinterradaufhaengungssatz-mitsubishi-3000gt-nur-4x4-version\\\/#primaryimage\",\"url\":\"https:\\\/\\\/www.silentblocks.com\\\/wp-content\\\/uploads\\\/2026\\\/04\\\/kit-suspension-arriere-Mitsubishi-3000-GT.jpg\",\"contentUrl\":\"https:\\\/\\\/www.silentblocks.com\\\/wp-content\\\/uploads\\\/2026\\\/04\\\/kit-suspension-arriere-Mitsubishi-3000-GT.jpg\",\"width\":1254,\"height\":1254},{\"@type\":\"BreadcrumbList\",\"@id\":\"https:\\\/\\\/www.silentblocks.com\\\/de\\\/produkt\\\/hinterradaufhaengungssatz-mitsubishi-3000gt-nur-4x4-version\\\/#breadcrumb\",\"itemListElement\":[{\"@type\":\"ListItem\",\"position\":1,\"name\":\"In\u00edcio\",\"item\":\"https:\\\/\\\/www.silentblocks.com\\\/de\\\/\"},{\"@type\":\"ListItem\",\"position\":2,\"name\":\"Page boutique\",\"item\":\"https:\\\/\\\/www.silentblocks.com\\\/shop-2\\\/\"},{\"@type\":\"ListItem\",\"position\":3,\"name\":\"Hinterradaufh\u00e4ngungssatz, Mitsubishi 3000GT (nur 4&#215;4-Version)\"}]},{\"@type\":\"WebSite\",\"@id\":\"https:\\\/\\\/www.silentblocks.com\\\/de\\\/#website\",\"url\":\"https:\\\/\\\/www.silentblocks.com\\\/de\\\/\",\"name\":\"SILENTBLOCKS\",\"description\":\"Secure on the road\",\"publisher\":{\"@id\":\"https:\\\/\\\/www.silentblocks.com\\\/de\\\/#organization\"},\"potentialAction\":[{\"@type\":\"SearchAction\",\"target\":{\"@type\":\"EntryPoint\",\"urlTemplate\":\"https:\\\/\\\/www.silentblocks.com\\\/de\\\/?s={search_term_string}\"},\"query-input\":{\"@type\":\"PropertyValueSpecification\",\"valueRequired\":true,\"valueName\":\"search_term_string\"}}],\"inLanguage\":\"de\"},{\"@type\":\"Organization\",\"@id\":\"https:\\\/\\\/www.silentblocks.com\\\/de\\\/#organization\",\"name\":\"SILENTBLOCKS\",\"url\":\"https:\\\/\\\/www.silentblocks.com\\\/de\\\/\",\"logo\":{\"@type\":\"ImageObject\",\"inLanguage\":\"de\",\"@id\":\"https:\\\/\\\/www.silentblocks.com\\\/de\\\/#\\\/schema\\\/logo\\\/image\\\/\",\"url\":\"https:\\\/\\\/www.silentblocks.com\\\/wp-content\\\/uploads\\\/2023\\\/07\\\/logo211-sem-fundo_2012-PARA-BOUTIQUE-EBAY.png\",\"contentUrl\":\"https:\\\/\\\/www.silentblocks.com\\\/wp-content\\\/uploads\\\/2023\\\/07\\\/logo211-sem-fundo_2012-PARA-BOUTIQUE-EBAY.png\",\"width\":300,\"height\":190,\"caption\":\"SILENTBLOCKS\"},\"image\":{\"@id\":\"https:\\\/\\\/www.silentblocks.com\\\/de\\\/#\\\/schema\\\/logo\\\/image\\\/\"}}]}<\/script>\n<!-- \/ Yoast SEO Premium plugin. -->","yoast_head_json":{"title":"Hinterradaufh\u00e4ngungssatz, Mitsubishi 3000GT (nur 4x4-Version) - SILENT BLOCKS","description":"Polyurethan-Hinterradaufh\u00e4ngung Kit f\u00fcr Mitsubishi 3000GT, kompatibel mit oem 2-2A0201-90127, 40 62A 023, MB515165","robots":{"index":"index","follow":"follow","max-snippet":"max-snippet:-1","max-image-preview":"max-image-preview:large","max-video-preview":"max-video-preview:-1"},"canonical":"https:\/\/www.silentblocks.com\/de\/produkt\/hinterradaufhaengungssatz-mitsubishi-3000gt-nur-4x4-version\/","og_locale":"de_DE","og_type":"article","og_title":"Hinterradaufh\u00e4ngungssatz, Mitsubishi 3000GT (nur 4x4-Version)","og_description":"Polyurethan-Hinterradaufh\u00e4ngung Kit f\u00fcr Mitsubishi 3000GT, kompatibel mit oem 2-2A0201-90127, 40 62A 023, MB515165","og_url":"https:\/\/www.silentblocks.com\/de\/produkt\/hinterradaufhaengungssatz-mitsubishi-3000gt-nur-4x4-version\/","og_site_name":"SILENT BLOCKS","og_image":[{"width":1254,"height":1254,"url":"https:\/\/www.silentblocks.com\/wp-content\/uploads\/2026\/04\/kit-suspension-arriere-Mitsubishi-3000-GT.jpg","type":"image\/jpeg"}],"twitter_card":"summary_large_image","twitter_misc":{"Gesch\u00e4tzte Lesezeit":"1\u00a0Minute"},"schema":{"@context":"https:\/\/schema.org","@graph":[{"@type":"WebPage","@id":"https:\/\/www.silentblocks.com\/de\/produkt\/hinterradaufhaengungssatz-mitsubishi-3000gt-nur-4x4-version\/","url":"https:\/\/www.silentblocks.com\/de\/produkt\/hinterradaufhaengungssatz-mitsubishi-3000gt-nur-4x4-version\/","name":"Hinterradaufh\u00e4ngungssatz, Mitsubishi 3000GT (nur 4x4-Version) - SILENT BLOCKS","isPartOf":{"@id":"https:\/\/www.silentblocks.com\/de\/#website"},"primaryImageOfPage":{"@id":"https:\/\/www.silentblocks.com\/de\/produkt\/hinterradaufhaengungssatz-mitsubishi-3000gt-nur-4x4-version\/#primaryimage"},"image":{"@id":"https:\/\/www.silentblocks.com\/de\/produkt\/hinterradaufhaengungssatz-mitsubishi-3000gt-nur-4x4-version\/#primaryimage"},"thumbnailUrl":"https:\/\/www.silentblocks.com\/wp-content\/uploads\/2026\/04\/kit-suspension-arriere-Mitsubishi-3000-GT.jpg","datePublished":"2026-04-17T16:21:11+00:00","description":"Polyurethan-Hinterradaufh\u00e4ngung Kit f\u00fcr Mitsubishi 3000GT, kompatibel mit oem 2-2A0201-90127, 40 62A 023, MB515165","breadcrumb":{"@id":"https:\/\/www.silentblocks.com\/de\/produkt\/hinterradaufhaengungssatz-mitsubishi-3000gt-nur-4x4-version\/#breadcrumb"},"inLanguage":"de","potentialAction":[{"@type":"ReadAction","target":["https:\/\/www.silentblocks.com\/de\/produkt\/hinterradaufhaengungssatz-mitsubishi-3000gt-nur-4x4-version\/"]}]},{"@type":"ImageObject","inLanguage":"de","@id":"https:\/\/www.silentblocks.com\/de\/produkt\/hinterradaufhaengungssatz-mitsubishi-3000gt-nur-4x4-version\/#primaryimage","url":"https:\/\/www.silentblocks.com\/wp-content\/uploads\/2026\/04\/kit-suspension-arriere-Mitsubishi-3000-GT.jpg","contentUrl":"https:\/\/www.silentblocks.com\/wp-content\/uploads\/2026\/04\/kit-suspension-arriere-Mitsubishi-3000-GT.jpg","width":1254,"height":1254},{"@type":"BreadcrumbList","@id":"https:\/\/www.silentblocks.com\/de\/produkt\/hinterradaufhaengungssatz-mitsubishi-3000gt-nur-4x4-version\/#breadcrumb","itemListElement":[{"@type":"ListItem","position":1,"name":"In\u00edcio","item":"https:\/\/www.silentblocks.com\/de\/"},{"@type":"ListItem","position":2,"name":"Page boutique","item":"https:\/\/www.silentblocks.com\/shop-2\/"},{"@type":"ListItem","position":3,"name":"Hinterradaufh\u00e4ngungssatz, Mitsubishi 3000GT (nur 4&#215;4-Version)"}]},{"@type":"WebSite","@id":"https:\/\/www.silentblocks.com\/de\/#website","url":"https:\/\/www.silentblocks.com\/de\/","name":"SILENTBLOCKS","description":"Secure on the road","publisher":{"@id":"https:\/\/www.silentblocks.com\/de\/#organization"},"potentialAction":[{"@type":"SearchAction","target":{"@type":"EntryPoint","urlTemplate":"https:\/\/www.silentblocks.com\/de\/?s={search_term_string}"},"query-input":{"@type":"PropertyValueSpecification","valueRequired":true,"valueName":"search_term_string"}}],"inLanguage":"de"},{"@type":"Organization","@id":"https:\/\/www.silentblocks.com\/de\/#organization","name":"SILENTBLOCKS","url":"https:\/\/www.silentblocks.com\/de\/","logo":{"@type":"ImageObject","inLanguage":"de","@id":"https:\/\/www.silentblocks.com\/de\/#\/schema\/logo\/image\/","url":"https:\/\/www.silentblocks.com\/wp-content\/uploads\/2023\/07\/logo211-sem-fundo_2012-PARA-BOUTIQUE-EBAY.png","contentUrl":"https:\/\/www.silentblocks.com\/wp-content\/uploads\/2023\/07\/logo211-sem-fundo_2012-PARA-BOUTIQUE-EBAY.png","width":300,"height":190,"caption":"SILENTBLOCKS"},"image":{"@id":"https:\/\/www.silentblocks.com\/de\/#\/schema\/logo\/image\/"}}]}},"_links":{"self":[{"href":"https:\/\/www.silentblocks.com\/de\/wp-json\/wp\/v2\/product\/137447","targetHints":{"allow":["GET"]}}],"collection":[{"href":"https:\/\/www.silentblocks.com\/de\/wp-json\/wp\/v2\/product"}],"about":[{"href":"https:\/\/www.silentblocks.com\/de\/wp-json\/wp\/v2\/types\/product"}],"version-history":[{"count":0,"href":"https:\/\/www.silentblocks.com\/de\/wp-json\/wp\/v2\/product\/137447\/revisions"}],"wp:featuredmedia":[{"embeddable":true,"href":"https:\/\/www.silentblocks.com\/de\/wp-json\/wp\/v2\/media\/137445"}],"wp:attachment":[{"href":"https:\/\/www.silentblocks.com\/de\/wp-json\/wp\/v2\/media?parent=137447"}],"wp:term":[{"taxonomy":"product_brand","embeddable":true,"href":"https:\/\/www.silentblocks.com\/de\/wp-json\/wp\/v2\/product_brand?post=137447"},{"taxonomy":"product_cat","embeddable":true,"href":"https:\/\/www.silentblocks.com\/de\/wp-json\/wp\/v2\/product_cat?post=137447"},{"taxonomy":"product_tag","embeddable":true,"href":"https:\/\/www.silentblocks.com\/de\/wp-json\/wp\/v2\/product_tag?post=137447"}],"curies":[{"name":"wp","href":"https:\/\/api.w.org\/{rel}","templated":true}]}}