{"id":139375,"date":"2026-05-15T20:24:56","date_gmt":"2026-05-15T20:24:56","guid":{"rendered":"https:\/\/www.silentblocks.com\/product\/federteller-unten-hinterachse-bmw-serie-5-6-7-z8\/"},"modified":"2026-05-15T20:24:56","modified_gmt":"2026-05-15T20:24:56","slug":"federteller-unten-hinterachse-bmw-serie-5-6-7-z8","status":"publish","type":"product","link":"https:\/\/www.silentblocks.com\/de\/produkt\/federteller-unten-hinterachse-bmw-serie-5-6-7-z8\/","title":{"rendered":"Federteller unten hinterachse, BMW Serie 5\/6\/7, Z8"},"content":{"rendered":"<p>Abstandshalter f\u00fcr die beiden hinteren Federn, aus Polyrethan, passend f\u00fcr die folgenden Fahrzeuge:<br \/>\nBMW Serie 5 E34, E39, E60<br \/>\nBMW Serie 6 E63, E64<br \/>\nBMW Serie Serie 7 E65 E66 E67<br \/>\nBMW Z8 E52<\/p>\n<p>Herstellerreferenzen (OEM-Code) zur Orientierung :<br \/>\n33531133671<\/p>\n<p>Neue Teile, die mit Rechnung verkauft werden. Alle unsere Produkte haben eine Garantie von 2 Jahren.<\/p>\n","protected":false},"excerpt":{"rendered":"<p>Abstandshalter f\u00fcr die beiden hinteren Federn, aus Polyrethan, passend f\u00fcr die folgenden Fahrzeuge: BMW Serie 5 E34, E39, E60 BMW Serie 6 E63, E64 BMW Serie Serie 7 E65 E66 E67 BMW Z8 E52 Herstellerreferenzen (OEM-Code) zur Orientierung : 33531133671 Neue Teile, die mit Rechnung verkauft werden. Alle unsere Produkte haben eine Garantie von 2 [&hellip;]<\/p>\n","protected":false},"featured_media":139373,"template":"","meta":[],"product_brand":[],"product_cat":[1880,2367,1899,6512],"product_tag":[],"class_list":{"0":"post-139375","1":"product","2":"type-product","3":"status-publish","4":"has-post-thumbnail","6":"product_cat-serie-5-e34-de","7":"product_cat-serie-6-e63-e64-2003-2010-de","8":"product_cat-serie-7-e65-e66-2001-2008-de","9":"product_cat-z8-e52","11":"first","12":"instock","13":"shipping-taxable","14":"purchasable","15":"product-type-simple"},"yoast_head":"<!-- This site is optimized with the Yoast SEO Premium plugin v23.0 (Yoast SEO v27.6) - https:\/\/yoast.com\/product\/yoast-seo-premium-wordpress\/ -->\n<title>Federteller unten hinterachse, BMW Serie 5\/6\/7, Z8 - SILENT BLOCKS<\/title>\n<meta name=\"description\" content=\"Distanzst\u00fccke f\u00fcr hintere Federn f\u00fcr BMW Serie 5 E34, E39, E60, Serie 6 E63, E64, Serie 7 E65 E66 E67, Z8 E52, kompatibel mit oem 33531133671\" \/>\n<meta name=\"robots\" content=\"index, follow, max-snippet:-1, max-image-preview:large, max-video-preview:-1\" \/>\n<link rel=\"canonical\" href=\"https:\/\/www.silentblocks.com\/de\/produkt\/federteller-unten-hinterachse-bmw-serie-5-6-7-z8\/\" \/>\n<meta property=\"og:locale\" content=\"de_DE\" \/>\n<meta property=\"og:type\" content=\"article\" \/>\n<meta property=\"og:title\" content=\"Federteller unten hinterachse, BMW Serie 5\/6\/7, Z8\" \/>\n<meta property=\"og:description\" content=\"Distanzst\u00fccke f\u00fcr hintere Federn f\u00fcr BMW Serie 5 E34, E39, E60, Serie 6 E63, E64, Serie 7 E65 E66 E67, Z8 E52, kompatibel mit oem 33531133671\" \/>\n<meta property=\"og:url\" content=\"https:\/\/www.silentblocks.com\/de\/produkt\/federteller-unten-hinterachse-bmw-serie-5-6-7-z8\/\" \/>\n<meta property=\"og:site_name\" content=\"SILENT BLOCKS\" \/>\n<meta property=\"og:image\" content=\"https:\/\/www.silentblocks.com\/wp-content\/uploads\/2026\/05\/entretoises-caoutchouc-ressort-arriere-bmw-serie-5-E34-E39.jpg\" \/>\n\t<meta property=\"og:image:width\" content=\"1600\" \/>\n\t<meta property=\"og:image:height\" content=\"1600\" \/>\n\t<meta property=\"og:image:type\" content=\"image\/jpeg\" \/>\n<meta name=\"twitter:card\" content=\"summary_large_image\" \/>\n<script type=\"application\/ld+json\" class=\"yoast-schema-graph\">{\"@context\":\"https:\\\/\\\/schema.org\",\"@graph\":[{\"@type\":\"WebPage\",\"@id\":\"https:\\\/\\\/www.silentblocks.com\\\/de\\\/produkt\\\/federteller-unten-hinterachse-bmw-serie-5-6-7-z8\\\/\",\"url\":\"https:\\\/\\\/www.silentblocks.com\\\/de\\\/produkt\\\/federteller-unten-hinterachse-bmw-serie-5-6-7-z8\\\/\",\"name\":\"Federteller unten hinterachse, BMW Serie 5\\\/6\\\/7, Z8 - SILENT BLOCKS\",\"isPartOf\":{\"@id\":\"https:\\\/\\\/www.silentblocks.com\\\/de\\\/#website\"},\"primaryImageOfPage\":{\"@id\":\"https:\\\/\\\/www.silentblocks.com\\\/de\\\/produkt\\\/federteller-unten-hinterachse-bmw-serie-5-6-7-z8\\\/#primaryimage\"},\"image\":{\"@id\":\"https:\\\/\\\/www.silentblocks.com\\\/de\\\/produkt\\\/federteller-unten-hinterachse-bmw-serie-5-6-7-z8\\\/#primaryimage\"},\"thumbnailUrl\":\"https:\\\/\\\/www.silentblocks.com\\\/wp-content\\\/uploads\\\/2026\\\/05\\\/entretoises-caoutchouc-ressort-arriere-bmw-serie-5-E34-E39.jpg\",\"datePublished\":\"2026-05-15T20:24:56+00:00\",\"description\":\"Distanzst\u00fccke f\u00fcr hintere Federn f\u00fcr BMW Serie 5 E34, E39, E60, Serie 6 E63, E64, Serie 7 E65 E66 E67, Z8 E52, kompatibel mit oem 33531133671\",\"breadcrumb\":{\"@id\":\"https:\\\/\\\/www.silentblocks.com\\\/de\\\/produkt\\\/federteller-unten-hinterachse-bmw-serie-5-6-7-z8\\\/#breadcrumb\"},\"inLanguage\":\"de\",\"potentialAction\":[{\"@type\":\"ReadAction\",\"target\":[\"https:\\\/\\\/www.silentblocks.com\\\/de\\\/produkt\\\/federteller-unten-hinterachse-bmw-serie-5-6-7-z8\\\/\"]}]},{\"@type\":\"ImageObject\",\"inLanguage\":\"de\",\"@id\":\"https:\\\/\\\/www.silentblocks.com\\\/de\\\/produkt\\\/federteller-unten-hinterachse-bmw-serie-5-6-7-z8\\\/#primaryimage\",\"url\":\"https:\\\/\\\/www.silentblocks.com\\\/wp-content\\\/uploads\\\/2026\\\/05\\\/entretoises-caoutchouc-ressort-arriere-bmw-serie-5-E34-E39.jpg\",\"contentUrl\":\"https:\\\/\\\/www.silentblocks.com\\\/wp-content\\\/uploads\\\/2026\\\/05\\\/entretoises-caoutchouc-ressort-arriere-bmw-serie-5-E34-E39.jpg\",\"width\":1600,\"height\":1600},{\"@type\":\"BreadcrumbList\",\"@id\":\"https:\\\/\\\/www.silentblocks.com\\\/de\\\/produkt\\\/federteller-unten-hinterachse-bmw-serie-5-6-7-z8\\\/#breadcrumb\",\"itemListElement\":[{\"@type\":\"ListItem\",\"position\":1,\"name\":\"In\u00edcio\",\"item\":\"https:\\\/\\\/www.silentblocks.com\\\/de\\\/\"},{\"@type\":\"ListItem\",\"position\":2,\"name\":\"Page boutique\",\"item\":\"https:\\\/\\\/www.silentblocks.com\\\/shop-2\\\/\"},{\"@type\":\"ListItem\",\"position\":3,\"name\":\"Federteller unten hinterachse, BMW Serie 5\\\/6\\\/7, Z8\"}]},{\"@type\":\"WebSite\",\"@id\":\"https:\\\/\\\/www.silentblocks.com\\\/de\\\/#website\",\"url\":\"https:\\\/\\\/www.silentblocks.com\\\/de\\\/\",\"name\":\"SILENTBLOCKS\",\"description\":\"Secure on the road\",\"publisher\":{\"@id\":\"https:\\\/\\\/www.silentblocks.com\\\/de\\\/#organization\"},\"potentialAction\":[{\"@type\":\"SearchAction\",\"target\":{\"@type\":\"EntryPoint\",\"urlTemplate\":\"https:\\\/\\\/www.silentblocks.com\\\/de\\\/?s={search_term_string}\"},\"query-input\":{\"@type\":\"PropertyValueSpecification\",\"valueRequired\":true,\"valueName\":\"search_term_string\"}}],\"inLanguage\":\"de\"},{\"@type\":\"Organization\",\"@id\":\"https:\\\/\\\/www.silentblocks.com\\\/de\\\/#organization\",\"name\":\"SILENTBLOCKS\",\"url\":\"https:\\\/\\\/www.silentblocks.com\\\/de\\\/\",\"logo\":{\"@type\":\"ImageObject\",\"inLanguage\":\"de\",\"@id\":\"https:\\\/\\\/www.silentblocks.com\\\/de\\\/#\\\/schema\\\/logo\\\/image\\\/\",\"url\":\"https:\\\/\\\/www.silentblocks.com\\\/wp-content\\\/uploads\\\/2023\\\/07\\\/logo211-sem-fundo_2012-PARA-BOUTIQUE-EBAY.png\",\"contentUrl\":\"https:\\\/\\\/www.silentblocks.com\\\/wp-content\\\/uploads\\\/2023\\\/07\\\/logo211-sem-fundo_2012-PARA-BOUTIQUE-EBAY.png\",\"width\":300,\"height\":190,\"caption\":\"SILENTBLOCKS\"},\"image\":{\"@id\":\"https:\\\/\\\/www.silentblocks.com\\\/de\\\/#\\\/schema\\\/logo\\\/image\\\/\"}}]}<\/script>\n<!-- \/ Yoast SEO Premium plugin. -->","yoast_head_json":{"title":"Federteller unten hinterachse, BMW Serie 5\/6\/7, Z8 - SILENT BLOCKS","description":"Distanzst\u00fccke f\u00fcr hintere Federn f\u00fcr BMW Serie 5 E34, E39, E60, Serie 6 E63, E64, Serie 7 E65 E66 E67, Z8 E52, kompatibel mit oem 33531133671","robots":{"index":"index","follow":"follow","max-snippet":"max-snippet:-1","max-image-preview":"max-image-preview:large","max-video-preview":"max-video-preview:-1"},"canonical":"https:\/\/www.silentblocks.com\/de\/produkt\/federteller-unten-hinterachse-bmw-serie-5-6-7-z8\/","og_locale":"de_DE","og_type":"article","og_title":"Federteller unten hinterachse, BMW Serie 5\/6\/7, Z8","og_description":"Distanzst\u00fccke f\u00fcr hintere Federn f\u00fcr BMW Serie 5 E34, E39, E60, Serie 6 E63, E64, Serie 7 E65 E66 E67, Z8 E52, kompatibel mit oem 33531133671","og_url":"https:\/\/www.silentblocks.com\/de\/produkt\/federteller-unten-hinterachse-bmw-serie-5-6-7-z8\/","og_site_name":"SILENT BLOCKS","og_image":[{"width":1600,"height":1600,"url":"https:\/\/www.silentblocks.com\/wp-content\/uploads\/2026\/05\/entretoises-caoutchouc-ressort-arriere-bmw-serie-5-E34-E39.jpg","type":"image\/jpeg"}],"twitter_card":"summary_large_image","schema":{"@context":"https:\/\/schema.org","@graph":[{"@type":"WebPage","@id":"https:\/\/www.silentblocks.com\/de\/produkt\/federteller-unten-hinterachse-bmw-serie-5-6-7-z8\/","url":"https:\/\/www.silentblocks.com\/de\/produkt\/federteller-unten-hinterachse-bmw-serie-5-6-7-z8\/","name":"Federteller unten hinterachse, BMW Serie 5\/6\/7, Z8 - SILENT BLOCKS","isPartOf":{"@id":"https:\/\/www.silentblocks.com\/de\/#website"},"primaryImageOfPage":{"@id":"https:\/\/www.silentblocks.com\/de\/produkt\/federteller-unten-hinterachse-bmw-serie-5-6-7-z8\/#primaryimage"},"image":{"@id":"https:\/\/www.silentblocks.com\/de\/produkt\/federteller-unten-hinterachse-bmw-serie-5-6-7-z8\/#primaryimage"},"thumbnailUrl":"https:\/\/www.silentblocks.com\/wp-content\/uploads\/2026\/05\/entretoises-caoutchouc-ressort-arriere-bmw-serie-5-E34-E39.jpg","datePublished":"2026-05-15T20:24:56+00:00","description":"Distanzst\u00fccke f\u00fcr hintere Federn f\u00fcr BMW Serie 5 E34, E39, E60, Serie 6 E63, E64, Serie 7 E65 E66 E67, Z8 E52, kompatibel mit oem 33531133671","breadcrumb":{"@id":"https:\/\/www.silentblocks.com\/de\/produkt\/federteller-unten-hinterachse-bmw-serie-5-6-7-z8\/#breadcrumb"},"inLanguage":"de","potentialAction":[{"@type":"ReadAction","target":["https:\/\/www.silentblocks.com\/de\/produkt\/federteller-unten-hinterachse-bmw-serie-5-6-7-z8\/"]}]},{"@type":"ImageObject","inLanguage":"de","@id":"https:\/\/www.silentblocks.com\/de\/produkt\/federteller-unten-hinterachse-bmw-serie-5-6-7-z8\/#primaryimage","url":"https:\/\/www.silentblocks.com\/wp-content\/uploads\/2026\/05\/entretoises-caoutchouc-ressort-arriere-bmw-serie-5-E34-E39.jpg","contentUrl":"https:\/\/www.silentblocks.com\/wp-content\/uploads\/2026\/05\/entretoises-caoutchouc-ressort-arriere-bmw-serie-5-E34-E39.jpg","width":1600,"height":1600},{"@type":"BreadcrumbList","@id":"https:\/\/www.silentblocks.com\/de\/produkt\/federteller-unten-hinterachse-bmw-serie-5-6-7-z8\/#breadcrumb","itemListElement":[{"@type":"ListItem","position":1,"name":"In\u00edcio","item":"https:\/\/www.silentblocks.com\/de\/"},{"@type":"ListItem","position":2,"name":"Page boutique","item":"https:\/\/www.silentblocks.com\/shop-2\/"},{"@type":"ListItem","position":3,"name":"Federteller unten hinterachse, BMW Serie 5\/6\/7, Z8"}]},{"@type":"WebSite","@id":"https:\/\/www.silentblocks.com\/de\/#website","url":"https:\/\/www.silentblocks.com\/de\/","name":"SILENTBLOCKS","description":"Secure on the road","publisher":{"@id":"https:\/\/www.silentblocks.com\/de\/#organization"},"potentialAction":[{"@type":"SearchAction","target":{"@type":"EntryPoint","urlTemplate":"https:\/\/www.silentblocks.com\/de\/?s={search_term_string}"},"query-input":{"@type":"PropertyValueSpecification","valueRequired":true,"valueName":"search_term_string"}}],"inLanguage":"de"},{"@type":"Organization","@id":"https:\/\/www.silentblocks.com\/de\/#organization","name":"SILENTBLOCKS","url":"https:\/\/www.silentblocks.com\/de\/","logo":{"@type":"ImageObject","inLanguage":"de","@id":"https:\/\/www.silentblocks.com\/de\/#\/schema\/logo\/image\/","url":"https:\/\/www.silentblocks.com\/wp-content\/uploads\/2023\/07\/logo211-sem-fundo_2012-PARA-BOUTIQUE-EBAY.png","contentUrl":"https:\/\/www.silentblocks.com\/wp-content\/uploads\/2023\/07\/logo211-sem-fundo_2012-PARA-BOUTIQUE-EBAY.png","width":300,"height":190,"caption":"SILENTBLOCKS"},"image":{"@id":"https:\/\/www.silentblocks.com\/de\/#\/schema\/logo\/image\/"}}]}},"_links":{"self":[{"href":"https:\/\/www.silentblocks.com\/de\/wp-json\/wp\/v2\/product\/139375","targetHints":{"allow":["GET"]}}],"collection":[{"href":"https:\/\/www.silentblocks.com\/de\/wp-json\/wp\/v2\/product"}],"about":[{"href":"https:\/\/www.silentblocks.com\/de\/wp-json\/wp\/v2\/types\/product"}],"version-history":[{"count":0,"href":"https:\/\/www.silentblocks.com\/de\/wp-json\/wp\/v2\/product\/139375\/revisions"}],"wp:featuredmedia":[{"embeddable":true,"href":"https:\/\/www.silentblocks.com\/de\/wp-json\/wp\/v2\/media\/139373"}],"wp:attachment":[{"href":"https:\/\/www.silentblocks.com\/de\/wp-json\/wp\/v2\/media?parent=139375"}],"wp:term":[{"taxonomy":"product_brand","embeddable":true,"href":"https:\/\/www.silentblocks.com\/de\/wp-json\/wp\/v2\/product_brand?post=139375"},{"taxonomy":"product_cat","embeddable":true,"href":"https:\/\/www.silentblocks.com\/de\/wp-json\/wp\/v2\/product_cat?post=139375"},{"taxonomy":"product_tag","embeddable":true,"href":"https:\/\/www.silentblocks.com\/de\/wp-json\/wp\/v2\/product_tag?post=139375"}],"curies":[{"name":"wp","href":"https:\/\/api.w.org\/{rel}","templated":true}]}}