{"id":73573,"date":"2023-08-03T15:56:55","date_gmt":"2023-08-03T15:56:55","guid":{"rendered":"https:\/\/www.silentblocks.com\/product\/stosdampfer-arriere-fur-audi-q7-cayenne-touareg\/"},"modified":"2026-02-17T20:57:17","modified_gmt":"2026-02-17T20:57:17","slug":"stosdampfer-arriere-fur-audi-q7-cayenne-touareg","status":"publish","type":"product","link":"https:\/\/www.silentblocks.com\/de\/produkt\/stosdampfer-arriere-fur-audi-q7-cayenne-touareg\/","title":{"rendered":"Anschl\u00e4ge der hinteren Sto\u00dfd\u00e4mpfer f\u00fcr Audi Q7, Cayenne, Touareg"},"content":{"rendered":"<p>Anschl\u00e4ge der hinteren Sto\u00dfd\u00e4mpfer, passend f\u00fcr die folgenden Fahrzeuge:<br \/>\nPorsche Cayenne (09.2002-09.2010)<br \/>\nModelle: 955<br \/>\nMotoren: 3.2&gt;4.8<br \/>\nAudi Q7 (03.2006&gt;)<br \/>\nModelle: 4L<br \/>\nMotoren: 3.0&gt;6.0<br \/>\nVolkswagen Touareg (10.2002-05.2010)<br \/>\nModelle: 7LA, 7L6, 7L7<br \/>\nMotoren: 2.5&gt;6.0<\/p>\n<p>Herstellerreferenzen (OEM-Code) zur Orientierung :<br \/>\n7L0 512 131 B, 955 333 105 20<\/p>\n<p>Neue Teile, die mit Rechnung verkauft werden. Alle unsere Produkte haben eine Garantie von 2 Jahren.<\/p>\n","protected":false},"excerpt":{"rendered":"<p>Anschl\u00e4ge der hinteren Sto\u00dfd\u00e4mpfer, passend f\u00fcr die folgenden Fahrzeuge: Porsche Cayenne (09.2002-09.2010) Modelle: 955 Motoren: 3.2&gt;4.8 Audi Q7 (03.2006&gt;) Modelle: 4L Motoren: 3.0&gt;6.0 Volkswagen Touareg (10.2002-05.2010) Modelle: 7LA, 7L6, 7L7 Motoren: 2.5&gt;6.0 Herstellerreferenzen (OEM-Code) zur Orientierung : 7L0 512 131 B, 955 333 105 20 Neue Teile, die mit Rechnung verkauft werden. Alle unsere Produkte [&hellip;]<\/p>\n","protected":false},"featured_media":130513,"template":"","meta":[],"product_brand":[],"product_cat":[2128,1935,2221,3365,1933,2254,1934],"product_tag":[],"class_list":{"0":"post-73573","1":"product","2":"type-product","3":"status-publish","4":"has-post-thumbnail","6":"product_cat-audi-de","7":"product_cat-q7-2005-2015-de-2","8":"product_cat-porsche-de","9":"product_cat-cayenne-de","10":"product_cat-cayenne-2002-2010-de-2","11":"product_cat-vw-de","12":"product_cat-touareg-de-2","14":"first","15":"instock","16":"shipping-taxable","17":"purchasable","18":"product-type-simple"},"yoast_head":"<!-- This site is optimized with the Yoast SEO Premium plugin v23.0 (Yoast SEO v27.4) - https:\/\/yoast.com\/product\/yoast-seo-premium-wordpress\/ -->\n<title>Anschl\u00e4ge der hinteren Sto\u00dfd\u00e4mpfer f\u00fcr Audi Q7, Cayenne, Touareg - SILENT BLOCKS<\/title>\n<meta name=\"description\" content=\"Sto\u00dfd\u00e4mpferanschl\u00e4ge hinten f\u00fcr Audi Q7, Porsche Cayenne, VW Touareg, OEM-kompatibel 7L0 512 131 B, 955 333 105 20\" \/>\n<meta name=\"robots\" content=\"index, follow, max-snippet:-1, max-image-preview:large, max-video-preview:-1\" \/>\n<link rel=\"canonical\" href=\"https:\/\/www.silentblocks.com\/de\/produkt\/stosdampfer-arriere-fur-audi-q7-cayenne-touareg\/\" \/>\n<meta property=\"og:locale\" content=\"de_DE\" \/>\n<meta property=\"og:type\" content=\"article\" \/>\n<meta property=\"og:title\" content=\"Anschl\u00e4ge der hinteren Sto\u00dfd\u00e4mpfer f\u00fcr Audi Q7, Cayenne, Touareg\" \/>\n<meta property=\"og:description\" content=\"Sto\u00dfd\u00e4mpferanschl\u00e4ge hinten f\u00fcr Audi Q7, Porsche Cayenne, VW Touareg, OEM-kompatibel 7L0 512 131 B, 955 333 105 20\" \/>\n<meta property=\"og:url\" content=\"https:\/\/www.silentblocks.com\/de\/produkt\/stosdampfer-arriere-fur-audi-q7-cayenne-touareg\/\" \/>\n<meta property=\"og:site_name\" content=\"SILENT BLOCKS\" \/>\n<meta property=\"article:modified_time\" content=\"2026-02-17T20:57:17+00:00\" \/>\n<meta property=\"og:image\" content=\"https:\/\/www.silentblocks.com\/wp-content\/uploads\/2026\/02\/D1102-2.jpg\" \/>\n\t<meta property=\"og:image:width\" content=\"1000\" \/>\n\t<meta property=\"og:image:height\" content=\"1000\" \/>\n\t<meta property=\"og:image:type\" content=\"image\/jpeg\" \/>\n<meta name=\"twitter:card\" content=\"summary_large_image\" \/>\n<script type=\"application\/ld+json\" class=\"yoast-schema-graph\">{\"@context\":\"https:\\\/\\\/schema.org\",\"@graph\":[{\"@type\":\"WebPage\",\"@id\":\"https:\\\/\\\/www.silentblocks.com\\\/de\\\/produkt\\\/stosdampfer-arriere-fur-audi-q7-cayenne-touareg\\\/\",\"url\":\"https:\\\/\\\/www.silentblocks.com\\\/de\\\/produkt\\\/stosdampfer-arriere-fur-audi-q7-cayenne-touareg\\\/\",\"name\":\"Anschl\u00e4ge der hinteren Sto\u00dfd\u00e4mpfer f\u00fcr Audi Q7, Cayenne, Touareg - SILENT BLOCKS\",\"isPartOf\":{\"@id\":\"https:\\\/\\\/www.silentblocks.com\\\/de\\\/#website\"},\"primaryImageOfPage\":{\"@id\":\"https:\\\/\\\/www.silentblocks.com\\\/de\\\/produkt\\\/stosdampfer-arriere-fur-audi-q7-cayenne-touareg\\\/#primaryimage\"},\"image\":{\"@id\":\"https:\\\/\\\/www.silentblocks.com\\\/de\\\/produkt\\\/stosdampfer-arriere-fur-audi-q7-cayenne-touareg\\\/#primaryimage\"},\"thumbnailUrl\":\"https:\\\/\\\/www.silentblocks.com\\\/wp-content\\\/uploads\\\/2026\\\/02\\\/D1102-2.jpg\",\"datePublished\":\"2023-08-03T15:56:55+00:00\",\"dateModified\":\"2026-02-17T20:57:17+00:00\",\"description\":\"Sto\u00dfd\u00e4mpferanschl\u00e4ge hinten f\u00fcr Audi Q7, Porsche Cayenne, VW Touareg, OEM-kompatibel 7L0 512 131 B, 955 333 105 20\",\"breadcrumb\":{\"@id\":\"https:\\\/\\\/www.silentblocks.com\\\/de\\\/produkt\\\/stosdampfer-arriere-fur-audi-q7-cayenne-touareg\\\/#breadcrumb\"},\"inLanguage\":\"de\",\"potentialAction\":[{\"@type\":\"ReadAction\",\"target\":[\"https:\\\/\\\/www.silentblocks.com\\\/de\\\/produkt\\\/stosdampfer-arriere-fur-audi-q7-cayenne-touareg\\\/\"]}]},{\"@type\":\"ImageObject\",\"inLanguage\":\"de\",\"@id\":\"https:\\\/\\\/www.silentblocks.com\\\/de\\\/produkt\\\/stosdampfer-arriere-fur-audi-q7-cayenne-touareg\\\/#primaryimage\",\"url\":\"https:\\\/\\\/www.silentblocks.com\\\/wp-content\\\/uploads\\\/2026\\\/02\\\/D1102-2.jpg\",\"contentUrl\":\"https:\\\/\\\/www.silentblocks.com\\\/wp-content\\\/uploads\\\/2026\\\/02\\\/D1102-2.jpg\",\"width\":1000,\"height\":1000},{\"@type\":\"BreadcrumbList\",\"@id\":\"https:\\\/\\\/www.silentblocks.com\\\/de\\\/produkt\\\/stosdampfer-arriere-fur-audi-q7-cayenne-touareg\\\/#breadcrumb\",\"itemListElement\":[{\"@type\":\"ListItem\",\"position\":1,\"name\":\"In\u00edcio\",\"item\":\"https:\\\/\\\/www.silentblocks.com\\\/de\\\/\"},{\"@type\":\"ListItem\",\"position\":2,\"name\":\"Page boutique\",\"item\":\"https:\\\/\\\/www.silentblocks.com\\\/shop-2\\\/\"},{\"@type\":\"ListItem\",\"position\":3,\"name\":\"Anschl\u00e4ge der hinteren Sto\u00dfd\u00e4mpfer f\u00fcr Audi Q7, Cayenne, Touareg\"}]},{\"@type\":\"WebSite\",\"@id\":\"https:\\\/\\\/www.silentblocks.com\\\/de\\\/#website\",\"url\":\"https:\\\/\\\/www.silentblocks.com\\\/de\\\/\",\"name\":\"SILENTBLOCKS\",\"description\":\"Secure on the road\",\"publisher\":{\"@id\":\"https:\\\/\\\/www.silentblocks.com\\\/de\\\/#organization\"},\"potentialAction\":[{\"@type\":\"SearchAction\",\"target\":{\"@type\":\"EntryPoint\",\"urlTemplate\":\"https:\\\/\\\/www.silentblocks.com\\\/de\\\/?s={search_term_string}\"},\"query-input\":{\"@type\":\"PropertyValueSpecification\",\"valueRequired\":true,\"valueName\":\"search_term_string\"}}],\"inLanguage\":\"de\"},{\"@type\":\"Organization\",\"@id\":\"https:\\\/\\\/www.silentblocks.com\\\/de\\\/#organization\",\"name\":\"SILENTBLOCKS\",\"url\":\"https:\\\/\\\/www.silentblocks.com\\\/de\\\/\",\"logo\":{\"@type\":\"ImageObject\",\"inLanguage\":\"de\",\"@id\":\"https:\\\/\\\/www.silentblocks.com\\\/de\\\/#\\\/schema\\\/logo\\\/image\\\/\",\"url\":\"https:\\\/\\\/www.silentblocks.com\\\/wp-content\\\/uploads\\\/2023\\\/07\\\/logo211-sem-fundo_2012-PARA-BOUTIQUE-EBAY.png\",\"contentUrl\":\"https:\\\/\\\/www.silentblocks.com\\\/wp-content\\\/uploads\\\/2023\\\/07\\\/logo211-sem-fundo_2012-PARA-BOUTIQUE-EBAY.png\",\"width\":300,\"height\":190,\"caption\":\"SILENTBLOCKS\"},\"image\":{\"@id\":\"https:\\\/\\\/www.silentblocks.com\\\/de\\\/#\\\/schema\\\/logo\\\/image\\\/\"}}]}<\/script>\n<!-- \/ Yoast SEO Premium plugin. -->","yoast_head_json":{"title":"Anschl\u00e4ge der hinteren Sto\u00dfd\u00e4mpfer f\u00fcr Audi Q7, Cayenne, Touareg - SILENT BLOCKS","description":"Sto\u00dfd\u00e4mpferanschl\u00e4ge hinten f\u00fcr Audi Q7, Porsche Cayenne, VW Touareg, OEM-kompatibel 7L0 512 131 B, 955 333 105 20","robots":{"index":"index","follow":"follow","max-snippet":"max-snippet:-1","max-image-preview":"max-image-preview:large","max-video-preview":"max-video-preview:-1"},"canonical":"https:\/\/www.silentblocks.com\/de\/produkt\/stosdampfer-arriere-fur-audi-q7-cayenne-touareg\/","og_locale":"de_DE","og_type":"article","og_title":"Anschl\u00e4ge der hinteren Sto\u00dfd\u00e4mpfer f\u00fcr Audi Q7, Cayenne, Touareg","og_description":"Sto\u00dfd\u00e4mpferanschl\u00e4ge hinten f\u00fcr Audi Q7, Porsche Cayenne, VW Touareg, OEM-kompatibel 7L0 512 131 B, 955 333 105 20","og_url":"https:\/\/www.silentblocks.com\/de\/produkt\/stosdampfer-arriere-fur-audi-q7-cayenne-touareg\/","og_site_name":"SILENT BLOCKS","article_modified_time":"2026-02-17T20:57:17+00:00","og_image":[{"width":1000,"height":1000,"url":"https:\/\/www.silentblocks.com\/wp-content\/uploads\/2026\/02\/D1102-2.jpg","type":"image\/jpeg"}],"twitter_card":"summary_large_image","schema":{"@context":"https:\/\/schema.org","@graph":[{"@type":"WebPage","@id":"https:\/\/www.silentblocks.com\/de\/produkt\/stosdampfer-arriere-fur-audi-q7-cayenne-touareg\/","url":"https:\/\/www.silentblocks.com\/de\/produkt\/stosdampfer-arriere-fur-audi-q7-cayenne-touareg\/","name":"Anschl\u00e4ge der hinteren Sto\u00dfd\u00e4mpfer f\u00fcr Audi Q7, Cayenne, Touareg - SILENT BLOCKS","isPartOf":{"@id":"https:\/\/www.silentblocks.com\/de\/#website"},"primaryImageOfPage":{"@id":"https:\/\/www.silentblocks.com\/de\/produkt\/stosdampfer-arriere-fur-audi-q7-cayenne-touareg\/#primaryimage"},"image":{"@id":"https:\/\/www.silentblocks.com\/de\/produkt\/stosdampfer-arriere-fur-audi-q7-cayenne-touareg\/#primaryimage"},"thumbnailUrl":"https:\/\/www.silentblocks.com\/wp-content\/uploads\/2026\/02\/D1102-2.jpg","datePublished":"2023-08-03T15:56:55+00:00","dateModified":"2026-02-17T20:57:17+00:00","description":"Sto\u00dfd\u00e4mpferanschl\u00e4ge hinten f\u00fcr Audi Q7, Porsche Cayenne, VW Touareg, OEM-kompatibel 7L0 512 131 B, 955 333 105 20","breadcrumb":{"@id":"https:\/\/www.silentblocks.com\/de\/produkt\/stosdampfer-arriere-fur-audi-q7-cayenne-touareg\/#breadcrumb"},"inLanguage":"de","potentialAction":[{"@type":"ReadAction","target":["https:\/\/www.silentblocks.com\/de\/produkt\/stosdampfer-arriere-fur-audi-q7-cayenne-touareg\/"]}]},{"@type":"ImageObject","inLanguage":"de","@id":"https:\/\/www.silentblocks.com\/de\/produkt\/stosdampfer-arriere-fur-audi-q7-cayenne-touareg\/#primaryimage","url":"https:\/\/www.silentblocks.com\/wp-content\/uploads\/2026\/02\/D1102-2.jpg","contentUrl":"https:\/\/www.silentblocks.com\/wp-content\/uploads\/2026\/02\/D1102-2.jpg","width":1000,"height":1000},{"@type":"BreadcrumbList","@id":"https:\/\/www.silentblocks.com\/de\/produkt\/stosdampfer-arriere-fur-audi-q7-cayenne-touareg\/#breadcrumb","itemListElement":[{"@type":"ListItem","position":1,"name":"In\u00edcio","item":"https:\/\/www.silentblocks.com\/de\/"},{"@type":"ListItem","position":2,"name":"Page boutique","item":"https:\/\/www.silentblocks.com\/shop-2\/"},{"@type":"ListItem","position":3,"name":"Anschl\u00e4ge der hinteren Sto\u00dfd\u00e4mpfer f\u00fcr Audi Q7, Cayenne, Touareg"}]},{"@type":"WebSite","@id":"https:\/\/www.silentblocks.com\/de\/#website","url":"https:\/\/www.silentblocks.com\/de\/","name":"SILENTBLOCKS","description":"Secure on the road","publisher":{"@id":"https:\/\/www.silentblocks.com\/de\/#organization"},"potentialAction":[{"@type":"SearchAction","target":{"@type":"EntryPoint","urlTemplate":"https:\/\/www.silentblocks.com\/de\/?s={search_term_string}"},"query-input":{"@type":"PropertyValueSpecification","valueRequired":true,"valueName":"search_term_string"}}],"inLanguage":"de"},{"@type":"Organization","@id":"https:\/\/www.silentblocks.com\/de\/#organization","name":"SILENTBLOCKS","url":"https:\/\/www.silentblocks.com\/de\/","logo":{"@type":"ImageObject","inLanguage":"de","@id":"https:\/\/www.silentblocks.com\/de\/#\/schema\/logo\/image\/","url":"https:\/\/www.silentblocks.com\/wp-content\/uploads\/2023\/07\/logo211-sem-fundo_2012-PARA-BOUTIQUE-EBAY.png","contentUrl":"https:\/\/www.silentblocks.com\/wp-content\/uploads\/2023\/07\/logo211-sem-fundo_2012-PARA-BOUTIQUE-EBAY.png","width":300,"height":190,"caption":"SILENTBLOCKS"},"image":{"@id":"https:\/\/www.silentblocks.com\/de\/#\/schema\/logo\/image\/"}}]}},"_links":{"self":[{"href":"https:\/\/www.silentblocks.com\/de\/wp-json\/wp\/v2\/product\/73573","targetHints":{"allow":["GET"]}}],"collection":[{"href":"https:\/\/www.silentblocks.com\/de\/wp-json\/wp\/v2\/product"}],"about":[{"href":"https:\/\/www.silentblocks.com\/de\/wp-json\/wp\/v2\/types\/product"}],"version-history":[{"count":0,"href":"https:\/\/www.silentblocks.com\/de\/wp-json\/wp\/v2\/product\/73573\/revisions"}],"wp:featuredmedia":[{"embeddable":true,"href":"https:\/\/www.silentblocks.com\/de\/wp-json\/wp\/v2\/media\/130513"}],"wp:attachment":[{"href":"https:\/\/www.silentblocks.com\/de\/wp-json\/wp\/v2\/media?parent=73573"}],"wp:term":[{"taxonomy":"product_brand","embeddable":true,"href":"https:\/\/www.silentblocks.com\/de\/wp-json\/wp\/v2\/product_brand?post=73573"},{"taxonomy":"product_cat","embeddable":true,"href":"https:\/\/www.silentblocks.com\/de\/wp-json\/wp\/v2\/product_cat?post=73573"},{"taxonomy":"product_tag","embeddable":true,"href":"https:\/\/www.silentblocks.com\/de\/wp-json\/wp\/v2\/product_tag?post=73573"}],"curies":[{"name":"wp","href":"https:\/\/api.w.org\/{rel}","templated":true}]}}