{"id":74370,"date":"2023-07-21T14:57:42","date_gmt":"2023-07-21T14:57:42","guid":{"rendered":"https:\/\/www.silentblocks.com\/product\/silentblocks-arriere-achse-fur-renault-express-ii\/"},"modified":"2026-02-17T20:59:25","modified_gmt":"2026-02-17T20:59:25","slug":"silentblocks-arriere-achse-fur-renault-express-ii","status":"publish","type":"product","link":"https:\/\/www.silentblocks.com\/de\/produkt\/silentblocks-arriere-achse-fur-renault-express-ii\/","title":{"rendered":"Hinterachsk\u00f6rperbuchsen Renault Express II, Kangoo, Dokker, Citan"},"content":{"rendered":"<p>2 Buchsen des Hinterachsk\u00f6rpers, passend f\u00fcr die folgenden Fahrzeuge:<br \/>\nRenault Express (05.2021&gt;)<br \/>\nModelle: II<br \/>\nMotoren: 1.3&gt;1.6<br \/>\nRenault Kangoo (02.2008&gt;)<br \/>\nModelle: II, KW0, 1, FW0, 1, Z.E. Electric<br \/>\nMotoren: 0&gt;1.6<br \/>\nRenault Kangoo (06.2021&gt;)<br \/>\nModelle: III<br \/>\nMotoren: 0&gt;1.5<br \/>\nDacia Dokker (11.2012&gt;)<br \/>\nModelle: ALLE<br \/>\nMotoren: 1.2&gt;1.6<br \/>\nMercedes Citan (11.2012&gt;)<br \/>\nModelle: 415, W415<br \/>\nMotoren: 1.2&gt;1.5<br \/>\nMercedes Citan (09.2021&gt;)<br \/>\nModelle: W420<br \/>\nMotoren: 0&gt;1.5<\/p>\n<p>Herstellerreferenzen (OEM-Code) zur Orientierung :<br \/>\nA 415 352 08 00, 415 352 08 00<\/p>\n<p>Neue Teile, die mit Rechnung verkauft werden. Alle unsere Produkte haben eine Garantie von 2 Jahren.<\/p>\n","protected":false},"excerpt":{"rendered":"<p>2 Buchsen des Hinterachsk\u00f6rpers, passend f\u00fcr die folgenden Fahrzeuge: Renault Express (05.2021&gt;) Modelle: II Motoren: 1.3&gt;1.6 Renault Kangoo (02.2008&gt;) Modelle: II, KW0, 1, FW0, 1, Z.E. Electric Motoren: 0&gt;1.6 Renault Kangoo (06.2021&gt;) Modelle: III Motoren: 0&gt;1.5 Dacia Dokker (11.2012&gt;) Modelle: ALLE Motoren: 1.2&gt;1.6 Mercedes Citan (11.2012&gt;) Modelle: 415, W415 Motoren: 1.2&gt;1.5 Mercedes Citan (09.2021&gt;) Modelle: [&hellip;]<\/p>\n","protected":false},"featured_media":129837,"template":"","meta":[],"product_brand":[],"product_cat":[2224,3396,3400,3408,1827],"product_tag":[],"class_list":{"0":"post-74370","1":"product","2":"type-product","3":"status-publish","4":"has-post-thumbnail","6":"product_cat-renault-de","7":"product_cat-express-de","8":"product_cat-express-ii-de","9":"product_cat-kangoo-de","10":"product_cat-kangoo-08-de","12":"first","13":"instock","14":"shipping-taxable","15":"purchasable","16":"product-type-simple"},"yoast_head":"<!-- This site is optimized with the Yoast SEO Premium plugin v23.0 (Yoast SEO v27.4) - https:\/\/yoast.com\/product\/yoast-seo-premium-wordpress\/ -->\n<title>Hinterachsk\u00f6rperbuchsen Renault Express II, Kangoo, Dokker, Citan - SILENT BLOCKS<\/title>\n<meta name=\"description\" content=\"Buchsen Hinterachse f\u00fcr Renault Express II, Kangoo, Dacia Dokker, Mercedes Citan, kompatibel mit OEM A 415 352 08 00, 415 352 08 00\" \/>\n<meta name=\"robots\" content=\"index, follow, max-snippet:-1, max-image-preview:large, max-video-preview:-1\" \/>\n<link rel=\"canonical\" href=\"https:\/\/www.silentblocks.com\/de\/produkt\/silentblocks-arriere-achse-fur-renault-express-ii\/\" \/>\n<meta property=\"og:locale\" content=\"de_DE\" \/>\n<meta property=\"og:type\" content=\"article\" \/>\n<meta property=\"og:title\" content=\"Hinterachsk\u00f6rperbuchsen Renault Express II, Kangoo, Dokker, Citan\" \/>\n<meta property=\"og:description\" content=\"Buchsen Hinterachse f\u00fcr Renault Express II, Kangoo, Dacia Dokker, Mercedes Citan, kompatibel mit OEM A 415 352 08 00, 415 352 08 00\" \/>\n<meta property=\"og:url\" content=\"https:\/\/www.silentblocks.com\/de\/produkt\/silentblocks-arriere-achse-fur-renault-express-ii\/\" \/>\n<meta property=\"og:site_name\" content=\"SILENT BLOCKS\" \/>\n<meta property=\"article:modified_time\" content=\"2026-02-17T20:59:25+00:00\" \/>\n<meta property=\"og:image\" content=\"https:\/\/www.silentblocks.com\/wp-content\/uploads\/2026\/02\/D1006-2.jpg\" \/>\n\t<meta property=\"og:image:width\" content=\"1000\" \/>\n\t<meta property=\"og:image:height\" content=\"1000\" \/>\n\t<meta property=\"og:image:type\" content=\"image\/jpeg\" \/>\n<meta name=\"twitter:card\" content=\"summary_large_image\" \/>\n<script type=\"application\/ld+json\" class=\"yoast-schema-graph\">{\"@context\":\"https:\\\/\\\/schema.org\",\"@graph\":[{\"@type\":\"WebPage\",\"@id\":\"https:\\\/\\\/www.silentblocks.com\\\/de\\\/produkt\\\/silentblocks-arriere-achse-fur-renault-express-ii\\\/\",\"url\":\"https:\\\/\\\/www.silentblocks.com\\\/de\\\/produkt\\\/silentblocks-arriere-achse-fur-renault-express-ii\\\/\",\"name\":\"Hinterachsk\u00f6rperbuchsen Renault Express II, Kangoo, Dokker, Citan - SILENT BLOCKS\",\"isPartOf\":{\"@id\":\"https:\\\/\\\/www.silentblocks.com\\\/de\\\/#website\"},\"primaryImageOfPage\":{\"@id\":\"https:\\\/\\\/www.silentblocks.com\\\/de\\\/produkt\\\/silentblocks-arriere-achse-fur-renault-express-ii\\\/#primaryimage\"},\"image\":{\"@id\":\"https:\\\/\\\/www.silentblocks.com\\\/de\\\/produkt\\\/silentblocks-arriere-achse-fur-renault-express-ii\\\/#primaryimage\"},\"thumbnailUrl\":\"https:\\\/\\\/www.silentblocks.com\\\/wp-content\\\/uploads\\\/2026\\\/02\\\/D1006-2.jpg\",\"datePublished\":\"2023-07-21T14:57:42+00:00\",\"dateModified\":\"2026-02-17T20:59:25+00:00\",\"description\":\"Buchsen Hinterachse f\u00fcr Renault Express II, Kangoo, Dacia Dokker, Mercedes Citan, kompatibel mit OEM A 415 352 08 00, 415 352 08 00\",\"breadcrumb\":{\"@id\":\"https:\\\/\\\/www.silentblocks.com\\\/de\\\/produkt\\\/silentblocks-arriere-achse-fur-renault-express-ii\\\/#breadcrumb\"},\"inLanguage\":\"de\",\"potentialAction\":[{\"@type\":\"ReadAction\",\"target\":[\"https:\\\/\\\/www.silentblocks.com\\\/de\\\/produkt\\\/silentblocks-arriere-achse-fur-renault-express-ii\\\/\"]}]},{\"@type\":\"ImageObject\",\"inLanguage\":\"de\",\"@id\":\"https:\\\/\\\/www.silentblocks.com\\\/de\\\/produkt\\\/silentblocks-arriere-achse-fur-renault-express-ii\\\/#primaryimage\",\"url\":\"https:\\\/\\\/www.silentblocks.com\\\/wp-content\\\/uploads\\\/2026\\\/02\\\/D1006-2.jpg\",\"contentUrl\":\"https:\\\/\\\/www.silentblocks.com\\\/wp-content\\\/uploads\\\/2026\\\/02\\\/D1006-2.jpg\",\"width\":1000,\"height\":1000},{\"@type\":\"BreadcrumbList\",\"@id\":\"https:\\\/\\\/www.silentblocks.com\\\/de\\\/produkt\\\/silentblocks-arriere-achse-fur-renault-express-ii\\\/#breadcrumb\",\"itemListElement\":[{\"@type\":\"ListItem\",\"position\":1,\"name\":\"In\u00edcio\",\"item\":\"https:\\\/\\\/www.silentblocks.com\\\/de\\\/\"},{\"@type\":\"ListItem\",\"position\":2,\"name\":\"Page boutique\",\"item\":\"https:\\\/\\\/www.silentblocks.com\\\/shop-2\\\/\"},{\"@type\":\"ListItem\",\"position\":3,\"name\":\"Hinterachsk\u00f6rperbuchsen Renault Express II, Kangoo, Dokker, Citan\"}]},{\"@type\":\"WebSite\",\"@id\":\"https:\\\/\\\/www.silentblocks.com\\\/de\\\/#website\",\"url\":\"https:\\\/\\\/www.silentblocks.com\\\/de\\\/\",\"name\":\"SILENTBLOCKS\",\"description\":\"Secure on the road\",\"publisher\":{\"@id\":\"https:\\\/\\\/www.silentblocks.com\\\/de\\\/#organization\"},\"potentialAction\":[{\"@type\":\"SearchAction\",\"target\":{\"@type\":\"EntryPoint\",\"urlTemplate\":\"https:\\\/\\\/www.silentblocks.com\\\/de\\\/?s={search_term_string}\"},\"query-input\":{\"@type\":\"PropertyValueSpecification\",\"valueRequired\":true,\"valueName\":\"search_term_string\"}}],\"inLanguage\":\"de\"},{\"@type\":\"Organization\",\"@id\":\"https:\\\/\\\/www.silentblocks.com\\\/de\\\/#organization\",\"name\":\"SILENTBLOCKS\",\"url\":\"https:\\\/\\\/www.silentblocks.com\\\/de\\\/\",\"logo\":{\"@type\":\"ImageObject\",\"inLanguage\":\"de\",\"@id\":\"https:\\\/\\\/www.silentblocks.com\\\/de\\\/#\\\/schema\\\/logo\\\/image\\\/\",\"url\":\"https:\\\/\\\/www.silentblocks.com\\\/wp-content\\\/uploads\\\/2023\\\/07\\\/logo211-sem-fundo_2012-PARA-BOUTIQUE-EBAY.png\",\"contentUrl\":\"https:\\\/\\\/www.silentblocks.com\\\/wp-content\\\/uploads\\\/2023\\\/07\\\/logo211-sem-fundo_2012-PARA-BOUTIQUE-EBAY.png\",\"width\":300,\"height\":190,\"caption\":\"SILENTBLOCKS\"},\"image\":{\"@id\":\"https:\\\/\\\/www.silentblocks.com\\\/de\\\/#\\\/schema\\\/logo\\\/image\\\/\"}}]}<\/script>\n<!-- \/ Yoast SEO Premium plugin. -->","yoast_head_json":{"title":"Hinterachsk\u00f6rperbuchsen Renault Express II, Kangoo, Dokker, Citan - SILENT BLOCKS","description":"Buchsen Hinterachse f\u00fcr Renault Express II, Kangoo, Dacia Dokker, Mercedes Citan, kompatibel mit OEM A 415 352 08 00, 415 352 08 00","robots":{"index":"index","follow":"follow","max-snippet":"max-snippet:-1","max-image-preview":"max-image-preview:large","max-video-preview":"max-video-preview:-1"},"canonical":"https:\/\/www.silentblocks.com\/de\/produkt\/silentblocks-arriere-achse-fur-renault-express-ii\/","og_locale":"de_DE","og_type":"article","og_title":"Hinterachsk\u00f6rperbuchsen Renault Express II, Kangoo, Dokker, Citan","og_description":"Buchsen Hinterachse f\u00fcr Renault Express II, Kangoo, Dacia Dokker, Mercedes Citan, kompatibel mit OEM A 415 352 08 00, 415 352 08 00","og_url":"https:\/\/www.silentblocks.com\/de\/produkt\/silentblocks-arriere-achse-fur-renault-express-ii\/","og_site_name":"SILENT BLOCKS","article_modified_time":"2026-02-17T20:59:25+00:00","og_image":[{"width":1000,"height":1000,"url":"https:\/\/www.silentblocks.com\/wp-content\/uploads\/2026\/02\/D1006-2.jpg","type":"image\/jpeg"}],"twitter_card":"summary_large_image","schema":{"@context":"https:\/\/schema.org","@graph":[{"@type":"WebPage","@id":"https:\/\/www.silentblocks.com\/de\/produkt\/silentblocks-arriere-achse-fur-renault-express-ii\/","url":"https:\/\/www.silentblocks.com\/de\/produkt\/silentblocks-arriere-achse-fur-renault-express-ii\/","name":"Hinterachsk\u00f6rperbuchsen Renault Express II, Kangoo, Dokker, Citan - SILENT BLOCKS","isPartOf":{"@id":"https:\/\/www.silentblocks.com\/de\/#website"},"primaryImageOfPage":{"@id":"https:\/\/www.silentblocks.com\/de\/produkt\/silentblocks-arriere-achse-fur-renault-express-ii\/#primaryimage"},"image":{"@id":"https:\/\/www.silentblocks.com\/de\/produkt\/silentblocks-arriere-achse-fur-renault-express-ii\/#primaryimage"},"thumbnailUrl":"https:\/\/www.silentblocks.com\/wp-content\/uploads\/2026\/02\/D1006-2.jpg","datePublished":"2023-07-21T14:57:42+00:00","dateModified":"2026-02-17T20:59:25+00:00","description":"Buchsen Hinterachse f\u00fcr Renault Express II, Kangoo, Dacia Dokker, Mercedes Citan, kompatibel mit OEM A 415 352 08 00, 415 352 08 00","breadcrumb":{"@id":"https:\/\/www.silentblocks.com\/de\/produkt\/silentblocks-arriere-achse-fur-renault-express-ii\/#breadcrumb"},"inLanguage":"de","potentialAction":[{"@type":"ReadAction","target":["https:\/\/www.silentblocks.com\/de\/produkt\/silentblocks-arriere-achse-fur-renault-express-ii\/"]}]},{"@type":"ImageObject","inLanguage":"de","@id":"https:\/\/www.silentblocks.com\/de\/produkt\/silentblocks-arriere-achse-fur-renault-express-ii\/#primaryimage","url":"https:\/\/www.silentblocks.com\/wp-content\/uploads\/2026\/02\/D1006-2.jpg","contentUrl":"https:\/\/www.silentblocks.com\/wp-content\/uploads\/2026\/02\/D1006-2.jpg","width":1000,"height":1000},{"@type":"BreadcrumbList","@id":"https:\/\/www.silentblocks.com\/de\/produkt\/silentblocks-arriere-achse-fur-renault-express-ii\/#breadcrumb","itemListElement":[{"@type":"ListItem","position":1,"name":"In\u00edcio","item":"https:\/\/www.silentblocks.com\/de\/"},{"@type":"ListItem","position":2,"name":"Page boutique","item":"https:\/\/www.silentblocks.com\/shop-2\/"},{"@type":"ListItem","position":3,"name":"Hinterachsk\u00f6rperbuchsen Renault Express II, Kangoo, Dokker, Citan"}]},{"@type":"WebSite","@id":"https:\/\/www.silentblocks.com\/de\/#website","url":"https:\/\/www.silentblocks.com\/de\/","name":"SILENTBLOCKS","description":"Secure on the road","publisher":{"@id":"https:\/\/www.silentblocks.com\/de\/#organization"},"potentialAction":[{"@type":"SearchAction","target":{"@type":"EntryPoint","urlTemplate":"https:\/\/www.silentblocks.com\/de\/?s={search_term_string}"},"query-input":{"@type":"PropertyValueSpecification","valueRequired":true,"valueName":"search_term_string"}}],"inLanguage":"de"},{"@type":"Organization","@id":"https:\/\/www.silentblocks.com\/de\/#organization","name":"SILENTBLOCKS","url":"https:\/\/www.silentblocks.com\/de\/","logo":{"@type":"ImageObject","inLanguage":"de","@id":"https:\/\/www.silentblocks.com\/de\/#\/schema\/logo\/image\/","url":"https:\/\/www.silentblocks.com\/wp-content\/uploads\/2023\/07\/logo211-sem-fundo_2012-PARA-BOUTIQUE-EBAY.png","contentUrl":"https:\/\/www.silentblocks.com\/wp-content\/uploads\/2023\/07\/logo211-sem-fundo_2012-PARA-BOUTIQUE-EBAY.png","width":300,"height":190,"caption":"SILENTBLOCKS"},"image":{"@id":"https:\/\/www.silentblocks.com\/de\/#\/schema\/logo\/image\/"}}]}},"_links":{"self":[{"href":"https:\/\/www.silentblocks.com\/de\/wp-json\/wp\/v2\/product\/74370","targetHints":{"allow":["GET"]}}],"collection":[{"href":"https:\/\/www.silentblocks.com\/de\/wp-json\/wp\/v2\/product"}],"about":[{"href":"https:\/\/www.silentblocks.com\/de\/wp-json\/wp\/v2\/types\/product"}],"version-history":[{"count":0,"href":"https:\/\/www.silentblocks.com\/de\/wp-json\/wp\/v2\/product\/74370\/revisions"}],"wp:featuredmedia":[{"embeddable":true,"href":"https:\/\/www.silentblocks.com\/de\/wp-json\/wp\/v2\/media\/129837"}],"wp:attachment":[{"href":"https:\/\/www.silentblocks.com\/de\/wp-json\/wp\/v2\/media?parent=74370"}],"wp:term":[{"taxonomy":"product_brand","embeddable":true,"href":"https:\/\/www.silentblocks.com\/de\/wp-json\/wp\/v2\/product_brand?post=74370"},{"taxonomy":"product_cat","embeddable":true,"href":"https:\/\/www.silentblocks.com\/de\/wp-json\/wp\/v2\/product_cat?post=74370"},{"taxonomy":"product_tag","embeddable":true,"href":"https:\/\/www.silentblocks.com\/de\/wp-json\/wp\/v2\/product_tag?post=74370"}],"curies":[{"name":"wp","href":"https:\/\/api.w.org\/{rel}","templated":true}]}}