{"id":74520,"date":"2023-07-20T20:28:57","date_gmt":"2023-07-20T20:28:57","guid":{"rendered":"https:\/\/www.silentblocks.com\/product\/silentblock-stabilisator-vorwarts-fur-audi-a4-94-25mm\/"},"modified":"2026-02-17T20:59:49","modified_gmt":"2026-02-17T20:59:49","slug":"silentblock-stabilisator-vorwarts-fur-audi-a4-94-25mm","status":"publish","type":"product","link":"https:\/\/www.silentblocks.com\/de\/produkt\/silentblock-stabilisator-vorwarts-fur-audi-a4-94-25mm\/","title":{"rendered":"Buchsen des vorderen Stabilisators f\u00fcr Audi A4 94- (\u00d825mm)"},"content":{"rendered":"<p>2 Vordere Stabilisatorbuchsen, passend f\u00fcr folgende Fahrzeuge:<br \/>\nAudiovisual A4 (11.1994&gt;)<br \/>\nModelle: 8D2, 8D5, B5, 8E2, B6, 8EC, 8ED, B7, 8K2, 8K5, 8KH, B8, 8W2, 8W5, B9<br \/>\nMotoren: 1.4&gt;3.2<br \/>\nAudi A4-Quattro (11.1994&gt;)<br \/>\nModelle: 8D2, 8D5, B5, 8E2, B6, 8EC, 8ED, B7, 8K2, 8K5, 8KH, B8, 8W2, 8W5, B9<br \/>\nMotoren: 1.8&gt;4.2<br \/>\nAudi A6 (11.2010&gt;)<br \/>\nModelle: 4G2, 4GC, 4G5, 4GD, C7<br \/>\nMotoren: 1.8&gt;3.0<br \/>\nAudi A6-Quattro (11.2011&gt;)<br \/>\nModelle: 4G2, 4GC, 4G5, 4GD, C7<br \/>\nMotoren: 2.0&gt;3.0<br \/>\nAudi A8 (03.1994-12.2002)<br \/>\nModelle: 4D2, 4D8<br \/>\nMotoren: 2.5&gt;3.7<br \/>\nAudi A8-Quattro (03.1994-12.2002)<br \/>\nModelle: 4D2, 4D8<br \/>\nMotoren: 2.5&gt;6.0<br \/>\nSkoda Superb (12.2001-03.2008)<br \/>\nModelle: 3U4<br \/>\nMotoren: 1.8&gt;2.8<br \/>\nVolkswagen Passat (10.1996-05.2005)<br \/>\nModelle: V, 3B2, 3B5, 3B3, 3B6<br \/>\nMotoren: 1.6&gt;2.8<br \/>\nVolkswagen Passat Syncro\/4Motion (10.1996-05.2005)<br \/>\nModelle: V, 3B2, 3B5, 3B3, 3B6<br \/>\nMotoren: 1.8&gt;4.0<\/p>\n<p>Herstellerreferenzen (OEM-Code) zur Orientierung :<br \/>\n4D0 411 327E, 4D0 411 327G<\/p>\n<p>Neue Teile, die mit Rechnung verkauft werden. Alle unsere Produkte haben eine Garantie von 2 Jahren.<\/p>\n","protected":false},"excerpt":{"rendered":"<p>2 Vordere Stabilisatorbuchsen, passend f\u00fcr folgende Fahrzeuge: Audiovisual A4 (11.1994&gt;) Modelle: 8D2, 8D5, B5, 8E2, B6, 8EC, 8ED, B7, 8K2, 8K5, 8KH, B8, 8W2, 8W5, B9 Motoren: 1.4&gt;3.2 Audi A4-Quattro (11.1994&gt;) Modelle: 8D2, 8D5, B5, 8E2, B6, 8EC, 8ED, B7, 8K2, 8K5, 8KH, B8, 8W2, 8W5, B9 Motoren: 1.8&gt;4.2 Audi A6 (11.2010&gt;) Modelle: 4G2, 4GC, [&hellip;]<\/p>\n","protected":false},"featured_media":129701,"template":"","meta":[],"product_brand":[],"product_cat":[2128,2334,2335,2348,2233,3554,2254,3811],"product_tag":[],"class_list":{"0":"post-74520","1":"product","2":"type-product","3":"status-publish","4":"has-post-thumbnail","6":"product_cat-audi-de","7":"product_cat-a4-1995-2001-de","8":"product_cat-a4-2001-2007-de","9":"product_cat-a8-de","10":"product_cat-skoda-de","11":"product_cat-superb-de","12":"product_cat-vw-de","13":"product_cat-passat-de","15":"first","16":"instock","17":"shipping-taxable","18":"purchasable","19":"product-type-simple"},"yoast_head":"<!-- This site is optimized with the Yoast SEO Premium plugin v23.0 (Yoast SEO v27.4) - https:\/\/yoast.com\/product\/yoast-seo-premium-wordpress\/ -->\n<title>Buchsen des vorderen Stabilisators f\u00fcr Audi A4 94- (\u00d825mm) - SILENT BLOCKS<\/title>\n<meta name=\"description\" content=\"Vordere Stabilisatorlagerbuchsen (vorderer Wankstabilisator) f\u00fcr Audi A4 1994, kompatibel mit OEM 4D0 411 327E, 4D0 411 327G\" \/>\n<meta name=\"robots\" content=\"index, follow, max-snippet:-1, max-image-preview:large, max-video-preview:-1\" \/>\n<link rel=\"canonical\" href=\"https:\/\/www.silentblocks.com\/de\/produkt\/silentblock-stabilisator-vorwarts-fur-audi-a4-94-25mm\/\" \/>\n<meta property=\"og:locale\" content=\"de_DE\" \/>\n<meta property=\"og:type\" content=\"article\" \/>\n<meta property=\"og:title\" content=\"Buchsen des vorderen Stabilisators f\u00fcr Audi A4 94- (\u00d825mm)\" \/>\n<meta property=\"og:description\" content=\"Vordere Stabilisatorlagerbuchsen (vorderer Wankstabilisator) f\u00fcr Audi A4 1994, kompatibel mit OEM 4D0 411 327E, 4D0 411 327G\" \/>\n<meta property=\"og:url\" content=\"https:\/\/www.silentblocks.com\/de\/produkt\/silentblock-stabilisator-vorwarts-fur-audi-a4-94-25mm\/\" \/>\n<meta property=\"og:site_name\" content=\"SILENT BLOCKS\" \/>\n<meta property=\"article:modified_time\" content=\"2026-02-17T20:59:49+00:00\" \/>\n<meta property=\"og:image\" content=\"https:\/\/www.silentblocks.com\/wp-content\/uploads\/2026\/02\/D1047-2.jpg\" \/>\n\t<meta property=\"og:image:width\" content=\"1000\" \/>\n\t<meta property=\"og:image:height\" content=\"1000\" \/>\n\t<meta property=\"og:image:type\" content=\"image\/jpeg\" \/>\n<meta name=\"twitter:card\" content=\"summary_large_image\" \/>\n<meta name=\"twitter:label1\" content=\"Gesch\u00e4tzte Lesezeit\" \/>\n\t<meta name=\"twitter:data1\" content=\"1\u00a0Minute\" \/>\n<script type=\"application\/ld+json\" class=\"yoast-schema-graph\">{\"@context\":\"https:\\\/\\\/schema.org\",\"@graph\":[{\"@type\":\"WebPage\",\"@id\":\"https:\\\/\\\/www.silentblocks.com\\\/de\\\/produkt\\\/silentblock-stabilisator-vorwarts-fur-audi-a4-94-25mm\\\/\",\"url\":\"https:\\\/\\\/www.silentblocks.com\\\/de\\\/produkt\\\/silentblock-stabilisator-vorwarts-fur-audi-a4-94-25mm\\\/\",\"name\":\"Buchsen des vorderen Stabilisators f\u00fcr Audi A4 94- (\u00d825mm) - SILENT BLOCKS\",\"isPartOf\":{\"@id\":\"https:\\\/\\\/www.silentblocks.com\\\/de\\\/#website\"},\"primaryImageOfPage\":{\"@id\":\"https:\\\/\\\/www.silentblocks.com\\\/de\\\/produkt\\\/silentblock-stabilisator-vorwarts-fur-audi-a4-94-25mm\\\/#primaryimage\"},\"image\":{\"@id\":\"https:\\\/\\\/www.silentblocks.com\\\/de\\\/produkt\\\/silentblock-stabilisator-vorwarts-fur-audi-a4-94-25mm\\\/#primaryimage\"},\"thumbnailUrl\":\"https:\\\/\\\/www.silentblocks.com\\\/wp-content\\\/uploads\\\/2026\\\/02\\\/D1047-2.jpg\",\"datePublished\":\"2023-07-20T20:28:57+00:00\",\"dateModified\":\"2026-02-17T20:59:49+00:00\",\"description\":\"Vordere Stabilisatorlagerbuchsen (vorderer Wankstabilisator) f\u00fcr Audi A4 1994, kompatibel mit OEM 4D0 411 327E, 4D0 411 327G\",\"breadcrumb\":{\"@id\":\"https:\\\/\\\/www.silentblocks.com\\\/de\\\/produkt\\\/silentblock-stabilisator-vorwarts-fur-audi-a4-94-25mm\\\/#breadcrumb\"},\"inLanguage\":\"de\",\"potentialAction\":[{\"@type\":\"ReadAction\",\"target\":[\"https:\\\/\\\/www.silentblocks.com\\\/de\\\/produkt\\\/silentblock-stabilisator-vorwarts-fur-audi-a4-94-25mm\\\/\"]}]},{\"@type\":\"ImageObject\",\"inLanguage\":\"de\",\"@id\":\"https:\\\/\\\/www.silentblocks.com\\\/de\\\/produkt\\\/silentblock-stabilisator-vorwarts-fur-audi-a4-94-25mm\\\/#primaryimage\",\"url\":\"https:\\\/\\\/www.silentblocks.com\\\/wp-content\\\/uploads\\\/2026\\\/02\\\/D1047-2.jpg\",\"contentUrl\":\"https:\\\/\\\/www.silentblocks.com\\\/wp-content\\\/uploads\\\/2026\\\/02\\\/D1047-2.jpg\",\"width\":1000,\"height\":1000},{\"@type\":\"BreadcrumbList\",\"@id\":\"https:\\\/\\\/www.silentblocks.com\\\/de\\\/produkt\\\/silentblock-stabilisator-vorwarts-fur-audi-a4-94-25mm\\\/#breadcrumb\",\"itemListElement\":[{\"@type\":\"ListItem\",\"position\":1,\"name\":\"In\u00edcio\",\"item\":\"https:\\\/\\\/www.silentblocks.com\\\/de\\\/\"},{\"@type\":\"ListItem\",\"position\":2,\"name\":\"Page boutique\",\"item\":\"https:\\\/\\\/www.silentblocks.com\\\/shop-2\\\/\"},{\"@type\":\"ListItem\",\"position\":3,\"name\":\"Buchsen des vorderen Stabilisators f\u00fcr Audi A4 94- (\u00d825mm)\"}]},{\"@type\":\"WebSite\",\"@id\":\"https:\\\/\\\/www.silentblocks.com\\\/de\\\/#website\",\"url\":\"https:\\\/\\\/www.silentblocks.com\\\/de\\\/\",\"name\":\"SILENTBLOCKS\",\"description\":\"Secure on the road\",\"publisher\":{\"@id\":\"https:\\\/\\\/www.silentblocks.com\\\/de\\\/#organization\"},\"potentialAction\":[{\"@type\":\"SearchAction\",\"target\":{\"@type\":\"EntryPoint\",\"urlTemplate\":\"https:\\\/\\\/www.silentblocks.com\\\/de\\\/?s={search_term_string}\"},\"query-input\":{\"@type\":\"PropertyValueSpecification\",\"valueRequired\":true,\"valueName\":\"search_term_string\"}}],\"inLanguage\":\"de\"},{\"@type\":\"Organization\",\"@id\":\"https:\\\/\\\/www.silentblocks.com\\\/de\\\/#organization\",\"name\":\"SILENTBLOCKS\",\"url\":\"https:\\\/\\\/www.silentblocks.com\\\/de\\\/\",\"logo\":{\"@type\":\"ImageObject\",\"inLanguage\":\"de\",\"@id\":\"https:\\\/\\\/www.silentblocks.com\\\/de\\\/#\\\/schema\\\/logo\\\/image\\\/\",\"url\":\"https:\\\/\\\/www.silentblocks.com\\\/wp-content\\\/uploads\\\/2023\\\/07\\\/logo211-sem-fundo_2012-PARA-BOUTIQUE-EBAY.png\",\"contentUrl\":\"https:\\\/\\\/www.silentblocks.com\\\/wp-content\\\/uploads\\\/2023\\\/07\\\/logo211-sem-fundo_2012-PARA-BOUTIQUE-EBAY.png\",\"width\":300,\"height\":190,\"caption\":\"SILENTBLOCKS\"},\"image\":{\"@id\":\"https:\\\/\\\/www.silentblocks.com\\\/de\\\/#\\\/schema\\\/logo\\\/image\\\/\"}}]}<\/script>\n<!-- \/ Yoast SEO Premium plugin. -->","yoast_head_json":{"title":"Buchsen des vorderen Stabilisators f\u00fcr Audi A4 94- (\u00d825mm) - SILENT BLOCKS","description":"Vordere Stabilisatorlagerbuchsen (vorderer Wankstabilisator) f\u00fcr Audi A4 1994, kompatibel mit OEM 4D0 411 327E, 4D0 411 327G","robots":{"index":"index","follow":"follow","max-snippet":"max-snippet:-1","max-image-preview":"max-image-preview:large","max-video-preview":"max-video-preview:-1"},"canonical":"https:\/\/www.silentblocks.com\/de\/produkt\/silentblock-stabilisator-vorwarts-fur-audi-a4-94-25mm\/","og_locale":"de_DE","og_type":"article","og_title":"Buchsen des vorderen Stabilisators f\u00fcr Audi A4 94- (\u00d825mm)","og_description":"Vordere Stabilisatorlagerbuchsen (vorderer Wankstabilisator) f\u00fcr Audi A4 1994, kompatibel mit OEM 4D0 411 327E, 4D0 411 327G","og_url":"https:\/\/www.silentblocks.com\/de\/produkt\/silentblock-stabilisator-vorwarts-fur-audi-a4-94-25mm\/","og_site_name":"SILENT BLOCKS","article_modified_time":"2026-02-17T20:59:49+00:00","og_image":[{"width":1000,"height":1000,"url":"https:\/\/www.silentblocks.com\/wp-content\/uploads\/2026\/02\/D1047-2.jpg","type":"image\/jpeg"}],"twitter_card":"summary_large_image","twitter_misc":{"Gesch\u00e4tzte Lesezeit":"1\u00a0Minute"},"schema":{"@context":"https:\/\/schema.org","@graph":[{"@type":"WebPage","@id":"https:\/\/www.silentblocks.com\/de\/produkt\/silentblock-stabilisator-vorwarts-fur-audi-a4-94-25mm\/","url":"https:\/\/www.silentblocks.com\/de\/produkt\/silentblock-stabilisator-vorwarts-fur-audi-a4-94-25mm\/","name":"Buchsen des vorderen Stabilisators f\u00fcr Audi A4 94- (\u00d825mm) - SILENT BLOCKS","isPartOf":{"@id":"https:\/\/www.silentblocks.com\/de\/#website"},"primaryImageOfPage":{"@id":"https:\/\/www.silentblocks.com\/de\/produkt\/silentblock-stabilisator-vorwarts-fur-audi-a4-94-25mm\/#primaryimage"},"image":{"@id":"https:\/\/www.silentblocks.com\/de\/produkt\/silentblock-stabilisator-vorwarts-fur-audi-a4-94-25mm\/#primaryimage"},"thumbnailUrl":"https:\/\/www.silentblocks.com\/wp-content\/uploads\/2026\/02\/D1047-2.jpg","datePublished":"2023-07-20T20:28:57+00:00","dateModified":"2026-02-17T20:59:49+00:00","description":"Vordere Stabilisatorlagerbuchsen (vorderer Wankstabilisator) f\u00fcr Audi A4 1994, kompatibel mit OEM 4D0 411 327E, 4D0 411 327G","breadcrumb":{"@id":"https:\/\/www.silentblocks.com\/de\/produkt\/silentblock-stabilisator-vorwarts-fur-audi-a4-94-25mm\/#breadcrumb"},"inLanguage":"de","potentialAction":[{"@type":"ReadAction","target":["https:\/\/www.silentblocks.com\/de\/produkt\/silentblock-stabilisator-vorwarts-fur-audi-a4-94-25mm\/"]}]},{"@type":"ImageObject","inLanguage":"de","@id":"https:\/\/www.silentblocks.com\/de\/produkt\/silentblock-stabilisator-vorwarts-fur-audi-a4-94-25mm\/#primaryimage","url":"https:\/\/www.silentblocks.com\/wp-content\/uploads\/2026\/02\/D1047-2.jpg","contentUrl":"https:\/\/www.silentblocks.com\/wp-content\/uploads\/2026\/02\/D1047-2.jpg","width":1000,"height":1000},{"@type":"BreadcrumbList","@id":"https:\/\/www.silentblocks.com\/de\/produkt\/silentblock-stabilisator-vorwarts-fur-audi-a4-94-25mm\/#breadcrumb","itemListElement":[{"@type":"ListItem","position":1,"name":"In\u00edcio","item":"https:\/\/www.silentblocks.com\/de\/"},{"@type":"ListItem","position":2,"name":"Page boutique","item":"https:\/\/www.silentblocks.com\/shop-2\/"},{"@type":"ListItem","position":3,"name":"Buchsen des vorderen Stabilisators f\u00fcr Audi A4 94- (\u00d825mm)"}]},{"@type":"WebSite","@id":"https:\/\/www.silentblocks.com\/de\/#website","url":"https:\/\/www.silentblocks.com\/de\/","name":"SILENTBLOCKS","description":"Secure on the road","publisher":{"@id":"https:\/\/www.silentblocks.com\/de\/#organization"},"potentialAction":[{"@type":"SearchAction","target":{"@type":"EntryPoint","urlTemplate":"https:\/\/www.silentblocks.com\/de\/?s={search_term_string}"},"query-input":{"@type":"PropertyValueSpecification","valueRequired":true,"valueName":"search_term_string"}}],"inLanguage":"de"},{"@type":"Organization","@id":"https:\/\/www.silentblocks.com\/de\/#organization","name":"SILENTBLOCKS","url":"https:\/\/www.silentblocks.com\/de\/","logo":{"@type":"ImageObject","inLanguage":"de","@id":"https:\/\/www.silentblocks.com\/de\/#\/schema\/logo\/image\/","url":"https:\/\/www.silentblocks.com\/wp-content\/uploads\/2023\/07\/logo211-sem-fundo_2012-PARA-BOUTIQUE-EBAY.png","contentUrl":"https:\/\/www.silentblocks.com\/wp-content\/uploads\/2023\/07\/logo211-sem-fundo_2012-PARA-BOUTIQUE-EBAY.png","width":300,"height":190,"caption":"SILENTBLOCKS"},"image":{"@id":"https:\/\/www.silentblocks.com\/de\/#\/schema\/logo\/image\/"}}]}},"_links":{"self":[{"href":"https:\/\/www.silentblocks.com\/de\/wp-json\/wp\/v2\/product\/74520","targetHints":{"allow":["GET"]}}],"collection":[{"href":"https:\/\/www.silentblocks.com\/de\/wp-json\/wp\/v2\/product"}],"about":[{"href":"https:\/\/www.silentblocks.com\/de\/wp-json\/wp\/v2\/types\/product"}],"version-history":[{"count":0,"href":"https:\/\/www.silentblocks.com\/de\/wp-json\/wp\/v2\/product\/74520\/revisions"}],"wp:featuredmedia":[{"embeddable":true,"href":"https:\/\/www.silentblocks.com\/de\/wp-json\/wp\/v2\/media\/129701"}],"wp:attachment":[{"href":"https:\/\/www.silentblocks.com\/de\/wp-json\/wp\/v2\/media?parent=74520"}],"wp:term":[{"taxonomy":"product_brand","embeddable":true,"href":"https:\/\/www.silentblocks.com\/de\/wp-json\/wp\/v2\/product_brand?post=74520"},{"taxonomy":"product_cat","embeddable":true,"href":"https:\/\/www.silentblocks.com\/de\/wp-json\/wp\/v2\/product_cat?post=74520"},{"taxonomy":"product_tag","embeddable":true,"href":"https:\/\/www.silentblocks.com\/de\/wp-json\/wp\/v2\/product_tag?post=74520"}],"curies":[{"name":"wp","href":"https:\/\/api.w.org\/{rel}","templated":true}]}}