{"id":75292,"date":"2023-04-26T23:05:45","date_gmt":"2023-04-26T23:05:45","guid":{"rendered":"https:\/\/www.silentblocks.com\/product\/kit-complett-body-lift-5cm-nissan-patrol-gr-y60-2\/"},"modified":"2026-02-17T21:01:47","modified_gmt":"2026-02-17T21:01:47","slug":"kit-complett-body-lift-5cm-nissan-patrol-gr-y60-2","status":"publish","type":"product","link":"https:\/\/www.silentblocks.com\/de\/produkt\/kit-complett-body-lift-5cm-nissan-patrol-gr-y60-2\/","title":{"rendered":"Kompletter Satz Chassiserh\u00f6hung f\u00fcr Nissan Patrol GR Y60 (5cm)"},"content":{"rendered":"<p>Body Lift Komplettset +5cm, Nissan Patrol GR Y60<\/p>\n<p>50mm Keile hergestellt aus Gummi, 80mm Durchmesser.<\/p>\n<p>Erh\u00e4ltlich f\u00fcr kurze (8 Keile) und lange (10 Keile) Fahrgestelle.<\/p>\n<p>Die Einwirkzeit betr\u00e4gt 2 bis 3 Stunden.<br \/>\nDie anderen erg\u00e4nzenden \u00c4nderungen sind folgende:<br \/>\nEntfernen Sie den unteren Teil der L\u00fcfterabdeckung hinter dem Wasserk\u00fchler.<br \/>\nEs handelt sich um ein Kunststoffteil, das Sie einfach abklipsen k\u00f6nnen.<br \/>\nJe nach Fahrzeug und Ihrer aktuellen Vorbereitung kann es notwendig sein, eine kleine Kerbe in den Getriebetunnel auf H\u00f6he der Manschette des Verteilergetriebehebels zu schneiden, um die Bewegung des W\u00e4hlhebels im &#8222;kurzen Bereich&#8220; freizugeben.<\/p>\n","protected":false},"excerpt":{"rendered":"<p>Body Lift Komplettset +5cm, Nissan Patrol GR Y60<\/p>\n","protected":false},"featured_media":128861,"template":"","meta":[],"product_brand":[],"product_cat":[2212,1775],"product_tag":[],"class_list":{"0":"post-75292","1":"product","2":"type-product","3":"status-publish","4":"has-post-thumbnail","6":"product_cat-nissan-de","7":"product_cat-patrol-86-97-de","9":"first","10":"instock","11":"shipping-taxable","12":"purchasable","13":"product-type-simple"},"yoast_head":"<!-- This site is optimized with the Yoast SEO Premium plugin v23.0 (Yoast SEO v27.4) - https:\/\/yoast.com\/product\/yoast-seo-premium-wordpress\/ -->\n<title>Kompletter Satz Chassiserh\u00f6hung f\u00fcr Nissan Patrol GR Y60 (5cm) - SILENT BLOCKS<\/title>\n<meta name=\"description\" content=\"Kompletter Satz Chassiserh\u00f6hung f\u00fcr Nissan Patrol GR Y60 (5cm)\" \/>\n<meta name=\"robots\" content=\"index, follow, max-snippet:-1, max-image-preview:large, max-video-preview:-1\" \/>\n<link rel=\"canonical\" href=\"https:\/\/www.silentblocks.com\/de\/produkt\/kit-complett-body-lift-5cm-nissan-patrol-gr-y60-2\/\" \/>\n<meta property=\"og:locale\" content=\"de_DE\" \/>\n<meta property=\"og:type\" content=\"article\" \/>\n<meta property=\"og:title\" content=\"Kompletter Satz Chassiserh\u00f6hung f\u00fcr Nissan Patrol GR Y60 (5cm)\" \/>\n<meta property=\"og:description\" content=\"Kompletter Satz Chassiserh\u00f6hung f\u00fcr Nissan Patrol GR Y60 (5cm)\" \/>\n<meta property=\"og:url\" content=\"https:\/\/www.silentblocks.com\/de\/produkt\/kit-complett-body-lift-5cm-nissan-patrol-gr-y60-2\/\" \/>\n<meta property=\"og:site_name\" content=\"SILENT BLOCKS\" \/>\n<meta property=\"article:modified_time\" content=\"2026-02-17T21:01:47+00:00\" \/>\n<meta property=\"og:image\" content=\"https:\/\/www.silentblocks.com\/wp-content\/uploads\/2026\/02\/P0001R-buttee-elevatoire-caoutchouc-patrol-Y60-y61-2.jpg\" \/>\n\t<meta property=\"og:image:width\" content=\"800\" \/>\n\t<meta property=\"og:image:height\" content=\"800\" \/>\n\t<meta property=\"og:image:type\" content=\"image\/jpeg\" \/>\n<meta name=\"twitter:card\" content=\"summary_large_image\" \/>\n<script type=\"application\/ld+json\" class=\"yoast-schema-graph\">{\"@context\":\"https:\\\/\\\/schema.org\",\"@graph\":[{\"@type\":\"WebPage\",\"@id\":\"https:\\\/\\\/www.silentblocks.com\\\/de\\\/produkt\\\/kit-complett-body-lift-5cm-nissan-patrol-gr-y60-2\\\/\",\"url\":\"https:\\\/\\\/www.silentblocks.com\\\/de\\\/produkt\\\/kit-complett-body-lift-5cm-nissan-patrol-gr-y60-2\\\/\",\"name\":\"Kompletter Satz Chassiserh\u00f6hung f\u00fcr Nissan Patrol GR Y60 (5cm) - SILENT BLOCKS\",\"isPartOf\":{\"@id\":\"https:\\\/\\\/www.silentblocks.com\\\/de\\\/#website\"},\"primaryImageOfPage\":{\"@id\":\"https:\\\/\\\/www.silentblocks.com\\\/de\\\/produkt\\\/kit-complett-body-lift-5cm-nissan-patrol-gr-y60-2\\\/#primaryimage\"},\"image\":{\"@id\":\"https:\\\/\\\/www.silentblocks.com\\\/de\\\/produkt\\\/kit-complett-body-lift-5cm-nissan-patrol-gr-y60-2\\\/#primaryimage\"},\"thumbnailUrl\":\"https:\\\/\\\/www.silentblocks.com\\\/wp-content\\\/uploads\\\/2026\\\/02\\\/P0001R-buttee-elevatoire-caoutchouc-patrol-Y60-y61-2.jpg\",\"datePublished\":\"2023-04-26T23:05:45+00:00\",\"dateModified\":\"2026-02-17T21:01:47+00:00\",\"description\":\"Kompletter Satz Chassiserh\u00f6hung f\u00fcr Nissan Patrol GR Y60 (5cm)\",\"breadcrumb\":{\"@id\":\"https:\\\/\\\/www.silentblocks.com\\\/de\\\/produkt\\\/kit-complett-body-lift-5cm-nissan-patrol-gr-y60-2\\\/#breadcrumb\"},\"inLanguage\":\"de\",\"potentialAction\":[{\"@type\":\"ReadAction\",\"target\":[\"https:\\\/\\\/www.silentblocks.com\\\/de\\\/produkt\\\/kit-complett-body-lift-5cm-nissan-patrol-gr-y60-2\\\/\"]}]},{\"@type\":\"ImageObject\",\"inLanguage\":\"de\",\"@id\":\"https:\\\/\\\/www.silentblocks.com\\\/de\\\/produkt\\\/kit-complett-body-lift-5cm-nissan-patrol-gr-y60-2\\\/#primaryimage\",\"url\":\"https:\\\/\\\/www.silentblocks.com\\\/wp-content\\\/uploads\\\/2026\\\/02\\\/P0001R-buttee-elevatoire-caoutchouc-patrol-Y60-y61-2.jpg\",\"contentUrl\":\"https:\\\/\\\/www.silentblocks.com\\\/wp-content\\\/uploads\\\/2026\\\/02\\\/P0001R-buttee-elevatoire-caoutchouc-patrol-Y60-y61-2.jpg\",\"width\":800,\"height\":800},{\"@type\":\"BreadcrumbList\",\"@id\":\"https:\\\/\\\/www.silentblocks.com\\\/de\\\/produkt\\\/kit-complett-body-lift-5cm-nissan-patrol-gr-y60-2\\\/#breadcrumb\",\"itemListElement\":[{\"@type\":\"ListItem\",\"position\":1,\"name\":\"In\u00edcio\",\"item\":\"https:\\\/\\\/www.silentblocks.com\\\/de\\\/\"},{\"@type\":\"ListItem\",\"position\":2,\"name\":\"Page boutique\",\"item\":\"https:\\\/\\\/www.silentblocks.com\\\/shop-2\\\/\"},{\"@type\":\"ListItem\",\"position\":3,\"name\":\"Kompletter Satz Chassiserh\u00f6hung f\u00fcr Nissan Patrol GR Y60 (5cm)\"}]},{\"@type\":\"WebSite\",\"@id\":\"https:\\\/\\\/www.silentblocks.com\\\/de\\\/#website\",\"url\":\"https:\\\/\\\/www.silentblocks.com\\\/de\\\/\",\"name\":\"SILENTBLOCKS\",\"description\":\"Secure on the road\",\"publisher\":{\"@id\":\"https:\\\/\\\/www.silentblocks.com\\\/de\\\/#organization\"},\"potentialAction\":[{\"@type\":\"SearchAction\",\"target\":{\"@type\":\"EntryPoint\",\"urlTemplate\":\"https:\\\/\\\/www.silentblocks.com\\\/de\\\/?s={search_term_string}\"},\"query-input\":{\"@type\":\"PropertyValueSpecification\",\"valueRequired\":true,\"valueName\":\"search_term_string\"}}],\"inLanguage\":\"de\"},{\"@type\":\"Organization\",\"@id\":\"https:\\\/\\\/www.silentblocks.com\\\/de\\\/#organization\",\"name\":\"SILENTBLOCKS\",\"url\":\"https:\\\/\\\/www.silentblocks.com\\\/de\\\/\",\"logo\":{\"@type\":\"ImageObject\",\"inLanguage\":\"de\",\"@id\":\"https:\\\/\\\/www.silentblocks.com\\\/de\\\/#\\\/schema\\\/logo\\\/image\\\/\",\"url\":\"https:\\\/\\\/www.silentblocks.com\\\/wp-content\\\/uploads\\\/2023\\\/07\\\/logo211-sem-fundo_2012-PARA-BOUTIQUE-EBAY.png\",\"contentUrl\":\"https:\\\/\\\/www.silentblocks.com\\\/wp-content\\\/uploads\\\/2023\\\/07\\\/logo211-sem-fundo_2012-PARA-BOUTIQUE-EBAY.png\",\"width\":300,\"height\":190,\"caption\":\"SILENTBLOCKS\"},\"image\":{\"@id\":\"https:\\\/\\\/www.silentblocks.com\\\/de\\\/#\\\/schema\\\/logo\\\/image\\\/\"}}]}<\/script>\n<!-- \/ Yoast SEO Premium plugin. -->","yoast_head_json":{"title":"Kompletter Satz Chassiserh\u00f6hung f\u00fcr Nissan Patrol GR Y60 (5cm) - SILENT BLOCKS","description":"Kompletter Satz Chassiserh\u00f6hung f\u00fcr Nissan Patrol GR Y60 (5cm)","robots":{"index":"index","follow":"follow","max-snippet":"max-snippet:-1","max-image-preview":"max-image-preview:large","max-video-preview":"max-video-preview:-1"},"canonical":"https:\/\/www.silentblocks.com\/de\/produkt\/kit-complett-body-lift-5cm-nissan-patrol-gr-y60-2\/","og_locale":"de_DE","og_type":"article","og_title":"Kompletter Satz Chassiserh\u00f6hung f\u00fcr Nissan Patrol GR Y60 (5cm)","og_description":"Kompletter Satz Chassiserh\u00f6hung f\u00fcr Nissan Patrol GR Y60 (5cm)","og_url":"https:\/\/www.silentblocks.com\/de\/produkt\/kit-complett-body-lift-5cm-nissan-patrol-gr-y60-2\/","og_site_name":"SILENT BLOCKS","article_modified_time":"2026-02-17T21:01:47+00:00","og_image":[{"width":800,"height":800,"url":"https:\/\/www.silentblocks.com\/wp-content\/uploads\/2026\/02\/P0001R-buttee-elevatoire-caoutchouc-patrol-Y60-y61-2.jpg","type":"image\/jpeg"}],"twitter_card":"summary_large_image","schema":{"@context":"https:\/\/schema.org","@graph":[{"@type":"WebPage","@id":"https:\/\/www.silentblocks.com\/de\/produkt\/kit-complett-body-lift-5cm-nissan-patrol-gr-y60-2\/","url":"https:\/\/www.silentblocks.com\/de\/produkt\/kit-complett-body-lift-5cm-nissan-patrol-gr-y60-2\/","name":"Kompletter Satz Chassiserh\u00f6hung f\u00fcr Nissan Patrol GR Y60 (5cm) - SILENT BLOCKS","isPartOf":{"@id":"https:\/\/www.silentblocks.com\/de\/#website"},"primaryImageOfPage":{"@id":"https:\/\/www.silentblocks.com\/de\/produkt\/kit-complett-body-lift-5cm-nissan-patrol-gr-y60-2\/#primaryimage"},"image":{"@id":"https:\/\/www.silentblocks.com\/de\/produkt\/kit-complett-body-lift-5cm-nissan-patrol-gr-y60-2\/#primaryimage"},"thumbnailUrl":"https:\/\/www.silentblocks.com\/wp-content\/uploads\/2026\/02\/P0001R-buttee-elevatoire-caoutchouc-patrol-Y60-y61-2.jpg","datePublished":"2023-04-26T23:05:45+00:00","dateModified":"2026-02-17T21:01:47+00:00","description":"Kompletter Satz Chassiserh\u00f6hung f\u00fcr Nissan Patrol GR Y60 (5cm)","breadcrumb":{"@id":"https:\/\/www.silentblocks.com\/de\/produkt\/kit-complett-body-lift-5cm-nissan-patrol-gr-y60-2\/#breadcrumb"},"inLanguage":"de","potentialAction":[{"@type":"ReadAction","target":["https:\/\/www.silentblocks.com\/de\/produkt\/kit-complett-body-lift-5cm-nissan-patrol-gr-y60-2\/"]}]},{"@type":"ImageObject","inLanguage":"de","@id":"https:\/\/www.silentblocks.com\/de\/produkt\/kit-complett-body-lift-5cm-nissan-patrol-gr-y60-2\/#primaryimage","url":"https:\/\/www.silentblocks.com\/wp-content\/uploads\/2026\/02\/P0001R-buttee-elevatoire-caoutchouc-patrol-Y60-y61-2.jpg","contentUrl":"https:\/\/www.silentblocks.com\/wp-content\/uploads\/2026\/02\/P0001R-buttee-elevatoire-caoutchouc-patrol-Y60-y61-2.jpg","width":800,"height":800},{"@type":"BreadcrumbList","@id":"https:\/\/www.silentblocks.com\/de\/produkt\/kit-complett-body-lift-5cm-nissan-patrol-gr-y60-2\/#breadcrumb","itemListElement":[{"@type":"ListItem","position":1,"name":"In\u00edcio","item":"https:\/\/www.silentblocks.com\/de\/"},{"@type":"ListItem","position":2,"name":"Page boutique","item":"https:\/\/www.silentblocks.com\/shop-2\/"},{"@type":"ListItem","position":3,"name":"Kompletter Satz Chassiserh\u00f6hung f\u00fcr Nissan Patrol GR Y60 (5cm)"}]},{"@type":"WebSite","@id":"https:\/\/www.silentblocks.com\/de\/#website","url":"https:\/\/www.silentblocks.com\/de\/","name":"SILENTBLOCKS","description":"Secure on the road","publisher":{"@id":"https:\/\/www.silentblocks.com\/de\/#organization"},"potentialAction":[{"@type":"SearchAction","target":{"@type":"EntryPoint","urlTemplate":"https:\/\/www.silentblocks.com\/de\/?s={search_term_string}"},"query-input":{"@type":"PropertyValueSpecification","valueRequired":true,"valueName":"search_term_string"}}],"inLanguage":"de"},{"@type":"Organization","@id":"https:\/\/www.silentblocks.com\/de\/#organization","name":"SILENTBLOCKS","url":"https:\/\/www.silentblocks.com\/de\/","logo":{"@type":"ImageObject","inLanguage":"de","@id":"https:\/\/www.silentblocks.com\/de\/#\/schema\/logo\/image\/","url":"https:\/\/www.silentblocks.com\/wp-content\/uploads\/2023\/07\/logo211-sem-fundo_2012-PARA-BOUTIQUE-EBAY.png","contentUrl":"https:\/\/www.silentblocks.com\/wp-content\/uploads\/2023\/07\/logo211-sem-fundo_2012-PARA-BOUTIQUE-EBAY.png","width":300,"height":190,"caption":"SILENTBLOCKS"},"image":{"@id":"https:\/\/www.silentblocks.com\/de\/#\/schema\/logo\/image\/"}}]}},"_links":{"self":[{"href":"https:\/\/www.silentblocks.com\/de\/wp-json\/wp\/v2\/product\/75292","targetHints":{"allow":["GET"]}}],"collection":[{"href":"https:\/\/www.silentblocks.com\/de\/wp-json\/wp\/v2\/product"}],"about":[{"href":"https:\/\/www.silentblocks.com\/de\/wp-json\/wp\/v2\/types\/product"}],"version-history":[{"count":0,"href":"https:\/\/www.silentblocks.com\/de\/wp-json\/wp\/v2\/product\/75292\/revisions"}],"wp:featuredmedia":[{"embeddable":true,"href":"https:\/\/www.silentblocks.com\/de\/wp-json\/wp\/v2\/media\/128861"}],"wp:attachment":[{"href":"https:\/\/www.silentblocks.com\/de\/wp-json\/wp\/v2\/media?parent=75292"}],"wp:term":[{"taxonomy":"product_brand","embeddable":true,"href":"https:\/\/www.silentblocks.com\/de\/wp-json\/wp\/v2\/product_brand?post=75292"},{"taxonomy":"product_cat","embeddable":true,"href":"https:\/\/www.silentblocks.com\/de\/wp-json\/wp\/v2\/product_cat?post=75292"},{"taxonomy":"product_tag","embeddable":true,"href":"https:\/\/www.silentblocks.com\/de\/wp-json\/wp\/v2\/product_tag?post=75292"}],"curies":[{"name":"wp","href":"https:\/\/api.w.org\/{rel}","templated":true}]}}