{"id":75607,"date":"2023-04-26T23:05:21","date_gmt":"2023-04-26T23:05:21","guid":{"rendered":"https:\/\/www.silentblocks.com\/product\/2-silentblocks-der-arm-vor-fur-renault\/"},"modified":"2026-02-17T21:02:44","modified_gmt":"2026-02-17T21:02:44","slug":"2-silentblocks-der-arm-vor-fur-renault","status":"publish","type":"product","link":"https:\/\/www.silentblocks.com\/de\/produkt\/2-silentblocks-der-arm-vor-fur-renault\/","title":{"rendered":"Vordere Querlenkerbuchse, f\u00fcr Renault Fluence, Scenic III, Megane III"},"content":{"rendered":"<p>4 buchsen f\u00fcr zwei vordere Querlenker, passend f\u00fcr die folgenden Fahrzeuge:<br \/>\nRenault Fluence 2010-<br \/>\nRenault Scenic III 2008.09-2016.07  [EU]<br \/>\nRenault Megane III 2008.09-2016.07  [EU]<br \/>\nRenault Megane Grandtour III KZ 2008-2016<br \/>\nRenault Megane CC III 2010-2016<br \/>\nRenault Grand Scenic III JZ 2009-2016<\/p>\n<p>Herstellerreferenzen (OEM-Code) zur Orientierung :<br \/>\n8200002869, 8200049624, 4408958<\/p>\n<p>Neue Teile, die mit Rechnung verkauft werden. Alle unsere Produkte haben eine Garantie von 2 Jahren.<\/p>\n<p>&nbsp;<\/p>\n","protected":false},"excerpt":{"rendered":"<p>2 Silentblocs f\u00fcr beide Vorderarme f\u00fcr Renault Scenic III, Fluence, Megane III, Grand Scenic III<\/p>\n","protected":false},"featured_media":128565,"template":"","meta":[],"product_brand":[],"product_cat":[2224,3405,3436,3445,3460,3466],"product_tag":[],"class_list":{"0":"post-75607","1":"product","2":"type-product","3":"status-publish","4":"has-post-thumbnail","6":"product_cat-renault-de","7":"product_cat-fluence-de","8":"product_cat-megane-de","9":"product_cat-megane-iii-de","10":"product_cat-scenic-de","11":"product_cat-scenic-iii-de","13":"first","14":"instock","15":"shipping-taxable","16":"purchasable","17":"product-type-simple"},"yoast_head":"<!-- This site is optimized with the Yoast SEO Premium plugin v23.0 (Yoast SEO v27.4) - https:\/\/yoast.com\/product\/yoast-seo-premium-wordpress\/ -->\n<title>Vordere Querlenkerbuchse, f\u00fcr Renault Fluence, Scenic III, Megane III - SILENT BLOCKS<\/title>\n<meta name=\"description\" content=\"Vordere Querlenkerbuchse, f\u00fcr Renault Fluence, Renault Scenic III, Renault Megane III, kompatibel mit OEM 8200002869, 8200049624, 4408958\" \/>\n<meta name=\"robots\" content=\"index, follow, max-snippet:-1, max-image-preview:large, max-video-preview:-1\" \/>\n<link rel=\"canonical\" href=\"https:\/\/www.silentblocks.com\/de\/produkt\/2-silentblocks-der-arm-vor-fur-renault\/\" \/>\n<meta property=\"og:locale\" content=\"de_DE\" \/>\n<meta property=\"og:type\" content=\"article\" \/>\n<meta property=\"og:title\" content=\"Vordere Querlenkerbuchse, f\u00fcr Renault Fluence, Scenic III, Megane III\" \/>\n<meta property=\"og:description\" content=\"Vordere Querlenkerbuchse, f\u00fcr Renault Fluence, Renault Scenic III, Renault Megane III, kompatibel mit OEM 8200002869, 8200049624, 4408958\" \/>\n<meta property=\"og:url\" content=\"https:\/\/www.silentblocks.com\/de\/produkt\/2-silentblocks-der-arm-vor-fur-renault\/\" \/>\n<meta property=\"og:site_name\" content=\"SILENT BLOCKS\" \/>\n<meta property=\"article:modified_time\" content=\"2026-02-17T21:02:44+00:00\" \/>\n<meta property=\"og:image\" content=\"https:\/\/www.silentblocks.com\/wp-content\/uploads\/2026\/02\/silentbloc-bras-arriere-laguna-2-2.jpg\" \/>\n\t<meta property=\"og:image:width\" content=\"800\" \/>\n\t<meta property=\"og:image:height\" content=\"800\" \/>\n\t<meta property=\"og:image:type\" content=\"image\/jpeg\" \/>\n<meta name=\"twitter:card\" content=\"summary_large_image\" \/>\n<script type=\"application\/ld+json\" class=\"yoast-schema-graph\">{\"@context\":\"https:\\\/\\\/schema.org\",\"@graph\":[{\"@type\":\"WebPage\",\"@id\":\"https:\\\/\\\/www.silentblocks.com\\\/de\\\/produkt\\\/2-silentblocks-der-arm-vor-fur-renault\\\/\",\"url\":\"https:\\\/\\\/www.silentblocks.com\\\/de\\\/produkt\\\/2-silentblocks-der-arm-vor-fur-renault\\\/\",\"name\":\"Vordere Querlenkerbuchse, f\u00fcr Renault Fluence, Scenic III, Megane III - SILENT BLOCKS\",\"isPartOf\":{\"@id\":\"https:\\\/\\\/www.silentblocks.com\\\/de\\\/#website\"},\"primaryImageOfPage\":{\"@id\":\"https:\\\/\\\/www.silentblocks.com\\\/de\\\/produkt\\\/2-silentblocks-der-arm-vor-fur-renault\\\/#primaryimage\"},\"image\":{\"@id\":\"https:\\\/\\\/www.silentblocks.com\\\/de\\\/produkt\\\/2-silentblocks-der-arm-vor-fur-renault\\\/#primaryimage\"},\"thumbnailUrl\":\"https:\\\/\\\/www.silentblocks.com\\\/wp-content\\\/uploads\\\/2026\\\/02\\\/silentbloc-bras-arriere-laguna-2-2.jpg\",\"datePublished\":\"2023-04-26T23:05:21+00:00\",\"dateModified\":\"2026-02-17T21:02:44+00:00\",\"description\":\"Vordere Querlenkerbuchse, f\u00fcr Renault Fluence, Renault Scenic III, Renault Megane III, kompatibel mit OEM 8200002869, 8200049624, 4408958\",\"breadcrumb\":{\"@id\":\"https:\\\/\\\/www.silentblocks.com\\\/de\\\/produkt\\\/2-silentblocks-der-arm-vor-fur-renault\\\/#breadcrumb\"},\"inLanguage\":\"de\",\"potentialAction\":[{\"@type\":\"ReadAction\",\"target\":[\"https:\\\/\\\/www.silentblocks.com\\\/de\\\/produkt\\\/2-silentblocks-der-arm-vor-fur-renault\\\/\"]}]},{\"@type\":\"ImageObject\",\"inLanguage\":\"de\",\"@id\":\"https:\\\/\\\/www.silentblocks.com\\\/de\\\/produkt\\\/2-silentblocks-der-arm-vor-fur-renault\\\/#primaryimage\",\"url\":\"https:\\\/\\\/www.silentblocks.com\\\/wp-content\\\/uploads\\\/2026\\\/02\\\/silentbloc-bras-arriere-laguna-2-2.jpg\",\"contentUrl\":\"https:\\\/\\\/www.silentblocks.com\\\/wp-content\\\/uploads\\\/2026\\\/02\\\/silentbloc-bras-arriere-laguna-2-2.jpg\",\"width\":800,\"height\":800},{\"@type\":\"BreadcrumbList\",\"@id\":\"https:\\\/\\\/www.silentblocks.com\\\/de\\\/produkt\\\/2-silentblocks-der-arm-vor-fur-renault\\\/#breadcrumb\",\"itemListElement\":[{\"@type\":\"ListItem\",\"position\":1,\"name\":\"In\u00edcio\",\"item\":\"https:\\\/\\\/www.silentblocks.com\\\/de\\\/\"},{\"@type\":\"ListItem\",\"position\":2,\"name\":\"Page boutique\",\"item\":\"https:\\\/\\\/www.silentblocks.com\\\/shop-2\\\/\"},{\"@type\":\"ListItem\",\"position\":3,\"name\":\"Vordere Querlenkerbuchse, f\u00fcr Renault Fluence, Scenic III, Megane III\"}]},{\"@type\":\"WebSite\",\"@id\":\"https:\\\/\\\/www.silentblocks.com\\\/de\\\/#website\",\"url\":\"https:\\\/\\\/www.silentblocks.com\\\/de\\\/\",\"name\":\"SILENTBLOCKS\",\"description\":\"Secure on the road\",\"publisher\":{\"@id\":\"https:\\\/\\\/www.silentblocks.com\\\/de\\\/#organization\"},\"potentialAction\":[{\"@type\":\"SearchAction\",\"target\":{\"@type\":\"EntryPoint\",\"urlTemplate\":\"https:\\\/\\\/www.silentblocks.com\\\/de\\\/?s={search_term_string}\"},\"query-input\":{\"@type\":\"PropertyValueSpecification\",\"valueRequired\":true,\"valueName\":\"search_term_string\"}}],\"inLanguage\":\"de\"},{\"@type\":\"Organization\",\"@id\":\"https:\\\/\\\/www.silentblocks.com\\\/de\\\/#organization\",\"name\":\"SILENTBLOCKS\",\"url\":\"https:\\\/\\\/www.silentblocks.com\\\/de\\\/\",\"logo\":{\"@type\":\"ImageObject\",\"inLanguage\":\"de\",\"@id\":\"https:\\\/\\\/www.silentblocks.com\\\/de\\\/#\\\/schema\\\/logo\\\/image\\\/\",\"url\":\"https:\\\/\\\/www.silentblocks.com\\\/wp-content\\\/uploads\\\/2023\\\/07\\\/logo211-sem-fundo_2012-PARA-BOUTIQUE-EBAY.png\",\"contentUrl\":\"https:\\\/\\\/www.silentblocks.com\\\/wp-content\\\/uploads\\\/2023\\\/07\\\/logo211-sem-fundo_2012-PARA-BOUTIQUE-EBAY.png\",\"width\":300,\"height\":190,\"caption\":\"SILENTBLOCKS\"},\"image\":{\"@id\":\"https:\\\/\\\/www.silentblocks.com\\\/de\\\/#\\\/schema\\\/logo\\\/image\\\/\"}}]}<\/script>\n<!-- \/ Yoast SEO Premium plugin. -->","yoast_head_json":{"title":"Vordere Querlenkerbuchse, f\u00fcr Renault Fluence, Scenic III, Megane III - SILENT BLOCKS","description":"Vordere Querlenkerbuchse, f\u00fcr Renault Fluence, Renault Scenic III, Renault Megane III, kompatibel mit OEM 8200002869, 8200049624, 4408958","robots":{"index":"index","follow":"follow","max-snippet":"max-snippet:-1","max-image-preview":"max-image-preview:large","max-video-preview":"max-video-preview:-1"},"canonical":"https:\/\/www.silentblocks.com\/de\/produkt\/2-silentblocks-der-arm-vor-fur-renault\/","og_locale":"de_DE","og_type":"article","og_title":"Vordere Querlenkerbuchse, f\u00fcr Renault Fluence, Scenic III, Megane III","og_description":"Vordere Querlenkerbuchse, f\u00fcr Renault Fluence, Renault Scenic III, Renault Megane III, kompatibel mit OEM 8200002869, 8200049624, 4408958","og_url":"https:\/\/www.silentblocks.com\/de\/produkt\/2-silentblocks-der-arm-vor-fur-renault\/","og_site_name":"SILENT BLOCKS","article_modified_time":"2026-02-17T21:02:44+00:00","og_image":[{"width":800,"height":800,"url":"https:\/\/www.silentblocks.com\/wp-content\/uploads\/2026\/02\/silentbloc-bras-arriere-laguna-2-2.jpg","type":"image\/jpeg"}],"twitter_card":"summary_large_image","schema":{"@context":"https:\/\/schema.org","@graph":[{"@type":"WebPage","@id":"https:\/\/www.silentblocks.com\/de\/produkt\/2-silentblocks-der-arm-vor-fur-renault\/","url":"https:\/\/www.silentblocks.com\/de\/produkt\/2-silentblocks-der-arm-vor-fur-renault\/","name":"Vordere Querlenkerbuchse, f\u00fcr Renault Fluence, Scenic III, Megane III - SILENT BLOCKS","isPartOf":{"@id":"https:\/\/www.silentblocks.com\/de\/#website"},"primaryImageOfPage":{"@id":"https:\/\/www.silentblocks.com\/de\/produkt\/2-silentblocks-der-arm-vor-fur-renault\/#primaryimage"},"image":{"@id":"https:\/\/www.silentblocks.com\/de\/produkt\/2-silentblocks-der-arm-vor-fur-renault\/#primaryimage"},"thumbnailUrl":"https:\/\/www.silentblocks.com\/wp-content\/uploads\/2026\/02\/silentbloc-bras-arriere-laguna-2-2.jpg","datePublished":"2023-04-26T23:05:21+00:00","dateModified":"2026-02-17T21:02:44+00:00","description":"Vordere Querlenkerbuchse, f\u00fcr Renault Fluence, Renault Scenic III, Renault Megane III, kompatibel mit OEM 8200002869, 8200049624, 4408958","breadcrumb":{"@id":"https:\/\/www.silentblocks.com\/de\/produkt\/2-silentblocks-der-arm-vor-fur-renault\/#breadcrumb"},"inLanguage":"de","potentialAction":[{"@type":"ReadAction","target":["https:\/\/www.silentblocks.com\/de\/produkt\/2-silentblocks-der-arm-vor-fur-renault\/"]}]},{"@type":"ImageObject","inLanguage":"de","@id":"https:\/\/www.silentblocks.com\/de\/produkt\/2-silentblocks-der-arm-vor-fur-renault\/#primaryimage","url":"https:\/\/www.silentblocks.com\/wp-content\/uploads\/2026\/02\/silentbloc-bras-arriere-laguna-2-2.jpg","contentUrl":"https:\/\/www.silentblocks.com\/wp-content\/uploads\/2026\/02\/silentbloc-bras-arriere-laguna-2-2.jpg","width":800,"height":800},{"@type":"BreadcrumbList","@id":"https:\/\/www.silentblocks.com\/de\/produkt\/2-silentblocks-der-arm-vor-fur-renault\/#breadcrumb","itemListElement":[{"@type":"ListItem","position":1,"name":"In\u00edcio","item":"https:\/\/www.silentblocks.com\/de\/"},{"@type":"ListItem","position":2,"name":"Page boutique","item":"https:\/\/www.silentblocks.com\/shop-2\/"},{"@type":"ListItem","position":3,"name":"Vordere Querlenkerbuchse, f\u00fcr Renault Fluence, Scenic III, Megane III"}]},{"@type":"WebSite","@id":"https:\/\/www.silentblocks.com\/de\/#website","url":"https:\/\/www.silentblocks.com\/de\/","name":"SILENTBLOCKS","description":"Secure on the road","publisher":{"@id":"https:\/\/www.silentblocks.com\/de\/#organization"},"potentialAction":[{"@type":"SearchAction","target":{"@type":"EntryPoint","urlTemplate":"https:\/\/www.silentblocks.com\/de\/?s={search_term_string}"},"query-input":{"@type":"PropertyValueSpecification","valueRequired":true,"valueName":"search_term_string"}}],"inLanguage":"de"},{"@type":"Organization","@id":"https:\/\/www.silentblocks.com\/de\/#organization","name":"SILENTBLOCKS","url":"https:\/\/www.silentblocks.com\/de\/","logo":{"@type":"ImageObject","inLanguage":"de","@id":"https:\/\/www.silentblocks.com\/de\/#\/schema\/logo\/image\/","url":"https:\/\/www.silentblocks.com\/wp-content\/uploads\/2023\/07\/logo211-sem-fundo_2012-PARA-BOUTIQUE-EBAY.png","contentUrl":"https:\/\/www.silentblocks.com\/wp-content\/uploads\/2023\/07\/logo211-sem-fundo_2012-PARA-BOUTIQUE-EBAY.png","width":300,"height":190,"caption":"SILENTBLOCKS"},"image":{"@id":"https:\/\/www.silentblocks.com\/de\/#\/schema\/logo\/image\/"}}]}},"_links":{"self":[{"href":"https:\/\/www.silentblocks.com\/de\/wp-json\/wp\/v2\/product\/75607","targetHints":{"allow":["GET"]}}],"collection":[{"href":"https:\/\/www.silentblocks.com\/de\/wp-json\/wp\/v2\/product"}],"about":[{"href":"https:\/\/www.silentblocks.com\/de\/wp-json\/wp\/v2\/types\/product"}],"version-history":[{"count":0,"href":"https:\/\/www.silentblocks.com\/de\/wp-json\/wp\/v2\/product\/75607\/revisions"}],"wp:featuredmedia":[{"embeddable":true,"href":"https:\/\/www.silentblocks.com\/de\/wp-json\/wp\/v2\/media\/128565"}],"wp:attachment":[{"href":"https:\/\/www.silentblocks.com\/de\/wp-json\/wp\/v2\/media?parent=75607"}],"wp:term":[{"taxonomy":"product_brand","embeddable":true,"href":"https:\/\/www.silentblocks.com\/de\/wp-json\/wp\/v2\/product_brand?post=75607"},{"taxonomy":"product_cat","embeddable":true,"href":"https:\/\/www.silentblocks.com\/de\/wp-json\/wp\/v2\/product_cat?post=75607"},{"taxonomy":"product_tag","embeddable":true,"href":"https:\/\/www.silentblocks.com\/de\/wp-json\/wp\/v2\/product_tag?post=75607"}],"curies":[{"name":"wp","href":"https:\/\/api.w.org\/{rel}","templated":true}]}}