{"id":75675,"date":"2023-04-26T23:05:14","date_gmt":"2023-04-26T23:05:14","guid":{"rendered":"https:\/\/www.silentblocks.com\/product\/4-silentblocks-fur-zwei-arm-bogen-fur-opel-vectra-c-signum-insignia\/"},"modified":"2026-02-17T21:02:56","modified_gmt":"2026-02-17T21:02:56","slug":"4-silentblocks-fur-zwei-arm-bogen-fur-opel-vectra-c-signum-insignia","status":"publish","type":"product","link":"https:\/\/www.silentblocks.com\/de\/produkt\/4-silentblocks-fur-zwei-arm-bogen-fur-opel-vectra-c-signum-insignia\/","title":{"rendered":"Querlenkerbuchsen hinten f\u00fcr Chevrolet Malibu"},"content":{"rendered":"<p>4 Buchsen f\u00fcr zwei hintere Querlenker, passend f\u00fcr folgende Fahrzeuge<br \/>\nChevrolet Malibu (V300) 2012-<br \/>\nChevrolet Malibu 1982-<\/p>\n<p>Herstellerreferenzen (OEM-Code) zur Orientierung :<br \/>\n0423046, 423002 , 13219171, 13239221, 13204112<\/p>\n<p>Neue Teile, die mit Rechnung verkauft werden. Alle unsere Produkte haben eine Garantie von 2 Jahren.<\/p>\n","protected":false},"excerpt":{"rendered":"<p>4 Silents f\u00fcr zwei hintere Querlenker, f\u00fcr Chevrolet Malibu<\/p>\n","protected":false},"featured_media":128485,"template":"","meta":[],"product_brand":[],"product_cat":[2137,2407],"product_tag":[],"class_list":{"0":"post-75675","1":"product","2":"type-product","3":"status-publish","4":"has-post-thumbnail","6":"product_cat-chevrolet-de","7":"product_cat-malibu-de","9":"first","10":"instock","11":"shipping-taxable","12":"purchasable","13":"product-type-simple"},"yoast_head":"<!-- This site is optimized with the Yoast SEO Premium plugin v23.0 (Yoast SEO v27.4) - https:\/\/yoast.com\/product\/yoast-seo-premium-wordpress\/ -->\n<title>Querlenkerbuchsen hinten f\u00fcr Chevrolet Malibu - SILENT BLOCKS<\/title>\n<meta name=\"description\" content=\"Buchsen der hinteren Querlenker, f\u00fcr Chevrolet Malibu, kompatibel mit OEM 0423046, 423002 , 13219171, 13239221, 13204112\" \/>\n<meta name=\"robots\" content=\"index, follow, max-snippet:-1, max-image-preview:large, max-video-preview:-1\" \/>\n<link rel=\"canonical\" href=\"https:\/\/www.silentblocks.com\/de\/produkt\/4-silentblocks-fur-zwei-arm-bogen-fur-opel-vectra-c-signum-insignia\/\" \/>\n<meta property=\"og:locale\" content=\"de_DE\" \/>\n<meta property=\"og:type\" content=\"article\" \/>\n<meta property=\"og:title\" content=\"Querlenkerbuchsen hinten f\u00fcr Chevrolet Malibu\" \/>\n<meta property=\"og:description\" content=\"Buchsen der hinteren Querlenker, f\u00fcr Chevrolet Malibu, kompatibel mit OEM 0423046, 423002 , 13219171, 13239221, 13204112\" \/>\n<meta property=\"og:url\" content=\"https:\/\/www.silentblocks.com\/de\/produkt\/4-silentblocks-fur-zwei-arm-bogen-fur-opel-vectra-c-signum-insignia\/\" \/>\n<meta property=\"og:site_name\" content=\"SILENT BLOCKS\" \/>\n<meta property=\"article:modified_time\" content=\"2026-02-17T21:02:56+00:00\" \/>\n<meta property=\"og:image\" content=\"https:\/\/www.silentblocks.com\/wp-content\/uploads\/2026\/02\/4-silentbloc-pour-deux-bras-arriere-vectra-C-0423046-2.jpg\" \/>\n\t<meta property=\"og:image:width\" content=\"1000\" \/>\n\t<meta property=\"og:image:height\" content=\"1000\" \/>\n\t<meta property=\"og:image:type\" content=\"image\/jpeg\" \/>\n<meta name=\"twitter:card\" content=\"summary_large_image\" \/>\n<script type=\"application\/ld+json\" class=\"yoast-schema-graph\">{\"@context\":\"https:\\\/\\\/schema.org\",\"@graph\":[{\"@type\":\"WebPage\",\"@id\":\"https:\\\/\\\/www.silentblocks.com\\\/de\\\/produkt\\\/4-silentblocks-fur-zwei-arm-bogen-fur-opel-vectra-c-signum-insignia\\\/\",\"url\":\"https:\\\/\\\/www.silentblocks.com\\\/de\\\/produkt\\\/4-silentblocks-fur-zwei-arm-bogen-fur-opel-vectra-c-signum-insignia\\\/\",\"name\":\"Querlenkerbuchsen hinten f\u00fcr Chevrolet Malibu - SILENT BLOCKS\",\"isPartOf\":{\"@id\":\"https:\\\/\\\/www.silentblocks.com\\\/de\\\/#website\"},\"primaryImageOfPage\":{\"@id\":\"https:\\\/\\\/www.silentblocks.com\\\/de\\\/produkt\\\/4-silentblocks-fur-zwei-arm-bogen-fur-opel-vectra-c-signum-insignia\\\/#primaryimage\"},\"image\":{\"@id\":\"https:\\\/\\\/www.silentblocks.com\\\/de\\\/produkt\\\/4-silentblocks-fur-zwei-arm-bogen-fur-opel-vectra-c-signum-insignia\\\/#primaryimage\"},\"thumbnailUrl\":\"https:\\\/\\\/www.silentblocks.com\\\/wp-content\\\/uploads\\\/2026\\\/02\\\/4-silentbloc-pour-deux-bras-arriere-vectra-C-0423046-2.jpg\",\"datePublished\":\"2023-04-26T23:05:14+00:00\",\"dateModified\":\"2026-02-17T21:02:56+00:00\",\"description\":\"Buchsen der hinteren Querlenker, f\u00fcr Chevrolet Malibu, kompatibel mit OEM 0423046, 423002 , 13219171, 13239221, 13204112\",\"breadcrumb\":{\"@id\":\"https:\\\/\\\/www.silentblocks.com\\\/de\\\/produkt\\\/4-silentblocks-fur-zwei-arm-bogen-fur-opel-vectra-c-signum-insignia\\\/#breadcrumb\"},\"inLanguage\":\"de\",\"potentialAction\":[{\"@type\":\"ReadAction\",\"target\":[\"https:\\\/\\\/www.silentblocks.com\\\/de\\\/produkt\\\/4-silentblocks-fur-zwei-arm-bogen-fur-opel-vectra-c-signum-insignia\\\/\"]}]},{\"@type\":\"ImageObject\",\"inLanguage\":\"de\",\"@id\":\"https:\\\/\\\/www.silentblocks.com\\\/de\\\/produkt\\\/4-silentblocks-fur-zwei-arm-bogen-fur-opel-vectra-c-signum-insignia\\\/#primaryimage\",\"url\":\"https:\\\/\\\/www.silentblocks.com\\\/wp-content\\\/uploads\\\/2026\\\/02\\\/4-silentbloc-pour-deux-bras-arriere-vectra-C-0423046-2.jpg\",\"contentUrl\":\"https:\\\/\\\/www.silentblocks.com\\\/wp-content\\\/uploads\\\/2026\\\/02\\\/4-silentbloc-pour-deux-bras-arriere-vectra-C-0423046-2.jpg\",\"width\":1000,\"height\":1000},{\"@type\":\"BreadcrumbList\",\"@id\":\"https:\\\/\\\/www.silentblocks.com\\\/de\\\/produkt\\\/4-silentblocks-fur-zwei-arm-bogen-fur-opel-vectra-c-signum-insignia\\\/#breadcrumb\",\"itemListElement\":[{\"@type\":\"ListItem\",\"position\":1,\"name\":\"In\u00edcio\",\"item\":\"https:\\\/\\\/www.silentblocks.com\\\/de\\\/\"},{\"@type\":\"ListItem\",\"position\":2,\"name\":\"Page boutique\",\"item\":\"https:\\\/\\\/www.silentblocks.com\\\/shop-2\\\/\"},{\"@type\":\"ListItem\",\"position\":3,\"name\":\"Querlenkerbuchsen hinten f\u00fcr Chevrolet Malibu\"}]},{\"@type\":\"WebSite\",\"@id\":\"https:\\\/\\\/www.silentblocks.com\\\/de\\\/#website\",\"url\":\"https:\\\/\\\/www.silentblocks.com\\\/de\\\/\",\"name\":\"SILENTBLOCKS\",\"description\":\"Secure on the road\",\"publisher\":{\"@id\":\"https:\\\/\\\/www.silentblocks.com\\\/de\\\/#organization\"},\"potentialAction\":[{\"@type\":\"SearchAction\",\"target\":{\"@type\":\"EntryPoint\",\"urlTemplate\":\"https:\\\/\\\/www.silentblocks.com\\\/de\\\/?s={search_term_string}\"},\"query-input\":{\"@type\":\"PropertyValueSpecification\",\"valueRequired\":true,\"valueName\":\"search_term_string\"}}],\"inLanguage\":\"de\"},{\"@type\":\"Organization\",\"@id\":\"https:\\\/\\\/www.silentblocks.com\\\/de\\\/#organization\",\"name\":\"SILENTBLOCKS\",\"url\":\"https:\\\/\\\/www.silentblocks.com\\\/de\\\/\",\"logo\":{\"@type\":\"ImageObject\",\"inLanguage\":\"de\",\"@id\":\"https:\\\/\\\/www.silentblocks.com\\\/de\\\/#\\\/schema\\\/logo\\\/image\\\/\",\"url\":\"https:\\\/\\\/www.silentblocks.com\\\/wp-content\\\/uploads\\\/2023\\\/07\\\/logo211-sem-fundo_2012-PARA-BOUTIQUE-EBAY.png\",\"contentUrl\":\"https:\\\/\\\/www.silentblocks.com\\\/wp-content\\\/uploads\\\/2023\\\/07\\\/logo211-sem-fundo_2012-PARA-BOUTIQUE-EBAY.png\",\"width\":300,\"height\":190,\"caption\":\"SILENTBLOCKS\"},\"image\":{\"@id\":\"https:\\\/\\\/www.silentblocks.com\\\/de\\\/#\\\/schema\\\/logo\\\/image\\\/\"}}]}<\/script>\n<!-- \/ Yoast SEO Premium plugin. -->","yoast_head_json":{"title":"Querlenkerbuchsen hinten f\u00fcr Chevrolet Malibu - SILENT BLOCKS","description":"Buchsen der hinteren Querlenker, f\u00fcr Chevrolet Malibu, kompatibel mit OEM 0423046, 423002 , 13219171, 13239221, 13204112","robots":{"index":"index","follow":"follow","max-snippet":"max-snippet:-1","max-image-preview":"max-image-preview:large","max-video-preview":"max-video-preview:-1"},"canonical":"https:\/\/www.silentblocks.com\/de\/produkt\/4-silentblocks-fur-zwei-arm-bogen-fur-opel-vectra-c-signum-insignia\/","og_locale":"de_DE","og_type":"article","og_title":"Querlenkerbuchsen hinten f\u00fcr Chevrolet Malibu","og_description":"Buchsen der hinteren Querlenker, f\u00fcr Chevrolet Malibu, kompatibel mit OEM 0423046, 423002 , 13219171, 13239221, 13204112","og_url":"https:\/\/www.silentblocks.com\/de\/produkt\/4-silentblocks-fur-zwei-arm-bogen-fur-opel-vectra-c-signum-insignia\/","og_site_name":"SILENT BLOCKS","article_modified_time":"2026-02-17T21:02:56+00:00","og_image":[{"width":1000,"height":1000,"url":"https:\/\/www.silentblocks.com\/wp-content\/uploads\/2026\/02\/4-silentbloc-pour-deux-bras-arriere-vectra-C-0423046-2.jpg","type":"image\/jpeg"}],"twitter_card":"summary_large_image","schema":{"@context":"https:\/\/schema.org","@graph":[{"@type":"WebPage","@id":"https:\/\/www.silentblocks.com\/de\/produkt\/4-silentblocks-fur-zwei-arm-bogen-fur-opel-vectra-c-signum-insignia\/","url":"https:\/\/www.silentblocks.com\/de\/produkt\/4-silentblocks-fur-zwei-arm-bogen-fur-opel-vectra-c-signum-insignia\/","name":"Querlenkerbuchsen hinten f\u00fcr Chevrolet Malibu - SILENT BLOCKS","isPartOf":{"@id":"https:\/\/www.silentblocks.com\/de\/#website"},"primaryImageOfPage":{"@id":"https:\/\/www.silentblocks.com\/de\/produkt\/4-silentblocks-fur-zwei-arm-bogen-fur-opel-vectra-c-signum-insignia\/#primaryimage"},"image":{"@id":"https:\/\/www.silentblocks.com\/de\/produkt\/4-silentblocks-fur-zwei-arm-bogen-fur-opel-vectra-c-signum-insignia\/#primaryimage"},"thumbnailUrl":"https:\/\/www.silentblocks.com\/wp-content\/uploads\/2026\/02\/4-silentbloc-pour-deux-bras-arriere-vectra-C-0423046-2.jpg","datePublished":"2023-04-26T23:05:14+00:00","dateModified":"2026-02-17T21:02:56+00:00","description":"Buchsen der hinteren Querlenker, f\u00fcr Chevrolet Malibu, kompatibel mit OEM 0423046, 423002 , 13219171, 13239221, 13204112","breadcrumb":{"@id":"https:\/\/www.silentblocks.com\/de\/produkt\/4-silentblocks-fur-zwei-arm-bogen-fur-opel-vectra-c-signum-insignia\/#breadcrumb"},"inLanguage":"de","potentialAction":[{"@type":"ReadAction","target":["https:\/\/www.silentblocks.com\/de\/produkt\/4-silentblocks-fur-zwei-arm-bogen-fur-opel-vectra-c-signum-insignia\/"]}]},{"@type":"ImageObject","inLanguage":"de","@id":"https:\/\/www.silentblocks.com\/de\/produkt\/4-silentblocks-fur-zwei-arm-bogen-fur-opel-vectra-c-signum-insignia\/#primaryimage","url":"https:\/\/www.silentblocks.com\/wp-content\/uploads\/2026\/02\/4-silentbloc-pour-deux-bras-arriere-vectra-C-0423046-2.jpg","contentUrl":"https:\/\/www.silentblocks.com\/wp-content\/uploads\/2026\/02\/4-silentbloc-pour-deux-bras-arriere-vectra-C-0423046-2.jpg","width":1000,"height":1000},{"@type":"BreadcrumbList","@id":"https:\/\/www.silentblocks.com\/de\/produkt\/4-silentblocks-fur-zwei-arm-bogen-fur-opel-vectra-c-signum-insignia\/#breadcrumb","itemListElement":[{"@type":"ListItem","position":1,"name":"In\u00edcio","item":"https:\/\/www.silentblocks.com\/de\/"},{"@type":"ListItem","position":2,"name":"Page boutique","item":"https:\/\/www.silentblocks.com\/shop-2\/"},{"@type":"ListItem","position":3,"name":"Querlenkerbuchsen hinten f\u00fcr Chevrolet Malibu"}]},{"@type":"WebSite","@id":"https:\/\/www.silentblocks.com\/de\/#website","url":"https:\/\/www.silentblocks.com\/de\/","name":"SILENTBLOCKS","description":"Secure on the road","publisher":{"@id":"https:\/\/www.silentblocks.com\/de\/#organization"},"potentialAction":[{"@type":"SearchAction","target":{"@type":"EntryPoint","urlTemplate":"https:\/\/www.silentblocks.com\/de\/?s={search_term_string}"},"query-input":{"@type":"PropertyValueSpecification","valueRequired":true,"valueName":"search_term_string"}}],"inLanguage":"de"},{"@type":"Organization","@id":"https:\/\/www.silentblocks.com\/de\/#organization","name":"SILENTBLOCKS","url":"https:\/\/www.silentblocks.com\/de\/","logo":{"@type":"ImageObject","inLanguage":"de","@id":"https:\/\/www.silentblocks.com\/de\/#\/schema\/logo\/image\/","url":"https:\/\/www.silentblocks.com\/wp-content\/uploads\/2023\/07\/logo211-sem-fundo_2012-PARA-BOUTIQUE-EBAY.png","contentUrl":"https:\/\/www.silentblocks.com\/wp-content\/uploads\/2023\/07\/logo211-sem-fundo_2012-PARA-BOUTIQUE-EBAY.png","width":300,"height":190,"caption":"SILENTBLOCKS"},"image":{"@id":"https:\/\/www.silentblocks.com\/de\/#\/schema\/logo\/image\/"}}]}},"_links":{"self":[{"href":"https:\/\/www.silentblocks.com\/de\/wp-json\/wp\/v2\/product\/75675","targetHints":{"allow":["GET"]}}],"collection":[{"href":"https:\/\/www.silentblocks.com\/de\/wp-json\/wp\/v2\/product"}],"about":[{"href":"https:\/\/www.silentblocks.com\/de\/wp-json\/wp\/v2\/types\/product"}],"version-history":[{"count":0,"href":"https:\/\/www.silentblocks.com\/de\/wp-json\/wp\/v2\/product\/75675\/revisions"}],"wp:featuredmedia":[{"embeddable":true,"href":"https:\/\/www.silentblocks.com\/de\/wp-json\/wp\/v2\/media\/128485"}],"wp:attachment":[{"href":"https:\/\/www.silentblocks.com\/de\/wp-json\/wp\/v2\/media?parent=75675"}],"wp:term":[{"taxonomy":"product_brand","embeddable":true,"href":"https:\/\/www.silentblocks.com\/de\/wp-json\/wp\/v2\/product_brand?post=75675"},{"taxonomy":"product_cat","embeddable":true,"href":"https:\/\/www.silentblocks.com\/de\/wp-json\/wp\/v2\/product_cat?post=75675"},{"taxonomy":"product_tag","embeddable":true,"href":"https:\/\/www.silentblocks.com\/de\/wp-json\/wp\/v2\/product_tag?post=75675"}],"curies":[{"name":"wp","href":"https:\/\/api.w.org\/{rel}","templated":true}]}}