{"id":77014,"date":"2023-04-26T23:02:30","date_gmt":"2023-04-26T23:02:30","guid":{"rendered":"https:\/\/www.silentblocks.com\/product\/2-silent-block-arriere-auris-corolla-prius-scion\/"},"modified":"2026-02-17T21:06:29","modified_gmt":"2026-02-17T21:06:29","slug":"2-silent-block-arriere-auris-corolla-prius-scion","status":"publish","type":"product","link":"https:\/\/www.silentblocks.com\/de\/produkt\/2-silent-block-arriere-auris-corolla-prius-scion\/","title":{"rendered":"Hinterachsk\u00f6rperbuchsen, Auris, Corolla, Prius, Scion"},"content":{"rendered":"<p>2 Buchsen f\u00fcr die Reparatur der Hinterachse, Hinterachsbuchsen f\u00fcr:<\/p>\n<p>TOYOTA AURIS ZZE150 2006-2012<br \/>\nTOYOTA AURIS NZE151 2006-2012<br \/>\nTOYOTA AURIS ZRE186 2012<br \/>\nTOYOTA AURIS ZRE181 2012<br \/>\nTOYOTA AURIS NZE181 2012<br \/>\nTOYOTA AURIS ZRE15# 2007-2012<br \/>\nTOYOTA AURIS ZWE150 2007-2012<br \/>\nTOYOTA AURIS ZZE150 2007-2012<br \/>\nTOYOTA AURIS NRE150 2007-2012<br \/>\nTOYOTA AURIS ADE15# 2007-2012<br \/>\nTOYOTA AURIS NDE150 2007-2012<br \/>\nTOYOTA AURIS HYBRID ADE15# 2007-2012<br \/>\nTOYOTA AURIS HYBRID NDE150 2007-2012<br \/>\nTOYOTA AURIS HYBRID NRE150 2007-2012<br \/>\nTOYOTA AURIS HYBRID ZRE15# 2007-2012<br \/>\nTOYOTA AURIS HYBRID ZZE150 2007-2012<br \/>\nTOYOTA AURIS HYBRID ZWE150 2007-2012<br \/>\nTOYOTA COROLLA NDE180 2013<br \/>\nTOYOTA COROLLA NRE180 2013<br \/>\nTOYOTA COROLLA ADE150 2006-2013<br \/>\nTOYOTA COROLLA ZZE150 2006-2013<br \/>\nTOYOTA COROLLA ZRE15# 2006-2013<br \/>\nTOYOTA COROLLA NRE150 2006-2013<br \/>\nTOYOTA COROLLA NDE150 2006-2013<br \/>\nTOYOTA COROLLA ZRE18# 2013<br \/>\nTOYOTA COROLLA RUMION ZRE15# 2007<br \/>\nTOYOTA COROLLA RUMION NZE151 2007<br \/>\nTOYOTA COROLLA VERSO ZGR2# 2009<br \/>\nTOYOTA COROLLA VERSO AUR2# 2009<br \/>\nTOYOTA PRIUS ZVW4# 2011<br \/>\nTOYOTA PRIUS ZVW30 2009-2015<br \/>\nTOYOTA PRIUS PLUG-IN HBD ZVW35 4WD 2009-2015<br \/>\nTOYOTA RUKUS AZE151 2010<br \/>\nTOYOTA SCION XB AZE150 2007-2014<\/p>\n<p>Herstellerreferenzen (OEM-Code) zur Orientierung :<br \/>\n4872512590, 48725-02200, 48725-47030, 42101-12171, 48725-47060<\/p>\n<p>Neue Teile, die mit Rechnung verkauft werden. Alle unsere Produkte haben eine Garantie von 2 Jahren.<\/p>\n","protected":false},"excerpt":{"rendered":"<p>2 Silentblocs Hinterachsen, Toyota Auris, Corolla, Prius, Scion<\/p>\n","protected":false},"featured_media":126925,"template":"","meta":[],"product_brand":[],"product_cat":[2248,3598,3643,4114],"product_tag":[],"class_list":{"0":"post-77014","1":"product","2":"type-product","3":"status-publish","4":"has-post-thumbnail","6":"product_cat-toyota-de","7":"product_cat-auris-de","8":"product_cat-corolla-06-13-de","9":"product_cat-prius-2009-2018-de","11":"first","12":"instock","13":"shipping-taxable","14":"purchasable","15":"product-type-simple"},"yoast_head":"<!-- This site is optimized with the Yoast SEO Premium plugin v23.0 (Yoast SEO v27.4) - https:\/\/yoast.com\/product\/yoast-seo-premium-wordpress\/ -->\n<title>Hinterachsk\u00f6rperbuchsen, Auris, Corolla, Prius, Scion - SILENT BLOCKS<\/title>\n<meta name=\"description\" content=\"Buchse Hinterachse f\u00fcr Toyota Auris, Toyota Corolla, Toyota Prius, Scion, kompatibel mit OEM 4872512590, 48725-02200, 48725-47030, 42101-12171\" \/>\n<meta name=\"robots\" content=\"index, follow, max-snippet:-1, max-image-preview:large, max-video-preview:-1\" \/>\n<link rel=\"canonical\" href=\"https:\/\/www.silentblocks.com\/de\/produkt\/2-silent-block-arriere-auris-corolla-prius-scion\/\" \/>\n<meta property=\"og:locale\" content=\"de_DE\" \/>\n<meta property=\"og:type\" content=\"article\" \/>\n<meta property=\"og:title\" content=\"Hinterachsk\u00f6rperbuchsen, Auris, Corolla, Prius, Scion\" \/>\n<meta property=\"og:description\" content=\"Buchse Hinterachse f\u00fcr Toyota Auris, Toyota Corolla, Toyota Prius, Scion, kompatibel mit OEM 4872512590, 48725-02200, 48725-47030, 42101-12171\" \/>\n<meta property=\"og:url\" content=\"https:\/\/www.silentblocks.com\/de\/produkt\/2-silent-block-arriere-auris-corolla-prius-scion\/\" \/>\n<meta property=\"og:site_name\" content=\"SILENT BLOCKS\" \/>\n<meta property=\"article:modified_time\" content=\"2026-02-17T21:06:29+00:00\" \/>\n<meta property=\"og:image\" content=\"https:\/\/www.silentblocks.com\/wp-content\/uploads\/2026\/02\/ESSIEU-ARRIERE-TOYOTA-AURIS-4872512590-2.jpg\" \/>\n\t<meta property=\"og:image:width\" content=\"1000\" \/>\n\t<meta property=\"og:image:height\" content=\"1000\" \/>\n\t<meta property=\"og:image:type\" content=\"image\/jpeg\" \/>\n<meta name=\"twitter:card\" content=\"summary_large_image\" \/>\n<meta name=\"twitter:label1\" content=\"Gesch\u00e4tzte Lesezeit\" \/>\n\t<meta name=\"twitter:data1\" content=\"1\u00a0Minute\" \/>\n<script type=\"application\/ld+json\" class=\"yoast-schema-graph\">{\"@context\":\"https:\\\/\\\/schema.org\",\"@graph\":[{\"@type\":\"WebPage\",\"@id\":\"https:\\\/\\\/www.silentblocks.com\\\/de\\\/produkt\\\/2-silent-block-arriere-auris-corolla-prius-scion\\\/\",\"url\":\"https:\\\/\\\/www.silentblocks.com\\\/de\\\/produkt\\\/2-silent-block-arriere-auris-corolla-prius-scion\\\/\",\"name\":\"Hinterachsk\u00f6rperbuchsen, Auris, Corolla, Prius, Scion - SILENT BLOCKS\",\"isPartOf\":{\"@id\":\"https:\\\/\\\/www.silentblocks.com\\\/de\\\/#website\"},\"primaryImageOfPage\":{\"@id\":\"https:\\\/\\\/www.silentblocks.com\\\/de\\\/produkt\\\/2-silent-block-arriere-auris-corolla-prius-scion\\\/#primaryimage\"},\"image\":{\"@id\":\"https:\\\/\\\/www.silentblocks.com\\\/de\\\/produkt\\\/2-silent-block-arriere-auris-corolla-prius-scion\\\/#primaryimage\"},\"thumbnailUrl\":\"https:\\\/\\\/www.silentblocks.com\\\/wp-content\\\/uploads\\\/2026\\\/02\\\/ESSIEU-ARRIERE-TOYOTA-AURIS-4872512590-2.jpg\",\"datePublished\":\"2023-04-26T23:02:30+00:00\",\"dateModified\":\"2026-02-17T21:06:29+00:00\",\"description\":\"Buchse Hinterachse f\u00fcr Toyota Auris, Toyota Corolla, Toyota Prius, Scion, kompatibel mit OEM 4872512590, 48725-02200, 48725-47030, 42101-12171\",\"breadcrumb\":{\"@id\":\"https:\\\/\\\/www.silentblocks.com\\\/de\\\/produkt\\\/2-silent-block-arriere-auris-corolla-prius-scion\\\/#breadcrumb\"},\"inLanguage\":\"de\",\"potentialAction\":[{\"@type\":\"ReadAction\",\"target\":[\"https:\\\/\\\/www.silentblocks.com\\\/de\\\/produkt\\\/2-silent-block-arriere-auris-corolla-prius-scion\\\/\"]}]},{\"@type\":\"ImageObject\",\"inLanguage\":\"de\",\"@id\":\"https:\\\/\\\/www.silentblocks.com\\\/de\\\/produkt\\\/2-silent-block-arriere-auris-corolla-prius-scion\\\/#primaryimage\",\"url\":\"https:\\\/\\\/www.silentblocks.com\\\/wp-content\\\/uploads\\\/2026\\\/02\\\/ESSIEU-ARRIERE-TOYOTA-AURIS-4872512590-2.jpg\",\"contentUrl\":\"https:\\\/\\\/www.silentblocks.com\\\/wp-content\\\/uploads\\\/2026\\\/02\\\/ESSIEU-ARRIERE-TOYOTA-AURIS-4872512590-2.jpg\",\"width\":1000,\"height\":1000},{\"@type\":\"BreadcrumbList\",\"@id\":\"https:\\\/\\\/www.silentblocks.com\\\/de\\\/produkt\\\/2-silent-block-arriere-auris-corolla-prius-scion\\\/#breadcrumb\",\"itemListElement\":[{\"@type\":\"ListItem\",\"position\":1,\"name\":\"In\u00edcio\",\"item\":\"https:\\\/\\\/www.silentblocks.com\\\/de\\\/\"},{\"@type\":\"ListItem\",\"position\":2,\"name\":\"Page boutique\",\"item\":\"https:\\\/\\\/www.silentblocks.com\\\/shop-2\\\/\"},{\"@type\":\"ListItem\",\"position\":3,\"name\":\"Hinterachsk\u00f6rperbuchsen, Auris, Corolla, Prius, Scion\"}]},{\"@type\":\"WebSite\",\"@id\":\"https:\\\/\\\/www.silentblocks.com\\\/de\\\/#website\",\"url\":\"https:\\\/\\\/www.silentblocks.com\\\/de\\\/\",\"name\":\"SILENTBLOCKS\",\"description\":\"Secure on the road\",\"publisher\":{\"@id\":\"https:\\\/\\\/www.silentblocks.com\\\/de\\\/#organization\"},\"potentialAction\":[{\"@type\":\"SearchAction\",\"target\":{\"@type\":\"EntryPoint\",\"urlTemplate\":\"https:\\\/\\\/www.silentblocks.com\\\/de\\\/?s={search_term_string}\"},\"query-input\":{\"@type\":\"PropertyValueSpecification\",\"valueRequired\":true,\"valueName\":\"search_term_string\"}}],\"inLanguage\":\"de\"},{\"@type\":\"Organization\",\"@id\":\"https:\\\/\\\/www.silentblocks.com\\\/de\\\/#organization\",\"name\":\"SILENTBLOCKS\",\"url\":\"https:\\\/\\\/www.silentblocks.com\\\/de\\\/\",\"logo\":{\"@type\":\"ImageObject\",\"inLanguage\":\"de\",\"@id\":\"https:\\\/\\\/www.silentblocks.com\\\/de\\\/#\\\/schema\\\/logo\\\/image\\\/\",\"url\":\"https:\\\/\\\/www.silentblocks.com\\\/wp-content\\\/uploads\\\/2023\\\/07\\\/logo211-sem-fundo_2012-PARA-BOUTIQUE-EBAY.png\",\"contentUrl\":\"https:\\\/\\\/www.silentblocks.com\\\/wp-content\\\/uploads\\\/2023\\\/07\\\/logo211-sem-fundo_2012-PARA-BOUTIQUE-EBAY.png\",\"width\":300,\"height\":190,\"caption\":\"SILENTBLOCKS\"},\"image\":{\"@id\":\"https:\\\/\\\/www.silentblocks.com\\\/de\\\/#\\\/schema\\\/logo\\\/image\\\/\"}}]}<\/script>\n<!-- \/ Yoast SEO Premium plugin. -->","yoast_head_json":{"title":"Hinterachsk\u00f6rperbuchsen, Auris, Corolla, Prius, Scion - SILENT BLOCKS","description":"Buchse Hinterachse f\u00fcr Toyota Auris, Toyota Corolla, Toyota Prius, Scion, kompatibel mit OEM 4872512590, 48725-02200, 48725-47030, 42101-12171","robots":{"index":"index","follow":"follow","max-snippet":"max-snippet:-1","max-image-preview":"max-image-preview:large","max-video-preview":"max-video-preview:-1"},"canonical":"https:\/\/www.silentblocks.com\/de\/produkt\/2-silent-block-arriere-auris-corolla-prius-scion\/","og_locale":"de_DE","og_type":"article","og_title":"Hinterachsk\u00f6rperbuchsen, Auris, Corolla, Prius, Scion","og_description":"Buchse Hinterachse f\u00fcr Toyota Auris, Toyota Corolla, Toyota Prius, Scion, kompatibel mit OEM 4872512590, 48725-02200, 48725-47030, 42101-12171","og_url":"https:\/\/www.silentblocks.com\/de\/produkt\/2-silent-block-arriere-auris-corolla-prius-scion\/","og_site_name":"SILENT BLOCKS","article_modified_time":"2026-02-17T21:06:29+00:00","og_image":[{"width":1000,"height":1000,"url":"https:\/\/www.silentblocks.com\/wp-content\/uploads\/2026\/02\/ESSIEU-ARRIERE-TOYOTA-AURIS-4872512590-2.jpg","type":"image\/jpeg"}],"twitter_card":"summary_large_image","twitter_misc":{"Gesch\u00e4tzte Lesezeit":"1\u00a0Minute"},"schema":{"@context":"https:\/\/schema.org","@graph":[{"@type":"WebPage","@id":"https:\/\/www.silentblocks.com\/de\/produkt\/2-silent-block-arriere-auris-corolla-prius-scion\/","url":"https:\/\/www.silentblocks.com\/de\/produkt\/2-silent-block-arriere-auris-corolla-prius-scion\/","name":"Hinterachsk\u00f6rperbuchsen, Auris, Corolla, Prius, Scion - SILENT BLOCKS","isPartOf":{"@id":"https:\/\/www.silentblocks.com\/de\/#website"},"primaryImageOfPage":{"@id":"https:\/\/www.silentblocks.com\/de\/produkt\/2-silent-block-arriere-auris-corolla-prius-scion\/#primaryimage"},"image":{"@id":"https:\/\/www.silentblocks.com\/de\/produkt\/2-silent-block-arriere-auris-corolla-prius-scion\/#primaryimage"},"thumbnailUrl":"https:\/\/www.silentblocks.com\/wp-content\/uploads\/2026\/02\/ESSIEU-ARRIERE-TOYOTA-AURIS-4872512590-2.jpg","datePublished":"2023-04-26T23:02:30+00:00","dateModified":"2026-02-17T21:06:29+00:00","description":"Buchse Hinterachse f\u00fcr Toyota Auris, Toyota Corolla, Toyota Prius, Scion, kompatibel mit OEM 4872512590, 48725-02200, 48725-47030, 42101-12171","breadcrumb":{"@id":"https:\/\/www.silentblocks.com\/de\/produkt\/2-silent-block-arriere-auris-corolla-prius-scion\/#breadcrumb"},"inLanguage":"de","potentialAction":[{"@type":"ReadAction","target":["https:\/\/www.silentblocks.com\/de\/produkt\/2-silent-block-arriere-auris-corolla-prius-scion\/"]}]},{"@type":"ImageObject","inLanguage":"de","@id":"https:\/\/www.silentblocks.com\/de\/produkt\/2-silent-block-arriere-auris-corolla-prius-scion\/#primaryimage","url":"https:\/\/www.silentblocks.com\/wp-content\/uploads\/2026\/02\/ESSIEU-ARRIERE-TOYOTA-AURIS-4872512590-2.jpg","contentUrl":"https:\/\/www.silentblocks.com\/wp-content\/uploads\/2026\/02\/ESSIEU-ARRIERE-TOYOTA-AURIS-4872512590-2.jpg","width":1000,"height":1000},{"@type":"BreadcrumbList","@id":"https:\/\/www.silentblocks.com\/de\/produkt\/2-silent-block-arriere-auris-corolla-prius-scion\/#breadcrumb","itemListElement":[{"@type":"ListItem","position":1,"name":"In\u00edcio","item":"https:\/\/www.silentblocks.com\/de\/"},{"@type":"ListItem","position":2,"name":"Page boutique","item":"https:\/\/www.silentblocks.com\/shop-2\/"},{"@type":"ListItem","position":3,"name":"Hinterachsk\u00f6rperbuchsen, Auris, Corolla, Prius, Scion"}]},{"@type":"WebSite","@id":"https:\/\/www.silentblocks.com\/de\/#website","url":"https:\/\/www.silentblocks.com\/de\/","name":"SILENTBLOCKS","description":"Secure on the road","publisher":{"@id":"https:\/\/www.silentblocks.com\/de\/#organization"},"potentialAction":[{"@type":"SearchAction","target":{"@type":"EntryPoint","urlTemplate":"https:\/\/www.silentblocks.com\/de\/?s={search_term_string}"},"query-input":{"@type":"PropertyValueSpecification","valueRequired":true,"valueName":"search_term_string"}}],"inLanguage":"de"},{"@type":"Organization","@id":"https:\/\/www.silentblocks.com\/de\/#organization","name":"SILENTBLOCKS","url":"https:\/\/www.silentblocks.com\/de\/","logo":{"@type":"ImageObject","inLanguage":"de","@id":"https:\/\/www.silentblocks.com\/de\/#\/schema\/logo\/image\/","url":"https:\/\/www.silentblocks.com\/wp-content\/uploads\/2023\/07\/logo211-sem-fundo_2012-PARA-BOUTIQUE-EBAY.png","contentUrl":"https:\/\/www.silentblocks.com\/wp-content\/uploads\/2023\/07\/logo211-sem-fundo_2012-PARA-BOUTIQUE-EBAY.png","width":300,"height":190,"caption":"SILENTBLOCKS"},"image":{"@id":"https:\/\/www.silentblocks.com\/de\/#\/schema\/logo\/image\/"}}]}},"_links":{"self":[{"href":"https:\/\/www.silentblocks.com\/de\/wp-json\/wp\/v2\/product\/77014","targetHints":{"allow":["GET"]}}],"collection":[{"href":"https:\/\/www.silentblocks.com\/de\/wp-json\/wp\/v2\/product"}],"about":[{"href":"https:\/\/www.silentblocks.com\/de\/wp-json\/wp\/v2\/types\/product"}],"version-history":[{"count":0,"href":"https:\/\/www.silentblocks.com\/de\/wp-json\/wp\/v2\/product\/77014\/revisions"}],"wp:featuredmedia":[{"embeddable":true,"href":"https:\/\/www.silentblocks.com\/de\/wp-json\/wp\/v2\/media\/126925"}],"wp:attachment":[{"href":"https:\/\/www.silentblocks.com\/de\/wp-json\/wp\/v2\/media?parent=77014"}],"wp:term":[{"taxonomy":"product_brand","embeddable":true,"href":"https:\/\/www.silentblocks.com\/de\/wp-json\/wp\/v2\/product_brand?post=77014"},{"taxonomy":"product_cat","embeddable":true,"href":"https:\/\/www.silentblocks.com\/de\/wp-json\/wp\/v2\/product_cat?post=77014"},{"taxonomy":"product_tag","embeddable":true,"href":"https:\/\/www.silentblocks.com\/de\/wp-json\/wp\/v2\/product_tag?post=77014"}],"curies":[{"name":"wp","href":"https:\/\/api.w.org\/{rel}","templated":true}]}}