{"id":78178,"date":"2023-04-26T23:01:20","date_gmt":"2023-04-26T23:01:20","guid":{"rendered":"https:\/\/www.silentblocks.com\/product\/4-gummi-feder-hinterradaufhangung\/"},"modified":"2026-02-17T21:09:39","modified_gmt":"2026-02-17T21:09:39","slug":"4-gummi-feder-hinterradaufhangung","status":"publish","type":"product","link":"https:\/\/www.silentblocks.com\/de\/produkt\/4-gummi-feder-hinterradaufhangung\/","title":{"rendered":"Distanzst\u00fccke der hinteren Aufh\u00e4ngungsfedern, Koleos, Juke, Qashai, X-Trail T31"},"content":{"rendered":"<p>4 Abstandsst\u00fccke f\u00fcr hintere Fahrwerksfedern, passend f\u00fcr die folgenden Fahrzeuge:<br \/>\nRenault Koleos (2008-)<br \/>\nNissan Juke F15 (2010-)<br \/>\nNissan Qashqai+2 JJ10E (2008-2013)<br \/>\nNissan QashqaiJ10E (2006-2013)<br \/>\nNissan X-Trail T31 (2007-2013)<\/p>\n<p>Herstellerreferenzen (OEM-Code) zur Orientierung :<br \/>\n54035-JG00A, 55034-EN101, 55034-JD00A<\/p>\n<p>Neue Teile, die mit Rechnung verkauft werden. Alle unsere Produkte haben eine Garantie von 2 Jahren.<\/p>\n","protected":false},"excerpt":{"rendered":"<p>4 Federgummi f\u00fcr die Hinterradaufh\u00e4ngung, f\u00fcr Nissan Qashqai, Juke, X-Trail \/ Renault Koleos<\/p>\n","protected":false},"featured_media":125745,"template":"","meta":[],"product_brand":[],"product_cat":[2212,3179,3235,5676,2224,3412],"product_tag":[],"class_list":{"0":"post-78178","1":"product","2":"type-product","3":"status-publish","4":"has-post-thumbnail","6":"product_cat-nissan-de","7":"product_cat-juke-de","8":"product_cat-qashqai-de-2","9":"product_cat-x-trail-t31-de","10":"product_cat-renault-de","11":"product_cat-koleos-de","13":"first","14":"instock","15":"shipping-taxable","16":"purchasable","17":"product-type-simple"},"yoast_head":"<!-- This site is optimized with the Yoast SEO Premium plugin v23.0 (Yoast SEO v27.4) - https:\/\/yoast.com\/product\/yoast-seo-premium-wordpress\/ -->\n<title>Distanzst\u00fccke der hinteren Aufh\u00e4ngungsfedern, Koleos, Juke, Qashai, X-Trail T31 - SILENT BLOCKS<\/title>\n<meta name=\"description\" content=\"Abstandsst\u00fccke f\u00fcr hintere Fahrwerksfedern f\u00fcr Renault Koleos, Nissan Juke, Nissan Qashai, Nissan X-Trail T31, OEM 54035-JG00A\" \/>\n<meta name=\"robots\" content=\"index, follow, max-snippet:-1, max-image-preview:large, max-video-preview:-1\" \/>\n<link rel=\"canonical\" href=\"https:\/\/www.silentblocks.com\/de\/produkt\/4-gummi-feder-hinterradaufhangung\/\" \/>\n<meta property=\"og:locale\" content=\"de_DE\" \/>\n<meta property=\"og:type\" content=\"article\" \/>\n<meta property=\"og:title\" content=\"Distanzst\u00fccke der hinteren Aufh\u00e4ngungsfedern, Koleos, Juke, Qashai, X-Trail T31\" \/>\n<meta property=\"og:description\" content=\"Abstandsst\u00fccke f\u00fcr hintere Fahrwerksfedern f\u00fcr Renault Koleos, Nissan Juke, Nissan Qashai, Nissan X-Trail T31, OEM 54035-JG00A\" \/>\n<meta property=\"og:url\" content=\"https:\/\/www.silentblocks.com\/de\/produkt\/4-gummi-feder-hinterradaufhangung\/\" \/>\n<meta property=\"og:site_name\" content=\"SILENT BLOCKS\" \/>\n<meta property=\"article:modified_time\" content=\"2026-02-17T21:09:39+00:00\" \/>\n<meta property=\"og:image\" content=\"https:\/\/www.silentblocks.com\/wp-content\/uploads\/2026\/02\/KIT-silentbloc-caoutchouc-ressort-arriere-qashqai-2.jpg\" \/>\n\t<meta property=\"og:image:width\" content=\"800\" \/>\n\t<meta property=\"og:image:height\" content=\"800\" \/>\n\t<meta property=\"og:image:type\" content=\"image\/jpeg\" \/>\n<meta name=\"twitter:card\" content=\"summary_large_image\" \/>\n<script type=\"application\/ld+json\" class=\"yoast-schema-graph\">{\"@context\":\"https:\\\/\\\/schema.org\",\"@graph\":[{\"@type\":\"WebPage\",\"@id\":\"https:\\\/\\\/www.silentblocks.com\\\/de\\\/produkt\\\/4-gummi-feder-hinterradaufhangung\\\/\",\"url\":\"https:\\\/\\\/www.silentblocks.com\\\/de\\\/produkt\\\/4-gummi-feder-hinterradaufhangung\\\/\",\"name\":\"Distanzst\u00fccke der hinteren Aufh\u00e4ngungsfedern, Koleos, Juke, Qashai, X-Trail T31 - SILENT BLOCKS\",\"isPartOf\":{\"@id\":\"https:\\\/\\\/www.silentblocks.com\\\/de\\\/#website\"},\"primaryImageOfPage\":{\"@id\":\"https:\\\/\\\/www.silentblocks.com\\\/de\\\/produkt\\\/4-gummi-feder-hinterradaufhangung\\\/#primaryimage\"},\"image\":{\"@id\":\"https:\\\/\\\/www.silentblocks.com\\\/de\\\/produkt\\\/4-gummi-feder-hinterradaufhangung\\\/#primaryimage\"},\"thumbnailUrl\":\"https:\\\/\\\/www.silentblocks.com\\\/wp-content\\\/uploads\\\/2026\\\/02\\\/KIT-silentbloc-caoutchouc-ressort-arriere-qashqai-2.jpg\",\"datePublished\":\"2023-04-26T23:01:20+00:00\",\"dateModified\":\"2026-02-17T21:09:39+00:00\",\"description\":\"Abstandsst\u00fccke f\u00fcr hintere Fahrwerksfedern f\u00fcr Renault Koleos, Nissan Juke, Nissan Qashai, Nissan X-Trail T31, OEM 54035-JG00A\",\"breadcrumb\":{\"@id\":\"https:\\\/\\\/www.silentblocks.com\\\/de\\\/produkt\\\/4-gummi-feder-hinterradaufhangung\\\/#breadcrumb\"},\"inLanguage\":\"de\",\"potentialAction\":[{\"@type\":\"ReadAction\",\"target\":[\"https:\\\/\\\/www.silentblocks.com\\\/de\\\/produkt\\\/4-gummi-feder-hinterradaufhangung\\\/\"]}]},{\"@type\":\"ImageObject\",\"inLanguage\":\"de\",\"@id\":\"https:\\\/\\\/www.silentblocks.com\\\/de\\\/produkt\\\/4-gummi-feder-hinterradaufhangung\\\/#primaryimage\",\"url\":\"https:\\\/\\\/www.silentblocks.com\\\/wp-content\\\/uploads\\\/2026\\\/02\\\/KIT-silentbloc-caoutchouc-ressort-arriere-qashqai-2.jpg\",\"contentUrl\":\"https:\\\/\\\/www.silentblocks.com\\\/wp-content\\\/uploads\\\/2026\\\/02\\\/KIT-silentbloc-caoutchouc-ressort-arriere-qashqai-2.jpg\",\"width\":800,\"height\":800},{\"@type\":\"BreadcrumbList\",\"@id\":\"https:\\\/\\\/www.silentblocks.com\\\/de\\\/produkt\\\/4-gummi-feder-hinterradaufhangung\\\/#breadcrumb\",\"itemListElement\":[{\"@type\":\"ListItem\",\"position\":1,\"name\":\"In\u00edcio\",\"item\":\"https:\\\/\\\/www.silentblocks.com\\\/de\\\/\"},{\"@type\":\"ListItem\",\"position\":2,\"name\":\"Page boutique\",\"item\":\"https:\\\/\\\/www.silentblocks.com\\\/shop-2\\\/\"},{\"@type\":\"ListItem\",\"position\":3,\"name\":\"Distanzst\u00fccke der hinteren Aufh\u00e4ngungsfedern, Koleos, Juke, Qashai, X-Trail T31\"}]},{\"@type\":\"WebSite\",\"@id\":\"https:\\\/\\\/www.silentblocks.com\\\/de\\\/#website\",\"url\":\"https:\\\/\\\/www.silentblocks.com\\\/de\\\/\",\"name\":\"SILENTBLOCKS\",\"description\":\"Secure on the road\",\"publisher\":{\"@id\":\"https:\\\/\\\/www.silentblocks.com\\\/de\\\/#organization\"},\"potentialAction\":[{\"@type\":\"SearchAction\",\"target\":{\"@type\":\"EntryPoint\",\"urlTemplate\":\"https:\\\/\\\/www.silentblocks.com\\\/de\\\/?s={search_term_string}\"},\"query-input\":{\"@type\":\"PropertyValueSpecification\",\"valueRequired\":true,\"valueName\":\"search_term_string\"}}],\"inLanguage\":\"de\"},{\"@type\":\"Organization\",\"@id\":\"https:\\\/\\\/www.silentblocks.com\\\/de\\\/#organization\",\"name\":\"SILENTBLOCKS\",\"url\":\"https:\\\/\\\/www.silentblocks.com\\\/de\\\/\",\"logo\":{\"@type\":\"ImageObject\",\"inLanguage\":\"de\",\"@id\":\"https:\\\/\\\/www.silentblocks.com\\\/de\\\/#\\\/schema\\\/logo\\\/image\\\/\",\"url\":\"https:\\\/\\\/www.silentblocks.com\\\/wp-content\\\/uploads\\\/2023\\\/07\\\/logo211-sem-fundo_2012-PARA-BOUTIQUE-EBAY.png\",\"contentUrl\":\"https:\\\/\\\/www.silentblocks.com\\\/wp-content\\\/uploads\\\/2023\\\/07\\\/logo211-sem-fundo_2012-PARA-BOUTIQUE-EBAY.png\",\"width\":300,\"height\":190,\"caption\":\"SILENTBLOCKS\"},\"image\":{\"@id\":\"https:\\\/\\\/www.silentblocks.com\\\/de\\\/#\\\/schema\\\/logo\\\/image\\\/\"}}]}<\/script>\n<!-- \/ Yoast SEO Premium plugin. -->","yoast_head_json":{"title":"Distanzst\u00fccke der hinteren Aufh\u00e4ngungsfedern, Koleos, Juke, Qashai, X-Trail T31 - SILENT BLOCKS","description":"Abstandsst\u00fccke f\u00fcr hintere Fahrwerksfedern f\u00fcr Renault Koleos, Nissan Juke, Nissan Qashai, Nissan X-Trail T31, OEM 54035-JG00A","robots":{"index":"index","follow":"follow","max-snippet":"max-snippet:-1","max-image-preview":"max-image-preview:large","max-video-preview":"max-video-preview:-1"},"canonical":"https:\/\/www.silentblocks.com\/de\/produkt\/4-gummi-feder-hinterradaufhangung\/","og_locale":"de_DE","og_type":"article","og_title":"Distanzst\u00fccke der hinteren Aufh\u00e4ngungsfedern, Koleos, Juke, Qashai, X-Trail T31","og_description":"Abstandsst\u00fccke f\u00fcr hintere Fahrwerksfedern f\u00fcr Renault Koleos, Nissan Juke, Nissan Qashai, Nissan X-Trail T31, OEM 54035-JG00A","og_url":"https:\/\/www.silentblocks.com\/de\/produkt\/4-gummi-feder-hinterradaufhangung\/","og_site_name":"SILENT BLOCKS","article_modified_time":"2026-02-17T21:09:39+00:00","og_image":[{"width":800,"height":800,"url":"https:\/\/www.silentblocks.com\/wp-content\/uploads\/2026\/02\/KIT-silentbloc-caoutchouc-ressort-arriere-qashqai-2.jpg","type":"image\/jpeg"}],"twitter_card":"summary_large_image","schema":{"@context":"https:\/\/schema.org","@graph":[{"@type":"WebPage","@id":"https:\/\/www.silentblocks.com\/de\/produkt\/4-gummi-feder-hinterradaufhangung\/","url":"https:\/\/www.silentblocks.com\/de\/produkt\/4-gummi-feder-hinterradaufhangung\/","name":"Distanzst\u00fccke der hinteren Aufh\u00e4ngungsfedern, Koleos, Juke, Qashai, X-Trail T31 - SILENT BLOCKS","isPartOf":{"@id":"https:\/\/www.silentblocks.com\/de\/#website"},"primaryImageOfPage":{"@id":"https:\/\/www.silentblocks.com\/de\/produkt\/4-gummi-feder-hinterradaufhangung\/#primaryimage"},"image":{"@id":"https:\/\/www.silentblocks.com\/de\/produkt\/4-gummi-feder-hinterradaufhangung\/#primaryimage"},"thumbnailUrl":"https:\/\/www.silentblocks.com\/wp-content\/uploads\/2026\/02\/KIT-silentbloc-caoutchouc-ressort-arriere-qashqai-2.jpg","datePublished":"2023-04-26T23:01:20+00:00","dateModified":"2026-02-17T21:09:39+00:00","description":"Abstandsst\u00fccke f\u00fcr hintere Fahrwerksfedern f\u00fcr Renault Koleos, Nissan Juke, Nissan Qashai, Nissan X-Trail T31, OEM 54035-JG00A","breadcrumb":{"@id":"https:\/\/www.silentblocks.com\/de\/produkt\/4-gummi-feder-hinterradaufhangung\/#breadcrumb"},"inLanguage":"de","potentialAction":[{"@type":"ReadAction","target":["https:\/\/www.silentblocks.com\/de\/produkt\/4-gummi-feder-hinterradaufhangung\/"]}]},{"@type":"ImageObject","inLanguage":"de","@id":"https:\/\/www.silentblocks.com\/de\/produkt\/4-gummi-feder-hinterradaufhangung\/#primaryimage","url":"https:\/\/www.silentblocks.com\/wp-content\/uploads\/2026\/02\/KIT-silentbloc-caoutchouc-ressort-arriere-qashqai-2.jpg","contentUrl":"https:\/\/www.silentblocks.com\/wp-content\/uploads\/2026\/02\/KIT-silentbloc-caoutchouc-ressort-arriere-qashqai-2.jpg","width":800,"height":800},{"@type":"BreadcrumbList","@id":"https:\/\/www.silentblocks.com\/de\/produkt\/4-gummi-feder-hinterradaufhangung\/#breadcrumb","itemListElement":[{"@type":"ListItem","position":1,"name":"In\u00edcio","item":"https:\/\/www.silentblocks.com\/de\/"},{"@type":"ListItem","position":2,"name":"Page boutique","item":"https:\/\/www.silentblocks.com\/shop-2\/"},{"@type":"ListItem","position":3,"name":"Distanzst\u00fccke der hinteren Aufh\u00e4ngungsfedern, Koleos, Juke, Qashai, X-Trail T31"}]},{"@type":"WebSite","@id":"https:\/\/www.silentblocks.com\/de\/#website","url":"https:\/\/www.silentblocks.com\/de\/","name":"SILENTBLOCKS","description":"Secure on the road","publisher":{"@id":"https:\/\/www.silentblocks.com\/de\/#organization"},"potentialAction":[{"@type":"SearchAction","target":{"@type":"EntryPoint","urlTemplate":"https:\/\/www.silentblocks.com\/de\/?s={search_term_string}"},"query-input":{"@type":"PropertyValueSpecification","valueRequired":true,"valueName":"search_term_string"}}],"inLanguage":"de"},{"@type":"Organization","@id":"https:\/\/www.silentblocks.com\/de\/#organization","name":"SILENTBLOCKS","url":"https:\/\/www.silentblocks.com\/de\/","logo":{"@type":"ImageObject","inLanguage":"de","@id":"https:\/\/www.silentblocks.com\/de\/#\/schema\/logo\/image\/","url":"https:\/\/www.silentblocks.com\/wp-content\/uploads\/2023\/07\/logo211-sem-fundo_2012-PARA-BOUTIQUE-EBAY.png","contentUrl":"https:\/\/www.silentblocks.com\/wp-content\/uploads\/2023\/07\/logo211-sem-fundo_2012-PARA-BOUTIQUE-EBAY.png","width":300,"height":190,"caption":"SILENTBLOCKS"},"image":{"@id":"https:\/\/www.silentblocks.com\/de\/#\/schema\/logo\/image\/"}}]}},"_links":{"self":[{"href":"https:\/\/www.silentblocks.com\/de\/wp-json\/wp\/v2\/product\/78178","targetHints":{"allow":["GET"]}}],"collection":[{"href":"https:\/\/www.silentblocks.com\/de\/wp-json\/wp\/v2\/product"}],"about":[{"href":"https:\/\/www.silentblocks.com\/de\/wp-json\/wp\/v2\/types\/product"}],"version-history":[{"count":0,"href":"https:\/\/www.silentblocks.com\/de\/wp-json\/wp\/v2\/product\/78178\/revisions"}],"wp:featuredmedia":[{"embeddable":true,"href":"https:\/\/www.silentblocks.com\/de\/wp-json\/wp\/v2\/media\/125745"}],"wp:attachment":[{"href":"https:\/\/www.silentblocks.com\/de\/wp-json\/wp\/v2\/media?parent=78178"}],"wp:term":[{"taxonomy":"product_brand","embeddable":true,"href":"https:\/\/www.silentblocks.com\/de\/wp-json\/wp\/v2\/product_brand?post=78178"},{"taxonomy":"product_cat","embeddable":true,"href":"https:\/\/www.silentblocks.com\/de\/wp-json\/wp\/v2\/product_cat?post=78178"},{"taxonomy":"product_tag","embeddable":true,"href":"https:\/\/www.silentblocks.com\/de\/wp-json\/wp\/v2\/product_tag?post=78178"}],"curies":[{"name":"wp","href":"https:\/\/api.w.org\/{rel}","templated":true}]}}