{"id":78406,"date":"2023-04-26T23:00:56","date_gmt":"2023-04-26T23:00:56","guid":{"rendered":"https:\/\/www.silentblocks.com\/product\/2-silentbocs-fur-den-stabilisator-vor-toyota-dyna\/"},"modified":"2026-02-17T21:10:16","modified_gmt":"2026-02-17T21:10:16","slug":"2-silentbocs-fur-den-stabilisator-vor-toyota-dyna","status":"publish","type":"product","link":"https:\/\/www.silentblocks.com\/de\/produkt\/2-silentbocs-fur-den-stabilisator-vor-toyota-dyna\/","title":{"rendered":"Vordere Stabilisatorlagerbuchsen f\u00fcr Toyota Dyna"},"content":{"rendered":"<p>2 Buchsen aus Gummi zur Reparatur des vorderen Stabilisators, kompatibel mit den folgenden Fahrzeugen:<br \/>\nToyota Dyna 2001.07-  [EU]<br \/>\nInnendurchmesser: 25mm<br \/>\nModelle: KDY22#,23#,25#,26#,LY2##<\/p>\n<p>Herstellerreferenzen (OEM-Code) zur Orientierung :<br \/>\n48815-25040<\/p>\n<p>Neue Teile, die mit Rechnung verkauft werden. Alle unsere Produkte haben eine Garantie von 2 Jahren.<\/p>\n","protected":false},"excerpt":{"rendered":"<p>2er-Set Silentblocs aus Gummi f\u00fcr die Reparatur des vorderen Stabilisators f\u00fcr Toyota Dyna<\/p>\n","protected":false},"featured_media":125393,"template":"","meta":[],"product_brand":[],"product_cat":[2248,3655],"product_tag":[],"class_list":{"0":"post-78406","1":"product","2":"type-product","3":"status-publish","4":"has-post-thumbnail","6":"product_cat-toyota-de","7":"product_cat-dyna-de","9":"first","10":"instock","11":"shipping-taxable","12":"purchasable","13":"product-type-simple"},"yoast_head":"<!-- This site is optimized with the Yoast SEO Premium plugin v23.0 (Yoast SEO v27.4) - https:\/\/yoast.com\/product\/yoast-seo-premium-wordpress\/ -->\n<title>Vordere Stabilisatorlagerbuchsen f\u00fcr Toyota Dyna - SILENT BLOCKS<\/title>\n<meta name=\"description\" content=\"Buchs f\u00fcr vorderen Stabilisator, Stabilisatorbuchsen f\u00fcr Toyota Dyna, kompatibel mit oem 48815-25040\" \/>\n<meta name=\"robots\" content=\"index, follow, max-snippet:-1, max-image-preview:large, max-video-preview:-1\" \/>\n<link rel=\"canonical\" href=\"https:\/\/www.silentblocks.com\/de\/produkt\/2-silentbocs-fur-den-stabilisator-vor-toyota-dyna\/\" \/>\n<meta property=\"og:locale\" content=\"de_DE\" \/>\n<meta property=\"og:type\" content=\"article\" \/>\n<meta property=\"og:title\" content=\"Vordere Stabilisatorlagerbuchsen f\u00fcr Toyota Dyna\" \/>\n<meta property=\"og:description\" content=\"Buchs f\u00fcr vorderen Stabilisator, Stabilisatorbuchsen f\u00fcr Toyota Dyna, kompatibel mit oem 48815-25040\" \/>\n<meta property=\"og:url\" content=\"https:\/\/www.silentblocks.com\/de\/produkt\/2-silentbocs-fur-den-stabilisator-vor-toyota-dyna\/\" \/>\n<meta property=\"og:site_name\" content=\"SILENT BLOCKS\" \/>\n<meta property=\"article:modified_time\" content=\"2026-02-17T21:10:16+00:00\" \/>\n<meta property=\"og:image\" content=\"https:\/\/www.silentblocks.com\/wp-content\/uploads\/2026\/02\/D0089-2.jpg\" \/>\n\t<meta property=\"og:image:width\" content=\"800\" \/>\n\t<meta property=\"og:image:height\" content=\"800\" \/>\n\t<meta property=\"og:image:type\" content=\"image\/jpeg\" \/>\n<meta name=\"twitter:card\" content=\"summary_large_image\" \/>\n<script type=\"application\/ld+json\" class=\"yoast-schema-graph\">{\"@context\":\"https:\\\/\\\/schema.org\",\"@graph\":[{\"@type\":\"WebPage\",\"@id\":\"https:\\\/\\\/www.silentblocks.com\\\/de\\\/produkt\\\/2-silentbocs-fur-den-stabilisator-vor-toyota-dyna\\\/\",\"url\":\"https:\\\/\\\/www.silentblocks.com\\\/de\\\/produkt\\\/2-silentbocs-fur-den-stabilisator-vor-toyota-dyna\\\/\",\"name\":\"Vordere Stabilisatorlagerbuchsen f\u00fcr Toyota Dyna - SILENT BLOCKS\",\"isPartOf\":{\"@id\":\"https:\\\/\\\/www.silentblocks.com\\\/de\\\/#website\"},\"primaryImageOfPage\":{\"@id\":\"https:\\\/\\\/www.silentblocks.com\\\/de\\\/produkt\\\/2-silentbocs-fur-den-stabilisator-vor-toyota-dyna\\\/#primaryimage\"},\"image\":{\"@id\":\"https:\\\/\\\/www.silentblocks.com\\\/de\\\/produkt\\\/2-silentbocs-fur-den-stabilisator-vor-toyota-dyna\\\/#primaryimage\"},\"thumbnailUrl\":\"https:\\\/\\\/www.silentblocks.com\\\/wp-content\\\/uploads\\\/2026\\\/02\\\/D0089-2.jpg\",\"datePublished\":\"2023-04-26T23:00:56+00:00\",\"dateModified\":\"2026-02-17T21:10:16+00:00\",\"description\":\"Buchs f\u00fcr vorderen Stabilisator, Stabilisatorbuchsen f\u00fcr Toyota Dyna, kompatibel mit oem 48815-25040\",\"breadcrumb\":{\"@id\":\"https:\\\/\\\/www.silentblocks.com\\\/de\\\/produkt\\\/2-silentbocs-fur-den-stabilisator-vor-toyota-dyna\\\/#breadcrumb\"},\"inLanguage\":\"de\",\"potentialAction\":[{\"@type\":\"ReadAction\",\"target\":[\"https:\\\/\\\/www.silentblocks.com\\\/de\\\/produkt\\\/2-silentbocs-fur-den-stabilisator-vor-toyota-dyna\\\/\"]}]},{\"@type\":\"ImageObject\",\"inLanguage\":\"de\",\"@id\":\"https:\\\/\\\/www.silentblocks.com\\\/de\\\/produkt\\\/2-silentbocs-fur-den-stabilisator-vor-toyota-dyna\\\/#primaryimage\",\"url\":\"https:\\\/\\\/www.silentblocks.com\\\/wp-content\\\/uploads\\\/2026\\\/02\\\/D0089-2.jpg\",\"contentUrl\":\"https:\\\/\\\/www.silentblocks.com\\\/wp-content\\\/uploads\\\/2026\\\/02\\\/D0089-2.jpg\",\"width\":800,\"height\":800},{\"@type\":\"BreadcrumbList\",\"@id\":\"https:\\\/\\\/www.silentblocks.com\\\/de\\\/produkt\\\/2-silentbocs-fur-den-stabilisator-vor-toyota-dyna\\\/#breadcrumb\",\"itemListElement\":[{\"@type\":\"ListItem\",\"position\":1,\"name\":\"In\u00edcio\",\"item\":\"https:\\\/\\\/www.silentblocks.com\\\/de\\\/\"},{\"@type\":\"ListItem\",\"position\":2,\"name\":\"Page boutique\",\"item\":\"https:\\\/\\\/www.silentblocks.com\\\/shop-2\\\/\"},{\"@type\":\"ListItem\",\"position\":3,\"name\":\"Vordere Stabilisatorlagerbuchsen f\u00fcr Toyota Dyna\"}]},{\"@type\":\"WebSite\",\"@id\":\"https:\\\/\\\/www.silentblocks.com\\\/de\\\/#website\",\"url\":\"https:\\\/\\\/www.silentblocks.com\\\/de\\\/\",\"name\":\"SILENTBLOCKS\",\"description\":\"Secure on the road\",\"publisher\":{\"@id\":\"https:\\\/\\\/www.silentblocks.com\\\/de\\\/#organization\"},\"potentialAction\":[{\"@type\":\"SearchAction\",\"target\":{\"@type\":\"EntryPoint\",\"urlTemplate\":\"https:\\\/\\\/www.silentblocks.com\\\/de\\\/?s={search_term_string}\"},\"query-input\":{\"@type\":\"PropertyValueSpecification\",\"valueRequired\":true,\"valueName\":\"search_term_string\"}}],\"inLanguage\":\"de\"},{\"@type\":\"Organization\",\"@id\":\"https:\\\/\\\/www.silentblocks.com\\\/de\\\/#organization\",\"name\":\"SILENTBLOCKS\",\"url\":\"https:\\\/\\\/www.silentblocks.com\\\/de\\\/\",\"logo\":{\"@type\":\"ImageObject\",\"inLanguage\":\"de\",\"@id\":\"https:\\\/\\\/www.silentblocks.com\\\/de\\\/#\\\/schema\\\/logo\\\/image\\\/\",\"url\":\"https:\\\/\\\/www.silentblocks.com\\\/wp-content\\\/uploads\\\/2023\\\/07\\\/logo211-sem-fundo_2012-PARA-BOUTIQUE-EBAY.png\",\"contentUrl\":\"https:\\\/\\\/www.silentblocks.com\\\/wp-content\\\/uploads\\\/2023\\\/07\\\/logo211-sem-fundo_2012-PARA-BOUTIQUE-EBAY.png\",\"width\":300,\"height\":190,\"caption\":\"SILENTBLOCKS\"},\"image\":{\"@id\":\"https:\\\/\\\/www.silentblocks.com\\\/de\\\/#\\\/schema\\\/logo\\\/image\\\/\"}}]}<\/script>\n<!-- \/ Yoast SEO Premium plugin. -->","yoast_head_json":{"title":"Vordere Stabilisatorlagerbuchsen f\u00fcr Toyota Dyna - SILENT BLOCKS","description":"Buchs f\u00fcr vorderen Stabilisator, Stabilisatorbuchsen f\u00fcr Toyota Dyna, kompatibel mit oem 48815-25040","robots":{"index":"index","follow":"follow","max-snippet":"max-snippet:-1","max-image-preview":"max-image-preview:large","max-video-preview":"max-video-preview:-1"},"canonical":"https:\/\/www.silentblocks.com\/de\/produkt\/2-silentbocs-fur-den-stabilisator-vor-toyota-dyna\/","og_locale":"de_DE","og_type":"article","og_title":"Vordere Stabilisatorlagerbuchsen f\u00fcr Toyota Dyna","og_description":"Buchs f\u00fcr vorderen Stabilisator, Stabilisatorbuchsen f\u00fcr Toyota Dyna, kompatibel mit oem 48815-25040","og_url":"https:\/\/www.silentblocks.com\/de\/produkt\/2-silentbocs-fur-den-stabilisator-vor-toyota-dyna\/","og_site_name":"SILENT BLOCKS","article_modified_time":"2026-02-17T21:10:16+00:00","og_image":[{"width":800,"height":800,"url":"https:\/\/www.silentblocks.com\/wp-content\/uploads\/2026\/02\/D0089-2.jpg","type":"image\/jpeg"}],"twitter_card":"summary_large_image","schema":{"@context":"https:\/\/schema.org","@graph":[{"@type":"WebPage","@id":"https:\/\/www.silentblocks.com\/de\/produkt\/2-silentbocs-fur-den-stabilisator-vor-toyota-dyna\/","url":"https:\/\/www.silentblocks.com\/de\/produkt\/2-silentbocs-fur-den-stabilisator-vor-toyota-dyna\/","name":"Vordere Stabilisatorlagerbuchsen f\u00fcr Toyota Dyna - SILENT BLOCKS","isPartOf":{"@id":"https:\/\/www.silentblocks.com\/de\/#website"},"primaryImageOfPage":{"@id":"https:\/\/www.silentblocks.com\/de\/produkt\/2-silentbocs-fur-den-stabilisator-vor-toyota-dyna\/#primaryimage"},"image":{"@id":"https:\/\/www.silentblocks.com\/de\/produkt\/2-silentbocs-fur-den-stabilisator-vor-toyota-dyna\/#primaryimage"},"thumbnailUrl":"https:\/\/www.silentblocks.com\/wp-content\/uploads\/2026\/02\/D0089-2.jpg","datePublished":"2023-04-26T23:00:56+00:00","dateModified":"2026-02-17T21:10:16+00:00","description":"Buchs f\u00fcr vorderen Stabilisator, Stabilisatorbuchsen f\u00fcr Toyota Dyna, kompatibel mit oem 48815-25040","breadcrumb":{"@id":"https:\/\/www.silentblocks.com\/de\/produkt\/2-silentbocs-fur-den-stabilisator-vor-toyota-dyna\/#breadcrumb"},"inLanguage":"de","potentialAction":[{"@type":"ReadAction","target":["https:\/\/www.silentblocks.com\/de\/produkt\/2-silentbocs-fur-den-stabilisator-vor-toyota-dyna\/"]}]},{"@type":"ImageObject","inLanguage":"de","@id":"https:\/\/www.silentblocks.com\/de\/produkt\/2-silentbocs-fur-den-stabilisator-vor-toyota-dyna\/#primaryimage","url":"https:\/\/www.silentblocks.com\/wp-content\/uploads\/2026\/02\/D0089-2.jpg","contentUrl":"https:\/\/www.silentblocks.com\/wp-content\/uploads\/2026\/02\/D0089-2.jpg","width":800,"height":800},{"@type":"BreadcrumbList","@id":"https:\/\/www.silentblocks.com\/de\/produkt\/2-silentbocs-fur-den-stabilisator-vor-toyota-dyna\/#breadcrumb","itemListElement":[{"@type":"ListItem","position":1,"name":"In\u00edcio","item":"https:\/\/www.silentblocks.com\/de\/"},{"@type":"ListItem","position":2,"name":"Page boutique","item":"https:\/\/www.silentblocks.com\/shop-2\/"},{"@type":"ListItem","position":3,"name":"Vordere Stabilisatorlagerbuchsen f\u00fcr Toyota Dyna"}]},{"@type":"WebSite","@id":"https:\/\/www.silentblocks.com\/de\/#website","url":"https:\/\/www.silentblocks.com\/de\/","name":"SILENTBLOCKS","description":"Secure on the road","publisher":{"@id":"https:\/\/www.silentblocks.com\/de\/#organization"},"potentialAction":[{"@type":"SearchAction","target":{"@type":"EntryPoint","urlTemplate":"https:\/\/www.silentblocks.com\/de\/?s={search_term_string}"},"query-input":{"@type":"PropertyValueSpecification","valueRequired":true,"valueName":"search_term_string"}}],"inLanguage":"de"},{"@type":"Organization","@id":"https:\/\/www.silentblocks.com\/de\/#organization","name":"SILENTBLOCKS","url":"https:\/\/www.silentblocks.com\/de\/","logo":{"@type":"ImageObject","inLanguage":"de","@id":"https:\/\/www.silentblocks.com\/de\/#\/schema\/logo\/image\/","url":"https:\/\/www.silentblocks.com\/wp-content\/uploads\/2023\/07\/logo211-sem-fundo_2012-PARA-BOUTIQUE-EBAY.png","contentUrl":"https:\/\/www.silentblocks.com\/wp-content\/uploads\/2023\/07\/logo211-sem-fundo_2012-PARA-BOUTIQUE-EBAY.png","width":300,"height":190,"caption":"SILENTBLOCKS"},"image":{"@id":"https:\/\/www.silentblocks.com\/de\/#\/schema\/logo\/image\/"}}]}},"_links":{"self":[{"href":"https:\/\/www.silentblocks.com\/de\/wp-json\/wp\/v2\/product\/78406","targetHints":{"allow":["GET"]}}],"collection":[{"href":"https:\/\/www.silentblocks.com\/de\/wp-json\/wp\/v2\/product"}],"about":[{"href":"https:\/\/www.silentblocks.com\/de\/wp-json\/wp\/v2\/types\/product"}],"version-history":[{"count":0,"href":"https:\/\/www.silentblocks.com\/de\/wp-json\/wp\/v2\/product\/78406\/revisions"}],"wp:featuredmedia":[{"embeddable":true,"href":"https:\/\/www.silentblocks.com\/de\/wp-json\/wp\/v2\/media\/125393"}],"wp:attachment":[{"href":"https:\/\/www.silentblocks.com\/de\/wp-json\/wp\/v2\/media?parent=78406"}],"wp:term":[{"taxonomy":"product_brand","embeddable":true,"href":"https:\/\/www.silentblocks.com\/de\/wp-json\/wp\/v2\/product_brand?post=78406"},{"taxonomy":"product_cat","embeddable":true,"href":"https:\/\/www.silentblocks.com\/de\/wp-json\/wp\/v2\/product_cat?post=78406"},{"taxonomy":"product_tag","embeddable":true,"href":"https:\/\/www.silentblocks.com\/de\/wp-json\/wp\/v2\/product_tag?post=78406"}],"curies":[{"name":"wp","href":"https:\/\/api.w.org\/{rel}","templated":true}]}}