{"id":78800,"date":"2023-04-26T23:00:14","date_gmt":"2023-04-26T23:00:14","guid":{"rendered":"https:\/\/www.silentblocks.com\/product\/2-silentblocs-dampfer-arterien-2\/"},"modified":"2026-02-17T21:11:13","modified_gmt":"2026-02-17T21:11:13","slug":"2-silentblocs-dampfer-arterien-2","status":"publish","type":"product","link":"https:\/\/www.silentblocks.com\/de\/produkt\/2-silentblocs-dampfer-arterien-2\/","title":{"rendered":"Hinterer Sto\u00dfd\u00e4mpferbuchsen, Altea, Octavia, Yeti, Golf, Jetta, Passat, Scirocco"},"content":{"rendered":"<p>2 Buchsen f\u00fcr zwei hintere Sto\u00dfd\u00e4mpfer, passend f\u00fcr die folgenden Fahrzeuge:<br \/>\nSEAT ALTEA (5P1) 2004-2015<br \/>\nSEAT ALTEA XL (5P5) 2006-2015<br \/>\nSKODA OCTAVIA II 2004-2012<br \/>\nSKODA YETI 2010-2017<br \/>\nVW GOLF V (1K1) 2003-2008<br \/>\nVW GOLF V PLUS (5M1) 2005-2014<br \/>\nVW GOLF V VARIANT 2007-2009<br \/>\nVW GOLF VI (5K1) 2008-2012<br \/>\nVW JETTA V (1K2) 2005-2011<br \/>\nVW JETTA VI 2011-2018<br \/>\nVW PASSAT B6 2005-2011<br \/>\nVW PASSAT B7 2011-2015<br \/>\nVW PASSAT CC 2008-2015<br \/>\nVW PASSAT VARIANT B6 2005-2011<br \/>\nVW SCIROCCO 2008-2017<br \/>\nVW TIGUAN 2007-2017<\/p>\n<p>Herstellerreferenzen (OEM-Code) zur Orientierung :<br \/>\n5N0513049L, 1K0513029CQ, 1K0513029EN, 1K0513029FA, 1K0513029FB<\/p>\n<p>Neue Teile, die mit Rechnung verkauft werden. Alle unsere Produkte haben eine Garantie von 2 Jahren.<\/p>\n","protected":false},"excerpt":{"rendered":"<p>2 Silentblocs f\u00fcr zwei hintere Sto\u00dfd\u00e4mpfer, f\u00fcr Seat Altea, Skoda Octavia, Yeti, VW Golf V, VI, Jetta, Passat, Scirocco, Tiguan<\/p>\n","protected":false},"featured_media":124761,"template":"","meta":[],"product_brand":[],"product_cat":[2230,3516,2233,3545,3561,2254,3786,3788,3797,3800,3811,3824,3829],"product_tag":[],"class_list":{"0":"post-78800","1":"product","2":"type-product","3":"status-publish","4":"has-post-thumbnail","6":"product_cat-seat-de","7":"product_cat-altea-de","8":"product_cat-skoda-de","9":"product_cat-octavia-de","10":"product_cat-yeti-de","11":"product_cat-vw-de","12":"product_cat-golf-v-de","13":"product_cat-golf-vi-de","14":"product_cat-jetta-v-de","15":"product_cat-jetta-vi-de","16":"product_cat-passat-de","17":"product_cat-scirocco-iii-de","18":"product_cat-tiguan-de","20":"first","21":"instock","22":"shipping-taxable","23":"purchasable","24":"product-type-simple"},"yoast_head":"<!-- This site is optimized with the Yoast SEO Premium plugin v23.0 (Yoast SEO v27.4) - https:\/\/yoast.com\/product\/yoast-seo-premium-wordpress\/ -->\n<title>Hinterer Sto\u00dfd\u00e4mpferbuchsen, Altea, Octavia, Yeti, Golf, Jetta, Passat, Scirocco - SILENT BLOCKS<\/title>\n<meta name=\"description\" content=\"Buchsen der hinteren Sto\u00dfd\u00e4mpfer f\u00fcr Seat Altea, Skoda Octavia, Yeti, VW Golf, VW Jetta, VW Passat, VW Scirocco, kompatibel mit oem 5N0513049L\" \/>\n<meta name=\"robots\" content=\"index, follow, max-snippet:-1, max-image-preview:large, max-video-preview:-1\" \/>\n<link rel=\"canonical\" href=\"https:\/\/www.silentblocks.com\/de\/produkt\/2-silentblocs-dampfer-arterien-2\/\" \/>\n<meta property=\"og:locale\" content=\"de_DE\" \/>\n<meta property=\"og:type\" content=\"article\" \/>\n<meta property=\"og:title\" content=\"Hinterer Sto\u00dfd\u00e4mpferbuchsen, Altea, Octavia, Yeti, Golf, Jetta, Passat, Scirocco\" \/>\n<meta property=\"og:description\" content=\"Buchsen der hinteren Sto\u00dfd\u00e4mpfer f\u00fcr Seat Altea, Skoda Octavia, Yeti, VW Golf, VW Jetta, VW Passat, VW Scirocco, kompatibel mit oem 5N0513049L\" \/>\n<meta property=\"og:url\" content=\"https:\/\/www.silentblocks.com\/de\/produkt\/2-silentblocs-dampfer-arterien-2\/\" \/>\n<meta property=\"og:site_name\" content=\"SILENT BLOCKS\" \/>\n<meta property=\"article:modified_time\" content=\"2026-02-17T21:11:13+00:00\" \/>\n<meta property=\"og:image\" content=\"https:\/\/www.silentblocks.com\/wp-content\/uploads\/2026\/02\/silentblocs-amortisseurs-arriere-vw-golf-v-5N0513049L-2.jpg\" \/>\n\t<meta property=\"og:image:width\" content=\"800\" \/>\n\t<meta property=\"og:image:height\" content=\"800\" \/>\n\t<meta property=\"og:image:type\" content=\"image\/jpeg\" \/>\n<meta name=\"twitter:card\" content=\"summary_large_image\" \/>\n<meta name=\"twitter:label1\" content=\"Gesch\u00e4tzte Lesezeit\" \/>\n\t<meta name=\"twitter:data1\" content=\"1\u00a0Minute\" \/>\n<script type=\"application\/ld+json\" class=\"yoast-schema-graph\">{\"@context\":\"https:\\\/\\\/schema.org\",\"@graph\":[{\"@type\":\"WebPage\",\"@id\":\"https:\\\/\\\/www.silentblocks.com\\\/de\\\/produkt\\\/2-silentblocs-dampfer-arterien-2\\\/\",\"url\":\"https:\\\/\\\/www.silentblocks.com\\\/de\\\/produkt\\\/2-silentblocs-dampfer-arterien-2\\\/\",\"name\":\"Hinterer Sto\u00dfd\u00e4mpferbuchsen, Altea, Octavia, Yeti, Golf, Jetta, Passat, Scirocco - SILENT BLOCKS\",\"isPartOf\":{\"@id\":\"https:\\\/\\\/www.silentblocks.com\\\/de\\\/#website\"},\"primaryImageOfPage\":{\"@id\":\"https:\\\/\\\/www.silentblocks.com\\\/de\\\/produkt\\\/2-silentblocs-dampfer-arterien-2\\\/#primaryimage\"},\"image\":{\"@id\":\"https:\\\/\\\/www.silentblocks.com\\\/de\\\/produkt\\\/2-silentblocs-dampfer-arterien-2\\\/#primaryimage\"},\"thumbnailUrl\":\"https:\\\/\\\/www.silentblocks.com\\\/wp-content\\\/uploads\\\/2026\\\/02\\\/silentblocs-amortisseurs-arriere-vw-golf-v-5N0513049L-2.jpg\",\"datePublished\":\"2023-04-26T23:00:14+00:00\",\"dateModified\":\"2026-02-17T21:11:13+00:00\",\"description\":\"Buchsen der hinteren Sto\u00dfd\u00e4mpfer f\u00fcr Seat Altea, Skoda Octavia, Yeti, VW Golf, VW Jetta, VW Passat, VW Scirocco, kompatibel mit oem 5N0513049L\",\"breadcrumb\":{\"@id\":\"https:\\\/\\\/www.silentblocks.com\\\/de\\\/produkt\\\/2-silentblocs-dampfer-arterien-2\\\/#breadcrumb\"},\"inLanguage\":\"de\",\"potentialAction\":[{\"@type\":\"ReadAction\",\"target\":[\"https:\\\/\\\/www.silentblocks.com\\\/de\\\/produkt\\\/2-silentblocs-dampfer-arterien-2\\\/\"]}]},{\"@type\":\"ImageObject\",\"inLanguage\":\"de\",\"@id\":\"https:\\\/\\\/www.silentblocks.com\\\/de\\\/produkt\\\/2-silentblocs-dampfer-arterien-2\\\/#primaryimage\",\"url\":\"https:\\\/\\\/www.silentblocks.com\\\/wp-content\\\/uploads\\\/2026\\\/02\\\/silentblocs-amortisseurs-arriere-vw-golf-v-5N0513049L-2.jpg\",\"contentUrl\":\"https:\\\/\\\/www.silentblocks.com\\\/wp-content\\\/uploads\\\/2026\\\/02\\\/silentblocs-amortisseurs-arriere-vw-golf-v-5N0513049L-2.jpg\",\"width\":800,\"height\":800},{\"@type\":\"BreadcrumbList\",\"@id\":\"https:\\\/\\\/www.silentblocks.com\\\/de\\\/produkt\\\/2-silentblocs-dampfer-arterien-2\\\/#breadcrumb\",\"itemListElement\":[{\"@type\":\"ListItem\",\"position\":1,\"name\":\"In\u00edcio\",\"item\":\"https:\\\/\\\/www.silentblocks.com\\\/de\\\/\"},{\"@type\":\"ListItem\",\"position\":2,\"name\":\"Page boutique\",\"item\":\"https:\\\/\\\/www.silentblocks.com\\\/shop-2\\\/\"},{\"@type\":\"ListItem\",\"position\":3,\"name\":\"Hinterer Sto\u00dfd\u00e4mpferbuchsen, Altea, Octavia, Yeti, Golf, Jetta, Passat, Scirocco\"}]},{\"@type\":\"WebSite\",\"@id\":\"https:\\\/\\\/www.silentblocks.com\\\/de\\\/#website\",\"url\":\"https:\\\/\\\/www.silentblocks.com\\\/de\\\/\",\"name\":\"SILENTBLOCKS\",\"description\":\"Secure on the road\",\"publisher\":{\"@id\":\"https:\\\/\\\/www.silentblocks.com\\\/de\\\/#organization\"},\"potentialAction\":[{\"@type\":\"SearchAction\",\"target\":{\"@type\":\"EntryPoint\",\"urlTemplate\":\"https:\\\/\\\/www.silentblocks.com\\\/de\\\/?s={search_term_string}\"},\"query-input\":{\"@type\":\"PropertyValueSpecification\",\"valueRequired\":true,\"valueName\":\"search_term_string\"}}],\"inLanguage\":\"de\"},{\"@type\":\"Organization\",\"@id\":\"https:\\\/\\\/www.silentblocks.com\\\/de\\\/#organization\",\"name\":\"SILENTBLOCKS\",\"url\":\"https:\\\/\\\/www.silentblocks.com\\\/de\\\/\",\"logo\":{\"@type\":\"ImageObject\",\"inLanguage\":\"de\",\"@id\":\"https:\\\/\\\/www.silentblocks.com\\\/de\\\/#\\\/schema\\\/logo\\\/image\\\/\",\"url\":\"https:\\\/\\\/www.silentblocks.com\\\/wp-content\\\/uploads\\\/2023\\\/07\\\/logo211-sem-fundo_2012-PARA-BOUTIQUE-EBAY.png\",\"contentUrl\":\"https:\\\/\\\/www.silentblocks.com\\\/wp-content\\\/uploads\\\/2023\\\/07\\\/logo211-sem-fundo_2012-PARA-BOUTIQUE-EBAY.png\",\"width\":300,\"height\":190,\"caption\":\"SILENTBLOCKS\"},\"image\":{\"@id\":\"https:\\\/\\\/www.silentblocks.com\\\/de\\\/#\\\/schema\\\/logo\\\/image\\\/\"}}]}<\/script>\n<!-- \/ Yoast SEO Premium plugin. -->","yoast_head_json":{"title":"Hinterer Sto\u00dfd\u00e4mpferbuchsen, Altea, Octavia, Yeti, Golf, Jetta, Passat, Scirocco - SILENT BLOCKS","description":"Buchsen der hinteren Sto\u00dfd\u00e4mpfer f\u00fcr Seat Altea, Skoda Octavia, Yeti, VW Golf, VW Jetta, VW Passat, VW Scirocco, kompatibel mit oem 5N0513049L","robots":{"index":"index","follow":"follow","max-snippet":"max-snippet:-1","max-image-preview":"max-image-preview:large","max-video-preview":"max-video-preview:-1"},"canonical":"https:\/\/www.silentblocks.com\/de\/produkt\/2-silentblocs-dampfer-arterien-2\/","og_locale":"de_DE","og_type":"article","og_title":"Hinterer Sto\u00dfd\u00e4mpferbuchsen, Altea, Octavia, Yeti, Golf, Jetta, Passat, Scirocco","og_description":"Buchsen der hinteren Sto\u00dfd\u00e4mpfer f\u00fcr Seat Altea, Skoda Octavia, Yeti, VW Golf, VW Jetta, VW Passat, VW Scirocco, kompatibel mit oem 5N0513049L","og_url":"https:\/\/www.silentblocks.com\/de\/produkt\/2-silentblocs-dampfer-arterien-2\/","og_site_name":"SILENT BLOCKS","article_modified_time":"2026-02-17T21:11:13+00:00","og_image":[{"width":800,"height":800,"url":"https:\/\/www.silentblocks.com\/wp-content\/uploads\/2026\/02\/silentblocs-amortisseurs-arriere-vw-golf-v-5N0513049L-2.jpg","type":"image\/jpeg"}],"twitter_card":"summary_large_image","twitter_misc":{"Gesch\u00e4tzte Lesezeit":"1\u00a0Minute"},"schema":{"@context":"https:\/\/schema.org","@graph":[{"@type":"WebPage","@id":"https:\/\/www.silentblocks.com\/de\/produkt\/2-silentblocs-dampfer-arterien-2\/","url":"https:\/\/www.silentblocks.com\/de\/produkt\/2-silentblocs-dampfer-arterien-2\/","name":"Hinterer Sto\u00dfd\u00e4mpferbuchsen, Altea, Octavia, Yeti, Golf, Jetta, Passat, Scirocco - SILENT BLOCKS","isPartOf":{"@id":"https:\/\/www.silentblocks.com\/de\/#website"},"primaryImageOfPage":{"@id":"https:\/\/www.silentblocks.com\/de\/produkt\/2-silentblocs-dampfer-arterien-2\/#primaryimage"},"image":{"@id":"https:\/\/www.silentblocks.com\/de\/produkt\/2-silentblocs-dampfer-arterien-2\/#primaryimage"},"thumbnailUrl":"https:\/\/www.silentblocks.com\/wp-content\/uploads\/2026\/02\/silentblocs-amortisseurs-arriere-vw-golf-v-5N0513049L-2.jpg","datePublished":"2023-04-26T23:00:14+00:00","dateModified":"2026-02-17T21:11:13+00:00","description":"Buchsen der hinteren Sto\u00dfd\u00e4mpfer f\u00fcr Seat Altea, Skoda Octavia, Yeti, VW Golf, VW Jetta, VW Passat, VW Scirocco, kompatibel mit oem 5N0513049L","breadcrumb":{"@id":"https:\/\/www.silentblocks.com\/de\/produkt\/2-silentblocs-dampfer-arterien-2\/#breadcrumb"},"inLanguage":"de","potentialAction":[{"@type":"ReadAction","target":["https:\/\/www.silentblocks.com\/de\/produkt\/2-silentblocs-dampfer-arterien-2\/"]}]},{"@type":"ImageObject","inLanguage":"de","@id":"https:\/\/www.silentblocks.com\/de\/produkt\/2-silentblocs-dampfer-arterien-2\/#primaryimage","url":"https:\/\/www.silentblocks.com\/wp-content\/uploads\/2026\/02\/silentblocs-amortisseurs-arriere-vw-golf-v-5N0513049L-2.jpg","contentUrl":"https:\/\/www.silentblocks.com\/wp-content\/uploads\/2026\/02\/silentblocs-amortisseurs-arriere-vw-golf-v-5N0513049L-2.jpg","width":800,"height":800},{"@type":"BreadcrumbList","@id":"https:\/\/www.silentblocks.com\/de\/produkt\/2-silentblocs-dampfer-arterien-2\/#breadcrumb","itemListElement":[{"@type":"ListItem","position":1,"name":"In\u00edcio","item":"https:\/\/www.silentblocks.com\/de\/"},{"@type":"ListItem","position":2,"name":"Page boutique","item":"https:\/\/www.silentblocks.com\/shop-2\/"},{"@type":"ListItem","position":3,"name":"Hinterer Sto\u00dfd\u00e4mpferbuchsen, Altea, Octavia, Yeti, Golf, Jetta, Passat, Scirocco"}]},{"@type":"WebSite","@id":"https:\/\/www.silentblocks.com\/de\/#website","url":"https:\/\/www.silentblocks.com\/de\/","name":"SILENTBLOCKS","description":"Secure on the road","publisher":{"@id":"https:\/\/www.silentblocks.com\/de\/#organization"},"potentialAction":[{"@type":"SearchAction","target":{"@type":"EntryPoint","urlTemplate":"https:\/\/www.silentblocks.com\/de\/?s={search_term_string}"},"query-input":{"@type":"PropertyValueSpecification","valueRequired":true,"valueName":"search_term_string"}}],"inLanguage":"de"},{"@type":"Organization","@id":"https:\/\/www.silentblocks.com\/de\/#organization","name":"SILENTBLOCKS","url":"https:\/\/www.silentblocks.com\/de\/","logo":{"@type":"ImageObject","inLanguage":"de","@id":"https:\/\/www.silentblocks.com\/de\/#\/schema\/logo\/image\/","url":"https:\/\/www.silentblocks.com\/wp-content\/uploads\/2023\/07\/logo211-sem-fundo_2012-PARA-BOUTIQUE-EBAY.png","contentUrl":"https:\/\/www.silentblocks.com\/wp-content\/uploads\/2023\/07\/logo211-sem-fundo_2012-PARA-BOUTIQUE-EBAY.png","width":300,"height":190,"caption":"SILENTBLOCKS"},"image":{"@id":"https:\/\/www.silentblocks.com\/de\/#\/schema\/logo\/image\/"}}]}},"_links":{"self":[{"href":"https:\/\/www.silentblocks.com\/de\/wp-json\/wp\/v2\/product\/78800","targetHints":{"allow":["GET"]}}],"collection":[{"href":"https:\/\/www.silentblocks.com\/de\/wp-json\/wp\/v2\/product"}],"about":[{"href":"https:\/\/www.silentblocks.com\/de\/wp-json\/wp\/v2\/types\/product"}],"version-history":[{"count":0,"href":"https:\/\/www.silentblocks.com\/de\/wp-json\/wp\/v2\/product\/78800\/revisions"}],"wp:featuredmedia":[{"embeddable":true,"href":"https:\/\/www.silentblocks.com\/de\/wp-json\/wp\/v2\/media\/124761"}],"wp:attachment":[{"href":"https:\/\/www.silentblocks.com\/de\/wp-json\/wp\/v2\/media?parent=78800"}],"wp:term":[{"taxonomy":"product_brand","embeddable":true,"href":"https:\/\/www.silentblocks.com\/de\/wp-json\/wp\/v2\/product_brand?post=78800"},{"taxonomy":"product_cat","embeddable":true,"href":"https:\/\/www.silentblocks.com\/de\/wp-json\/wp\/v2\/product_cat?post=78800"},{"taxonomy":"product_tag","embeddable":true,"href":"https:\/\/www.silentblocks.com\/de\/wp-json\/wp\/v2\/product_tag?post=78800"}],"curies":[{"name":"wp","href":"https:\/\/api.w.org\/{rel}","templated":true}]}}