{"id":79301,"date":"2023-04-26T22:59:50","date_gmt":"2023-04-26T22:59:50","guid":{"rendered":"https:\/\/www.silentblocks.com\/product\/2-silent-blocke-vor-der-starke\/"},"modified":"2026-02-17T21:12:53","modified_gmt":"2026-02-17T21:12:53","slug":"2-silent-blocke-vor-der-starke","status":"publish","type":"product","link":"https:\/\/www.silentblocks.com\/de\/produkt\/2-silent-blocke-vor-der-starke\/","title":{"rendered":"Buchsen der vorderen Querlenker verst\u00e4rkt f\u00fcr Seat Ibiza, Cordoba, VW Golf, Passat"},"content":{"rendered":"<p>2 Buchsen (Verst\u00e4rkt) f\u00fcr die Reparatur der vorderen Dreiecksquerlenker, f\u00fcr:<\/p>\n<p>SEAT<br \/>\nIbiza (06.1984-02.2002)<br \/>\nModelle: 021A \/ 6K1<br \/>\nCordoba (06.1999-02.1993)<br \/>\nModelle: 6K2 \/ C2 \/ 6K5<br \/>\nInca (11.1995-06.2003)<br \/>\nModelle: 6K9<br \/>\nToledo (05.1991-03.1999)<br \/>\nModelle: 1L<\/p>\n<p>VOLKSWAGEN<br \/>\nCaddy (11.1995-01.2004)<br \/>\nModelle: II \/ 9K9B \/ 9K9A \/ PICK-UP \/ 9U7<br \/>\nCorrado (08-1987-12.1995)<br \/>\nModelle: 53I<br \/>\nGolf (08.1983-04.1999)<br \/>\nModelle: II \/ 191 \/ SYNCRO \/ III \/ 1H5 \/ 1H1 \/ SYNCRO \/ ESTATE \/ VARIANT<br \/>\nJetta (01.1984-12.1992)<br \/>\nModelle: II \/ 19E \/ 1G2 \/ SYNCRO<br \/>\nPassat (04.1988-12.1996)<br \/>\nModelle: III \/ 312 \/ 3A2 \/ 315 \/ 3A5<br \/>\nPolo (10.1994-12.2002)<br \/>\nModelle: III \/ 6N1 \/ 6N2 \/ 6KV2 \/ 6KV5<br \/>\nVento (11.1991-12.1999)<br \/>\nModelle: II<\/p>\n<p>&nbsp;<\/p>\n<p>Herstellerreferenzen (OEM-Code) zur Orientierung :<br \/>\n191407181D, 357407181<\/p>\n<p>Neue Teile, die mit Rechnung verkauft werden. Alle unsere Produkte haben eine Garantie von 2 Jahren.<\/p>\n","protected":false},"excerpt":{"rendered":"<p>2 Silentblocks (verst\u00e4rkt) der vorderen Querlenker f\u00fcr Seat Ibiza, Cordoba, Inca, Toledo und Volkswagen Caddy, Corrado, Golf, Jetta, Passat, Polo, Vento<\/p>\n","protected":false},"featured_media":124325,"template":"","meta":[],"product_brand":[],"product_cat":[2230,3520,3525,3535,2254,3758,3760,3775,3780,3790,3811,3817,3837],"product_tag":[],"class_list":{"0":"post-79301","1":"product","2":"type-product","3":"status-publish","4":"has-post-thumbnail","6":"product_cat-seat-de","7":"product_cat-cordoba-de","8":"product_cat-ibiza-mk2-de","9":"product_cat-toledo-de","10":"product_cat-vw-de","11":"product_cat-caddy-ii-de","12":"product_cat-corrado-de","13":"product_cat-golf-ii-de","14":"product_cat-golf-iii-de","15":"product_cat-jetta-ii-de","16":"product_cat-passat-de","17":"product_cat-polo-iii-de","18":"product_cat-vento-de","20":"first","21":"instock","22":"shipping-taxable","23":"purchasable","24":"product-type-simple"},"yoast_head":"<!-- This site is optimized with the Yoast SEO Premium plugin v23.0 (Yoast SEO v27.4) - https:\/\/yoast.com\/product\/yoast-seo-premium-wordpress\/ -->\n<title>Buchsen der vorderen Querlenker verst\u00e4rkt f\u00fcr Seat Ibiza, Cordoba, VW Golf, Passat - SILENT BLOCKS<\/title>\n<meta name=\"description\" content=\"Buchsen vordere Querlenker verst\u00e4rkt f\u00fcr Seat Ibiza, Seat Cordoba, VW Golf, VW Passat, kompatibel mit oem 5908229945933\" \/>\n<meta name=\"robots\" content=\"index, follow, max-snippet:-1, max-image-preview:large, max-video-preview:-1\" \/>\n<link rel=\"canonical\" href=\"https:\/\/www.silentblocks.com\/de\/produkt\/2-silent-blocke-vor-der-starke\/\" \/>\n<meta property=\"og:locale\" content=\"de_DE\" \/>\n<meta property=\"og:type\" content=\"article\" \/>\n<meta property=\"og:title\" content=\"Buchsen der vorderen Querlenker verst\u00e4rkt f\u00fcr Seat Ibiza, Cordoba, VW Golf, Passat\" \/>\n<meta property=\"og:description\" content=\"Buchsen vordere Querlenker verst\u00e4rkt f\u00fcr Seat Ibiza, Seat Cordoba, VW Golf, VW Passat, kompatibel mit oem 5908229945933\" \/>\n<meta property=\"og:url\" content=\"https:\/\/www.silentblocks.com\/de\/produkt\/2-silent-blocke-vor-der-starke\/\" \/>\n<meta property=\"og:site_name\" content=\"SILENT BLOCKS\" \/>\n<meta property=\"article:modified_time\" content=\"2026-02-17T21:12:53+00:00\" \/>\n<meta property=\"og:image\" content=\"https:\/\/www.silentblocks.com\/wp-content\/uploads\/2026\/02\/silentbloc-renforces-seat-ibiza-mk1-2.jpg\" \/>\n\t<meta property=\"og:image:width\" content=\"800\" \/>\n\t<meta property=\"og:image:height\" content=\"800\" \/>\n\t<meta property=\"og:image:type\" content=\"image\/jpeg\" \/>\n<meta name=\"twitter:card\" content=\"summary_large_image\" \/>\n<meta name=\"twitter:label1\" content=\"Gesch\u00e4tzte Lesezeit\" \/>\n\t<meta name=\"twitter:data1\" content=\"1\u00a0Minute\" \/>\n<script type=\"application\/ld+json\" class=\"yoast-schema-graph\">{\"@context\":\"https:\\\/\\\/schema.org\",\"@graph\":[{\"@type\":\"WebPage\",\"@id\":\"https:\\\/\\\/www.silentblocks.com\\\/de\\\/produkt\\\/2-silent-blocke-vor-der-starke\\\/\",\"url\":\"https:\\\/\\\/www.silentblocks.com\\\/de\\\/produkt\\\/2-silent-blocke-vor-der-starke\\\/\",\"name\":\"Buchsen der vorderen Querlenker verst\u00e4rkt f\u00fcr Seat Ibiza, Cordoba, VW Golf, Passat - SILENT BLOCKS\",\"isPartOf\":{\"@id\":\"https:\\\/\\\/www.silentblocks.com\\\/de\\\/#website\"},\"primaryImageOfPage\":{\"@id\":\"https:\\\/\\\/www.silentblocks.com\\\/de\\\/produkt\\\/2-silent-blocke-vor-der-starke\\\/#primaryimage\"},\"image\":{\"@id\":\"https:\\\/\\\/www.silentblocks.com\\\/de\\\/produkt\\\/2-silent-blocke-vor-der-starke\\\/#primaryimage\"},\"thumbnailUrl\":\"https:\\\/\\\/www.silentblocks.com\\\/wp-content\\\/uploads\\\/2026\\\/02\\\/silentbloc-renforces-seat-ibiza-mk1-2.jpg\",\"datePublished\":\"2023-04-26T22:59:50+00:00\",\"dateModified\":\"2026-02-17T21:12:53+00:00\",\"description\":\"Buchsen vordere Querlenker verst\u00e4rkt f\u00fcr Seat Ibiza, Seat Cordoba, VW Golf, VW Passat, kompatibel mit oem 5908229945933\",\"breadcrumb\":{\"@id\":\"https:\\\/\\\/www.silentblocks.com\\\/de\\\/produkt\\\/2-silent-blocke-vor-der-starke\\\/#breadcrumb\"},\"inLanguage\":\"de\",\"potentialAction\":[{\"@type\":\"ReadAction\",\"target\":[\"https:\\\/\\\/www.silentblocks.com\\\/de\\\/produkt\\\/2-silent-blocke-vor-der-starke\\\/\"]}]},{\"@type\":\"ImageObject\",\"inLanguage\":\"de\",\"@id\":\"https:\\\/\\\/www.silentblocks.com\\\/de\\\/produkt\\\/2-silent-blocke-vor-der-starke\\\/#primaryimage\",\"url\":\"https:\\\/\\\/www.silentblocks.com\\\/wp-content\\\/uploads\\\/2026\\\/02\\\/silentbloc-renforces-seat-ibiza-mk1-2.jpg\",\"contentUrl\":\"https:\\\/\\\/www.silentblocks.com\\\/wp-content\\\/uploads\\\/2026\\\/02\\\/silentbloc-renforces-seat-ibiza-mk1-2.jpg\",\"width\":800,\"height\":800},{\"@type\":\"BreadcrumbList\",\"@id\":\"https:\\\/\\\/www.silentblocks.com\\\/de\\\/produkt\\\/2-silent-blocke-vor-der-starke\\\/#breadcrumb\",\"itemListElement\":[{\"@type\":\"ListItem\",\"position\":1,\"name\":\"In\u00edcio\",\"item\":\"https:\\\/\\\/www.silentblocks.com\\\/de\\\/\"},{\"@type\":\"ListItem\",\"position\":2,\"name\":\"Page boutique\",\"item\":\"https:\\\/\\\/www.silentblocks.com\\\/shop-2\\\/\"},{\"@type\":\"ListItem\",\"position\":3,\"name\":\"Buchsen der vorderen Querlenker verst\u00e4rkt f\u00fcr Seat Ibiza, Cordoba, VW Golf, Passat\"}]},{\"@type\":\"WebSite\",\"@id\":\"https:\\\/\\\/www.silentblocks.com\\\/de\\\/#website\",\"url\":\"https:\\\/\\\/www.silentblocks.com\\\/de\\\/\",\"name\":\"SILENTBLOCKS\",\"description\":\"Secure on the road\",\"publisher\":{\"@id\":\"https:\\\/\\\/www.silentblocks.com\\\/de\\\/#organization\"},\"potentialAction\":[{\"@type\":\"SearchAction\",\"target\":{\"@type\":\"EntryPoint\",\"urlTemplate\":\"https:\\\/\\\/www.silentblocks.com\\\/de\\\/?s={search_term_string}\"},\"query-input\":{\"@type\":\"PropertyValueSpecification\",\"valueRequired\":true,\"valueName\":\"search_term_string\"}}],\"inLanguage\":\"de\"},{\"@type\":\"Organization\",\"@id\":\"https:\\\/\\\/www.silentblocks.com\\\/de\\\/#organization\",\"name\":\"SILENTBLOCKS\",\"url\":\"https:\\\/\\\/www.silentblocks.com\\\/de\\\/\",\"logo\":{\"@type\":\"ImageObject\",\"inLanguage\":\"de\",\"@id\":\"https:\\\/\\\/www.silentblocks.com\\\/de\\\/#\\\/schema\\\/logo\\\/image\\\/\",\"url\":\"https:\\\/\\\/www.silentblocks.com\\\/wp-content\\\/uploads\\\/2023\\\/07\\\/logo211-sem-fundo_2012-PARA-BOUTIQUE-EBAY.png\",\"contentUrl\":\"https:\\\/\\\/www.silentblocks.com\\\/wp-content\\\/uploads\\\/2023\\\/07\\\/logo211-sem-fundo_2012-PARA-BOUTIQUE-EBAY.png\",\"width\":300,\"height\":190,\"caption\":\"SILENTBLOCKS\"},\"image\":{\"@id\":\"https:\\\/\\\/www.silentblocks.com\\\/de\\\/#\\\/schema\\\/logo\\\/image\\\/\"}}]}<\/script>\n<!-- \/ Yoast SEO Premium plugin. -->","yoast_head_json":{"title":"Buchsen der vorderen Querlenker verst\u00e4rkt f\u00fcr Seat Ibiza, Cordoba, VW Golf, Passat - SILENT BLOCKS","description":"Buchsen vordere Querlenker verst\u00e4rkt f\u00fcr Seat Ibiza, Seat Cordoba, VW Golf, VW Passat, kompatibel mit oem 5908229945933","robots":{"index":"index","follow":"follow","max-snippet":"max-snippet:-1","max-image-preview":"max-image-preview:large","max-video-preview":"max-video-preview:-1"},"canonical":"https:\/\/www.silentblocks.com\/de\/produkt\/2-silent-blocke-vor-der-starke\/","og_locale":"de_DE","og_type":"article","og_title":"Buchsen der vorderen Querlenker verst\u00e4rkt f\u00fcr Seat Ibiza, Cordoba, VW Golf, Passat","og_description":"Buchsen vordere Querlenker verst\u00e4rkt f\u00fcr Seat Ibiza, Seat Cordoba, VW Golf, VW Passat, kompatibel mit oem 5908229945933","og_url":"https:\/\/www.silentblocks.com\/de\/produkt\/2-silent-blocke-vor-der-starke\/","og_site_name":"SILENT BLOCKS","article_modified_time":"2026-02-17T21:12:53+00:00","og_image":[{"width":800,"height":800,"url":"https:\/\/www.silentblocks.com\/wp-content\/uploads\/2026\/02\/silentbloc-renforces-seat-ibiza-mk1-2.jpg","type":"image\/jpeg"}],"twitter_card":"summary_large_image","twitter_misc":{"Gesch\u00e4tzte Lesezeit":"1\u00a0Minute"},"schema":{"@context":"https:\/\/schema.org","@graph":[{"@type":"WebPage","@id":"https:\/\/www.silentblocks.com\/de\/produkt\/2-silent-blocke-vor-der-starke\/","url":"https:\/\/www.silentblocks.com\/de\/produkt\/2-silent-blocke-vor-der-starke\/","name":"Buchsen der vorderen Querlenker verst\u00e4rkt f\u00fcr Seat Ibiza, Cordoba, VW Golf, Passat - SILENT BLOCKS","isPartOf":{"@id":"https:\/\/www.silentblocks.com\/de\/#website"},"primaryImageOfPage":{"@id":"https:\/\/www.silentblocks.com\/de\/produkt\/2-silent-blocke-vor-der-starke\/#primaryimage"},"image":{"@id":"https:\/\/www.silentblocks.com\/de\/produkt\/2-silent-blocke-vor-der-starke\/#primaryimage"},"thumbnailUrl":"https:\/\/www.silentblocks.com\/wp-content\/uploads\/2026\/02\/silentbloc-renforces-seat-ibiza-mk1-2.jpg","datePublished":"2023-04-26T22:59:50+00:00","dateModified":"2026-02-17T21:12:53+00:00","description":"Buchsen vordere Querlenker verst\u00e4rkt f\u00fcr Seat Ibiza, Seat Cordoba, VW Golf, VW Passat, kompatibel mit oem 5908229945933","breadcrumb":{"@id":"https:\/\/www.silentblocks.com\/de\/produkt\/2-silent-blocke-vor-der-starke\/#breadcrumb"},"inLanguage":"de","potentialAction":[{"@type":"ReadAction","target":["https:\/\/www.silentblocks.com\/de\/produkt\/2-silent-blocke-vor-der-starke\/"]}]},{"@type":"ImageObject","inLanguage":"de","@id":"https:\/\/www.silentblocks.com\/de\/produkt\/2-silent-blocke-vor-der-starke\/#primaryimage","url":"https:\/\/www.silentblocks.com\/wp-content\/uploads\/2026\/02\/silentbloc-renforces-seat-ibiza-mk1-2.jpg","contentUrl":"https:\/\/www.silentblocks.com\/wp-content\/uploads\/2026\/02\/silentbloc-renforces-seat-ibiza-mk1-2.jpg","width":800,"height":800},{"@type":"BreadcrumbList","@id":"https:\/\/www.silentblocks.com\/de\/produkt\/2-silent-blocke-vor-der-starke\/#breadcrumb","itemListElement":[{"@type":"ListItem","position":1,"name":"In\u00edcio","item":"https:\/\/www.silentblocks.com\/de\/"},{"@type":"ListItem","position":2,"name":"Page boutique","item":"https:\/\/www.silentblocks.com\/shop-2\/"},{"@type":"ListItem","position":3,"name":"Buchsen der vorderen Querlenker verst\u00e4rkt f\u00fcr Seat Ibiza, Cordoba, VW Golf, Passat"}]},{"@type":"WebSite","@id":"https:\/\/www.silentblocks.com\/de\/#website","url":"https:\/\/www.silentblocks.com\/de\/","name":"SILENTBLOCKS","description":"Secure on the road","publisher":{"@id":"https:\/\/www.silentblocks.com\/de\/#organization"},"potentialAction":[{"@type":"SearchAction","target":{"@type":"EntryPoint","urlTemplate":"https:\/\/www.silentblocks.com\/de\/?s={search_term_string}"},"query-input":{"@type":"PropertyValueSpecification","valueRequired":true,"valueName":"search_term_string"}}],"inLanguage":"de"},{"@type":"Organization","@id":"https:\/\/www.silentblocks.com\/de\/#organization","name":"SILENTBLOCKS","url":"https:\/\/www.silentblocks.com\/de\/","logo":{"@type":"ImageObject","inLanguage":"de","@id":"https:\/\/www.silentblocks.com\/de\/#\/schema\/logo\/image\/","url":"https:\/\/www.silentblocks.com\/wp-content\/uploads\/2023\/07\/logo211-sem-fundo_2012-PARA-BOUTIQUE-EBAY.png","contentUrl":"https:\/\/www.silentblocks.com\/wp-content\/uploads\/2023\/07\/logo211-sem-fundo_2012-PARA-BOUTIQUE-EBAY.png","width":300,"height":190,"caption":"SILENTBLOCKS"},"image":{"@id":"https:\/\/www.silentblocks.com\/de\/#\/schema\/logo\/image\/"}}]}},"_links":{"self":[{"href":"https:\/\/www.silentblocks.com\/de\/wp-json\/wp\/v2\/product\/79301","targetHints":{"allow":["GET"]}}],"collection":[{"href":"https:\/\/www.silentblocks.com\/de\/wp-json\/wp\/v2\/product"}],"about":[{"href":"https:\/\/www.silentblocks.com\/de\/wp-json\/wp\/v2\/types\/product"}],"version-history":[{"count":0,"href":"https:\/\/www.silentblocks.com\/de\/wp-json\/wp\/v2\/product\/79301\/revisions"}],"wp:featuredmedia":[{"embeddable":true,"href":"https:\/\/www.silentblocks.com\/de\/wp-json\/wp\/v2\/media\/124325"}],"wp:attachment":[{"href":"https:\/\/www.silentblocks.com\/de\/wp-json\/wp\/v2\/media?parent=79301"}],"wp:term":[{"taxonomy":"product_brand","embeddable":true,"href":"https:\/\/www.silentblocks.com\/de\/wp-json\/wp\/v2\/product_brand?post=79301"},{"taxonomy":"product_cat","embeddable":true,"href":"https:\/\/www.silentblocks.com\/de\/wp-json\/wp\/v2\/product_cat?post=79301"},{"taxonomy":"product_tag","embeddable":true,"href":"https:\/\/www.silentblocks.com\/de\/wp-json\/wp\/v2\/product_tag?post=79301"}],"curies":[{"name":"wp","href":"https:\/\/api.w.org\/{rel}","templated":true}]}}