{"id":80161,"date":"2023-04-26T22:58:34","date_gmt":"2023-04-26T22:58:34","guid":{"rendered":"https:\/\/www.silentblocks.com\/product\/2-silent-blocks-bras-vor-lexus\/"},"modified":"2026-02-17T21:15:20","modified_gmt":"2026-02-17T21:15:20","slug":"2-silent-blocks-bras-vor-lexus","status":"publish","type":"product","link":"https:\/\/www.silentblocks.com\/de\/produkt\/2-silent-blocks-bras-vor-lexus\/","title":{"rendered":"Silentblocks f\u00fcr den vorderen Querlenker, Lexus ES, RX"},"content":{"rendered":"<p>2 Buchsen f\u00fcr ein vorderes Aufh\u00e4ngungsdreieck, passend f\u00fcr die folgenden Fahrzeuge:<br \/>\nLexus ES240\/350 ACV40,GSV40 2006.05-2012.06  [GR]<br \/>\nLexus ES300 MCV30 2001.07-2006.03  [GR]<br \/>\nLexus ES300\/330 MCV3# 2001.07-2006.03  [US]<br \/>\nLexus ES300\/330 MCV30 2001-2006<br \/>\nLexus ES350 GSV40 2006.03-2012.06  [US]<br \/>\nLexus RX300\/330\/350 MCU3#,GSU35 2003.02-2008.12  [EU]<br \/>\nLexus RX300\/330\/350 MCU3#,GSU35 2003.02-2008.12  [GR]<br \/>\nLexus RX330\/350(JPP) MCU3#,GSU3# 2003.02-2008.12  [US]<br \/>\nLexus RX330\/350(NAP) MCU3#,GSU3# 2003.09-2009.01  [US]<br \/>\nLexus RX400H MHU3# 2005.03-2008.12  [US]<br \/>\nLexus RX400H MHU38 2005.03-2008.12  [EU]<br \/>\nLexus RX400H MHU38 2005.03-2008.12  [GR]<\/p>\n<p>Herstellerreferenzen (OEM-Code) zur Orientierung :<br \/>\n48068-28120, 48069-28120, 48655-06040<\/p>\n<p>Neue Teile, die mit Rechnung verkauft werden. Alle unsere Produkte haben eine Garantie von 2 Jahren.<\/p>\n","protected":false},"excerpt":{"rendered":"<p>2 Silentblocs f\u00fcr beide vorderen Querlenker, Lexus<\/p>\n","protected":false},"featured_media":137299,"template":"","meta":[],"product_brand":[],"product_cat":[2194,2980,2983],"product_tag":[],"class_list":{"0":"post-80161","1":"product","2":"type-product","3":"status-publish","4":"has-post-thumbnail","6":"product_cat-lexus-de","7":"product_cat-rx300-330-de","8":"product_cat-rx400-de","10":"first","11":"instock","12":"shipping-taxable","13":"purchasable","14":"product-type-simple"},"yoast_head":"<!-- This site is optimized with the Yoast SEO Premium plugin v23.0 (Yoast SEO v27.4) - https:\/\/yoast.com\/product\/yoast-seo-premium-wordpress\/ -->\n<title>Silentblocks f\u00fcr den vorderen Querlenker, Lexus ES, RX - SILENT BLOCKS<\/title>\n<meta name=\"description\" content=\"Silentblocks vorderer Querlenker, Dreiecksquerlenker vorne f\u00fcr Lexus ES, RX, kompatibel mit oem 48068-28120, 48069-28120, 48655-06040\" \/>\n<meta name=\"robots\" content=\"index, follow, max-snippet:-1, max-image-preview:large, max-video-preview:-1\" \/>\n<link rel=\"canonical\" href=\"https:\/\/www.silentblocks.com\/de\/produkt\/2-silent-blocks-bras-vor-lexus\/\" \/>\n<meta property=\"og:locale\" content=\"de_DE\" \/>\n<meta property=\"og:type\" content=\"article\" \/>\n<meta property=\"og:title\" content=\"Silentblocks f\u00fcr den vorderen Querlenker, Lexus ES, RX\" \/>\n<meta property=\"og:description\" content=\"Silentblocks vorderer Querlenker, Dreiecksquerlenker vorne f\u00fcr Lexus ES, RX, kompatibel mit oem 48068-28120, 48069-28120, 48655-06040\" \/>\n<meta property=\"og:url\" content=\"https:\/\/www.silentblocks.com\/de\/produkt\/2-silent-blocks-bras-vor-lexus\/\" \/>\n<meta property=\"og:site_name\" content=\"SILENT BLOCKS\" \/>\n<meta property=\"article:modified_time\" content=\"2026-02-17T21:15:20+00:00\" \/>\n<meta property=\"og:image\" content=\"https:\/\/www.silentblocks.com\/wp-content\/uploads\/2023\/04\/silentbloc-bras-avant-lexus-rx300-1.jpg\" \/>\n\t<meta property=\"og:image:width\" content=\"1500\" \/>\n\t<meta property=\"og:image:height\" content=\"1500\" \/>\n\t<meta property=\"og:image:type\" content=\"image\/jpeg\" \/>\n<meta name=\"twitter:card\" content=\"summary_large_image\" \/>\n<meta name=\"twitter:label1\" content=\"Gesch\u00e4tzte Lesezeit\" \/>\n\t<meta name=\"twitter:data1\" content=\"1\u00a0Minute\" \/>\n<script type=\"application\/ld+json\" class=\"yoast-schema-graph\">{\"@context\":\"https:\\\/\\\/schema.org\",\"@graph\":[{\"@type\":\"WebPage\",\"@id\":\"https:\\\/\\\/www.silentblocks.com\\\/de\\\/produkt\\\/2-silent-blocks-bras-vor-lexus\\\/\",\"url\":\"https:\\\/\\\/www.silentblocks.com\\\/de\\\/produkt\\\/2-silent-blocks-bras-vor-lexus\\\/\",\"name\":\"Silentblocks f\u00fcr den vorderen Querlenker, Lexus ES, RX - SILENT BLOCKS\",\"isPartOf\":{\"@id\":\"https:\\\/\\\/www.silentblocks.com\\\/de\\\/#website\"},\"primaryImageOfPage\":{\"@id\":\"https:\\\/\\\/www.silentblocks.com\\\/de\\\/produkt\\\/2-silent-blocks-bras-vor-lexus\\\/#primaryimage\"},\"image\":{\"@id\":\"https:\\\/\\\/www.silentblocks.com\\\/de\\\/produkt\\\/2-silent-blocks-bras-vor-lexus\\\/#primaryimage\"},\"thumbnailUrl\":\"https:\\\/\\\/www.silentblocks.com\\\/wp-content\\\/uploads\\\/2023\\\/04\\\/silentbloc-bras-avant-lexus-rx300-1.jpg\",\"datePublished\":\"2023-04-26T22:58:34+00:00\",\"dateModified\":\"2026-02-17T21:15:20+00:00\",\"description\":\"Silentblocks vorderer Querlenker, Dreiecksquerlenker vorne f\u00fcr Lexus ES, RX, kompatibel mit oem 48068-28120, 48069-28120, 48655-06040\",\"breadcrumb\":{\"@id\":\"https:\\\/\\\/www.silentblocks.com\\\/de\\\/produkt\\\/2-silent-blocks-bras-vor-lexus\\\/#breadcrumb\"},\"inLanguage\":\"de\",\"potentialAction\":[{\"@type\":\"ReadAction\",\"target\":[\"https:\\\/\\\/www.silentblocks.com\\\/de\\\/produkt\\\/2-silent-blocks-bras-vor-lexus\\\/\"]}]},{\"@type\":\"ImageObject\",\"inLanguage\":\"de\",\"@id\":\"https:\\\/\\\/www.silentblocks.com\\\/de\\\/produkt\\\/2-silent-blocks-bras-vor-lexus\\\/#primaryimage\",\"url\":\"https:\\\/\\\/www.silentblocks.com\\\/wp-content\\\/uploads\\\/2023\\\/04\\\/silentbloc-bras-avant-lexus-rx300-1.jpg\",\"contentUrl\":\"https:\\\/\\\/www.silentblocks.com\\\/wp-content\\\/uploads\\\/2023\\\/04\\\/silentbloc-bras-avant-lexus-rx300-1.jpg\",\"width\":1500,\"height\":1500},{\"@type\":\"BreadcrumbList\",\"@id\":\"https:\\\/\\\/www.silentblocks.com\\\/de\\\/produkt\\\/2-silent-blocks-bras-vor-lexus\\\/#breadcrumb\",\"itemListElement\":[{\"@type\":\"ListItem\",\"position\":1,\"name\":\"In\u00edcio\",\"item\":\"https:\\\/\\\/www.silentblocks.com\\\/de\\\/\"},{\"@type\":\"ListItem\",\"position\":2,\"name\":\"Page boutique\",\"item\":\"https:\\\/\\\/www.silentblocks.com\\\/shop-2\\\/\"},{\"@type\":\"ListItem\",\"position\":3,\"name\":\"Silentblocks f\u00fcr den vorderen Querlenker, Lexus ES, RX\"}]},{\"@type\":\"WebSite\",\"@id\":\"https:\\\/\\\/www.silentblocks.com\\\/de\\\/#website\",\"url\":\"https:\\\/\\\/www.silentblocks.com\\\/de\\\/\",\"name\":\"SILENTBLOCKS\",\"description\":\"Secure on the road\",\"publisher\":{\"@id\":\"https:\\\/\\\/www.silentblocks.com\\\/de\\\/#organization\"},\"potentialAction\":[{\"@type\":\"SearchAction\",\"target\":{\"@type\":\"EntryPoint\",\"urlTemplate\":\"https:\\\/\\\/www.silentblocks.com\\\/de\\\/?s={search_term_string}\"},\"query-input\":{\"@type\":\"PropertyValueSpecification\",\"valueRequired\":true,\"valueName\":\"search_term_string\"}}],\"inLanguage\":\"de\"},{\"@type\":\"Organization\",\"@id\":\"https:\\\/\\\/www.silentblocks.com\\\/de\\\/#organization\",\"name\":\"SILENTBLOCKS\",\"url\":\"https:\\\/\\\/www.silentblocks.com\\\/de\\\/\",\"logo\":{\"@type\":\"ImageObject\",\"inLanguage\":\"de\",\"@id\":\"https:\\\/\\\/www.silentblocks.com\\\/de\\\/#\\\/schema\\\/logo\\\/image\\\/\",\"url\":\"https:\\\/\\\/www.silentblocks.com\\\/wp-content\\\/uploads\\\/2023\\\/07\\\/logo211-sem-fundo_2012-PARA-BOUTIQUE-EBAY.png\",\"contentUrl\":\"https:\\\/\\\/www.silentblocks.com\\\/wp-content\\\/uploads\\\/2023\\\/07\\\/logo211-sem-fundo_2012-PARA-BOUTIQUE-EBAY.png\",\"width\":300,\"height\":190,\"caption\":\"SILENTBLOCKS\"},\"image\":{\"@id\":\"https:\\\/\\\/www.silentblocks.com\\\/de\\\/#\\\/schema\\\/logo\\\/image\\\/\"}}]}<\/script>\n<!-- \/ Yoast SEO Premium plugin. -->","yoast_head_json":{"title":"Silentblocks f\u00fcr den vorderen Querlenker, Lexus ES, RX - SILENT BLOCKS","description":"Silentblocks vorderer Querlenker, Dreiecksquerlenker vorne f\u00fcr Lexus ES, RX, kompatibel mit oem 48068-28120, 48069-28120, 48655-06040","robots":{"index":"index","follow":"follow","max-snippet":"max-snippet:-1","max-image-preview":"max-image-preview:large","max-video-preview":"max-video-preview:-1"},"canonical":"https:\/\/www.silentblocks.com\/de\/produkt\/2-silent-blocks-bras-vor-lexus\/","og_locale":"de_DE","og_type":"article","og_title":"Silentblocks f\u00fcr den vorderen Querlenker, Lexus ES, RX","og_description":"Silentblocks vorderer Querlenker, Dreiecksquerlenker vorne f\u00fcr Lexus ES, RX, kompatibel mit oem 48068-28120, 48069-28120, 48655-06040","og_url":"https:\/\/www.silentblocks.com\/de\/produkt\/2-silent-blocks-bras-vor-lexus\/","og_site_name":"SILENT BLOCKS","article_modified_time":"2026-02-17T21:15:20+00:00","og_image":[{"width":1500,"height":1500,"url":"https:\/\/www.silentblocks.com\/wp-content\/uploads\/2023\/04\/silentbloc-bras-avant-lexus-rx300-1.jpg","type":"image\/jpeg"}],"twitter_card":"summary_large_image","twitter_misc":{"Gesch\u00e4tzte Lesezeit":"1\u00a0Minute"},"schema":{"@context":"https:\/\/schema.org","@graph":[{"@type":"WebPage","@id":"https:\/\/www.silentblocks.com\/de\/produkt\/2-silent-blocks-bras-vor-lexus\/","url":"https:\/\/www.silentblocks.com\/de\/produkt\/2-silent-blocks-bras-vor-lexus\/","name":"Silentblocks f\u00fcr den vorderen Querlenker, Lexus ES, RX - SILENT BLOCKS","isPartOf":{"@id":"https:\/\/www.silentblocks.com\/de\/#website"},"primaryImageOfPage":{"@id":"https:\/\/www.silentblocks.com\/de\/produkt\/2-silent-blocks-bras-vor-lexus\/#primaryimage"},"image":{"@id":"https:\/\/www.silentblocks.com\/de\/produkt\/2-silent-blocks-bras-vor-lexus\/#primaryimage"},"thumbnailUrl":"https:\/\/www.silentblocks.com\/wp-content\/uploads\/2023\/04\/silentbloc-bras-avant-lexus-rx300-1.jpg","datePublished":"2023-04-26T22:58:34+00:00","dateModified":"2026-02-17T21:15:20+00:00","description":"Silentblocks vorderer Querlenker, Dreiecksquerlenker vorne f\u00fcr Lexus ES, RX, kompatibel mit oem 48068-28120, 48069-28120, 48655-06040","breadcrumb":{"@id":"https:\/\/www.silentblocks.com\/de\/produkt\/2-silent-blocks-bras-vor-lexus\/#breadcrumb"},"inLanguage":"de","potentialAction":[{"@type":"ReadAction","target":["https:\/\/www.silentblocks.com\/de\/produkt\/2-silent-blocks-bras-vor-lexus\/"]}]},{"@type":"ImageObject","inLanguage":"de","@id":"https:\/\/www.silentblocks.com\/de\/produkt\/2-silent-blocks-bras-vor-lexus\/#primaryimage","url":"https:\/\/www.silentblocks.com\/wp-content\/uploads\/2023\/04\/silentbloc-bras-avant-lexus-rx300-1.jpg","contentUrl":"https:\/\/www.silentblocks.com\/wp-content\/uploads\/2023\/04\/silentbloc-bras-avant-lexus-rx300-1.jpg","width":1500,"height":1500},{"@type":"BreadcrumbList","@id":"https:\/\/www.silentblocks.com\/de\/produkt\/2-silent-blocks-bras-vor-lexus\/#breadcrumb","itemListElement":[{"@type":"ListItem","position":1,"name":"In\u00edcio","item":"https:\/\/www.silentblocks.com\/de\/"},{"@type":"ListItem","position":2,"name":"Page boutique","item":"https:\/\/www.silentblocks.com\/shop-2\/"},{"@type":"ListItem","position":3,"name":"Silentblocks f\u00fcr den vorderen Querlenker, Lexus ES, RX"}]},{"@type":"WebSite","@id":"https:\/\/www.silentblocks.com\/de\/#website","url":"https:\/\/www.silentblocks.com\/de\/","name":"SILENTBLOCKS","description":"Secure on the road","publisher":{"@id":"https:\/\/www.silentblocks.com\/de\/#organization"},"potentialAction":[{"@type":"SearchAction","target":{"@type":"EntryPoint","urlTemplate":"https:\/\/www.silentblocks.com\/de\/?s={search_term_string}"},"query-input":{"@type":"PropertyValueSpecification","valueRequired":true,"valueName":"search_term_string"}}],"inLanguage":"de"},{"@type":"Organization","@id":"https:\/\/www.silentblocks.com\/de\/#organization","name":"SILENTBLOCKS","url":"https:\/\/www.silentblocks.com\/de\/","logo":{"@type":"ImageObject","inLanguage":"de","@id":"https:\/\/www.silentblocks.com\/de\/#\/schema\/logo\/image\/","url":"https:\/\/www.silentblocks.com\/wp-content\/uploads\/2023\/07\/logo211-sem-fundo_2012-PARA-BOUTIQUE-EBAY.png","contentUrl":"https:\/\/www.silentblocks.com\/wp-content\/uploads\/2023\/07\/logo211-sem-fundo_2012-PARA-BOUTIQUE-EBAY.png","width":300,"height":190,"caption":"SILENTBLOCKS"},"image":{"@id":"https:\/\/www.silentblocks.com\/de\/#\/schema\/logo\/image\/"}}]}},"_links":{"self":[{"href":"https:\/\/www.silentblocks.com\/de\/wp-json\/wp\/v2\/product\/80161","targetHints":{"allow":["GET"]}}],"collection":[{"href":"https:\/\/www.silentblocks.com\/de\/wp-json\/wp\/v2\/product"}],"about":[{"href":"https:\/\/www.silentblocks.com\/de\/wp-json\/wp\/v2\/types\/product"}],"version-history":[{"count":0,"href":"https:\/\/www.silentblocks.com\/de\/wp-json\/wp\/v2\/product\/80161\/revisions"}],"wp:featuredmedia":[{"embeddable":true,"href":"https:\/\/www.silentblocks.com\/de\/wp-json\/wp\/v2\/media\/137299"}],"wp:attachment":[{"href":"https:\/\/www.silentblocks.com\/de\/wp-json\/wp\/v2\/media?parent=80161"}],"wp:term":[{"taxonomy":"product_brand","embeddable":true,"href":"https:\/\/www.silentblocks.com\/de\/wp-json\/wp\/v2\/product_brand?post=80161"},{"taxonomy":"product_cat","embeddable":true,"href":"https:\/\/www.silentblocks.com\/de\/wp-json\/wp\/v2\/product_cat?post=80161"},{"taxonomy":"product_tag","embeddable":true,"href":"https:\/\/www.silentblocks.com\/de\/wp-json\/wp\/v2\/product_tag?post=80161"}],"curies":[{"name":"wp","href":"https:\/\/api.w.org\/{rel}","templated":true}]}}