{"id":80599,"date":"2023-04-26T22:58:06","date_gmt":"2023-04-26T22:58:06","guid":{"rendered":"https:\/\/www.silentblocks.com\/product\/50mm-keile-feder-vorderbacke-patrol-y60-y61\/"},"modified":"2026-02-17T21:16:27","modified_gmt":"2026-02-17T21:16:27","slug":"50mm-keile-feder-vorderbacke-patrol-y60-y61","status":"publish","type":"product","link":"https:\/\/www.silentblocks.com\/de\/produkt\/50mm-keile-feder-vorderbacke-patrol-y60-y61\/","title":{"rendered":"Abstandshalter komplettes Lift 50 mm f\u00fcr Nissan Patrol Y60 Y61"},"content":{"rendered":"<p>4 Gummikeile f\u00fcr die vorderen und hinteren Federn, passend f\u00fcr die folgenden Fahrzeuge:<br \/>\nF\u00fcr alle Nissan Patrol GR Y60 und Y61<br \/>\nMit einer Dicke von 50mm<\/p>\n<p>Neue Teile, die mit Rechnung verkauft werden. Alle unsere Produkte haben eine Garantie von 2 Jahren.<\/p>\n","protected":false},"excerpt":{"rendered":"<p>4 Gummiunterlegscheiben f\u00fcr Federn vorne+hinten (50mm) Patrol Y60 Y61<\/p>\n","protected":false},"featured_media":122825,"template":"","meta":[],"product_brand":[],"product_cat":[2212,1775,1776],"product_tag":[],"class_list":{"0":"post-80599","1":"product","2":"type-product","3":"status-publish","4":"has-post-thumbnail","6":"product_cat-nissan-de","7":"product_cat-patrol-86-97-de","8":"product_cat-patrol-97-10-de","10":"first","11":"instock","12":"shipping-taxable","13":"purchasable","14":"product-type-simple"},"yoast_head":"<!-- This site is optimized with the Yoast SEO Premium plugin v23.0 (Yoast SEO v27.4) - https:\/\/yoast.com\/product\/yoast-seo-premium-wordpress\/ -->\n<title>Abstandshalter komplettes Lift 50 mm f\u00fcr Nissan Patrol Y60 Y61 - SILENT BLOCKS<\/title>\n<meta name=\"description\" content=\"Federkeile vorne und hinten f\u00fcr Nissan Patrol Y60, Patrol Y61, Satz f\u00fcr 5cm Erh\u00f6hung\" \/>\n<meta name=\"robots\" content=\"index, follow, max-snippet:-1, max-image-preview:large, max-video-preview:-1\" \/>\n<link rel=\"canonical\" href=\"https:\/\/www.silentblocks.com\/de\/produkt\/50mm-keile-feder-vorderbacke-patrol-y60-y61\/\" \/>\n<meta property=\"og:locale\" content=\"de_DE\" \/>\n<meta property=\"og:type\" content=\"article\" \/>\n<meta property=\"og:title\" content=\"Abstandshalter komplettes Lift 50 mm f\u00fcr Nissan Patrol Y60 Y61\" \/>\n<meta property=\"og:description\" content=\"Federkeile vorne und hinten f\u00fcr Nissan Patrol Y60, Patrol Y61, Satz f\u00fcr 5cm Erh\u00f6hung\" \/>\n<meta property=\"og:url\" content=\"https:\/\/www.silentblocks.com\/de\/produkt\/50mm-keile-feder-vorderbacke-patrol-y60-y61\/\" \/>\n<meta property=\"og:site_name\" content=\"SILENT BLOCKS\" \/>\n<meta property=\"article:modified_time\" content=\"2026-02-17T21:16:27+00:00\" \/>\n<meta property=\"og:image\" content=\"https:\/\/www.silentblocks.com\/wp-content\/uploads\/2026\/02\/cale-ressort-patrol-50mm-2.jpg\" \/>\n\t<meta property=\"og:image:width\" content=\"1000\" \/>\n\t<meta property=\"og:image:height\" content=\"1000\" \/>\n\t<meta property=\"og:image:type\" content=\"image\/jpeg\" \/>\n<meta name=\"twitter:card\" content=\"summary_large_image\" \/>\n<script type=\"application\/ld+json\" class=\"yoast-schema-graph\">{\"@context\":\"https:\\\/\\\/schema.org\",\"@graph\":[{\"@type\":\"WebPage\",\"@id\":\"https:\\\/\\\/www.silentblocks.com\\\/de\\\/produkt\\\/50mm-keile-feder-vorderbacke-patrol-y60-y61\\\/\",\"url\":\"https:\\\/\\\/www.silentblocks.com\\\/de\\\/produkt\\\/50mm-keile-feder-vorderbacke-patrol-y60-y61\\\/\",\"name\":\"Abstandshalter komplettes Lift 50 mm f\u00fcr Nissan Patrol Y60 Y61 - SILENT BLOCKS\",\"isPartOf\":{\"@id\":\"https:\\\/\\\/www.silentblocks.com\\\/de\\\/#website\"},\"primaryImageOfPage\":{\"@id\":\"https:\\\/\\\/www.silentblocks.com\\\/de\\\/produkt\\\/50mm-keile-feder-vorderbacke-patrol-y60-y61\\\/#primaryimage\"},\"image\":{\"@id\":\"https:\\\/\\\/www.silentblocks.com\\\/de\\\/produkt\\\/50mm-keile-feder-vorderbacke-patrol-y60-y61\\\/#primaryimage\"},\"thumbnailUrl\":\"https:\\\/\\\/www.silentblocks.com\\\/wp-content\\\/uploads\\\/2026\\\/02\\\/cale-ressort-patrol-50mm-2.jpg\",\"datePublished\":\"2023-04-26T22:58:06+00:00\",\"dateModified\":\"2026-02-17T21:16:27+00:00\",\"description\":\"Federkeile vorne und hinten f\u00fcr Nissan Patrol Y60, Patrol Y61, Satz f\u00fcr 5cm Erh\u00f6hung\",\"breadcrumb\":{\"@id\":\"https:\\\/\\\/www.silentblocks.com\\\/de\\\/produkt\\\/50mm-keile-feder-vorderbacke-patrol-y60-y61\\\/#breadcrumb\"},\"inLanguage\":\"de\",\"potentialAction\":[{\"@type\":\"ReadAction\",\"target\":[\"https:\\\/\\\/www.silentblocks.com\\\/de\\\/produkt\\\/50mm-keile-feder-vorderbacke-patrol-y60-y61\\\/\"]}]},{\"@type\":\"ImageObject\",\"inLanguage\":\"de\",\"@id\":\"https:\\\/\\\/www.silentblocks.com\\\/de\\\/produkt\\\/50mm-keile-feder-vorderbacke-patrol-y60-y61\\\/#primaryimage\",\"url\":\"https:\\\/\\\/www.silentblocks.com\\\/wp-content\\\/uploads\\\/2026\\\/02\\\/cale-ressort-patrol-50mm-2.jpg\",\"contentUrl\":\"https:\\\/\\\/www.silentblocks.com\\\/wp-content\\\/uploads\\\/2026\\\/02\\\/cale-ressort-patrol-50mm-2.jpg\",\"width\":1000,\"height\":1000},{\"@type\":\"BreadcrumbList\",\"@id\":\"https:\\\/\\\/www.silentblocks.com\\\/de\\\/produkt\\\/50mm-keile-feder-vorderbacke-patrol-y60-y61\\\/#breadcrumb\",\"itemListElement\":[{\"@type\":\"ListItem\",\"position\":1,\"name\":\"In\u00edcio\",\"item\":\"https:\\\/\\\/www.silentblocks.com\\\/de\\\/\"},{\"@type\":\"ListItem\",\"position\":2,\"name\":\"Page boutique\",\"item\":\"https:\\\/\\\/www.silentblocks.com\\\/shop-2\\\/\"},{\"@type\":\"ListItem\",\"position\":3,\"name\":\"Abstandshalter komplettes Lift 50 mm f\u00fcr Nissan Patrol Y60 Y61\"}]},{\"@type\":\"WebSite\",\"@id\":\"https:\\\/\\\/www.silentblocks.com\\\/de\\\/#website\",\"url\":\"https:\\\/\\\/www.silentblocks.com\\\/de\\\/\",\"name\":\"SILENTBLOCKS\",\"description\":\"Secure on the road\",\"publisher\":{\"@id\":\"https:\\\/\\\/www.silentblocks.com\\\/de\\\/#organization\"},\"potentialAction\":[{\"@type\":\"SearchAction\",\"target\":{\"@type\":\"EntryPoint\",\"urlTemplate\":\"https:\\\/\\\/www.silentblocks.com\\\/de\\\/?s={search_term_string}\"},\"query-input\":{\"@type\":\"PropertyValueSpecification\",\"valueRequired\":true,\"valueName\":\"search_term_string\"}}],\"inLanguage\":\"de\"},{\"@type\":\"Organization\",\"@id\":\"https:\\\/\\\/www.silentblocks.com\\\/de\\\/#organization\",\"name\":\"SILENTBLOCKS\",\"url\":\"https:\\\/\\\/www.silentblocks.com\\\/de\\\/\",\"logo\":{\"@type\":\"ImageObject\",\"inLanguage\":\"de\",\"@id\":\"https:\\\/\\\/www.silentblocks.com\\\/de\\\/#\\\/schema\\\/logo\\\/image\\\/\",\"url\":\"https:\\\/\\\/www.silentblocks.com\\\/wp-content\\\/uploads\\\/2023\\\/07\\\/logo211-sem-fundo_2012-PARA-BOUTIQUE-EBAY.png\",\"contentUrl\":\"https:\\\/\\\/www.silentblocks.com\\\/wp-content\\\/uploads\\\/2023\\\/07\\\/logo211-sem-fundo_2012-PARA-BOUTIQUE-EBAY.png\",\"width\":300,\"height\":190,\"caption\":\"SILENTBLOCKS\"},\"image\":{\"@id\":\"https:\\\/\\\/www.silentblocks.com\\\/de\\\/#\\\/schema\\\/logo\\\/image\\\/\"}}]}<\/script>\n<!-- \/ Yoast SEO Premium plugin. -->","yoast_head_json":{"title":"Abstandshalter komplettes Lift 50 mm f\u00fcr Nissan Patrol Y60 Y61 - SILENT BLOCKS","description":"Federkeile vorne und hinten f\u00fcr Nissan Patrol Y60, Patrol Y61, Satz f\u00fcr 5cm Erh\u00f6hung","robots":{"index":"index","follow":"follow","max-snippet":"max-snippet:-1","max-image-preview":"max-image-preview:large","max-video-preview":"max-video-preview:-1"},"canonical":"https:\/\/www.silentblocks.com\/de\/produkt\/50mm-keile-feder-vorderbacke-patrol-y60-y61\/","og_locale":"de_DE","og_type":"article","og_title":"Abstandshalter komplettes Lift 50 mm f\u00fcr Nissan Patrol Y60 Y61","og_description":"Federkeile vorne und hinten f\u00fcr Nissan Patrol Y60, Patrol Y61, Satz f\u00fcr 5cm Erh\u00f6hung","og_url":"https:\/\/www.silentblocks.com\/de\/produkt\/50mm-keile-feder-vorderbacke-patrol-y60-y61\/","og_site_name":"SILENT BLOCKS","article_modified_time":"2026-02-17T21:16:27+00:00","og_image":[{"width":1000,"height":1000,"url":"https:\/\/www.silentblocks.com\/wp-content\/uploads\/2026\/02\/cale-ressort-patrol-50mm-2.jpg","type":"image\/jpeg"}],"twitter_card":"summary_large_image","schema":{"@context":"https:\/\/schema.org","@graph":[{"@type":"WebPage","@id":"https:\/\/www.silentblocks.com\/de\/produkt\/50mm-keile-feder-vorderbacke-patrol-y60-y61\/","url":"https:\/\/www.silentblocks.com\/de\/produkt\/50mm-keile-feder-vorderbacke-patrol-y60-y61\/","name":"Abstandshalter komplettes Lift 50 mm f\u00fcr Nissan Patrol Y60 Y61 - SILENT BLOCKS","isPartOf":{"@id":"https:\/\/www.silentblocks.com\/de\/#website"},"primaryImageOfPage":{"@id":"https:\/\/www.silentblocks.com\/de\/produkt\/50mm-keile-feder-vorderbacke-patrol-y60-y61\/#primaryimage"},"image":{"@id":"https:\/\/www.silentblocks.com\/de\/produkt\/50mm-keile-feder-vorderbacke-patrol-y60-y61\/#primaryimage"},"thumbnailUrl":"https:\/\/www.silentblocks.com\/wp-content\/uploads\/2026\/02\/cale-ressort-patrol-50mm-2.jpg","datePublished":"2023-04-26T22:58:06+00:00","dateModified":"2026-02-17T21:16:27+00:00","description":"Federkeile vorne und hinten f\u00fcr Nissan Patrol Y60, Patrol Y61, Satz f\u00fcr 5cm Erh\u00f6hung","breadcrumb":{"@id":"https:\/\/www.silentblocks.com\/de\/produkt\/50mm-keile-feder-vorderbacke-patrol-y60-y61\/#breadcrumb"},"inLanguage":"de","potentialAction":[{"@type":"ReadAction","target":["https:\/\/www.silentblocks.com\/de\/produkt\/50mm-keile-feder-vorderbacke-patrol-y60-y61\/"]}]},{"@type":"ImageObject","inLanguage":"de","@id":"https:\/\/www.silentblocks.com\/de\/produkt\/50mm-keile-feder-vorderbacke-patrol-y60-y61\/#primaryimage","url":"https:\/\/www.silentblocks.com\/wp-content\/uploads\/2026\/02\/cale-ressort-patrol-50mm-2.jpg","contentUrl":"https:\/\/www.silentblocks.com\/wp-content\/uploads\/2026\/02\/cale-ressort-patrol-50mm-2.jpg","width":1000,"height":1000},{"@type":"BreadcrumbList","@id":"https:\/\/www.silentblocks.com\/de\/produkt\/50mm-keile-feder-vorderbacke-patrol-y60-y61\/#breadcrumb","itemListElement":[{"@type":"ListItem","position":1,"name":"In\u00edcio","item":"https:\/\/www.silentblocks.com\/de\/"},{"@type":"ListItem","position":2,"name":"Page boutique","item":"https:\/\/www.silentblocks.com\/shop-2\/"},{"@type":"ListItem","position":3,"name":"Abstandshalter komplettes Lift 50 mm f\u00fcr Nissan Patrol Y60 Y61"}]},{"@type":"WebSite","@id":"https:\/\/www.silentblocks.com\/de\/#website","url":"https:\/\/www.silentblocks.com\/de\/","name":"SILENTBLOCKS","description":"Secure on the road","publisher":{"@id":"https:\/\/www.silentblocks.com\/de\/#organization"},"potentialAction":[{"@type":"SearchAction","target":{"@type":"EntryPoint","urlTemplate":"https:\/\/www.silentblocks.com\/de\/?s={search_term_string}"},"query-input":{"@type":"PropertyValueSpecification","valueRequired":true,"valueName":"search_term_string"}}],"inLanguage":"de"},{"@type":"Organization","@id":"https:\/\/www.silentblocks.com\/de\/#organization","name":"SILENTBLOCKS","url":"https:\/\/www.silentblocks.com\/de\/","logo":{"@type":"ImageObject","inLanguage":"de","@id":"https:\/\/www.silentblocks.com\/de\/#\/schema\/logo\/image\/","url":"https:\/\/www.silentblocks.com\/wp-content\/uploads\/2023\/07\/logo211-sem-fundo_2012-PARA-BOUTIQUE-EBAY.png","contentUrl":"https:\/\/www.silentblocks.com\/wp-content\/uploads\/2023\/07\/logo211-sem-fundo_2012-PARA-BOUTIQUE-EBAY.png","width":300,"height":190,"caption":"SILENTBLOCKS"},"image":{"@id":"https:\/\/www.silentblocks.com\/de\/#\/schema\/logo\/image\/"}}]}},"_links":{"self":[{"href":"https:\/\/www.silentblocks.com\/de\/wp-json\/wp\/v2\/product\/80599","targetHints":{"allow":["GET"]}}],"collection":[{"href":"https:\/\/www.silentblocks.com\/de\/wp-json\/wp\/v2\/product"}],"about":[{"href":"https:\/\/www.silentblocks.com\/de\/wp-json\/wp\/v2\/types\/product"}],"version-history":[{"count":0,"href":"https:\/\/www.silentblocks.com\/de\/wp-json\/wp\/v2\/product\/80599\/revisions"}],"wp:featuredmedia":[{"embeddable":true,"href":"https:\/\/www.silentblocks.com\/de\/wp-json\/wp\/v2\/media\/122825"}],"wp:attachment":[{"href":"https:\/\/www.silentblocks.com\/de\/wp-json\/wp\/v2\/media?parent=80599"}],"wp:term":[{"taxonomy":"product_brand","embeddable":true,"href":"https:\/\/www.silentblocks.com\/de\/wp-json\/wp\/v2\/product_brand?post=80599"},{"taxonomy":"product_cat","embeddable":true,"href":"https:\/\/www.silentblocks.com\/de\/wp-json\/wp\/v2\/product_cat?post=80599"},{"taxonomy":"product_tag","embeddable":true,"href":"https:\/\/www.silentblocks.com\/de\/wp-json\/wp\/v2\/product_tag?post=80599"}],"curies":[{"name":"wp","href":"https:\/\/api.w.org\/{rel}","templated":true}]}}