{"id":82761,"date":"2023-04-26T22:55:21","date_gmt":"2023-04-26T22:55:21","guid":{"rendered":"https:\/\/www.silentblocks.com\/product\/4-silentblocs-berceau-avant-fur-audi-a4-a6-and-vw-passat\/"},"modified":"2026-02-17T21:22:02","modified_gmt":"2026-02-17T21:22:02","slug":"4-silentblocs-berceau-avant-fur-audi-a4-a6-and-vw-passat","status":"publish","type":"product","link":"https:\/\/www.silentblocks.com\/de\/produkt\/4-silentblocs-berceau-avant-fur-audi-a4-a6-and-vw-passat\/","title":{"rendered":"Motortr\u00e4ger achstr\u00e4ger buchsen f\u00fcr Audi A4, A6 C5, VW Passat"},"content":{"rendered":"<p>4 Buchsen der Motorwiege, kompatibel mit den folgenden Fahrzeugen:<br \/>\nAudi A4 B5(01.11.1994&gt;)<br \/>\nAudi A6 (01.01.1997&gt;)<br \/>\nVW Passat (01.05.1997&gt;) Modelle: B5\/B6<\/p>\n<p>Herstellerreferenzen (OEM-Code) zur Orientierung :<br \/>\n8D0 399 415 E, 8D0 399 415 F, 8D0 399 419 E, 8D0 399 415 E, 8D0 399 415 F, 8D0 399 419 E, 8D0 399 415 E, 8D0 399 415 F, 8D0 399 419 E, 8D0 399 415 E, 8D0 399 415 F, 8D0 399 419 F, 8D0 399 419 E<\/p>\n<p>Neue Teile, die mit Rechnung verkauft werden. Alle unsere Produkte haben eine Garantie von 2 Jahren.<\/p>\n","protected":false},"excerpt":{"rendered":"<p>Motortr\u00e4ger achstr\u00e4ger buchsen f\u00fcr Audi A4, A6 und VW Passat<\/p>\n","protected":false},"featured_media":120121,"template":"","meta":[],"product_brand":[],"product_cat":[2128,2334,2341,2254,3811,3915],"product_tag":[],"class_list":{"0":"post-82761","1":"product","2":"type-product","3":"status-publish","4":"has-post-thumbnail","6":"product_cat-audi-de","7":"product_cat-a4-1995-2001-de","8":"product_cat-a6-c5-de","9":"product_cat-vw-de","10":"product_cat-passat-de","11":"product_cat-passat-vi-2002-2010-de","13":"first","14":"instock","15":"shipping-taxable","16":"purchasable","17":"product-type-simple"},"yoast_head":"<!-- This site is optimized with the Yoast SEO Premium plugin v23.0 (Yoast SEO v27.4) - https:\/\/yoast.com\/product\/yoast-seo-premium-wordpress\/ -->\n<title>Motortr\u00e4ger achstr\u00e4ger buchsen f\u00fcr Audi A4, A6 C5, VW Passat - SILENT BLOCKS<\/title>\n<meta name=\"description\" content=\"Motortr\u00e4ger achstr\u00e4ger buchsen f\u00fcr Audi A4, Audi A6 C5, VW Passat, kompatibel mit oem 8D0 399 415 E, 8D0 399 415 F\" \/>\n<meta name=\"robots\" content=\"index, follow, max-snippet:-1, max-image-preview:large, max-video-preview:-1\" \/>\n<link rel=\"canonical\" href=\"https:\/\/www.silentblocks.com\/de\/produkt\/4-silentblocs-berceau-avant-fur-audi-a4-a6-and-vw-passat\/\" \/>\n<meta property=\"og:locale\" content=\"de_DE\" \/>\n<meta property=\"og:type\" content=\"article\" \/>\n<meta property=\"og:title\" content=\"Motortr\u00e4ger achstr\u00e4ger buchsen f\u00fcr Audi A4, A6 C5, VW Passat\" \/>\n<meta property=\"og:description\" content=\"Motortr\u00e4ger achstr\u00e4ger buchsen f\u00fcr Audi A4, Audi A6 C5, VW Passat, kompatibel mit oem 8D0 399 415 E, 8D0 399 415 F\" \/>\n<meta property=\"og:url\" content=\"https:\/\/www.silentblocks.com\/de\/produkt\/4-silentblocs-berceau-avant-fur-audi-a4-a6-and-vw-passat\/\" \/>\n<meta property=\"og:site_name\" content=\"SILENT BLOCKS\" \/>\n<meta property=\"article:modified_time\" content=\"2026-02-17T21:22:02+00:00\" \/>\n<meta property=\"og:image\" content=\"https:\/\/www.silentblocks.com\/wp-content\/uploads\/2026\/02\/4-silentbloc-berceau-avant-audi-a4-a6-passat-2.jpg\" \/>\n\t<meta property=\"og:image:width\" content=\"800\" \/>\n\t<meta property=\"og:image:height\" content=\"800\" \/>\n\t<meta property=\"og:image:type\" content=\"image\/jpeg\" \/>\n<meta name=\"twitter:card\" content=\"summary_large_image\" \/>\n<script type=\"application\/ld+json\" class=\"yoast-schema-graph\">{\"@context\":\"https:\\\/\\\/schema.org\",\"@graph\":[{\"@type\":\"WebPage\",\"@id\":\"https:\\\/\\\/www.silentblocks.com\\\/de\\\/produkt\\\/4-silentblocs-berceau-avant-fur-audi-a4-a6-and-vw-passat\\\/\",\"url\":\"https:\\\/\\\/www.silentblocks.com\\\/de\\\/produkt\\\/4-silentblocs-berceau-avant-fur-audi-a4-a6-and-vw-passat\\\/\",\"name\":\"Motortr\u00e4ger achstr\u00e4ger buchsen f\u00fcr Audi A4, A6 C5, VW Passat - SILENT BLOCKS\",\"isPartOf\":{\"@id\":\"https:\\\/\\\/www.silentblocks.com\\\/de\\\/#website\"},\"primaryImageOfPage\":{\"@id\":\"https:\\\/\\\/www.silentblocks.com\\\/de\\\/produkt\\\/4-silentblocs-berceau-avant-fur-audi-a4-a6-and-vw-passat\\\/#primaryimage\"},\"image\":{\"@id\":\"https:\\\/\\\/www.silentblocks.com\\\/de\\\/produkt\\\/4-silentblocs-berceau-avant-fur-audi-a4-a6-and-vw-passat\\\/#primaryimage\"},\"thumbnailUrl\":\"https:\\\/\\\/www.silentblocks.com\\\/wp-content\\\/uploads\\\/2026\\\/02\\\/4-silentbloc-berceau-avant-audi-a4-a6-passat-2.jpg\",\"datePublished\":\"2023-04-26T22:55:21+00:00\",\"dateModified\":\"2026-02-17T21:22:02+00:00\",\"description\":\"Motortr\u00e4ger achstr\u00e4ger buchsen f\u00fcr Audi A4, Audi A6 C5, VW Passat, kompatibel mit oem 8D0 399 415 E, 8D0 399 415 F\",\"breadcrumb\":{\"@id\":\"https:\\\/\\\/www.silentblocks.com\\\/de\\\/produkt\\\/4-silentblocs-berceau-avant-fur-audi-a4-a6-and-vw-passat\\\/#breadcrumb\"},\"inLanguage\":\"de\",\"potentialAction\":[{\"@type\":\"ReadAction\",\"target\":[\"https:\\\/\\\/www.silentblocks.com\\\/de\\\/produkt\\\/4-silentblocs-berceau-avant-fur-audi-a4-a6-and-vw-passat\\\/\"]}]},{\"@type\":\"ImageObject\",\"inLanguage\":\"de\",\"@id\":\"https:\\\/\\\/www.silentblocks.com\\\/de\\\/produkt\\\/4-silentblocs-berceau-avant-fur-audi-a4-a6-and-vw-passat\\\/#primaryimage\",\"url\":\"https:\\\/\\\/www.silentblocks.com\\\/wp-content\\\/uploads\\\/2026\\\/02\\\/4-silentbloc-berceau-avant-audi-a4-a6-passat-2.jpg\",\"contentUrl\":\"https:\\\/\\\/www.silentblocks.com\\\/wp-content\\\/uploads\\\/2026\\\/02\\\/4-silentbloc-berceau-avant-audi-a4-a6-passat-2.jpg\",\"width\":800,\"height\":800},{\"@type\":\"BreadcrumbList\",\"@id\":\"https:\\\/\\\/www.silentblocks.com\\\/de\\\/produkt\\\/4-silentblocs-berceau-avant-fur-audi-a4-a6-and-vw-passat\\\/#breadcrumb\",\"itemListElement\":[{\"@type\":\"ListItem\",\"position\":1,\"name\":\"In\u00edcio\",\"item\":\"https:\\\/\\\/www.silentblocks.com\\\/de\\\/\"},{\"@type\":\"ListItem\",\"position\":2,\"name\":\"Page boutique\",\"item\":\"https:\\\/\\\/www.silentblocks.com\\\/shop-2\\\/\"},{\"@type\":\"ListItem\",\"position\":3,\"name\":\"Motortr\u00e4ger achstr\u00e4ger buchsen f\u00fcr Audi A4, A6 C5, VW Passat\"}]},{\"@type\":\"WebSite\",\"@id\":\"https:\\\/\\\/www.silentblocks.com\\\/de\\\/#website\",\"url\":\"https:\\\/\\\/www.silentblocks.com\\\/de\\\/\",\"name\":\"SILENTBLOCKS\",\"description\":\"Secure on the road\",\"publisher\":{\"@id\":\"https:\\\/\\\/www.silentblocks.com\\\/de\\\/#organization\"},\"potentialAction\":[{\"@type\":\"SearchAction\",\"target\":{\"@type\":\"EntryPoint\",\"urlTemplate\":\"https:\\\/\\\/www.silentblocks.com\\\/de\\\/?s={search_term_string}\"},\"query-input\":{\"@type\":\"PropertyValueSpecification\",\"valueRequired\":true,\"valueName\":\"search_term_string\"}}],\"inLanguage\":\"de\"},{\"@type\":\"Organization\",\"@id\":\"https:\\\/\\\/www.silentblocks.com\\\/de\\\/#organization\",\"name\":\"SILENTBLOCKS\",\"url\":\"https:\\\/\\\/www.silentblocks.com\\\/de\\\/\",\"logo\":{\"@type\":\"ImageObject\",\"inLanguage\":\"de\",\"@id\":\"https:\\\/\\\/www.silentblocks.com\\\/de\\\/#\\\/schema\\\/logo\\\/image\\\/\",\"url\":\"https:\\\/\\\/www.silentblocks.com\\\/wp-content\\\/uploads\\\/2023\\\/07\\\/logo211-sem-fundo_2012-PARA-BOUTIQUE-EBAY.png\",\"contentUrl\":\"https:\\\/\\\/www.silentblocks.com\\\/wp-content\\\/uploads\\\/2023\\\/07\\\/logo211-sem-fundo_2012-PARA-BOUTIQUE-EBAY.png\",\"width\":300,\"height\":190,\"caption\":\"SILENTBLOCKS\"},\"image\":{\"@id\":\"https:\\\/\\\/www.silentblocks.com\\\/de\\\/#\\\/schema\\\/logo\\\/image\\\/\"}}]}<\/script>\n<!-- \/ Yoast SEO Premium plugin. -->","yoast_head_json":{"title":"Motortr\u00e4ger achstr\u00e4ger buchsen f\u00fcr Audi A4, A6 C5, VW Passat - SILENT BLOCKS","description":"Motortr\u00e4ger achstr\u00e4ger buchsen f\u00fcr Audi A4, Audi A6 C5, VW Passat, kompatibel mit oem 8D0 399 415 E, 8D0 399 415 F","robots":{"index":"index","follow":"follow","max-snippet":"max-snippet:-1","max-image-preview":"max-image-preview:large","max-video-preview":"max-video-preview:-1"},"canonical":"https:\/\/www.silentblocks.com\/de\/produkt\/4-silentblocs-berceau-avant-fur-audi-a4-a6-and-vw-passat\/","og_locale":"de_DE","og_type":"article","og_title":"Motortr\u00e4ger achstr\u00e4ger buchsen f\u00fcr Audi A4, A6 C5, VW Passat","og_description":"Motortr\u00e4ger achstr\u00e4ger buchsen f\u00fcr Audi A4, Audi A6 C5, VW Passat, kompatibel mit oem 8D0 399 415 E, 8D0 399 415 F","og_url":"https:\/\/www.silentblocks.com\/de\/produkt\/4-silentblocs-berceau-avant-fur-audi-a4-a6-and-vw-passat\/","og_site_name":"SILENT BLOCKS","article_modified_time":"2026-02-17T21:22:02+00:00","og_image":[{"width":800,"height":800,"url":"https:\/\/www.silentblocks.com\/wp-content\/uploads\/2026\/02\/4-silentbloc-berceau-avant-audi-a4-a6-passat-2.jpg","type":"image\/jpeg"}],"twitter_card":"summary_large_image","schema":{"@context":"https:\/\/schema.org","@graph":[{"@type":"WebPage","@id":"https:\/\/www.silentblocks.com\/de\/produkt\/4-silentblocs-berceau-avant-fur-audi-a4-a6-and-vw-passat\/","url":"https:\/\/www.silentblocks.com\/de\/produkt\/4-silentblocs-berceau-avant-fur-audi-a4-a6-and-vw-passat\/","name":"Motortr\u00e4ger achstr\u00e4ger buchsen f\u00fcr Audi A4, A6 C5, VW Passat - SILENT BLOCKS","isPartOf":{"@id":"https:\/\/www.silentblocks.com\/de\/#website"},"primaryImageOfPage":{"@id":"https:\/\/www.silentblocks.com\/de\/produkt\/4-silentblocs-berceau-avant-fur-audi-a4-a6-and-vw-passat\/#primaryimage"},"image":{"@id":"https:\/\/www.silentblocks.com\/de\/produkt\/4-silentblocs-berceau-avant-fur-audi-a4-a6-and-vw-passat\/#primaryimage"},"thumbnailUrl":"https:\/\/www.silentblocks.com\/wp-content\/uploads\/2026\/02\/4-silentbloc-berceau-avant-audi-a4-a6-passat-2.jpg","datePublished":"2023-04-26T22:55:21+00:00","dateModified":"2026-02-17T21:22:02+00:00","description":"Motortr\u00e4ger achstr\u00e4ger buchsen f\u00fcr Audi A4, Audi A6 C5, VW Passat, kompatibel mit oem 8D0 399 415 E, 8D0 399 415 F","breadcrumb":{"@id":"https:\/\/www.silentblocks.com\/de\/produkt\/4-silentblocs-berceau-avant-fur-audi-a4-a6-and-vw-passat\/#breadcrumb"},"inLanguage":"de","potentialAction":[{"@type":"ReadAction","target":["https:\/\/www.silentblocks.com\/de\/produkt\/4-silentblocs-berceau-avant-fur-audi-a4-a6-and-vw-passat\/"]}]},{"@type":"ImageObject","inLanguage":"de","@id":"https:\/\/www.silentblocks.com\/de\/produkt\/4-silentblocs-berceau-avant-fur-audi-a4-a6-and-vw-passat\/#primaryimage","url":"https:\/\/www.silentblocks.com\/wp-content\/uploads\/2026\/02\/4-silentbloc-berceau-avant-audi-a4-a6-passat-2.jpg","contentUrl":"https:\/\/www.silentblocks.com\/wp-content\/uploads\/2026\/02\/4-silentbloc-berceau-avant-audi-a4-a6-passat-2.jpg","width":800,"height":800},{"@type":"BreadcrumbList","@id":"https:\/\/www.silentblocks.com\/de\/produkt\/4-silentblocs-berceau-avant-fur-audi-a4-a6-and-vw-passat\/#breadcrumb","itemListElement":[{"@type":"ListItem","position":1,"name":"In\u00edcio","item":"https:\/\/www.silentblocks.com\/de\/"},{"@type":"ListItem","position":2,"name":"Page boutique","item":"https:\/\/www.silentblocks.com\/shop-2\/"},{"@type":"ListItem","position":3,"name":"Motortr\u00e4ger achstr\u00e4ger buchsen f\u00fcr Audi A4, A6 C5, VW Passat"}]},{"@type":"WebSite","@id":"https:\/\/www.silentblocks.com\/de\/#website","url":"https:\/\/www.silentblocks.com\/de\/","name":"SILENTBLOCKS","description":"Secure on the road","publisher":{"@id":"https:\/\/www.silentblocks.com\/de\/#organization"},"potentialAction":[{"@type":"SearchAction","target":{"@type":"EntryPoint","urlTemplate":"https:\/\/www.silentblocks.com\/de\/?s={search_term_string}"},"query-input":{"@type":"PropertyValueSpecification","valueRequired":true,"valueName":"search_term_string"}}],"inLanguage":"de"},{"@type":"Organization","@id":"https:\/\/www.silentblocks.com\/de\/#organization","name":"SILENTBLOCKS","url":"https:\/\/www.silentblocks.com\/de\/","logo":{"@type":"ImageObject","inLanguage":"de","@id":"https:\/\/www.silentblocks.com\/de\/#\/schema\/logo\/image\/","url":"https:\/\/www.silentblocks.com\/wp-content\/uploads\/2023\/07\/logo211-sem-fundo_2012-PARA-BOUTIQUE-EBAY.png","contentUrl":"https:\/\/www.silentblocks.com\/wp-content\/uploads\/2023\/07\/logo211-sem-fundo_2012-PARA-BOUTIQUE-EBAY.png","width":300,"height":190,"caption":"SILENTBLOCKS"},"image":{"@id":"https:\/\/www.silentblocks.com\/de\/#\/schema\/logo\/image\/"}}]}},"_links":{"self":[{"href":"https:\/\/www.silentblocks.com\/de\/wp-json\/wp\/v2\/product\/82761","targetHints":{"allow":["GET"]}}],"collection":[{"href":"https:\/\/www.silentblocks.com\/de\/wp-json\/wp\/v2\/product"}],"about":[{"href":"https:\/\/www.silentblocks.com\/de\/wp-json\/wp\/v2\/types\/product"}],"version-history":[{"count":0,"href":"https:\/\/www.silentblocks.com\/de\/wp-json\/wp\/v2\/product\/82761\/revisions"}],"wp:featuredmedia":[{"embeddable":true,"href":"https:\/\/www.silentblocks.com\/de\/wp-json\/wp\/v2\/media\/120121"}],"wp:attachment":[{"href":"https:\/\/www.silentblocks.com\/de\/wp-json\/wp\/v2\/media?parent=82761"}],"wp:term":[{"taxonomy":"product_brand","embeddable":true,"href":"https:\/\/www.silentblocks.com\/de\/wp-json\/wp\/v2\/product_brand?post=82761"},{"taxonomy":"product_cat","embeddable":true,"href":"https:\/\/www.silentblocks.com\/de\/wp-json\/wp\/v2\/product_cat?post=82761"},{"taxonomy":"product_tag","embeddable":true,"href":"https:\/\/www.silentblocks.com\/de\/wp-json\/wp\/v2\/product_tag?post=82761"}],"curies":[{"name":"wp","href":"https:\/\/api.w.org\/{rel}","templated":true}]}}