{"id":82956,"date":"2023-04-26T22:55:08","date_gmt":"2023-04-26T22:55:08","guid":{"rendered":"https:\/\/www.silentblocks.com\/product\/keil-ressort-avantarriere-toyota-hdj-80\/"},"modified":"2026-02-17T21:22:33","modified_gmt":"2026-02-17T21:22:33","slug":"keil-ressort-avantarriere-toyota-hdj-80","status":"publish","type":"product","link":"https:\/\/www.silentblocks.com\/de\/produkt\/keil-ressort-avantarriere-toyota-hdj-80\/","title":{"rendered":"Keile f\u00fcr vordere Federn, hintere Federn, Toyota HDJ 80"},"content":{"rendered":"<p>4 Polyurethanringe f\u00fcr die vorderen und hinteren Federn, passend f\u00fcr die folgenden Fahrzeuge:<br \/>\nToyota HDJ 80<br \/>\nModelle: Alle<\/p>\n<p>Mit einer Dicke von 40 mm.<\/p>\n<p>Neue Teile, die mit Rechnung verkauft werden. Alle unsere Produkte haben eine Garantie von 2 Jahren.<\/p>\n","protected":false},"excerpt":{"rendered":"<p>Unterlegscheiben Federn vorne+hinten Toyota HDJ 80<\/p>\n","protected":false},"featured_media":119921,"template":"","meta":[],"product_brand":[],"product_cat":[2248,3670],"product_tag":[],"class_list":{"0":"post-82956","1":"product","2":"type-product","3":"status-publish","4":"has-post-thumbnail","6":"product_cat-toyota-de","7":"product_cat-hdj-80-de","9":"first","10":"instock","11":"shipping-taxable","12":"purchasable","13":"product-type-simple"},"yoast_head":"<!-- This site is optimized with the Yoast SEO Premium plugin v23.0 (Yoast SEO v27.4) - https:\/\/yoast.com\/product\/yoast-seo-premium-wordpress\/ -->\n<title>Keile f\u00fcr vordere Federn, hintere Federn, Toyota HDJ 80 - SILENT BLOCKS<\/title>\n<meta name=\"description\" content=\"Polyurethan-Zwischenlagensatz f\u00fcr Vorder- und Hinterfedern, f\u00fcr Toyota HDJ 80\" \/>\n<meta name=\"robots\" content=\"index, follow, max-snippet:-1, max-image-preview:large, max-video-preview:-1\" \/>\n<link rel=\"canonical\" href=\"https:\/\/www.silentblocks.com\/de\/produkt\/keil-ressort-avantarriere-toyota-hdj-80\/\" \/>\n<meta property=\"og:locale\" content=\"de_DE\" \/>\n<meta property=\"og:type\" content=\"article\" \/>\n<meta property=\"og:title\" content=\"Keile f\u00fcr vordere Federn, hintere Federn, Toyota HDJ 80\" \/>\n<meta property=\"og:description\" content=\"Polyurethan-Zwischenlagensatz f\u00fcr Vorder- und Hinterfedern, f\u00fcr Toyota HDJ 80\" \/>\n<meta property=\"og:url\" content=\"https:\/\/www.silentblocks.com\/de\/produkt\/keil-ressort-avantarriere-toyota-hdj-80\/\" \/>\n<meta property=\"og:site_name\" content=\"SILENT BLOCKS\" \/>\n<meta property=\"article:modified_time\" content=\"2026-02-17T21:22:33+00:00\" \/>\n<meta property=\"og:image\" content=\"https:\/\/www.silentblocks.com\/wp-content\/uploads\/2026\/02\/toyota-HDJ-80-Cale-4MM-2.jpg\" \/>\n\t<meta property=\"og:image:width\" content=\"800\" \/>\n\t<meta property=\"og:image:height\" content=\"800\" \/>\n\t<meta property=\"og:image:type\" content=\"image\/jpeg\" \/>\n<meta name=\"twitter:card\" content=\"summary_large_image\" \/>\n<script type=\"application\/ld+json\" class=\"yoast-schema-graph\">{\"@context\":\"https:\\\/\\\/schema.org\",\"@graph\":[{\"@type\":\"WebPage\",\"@id\":\"https:\\\/\\\/www.silentblocks.com\\\/de\\\/produkt\\\/keil-ressort-avantarriere-toyota-hdj-80\\\/\",\"url\":\"https:\\\/\\\/www.silentblocks.com\\\/de\\\/produkt\\\/keil-ressort-avantarriere-toyota-hdj-80\\\/\",\"name\":\"Keile f\u00fcr vordere Federn, hintere Federn, Toyota HDJ 80 - SILENT BLOCKS\",\"isPartOf\":{\"@id\":\"https:\\\/\\\/www.silentblocks.com\\\/de\\\/#website\"},\"primaryImageOfPage\":{\"@id\":\"https:\\\/\\\/www.silentblocks.com\\\/de\\\/produkt\\\/keil-ressort-avantarriere-toyota-hdj-80\\\/#primaryimage\"},\"image\":{\"@id\":\"https:\\\/\\\/www.silentblocks.com\\\/de\\\/produkt\\\/keil-ressort-avantarriere-toyota-hdj-80\\\/#primaryimage\"},\"thumbnailUrl\":\"https:\\\/\\\/www.silentblocks.com\\\/wp-content\\\/uploads\\\/2026\\\/02\\\/toyota-HDJ-80-Cale-4MM-2.jpg\",\"datePublished\":\"2023-04-26T22:55:08+00:00\",\"dateModified\":\"2026-02-17T21:22:33+00:00\",\"description\":\"Polyurethan-Zwischenlagensatz f\u00fcr Vorder- und Hinterfedern, f\u00fcr Toyota HDJ 80\",\"breadcrumb\":{\"@id\":\"https:\\\/\\\/www.silentblocks.com\\\/de\\\/produkt\\\/keil-ressort-avantarriere-toyota-hdj-80\\\/#breadcrumb\"},\"inLanguage\":\"de\",\"potentialAction\":[{\"@type\":\"ReadAction\",\"target\":[\"https:\\\/\\\/www.silentblocks.com\\\/de\\\/produkt\\\/keil-ressort-avantarriere-toyota-hdj-80\\\/\"]}]},{\"@type\":\"ImageObject\",\"inLanguage\":\"de\",\"@id\":\"https:\\\/\\\/www.silentblocks.com\\\/de\\\/produkt\\\/keil-ressort-avantarriere-toyota-hdj-80\\\/#primaryimage\",\"url\":\"https:\\\/\\\/www.silentblocks.com\\\/wp-content\\\/uploads\\\/2026\\\/02\\\/toyota-HDJ-80-Cale-4MM-2.jpg\",\"contentUrl\":\"https:\\\/\\\/www.silentblocks.com\\\/wp-content\\\/uploads\\\/2026\\\/02\\\/toyota-HDJ-80-Cale-4MM-2.jpg\",\"width\":800,\"height\":800},{\"@type\":\"BreadcrumbList\",\"@id\":\"https:\\\/\\\/www.silentblocks.com\\\/de\\\/produkt\\\/keil-ressort-avantarriere-toyota-hdj-80\\\/#breadcrumb\",\"itemListElement\":[{\"@type\":\"ListItem\",\"position\":1,\"name\":\"In\u00edcio\",\"item\":\"https:\\\/\\\/www.silentblocks.com\\\/de\\\/\"},{\"@type\":\"ListItem\",\"position\":2,\"name\":\"Page boutique\",\"item\":\"https:\\\/\\\/www.silentblocks.com\\\/shop-2\\\/\"},{\"@type\":\"ListItem\",\"position\":3,\"name\":\"Keile f\u00fcr vordere Federn, hintere Federn, Toyota HDJ 80\"}]},{\"@type\":\"WebSite\",\"@id\":\"https:\\\/\\\/www.silentblocks.com\\\/de\\\/#website\",\"url\":\"https:\\\/\\\/www.silentblocks.com\\\/de\\\/\",\"name\":\"SILENTBLOCKS\",\"description\":\"Secure on the road\",\"publisher\":{\"@id\":\"https:\\\/\\\/www.silentblocks.com\\\/de\\\/#organization\"},\"potentialAction\":[{\"@type\":\"SearchAction\",\"target\":{\"@type\":\"EntryPoint\",\"urlTemplate\":\"https:\\\/\\\/www.silentblocks.com\\\/de\\\/?s={search_term_string}\"},\"query-input\":{\"@type\":\"PropertyValueSpecification\",\"valueRequired\":true,\"valueName\":\"search_term_string\"}}],\"inLanguage\":\"de\"},{\"@type\":\"Organization\",\"@id\":\"https:\\\/\\\/www.silentblocks.com\\\/de\\\/#organization\",\"name\":\"SILENTBLOCKS\",\"url\":\"https:\\\/\\\/www.silentblocks.com\\\/de\\\/\",\"logo\":{\"@type\":\"ImageObject\",\"inLanguage\":\"de\",\"@id\":\"https:\\\/\\\/www.silentblocks.com\\\/de\\\/#\\\/schema\\\/logo\\\/image\\\/\",\"url\":\"https:\\\/\\\/www.silentblocks.com\\\/wp-content\\\/uploads\\\/2023\\\/07\\\/logo211-sem-fundo_2012-PARA-BOUTIQUE-EBAY.png\",\"contentUrl\":\"https:\\\/\\\/www.silentblocks.com\\\/wp-content\\\/uploads\\\/2023\\\/07\\\/logo211-sem-fundo_2012-PARA-BOUTIQUE-EBAY.png\",\"width\":300,\"height\":190,\"caption\":\"SILENTBLOCKS\"},\"image\":{\"@id\":\"https:\\\/\\\/www.silentblocks.com\\\/de\\\/#\\\/schema\\\/logo\\\/image\\\/\"}}]}<\/script>\n<!-- \/ Yoast SEO Premium plugin. -->","yoast_head_json":{"title":"Keile f\u00fcr vordere Federn, hintere Federn, Toyota HDJ 80 - SILENT BLOCKS","description":"Polyurethan-Zwischenlagensatz f\u00fcr Vorder- und Hinterfedern, f\u00fcr Toyota HDJ 80","robots":{"index":"index","follow":"follow","max-snippet":"max-snippet:-1","max-image-preview":"max-image-preview:large","max-video-preview":"max-video-preview:-1"},"canonical":"https:\/\/www.silentblocks.com\/de\/produkt\/keil-ressort-avantarriere-toyota-hdj-80\/","og_locale":"de_DE","og_type":"article","og_title":"Keile f\u00fcr vordere Federn, hintere Federn, Toyota HDJ 80","og_description":"Polyurethan-Zwischenlagensatz f\u00fcr Vorder- und Hinterfedern, f\u00fcr Toyota HDJ 80","og_url":"https:\/\/www.silentblocks.com\/de\/produkt\/keil-ressort-avantarriere-toyota-hdj-80\/","og_site_name":"SILENT BLOCKS","article_modified_time":"2026-02-17T21:22:33+00:00","og_image":[{"width":800,"height":800,"url":"https:\/\/www.silentblocks.com\/wp-content\/uploads\/2026\/02\/toyota-HDJ-80-Cale-4MM-2.jpg","type":"image\/jpeg"}],"twitter_card":"summary_large_image","schema":{"@context":"https:\/\/schema.org","@graph":[{"@type":"WebPage","@id":"https:\/\/www.silentblocks.com\/de\/produkt\/keil-ressort-avantarriere-toyota-hdj-80\/","url":"https:\/\/www.silentblocks.com\/de\/produkt\/keil-ressort-avantarriere-toyota-hdj-80\/","name":"Keile f\u00fcr vordere Federn, hintere Federn, Toyota HDJ 80 - SILENT BLOCKS","isPartOf":{"@id":"https:\/\/www.silentblocks.com\/de\/#website"},"primaryImageOfPage":{"@id":"https:\/\/www.silentblocks.com\/de\/produkt\/keil-ressort-avantarriere-toyota-hdj-80\/#primaryimage"},"image":{"@id":"https:\/\/www.silentblocks.com\/de\/produkt\/keil-ressort-avantarriere-toyota-hdj-80\/#primaryimage"},"thumbnailUrl":"https:\/\/www.silentblocks.com\/wp-content\/uploads\/2026\/02\/toyota-HDJ-80-Cale-4MM-2.jpg","datePublished":"2023-04-26T22:55:08+00:00","dateModified":"2026-02-17T21:22:33+00:00","description":"Polyurethan-Zwischenlagensatz f\u00fcr Vorder- und Hinterfedern, f\u00fcr Toyota HDJ 80","breadcrumb":{"@id":"https:\/\/www.silentblocks.com\/de\/produkt\/keil-ressort-avantarriere-toyota-hdj-80\/#breadcrumb"},"inLanguage":"de","potentialAction":[{"@type":"ReadAction","target":["https:\/\/www.silentblocks.com\/de\/produkt\/keil-ressort-avantarriere-toyota-hdj-80\/"]}]},{"@type":"ImageObject","inLanguage":"de","@id":"https:\/\/www.silentblocks.com\/de\/produkt\/keil-ressort-avantarriere-toyota-hdj-80\/#primaryimage","url":"https:\/\/www.silentblocks.com\/wp-content\/uploads\/2026\/02\/toyota-HDJ-80-Cale-4MM-2.jpg","contentUrl":"https:\/\/www.silentblocks.com\/wp-content\/uploads\/2026\/02\/toyota-HDJ-80-Cale-4MM-2.jpg","width":800,"height":800},{"@type":"BreadcrumbList","@id":"https:\/\/www.silentblocks.com\/de\/produkt\/keil-ressort-avantarriere-toyota-hdj-80\/#breadcrumb","itemListElement":[{"@type":"ListItem","position":1,"name":"In\u00edcio","item":"https:\/\/www.silentblocks.com\/de\/"},{"@type":"ListItem","position":2,"name":"Page boutique","item":"https:\/\/www.silentblocks.com\/shop-2\/"},{"@type":"ListItem","position":3,"name":"Keile f\u00fcr vordere Federn, hintere Federn, Toyota HDJ 80"}]},{"@type":"WebSite","@id":"https:\/\/www.silentblocks.com\/de\/#website","url":"https:\/\/www.silentblocks.com\/de\/","name":"SILENTBLOCKS","description":"Secure on the road","publisher":{"@id":"https:\/\/www.silentblocks.com\/de\/#organization"},"potentialAction":[{"@type":"SearchAction","target":{"@type":"EntryPoint","urlTemplate":"https:\/\/www.silentblocks.com\/de\/?s={search_term_string}"},"query-input":{"@type":"PropertyValueSpecification","valueRequired":true,"valueName":"search_term_string"}}],"inLanguage":"de"},{"@type":"Organization","@id":"https:\/\/www.silentblocks.com\/de\/#organization","name":"SILENTBLOCKS","url":"https:\/\/www.silentblocks.com\/de\/","logo":{"@type":"ImageObject","inLanguage":"de","@id":"https:\/\/www.silentblocks.com\/de\/#\/schema\/logo\/image\/","url":"https:\/\/www.silentblocks.com\/wp-content\/uploads\/2023\/07\/logo211-sem-fundo_2012-PARA-BOUTIQUE-EBAY.png","contentUrl":"https:\/\/www.silentblocks.com\/wp-content\/uploads\/2023\/07\/logo211-sem-fundo_2012-PARA-BOUTIQUE-EBAY.png","width":300,"height":190,"caption":"SILENTBLOCKS"},"image":{"@id":"https:\/\/www.silentblocks.com\/de\/#\/schema\/logo\/image\/"}}]}},"_links":{"self":[{"href":"https:\/\/www.silentblocks.com\/de\/wp-json\/wp\/v2\/product\/82956","targetHints":{"allow":["GET"]}}],"collection":[{"href":"https:\/\/www.silentblocks.com\/de\/wp-json\/wp\/v2\/product"}],"about":[{"href":"https:\/\/www.silentblocks.com\/de\/wp-json\/wp\/v2\/types\/product"}],"version-history":[{"count":0,"href":"https:\/\/www.silentblocks.com\/de\/wp-json\/wp\/v2\/product\/82956\/revisions"}],"wp:featuredmedia":[{"embeddable":true,"href":"https:\/\/www.silentblocks.com\/de\/wp-json\/wp\/v2\/media\/119921"}],"wp:attachment":[{"href":"https:\/\/www.silentblocks.com\/de\/wp-json\/wp\/v2\/media?parent=82956"}],"wp:term":[{"taxonomy":"product_brand","embeddable":true,"href":"https:\/\/www.silentblocks.com\/de\/wp-json\/wp\/v2\/product_brand?post=82956"},{"taxonomy":"product_cat","embeddable":true,"href":"https:\/\/www.silentblocks.com\/de\/wp-json\/wp\/v2\/product_cat?post=82956"},{"taxonomy":"product_tag","embeddable":true,"href":"https:\/\/www.silentblocks.com\/de\/wp-json\/wp\/v2\/product_tag?post=82956"}],"curies":[{"name":"wp","href":"https:\/\/api.w.org\/{rel}","templated":true}]}}