{"id":83520,"date":"2023-04-26T22:54:29","date_gmt":"2023-04-26T22:54:29","guid":{"rendered":"https:\/\/www.silentblocks.com\/product\/silentblocs-berceau-avant-renault-21-2\/"},"modified":"2026-02-17T21:24:00","modified_gmt":"2026-02-17T21:24:00","slug":"silentblocs-berceau-avant-renault-21-2","status":"publish","type":"product","link":"https:\/\/www.silentblocks.com\/de\/produkt\/silentblocs-berceau-avant-renault-21-2\/","title":{"rendered":"Motortr\u00e4ger achstr\u00e4ger buchsen, Renault 21"},"content":{"rendered":"<p>4 Buchsen der Motorwiege, kompatibel mit den folgenden Fahrzeugen:<br \/>\nRenault 21<\/p>\n<table style=\"width: 463px;\" border=\"0\" cellspacing=\"0\" cellpadding=\"0\">\n<tbody>\n<tr>\n<td width=\"191\"><strong>RENAULT<\/strong><\/td>\n<td width=\"80\">\n<p align=\"center\"><strong>Motorcode<\/strong><\/p>\n<\/td>\n<td width=\"64\">\n<p align=\"center\"><strong>Treibstoff<\/strong><\/p>\n<\/td>\n<td width=\"64\">\n<p align=\"center\"><strong>Seit<\/strong><\/p>\n<\/td>\n<td width=\"64\">\n<p align=\"center\"><strong>Bis<\/strong><\/p>\n<\/td>\n<\/tr>\n<tr>\n<td nowrap width=\"191\">11 (B\/C37_) 1.1 (B\/C371)<\/td>\n<td nowrap width=\"80\">\n<p align=\"center\">C1E 720<\/p>\n<\/td>\n<td nowrap width=\"64\">\n<p align=\"center\">Benzin<\/p>\n<\/td>\n<td nowrap width=\"64\">\n<p align=\"center\">03 1983<\/p>\n<\/td>\n<td nowrap width=\"64\">\n<p align=\"center\">06 1986<\/p>\n<\/td>\n<\/tr>\n<tr>\n<td nowrap width=\"191\">11 (B\/C37_) 1.1 (B\/C371)<\/td>\n<td nowrap width=\"80\">\n<p align=\"center\">C1E 715<\/p>\n<\/td>\n<td nowrap width=\"64\">\n<p align=\"center\">Benzin<\/p>\n<\/td>\n<td nowrap width=\"64\">\n<p align=\"center\">03 1983<\/p>\n<\/td>\n<td nowrap width=\"64\">\n<p align=\"center\">06 1986<\/p>\n<\/td>\n<\/tr>\n<tr>\n<td nowrap width=\"191\">11 Lieferwagen (S37_) 1.1 (S371)<\/td>\n<td nowrap width=\"80\">\n<p align=\"center\">C1E 720<\/p>\n<\/td>\n<td nowrap width=\"64\">\n<p align=\"center\">Benzin<\/p>\n<\/td>\n<td nowrap width=\"64\">\n<p align=\"center\">03 1983<\/p>\n<\/td>\n<td nowrap width=\"64\">\n<p align=\"center\">06 1986<\/p>\n<\/td>\n<\/tr>\n<tr>\n<td nowrap width=\"191\">11 Lieferwagen (S37_) 1.1 (S371)<\/td>\n<td nowrap width=\"80\">\n<p align=\"center\">C1E 715<\/p>\n<\/td>\n<td nowrap width=\"64\">\n<p align=\"center\">Benzin<\/p>\n<\/td>\n<td nowrap width=\"64\">\n<p align=\"center\">03 1983<\/p>\n<\/td>\n<td nowrap width=\"64\">\n<p align=\"center\">06 1986<\/p>\n<\/td>\n<\/tr>\n<tr>\n<td nowrap width=\"191\">21 (B48_) 1.4 (B48D)<\/td>\n<td nowrap width=\"80\">\n<p align=\"center\">C2J 770<\/p>\n<\/td>\n<td nowrap width=\"64\">\n<p align=\"center\">Benzin<\/p>\n<\/td>\n<td nowrap width=\"64\">\n<p align=\"center\">09 1989<\/p>\n<\/td>\n<td nowrap width=\"64\">\n<p align=\"center\">05 1993<\/p>\n<\/td>\n<\/tr>\n<tr>\n<td nowrap width=\"191\">21 Mit drei B\u00e4nden (L48_) 1.4 (L48D)<\/td>\n<td nowrap width=\"80\">\n<p align=\"center\">C2J 770<\/p>\n<\/td>\n<td nowrap width=\"64\">\n<p align=\"center\">Benzin<\/p>\n<\/td>\n<td nowrap width=\"64\">\n<p align=\"center\">06 1988<\/p>\n<\/td>\n<td nowrap width=\"64\">\n<p align=\"center\">10 1993<\/p>\n<\/td>\n<\/tr>\n<tr>\n<td nowrap width=\"191\">9 (L42_) 1.1 (L421)<\/td>\n<td nowrap width=\"80\">\n<p align=\"center\">C1E 715<\/p>\n<\/td>\n<td nowrap width=\"64\">\n<p align=\"center\">Benzin<\/p>\n<\/td>\n<td nowrap width=\"64\">\n<p align=\"center\">09 1981<\/p>\n<\/td>\n<td nowrap width=\"64\">\n<p align=\"center\">05 1987<\/p>\n<\/td>\n<\/tr>\n<tr>\n<td nowrap width=\"191\">9 (L42_) 1.1 (L421)<\/td>\n<td nowrap width=\"80\">\n<p align=\"center\">C1E 720<\/p>\n<\/td>\n<td nowrap width=\"64\">\n<p align=\"center\">Benzin<\/p>\n<\/td>\n<td nowrap width=\"64\">\n<p align=\"center\">09 1981<\/p>\n<\/td>\n<td nowrap width=\"64\">\n<p align=\"center\">05 1987<\/p>\n<\/td>\n<\/tr>\n<\/tbody>\n<\/table>\n<p><span style=\"font-size: 10pt;\"><span style=\"font-family: Times New Roman; font-size: 12pt;\">Neue Teile, die mit Rechnung verkauft werden. Alle unsere Produkte haben eine Garantie von 2 Jahren. <\/span><\/span><\/p>\n<p>Herstellerreferenzen (OEM-Code) zur Orientierung :<br \/>\n<span style=\"font-size: 10pt;\">  770767684, 7700767686<\/span><\/p>\n","protected":false},"excerpt":{"rendered":"<p>4 Silentblocs Wiege vorne Renault 21<\/p>\n","protected":false},"featured_media":119273,"template":"","meta":[],"product_brand":[],"product_cat":[2224,3455],"product_tag":[],"class_list":{"0":"post-83520","1":"product","2":"type-product","3":"status-publish","4":"has-post-thumbnail","6":"product_cat-renault-de","7":"product_cat-r21-de","9":"first","10":"instock","11":"shipping-taxable","12":"purchasable","13":"product-type-simple"},"yoast_head":"<!-- This site is optimized with the Yoast SEO Premium plugin v23.0 (Yoast SEO v27.4) - https:\/\/yoast.com\/product\/yoast-seo-premium-wordpress\/ -->\n<title>Motortr\u00e4ger achstr\u00e4ger buchsen, Renault 21 - SILENT BLOCKS<\/title>\n<meta name=\"description\" content=\"Buchsen der Motorwiege f\u00fcr Renault 21, kompatibel mit oem 770767684, 7700767686\" \/>\n<meta name=\"robots\" content=\"index, follow, max-snippet:-1, max-image-preview:large, max-video-preview:-1\" \/>\n<link rel=\"canonical\" href=\"https:\/\/www.silentblocks.com\/de\/produkt\/silentblocs-berceau-avant-renault-21-2\/\" \/>\n<meta property=\"og:locale\" content=\"de_DE\" \/>\n<meta property=\"og:type\" content=\"article\" \/>\n<meta property=\"og:title\" content=\"Motortr\u00e4ger achstr\u00e4ger buchsen, Renault 21\" \/>\n<meta property=\"og:description\" content=\"Buchsen der Motorwiege f\u00fcr Renault 21, kompatibel mit oem 770767684, 7700767686\" \/>\n<meta property=\"og:url\" content=\"https:\/\/www.silentblocks.com\/de\/produkt\/silentblocs-berceau-avant-renault-21-2\/\" \/>\n<meta property=\"og:site_name\" content=\"SILENT BLOCKS\" \/>\n<meta property=\"article:modified_time\" content=\"2026-02-17T21:24:00+00:00\" \/>\n<meta property=\"og:image\" content=\"https:\/\/www.silentblocks.com\/wp-content\/uploads\/2026\/02\/silentblocs-berceau-moteur-R21-2.jpg\" \/>\n\t<meta property=\"og:image:width\" content=\"800\" \/>\n\t<meta property=\"og:image:height\" content=\"800\" \/>\n\t<meta property=\"og:image:type\" content=\"image\/jpeg\" \/>\n<meta name=\"twitter:card\" content=\"summary_large_image\" \/>\n<script type=\"application\/ld+json\" class=\"yoast-schema-graph\">{\"@context\":\"https:\\\/\\\/schema.org\",\"@graph\":[{\"@type\":\"WebPage\",\"@id\":\"https:\\\/\\\/www.silentblocks.com\\\/de\\\/produkt\\\/silentblocs-berceau-avant-renault-21-2\\\/\",\"url\":\"https:\\\/\\\/www.silentblocks.com\\\/de\\\/produkt\\\/silentblocs-berceau-avant-renault-21-2\\\/\",\"name\":\"Motortr\u00e4ger achstr\u00e4ger buchsen, Renault 21 - SILENT BLOCKS\",\"isPartOf\":{\"@id\":\"https:\\\/\\\/www.silentblocks.com\\\/de\\\/#website\"},\"primaryImageOfPage\":{\"@id\":\"https:\\\/\\\/www.silentblocks.com\\\/de\\\/produkt\\\/silentblocs-berceau-avant-renault-21-2\\\/#primaryimage\"},\"image\":{\"@id\":\"https:\\\/\\\/www.silentblocks.com\\\/de\\\/produkt\\\/silentblocs-berceau-avant-renault-21-2\\\/#primaryimage\"},\"thumbnailUrl\":\"https:\\\/\\\/www.silentblocks.com\\\/wp-content\\\/uploads\\\/2026\\\/02\\\/silentblocs-berceau-moteur-R21-2.jpg\",\"datePublished\":\"2023-04-26T22:54:29+00:00\",\"dateModified\":\"2026-02-17T21:24:00+00:00\",\"description\":\"Buchsen der Motorwiege f\u00fcr Renault 21, kompatibel mit oem 770767684, 7700767686\",\"breadcrumb\":{\"@id\":\"https:\\\/\\\/www.silentblocks.com\\\/de\\\/produkt\\\/silentblocs-berceau-avant-renault-21-2\\\/#breadcrumb\"},\"inLanguage\":\"de\",\"potentialAction\":[{\"@type\":\"ReadAction\",\"target\":[\"https:\\\/\\\/www.silentblocks.com\\\/de\\\/produkt\\\/silentblocs-berceau-avant-renault-21-2\\\/\"]}]},{\"@type\":\"ImageObject\",\"inLanguage\":\"de\",\"@id\":\"https:\\\/\\\/www.silentblocks.com\\\/de\\\/produkt\\\/silentblocs-berceau-avant-renault-21-2\\\/#primaryimage\",\"url\":\"https:\\\/\\\/www.silentblocks.com\\\/wp-content\\\/uploads\\\/2026\\\/02\\\/silentblocs-berceau-moteur-R21-2.jpg\",\"contentUrl\":\"https:\\\/\\\/www.silentblocks.com\\\/wp-content\\\/uploads\\\/2026\\\/02\\\/silentblocs-berceau-moteur-R21-2.jpg\",\"width\":800,\"height\":800},{\"@type\":\"BreadcrumbList\",\"@id\":\"https:\\\/\\\/www.silentblocks.com\\\/de\\\/produkt\\\/silentblocs-berceau-avant-renault-21-2\\\/#breadcrumb\",\"itemListElement\":[{\"@type\":\"ListItem\",\"position\":1,\"name\":\"In\u00edcio\",\"item\":\"https:\\\/\\\/www.silentblocks.com\\\/de\\\/\"},{\"@type\":\"ListItem\",\"position\":2,\"name\":\"Page boutique\",\"item\":\"https:\\\/\\\/www.silentblocks.com\\\/shop-2\\\/\"},{\"@type\":\"ListItem\",\"position\":3,\"name\":\"Motortr\u00e4ger achstr\u00e4ger buchsen, Renault 21\"}]},{\"@type\":\"WebSite\",\"@id\":\"https:\\\/\\\/www.silentblocks.com\\\/de\\\/#website\",\"url\":\"https:\\\/\\\/www.silentblocks.com\\\/de\\\/\",\"name\":\"SILENTBLOCKS\",\"description\":\"Secure on the road\",\"publisher\":{\"@id\":\"https:\\\/\\\/www.silentblocks.com\\\/de\\\/#organization\"},\"potentialAction\":[{\"@type\":\"SearchAction\",\"target\":{\"@type\":\"EntryPoint\",\"urlTemplate\":\"https:\\\/\\\/www.silentblocks.com\\\/de\\\/?s={search_term_string}\"},\"query-input\":{\"@type\":\"PropertyValueSpecification\",\"valueRequired\":true,\"valueName\":\"search_term_string\"}}],\"inLanguage\":\"de\"},{\"@type\":\"Organization\",\"@id\":\"https:\\\/\\\/www.silentblocks.com\\\/de\\\/#organization\",\"name\":\"SILENTBLOCKS\",\"url\":\"https:\\\/\\\/www.silentblocks.com\\\/de\\\/\",\"logo\":{\"@type\":\"ImageObject\",\"inLanguage\":\"de\",\"@id\":\"https:\\\/\\\/www.silentblocks.com\\\/de\\\/#\\\/schema\\\/logo\\\/image\\\/\",\"url\":\"https:\\\/\\\/www.silentblocks.com\\\/wp-content\\\/uploads\\\/2023\\\/07\\\/logo211-sem-fundo_2012-PARA-BOUTIQUE-EBAY.png\",\"contentUrl\":\"https:\\\/\\\/www.silentblocks.com\\\/wp-content\\\/uploads\\\/2023\\\/07\\\/logo211-sem-fundo_2012-PARA-BOUTIQUE-EBAY.png\",\"width\":300,\"height\":190,\"caption\":\"SILENTBLOCKS\"},\"image\":{\"@id\":\"https:\\\/\\\/www.silentblocks.com\\\/de\\\/#\\\/schema\\\/logo\\\/image\\\/\"}}]}<\/script>\n<!-- \/ Yoast SEO Premium plugin. -->","yoast_head_json":{"title":"Motortr\u00e4ger achstr\u00e4ger buchsen, Renault 21 - SILENT BLOCKS","description":"Buchsen der Motorwiege f\u00fcr Renault 21, kompatibel mit oem 770767684, 7700767686","robots":{"index":"index","follow":"follow","max-snippet":"max-snippet:-1","max-image-preview":"max-image-preview:large","max-video-preview":"max-video-preview:-1"},"canonical":"https:\/\/www.silentblocks.com\/de\/produkt\/silentblocs-berceau-avant-renault-21-2\/","og_locale":"de_DE","og_type":"article","og_title":"Motortr\u00e4ger achstr\u00e4ger buchsen, Renault 21","og_description":"Buchsen der Motorwiege f\u00fcr Renault 21, kompatibel mit oem 770767684, 7700767686","og_url":"https:\/\/www.silentblocks.com\/de\/produkt\/silentblocs-berceau-avant-renault-21-2\/","og_site_name":"SILENT BLOCKS","article_modified_time":"2026-02-17T21:24:00+00:00","og_image":[{"width":800,"height":800,"url":"https:\/\/www.silentblocks.com\/wp-content\/uploads\/2026\/02\/silentblocs-berceau-moteur-R21-2.jpg","type":"image\/jpeg"}],"twitter_card":"summary_large_image","schema":{"@context":"https:\/\/schema.org","@graph":[{"@type":"WebPage","@id":"https:\/\/www.silentblocks.com\/de\/produkt\/silentblocs-berceau-avant-renault-21-2\/","url":"https:\/\/www.silentblocks.com\/de\/produkt\/silentblocs-berceau-avant-renault-21-2\/","name":"Motortr\u00e4ger achstr\u00e4ger buchsen, Renault 21 - SILENT BLOCKS","isPartOf":{"@id":"https:\/\/www.silentblocks.com\/de\/#website"},"primaryImageOfPage":{"@id":"https:\/\/www.silentblocks.com\/de\/produkt\/silentblocs-berceau-avant-renault-21-2\/#primaryimage"},"image":{"@id":"https:\/\/www.silentblocks.com\/de\/produkt\/silentblocs-berceau-avant-renault-21-2\/#primaryimage"},"thumbnailUrl":"https:\/\/www.silentblocks.com\/wp-content\/uploads\/2026\/02\/silentblocs-berceau-moteur-R21-2.jpg","datePublished":"2023-04-26T22:54:29+00:00","dateModified":"2026-02-17T21:24:00+00:00","description":"Buchsen der Motorwiege f\u00fcr Renault 21, kompatibel mit oem 770767684, 7700767686","breadcrumb":{"@id":"https:\/\/www.silentblocks.com\/de\/produkt\/silentblocs-berceau-avant-renault-21-2\/#breadcrumb"},"inLanguage":"de","potentialAction":[{"@type":"ReadAction","target":["https:\/\/www.silentblocks.com\/de\/produkt\/silentblocs-berceau-avant-renault-21-2\/"]}]},{"@type":"ImageObject","inLanguage":"de","@id":"https:\/\/www.silentblocks.com\/de\/produkt\/silentblocs-berceau-avant-renault-21-2\/#primaryimage","url":"https:\/\/www.silentblocks.com\/wp-content\/uploads\/2026\/02\/silentblocs-berceau-moteur-R21-2.jpg","contentUrl":"https:\/\/www.silentblocks.com\/wp-content\/uploads\/2026\/02\/silentblocs-berceau-moteur-R21-2.jpg","width":800,"height":800},{"@type":"BreadcrumbList","@id":"https:\/\/www.silentblocks.com\/de\/produkt\/silentblocs-berceau-avant-renault-21-2\/#breadcrumb","itemListElement":[{"@type":"ListItem","position":1,"name":"In\u00edcio","item":"https:\/\/www.silentblocks.com\/de\/"},{"@type":"ListItem","position":2,"name":"Page boutique","item":"https:\/\/www.silentblocks.com\/shop-2\/"},{"@type":"ListItem","position":3,"name":"Motortr\u00e4ger achstr\u00e4ger buchsen, Renault 21"}]},{"@type":"WebSite","@id":"https:\/\/www.silentblocks.com\/de\/#website","url":"https:\/\/www.silentblocks.com\/de\/","name":"SILENTBLOCKS","description":"Secure on the road","publisher":{"@id":"https:\/\/www.silentblocks.com\/de\/#organization"},"potentialAction":[{"@type":"SearchAction","target":{"@type":"EntryPoint","urlTemplate":"https:\/\/www.silentblocks.com\/de\/?s={search_term_string}"},"query-input":{"@type":"PropertyValueSpecification","valueRequired":true,"valueName":"search_term_string"}}],"inLanguage":"de"},{"@type":"Organization","@id":"https:\/\/www.silentblocks.com\/de\/#organization","name":"SILENTBLOCKS","url":"https:\/\/www.silentblocks.com\/de\/","logo":{"@type":"ImageObject","inLanguage":"de","@id":"https:\/\/www.silentblocks.com\/de\/#\/schema\/logo\/image\/","url":"https:\/\/www.silentblocks.com\/wp-content\/uploads\/2023\/07\/logo211-sem-fundo_2012-PARA-BOUTIQUE-EBAY.png","contentUrl":"https:\/\/www.silentblocks.com\/wp-content\/uploads\/2023\/07\/logo211-sem-fundo_2012-PARA-BOUTIQUE-EBAY.png","width":300,"height":190,"caption":"SILENTBLOCKS"},"image":{"@id":"https:\/\/www.silentblocks.com\/de\/#\/schema\/logo\/image\/"}}]}},"_links":{"self":[{"href":"https:\/\/www.silentblocks.com\/de\/wp-json\/wp\/v2\/product\/83520","targetHints":{"allow":["GET"]}}],"collection":[{"href":"https:\/\/www.silentblocks.com\/de\/wp-json\/wp\/v2\/product"}],"about":[{"href":"https:\/\/www.silentblocks.com\/de\/wp-json\/wp\/v2\/types\/product"}],"version-history":[{"count":0,"href":"https:\/\/www.silentblocks.com\/de\/wp-json\/wp\/v2\/product\/83520\/revisions"}],"wp:featuredmedia":[{"embeddable":true,"href":"https:\/\/www.silentblocks.com\/de\/wp-json\/wp\/v2\/media\/119273"}],"wp:attachment":[{"href":"https:\/\/www.silentblocks.com\/de\/wp-json\/wp\/v2\/media?parent=83520"}],"wp:term":[{"taxonomy":"product_brand","embeddable":true,"href":"https:\/\/www.silentblocks.com\/de\/wp-json\/wp\/v2\/product_brand?post=83520"},{"taxonomy":"product_cat","embeddable":true,"href":"https:\/\/www.silentblocks.com\/de\/wp-json\/wp\/v2\/product_cat?post=83520"},{"taxonomy":"product_tag","embeddable":true,"href":"https:\/\/www.silentblocks.com\/de\/wp-json\/wp\/v2\/product_tag?post=83520"}],"curies":[{"name":"wp","href":"https:\/\/api.w.org\/{rel}","templated":true}]}}