{"id":83626,"date":"2023-04-26T22:54:09","date_gmt":"2023-04-26T22:54:09","guid":{"rendered":"https:\/\/www.silentblocks.com\/product\/silentblocs-arriere-combo-corsa-achse\/"},"modified":"2026-02-17T21:24:17","modified_gmt":"2026-02-17T21:24:17","slug":"silentblocs-arriere-combo-corsa-achse","status":"publish","type":"product","link":"https:\/\/www.silentblocks.com\/de\/produkt\/silentblocs-arriere-combo-corsa-achse\/","title":{"rendered":"Buchsen Hinterachsk\u00f6rper, Combo C, Corsa C, Meriva"},"content":{"rendered":"<p>2 Buchsen f\u00fcr die Hinterachse, passend f\u00fcr folgende Fahrzeuge:<br \/>\nOpel Combo C (10.2003-10.2010)<br \/>\nOpel Corsa C (07.2000-10.2010)<br \/>\nOpel Meriva (05.2003-06.2010)<\/p>\n<p>Herstellerreferenzen (OEM-Code) zur Orientierung :<br \/>\n5402636<\/p>\n<p>Neue Teile, die mit Rechnung verkauft werden. Alle unsere Produkte haben eine Garantie von 2 Jahren.<\/p>\n","protected":false},"excerpt":{"rendered":"<p>2 Silentblocs f\u00fcr die Hinterachse, Opel Combo, Corsa<\/p>\n","protected":false},"featured_media":119081,"template":"","meta":[],"product_brand":[],"product_cat":[2215,1784,2054,3293],"product_tag":[],"class_list":{"0":"post-83626","1":"product","2":"type-product","3":"status-publish","4":"has-post-thumbnail","6":"product_cat-opel-de","7":"product_cat-combo-de","8":"product_cat-corsa-c-de","9":"product_cat-meriva-a-de","11":"first","12":"instock","13":"shipping-taxable","14":"purchasable","15":"product-type-simple"},"yoast_head":"<!-- This site is optimized with the Yoast SEO Premium plugin v23.0 (Yoast SEO v27.4) - https:\/\/yoast.com\/product\/yoast-seo-premium-wordpress\/ -->\n<title>Buchsen Hinterachsk\u00f6rper, Combo C, Corsa C, Meriva - SILENT BLOCKS<\/title>\n<meta name=\"description\" content=\"Buchsen Hinterachse, Hinterachsk\u00f6rper f\u00fcr Opel Combo C, Opel Corsa C, Opel Meriva, OEM-kompatibel 5402636\" \/>\n<meta name=\"robots\" content=\"index, follow, max-snippet:-1, max-image-preview:large, max-video-preview:-1\" \/>\n<link rel=\"canonical\" href=\"https:\/\/www.silentblocks.com\/de\/produkt\/silentblocs-arriere-combo-corsa-achse\/\" \/>\n<meta property=\"og:locale\" content=\"de_DE\" \/>\n<meta property=\"og:type\" content=\"article\" \/>\n<meta property=\"og:title\" content=\"Buchsen Hinterachsk\u00f6rper, Combo C, Corsa C, Meriva\" \/>\n<meta property=\"og:description\" content=\"Buchsen Hinterachse, Hinterachsk\u00f6rper f\u00fcr Opel Combo C, Opel Corsa C, Opel Meriva, OEM-kompatibel 5402636\" \/>\n<meta property=\"og:url\" content=\"https:\/\/www.silentblocks.com\/de\/produkt\/silentblocs-arriere-combo-corsa-achse\/\" \/>\n<meta property=\"og:site_name\" content=\"SILENT BLOCKS\" \/>\n<meta property=\"article:modified_time\" content=\"2026-02-17T21:24:17+00:00\" \/>\n<meta property=\"og:image\" content=\"https:\/\/www.silentblocks.com\/wp-content\/uploads\/2026\/02\/SILENTBLOCS-ESSIEU-ARRIERE-CORSA-C-COMBO-C-2.jpg\" \/>\n\t<meta property=\"og:image:width\" content=\"800\" \/>\n\t<meta property=\"og:image:height\" content=\"800\" \/>\n\t<meta property=\"og:image:type\" content=\"image\/jpeg\" \/>\n<meta name=\"twitter:card\" content=\"summary_large_image\" \/>\n<script type=\"application\/ld+json\" class=\"yoast-schema-graph\">{\"@context\":\"https:\\\/\\\/schema.org\",\"@graph\":[{\"@type\":\"WebPage\",\"@id\":\"https:\\\/\\\/www.silentblocks.com\\\/de\\\/produkt\\\/silentblocs-arriere-combo-corsa-achse\\\/\",\"url\":\"https:\\\/\\\/www.silentblocks.com\\\/de\\\/produkt\\\/silentblocs-arriere-combo-corsa-achse\\\/\",\"name\":\"Buchsen Hinterachsk\u00f6rper, Combo C, Corsa C, Meriva - SILENT BLOCKS\",\"isPartOf\":{\"@id\":\"https:\\\/\\\/www.silentblocks.com\\\/de\\\/#website\"},\"primaryImageOfPage\":{\"@id\":\"https:\\\/\\\/www.silentblocks.com\\\/de\\\/produkt\\\/silentblocs-arriere-combo-corsa-achse\\\/#primaryimage\"},\"image\":{\"@id\":\"https:\\\/\\\/www.silentblocks.com\\\/de\\\/produkt\\\/silentblocs-arriere-combo-corsa-achse\\\/#primaryimage\"},\"thumbnailUrl\":\"https:\\\/\\\/www.silentblocks.com\\\/wp-content\\\/uploads\\\/2026\\\/02\\\/SILENTBLOCS-ESSIEU-ARRIERE-CORSA-C-COMBO-C-2.jpg\",\"datePublished\":\"2023-04-26T22:54:09+00:00\",\"dateModified\":\"2026-02-17T21:24:17+00:00\",\"description\":\"Buchsen Hinterachse, Hinterachsk\u00f6rper f\u00fcr Opel Combo C, Opel Corsa C, Opel Meriva, OEM-kompatibel 5402636\",\"breadcrumb\":{\"@id\":\"https:\\\/\\\/www.silentblocks.com\\\/de\\\/produkt\\\/silentblocs-arriere-combo-corsa-achse\\\/#breadcrumb\"},\"inLanguage\":\"de\",\"potentialAction\":[{\"@type\":\"ReadAction\",\"target\":[\"https:\\\/\\\/www.silentblocks.com\\\/de\\\/produkt\\\/silentblocs-arriere-combo-corsa-achse\\\/\"]}]},{\"@type\":\"ImageObject\",\"inLanguage\":\"de\",\"@id\":\"https:\\\/\\\/www.silentblocks.com\\\/de\\\/produkt\\\/silentblocs-arriere-combo-corsa-achse\\\/#primaryimage\",\"url\":\"https:\\\/\\\/www.silentblocks.com\\\/wp-content\\\/uploads\\\/2026\\\/02\\\/SILENTBLOCS-ESSIEU-ARRIERE-CORSA-C-COMBO-C-2.jpg\",\"contentUrl\":\"https:\\\/\\\/www.silentblocks.com\\\/wp-content\\\/uploads\\\/2026\\\/02\\\/SILENTBLOCS-ESSIEU-ARRIERE-CORSA-C-COMBO-C-2.jpg\",\"width\":800,\"height\":800},{\"@type\":\"BreadcrumbList\",\"@id\":\"https:\\\/\\\/www.silentblocks.com\\\/de\\\/produkt\\\/silentblocs-arriere-combo-corsa-achse\\\/#breadcrumb\",\"itemListElement\":[{\"@type\":\"ListItem\",\"position\":1,\"name\":\"In\u00edcio\",\"item\":\"https:\\\/\\\/www.silentblocks.com\\\/de\\\/\"},{\"@type\":\"ListItem\",\"position\":2,\"name\":\"Page boutique\",\"item\":\"https:\\\/\\\/www.silentblocks.com\\\/shop-2\\\/\"},{\"@type\":\"ListItem\",\"position\":3,\"name\":\"Buchsen Hinterachsk\u00f6rper, Combo C, Corsa C, Meriva\"}]},{\"@type\":\"WebSite\",\"@id\":\"https:\\\/\\\/www.silentblocks.com\\\/de\\\/#website\",\"url\":\"https:\\\/\\\/www.silentblocks.com\\\/de\\\/\",\"name\":\"SILENTBLOCKS\",\"description\":\"Secure on the road\",\"publisher\":{\"@id\":\"https:\\\/\\\/www.silentblocks.com\\\/de\\\/#organization\"},\"potentialAction\":[{\"@type\":\"SearchAction\",\"target\":{\"@type\":\"EntryPoint\",\"urlTemplate\":\"https:\\\/\\\/www.silentblocks.com\\\/de\\\/?s={search_term_string}\"},\"query-input\":{\"@type\":\"PropertyValueSpecification\",\"valueRequired\":true,\"valueName\":\"search_term_string\"}}],\"inLanguage\":\"de\"},{\"@type\":\"Organization\",\"@id\":\"https:\\\/\\\/www.silentblocks.com\\\/de\\\/#organization\",\"name\":\"SILENTBLOCKS\",\"url\":\"https:\\\/\\\/www.silentblocks.com\\\/de\\\/\",\"logo\":{\"@type\":\"ImageObject\",\"inLanguage\":\"de\",\"@id\":\"https:\\\/\\\/www.silentblocks.com\\\/de\\\/#\\\/schema\\\/logo\\\/image\\\/\",\"url\":\"https:\\\/\\\/www.silentblocks.com\\\/wp-content\\\/uploads\\\/2023\\\/07\\\/logo211-sem-fundo_2012-PARA-BOUTIQUE-EBAY.png\",\"contentUrl\":\"https:\\\/\\\/www.silentblocks.com\\\/wp-content\\\/uploads\\\/2023\\\/07\\\/logo211-sem-fundo_2012-PARA-BOUTIQUE-EBAY.png\",\"width\":300,\"height\":190,\"caption\":\"SILENTBLOCKS\"},\"image\":{\"@id\":\"https:\\\/\\\/www.silentblocks.com\\\/de\\\/#\\\/schema\\\/logo\\\/image\\\/\"}}]}<\/script>\n<!-- \/ Yoast SEO Premium plugin. -->","yoast_head_json":{"title":"Buchsen Hinterachsk\u00f6rper, Combo C, Corsa C, Meriva - SILENT BLOCKS","description":"Buchsen Hinterachse, Hinterachsk\u00f6rper f\u00fcr Opel Combo C, Opel Corsa C, Opel Meriva, OEM-kompatibel 5402636","robots":{"index":"index","follow":"follow","max-snippet":"max-snippet:-1","max-image-preview":"max-image-preview:large","max-video-preview":"max-video-preview:-1"},"canonical":"https:\/\/www.silentblocks.com\/de\/produkt\/silentblocs-arriere-combo-corsa-achse\/","og_locale":"de_DE","og_type":"article","og_title":"Buchsen Hinterachsk\u00f6rper, Combo C, Corsa C, Meriva","og_description":"Buchsen Hinterachse, Hinterachsk\u00f6rper f\u00fcr Opel Combo C, Opel Corsa C, Opel Meriva, OEM-kompatibel 5402636","og_url":"https:\/\/www.silentblocks.com\/de\/produkt\/silentblocs-arriere-combo-corsa-achse\/","og_site_name":"SILENT BLOCKS","article_modified_time":"2026-02-17T21:24:17+00:00","og_image":[{"width":800,"height":800,"url":"https:\/\/www.silentblocks.com\/wp-content\/uploads\/2026\/02\/SILENTBLOCS-ESSIEU-ARRIERE-CORSA-C-COMBO-C-2.jpg","type":"image\/jpeg"}],"twitter_card":"summary_large_image","schema":{"@context":"https:\/\/schema.org","@graph":[{"@type":"WebPage","@id":"https:\/\/www.silentblocks.com\/de\/produkt\/silentblocs-arriere-combo-corsa-achse\/","url":"https:\/\/www.silentblocks.com\/de\/produkt\/silentblocs-arriere-combo-corsa-achse\/","name":"Buchsen Hinterachsk\u00f6rper, Combo C, Corsa C, Meriva - SILENT BLOCKS","isPartOf":{"@id":"https:\/\/www.silentblocks.com\/de\/#website"},"primaryImageOfPage":{"@id":"https:\/\/www.silentblocks.com\/de\/produkt\/silentblocs-arriere-combo-corsa-achse\/#primaryimage"},"image":{"@id":"https:\/\/www.silentblocks.com\/de\/produkt\/silentblocs-arriere-combo-corsa-achse\/#primaryimage"},"thumbnailUrl":"https:\/\/www.silentblocks.com\/wp-content\/uploads\/2026\/02\/SILENTBLOCS-ESSIEU-ARRIERE-CORSA-C-COMBO-C-2.jpg","datePublished":"2023-04-26T22:54:09+00:00","dateModified":"2026-02-17T21:24:17+00:00","description":"Buchsen Hinterachse, Hinterachsk\u00f6rper f\u00fcr Opel Combo C, Opel Corsa C, Opel Meriva, OEM-kompatibel 5402636","breadcrumb":{"@id":"https:\/\/www.silentblocks.com\/de\/produkt\/silentblocs-arriere-combo-corsa-achse\/#breadcrumb"},"inLanguage":"de","potentialAction":[{"@type":"ReadAction","target":["https:\/\/www.silentblocks.com\/de\/produkt\/silentblocs-arriere-combo-corsa-achse\/"]}]},{"@type":"ImageObject","inLanguage":"de","@id":"https:\/\/www.silentblocks.com\/de\/produkt\/silentblocs-arriere-combo-corsa-achse\/#primaryimage","url":"https:\/\/www.silentblocks.com\/wp-content\/uploads\/2026\/02\/SILENTBLOCS-ESSIEU-ARRIERE-CORSA-C-COMBO-C-2.jpg","contentUrl":"https:\/\/www.silentblocks.com\/wp-content\/uploads\/2026\/02\/SILENTBLOCS-ESSIEU-ARRIERE-CORSA-C-COMBO-C-2.jpg","width":800,"height":800},{"@type":"BreadcrumbList","@id":"https:\/\/www.silentblocks.com\/de\/produkt\/silentblocs-arriere-combo-corsa-achse\/#breadcrumb","itemListElement":[{"@type":"ListItem","position":1,"name":"In\u00edcio","item":"https:\/\/www.silentblocks.com\/de\/"},{"@type":"ListItem","position":2,"name":"Page boutique","item":"https:\/\/www.silentblocks.com\/shop-2\/"},{"@type":"ListItem","position":3,"name":"Buchsen Hinterachsk\u00f6rper, Combo C, Corsa C, Meriva"}]},{"@type":"WebSite","@id":"https:\/\/www.silentblocks.com\/de\/#website","url":"https:\/\/www.silentblocks.com\/de\/","name":"SILENTBLOCKS","description":"Secure on the road","publisher":{"@id":"https:\/\/www.silentblocks.com\/de\/#organization"},"potentialAction":[{"@type":"SearchAction","target":{"@type":"EntryPoint","urlTemplate":"https:\/\/www.silentblocks.com\/de\/?s={search_term_string}"},"query-input":{"@type":"PropertyValueSpecification","valueRequired":true,"valueName":"search_term_string"}}],"inLanguage":"de"},{"@type":"Organization","@id":"https:\/\/www.silentblocks.com\/de\/#organization","name":"SILENTBLOCKS","url":"https:\/\/www.silentblocks.com\/de\/","logo":{"@type":"ImageObject","inLanguage":"de","@id":"https:\/\/www.silentblocks.com\/de\/#\/schema\/logo\/image\/","url":"https:\/\/www.silentblocks.com\/wp-content\/uploads\/2023\/07\/logo211-sem-fundo_2012-PARA-BOUTIQUE-EBAY.png","contentUrl":"https:\/\/www.silentblocks.com\/wp-content\/uploads\/2023\/07\/logo211-sem-fundo_2012-PARA-BOUTIQUE-EBAY.png","width":300,"height":190,"caption":"SILENTBLOCKS"},"image":{"@id":"https:\/\/www.silentblocks.com\/de\/#\/schema\/logo\/image\/"}}]}},"_links":{"self":[{"href":"https:\/\/www.silentblocks.com\/de\/wp-json\/wp\/v2\/product\/83626","targetHints":{"allow":["GET"]}}],"collection":[{"href":"https:\/\/www.silentblocks.com\/de\/wp-json\/wp\/v2\/product"}],"about":[{"href":"https:\/\/www.silentblocks.com\/de\/wp-json\/wp\/v2\/types\/product"}],"version-history":[{"count":0,"href":"https:\/\/www.silentblocks.com\/de\/wp-json\/wp\/v2\/product\/83626\/revisions"}],"wp:featuredmedia":[{"embeddable":true,"href":"https:\/\/www.silentblocks.com\/de\/wp-json\/wp\/v2\/media\/119081"}],"wp:attachment":[{"href":"https:\/\/www.silentblocks.com\/de\/wp-json\/wp\/v2\/media?parent=83626"}],"wp:term":[{"taxonomy":"product_brand","embeddable":true,"href":"https:\/\/www.silentblocks.com\/de\/wp-json\/wp\/v2\/product_brand?post=83626"},{"taxonomy":"product_cat","embeddable":true,"href":"https:\/\/www.silentblocks.com\/de\/wp-json\/wp\/v2\/product_cat?post=83626"},{"taxonomy":"product_tag","embeddable":true,"href":"https:\/\/www.silentblocks.com\/de\/wp-json\/wp\/v2\/product_tag?post=83626"}],"curies":[{"name":"wp","href":"https:\/\/api.w.org\/{rel}","templated":true}]}}