{"id":84069,"date":"2023-04-26T22:53:50","date_gmt":"2023-04-26T22:53:50","guid":{"rendered":"https:\/\/www.silentblocks.com\/product\/gelenk-langswelle-bmw\/"},"modified":"2026-02-17T21:25:36","modified_gmt":"2026-02-17T21:25:36","slug":"gelenk-langswelle-bmw","status":"publish","type":"product","link":"https:\/\/www.silentblocks.com\/de\/produkt\/gelenk-langswelle-bmw\/","title":{"rendered":"Dichtung L\u00e4ngswelle BMW E34, E36, E39, E46"},"content":{"rendered":"<p>L\u00e4ngswellengelenk, kompatibel mit den folgenden Fahrzeugen:<\/p>\n<p>BMW 3 (E36) 1990-2000<br \/>\nBMW 316i, 316g, 318i, 319is, 318TDS, 320i, 323i, 323ti, 325i, 325td, 325tds<\/p>\n<p>BMW 3 (E46) 1998-2006<br \/>\nBMW 316i, 318i, 318ci, 323i<\/p>\n<p>BMW 5 (E34) 1987-1997<br \/>\nBMW 518i, 520i, 520i 24V, 525TD<\/p>\n<p>BMW 5 (E39) 1996-2004<br \/>\nBMW 520i<\/p>\n<p>BMW Z3 (E36\/7\/E36\/8) 1995-2003<br \/>\nMotoren: 1.8, 1.9 und 2.8<\/p>\n<p>&nbsp;<\/p>\n<p>Dicke: 32 mm<br \/>\nInnendurchmesser: 38 mm<br \/>\nAu\u00dfendurchmesser: 110 mm<br \/>\nDurchmesser der Mittell\u00f6cher: 78 mm<\/p>\n<p>Herstellerreferenzen (OEM-Code) zur Orientierung :<br \/>\n26111227410, 05084, 500289<\/p>\n<p>Neue Teile, die mit Rechnung verkauft werden. Alle unsere Produkte haben eine Garantie von 2 Jahren.<\/p>\n","protected":false},"excerpt":{"rendered":"<p>Dichtung L\u00e4ngswelle BMW E34, E36, E39, E46<\/p>\n","protected":false},"featured_media":118751,"template":"","meta":[],"product_brand":[],"product_cat":[2131,1877,1879,1880,1881,1902],"product_tag":[],"class_list":{"0":"post-84069","1":"product","2":"type-product","3":"status-publish","4":"has-post-thumbnail","6":"product_cat-bmw-de","7":"product_cat-serie-3-e36-de","8":"product_cat-serie-3-e46-de","9":"product_cat-serie-5-e34-de","10":"product_cat-serie-5-e39-1995-2004-de","11":"product_cat-z3-de","13":"first","14":"instock","15":"shipping-taxable","16":"purchasable","17":"product-type-simple"},"yoast_head":"<!-- This site is optimized with the Yoast SEO Premium plugin v23.0 (Yoast SEO v27.4) - https:\/\/yoast.com\/product\/yoast-seo-premium-wordpress\/ -->\n<title>Dichtung L\u00e4ngswelle BMW E34, E36, E39, E46 - SILENT BLOCKS<\/title>\n<meta name=\"description\" content=\"Dichtung L\u00e4ngswelle f\u00fcr BMW E34, E36, E39, E46, kompatibel mit oem 26111227410, 05084, 500289\" \/>\n<meta name=\"robots\" content=\"index, follow, max-snippet:-1, max-image-preview:large, max-video-preview:-1\" \/>\n<link rel=\"canonical\" href=\"https:\/\/www.silentblocks.com\/de\/produkt\/gelenk-langswelle-bmw\/\" \/>\n<meta property=\"og:locale\" content=\"de_DE\" \/>\n<meta property=\"og:type\" content=\"article\" \/>\n<meta property=\"og:title\" content=\"Dichtung L\u00e4ngswelle BMW E34, E36, E39, E46\" \/>\n<meta property=\"og:description\" content=\"Dichtung L\u00e4ngswelle f\u00fcr BMW E34, E36, E39, E46, kompatibel mit oem 26111227410, 05084, 500289\" \/>\n<meta property=\"og:url\" content=\"https:\/\/www.silentblocks.com\/de\/produkt\/gelenk-langswelle-bmw\/\" \/>\n<meta property=\"og:site_name\" content=\"SILENT BLOCKS\" \/>\n<meta property=\"article:modified_time\" content=\"2026-02-17T21:25:36+00:00\" \/>\n<meta property=\"og:image\" content=\"https:\/\/www.silentblocks.com\/wp-content\/uploads\/2026\/02\/26111227410-2.jpg\" \/>\n\t<meta property=\"og:image:width\" content=\"1024\" \/>\n\t<meta property=\"og:image:height\" content=\"1024\" \/>\n\t<meta property=\"og:image:type\" content=\"image\/jpeg\" \/>\n<meta name=\"twitter:card\" content=\"summary_large_image\" \/>\n<script type=\"application\/ld+json\" class=\"yoast-schema-graph\">{\"@context\":\"https:\\\/\\\/schema.org\",\"@graph\":[{\"@type\":\"WebPage\",\"@id\":\"https:\\\/\\\/www.silentblocks.com\\\/de\\\/produkt\\\/gelenk-langswelle-bmw\\\/\",\"url\":\"https:\\\/\\\/www.silentblocks.com\\\/de\\\/produkt\\\/gelenk-langswelle-bmw\\\/\",\"name\":\"Dichtung L\u00e4ngswelle BMW E34, E36, E39, E46 - SILENT BLOCKS\",\"isPartOf\":{\"@id\":\"https:\\\/\\\/www.silentblocks.com\\\/de\\\/#website\"},\"primaryImageOfPage\":{\"@id\":\"https:\\\/\\\/www.silentblocks.com\\\/de\\\/produkt\\\/gelenk-langswelle-bmw\\\/#primaryimage\"},\"image\":{\"@id\":\"https:\\\/\\\/www.silentblocks.com\\\/de\\\/produkt\\\/gelenk-langswelle-bmw\\\/#primaryimage\"},\"thumbnailUrl\":\"https:\\\/\\\/www.silentblocks.com\\\/wp-content\\\/uploads\\\/2026\\\/02\\\/26111227410-2.jpg\",\"datePublished\":\"2023-04-26T22:53:50+00:00\",\"dateModified\":\"2026-02-17T21:25:36+00:00\",\"description\":\"Dichtung L\u00e4ngswelle f\u00fcr BMW E34, E36, E39, E46, kompatibel mit oem 26111227410, 05084, 500289\",\"breadcrumb\":{\"@id\":\"https:\\\/\\\/www.silentblocks.com\\\/de\\\/produkt\\\/gelenk-langswelle-bmw\\\/#breadcrumb\"},\"inLanguage\":\"de\",\"potentialAction\":[{\"@type\":\"ReadAction\",\"target\":[\"https:\\\/\\\/www.silentblocks.com\\\/de\\\/produkt\\\/gelenk-langswelle-bmw\\\/\"]}]},{\"@type\":\"ImageObject\",\"inLanguage\":\"de\",\"@id\":\"https:\\\/\\\/www.silentblocks.com\\\/de\\\/produkt\\\/gelenk-langswelle-bmw\\\/#primaryimage\",\"url\":\"https:\\\/\\\/www.silentblocks.com\\\/wp-content\\\/uploads\\\/2026\\\/02\\\/26111227410-2.jpg\",\"contentUrl\":\"https:\\\/\\\/www.silentblocks.com\\\/wp-content\\\/uploads\\\/2026\\\/02\\\/26111227410-2.jpg\",\"width\":1024,\"height\":1024},{\"@type\":\"BreadcrumbList\",\"@id\":\"https:\\\/\\\/www.silentblocks.com\\\/de\\\/produkt\\\/gelenk-langswelle-bmw\\\/#breadcrumb\",\"itemListElement\":[{\"@type\":\"ListItem\",\"position\":1,\"name\":\"In\u00edcio\",\"item\":\"https:\\\/\\\/www.silentblocks.com\\\/de\\\/\"},{\"@type\":\"ListItem\",\"position\":2,\"name\":\"Page boutique\",\"item\":\"https:\\\/\\\/www.silentblocks.com\\\/shop-2\\\/\"},{\"@type\":\"ListItem\",\"position\":3,\"name\":\"Dichtung L\u00e4ngswelle BMW E34, E36, E39, E46\"}]},{\"@type\":\"WebSite\",\"@id\":\"https:\\\/\\\/www.silentblocks.com\\\/de\\\/#website\",\"url\":\"https:\\\/\\\/www.silentblocks.com\\\/de\\\/\",\"name\":\"SILENTBLOCKS\",\"description\":\"Secure on the road\",\"publisher\":{\"@id\":\"https:\\\/\\\/www.silentblocks.com\\\/de\\\/#organization\"},\"potentialAction\":[{\"@type\":\"SearchAction\",\"target\":{\"@type\":\"EntryPoint\",\"urlTemplate\":\"https:\\\/\\\/www.silentblocks.com\\\/de\\\/?s={search_term_string}\"},\"query-input\":{\"@type\":\"PropertyValueSpecification\",\"valueRequired\":true,\"valueName\":\"search_term_string\"}}],\"inLanguage\":\"de\"},{\"@type\":\"Organization\",\"@id\":\"https:\\\/\\\/www.silentblocks.com\\\/de\\\/#organization\",\"name\":\"SILENTBLOCKS\",\"url\":\"https:\\\/\\\/www.silentblocks.com\\\/de\\\/\",\"logo\":{\"@type\":\"ImageObject\",\"inLanguage\":\"de\",\"@id\":\"https:\\\/\\\/www.silentblocks.com\\\/de\\\/#\\\/schema\\\/logo\\\/image\\\/\",\"url\":\"https:\\\/\\\/www.silentblocks.com\\\/wp-content\\\/uploads\\\/2023\\\/07\\\/logo211-sem-fundo_2012-PARA-BOUTIQUE-EBAY.png\",\"contentUrl\":\"https:\\\/\\\/www.silentblocks.com\\\/wp-content\\\/uploads\\\/2023\\\/07\\\/logo211-sem-fundo_2012-PARA-BOUTIQUE-EBAY.png\",\"width\":300,\"height\":190,\"caption\":\"SILENTBLOCKS\"},\"image\":{\"@id\":\"https:\\\/\\\/www.silentblocks.com\\\/de\\\/#\\\/schema\\\/logo\\\/image\\\/\"}}]}<\/script>\n<!-- \/ Yoast SEO Premium plugin. -->","yoast_head_json":{"title":"Dichtung L\u00e4ngswelle BMW E34, E36, E39, E46 - SILENT BLOCKS","description":"Dichtung L\u00e4ngswelle f\u00fcr BMW E34, E36, E39, E46, kompatibel mit oem 26111227410, 05084, 500289","robots":{"index":"index","follow":"follow","max-snippet":"max-snippet:-1","max-image-preview":"max-image-preview:large","max-video-preview":"max-video-preview:-1"},"canonical":"https:\/\/www.silentblocks.com\/de\/produkt\/gelenk-langswelle-bmw\/","og_locale":"de_DE","og_type":"article","og_title":"Dichtung L\u00e4ngswelle BMW E34, E36, E39, E46","og_description":"Dichtung L\u00e4ngswelle f\u00fcr BMW E34, E36, E39, E46, kompatibel mit oem 26111227410, 05084, 500289","og_url":"https:\/\/www.silentblocks.com\/de\/produkt\/gelenk-langswelle-bmw\/","og_site_name":"SILENT BLOCKS","article_modified_time":"2026-02-17T21:25:36+00:00","og_image":[{"width":1024,"height":1024,"url":"https:\/\/www.silentblocks.com\/wp-content\/uploads\/2026\/02\/26111227410-2.jpg","type":"image\/jpeg"}],"twitter_card":"summary_large_image","schema":{"@context":"https:\/\/schema.org","@graph":[{"@type":"WebPage","@id":"https:\/\/www.silentblocks.com\/de\/produkt\/gelenk-langswelle-bmw\/","url":"https:\/\/www.silentblocks.com\/de\/produkt\/gelenk-langswelle-bmw\/","name":"Dichtung L\u00e4ngswelle BMW E34, E36, E39, E46 - SILENT BLOCKS","isPartOf":{"@id":"https:\/\/www.silentblocks.com\/de\/#website"},"primaryImageOfPage":{"@id":"https:\/\/www.silentblocks.com\/de\/produkt\/gelenk-langswelle-bmw\/#primaryimage"},"image":{"@id":"https:\/\/www.silentblocks.com\/de\/produkt\/gelenk-langswelle-bmw\/#primaryimage"},"thumbnailUrl":"https:\/\/www.silentblocks.com\/wp-content\/uploads\/2026\/02\/26111227410-2.jpg","datePublished":"2023-04-26T22:53:50+00:00","dateModified":"2026-02-17T21:25:36+00:00","description":"Dichtung L\u00e4ngswelle f\u00fcr BMW E34, E36, E39, E46, kompatibel mit oem 26111227410, 05084, 500289","breadcrumb":{"@id":"https:\/\/www.silentblocks.com\/de\/produkt\/gelenk-langswelle-bmw\/#breadcrumb"},"inLanguage":"de","potentialAction":[{"@type":"ReadAction","target":["https:\/\/www.silentblocks.com\/de\/produkt\/gelenk-langswelle-bmw\/"]}]},{"@type":"ImageObject","inLanguage":"de","@id":"https:\/\/www.silentblocks.com\/de\/produkt\/gelenk-langswelle-bmw\/#primaryimage","url":"https:\/\/www.silentblocks.com\/wp-content\/uploads\/2026\/02\/26111227410-2.jpg","contentUrl":"https:\/\/www.silentblocks.com\/wp-content\/uploads\/2026\/02\/26111227410-2.jpg","width":1024,"height":1024},{"@type":"BreadcrumbList","@id":"https:\/\/www.silentblocks.com\/de\/produkt\/gelenk-langswelle-bmw\/#breadcrumb","itemListElement":[{"@type":"ListItem","position":1,"name":"In\u00edcio","item":"https:\/\/www.silentblocks.com\/de\/"},{"@type":"ListItem","position":2,"name":"Page boutique","item":"https:\/\/www.silentblocks.com\/shop-2\/"},{"@type":"ListItem","position":3,"name":"Dichtung L\u00e4ngswelle BMW E34, E36, E39, E46"}]},{"@type":"WebSite","@id":"https:\/\/www.silentblocks.com\/de\/#website","url":"https:\/\/www.silentblocks.com\/de\/","name":"SILENTBLOCKS","description":"Secure on the road","publisher":{"@id":"https:\/\/www.silentblocks.com\/de\/#organization"},"potentialAction":[{"@type":"SearchAction","target":{"@type":"EntryPoint","urlTemplate":"https:\/\/www.silentblocks.com\/de\/?s={search_term_string}"},"query-input":{"@type":"PropertyValueSpecification","valueRequired":true,"valueName":"search_term_string"}}],"inLanguage":"de"},{"@type":"Organization","@id":"https:\/\/www.silentblocks.com\/de\/#organization","name":"SILENTBLOCKS","url":"https:\/\/www.silentblocks.com\/de\/","logo":{"@type":"ImageObject","inLanguage":"de","@id":"https:\/\/www.silentblocks.com\/de\/#\/schema\/logo\/image\/","url":"https:\/\/www.silentblocks.com\/wp-content\/uploads\/2023\/07\/logo211-sem-fundo_2012-PARA-BOUTIQUE-EBAY.png","contentUrl":"https:\/\/www.silentblocks.com\/wp-content\/uploads\/2023\/07\/logo211-sem-fundo_2012-PARA-BOUTIQUE-EBAY.png","width":300,"height":190,"caption":"SILENTBLOCKS"},"image":{"@id":"https:\/\/www.silentblocks.com\/de\/#\/schema\/logo\/image\/"}}]}},"_links":{"self":[{"href":"https:\/\/www.silentblocks.com\/de\/wp-json\/wp\/v2\/product\/84069","targetHints":{"allow":["GET"]}}],"collection":[{"href":"https:\/\/www.silentblocks.com\/de\/wp-json\/wp\/v2\/product"}],"about":[{"href":"https:\/\/www.silentblocks.com\/de\/wp-json\/wp\/v2\/types\/product"}],"version-history":[{"count":0,"href":"https:\/\/www.silentblocks.com\/de\/wp-json\/wp\/v2\/product\/84069\/revisions"}],"wp:featuredmedia":[{"embeddable":true,"href":"https:\/\/www.silentblocks.com\/de\/wp-json\/wp\/v2\/media\/118751"}],"wp:attachment":[{"href":"https:\/\/www.silentblocks.com\/de\/wp-json\/wp\/v2\/media?parent=84069"}],"wp:term":[{"taxonomy":"product_brand","embeddable":true,"href":"https:\/\/www.silentblocks.com\/de\/wp-json\/wp\/v2\/product_brand?post=84069"},{"taxonomy":"product_cat","embeddable":true,"href":"https:\/\/www.silentblocks.com\/de\/wp-json\/wp\/v2\/product_cat?post=84069"},{"taxonomy":"product_tag","embeddable":true,"href":"https:\/\/www.silentblocks.com\/de\/wp-json\/wp\/v2\/product_tag?post=84069"}],"curies":[{"name":"wp","href":"https:\/\/api.w.org\/{rel}","templated":true}]}}