{"id":84123,"date":"2023-04-26T22:53:45","date_gmt":"2023-04-26T22:53:45","guid":{"rendered":"https:\/\/www.silentblocks.com\/product\/silentblocs-dampfer-arterien-stilo\/"},"modified":"2026-02-17T21:25:43","modified_gmt":"2026-02-17T21:25:43","slug":"silentblocs-dampfer-arterien-stilo","status":"publish","type":"product","link":"https:\/\/www.silentblocks.com\/de\/produkt\/silentblocs-dampfer-arterien-stilo\/","title":{"rendered":"Hinterer Sto\u00dfd\u00e4mpferbuchsen, Fiat Stilo"},"content":{"rendered":"<p>2 Buchsen f\u00fcr zwei hintere Sto\u00dfd\u00e4mpfer, obere Position, kompatibel mit folgenden Fahrzeugen:<br \/>\nFiat Stilo (01.01.2003-31.08.2008)<br \/>\nModell: 192<br \/>\nMotoren: 1.4&gt;1.9<br \/>\nAu\u00dfendurchmesser: 41,6 (vor der Bestellung pr\u00fcfen)<\/p>\n<p>Herstellerreferenzen (OEM-Code) zur Orientierung :<br \/>\n50705318, 51795361<\/p>\n<p>Neue Teile, die mit Rechnung verkauft werden. Alle unsere Produkte haben eine Garantie von 2 Jahren.<\/p>\n","protected":false},"excerpt":{"rendered":"<p>2 Silentblocs f\u00fcr die beiden hinteren Sto\u00dfd\u00e4mpfer, Fiat Stilo<\/p>\n","protected":false},"featured_media":118669,"template":"","meta":[],"product_brand":[],"product_cat":[2164,2622],"product_tag":[],"class_list":{"0":"post-84123","1":"product","2":"type-product","3":"status-publish","4":"has-post-thumbnail","6":"product_cat-fiat-de","7":"product_cat-stilo-de","9":"first","10":"instock","11":"shipping-taxable","12":"purchasable","13":"product-type-simple"},"yoast_head":"<!-- This site is optimized with the Yoast SEO Premium plugin v23.0 (Yoast SEO v27.4) - https:\/\/yoast.com\/product\/yoast-seo-premium-wordpress\/ -->\n<title>Hinterer Sto\u00dfd\u00e4mpferbuchsen, Fiat Stilo - SILENT BLOCKS<\/title>\n<meta name=\"description\" content=\"Silentblocs der hinteren Sto\u00dfd\u00e4mpfer f\u00fcr Fiat Stilo, kompatibel mit oem 50705318, 51795361\" \/>\n<meta name=\"robots\" content=\"index, follow, max-snippet:-1, max-image-preview:large, max-video-preview:-1\" \/>\n<link rel=\"canonical\" href=\"https:\/\/www.silentblocks.com\/de\/produkt\/silentblocs-dampfer-arterien-stilo\/\" \/>\n<meta property=\"og:locale\" content=\"de_DE\" \/>\n<meta property=\"og:type\" content=\"article\" \/>\n<meta property=\"og:title\" content=\"Hinterer Sto\u00dfd\u00e4mpferbuchsen, Fiat Stilo\" \/>\n<meta property=\"og:description\" content=\"Silentblocs der hinteren Sto\u00dfd\u00e4mpfer f\u00fcr Fiat Stilo, kompatibel mit oem 50705318, 51795361\" \/>\n<meta property=\"og:url\" content=\"https:\/\/www.silentblocks.com\/de\/produkt\/silentblocs-dampfer-arterien-stilo\/\" \/>\n<meta property=\"og:site_name\" content=\"SILENT BLOCKS\" \/>\n<meta property=\"article:modified_time\" content=\"2026-02-17T21:25:43+00:00\" \/>\n<meta property=\"og:image\" content=\"https:\/\/www.silentblocks.com\/wp-content\/uploads\/2026\/02\/stilo-silentbloc-amortisseur-2.jpg\" \/>\n\t<meta property=\"og:image:width\" content=\"800\" \/>\n\t<meta property=\"og:image:height\" content=\"800\" \/>\n\t<meta property=\"og:image:type\" content=\"image\/jpeg\" \/>\n<meta name=\"twitter:card\" content=\"summary_large_image\" \/>\n<script type=\"application\/ld+json\" class=\"yoast-schema-graph\">{\"@context\":\"https:\\\/\\\/schema.org\",\"@graph\":[{\"@type\":\"WebPage\",\"@id\":\"https:\\\/\\\/www.silentblocks.com\\\/de\\\/produkt\\\/silentblocs-dampfer-arterien-stilo\\\/\",\"url\":\"https:\\\/\\\/www.silentblocks.com\\\/de\\\/produkt\\\/silentblocs-dampfer-arterien-stilo\\\/\",\"name\":\"Hinterer Sto\u00dfd\u00e4mpferbuchsen, Fiat Stilo - SILENT BLOCKS\",\"isPartOf\":{\"@id\":\"https:\\\/\\\/www.silentblocks.com\\\/de\\\/#website\"},\"primaryImageOfPage\":{\"@id\":\"https:\\\/\\\/www.silentblocks.com\\\/de\\\/produkt\\\/silentblocs-dampfer-arterien-stilo\\\/#primaryimage\"},\"image\":{\"@id\":\"https:\\\/\\\/www.silentblocks.com\\\/de\\\/produkt\\\/silentblocs-dampfer-arterien-stilo\\\/#primaryimage\"},\"thumbnailUrl\":\"https:\\\/\\\/www.silentblocks.com\\\/wp-content\\\/uploads\\\/2026\\\/02\\\/stilo-silentbloc-amortisseur-2.jpg\",\"datePublished\":\"2023-04-26T22:53:45+00:00\",\"dateModified\":\"2026-02-17T21:25:43+00:00\",\"description\":\"Silentblocs der hinteren Sto\u00dfd\u00e4mpfer f\u00fcr Fiat Stilo, kompatibel mit oem 50705318, 51795361\",\"breadcrumb\":{\"@id\":\"https:\\\/\\\/www.silentblocks.com\\\/de\\\/produkt\\\/silentblocs-dampfer-arterien-stilo\\\/#breadcrumb\"},\"inLanguage\":\"de\",\"potentialAction\":[{\"@type\":\"ReadAction\",\"target\":[\"https:\\\/\\\/www.silentblocks.com\\\/de\\\/produkt\\\/silentblocs-dampfer-arterien-stilo\\\/\"]}]},{\"@type\":\"ImageObject\",\"inLanguage\":\"de\",\"@id\":\"https:\\\/\\\/www.silentblocks.com\\\/de\\\/produkt\\\/silentblocs-dampfer-arterien-stilo\\\/#primaryimage\",\"url\":\"https:\\\/\\\/www.silentblocks.com\\\/wp-content\\\/uploads\\\/2026\\\/02\\\/stilo-silentbloc-amortisseur-2.jpg\",\"contentUrl\":\"https:\\\/\\\/www.silentblocks.com\\\/wp-content\\\/uploads\\\/2026\\\/02\\\/stilo-silentbloc-amortisseur-2.jpg\",\"width\":800,\"height\":800},{\"@type\":\"BreadcrumbList\",\"@id\":\"https:\\\/\\\/www.silentblocks.com\\\/de\\\/produkt\\\/silentblocs-dampfer-arterien-stilo\\\/#breadcrumb\",\"itemListElement\":[{\"@type\":\"ListItem\",\"position\":1,\"name\":\"In\u00edcio\",\"item\":\"https:\\\/\\\/www.silentblocks.com\\\/de\\\/\"},{\"@type\":\"ListItem\",\"position\":2,\"name\":\"Page boutique\",\"item\":\"https:\\\/\\\/www.silentblocks.com\\\/shop-2\\\/\"},{\"@type\":\"ListItem\",\"position\":3,\"name\":\"Hinterer Sto\u00dfd\u00e4mpferbuchsen, Fiat Stilo\"}]},{\"@type\":\"WebSite\",\"@id\":\"https:\\\/\\\/www.silentblocks.com\\\/de\\\/#website\",\"url\":\"https:\\\/\\\/www.silentblocks.com\\\/de\\\/\",\"name\":\"SILENTBLOCKS\",\"description\":\"Secure on the road\",\"publisher\":{\"@id\":\"https:\\\/\\\/www.silentblocks.com\\\/de\\\/#organization\"},\"potentialAction\":[{\"@type\":\"SearchAction\",\"target\":{\"@type\":\"EntryPoint\",\"urlTemplate\":\"https:\\\/\\\/www.silentblocks.com\\\/de\\\/?s={search_term_string}\"},\"query-input\":{\"@type\":\"PropertyValueSpecification\",\"valueRequired\":true,\"valueName\":\"search_term_string\"}}],\"inLanguage\":\"de\"},{\"@type\":\"Organization\",\"@id\":\"https:\\\/\\\/www.silentblocks.com\\\/de\\\/#organization\",\"name\":\"SILENTBLOCKS\",\"url\":\"https:\\\/\\\/www.silentblocks.com\\\/de\\\/\",\"logo\":{\"@type\":\"ImageObject\",\"inLanguage\":\"de\",\"@id\":\"https:\\\/\\\/www.silentblocks.com\\\/de\\\/#\\\/schema\\\/logo\\\/image\\\/\",\"url\":\"https:\\\/\\\/www.silentblocks.com\\\/wp-content\\\/uploads\\\/2023\\\/07\\\/logo211-sem-fundo_2012-PARA-BOUTIQUE-EBAY.png\",\"contentUrl\":\"https:\\\/\\\/www.silentblocks.com\\\/wp-content\\\/uploads\\\/2023\\\/07\\\/logo211-sem-fundo_2012-PARA-BOUTIQUE-EBAY.png\",\"width\":300,\"height\":190,\"caption\":\"SILENTBLOCKS\"},\"image\":{\"@id\":\"https:\\\/\\\/www.silentblocks.com\\\/de\\\/#\\\/schema\\\/logo\\\/image\\\/\"}}]}<\/script>\n<!-- \/ Yoast SEO Premium plugin. -->","yoast_head_json":{"title":"Hinterer Sto\u00dfd\u00e4mpferbuchsen, Fiat Stilo - SILENT BLOCKS","description":"Silentblocs der hinteren Sto\u00dfd\u00e4mpfer f\u00fcr Fiat Stilo, kompatibel mit oem 50705318, 51795361","robots":{"index":"index","follow":"follow","max-snippet":"max-snippet:-1","max-image-preview":"max-image-preview:large","max-video-preview":"max-video-preview:-1"},"canonical":"https:\/\/www.silentblocks.com\/de\/produkt\/silentblocs-dampfer-arterien-stilo\/","og_locale":"de_DE","og_type":"article","og_title":"Hinterer Sto\u00dfd\u00e4mpferbuchsen, Fiat Stilo","og_description":"Silentblocs der hinteren Sto\u00dfd\u00e4mpfer f\u00fcr Fiat Stilo, kompatibel mit oem 50705318, 51795361","og_url":"https:\/\/www.silentblocks.com\/de\/produkt\/silentblocs-dampfer-arterien-stilo\/","og_site_name":"SILENT BLOCKS","article_modified_time":"2026-02-17T21:25:43+00:00","og_image":[{"width":800,"height":800,"url":"https:\/\/www.silentblocks.com\/wp-content\/uploads\/2026\/02\/stilo-silentbloc-amortisseur-2.jpg","type":"image\/jpeg"}],"twitter_card":"summary_large_image","schema":{"@context":"https:\/\/schema.org","@graph":[{"@type":"WebPage","@id":"https:\/\/www.silentblocks.com\/de\/produkt\/silentblocs-dampfer-arterien-stilo\/","url":"https:\/\/www.silentblocks.com\/de\/produkt\/silentblocs-dampfer-arterien-stilo\/","name":"Hinterer Sto\u00dfd\u00e4mpferbuchsen, Fiat Stilo - SILENT BLOCKS","isPartOf":{"@id":"https:\/\/www.silentblocks.com\/de\/#website"},"primaryImageOfPage":{"@id":"https:\/\/www.silentblocks.com\/de\/produkt\/silentblocs-dampfer-arterien-stilo\/#primaryimage"},"image":{"@id":"https:\/\/www.silentblocks.com\/de\/produkt\/silentblocs-dampfer-arterien-stilo\/#primaryimage"},"thumbnailUrl":"https:\/\/www.silentblocks.com\/wp-content\/uploads\/2026\/02\/stilo-silentbloc-amortisseur-2.jpg","datePublished":"2023-04-26T22:53:45+00:00","dateModified":"2026-02-17T21:25:43+00:00","description":"Silentblocs der hinteren Sto\u00dfd\u00e4mpfer f\u00fcr Fiat Stilo, kompatibel mit oem 50705318, 51795361","breadcrumb":{"@id":"https:\/\/www.silentblocks.com\/de\/produkt\/silentblocs-dampfer-arterien-stilo\/#breadcrumb"},"inLanguage":"de","potentialAction":[{"@type":"ReadAction","target":["https:\/\/www.silentblocks.com\/de\/produkt\/silentblocs-dampfer-arterien-stilo\/"]}]},{"@type":"ImageObject","inLanguage":"de","@id":"https:\/\/www.silentblocks.com\/de\/produkt\/silentblocs-dampfer-arterien-stilo\/#primaryimage","url":"https:\/\/www.silentblocks.com\/wp-content\/uploads\/2026\/02\/stilo-silentbloc-amortisseur-2.jpg","contentUrl":"https:\/\/www.silentblocks.com\/wp-content\/uploads\/2026\/02\/stilo-silentbloc-amortisseur-2.jpg","width":800,"height":800},{"@type":"BreadcrumbList","@id":"https:\/\/www.silentblocks.com\/de\/produkt\/silentblocs-dampfer-arterien-stilo\/#breadcrumb","itemListElement":[{"@type":"ListItem","position":1,"name":"In\u00edcio","item":"https:\/\/www.silentblocks.com\/de\/"},{"@type":"ListItem","position":2,"name":"Page boutique","item":"https:\/\/www.silentblocks.com\/shop-2\/"},{"@type":"ListItem","position":3,"name":"Hinterer Sto\u00dfd\u00e4mpferbuchsen, Fiat Stilo"}]},{"@type":"WebSite","@id":"https:\/\/www.silentblocks.com\/de\/#website","url":"https:\/\/www.silentblocks.com\/de\/","name":"SILENTBLOCKS","description":"Secure on the road","publisher":{"@id":"https:\/\/www.silentblocks.com\/de\/#organization"},"potentialAction":[{"@type":"SearchAction","target":{"@type":"EntryPoint","urlTemplate":"https:\/\/www.silentblocks.com\/de\/?s={search_term_string}"},"query-input":{"@type":"PropertyValueSpecification","valueRequired":true,"valueName":"search_term_string"}}],"inLanguage":"de"},{"@type":"Organization","@id":"https:\/\/www.silentblocks.com\/de\/#organization","name":"SILENTBLOCKS","url":"https:\/\/www.silentblocks.com\/de\/","logo":{"@type":"ImageObject","inLanguage":"de","@id":"https:\/\/www.silentblocks.com\/de\/#\/schema\/logo\/image\/","url":"https:\/\/www.silentblocks.com\/wp-content\/uploads\/2023\/07\/logo211-sem-fundo_2012-PARA-BOUTIQUE-EBAY.png","contentUrl":"https:\/\/www.silentblocks.com\/wp-content\/uploads\/2023\/07\/logo211-sem-fundo_2012-PARA-BOUTIQUE-EBAY.png","width":300,"height":190,"caption":"SILENTBLOCKS"},"image":{"@id":"https:\/\/www.silentblocks.com\/de\/#\/schema\/logo\/image\/"}}]}},"_links":{"self":[{"href":"https:\/\/www.silentblocks.com\/de\/wp-json\/wp\/v2\/product\/84123","targetHints":{"allow":["GET"]}}],"collection":[{"href":"https:\/\/www.silentblocks.com\/de\/wp-json\/wp\/v2\/product"}],"about":[{"href":"https:\/\/www.silentblocks.com\/de\/wp-json\/wp\/v2\/types\/product"}],"version-history":[{"count":0,"href":"https:\/\/www.silentblocks.com\/de\/wp-json\/wp\/v2\/product\/84123\/revisions"}],"wp:featuredmedia":[{"embeddable":true,"href":"https:\/\/www.silentblocks.com\/de\/wp-json\/wp\/v2\/media\/118669"}],"wp:attachment":[{"href":"https:\/\/www.silentblocks.com\/de\/wp-json\/wp\/v2\/media?parent=84123"}],"wp:term":[{"taxonomy":"product_brand","embeddable":true,"href":"https:\/\/www.silentblocks.com\/de\/wp-json\/wp\/v2\/product_brand?post=84123"},{"taxonomy":"product_cat","embeddable":true,"href":"https:\/\/www.silentblocks.com\/de\/wp-json\/wp\/v2\/product_cat?post=84123"},{"taxonomy":"product_tag","embeddable":true,"href":"https:\/\/www.silentblocks.com\/de\/wp-json\/wp\/v2\/product_tag?post=84123"}],"curies":[{"name":"wp","href":"https:\/\/api.w.org\/{rel}","templated":true}]}}