{"id":84148,"date":"2023-04-26T22:53:51","date_gmt":"2023-04-26T22:53:51","guid":{"rendered":"https:\/\/www.silentblocks.com\/product\/geschwindigkeitsgetriebe-fiat-halterung\/"},"modified":"2026-02-17T21:25:47","modified_gmt":"2026-02-17T21:25:47","slug":"geschwindigkeitsgetriebe-fiat-halterung","status":"publish","type":"product","link":"https:\/\/www.silentblocks.com\/de\/produkt\/geschwindigkeitsgetriebe-fiat-halterung\/","title":{"rendered":"Halterung f\u00fcr Handschaltgetriebe Fiat Barchetta, Punto 176"},"content":{"rendered":"<p>Halterung f\u00fcr das Schaltgetriebe, passend f\u00fcr die folgenden Fahrzeuge:<\/p>\n<table style=\"width: 456px;\" border=\"0\" cellspacing=\"0\" cellpadding=\"0\">\n<tbody>\n<tr>\n<td width=\"200\">FIAT<\/td>\n<td width=\"64\">\n<p align=\"center\">Motor<\/p>\n<\/td>\n<td width=\"64\">\n<p align=\"center\">Treibstoff<\/p>\n<\/td>\n<td width=\"64\">\n<p align=\"center\">Seit<\/p>\n<\/td>\n<td width=\"64\">\n<p align=\"center\">Bis<\/p>\n<\/td>\n<\/tr>\n<tr>\n<td nowrap width=\"200\">BARCHETTA (183) 1.8 16V<\/td>\n<td nowrap width=\"64\">\n<p align=\"center\">188 A6.000<\/p>\n<\/td>\n<td nowrap width=\"64\">\n<p align=\"center\">Benzin<\/p>\n<\/td>\n<td nowrap width=\"64\">\n<p align=\"center\">04 1995<\/p>\n<\/td>\n<td nowrap width=\"64\">\n<p align=\"center\">05 2005<\/p>\n<\/td>\n<\/tr>\n<tr>\n<td nowrap width=\"200\">BARCHETTA (183) 1.8 16V<\/td>\n<td nowrap width=\"64\">\n<p align=\"center\">183 A1.000<\/p>\n<\/td>\n<td nowrap width=\"64\">\n<p align=\"center\">Benzin<\/p>\n<\/td>\n<td nowrap width=\"64\">\n<p align=\"center\">04 1995<\/p>\n<\/td>\n<td nowrap width=\"64\">\n<p align=\"center\">05 2005<\/p>\n<\/td>\n<\/tr>\n<tr>\n<td nowrap width=\"200\">PUNTO (176) 1.2 16V<\/td>\n<td nowrap width=\"64\">\n<p align=\"center\">176 B9.000<\/p>\n<\/td>\n<td nowrap width=\"64\">\n<p align=\"center\">Benzin<\/p>\n<\/td>\n<td nowrap width=\"64\">\n<p align=\"center\">04 1997<\/p>\n<\/td>\n<td nowrap width=\"64\">\n<p align=\"center\">09 1999<\/p>\n<\/td>\n<\/tr>\n<tr>\n<td nowrap width=\"200\">PUNTO (176) 1.7 TD<\/td>\n<td nowrap width=\"64\">\n<p align=\"center\">176 B7.000<\/p>\n<\/td>\n<td nowrap width=\"64\">\n<p align=\"center\">Diesel<\/p>\n<\/td>\n<td nowrap width=\"64\">\n<p align=\"center\">09 1996<\/p>\n<\/td>\n<td nowrap width=\"64\">\n<p align=\"center\">09 1999<\/p>\n<\/td>\n<\/tr>\n<tr>\n<td nowrap width=\"200\">PUNTO (176) 60 1.2<\/td>\n<td nowrap width=\"64\">\n<p align=\"center\">176 B4.000<\/p>\n<\/td>\n<td nowrap width=\"64\">\n<p align=\"center\">Benzin<\/p>\n<\/td>\n<td nowrap width=\"64\">\n<p align=\"center\">03 1994<\/p>\n<\/td>\n<td nowrap width=\"64\">\n<p align=\"center\">09 1999<\/p>\n<\/td>\n<\/tr>\n<tr>\n<td nowrap width=\"200\">PUNTO (176) 1.4 GT Turbo<\/td>\n<td nowrap width=\"64\">\n<p align=\"center\">176 B6.000<\/p>\n<\/td>\n<td nowrap width=\"64\">\n<p align=\"center\">Benzin<\/p>\n<\/td>\n<td nowrap width=\"64\">\n<p align=\"center\">09 1996<\/p>\n<\/td>\n<td nowrap width=\"64\">\n<p align=\"center\">09 1999<\/p>\n<\/td>\n<\/tr>\n<tr>\n<td nowrap width=\"200\">PUNTO (176) 60 1.2<\/td>\n<td nowrap width=\"64\">\n<p align=\"center\">176 B1.000<\/p>\n<\/td>\n<td nowrap width=\"64\">\n<p align=\"center\">Benzin<\/p>\n<\/td>\n<td nowrap width=\"64\">\n<p align=\"center\">03 1994<\/p>\n<\/td>\n<td nowrap width=\"64\">\n<p align=\"center\">09 1999<\/p>\n<\/td>\n<\/tr>\n<tr>\n<td nowrap width=\"200\">PUNTO (176) 60 1.2<\/td>\n<td nowrap width=\"64\">\n<p align=\"center\">176 A7.000<\/p>\n<\/td>\n<td nowrap width=\"64\">\n<p align=\"center\">Benzin<\/p>\n<\/td>\n<td nowrap width=\"64\">\n<p align=\"center\">01 1994<\/p>\n<\/td>\n<td nowrap width=\"64\">\n<p align=\"center\">09 1999<\/p>\n<\/td>\n<\/tr>\n<tr>\n<td nowrap width=\"200\">PUNTO (176) 1.6<\/td>\n<td nowrap width=\"64\">\n<p align=\"center\">176 A9.000<\/p>\n<\/td>\n<td nowrap width=\"64\">\n<p align=\"center\">Benzin<\/p>\n<\/td>\n<td nowrap width=\"64\">\n<p align=\"center\">01 1994<\/p>\n<\/td>\n<td nowrap width=\"64\">\n<p align=\"center\">04 1997<\/p>\n<\/td>\n<\/tr>\n<tr>\n<td nowrap width=\"200\">PUNTO (176) 75 1.2<\/td>\n<td nowrap width=\"64\">\n<p align=\"center\">176 A8.000<\/p>\n<\/td>\n<td nowrap width=\"64\">\n<p align=\"center\">Benzin<\/p>\n<\/td>\n<td nowrap width=\"64\">\n<p align=\"center\">10 1993<\/p>\n<\/td>\n<td nowrap width=\"64\">\n<p align=\"center\">09 1999<\/p>\n<\/td>\n<\/tr>\n<tr>\n<td nowrap width=\"200\">PUNTO (176) 1.7 TD<\/td>\n<td nowrap width=\"64\">\n<p align=\"center\">176 A3.000<\/p>\n<\/td>\n<td nowrap width=\"64\">\n<p align=\"center\">Diesel<\/p>\n<\/td>\n<td nowrap width=\"64\">\n<p align=\"center\">01 1994<\/p>\n<\/td>\n<td nowrap width=\"64\">\n<p align=\"center\">09 1999<\/p>\n<\/td>\n<\/tr>\n<tr>\n<td nowrap width=\"200\">PUNTO (176) 1.7 D<\/td>\n<td nowrap width=\"64\">\n<p align=\"center\">176 B3.000<\/p>\n<\/td>\n<td nowrap width=\"64\">\n<p align=\"center\">Diesel<\/p>\n<\/td>\n<td nowrap width=\"64\">\n<p align=\"center\">04 1994<\/p>\n<\/td>\n<td nowrap width=\"64\">\n<p align=\"center\">09 1997<\/p>\n<\/td>\n<\/tr>\n<tr>\n<td nowrap width=\"200\">PUNTO (176) 55 1.1<\/td>\n<td nowrap width=\"64\">\n<p align=\"center\">176 B2.000<\/p>\n<\/td>\n<td nowrap width=\"64\">\n<p align=\"center\">Benzin<\/p>\n<\/td>\n<td nowrap width=\"64\">\n<p align=\"center\">09 1993<\/p>\n<\/td>\n<td nowrap width=\"64\">\n<p align=\"center\">09 1999<\/p>\n<\/td>\n<\/tr>\n<tr>\n<td nowrap width=\"200\">PUNTO (176) 1.7 TD<\/td>\n<td nowrap width=\"64\">\n<p align=\"center\">176 A5.000<\/p>\n<\/td>\n<td nowrap width=\"64\">\n<p align=\"center\">Diesel<\/p>\n<\/td>\n<td nowrap width=\"64\">\n<p align=\"center\">01 1994<\/p>\n<\/td>\n<td nowrap width=\"64\">\n<p align=\"center\">09 1999<\/p>\n<\/td>\n<\/tr>\n<tr>\n<td nowrap width=\"200\">PUNTO (176) 55 1.1<\/td>\n<td nowrap width=\"64\">\n<p align=\"center\">176 A6.000<\/p>\n<\/td>\n<td nowrap width=\"64\">\n<p align=\"center\">Benzin<\/p>\n<\/td>\n<td nowrap width=\"64\">\n<p align=\"center\">09 1993<\/p>\n<\/td>\n<td nowrap width=\"64\">\n<p align=\"center\">09 1999<\/p>\n<\/td>\n<\/tr>\n<tr>\n<td nowrap width=\"200\">PUNTO (176) 1.4 GT Turbo<\/td>\n<td nowrap width=\"64\">\n<p align=\"center\">176 A4.000<\/p>\n<\/td>\n<td nowrap width=\"64\">\n<p align=\"center\">Benzin<\/p>\n<\/td>\n<td nowrap width=\"64\">\n<p align=\"center\">01 1994<\/p>\n<\/td>\n<td nowrap width=\"64\">\n<p align=\"center\">09 1996<\/p>\n<\/td>\n<\/tr>\n<tr>\n<td nowrap width=\"200\">PUNTO Cabrio (176C) 60 1.2<\/td>\n<td nowrap width=\"64\">\n<p align=\"center\">176 B4.000<\/p>\n<\/td>\n<td nowrap width=\"64\">\n<p align=\"center\">Benzin<\/p>\n<\/td>\n<td nowrap width=\"64\">\n<p align=\"center\">05 1995<\/p>\n<\/td>\n<td nowrap width=\"64\">\n<p align=\"center\">06 2000<\/p>\n<\/td>\n<\/tr>\n<tr>\n<td nowrap width=\"200\">PUNTO Cabrio (176C) 90 1.6<\/td>\n<td nowrap width=\"64\">\n<p align=\"center\">176 A9.000<\/p>\n<\/td>\n<td nowrap width=\"64\">\n<p align=\"center\">Benzin<\/p>\n<\/td>\n<td nowrap width=\"64\">\n<p align=\"center\">04 1994<\/p>\n<\/td>\n<td nowrap width=\"64\">\n<p align=\"center\">04 1997<\/p>\n<\/td>\n<\/tr>\n<tr>\n<td nowrap width=\"200\">PUNTO Cabrio (176C) 60 1.2<\/td>\n<td nowrap width=\"64\">\n<p align=\"center\">176 B1.000<\/p>\n<\/td>\n<td nowrap width=\"64\">\n<p align=\"center\">Benzin<\/p>\n<\/td>\n<td nowrap width=\"64\">\n<p align=\"center\">05 1995<\/p>\n<\/td>\n<td nowrap width=\"64\">\n<p align=\"center\">06 2000<\/p>\n<\/td>\n<\/tr>\n<tr>\n<td nowrap width=\"200\">PUNTO Cabrio (176C) 60 1.2<\/td>\n<td nowrap width=\"64\">\n<p align=\"center\">176 A7.000<\/p>\n<\/td>\n<td nowrap width=\"64\">\n<p align=\"center\">Benzin<\/p>\n<\/td>\n<td nowrap width=\"64\">\n<p align=\"center\">04 1994<\/p>\n<\/td>\n<td nowrap width=\"64\">\n<p align=\"center\">06 2000<\/p>\n<\/td>\n<\/tr>\n<tr>\n<td nowrap width=\"200\">PUNTO Cabrio (176C) 85 16V 1.2<\/td>\n<td nowrap width=\"64\">\n<p align=\"center\">176 B9.000<\/p>\n<\/td>\n<td nowrap width=\"64\">\n<p align=\"center\">Benzin<\/p>\n<\/td>\n<td nowrap width=\"64\">\n<p align=\"center\">04 1997<\/p>\n<\/td>\n<td nowrap width=\"64\">\n<p align=\"center\">06 2000<\/p>\n<\/td>\n<\/tr>\n<tr>\n<td nowrap width=\"200\">PUNTO Van (176L) 1.1<\/td>\n<td nowrap width=\"64\">\n<p align=\"center\">176 B2.000<\/p>\n<\/td>\n<td nowrap width=\"64\">\n<p align=\"center\">Benzin<\/p>\n<\/td>\n<td nowrap width=\"64\">\n<p align=\"center\">04 1996<\/p>\n<\/td>\n<td nowrap width=\"64\">\n<p align=\"center\">02 2000<\/p>\n<\/td>\n<\/tr>\n<\/tbody>\n<\/table>\n<p>Herstellerreferenzen (OEM-Code) zur Orientierung :<br \/>\n7784313, 7783653<\/p>\n<p>Neue Teile, die mit Rechnung verkauft werden. Alle unsere Produkte haben eine Garantie von 2 Jahren.<\/p>\n","protected":false},"excerpt":{"rendered":"<p>Halter f\u00fcr manuelles Schaltgetriebe Fiat Punto, Barchetta<\/p>\n","protected":false},"featured_media":118805,"template":"","meta":[],"product_brand":[],"product_cat":[2164,2554,2602],"product_tag":[],"class_list":{"0":"post-84148","1":"product","2":"type-product","3":"status-publish","4":"has-post-thumbnail","6":"product_cat-fiat-de","7":"product_cat-barchetta-de","8":"product_cat-punto-176-de","10":"first","11":"instock","12":"shipping-taxable","13":"purchasable","14":"product-type-simple"},"yoast_head":"<!-- This site is optimized with the Yoast SEO Premium plugin v23.0 (Yoast SEO v27.4) - https:\/\/yoast.com\/product\/yoast-seo-premium-wordpress\/ -->\n<title>Halterung f\u00fcr Handschaltgetriebe Fiat Barchetta, Punto 176 - SILENT BLOCKS<\/title>\n<meta name=\"description\" content=\"Halterung Schaltgetriebe f\u00fcr Fiat Barchetta, Fiat Punto 176, kompatibel mit oem 7784313, 7783653\" \/>\n<meta name=\"robots\" content=\"index, follow, max-snippet:-1, max-image-preview:large, max-video-preview:-1\" \/>\n<link rel=\"canonical\" href=\"https:\/\/www.silentblocks.com\/de\/produkt\/geschwindigkeitsgetriebe-fiat-halterung\/\" \/>\n<meta property=\"og:locale\" content=\"de_DE\" \/>\n<meta property=\"og:type\" content=\"article\" \/>\n<meta property=\"og:title\" content=\"Halterung f\u00fcr Handschaltgetriebe Fiat Barchetta, Punto 176\" \/>\n<meta property=\"og:description\" content=\"Halterung Schaltgetriebe f\u00fcr Fiat Barchetta, Fiat Punto 176, kompatibel mit oem 7784313, 7783653\" \/>\n<meta property=\"og:url\" content=\"https:\/\/www.silentblocks.com\/de\/produkt\/geschwindigkeitsgetriebe-fiat-halterung\/\" \/>\n<meta property=\"og:site_name\" content=\"SILENT BLOCKS\" \/>\n<meta property=\"article:modified_time\" content=\"2026-02-17T21:25:47+00:00\" \/>\n<meta property=\"og:image\" content=\"https:\/\/www.silentblocks.com\/wp-content\/uploads\/2026\/02\/support-moteur-arriere-barchetta-punto-176-OEM-7784313-7783653-2.jpg\" \/>\n\t<meta property=\"og:image:width\" content=\"800\" \/>\n\t<meta property=\"og:image:height\" content=\"800\" \/>\n\t<meta property=\"og:image:type\" content=\"image\/jpeg\" \/>\n<meta name=\"twitter:card\" content=\"summary_large_image\" \/>\n<meta name=\"twitter:label1\" content=\"Gesch\u00e4tzte Lesezeit\" \/>\n\t<meta name=\"twitter:data1\" content=\"1\u00a0Minute\" \/>\n<script type=\"application\/ld+json\" class=\"yoast-schema-graph\">{\"@context\":\"https:\\\/\\\/schema.org\",\"@graph\":[{\"@type\":\"WebPage\",\"@id\":\"https:\\\/\\\/www.silentblocks.com\\\/de\\\/produkt\\\/geschwindigkeitsgetriebe-fiat-halterung\\\/\",\"url\":\"https:\\\/\\\/www.silentblocks.com\\\/de\\\/produkt\\\/geschwindigkeitsgetriebe-fiat-halterung\\\/\",\"name\":\"Halterung f\u00fcr Handschaltgetriebe Fiat Barchetta, Punto 176 - SILENT BLOCKS\",\"isPartOf\":{\"@id\":\"https:\\\/\\\/www.silentblocks.com\\\/de\\\/#website\"},\"primaryImageOfPage\":{\"@id\":\"https:\\\/\\\/www.silentblocks.com\\\/de\\\/produkt\\\/geschwindigkeitsgetriebe-fiat-halterung\\\/#primaryimage\"},\"image\":{\"@id\":\"https:\\\/\\\/www.silentblocks.com\\\/de\\\/produkt\\\/geschwindigkeitsgetriebe-fiat-halterung\\\/#primaryimage\"},\"thumbnailUrl\":\"https:\\\/\\\/www.silentblocks.com\\\/wp-content\\\/uploads\\\/2026\\\/02\\\/support-moteur-arriere-barchetta-punto-176-OEM-7784313-7783653-2.jpg\",\"datePublished\":\"2023-04-26T22:53:51+00:00\",\"dateModified\":\"2026-02-17T21:25:47+00:00\",\"description\":\"Halterung Schaltgetriebe f\u00fcr Fiat Barchetta, Fiat Punto 176, kompatibel mit oem 7784313, 7783653\",\"breadcrumb\":{\"@id\":\"https:\\\/\\\/www.silentblocks.com\\\/de\\\/produkt\\\/geschwindigkeitsgetriebe-fiat-halterung\\\/#breadcrumb\"},\"inLanguage\":\"de\",\"potentialAction\":[{\"@type\":\"ReadAction\",\"target\":[\"https:\\\/\\\/www.silentblocks.com\\\/de\\\/produkt\\\/geschwindigkeitsgetriebe-fiat-halterung\\\/\"]}]},{\"@type\":\"ImageObject\",\"inLanguage\":\"de\",\"@id\":\"https:\\\/\\\/www.silentblocks.com\\\/de\\\/produkt\\\/geschwindigkeitsgetriebe-fiat-halterung\\\/#primaryimage\",\"url\":\"https:\\\/\\\/www.silentblocks.com\\\/wp-content\\\/uploads\\\/2026\\\/02\\\/support-moteur-arriere-barchetta-punto-176-OEM-7784313-7783653-2.jpg\",\"contentUrl\":\"https:\\\/\\\/www.silentblocks.com\\\/wp-content\\\/uploads\\\/2026\\\/02\\\/support-moteur-arriere-barchetta-punto-176-OEM-7784313-7783653-2.jpg\",\"width\":800,\"height\":800},{\"@type\":\"BreadcrumbList\",\"@id\":\"https:\\\/\\\/www.silentblocks.com\\\/de\\\/produkt\\\/geschwindigkeitsgetriebe-fiat-halterung\\\/#breadcrumb\",\"itemListElement\":[{\"@type\":\"ListItem\",\"position\":1,\"name\":\"In\u00edcio\",\"item\":\"https:\\\/\\\/www.silentblocks.com\\\/de\\\/\"},{\"@type\":\"ListItem\",\"position\":2,\"name\":\"Page boutique\",\"item\":\"https:\\\/\\\/www.silentblocks.com\\\/shop-2\\\/\"},{\"@type\":\"ListItem\",\"position\":3,\"name\":\"Halterung f\u00fcr Handschaltgetriebe Fiat Barchetta, Punto 176\"}]},{\"@type\":\"WebSite\",\"@id\":\"https:\\\/\\\/www.silentblocks.com\\\/de\\\/#website\",\"url\":\"https:\\\/\\\/www.silentblocks.com\\\/de\\\/\",\"name\":\"SILENTBLOCKS\",\"description\":\"Secure on the road\",\"publisher\":{\"@id\":\"https:\\\/\\\/www.silentblocks.com\\\/de\\\/#organization\"},\"potentialAction\":[{\"@type\":\"SearchAction\",\"target\":{\"@type\":\"EntryPoint\",\"urlTemplate\":\"https:\\\/\\\/www.silentblocks.com\\\/de\\\/?s={search_term_string}\"},\"query-input\":{\"@type\":\"PropertyValueSpecification\",\"valueRequired\":true,\"valueName\":\"search_term_string\"}}],\"inLanguage\":\"de\"},{\"@type\":\"Organization\",\"@id\":\"https:\\\/\\\/www.silentblocks.com\\\/de\\\/#organization\",\"name\":\"SILENTBLOCKS\",\"url\":\"https:\\\/\\\/www.silentblocks.com\\\/de\\\/\",\"logo\":{\"@type\":\"ImageObject\",\"inLanguage\":\"de\",\"@id\":\"https:\\\/\\\/www.silentblocks.com\\\/de\\\/#\\\/schema\\\/logo\\\/image\\\/\",\"url\":\"https:\\\/\\\/www.silentblocks.com\\\/wp-content\\\/uploads\\\/2023\\\/07\\\/logo211-sem-fundo_2012-PARA-BOUTIQUE-EBAY.png\",\"contentUrl\":\"https:\\\/\\\/www.silentblocks.com\\\/wp-content\\\/uploads\\\/2023\\\/07\\\/logo211-sem-fundo_2012-PARA-BOUTIQUE-EBAY.png\",\"width\":300,\"height\":190,\"caption\":\"SILENTBLOCKS\"},\"image\":{\"@id\":\"https:\\\/\\\/www.silentblocks.com\\\/de\\\/#\\\/schema\\\/logo\\\/image\\\/\"}}]}<\/script>\n<!-- \/ Yoast SEO Premium plugin. -->","yoast_head_json":{"title":"Halterung f\u00fcr Handschaltgetriebe Fiat Barchetta, Punto 176 - SILENT BLOCKS","description":"Halterung Schaltgetriebe f\u00fcr Fiat Barchetta, Fiat Punto 176, kompatibel mit oem 7784313, 7783653","robots":{"index":"index","follow":"follow","max-snippet":"max-snippet:-1","max-image-preview":"max-image-preview:large","max-video-preview":"max-video-preview:-1"},"canonical":"https:\/\/www.silentblocks.com\/de\/produkt\/geschwindigkeitsgetriebe-fiat-halterung\/","og_locale":"de_DE","og_type":"article","og_title":"Halterung f\u00fcr Handschaltgetriebe Fiat Barchetta, Punto 176","og_description":"Halterung Schaltgetriebe f\u00fcr Fiat Barchetta, Fiat Punto 176, kompatibel mit oem 7784313, 7783653","og_url":"https:\/\/www.silentblocks.com\/de\/produkt\/geschwindigkeitsgetriebe-fiat-halterung\/","og_site_name":"SILENT BLOCKS","article_modified_time":"2026-02-17T21:25:47+00:00","og_image":[{"width":800,"height":800,"url":"https:\/\/www.silentblocks.com\/wp-content\/uploads\/2026\/02\/support-moteur-arriere-barchetta-punto-176-OEM-7784313-7783653-2.jpg","type":"image\/jpeg"}],"twitter_card":"summary_large_image","twitter_misc":{"Gesch\u00e4tzte Lesezeit":"1\u00a0Minute"},"schema":{"@context":"https:\/\/schema.org","@graph":[{"@type":"WebPage","@id":"https:\/\/www.silentblocks.com\/de\/produkt\/geschwindigkeitsgetriebe-fiat-halterung\/","url":"https:\/\/www.silentblocks.com\/de\/produkt\/geschwindigkeitsgetriebe-fiat-halterung\/","name":"Halterung f\u00fcr Handschaltgetriebe Fiat Barchetta, Punto 176 - SILENT BLOCKS","isPartOf":{"@id":"https:\/\/www.silentblocks.com\/de\/#website"},"primaryImageOfPage":{"@id":"https:\/\/www.silentblocks.com\/de\/produkt\/geschwindigkeitsgetriebe-fiat-halterung\/#primaryimage"},"image":{"@id":"https:\/\/www.silentblocks.com\/de\/produkt\/geschwindigkeitsgetriebe-fiat-halterung\/#primaryimage"},"thumbnailUrl":"https:\/\/www.silentblocks.com\/wp-content\/uploads\/2026\/02\/support-moteur-arriere-barchetta-punto-176-OEM-7784313-7783653-2.jpg","datePublished":"2023-04-26T22:53:51+00:00","dateModified":"2026-02-17T21:25:47+00:00","description":"Halterung Schaltgetriebe f\u00fcr Fiat Barchetta, Fiat Punto 176, kompatibel mit oem 7784313, 7783653","breadcrumb":{"@id":"https:\/\/www.silentblocks.com\/de\/produkt\/geschwindigkeitsgetriebe-fiat-halterung\/#breadcrumb"},"inLanguage":"de","potentialAction":[{"@type":"ReadAction","target":["https:\/\/www.silentblocks.com\/de\/produkt\/geschwindigkeitsgetriebe-fiat-halterung\/"]}]},{"@type":"ImageObject","inLanguage":"de","@id":"https:\/\/www.silentblocks.com\/de\/produkt\/geschwindigkeitsgetriebe-fiat-halterung\/#primaryimage","url":"https:\/\/www.silentblocks.com\/wp-content\/uploads\/2026\/02\/support-moteur-arriere-barchetta-punto-176-OEM-7784313-7783653-2.jpg","contentUrl":"https:\/\/www.silentblocks.com\/wp-content\/uploads\/2026\/02\/support-moteur-arriere-barchetta-punto-176-OEM-7784313-7783653-2.jpg","width":800,"height":800},{"@type":"BreadcrumbList","@id":"https:\/\/www.silentblocks.com\/de\/produkt\/geschwindigkeitsgetriebe-fiat-halterung\/#breadcrumb","itemListElement":[{"@type":"ListItem","position":1,"name":"In\u00edcio","item":"https:\/\/www.silentblocks.com\/de\/"},{"@type":"ListItem","position":2,"name":"Page boutique","item":"https:\/\/www.silentblocks.com\/shop-2\/"},{"@type":"ListItem","position":3,"name":"Halterung f\u00fcr Handschaltgetriebe Fiat Barchetta, Punto 176"}]},{"@type":"WebSite","@id":"https:\/\/www.silentblocks.com\/de\/#website","url":"https:\/\/www.silentblocks.com\/de\/","name":"SILENTBLOCKS","description":"Secure on the road","publisher":{"@id":"https:\/\/www.silentblocks.com\/de\/#organization"},"potentialAction":[{"@type":"SearchAction","target":{"@type":"EntryPoint","urlTemplate":"https:\/\/www.silentblocks.com\/de\/?s={search_term_string}"},"query-input":{"@type":"PropertyValueSpecification","valueRequired":true,"valueName":"search_term_string"}}],"inLanguage":"de"},{"@type":"Organization","@id":"https:\/\/www.silentblocks.com\/de\/#organization","name":"SILENTBLOCKS","url":"https:\/\/www.silentblocks.com\/de\/","logo":{"@type":"ImageObject","inLanguage":"de","@id":"https:\/\/www.silentblocks.com\/de\/#\/schema\/logo\/image\/","url":"https:\/\/www.silentblocks.com\/wp-content\/uploads\/2023\/07\/logo211-sem-fundo_2012-PARA-BOUTIQUE-EBAY.png","contentUrl":"https:\/\/www.silentblocks.com\/wp-content\/uploads\/2023\/07\/logo211-sem-fundo_2012-PARA-BOUTIQUE-EBAY.png","width":300,"height":190,"caption":"SILENTBLOCKS"},"image":{"@id":"https:\/\/www.silentblocks.com\/de\/#\/schema\/logo\/image\/"}}]}},"_links":{"self":[{"href":"https:\/\/www.silentblocks.com\/de\/wp-json\/wp\/v2\/product\/84148","targetHints":{"allow":["GET"]}}],"collection":[{"href":"https:\/\/www.silentblocks.com\/de\/wp-json\/wp\/v2\/product"}],"about":[{"href":"https:\/\/www.silentblocks.com\/de\/wp-json\/wp\/v2\/types\/product"}],"version-history":[{"count":0,"href":"https:\/\/www.silentblocks.com\/de\/wp-json\/wp\/v2\/product\/84148\/revisions"}],"wp:featuredmedia":[{"embeddable":true,"href":"https:\/\/www.silentblocks.com\/de\/wp-json\/wp\/v2\/media\/118805"}],"wp:attachment":[{"href":"https:\/\/www.silentblocks.com\/de\/wp-json\/wp\/v2\/media?parent=84148"}],"wp:term":[{"taxonomy":"product_brand","embeddable":true,"href":"https:\/\/www.silentblocks.com\/de\/wp-json\/wp\/v2\/product_brand?post=84148"},{"taxonomy":"product_cat","embeddable":true,"href":"https:\/\/www.silentblocks.com\/de\/wp-json\/wp\/v2\/product_cat?post=84148"},{"taxonomy":"product_tag","embeddable":true,"href":"https:\/\/www.silentblocks.com\/de\/wp-json\/wp\/v2\/product_tag?post=84148"}],"curies":[{"name":"wp","href":"https:\/\/api.w.org\/{rel}","templated":true}]}}