{"id":85527,"date":"2023-04-26T22:52:02","date_gmt":"2023-04-26T22:52:02","guid":{"rendered":"https:\/\/www.silentblocks.com\/product\/kit-suspension-arm-vorne-polyurethan-audi-a3-golf-iv\/"},"modified":"2026-02-17T21:29:39","modified_gmt":"2026-02-17T21:29:39","slug":"kit-suspension-arm-vorne-polyurethan-audi-a3-golf-iv","status":"publish","type":"product","link":"https:\/\/www.silentblocks.com\/de\/produkt\/kit-suspension-arm-vorne-polyurethan-audi-a3-golf-iv\/","title":{"rendered":"Polyurethan-Silentblock-Kit f\u00fcr den vorderen Querlenker Audi A3\/Golf IV"},"content":{"rendered":"<p>Satz mit 2 Silentbl\u00f6cken aus Polyurethan f\u00fcr einen vorderen Querlenker f\u00fcr:<br \/>\nVW Golf MK4 (1997-1999) &#8211; 1.4i, 1.6FSI, 1.6i, 1.8i, 1.9TDI, 2.0i, 2.3i<br \/>\nVW Beetle (1998-1999) &#8211; 1.4i, 1.6i, 1.8i, 1.9TDi, 2.0i, 2.3i<br \/>\nVW Beetle CABRIOLET (2003&gt;) 1.4i, 1.6i, 1.8i, 1.9TDi, 2.0i<br \/>\nVW Golf &amp; VW BORA (1997-2006) &#8211; NICHT ALLE 4 MOTIONEN<br \/>\nVW Bora (1998-2005) &#8211; 1.4i, 1.6FSI, 1.6i, 1.8i, 1.9SDi, 1.9TDi, 2.0i, 2.3i<br \/>\nAudi A3 QUATTRO (1996-1999)<br \/>\nAudi A3 (NICHT QUATTRO) (1996-2003) 1.6i, 1.9i<br \/>\nSeat Leon &amp; Toledo (1999&gt;) -1.4i, 1.6i, 1.8i 1.9SDi, 1.9TDI, 2.3i, 2.8i<br \/>\nSkoda Octavia (NICHT DIE KOMBI) (1996-2007) &#8211; 1.4i, 1.6i, 1.8i, 1.9SDi, 1.9TDi, 2.0i<\/p>\n","protected":false},"excerpt":{"rendered":"<p>Satz von 2 Silentbl\u00f6cken aus Polyurethan f\u00fcr einen vorderen Querlenker Audi A3, VW Golf IV&#8230;<\/p>\n","protected":false},"featured_media":116961,"template":"","meta":[],"product_brand":[],"product_cat":[2128,2326,2230,3532,3535,2233,3545,2254,3756,3783,3810],"product_tag":[],"class_list":{"0":"post-85527","1":"product","2":"type-product","3":"status-publish","4":"has-post-thumbnail","6":"product_cat-audi-de","7":"product_cat-a3-1996-2003-de","8":"product_cat-seat-de","9":"product_cat-leon-de","10":"product_cat-toledo-de","11":"product_cat-skoda-de","12":"product_cat-octavia-de","13":"product_cat-vw-de","14":"product_cat-bora-de","15":"product_cat-golf-iv-de","16":"product_cat-new-beetle-de","18":"first","19":"instock","20":"shipping-taxable","21":"purchasable","22":"product-type-simple"},"yoast_head":"<!-- This site is optimized with the Yoast SEO Premium plugin v23.0 (Yoast SEO v27.4) - https:\/\/yoast.com\/product\/yoast-seo-premium-wordpress\/ -->\n<title>Polyurethan-Silentblock-Kit f\u00fcr den vorderen Querlenker Audi A3\/Golf IV - SILENT BLOCKS<\/title>\n<meta name=\"description\" content=\"Polyurethan-Silentblock-Kit f\u00fcr den vorderen Querlenker f\u00fcr Audi A3, VW Golf IV\" \/>\n<meta name=\"robots\" content=\"index, follow, max-snippet:-1, max-image-preview:large, max-video-preview:-1\" \/>\n<link rel=\"canonical\" href=\"https:\/\/www.silentblocks.com\/de\/produkt\/kit-suspension-arm-vorne-polyurethan-audi-a3-golf-iv\/\" \/>\n<meta property=\"og:locale\" content=\"de_DE\" \/>\n<meta property=\"og:type\" content=\"article\" \/>\n<meta property=\"og:title\" content=\"Polyurethan-Silentblock-Kit f\u00fcr den vorderen Querlenker Audi A3\/Golf IV\" \/>\n<meta property=\"og:description\" content=\"Polyurethan-Silentblock-Kit f\u00fcr den vorderen Querlenker f\u00fcr Audi A3, VW Golf IV\" \/>\n<meta property=\"og:url\" content=\"https:\/\/www.silentblocks.com\/de\/produkt\/kit-suspension-arm-vorne-polyurethan-audi-a3-golf-iv\/\" \/>\n<meta property=\"og:site_name\" content=\"SILENT BLOCKS\" \/>\n<meta property=\"article:modified_time\" content=\"2026-02-17T21:29:39+00:00\" \/>\n<meta property=\"og:image\" content=\"https:\/\/www.silentblocks.com\/wp-content\/uploads\/2026\/02\/221077B221072B-2.jpg\" \/>\n\t<meta property=\"og:image:width\" content=\"1000\" \/>\n\t<meta property=\"og:image:height\" content=\"1000\" \/>\n\t<meta property=\"og:image:type\" content=\"image\/jpeg\" \/>\n<meta name=\"twitter:card\" content=\"summary_large_image\" \/>\n<meta name=\"twitter:label1\" content=\"Gesch\u00e4tzte Lesezeit\" \/>\n\t<meta name=\"twitter:data1\" content=\"1\u00a0Minute\" \/>\n<script type=\"application\/ld+json\" class=\"yoast-schema-graph\">{\"@context\":\"https:\\\/\\\/schema.org\",\"@graph\":[{\"@type\":\"WebPage\",\"@id\":\"https:\\\/\\\/www.silentblocks.com\\\/de\\\/produkt\\\/kit-suspension-arm-vorne-polyurethan-audi-a3-golf-iv\\\/\",\"url\":\"https:\\\/\\\/www.silentblocks.com\\\/de\\\/produkt\\\/kit-suspension-arm-vorne-polyurethan-audi-a3-golf-iv\\\/\",\"name\":\"Polyurethan-Silentblock-Kit f\u00fcr den vorderen Querlenker Audi A3\\\/Golf IV - SILENT BLOCKS\",\"isPartOf\":{\"@id\":\"https:\\\/\\\/www.silentblocks.com\\\/de\\\/#website\"},\"primaryImageOfPage\":{\"@id\":\"https:\\\/\\\/www.silentblocks.com\\\/de\\\/produkt\\\/kit-suspension-arm-vorne-polyurethan-audi-a3-golf-iv\\\/#primaryimage\"},\"image\":{\"@id\":\"https:\\\/\\\/www.silentblocks.com\\\/de\\\/produkt\\\/kit-suspension-arm-vorne-polyurethan-audi-a3-golf-iv\\\/#primaryimage\"},\"thumbnailUrl\":\"https:\\\/\\\/www.silentblocks.com\\\/wp-content\\\/uploads\\\/2026\\\/02\\\/221077B221072B-2.jpg\",\"datePublished\":\"2023-04-26T22:52:02+00:00\",\"dateModified\":\"2026-02-17T21:29:39+00:00\",\"description\":\"Polyurethan-Silentblock-Kit f\u00fcr den vorderen Querlenker f\u00fcr Audi A3, VW Golf IV\",\"breadcrumb\":{\"@id\":\"https:\\\/\\\/www.silentblocks.com\\\/de\\\/produkt\\\/kit-suspension-arm-vorne-polyurethan-audi-a3-golf-iv\\\/#breadcrumb\"},\"inLanguage\":\"de\",\"potentialAction\":[{\"@type\":\"ReadAction\",\"target\":[\"https:\\\/\\\/www.silentblocks.com\\\/de\\\/produkt\\\/kit-suspension-arm-vorne-polyurethan-audi-a3-golf-iv\\\/\"]}]},{\"@type\":\"ImageObject\",\"inLanguage\":\"de\",\"@id\":\"https:\\\/\\\/www.silentblocks.com\\\/de\\\/produkt\\\/kit-suspension-arm-vorne-polyurethan-audi-a3-golf-iv\\\/#primaryimage\",\"url\":\"https:\\\/\\\/www.silentblocks.com\\\/wp-content\\\/uploads\\\/2026\\\/02\\\/221077B221072B-2.jpg\",\"contentUrl\":\"https:\\\/\\\/www.silentblocks.com\\\/wp-content\\\/uploads\\\/2026\\\/02\\\/221077B221072B-2.jpg\",\"width\":1000,\"height\":1000},{\"@type\":\"BreadcrumbList\",\"@id\":\"https:\\\/\\\/www.silentblocks.com\\\/de\\\/produkt\\\/kit-suspension-arm-vorne-polyurethan-audi-a3-golf-iv\\\/#breadcrumb\",\"itemListElement\":[{\"@type\":\"ListItem\",\"position\":1,\"name\":\"In\u00edcio\",\"item\":\"https:\\\/\\\/www.silentblocks.com\\\/de\\\/\"},{\"@type\":\"ListItem\",\"position\":2,\"name\":\"Page boutique\",\"item\":\"https:\\\/\\\/www.silentblocks.com\\\/shop-2\\\/\"},{\"@type\":\"ListItem\",\"position\":3,\"name\":\"Polyurethan-Silentblock-Kit f\u00fcr den vorderen Querlenker Audi A3\\\/Golf IV\"}]},{\"@type\":\"WebSite\",\"@id\":\"https:\\\/\\\/www.silentblocks.com\\\/de\\\/#website\",\"url\":\"https:\\\/\\\/www.silentblocks.com\\\/de\\\/\",\"name\":\"SILENTBLOCKS\",\"description\":\"Secure on the road\",\"publisher\":{\"@id\":\"https:\\\/\\\/www.silentblocks.com\\\/de\\\/#organization\"},\"potentialAction\":[{\"@type\":\"SearchAction\",\"target\":{\"@type\":\"EntryPoint\",\"urlTemplate\":\"https:\\\/\\\/www.silentblocks.com\\\/de\\\/?s={search_term_string}\"},\"query-input\":{\"@type\":\"PropertyValueSpecification\",\"valueRequired\":true,\"valueName\":\"search_term_string\"}}],\"inLanguage\":\"de\"},{\"@type\":\"Organization\",\"@id\":\"https:\\\/\\\/www.silentblocks.com\\\/de\\\/#organization\",\"name\":\"SILENTBLOCKS\",\"url\":\"https:\\\/\\\/www.silentblocks.com\\\/de\\\/\",\"logo\":{\"@type\":\"ImageObject\",\"inLanguage\":\"de\",\"@id\":\"https:\\\/\\\/www.silentblocks.com\\\/de\\\/#\\\/schema\\\/logo\\\/image\\\/\",\"url\":\"https:\\\/\\\/www.silentblocks.com\\\/wp-content\\\/uploads\\\/2023\\\/07\\\/logo211-sem-fundo_2012-PARA-BOUTIQUE-EBAY.png\",\"contentUrl\":\"https:\\\/\\\/www.silentblocks.com\\\/wp-content\\\/uploads\\\/2023\\\/07\\\/logo211-sem-fundo_2012-PARA-BOUTIQUE-EBAY.png\",\"width\":300,\"height\":190,\"caption\":\"SILENTBLOCKS\"},\"image\":{\"@id\":\"https:\\\/\\\/www.silentblocks.com\\\/de\\\/#\\\/schema\\\/logo\\\/image\\\/\"}}]}<\/script>\n<!-- \/ Yoast SEO Premium plugin. -->","yoast_head_json":{"title":"Polyurethan-Silentblock-Kit f\u00fcr den vorderen Querlenker Audi A3\/Golf IV - SILENT BLOCKS","description":"Polyurethan-Silentblock-Kit f\u00fcr den vorderen Querlenker f\u00fcr Audi A3, VW Golf IV","robots":{"index":"index","follow":"follow","max-snippet":"max-snippet:-1","max-image-preview":"max-image-preview:large","max-video-preview":"max-video-preview:-1"},"canonical":"https:\/\/www.silentblocks.com\/de\/produkt\/kit-suspension-arm-vorne-polyurethan-audi-a3-golf-iv\/","og_locale":"de_DE","og_type":"article","og_title":"Polyurethan-Silentblock-Kit f\u00fcr den vorderen Querlenker Audi A3\/Golf IV","og_description":"Polyurethan-Silentblock-Kit f\u00fcr den vorderen Querlenker f\u00fcr Audi A3, VW Golf IV","og_url":"https:\/\/www.silentblocks.com\/de\/produkt\/kit-suspension-arm-vorne-polyurethan-audi-a3-golf-iv\/","og_site_name":"SILENT BLOCKS","article_modified_time":"2026-02-17T21:29:39+00:00","og_image":[{"width":1000,"height":1000,"url":"https:\/\/www.silentblocks.com\/wp-content\/uploads\/2026\/02\/221077B221072B-2.jpg","type":"image\/jpeg"}],"twitter_card":"summary_large_image","twitter_misc":{"Gesch\u00e4tzte Lesezeit":"1\u00a0Minute"},"schema":{"@context":"https:\/\/schema.org","@graph":[{"@type":"WebPage","@id":"https:\/\/www.silentblocks.com\/de\/produkt\/kit-suspension-arm-vorne-polyurethan-audi-a3-golf-iv\/","url":"https:\/\/www.silentblocks.com\/de\/produkt\/kit-suspension-arm-vorne-polyurethan-audi-a3-golf-iv\/","name":"Polyurethan-Silentblock-Kit f\u00fcr den vorderen Querlenker Audi A3\/Golf IV - SILENT BLOCKS","isPartOf":{"@id":"https:\/\/www.silentblocks.com\/de\/#website"},"primaryImageOfPage":{"@id":"https:\/\/www.silentblocks.com\/de\/produkt\/kit-suspension-arm-vorne-polyurethan-audi-a3-golf-iv\/#primaryimage"},"image":{"@id":"https:\/\/www.silentblocks.com\/de\/produkt\/kit-suspension-arm-vorne-polyurethan-audi-a3-golf-iv\/#primaryimage"},"thumbnailUrl":"https:\/\/www.silentblocks.com\/wp-content\/uploads\/2026\/02\/221077B221072B-2.jpg","datePublished":"2023-04-26T22:52:02+00:00","dateModified":"2026-02-17T21:29:39+00:00","description":"Polyurethan-Silentblock-Kit f\u00fcr den vorderen Querlenker f\u00fcr Audi A3, VW Golf IV","breadcrumb":{"@id":"https:\/\/www.silentblocks.com\/de\/produkt\/kit-suspension-arm-vorne-polyurethan-audi-a3-golf-iv\/#breadcrumb"},"inLanguage":"de","potentialAction":[{"@type":"ReadAction","target":["https:\/\/www.silentblocks.com\/de\/produkt\/kit-suspension-arm-vorne-polyurethan-audi-a3-golf-iv\/"]}]},{"@type":"ImageObject","inLanguage":"de","@id":"https:\/\/www.silentblocks.com\/de\/produkt\/kit-suspension-arm-vorne-polyurethan-audi-a3-golf-iv\/#primaryimage","url":"https:\/\/www.silentblocks.com\/wp-content\/uploads\/2026\/02\/221077B221072B-2.jpg","contentUrl":"https:\/\/www.silentblocks.com\/wp-content\/uploads\/2026\/02\/221077B221072B-2.jpg","width":1000,"height":1000},{"@type":"BreadcrumbList","@id":"https:\/\/www.silentblocks.com\/de\/produkt\/kit-suspension-arm-vorne-polyurethan-audi-a3-golf-iv\/#breadcrumb","itemListElement":[{"@type":"ListItem","position":1,"name":"In\u00edcio","item":"https:\/\/www.silentblocks.com\/de\/"},{"@type":"ListItem","position":2,"name":"Page boutique","item":"https:\/\/www.silentblocks.com\/shop-2\/"},{"@type":"ListItem","position":3,"name":"Polyurethan-Silentblock-Kit f\u00fcr den vorderen Querlenker Audi A3\/Golf IV"}]},{"@type":"WebSite","@id":"https:\/\/www.silentblocks.com\/de\/#website","url":"https:\/\/www.silentblocks.com\/de\/","name":"SILENTBLOCKS","description":"Secure on the road","publisher":{"@id":"https:\/\/www.silentblocks.com\/de\/#organization"},"potentialAction":[{"@type":"SearchAction","target":{"@type":"EntryPoint","urlTemplate":"https:\/\/www.silentblocks.com\/de\/?s={search_term_string}"},"query-input":{"@type":"PropertyValueSpecification","valueRequired":true,"valueName":"search_term_string"}}],"inLanguage":"de"},{"@type":"Organization","@id":"https:\/\/www.silentblocks.com\/de\/#organization","name":"SILENTBLOCKS","url":"https:\/\/www.silentblocks.com\/de\/","logo":{"@type":"ImageObject","inLanguage":"de","@id":"https:\/\/www.silentblocks.com\/de\/#\/schema\/logo\/image\/","url":"https:\/\/www.silentblocks.com\/wp-content\/uploads\/2023\/07\/logo211-sem-fundo_2012-PARA-BOUTIQUE-EBAY.png","contentUrl":"https:\/\/www.silentblocks.com\/wp-content\/uploads\/2023\/07\/logo211-sem-fundo_2012-PARA-BOUTIQUE-EBAY.png","width":300,"height":190,"caption":"SILENTBLOCKS"},"image":{"@id":"https:\/\/www.silentblocks.com\/de\/#\/schema\/logo\/image\/"}}]}},"_links":{"self":[{"href":"https:\/\/www.silentblocks.com\/de\/wp-json\/wp\/v2\/product\/85527","targetHints":{"allow":["GET"]}}],"collection":[{"href":"https:\/\/www.silentblocks.com\/de\/wp-json\/wp\/v2\/product"}],"about":[{"href":"https:\/\/www.silentblocks.com\/de\/wp-json\/wp\/v2\/types\/product"}],"version-history":[{"count":0,"href":"https:\/\/www.silentblocks.com\/de\/wp-json\/wp\/v2\/product\/85527\/revisions"}],"wp:featuredmedia":[{"embeddable":true,"href":"https:\/\/www.silentblocks.com\/de\/wp-json\/wp\/v2\/media\/116961"}],"wp:attachment":[{"href":"https:\/\/www.silentblocks.com\/de\/wp-json\/wp\/v2\/media?parent=85527"}],"wp:term":[{"taxonomy":"product_brand","embeddable":true,"href":"https:\/\/www.silentblocks.com\/de\/wp-json\/wp\/v2\/product_brand?post=85527"},{"taxonomy":"product_cat","embeddable":true,"href":"https:\/\/www.silentblocks.com\/de\/wp-json\/wp\/v2\/product_cat?post=85527"},{"taxonomy":"product_tag","embeddable":true,"href":"https:\/\/www.silentblocks.com\/de\/wp-json\/wp\/v2\/product_tag?post=85527"}],"curies":[{"name":"wp","href":"https:\/\/api.w.org\/{rel}","templated":true}]}}