{"id":86667,"date":"2023-04-26T22:50:40","date_gmt":"2023-04-26T22:50:40","guid":{"rendered":"https:\/\/www.silentblocks.com\/product\/silentblocs-de-bar-stabilisator-vor-nissan\/"},"modified":"2026-02-17T21:32:43","modified_gmt":"2026-02-17T21:32:43","slug":"silentblocs-de-bar-stabilisator-vor-nissan","status":"publish","type":"product","link":"https:\/\/www.silentblocks.com\/de\/produkt\/silentblocs-de-bar-stabilisator-vor-nissan\/","title":{"rendered":"Silentblocs f\u00fcr den vorderen Stabilisator Sunny, Primera, Almera, Serena, 100NX, Vanette"},"content":{"rendered":"<p>2 Silentbl\u00f6cke f\u00fcr den vorderen Stabilisator, passend f\u00fcr folgende Fahrzeuge:<\/p>\n<p>Nissan SUNNY (10-1990&gt;)<br \/>\nModelle: N14\/Y10<br \/>\nMotoren: 1.4&gt;2.0<br \/>\nMotorcode: GA14\/GA16D\/SR20D\/CD17\/CD20<\/p>\n<p>Nissan PRIMERA (07-1990&gt;)<br \/>\nModelle: W10<br \/>\nMotoren: 1.6&gt;2.0<br \/>\nMotorcode: GA16D\/SR20D\/CD17\/CD20<\/p>\n<p>Nissan ALMERA (10-1990&gt;10-1995)<br \/>\nModelle: N15<br \/>\nMotoren: 1.4&gt;2.0<br \/>\nMotorcode: GA14\/GA16D\/SR20D\/CD17\/CD20<\/p>\n<p>Nissan SERENA (07-1992&gt;)<br \/>\nModelle: C23M<br \/>\nMotoren: 1.6&gt;2.3<br \/>\nMotorcode: GA16D\/LD20\/SR20D\/LD23D<\/p>\n<p>Nissan VANETTE (09-1992&gt;)<br \/>\nModelle: C23M<br \/>\nMotoren: 2.0&gt;2.3<br \/>\nMotorcode: LD20\/SR20D\/LD23D<\/p>\n<p>Nissan 100NX (03-1990&gt;10-1994)<br \/>\nModelle: B13<br \/>\nMotoren: 1.6&gt;2.0<br \/>\nMotorcode: Alle<\/p>\n<p>(Innendurchmesser: 29mm)<\/p>\n<p>Herstellerreferenzen (OEM-Code) zur Orientierung :<br \/>\n54612-58Y10, 54612-65E00<\/p>\n<p>Neue Teile, die mit Rechnung verkauft werden. Alle unsere Produkte haben eine Garantie von 2 Jahren.<\/p>\n","protected":false},"excerpt":{"rendered":"<p>Silentblocs f\u00fcr den vorderen Stabilisator f\u00fcr Nissan Sunny\/Primera\/Almera\/Serena\/Vanette\/100NX<\/p>\n","protected":false},"featured_media":115637,"template":"","meta":[],"product_brand":[],"product_cat":[2212,3148,3161,3231,3240,3245,3258],"product_tag":[],"class_list":{"0":"post-86667","1":"product","2":"type-product","3":"status-publish","4":"has-post-thumbnail","6":"product_cat-nissan-de","7":"product_cat-100-nx-de","8":"product_cat-almera-de","9":"product_cat-primera-de","10":"product_cat-serena-de","11":"product_cat-sunny-de","12":"product_cat-vanette-de","14":"first","15":"instock","16":"shipping-taxable","17":"purchasable","18":"product-type-simple"},"yoast_head":"<!-- This site is optimized with the Yoast SEO Premium plugin v23.0 (Yoast SEO v27.4) - https:\/\/yoast.com\/product\/yoast-seo-premium-wordpress\/ -->\n<title>Silentblocs f\u00fcr den vorderen Stabilisator Sunny, Primera, Almera, Serena, 100NX, Vanette - SILENT BLOCKS<\/title>\n<meta name=\"description\" content=\"Silentblocks des vorderen Stabilisators, vorderer Stabilisator f\u00fcr Nissan Sunny, Primera, Almera, Serena, 100NX, Vanette, oem 54612-58Y10, 54612-65E00\" \/>\n<meta name=\"robots\" content=\"index, follow, max-snippet:-1, max-image-preview:large, max-video-preview:-1\" \/>\n<link rel=\"canonical\" href=\"https:\/\/www.silentblocks.com\/de\/produkt\/silentblocs-de-bar-stabilisator-vor-nissan\/\" \/>\n<meta property=\"og:locale\" content=\"de_DE\" \/>\n<meta property=\"og:type\" content=\"article\" \/>\n<meta property=\"og:title\" content=\"Silentblocs f\u00fcr den vorderen Stabilisator Sunny, Primera, Almera, Serena, 100NX, Vanette\" \/>\n<meta property=\"og:description\" content=\"Silentblocks des vorderen Stabilisators, vorderer Stabilisator f\u00fcr Nissan Sunny, Primera, Almera, Serena, 100NX, Vanette, oem 54612-58Y10, 54612-65E00\" \/>\n<meta property=\"og:url\" content=\"https:\/\/www.silentblocks.com\/de\/produkt\/silentblocs-de-bar-stabilisator-vor-nissan\/\" \/>\n<meta property=\"og:site_name\" content=\"SILENT BLOCKS\" \/>\n<meta property=\"article:modified_time\" content=\"2026-02-17T21:32:43+00:00\" \/>\n<meta property=\"og:image\" content=\"https:\/\/www.silentblocks.com\/wp-content\/uploads\/2026\/02\/nissan-serena-vanette-2.jpg\" \/>\n\t<meta property=\"og:image:width\" content=\"800\" \/>\n\t<meta property=\"og:image:height\" content=\"800\" \/>\n\t<meta property=\"og:image:type\" content=\"image\/jpeg\" \/>\n<meta name=\"twitter:card\" content=\"summary_large_image\" \/>\n<meta name=\"twitter:label1\" content=\"Gesch\u00e4tzte Lesezeit\" \/>\n\t<meta name=\"twitter:data1\" content=\"1\u00a0Minute\" \/>\n<script type=\"application\/ld+json\" class=\"yoast-schema-graph\">{\"@context\":\"https:\\\/\\\/schema.org\",\"@graph\":[{\"@type\":\"WebPage\",\"@id\":\"https:\\\/\\\/www.silentblocks.com\\\/de\\\/produkt\\\/silentblocs-de-bar-stabilisator-vor-nissan\\\/\",\"url\":\"https:\\\/\\\/www.silentblocks.com\\\/de\\\/produkt\\\/silentblocs-de-bar-stabilisator-vor-nissan\\\/\",\"name\":\"Silentblocs f\u00fcr den vorderen Stabilisator Sunny, Primera, Almera, Serena, 100NX, Vanette - SILENT BLOCKS\",\"isPartOf\":{\"@id\":\"https:\\\/\\\/www.silentblocks.com\\\/de\\\/#website\"},\"primaryImageOfPage\":{\"@id\":\"https:\\\/\\\/www.silentblocks.com\\\/de\\\/produkt\\\/silentblocs-de-bar-stabilisator-vor-nissan\\\/#primaryimage\"},\"image\":{\"@id\":\"https:\\\/\\\/www.silentblocks.com\\\/de\\\/produkt\\\/silentblocs-de-bar-stabilisator-vor-nissan\\\/#primaryimage\"},\"thumbnailUrl\":\"https:\\\/\\\/www.silentblocks.com\\\/wp-content\\\/uploads\\\/2026\\\/02\\\/nissan-serena-vanette-2.jpg\",\"datePublished\":\"2023-04-26T22:50:40+00:00\",\"dateModified\":\"2026-02-17T21:32:43+00:00\",\"description\":\"Silentblocks des vorderen Stabilisators, vorderer Stabilisator f\u00fcr Nissan Sunny, Primera, Almera, Serena, 100NX, Vanette, oem 54612-58Y10, 54612-65E00\",\"breadcrumb\":{\"@id\":\"https:\\\/\\\/www.silentblocks.com\\\/de\\\/produkt\\\/silentblocs-de-bar-stabilisator-vor-nissan\\\/#breadcrumb\"},\"inLanguage\":\"de\",\"potentialAction\":[{\"@type\":\"ReadAction\",\"target\":[\"https:\\\/\\\/www.silentblocks.com\\\/de\\\/produkt\\\/silentblocs-de-bar-stabilisator-vor-nissan\\\/\"]}]},{\"@type\":\"ImageObject\",\"inLanguage\":\"de\",\"@id\":\"https:\\\/\\\/www.silentblocks.com\\\/de\\\/produkt\\\/silentblocs-de-bar-stabilisator-vor-nissan\\\/#primaryimage\",\"url\":\"https:\\\/\\\/www.silentblocks.com\\\/wp-content\\\/uploads\\\/2026\\\/02\\\/nissan-serena-vanette-2.jpg\",\"contentUrl\":\"https:\\\/\\\/www.silentblocks.com\\\/wp-content\\\/uploads\\\/2026\\\/02\\\/nissan-serena-vanette-2.jpg\",\"width\":800,\"height\":800},{\"@type\":\"BreadcrumbList\",\"@id\":\"https:\\\/\\\/www.silentblocks.com\\\/de\\\/produkt\\\/silentblocs-de-bar-stabilisator-vor-nissan\\\/#breadcrumb\",\"itemListElement\":[{\"@type\":\"ListItem\",\"position\":1,\"name\":\"In\u00edcio\",\"item\":\"https:\\\/\\\/www.silentblocks.com\\\/de\\\/\"},{\"@type\":\"ListItem\",\"position\":2,\"name\":\"Page boutique\",\"item\":\"https:\\\/\\\/www.silentblocks.com\\\/shop-2\\\/\"},{\"@type\":\"ListItem\",\"position\":3,\"name\":\"Silentblocs f\u00fcr den vorderen Stabilisator Sunny, Primera, Almera, Serena, 100NX, Vanette\"}]},{\"@type\":\"WebSite\",\"@id\":\"https:\\\/\\\/www.silentblocks.com\\\/de\\\/#website\",\"url\":\"https:\\\/\\\/www.silentblocks.com\\\/de\\\/\",\"name\":\"SILENTBLOCKS\",\"description\":\"Secure on the road\",\"publisher\":{\"@id\":\"https:\\\/\\\/www.silentblocks.com\\\/de\\\/#organization\"},\"potentialAction\":[{\"@type\":\"SearchAction\",\"target\":{\"@type\":\"EntryPoint\",\"urlTemplate\":\"https:\\\/\\\/www.silentblocks.com\\\/de\\\/?s={search_term_string}\"},\"query-input\":{\"@type\":\"PropertyValueSpecification\",\"valueRequired\":true,\"valueName\":\"search_term_string\"}}],\"inLanguage\":\"de\"},{\"@type\":\"Organization\",\"@id\":\"https:\\\/\\\/www.silentblocks.com\\\/de\\\/#organization\",\"name\":\"SILENTBLOCKS\",\"url\":\"https:\\\/\\\/www.silentblocks.com\\\/de\\\/\",\"logo\":{\"@type\":\"ImageObject\",\"inLanguage\":\"de\",\"@id\":\"https:\\\/\\\/www.silentblocks.com\\\/de\\\/#\\\/schema\\\/logo\\\/image\\\/\",\"url\":\"https:\\\/\\\/www.silentblocks.com\\\/wp-content\\\/uploads\\\/2023\\\/07\\\/logo211-sem-fundo_2012-PARA-BOUTIQUE-EBAY.png\",\"contentUrl\":\"https:\\\/\\\/www.silentblocks.com\\\/wp-content\\\/uploads\\\/2023\\\/07\\\/logo211-sem-fundo_2012-PARA-BOUTIQUE-EBAY.png\",\"width\":300,\"height\":190,\"caption\":\"SILENTBLOCKS\"},\"image\":{\"@id\":\"https:\\\/\\\/www.silentblocks.com\\\/de\\\/#\\\/schema\\\/logo\\\/image\\\/\"}}]}<\/script>\n<!-- \/ Yoast SEO Premium plugin. -->","yoast_head_json":{"title":"Silentblocs f\u00fcr den vorderen Stabilisator Sunny, Primera, Almera, Serena, 100NX, Vanette - SILENT BLOCKS","description":"Silentblocks des vorderen Stabilisators, vorderer Stabilisator f\u00fcr Nissan Sunny, Primera, Almera, Serena, 100NX, Vanette, oem 54612-58Y10, 54612-65E00","robots":{"index":"index","follow":"follow","max-snippet":"max-snippet:-1","max-image-preview":"max-image-preview:large","max-video-preview":"max-video-preview:-1"},"canonical":"https:\/\/www.silentblocks.com\/de\/produkt\/silentblocs-de-bar-stabilisator-vor-nissan\/","og_locale":"de_DE","og_type":"article","og_title":"Silentblocs f\u00fcr den vorderen Stabilisator Sunny, Primera, Almera, Serena, 100NX, Vanette","og_description":"Silentblocks des vorderen Stabilisators, vorderer Stabilisator f\u00fcr Nissan Sunny, Primera, Almera, Serena, 100NX, Vanette, oem 54612-58Y10, 54612-65E00","og_url":"https:\/\/www.silentblocks.com\/de\/produkt\/silentblocs-de-bar-stabilisator-vor-nissan\/","og_site_name":"SILENT BLOCKS","article_modified_time":"2026-02-17T21:32:43+00:00","og_image":[{"width":800,"height":800,"url":"https:\/\/www.silentblocks.com\/wp-content\/uploads\/2026\/02\/nissan-serena-vanette-2.jpg","type":"image\/jpeg"}],"twitter_card":"summary_large_image","twitter_misc":{"Gesch\u00e4tzte Lesezeit":"1\u00a0Minute"},"schema":{"@context":"https:\/\/schema.org","@graph":[{"@type":"WebPage","@id":"https:\/\/www.silentblocks.com\/de\/produkt\/silentblocs-de-bar-stabilisator-vor-nissan\/","url":"https:\/\/www.silentblocks.com\/de\/produkt\/silentblocs-de-bar-stabilisator-vor-nissan\/","name":"Silentblocs f\u00fcr den vorderen Stabilisator Sunny, Primera, Almera, Serena, 100NX, Vanette - SILENT BLOCKS","isPartOf":{"@id":"https:\/\/www.silentblocks.com\/de\/#website"},"primaryImageOfPage":{"@id":"https:\/\/www.silentblocks.com\/de\/produkt\/silentblocs-de-bar-stabilisator-vor-nissan\/#primaryimage"},"image":{"@id":"https:\/\/www.silentblocks.com\/de\/produkt\/silentblocs-de-bar-stabilisator-vor-nissan\/#primaryimage"},"thumbnailUrl":"https:\/\/www.silentblocks.com\/wp-content\/uploads\/2026\/02\/nissan-serena-vanette-2.jpg","datePublished":"2023-04-26T22:50:40+00:00","dateModified":"2026-02-17T21:32:43+00:00","description":"Silentblocks des vorderen Stabilisators, vorderer Stabilisator f\u00fcr Nissan Sunny, Primera, Almera, Serena, 100NX, Vanette, oem 54612-58Y10, 54612-65E00","breadcrumb":{"@id":"https:\/\/www.silentblocks.com\/de\/produkt\/silentblocs-de-bar-stabilisator-vor-nissan\/#breadcrumb"},"inLanguage":"de","potentialAction":[{"@type":"ReadAction","target":["https:\/\/www.silentblocks.com\/de\/produkt\/silentblocs-de-bar-stabilisator-vor-nissan\/"]}]},{"@type":"ImageObject","inLanguage":"de","@id":"https:\/\/www.silentblocks.com\/de\/produkt\/silentblocs-de-bar-stabilisator-vor-nissan\/#primaryimage","url":"https:\/\/www.silentblocks.com\/wp-content\/uploads\/2026\/02\/nissan-serena-vanette-2.jpg","contentUrl":"https:\/\/www.silentblocks.com\/wp-content\/uploads\/2026\/02\/nissan-serena-vanette-2.jpg","width":800,"height":800},{"@type":"BreadcrumbList","@id":"https:\/\/www.silentblocks.com\/de\/produkt\/silentblocs-de-bar-stabilisator-vor-nissan\/#breadcrumb","itemListElement":[{"@type":"ListItem","position":1,"name":"In\u00edcio","item":"https:\/\/www.silentblocks.com\/de\/"},{"@type":"ListItem","position":2,"name":"Page boutique","item":"https:\/\/www.silentblocks.com\/shop-2\/"},{"@type":"ListItem","position":3,"name":"Silentblocs f\u00fcr den vorderen Stabilisator Sunny, Primera, Almera, Serena, 100NX, Vanette"}]},{"@type":"WebSite","@id":"https:\/\/www.silentblocks.com\/de\/#website","url":"https:\/\/www.silentblocks.com\/de\/","name":"SILENTBLOCKS","description":"Secure on the road","publisher":{"@id":"https:\/\/www.silentblocks.com\/de\/#organization"},"potentialAction":[{"@type":"SearchAction","target":{"@type":"EntryPoint","urlTemplate":"https:\/\/www.silentblocks.com\/de\/?s={search_term_string}"},"query-input":{"@type":"PropertyValueSpecification","valueRequired":true,"valueName":"search_term_string"}}],"inLanguage":"de"},{"@type":"Organization","@id":"https:\/\/www.silentblocks.com\/de\/#organization","name":"SILENTBLOCKS","url":"https:\/\/www.silentblocks.com\/de\/","logo":{"@type":"ImageObject","inLanguage":"de","@id":"https:\/\/www.silentblocks.com\/de\/#\/schema\/logo\/image\/","url":"https:\/\/www.silentblocks.com\/wp-content\/uploads\/2023\/07\/logo211-sem-fundo_2012-PARA-BOUTIQUE-EBAY.png","contentUrl":"https:\/\/www.silentblocks.com\/wp-content\/uploads\/2023\/07\/logo211-sem-fundo_2012-PARA-BOUTIQUE-EBAY.png","width":300,"height":190,"caption":"SILENTBLOCKS"},"image":{"@id":"https:\/\/www.silentblocks.com\/de\/#\/schema\/logo\/image\/"}}]}},"_links":{"self":[{"href":"https:\/\/www.silentblocks.com\/de\/wp-json\/wp\/v2\/product\/86667","targetHints":{"allow":["GET"]}}],"collection":[{"href":"https:\/\/www.silentblocks.com\/de\/wp-json\/wp\/v2\/product"}],"about":[{"href":"https:\/\/www.silentblocks.com\/de\/wp-json\/wp\/v2\/types\/product"}],"version-history":[{"count":0,"href":"https:\/\/www.silentblocks.com\/de\/wp-json\/wp\/v2\/product\/86667\/revisions"}],"wp:featuredmedia":[{"embeddable":true,"href":"https:\/\/www.silentblocks.com\/de\/wp-json\/wp\/v2\/media\/115637"}],"wp:attachment":[{"href":"https:\/\/www.silentblocks.com\/de\/wp-json\/wp\/v2\/media?parent=86667"}],"wp:term":[{"taxonomy":"product_brand","embeddable":true,"href":"https:\/\/www.silentblocks.com\/de\/wp-json\/wp\/v2\/product_brand?post=86667"},{"taxonomy":"product_cat","embeddable":true,"href":"https:\/\/www.silentblocks.com\/de\/wp-json\/wp\/v2\/product_cat?post=86667"},{"taxonomy":"product_tag","embeddable":true,"href":"https:\/\/www.silentblocks.com\/de\/wp-json\/wp\/v2\/product_tag?post=86667"}],"curies":[{"name":"wp","href":"https:\/\/api.w.org\/{rel}","templated":true}]}}