{"id":87311,"date":"2023-04-26T22:49:46","date_gmt":"2023-04-26T22:49:46","guid":{"rendered":"https:\/\/www.silentblocks.com\/product\/silentblocs-bras-avant-chrysler-pt-neon-2\/"},"modified":"2026-02-17T21:34:32","modified_gmt":"2026-02-17T21:34:32","slug":"silentblocs-bras-avant-chrysler-pt-neon-2","status":"publish","type":"product","link":"https:\/\/www.silentblocks.com\/de\/produkt\/silentblocs-bras-avant-chrysler-pt-neon-2\/","title":{"rendered":"Silentblocs Vorderarm f\u00fcr Chrysler PT Cruiser, Neon"},"content":{"rendered":"<p>Silentblocs f\u00fcr das vordere Dreieck, kompatibel mit den folgenden Fahrzeugen:<br \/>\nChrysler Neon (08.1999-12.2006)<br \/>\nModelle: II<\/p>\n<p>Chrysler Pt-Cruiser (06.2000-12.2010)<br \/>\nModelle: PT<\/p>\n<p>Herstellerreferenzen (OEM-Code) zur Orientierung :<br \/>\n04656012AF, 04656012AB, 4656731AN, 4656730AN<\/p>\n<p>Neue Teile, die mit Rechnung verkauft werden. Alle unsere Produkte haben eine Garantie von 2 Jahren.<\/p>\n","protected":false},"excerpt":{"rendered":"<p>2 Silentblocs Frontlenker, Chrysler PT Cruiser \/ Neon<\/p>\n","protected":false},"featured_media":115041,"template":"","meta":[],"product_brand":[],"product_cat":[2143,2419,2422],"product_tag":[],"class_list":{"0":"post-87311","1":"product","2":"type-product","3":"status-publish","4":"has-post-thumbnail","6":"product_cat-chrysler-de","7":"product_cat-neon-de","8":"product_cat-pt-cruiser-de","10":"first","11":"instock","12":"shipping-taxable","13":"purchasable","14":"product-type-simple"},"yoast_head":"<!-- This site is optimized with the Yoast SEO Premium plugin v23.0 (Yoast SEO v27.4) - https:\/\/yoast.com\/product\/yoast-seo-premium-wordpress\/ -->\n<title>Silentblocs Vorderarm f\u00fcr Chrysler PT Cruiser, Neon - SILENT BLOCKS<\/title>\n<meta name=\"description\" content=\"Silentblocks f\u00fcr Frontlenker f\u00fcr Chrysler PT Cruiser, Chrysler Neon, kompatibel mit OEM 04656012AF, 04656012AB, 4656731AN, 4656730AN\" \/>\n<meta name=\"robots\" content=\"index, follow, max-snippet:-1, max-image-preview:large, max-video-preview:-1\" \/>\n<link rel=\"canonical\" href=\"https:\/\/www.silentblocks.com\/de\/produkt\/silentblocs-bras-avant-chrysler-pt-neon-2\/\" \/>\n<meta property=\"og:locale\" content=\"de_DE\" \/>\n<meta property=\"og:type\" content=\"article\" \/>\n<meta property=\"og:title\" content=\"Silentblocs Vorderarm f\u00fcr Chrysler PT Cruiser, Neon\" \/>\n<meta property=\"og:description\" content=\"Silentblocks f\u00fcr Frontlenker f\u00fcr Chrysler PT Cruiser, Chrysler Neon, kompatibel mit OEM 04656012AF, 04656012AB, 4656731AN, 4656730AN\" \/>\n<meta property=\"og:url\" content=\"https:\/\/www.silentblocks.com\/de\/produkt\/silentblocs-bras-avant-chrysler-pt-neon-2\/\" \/>\n<meta property=\"og:site_name\" content=\"SILENT BLOCKS\" \/>\n<meta property=\"article:modified_time\" content=\"2026-02-17T21:34:32+00:00\" \/>\n<meta property=\"og:image\" content=\"https:\/\/www.silentblocks.com\/wp-content\/uploads\/2026\/02\/bras-avant-pt.jpg\" \/>\n\t<meta property=\"og:image:width\" content=\"800\" \/>\n\t<meta property=\"og:image:height\" content=\"800\" \/>\n\t<meta property=\"og:image:type\" content=\"image\/jpeg\" \/>\n<meta name=\"twitter:card\" content=\"summary_large_image\" \/>\n<script type=\"application\/ld+json\" class=\"yoast-schema-graph\">{\"@context\":\"https:\\\/\\\/schema.org\",\"@graph\":[{\"@type\":\"WebPage\",\"@id\":\"https:\\\/\\\/www.silentblocks.com\\\/de\\\/produkt\\\/silentblocs-bras-avant-chrysler-pt-neon-2\\\/\",\"url\":\"https:\\\/\\\/www.silentblocks.com\\\/de\\\/produkt\\\/silentblocs-bras-avant-chrysler-pt-neon-2\\\/\",\"name\":\"Silentblocs Vorderarm f\u00fcr Chrysler PT Cruiser, Neon - SILENT BLOCKS\",\"isPartOf\":{\"@id\":\"https:\\\/\\\/www.silentblocks.com\\\/de\\\/#website\"},\"primaryImageOfPage\":{\"@id\":\"https:\\\/\\\/www.silentblocks.com\\\/de\\\/produkt\\\/silentblocs-bras-avant-chrysler-pt-neon-2\\\/#primaryimage\"},\"image\":{\"@id\":\"https:\\\/\\\/www.silentblocks.com\\\/de\\\/produkt\\\/silentblocs-bras-avant-chrysler-pt-neon-2\\\/#primaryimage\"},\"thumbnailUrl\":\"https:\\\/\\\/www.silentblocks.com\\\/wp-content\\\/uploads\\\/2026\\\/02\\\/bras-avant-pt.jpg\",\"datePublished\":\"2023-04-26T22:49:46+00:00\",\"dateModified\":\"2026-02-17T21:34:32+00:00\",\"description\":\"Silentblocks f\u00fcr Frontlenker f\u00fcr Chrysler PT Cruiser, Chrysler Neon, kompatibel mit OEM 04656012AF, 04656012AB, 4656731AN, 4656730AN\",\"breadcrumb\":{\"@id\":\"https:\\\/\\\/www.silentblocks.com\\\/de\\\/produkt\\\/silentblocs-bras-avant-chrysler-pt-neon-2\\\/#breadcrumb\"},\"inLanguage\":\"de\",\"potentialAction\":[{\"@type\":\"ReadAction\",\"target\":[\"https:\\\/\\\/www.silentblocks.com\\\/de\\\/produkt\\\/silentblocs-bras-avant-chrysler-pt-neon-2\\\/\"]}]},{\"@type\":\"ImageObject\",\"inLanguage\":\"de\",\"@id\":\"https:\\\/\\\/www.silentblocks.com\\\/de\\\/produkt\\\/silentblocs-bras-avant-chrysler-pt-neon-2\\\/#primaryimage\",\"url\":\"https:\\\/\\\/www.silentblocks.com\\\/wp-content\\\/uploads\\\/2026\\\/02\\\/bras-avant-pt.jpg\",\"contentUrl\":\"https:\\\/\\\/www.silentblocks.com\\\/wp-content\\\/uploads\\\/2026\\\/02\\\/bras-avant-pt.jpg\",\"width\":800,\"height\":800},{\"@type\":\"BreadcrumbList\",\"@id\":\"https:\\\/\\\/www.silentblocks.com\\\/de\\\/produkt\\\/silentblocs-bras-avant-chrysler-pt-neon-2\\\/#breadcrumb\",\"itemListElement\":[{\"@type\":\"ListItem\",\"position\":1,\"name\":\"In\u00edcio\",\"item\":\"https:\\\/\\\/www.silentblocks.com\\\/de\\\/\"},{\"@type\":\"ListItem\",\"position\":2,\"name\":\"Page boutique\",\"item\":\"https:\\\/\\\/www.silentblocks.com\\\/shop-2\\\/\"},{\"@type\":\"ListItem\",\"position\":3,\"name\":\"Silentblocs Vorderarm f\u00fcr Chrysler PT Cruiser, Neon\"}]},{\"@type\":\"WebSite\",\"@id\":\"https:\\\/\\\/www.silentblocks.com\\\/de\\\/#website\",\"url\":\"https:\\\/\\\/www.silentblocks.com\\\/de\\\/\",\"name\":\"SILENTBLOCKS\",\"description\":\"Secure on the road\",\"publisher\":{\"@id\":\"https:\\\/\\\/www.silentblocks.com\\\/de\\\/#organization\"},\"potentialAction\":[{\"@type\":\"SearchAction\",\"target\":{\"@type\":\"EntryPoint\",\"urlTemplate\":\"https:\\\/\\\/www.silentblocks.com\\\/de\\\/?s={search_term_string}\"},\"query-input\":{\"@type\":\"PropertyValueSpecification\",\"valueRequired\":true,\"valueName\":\"search_term_string\"}}],\"inLanguage\":\"de\"},{\"@type\":\"Organization\",\"@id\":\"https:\\\/\\\/www.silentblocks.com\\\/de\\\/#organization\",\"name\":\"SILENTBLOCKS\",\"url\":\"https:\\\/\\\/www.silentblocks.com\\\/de\\\/\",\"logo\":{\"@type\":\"ImageObject\",\"inLanguage\":\"de\",\"@id\":\"https:\\\/\\\/www.silentblocks.com\\\/de\\\/#\\\/schema\\\/logo\\\/image\\\/\",\"url\":\"https:\\\/\\\/www.silentblocks.com\\\/wp-content\\\/uploads\\\/2023\\\/07\\\/logo211-sem-fundo_2012-PARA-BOUTIQUE-EBAY.png\",\"contentUrl\":\"https:\\\/\\\/www.silentblocks.com\\\/wp-content\\\/uploads\\\/2023\\\/07\\\/logo211-sem-fundo_2012-PARA-BOUTIQUE-EBAY.png\",\"width\":300,\"height\":190,\"caption\":\"SILENTBLOCKS\"},\"image\":{\"@id\":\"https:\\\/\\\/www.silentblocks.com\\\/de\\\/#\\\/schema\\\/logo\\\/image\\\/\"}}]}<\/script>\n<!-- \/ Yoast SEO Premium plugin. -->","yoast_head_json":{"title":"Silentblocs Vorderarm f\u00fcr Chrysler PT Cruiser, Neon - SILENT BLOCKS","description":"Silentblocks f\u00fcr Frontlenker f\u00fcr Chrysler PT Cruiser, Chrysler Neon, kompatibel mit OEM 04656012AF, 04656012AB, 4656731AN, 4656730AN","robots":{"index":"index","follow":"follow","max-snippet":"max-snippet:-1","max-image-preview":"max-image-preview:large","max-video-preview":"max-video-preview:-1"},"canonical":"https:\/\/www.silentblocks.com\/de\/produkt\/silentblocs-bras-avant-chrysler-pt-neon-2\/","og_locale":"de_DE","og_type":"article","og_title":"Silentblocs Vorderarm f\u00fcr Chrysler PT Cruiser, Neon","og_description":"Silentblocks f\u00fcr Frontlenker f\u00fcr Chrysler PT Cruiser, Chrysler Neon, kompatibel mit OEM 04656012AF, 04656012AB, 4656731AN, 4656730AN","og_url":"https:\/\/www.silentblocks.com\/de\/produkt\/silentblocs-bras-avant-chrysler-pt-neon-2\/","og_site_name":"SILENT BLOCKS","article_modified_time":"2026-02-17T21:34:32+00:00","og_image":[{"width":800,"height":800,"url":"https:\/\/www.silentblocks.com\/wp-content\/uploads\/2026\/02\/bras-avant-pt.jpg","type":"image\/jpeg"}],"twitter_card":"summary_large_image","schema":{"@context":"https:\/\/schema.org","@graph":[{"@type":"WebPage","@id":"https:\/\/www.silentblocks.com\/de\/produkt\/silentblocs-bras-avant-chrysler-pt-neon-2\/","url":"https:\/\/www.silentblocks.com\/de\/produkt\/silentblocs-bras-avant-chrysler-pt-neon-2\/","name":"Silentblocs Vorderarm f\u00fcr Chrysler PT Cruiser, Neon - SILENT BLOCKS","isPartOf":{"@id":"https:\/\/www.silentblocks.com\/de\/#website"},"primaryImageOfPage":{"@id":"https:\/\/www.silentblocks.com\/de\/produkt\/silentblocs-bras-avant-chrysler-pt-neon-2\/#primaryimage"},"image":{"@id":"https:\/\/www.silentblocks.com\/de\/produkt\/silentblocs-bras-avant-chrysler-pt-neon-2\/#primaryimage"},"thumbnailUrl":"https:\/\/www.silentblocks.com\/wp-content\/uploads\/2026\/02\/bras-avant-pt.jpg","datePublished":"2023-04-26T22:49:46+00:00","dateModified":"2026-02-17T21:34:32+00:00","description":"Silentblocks f\u00fcr Frontlenker f\u00fcr Chrysler PT Cruiser, Chrysler Neon, kompatibel mit OEM 04656012AF, 04656012AB, 4656731AN, 4656730AN","breadcrumb":{"@id":"https:\/\/www.silentblocks.com\/de\/produkt\/silentblocs-bras-avant-chrysler-pt-neon-2\/#breadcrumb"},"inLanguage":"de","potentialAction":[{"@type":"ReadAction","target":["https:\/\/www.silentblocks.com\/de\/produkt\/silentblocs-bras-avant-chrysler-pt-neon-2\/"]}]},{"@type":"ImageObject","inLanguage":"de","@id":"https:\/\/www.silentblocks.com\/de\/produkt\/silentblocs-bras-avant-chrysler-pt-neon-2\/#primaryimage","url":"https:\/\/www.silentblocks.com\/wp-content\/uploads\/2026\/02\/bras-avant-pt.jpg","contentUrl":"https:\/\/www.silentblocks.com\/wp-content\/uploads\/2026\/02\/bras-avant-pt.jpg","width":800,"height":800},{"@type":"BreadcrumbList","@id":"https:\/\/www.silentblocks.com\/de\/produkt\/silentblocs-bras-avant-chrysler-pt-neon-2\/#breadcrumb","itemListElement":[{"@type":"ListItem","position":1,"name":"In\u00edcio","item":"https:\/\/www.silentblocks.com\/de\/"},{"@type":"ListItem","position":2,"name":"Page boutique","item":"https:\/\/www.silentblocks.com\/shop-2\/"},{"@type":"ListItem","position":3,"name":"Silentblocs Vorderarm f\u00fcr Chrysler PT Cruiser, Neon"}]},{"@type":"WebSite","@id":"https:\/\/www.silentblocks.com\/de\/#website","url":"https:\/\/www.silentblocks.com\/de\/","name":"SILENTBLOCKS","description":"Secure on the road","publisher":{"@id":"https:\/\/www.silentblocks.com\/de\/#organization"},"potentialAction":[{"@type":"SearchAction","target":{"@type":"EntryPoint","urlTemplate":"https:\/\/www.silentblocks.com\/de\/?s={search_term_string}"},"query-input":{"@type":"PropertyValueSpecification","valueRequired":true,"valueName":"search_term_string"}}],"inLanguage":"de"},{"@type":"Organization","@id":"https:\/\/www.silentblocks.com\/de\/#organization","name":"SILENTBLOCKS","url":"https:\/\/www.silentblocks.com\/de\/","logo":{"@type":"ImageObject","inLanguage":"de","@id":"https:\/\/www.silentblocks.com\/de\/#\/schema\/logo\/image\/","url":"https:\/\/www.silentblocks.com\/wp-content\/uploads\/2023\/07\/logo211-sem-fundo_2012-PARA-BOUTIQUE-EBAY.png","contentUrl":"https:\/\/www.silentblocks.com\/wp-content\/uploads\/2023\/07\/logo211-sem-fundo_2012-PARA-BOUTIQUE-EBAY.png","width":300,"height":190,"caption":"SILENTBLOCKS"},"image":{"@id":"https:\/\/www.silentblocks.com\/de\/#\/schema\/logo\/image\/"}}]}},"_links":{"self":[{"href":"https:\/\/www.silentblocks.com\/de\/wp-json\/wp\/v2\/product\/87311","targetHints":{"allow":["GET"]}}],"collection":[{"href":"https:\/\/www.silentblocks.com\/de\/wp-json\/wp\/v2\/product"}],"about":[{"href":"https:\/\/www.silentblocks.com\/de\/wp-json\/wp\/v2\/types\/product"}],"version-history":[{"count":0,"href":"https:\/\/www.silentblocks.com\/de\/wp-json\/wp\/v2\/product\/87311\/revisions"}],"wp:featuredmedia":[{"embeddable":true,"href":"https:\/\/www.silentblocks.com\/de\/wp-json\/wp\/v2\/media\/115041"}],"wp:attachment":[{"href":"https:\/\/www.silentblocks.com\/de\/wp-json\/wp\/v2\/media?parent=87311"}],"wp:term":[{"taxonomy":"product_brand","embeddable":true,"href":"https:\/\/www.silentblocks.com\/de\/wp-json\/wp\/v2\/product_brand?post=87311"},{"taxonomy":"product_cat","embeddable":true,"href":"https:\/\/www.silentblocks.com\/de\/wp-json\/wp\/v2\/product_cat?post=87311"},{"taxonomy":"product_tag","embeddable":true,"href":"https:\/\/www.silentblocks.com\/de\/wp-json\/wp\/v2\/product_tag?post=87311"}],"curies":[{"name":"wp","href":"https:\/\/api.w.org\/{rel}","templated":true}]}}