{"id":87610,"date":"2023-04-26T22:49:27","date_gmt":"2023-04-26T22:49:27","guid":{"rendered":"https:\/\/www.silentblocks.com\/product\/reparatur-kit-schwinge-stiel-arriere\/"},"modified":"2026-02-17T21:35:17","modified_gmt":"2026-02-17T21:35:17","slug":"reparatur-kit-schwinge-stiel-arriere","status":"publish","type":"product","link":"https:\/\/www.silentblocks.com\/de\/produkt\/reparatur-kit-schwinge-stiel-arriere\/","title":{"rendered":"Silentblocs f\u00fcr die Hinterachse Fiat Croma"},"content":{"rendered":"<p>Satz von zwei Silentbl\u00f6cken (links und rechts) f\u00fcr Achsschenkel hinten f\u00fcr Fiat Croma (154)<\/p>\n<p>OEM: 82315794<\/p>\n<table style=\"width: 495px;\" border=\"0\" cellspacing=\"0\" cellpadding=\"0\">\n<tbody>\n<tr>\n<td valign=\"top\" width=\"95\">\n<p align=\"center\"><strong>Modell<\/strong><\/p>\n<\/td>\n<td valign=\"top\" width=\"95\">\n<p align=\"center\"><strong>Motor<\/strong><\/p>\n<\/td>\n<td valign=\"top\" width=\"95\">\n<p align=\"center\"><strong>Code Motor<\/strong><\/p>\n<\/td>\n<td valign=\"top\" width=\"25\">\n<p align=\"center\"><strong>LEBENSLAUF<\/strong><\/p>\n<\/td>\n<td valign=\"top\" width=\"57\">\n<p align=\"center\"><strong>Seit<\/strong><\/p>\n<\/td>\n<td valign=\"top\" width=\"59\">\n<p align=\"center\"><strong>Bis<\/strong><\/p>\n<\/td>\n<td valign=\"top\" width=\"69\">\n<p align=\"center\"><strong>Treibstoff<\/strong><\/p>\n<\/td>\n<\/tr>\n<tr>\n<td valign=\"top\" width=\"95\">\n<p align=\"center\">CROMA (154)<\/p>\n<\/td>\n<td valign=\"top\" width=\"95\">\n<p align=\"center\">1600<\/p>\n<\/td>\n<td valign=\"top\" width=\"95\">\n<p align=\"center\">154 A.048<\/p>\n<\/td>\n<td valign=\"top\" width=\"25\">\n<p align=\"center\">83<\/p>\n<\/td>\n<td valign=\"top\" width=\"57\">\n<p align=\"center\">Dez.-85<\/p>\n<\/td>\n<td valign=\"top\" width=\"59\">\n<p align=\"center\">Dez.-90<\/p>\n<\/td>\n<td valign=\"top\" width=\"69\">\n<p align=\"center\">Benzin<\/p>\n<\/td>\n<\/tr>\n<tr>\n<td valign=\"top\" width=\"95\">\n<p align=\"center\">CROMA (154)<\/p>\n<\/td>\n<td valign=\"top\" width=\"95\">\n<p align=\"center\">1900 Turbo D i.d.<\/p>\n<\/td>\n<td valign=\"top\" width=\"95\">\n<p align=\"center\">154 D1.000<\/p>\n<\/td>\n<td valign=\"top\" width=\"25\">\n<p align=\"center\">94<\/p>\n<\/td>\n<td valign=\"top\" width=\"57\">\n<p align=\"center\">Nov.-92<\/p>\n<\/td>\n<td valign=\"top\" width=\"59\">\n<p align=\"center\">Dez.-96<\/p>\n<\/td>\n<td valign=\"top\" width=\"69\">\n<p align=\"center\">Diesel<\/p>\n<\/td>\n<\/tr>\n<tr>\n<td valign=\"top\" width=\"95\">\n<p align=\"center\">CROMA (154)<\/p>\n<\/td>\n<td valign=\"top\" width=\"95\">\n<p align=\"center\">1900 Turbo D i.d. (154.LL, 154.PL)<\/p>\n<\/td>\n<td valign=\"top\" width=\"95\">\n<p align=\"center\">154 C6.000<\/p>\n<\/td>\n<td valign=\"top\" width=\"25\">\n<p align=\"center\">90<\/p>\n<\/td>\n<td valign=\"top\" width=\"57\">\n<p align=\"center\">Mai-89<\/p>\n<\/td>\n<td valign=\"top\" width=\"59\">\n<p align=\"center\">Okt.-92<\/p>\n<\/td>\n<td valign=\"top\" width=\"69\">\n<p align=\"center\">Diesel<\/p>\n<\/td>\n<\/tr>\n<tr>\n<td valign=\"top\" width=\"95\">\n<p align=\"center\">CROMA (154)<\/p>\n<\/td>\n<td valign=\"top\" width=\"95\">\n<p align=\"center\">2000 16V<\/p>\n<\/td>\n<td valign=\"top\" width=\"95\">\n<p align=\"center\">154 E1.000<\/p>\n<\/td>\n<td valign=\"top\" width=\"25\">\n<p align=\"center\">137<\/p>\n<\/td>\n<td valign=\"top\" width=\"57\">\n<p align=\"center\">August-92<\/p>\n<\/td>\n<td valign=\"top\" width=\"59\">\n<p align=\"center\">August-96<\/p>\n<\/td>\n<td valign=\"top\" width=\"69\">\n<p align=\"center\">Benzin<\/p>\n<\/td>\n<\/tr>\n<tr>\n<td valign=\"top\" width=\"95\">\n<p align=\"center\">CROMA (154)<\/p>\n<\/td>\n<td valign=\"top\" width=\"95\">\n<p align=\"center\">2000 CHT<\/p>\n<\/td>\n<td valign=\"top\" width=\"95\">\n<p align=\"center\">MOTORE GENERICO<\/p>\n<\/td>\n<td valign=\"top\" width=\"25\">\n<p align=\"center\">100<\/p>\n<\/td>\n<td valign=\"top\" width=\"57\">\n<p align=\"center\">Jan.-91<\/p>\n<\/td>\n<td valign=\"top\" width=\"59\">\n<p align=\"center\">Sept.-92<\/p>\n<\/td>\n<td valign=\"top\" width=\"69\">\n<p align=\"center\">Benzin<\/p>\n<\/td>\n<\/tr>\n<tr>\n<td valign=\"top\" width=\"95\">\n<p align=\"center\">CROMA (154)<\/p>\n<\/td>\n<td valign=\"top\" width=\"95\">\n<p align=\"center\">2000 CHT (154.AC)<\/p>\n<\/td>\n<td valign=\"top\" width=\"95\">\n<p align=\"center\">154 A1.000<\/p>\n<\/td>\n<td valign=\"top\" width=\"25\">\n<p align=\"center\">90<\/p>\n<\/td>\n<td valign=\"top\" width=\"57\">\n<p align=\"center\">Dez.-85<\/p>\n<\/td>\n<td valign=\"top\" width=\"59\">\n<p align=\"center\">Feb.-89<\/p>\n<\/td>\n<td valign=\"top\" width=\"69\">\n<p align=\"center\">Benzin<\/p>\n<\/td>\n<\/tr>\n<tr>\n<td valign=\"top\" width=\"95\">\n<p align=\"center\">CROMA (154)<\/p>\n<\/td>\n<td valign=\"top\" width=\"95\">\n<p align=\"center\">2000 i.e. (154.AD)<\/p>\n<\/td>\n<td valign=\"top\" width=\"95\">\n<p align=\"center\">154 C3.000,834 B.000<\/p>\n<\/td>\n<td valign=\"top\" width=\"25\">\n<p align=\"center\">120<\/p>\n<\/td>\n<td valign=\"top\" width=\"57\">\n<p align=\"center\">M\u00e4rz-87<\/p>\n<\/td>\n<td valign=\"top\" width=\"59\">\n<p align=\"center\">Sept.-92<\/p>\n<\/td>\n<td valign=\"top\" width=\"69\">\n<p align=\"center\">Benzin<\/p>\n<\/td>\n<\/tr>\n<tr>\n<td valign=\"top\" width=\"95\">\n<p align=\"center\">CROMA (154)<\/p>\n<\/td>\n<td valign=\"top\" width=\"95\">\n<p align=\"center\">2000 i.e. (154.AM)<\/p>\n<\/td>\n<td valign=\"top\" width=\"95\">\n<p align=\"center\">834 B.048<\/p>\n<\/td>\n<td valign=\"top\" width=\"25\">\n<p align=\"center\">113<\/p>\n<\/td>\n<td valign=\"top\" width=\"57\">\n<p align=\"center\">M\u00e4rz-86<\/p>\n<\/td>\n<td valign=\"top\" width=\"59\">\n<p align=\"center\">Sept.-90<\/p>\n<\/td>\n<td valign=\"top\" width=\"69\">\n<p align=\"center\">Benzin<\/p>\n<\/td>\n<\/tr>\n<tr>\n<td valign=\"top\" width=\"95\">\n<p align=\"center\">CROMA (154)<\/p>\n<\/td>\n<td valign=\"top\" width=\"95\">\n<p align=\"center\">2000 i.e. (154.AM, 154.LM)<\/p>\n<\/td>\n<td valign=\"top\" width=\"95\">\n<p align=\"center\">154 C3.046,834 B.146<\/p>\n<\/td>\n<td valign=\"top\" width=\"25\">\n<p align=\"center\">116<\/p>\n<\/td>\n<td valign=\"top\" width=\"57\">\n<p align=\"center\">Okt.-87<\/p>\n<\/td>\n<td valign=\"top\" width=\"59\">\n<p align=\"center\">August-96<\/p>\n<\/td>\n<td valign=\"top\" width=\"69\">\n<p align=\"center\">Benzin<\/p>\n<\/td>\n<\/tr>\n<tr>\n<td valign=\"top\" width=\"95\">\n<p align=\"center\">CROMA (154)<\/p>\n<\/td>\n<td valign=\"top\" width=\"95\">\n<p align=\"center\">2000 i.e. Turbo<\/p>\n<\/td>\n<td valign=\"top\" width=\"95\">\n<p align=\"center\">834 C.146<\/p>\n<\/td>\n<td valign=\"top\" width=\"25\">\n<p align=\"center\">151<\/p>\n<\/td>\n<td valign=\"top\" width=\"57\">\n<p align=\"center\">Nov.-86<\/p>\n<\/td>\n<td valign=\"top\" width=\"59\">\n<p align=\"center\">Nov.-88<\/p>\n<\/td>\n<td valign=\"top\" width=\"69\">\n<p align=\"center\">Benzin<\/p>\n<\/td>\n<\/tr>\n<tr>\n<td valign=\"top\" width=\"95\">\n<p align=\"center\">CROMA (154)<\/p>\n<\/td>\n<td valign=\"top\" width=\"95\">\n<p align=\"center\">2000 i.e. Turbo (154.AM)<\/p>\n<\/td>\n<td valign=\"top\" width=\"95\">\n<p align=\"center\">154 A2.000<\/p>\n<\/td>\n<td valign=\"top\" width=\"25\">\n<p align=\"center\">155<\/p>\n<\/td>\n<td valign=\"top\" width=\"57\">\n<p align=\"center\">Dez.-85<\/p>\n<\/td>\n<td valign=\"top\" width=\"59\">\n<p align=\"center\">Juni 90<\/p>\n<\/td>\n<td valign=\"top\" width=\"69\">\n<p align=\"center\">Benzin<\/p>\n<\/td>\n<\/tr>\n<tr>\n<td valign=\"top\" width=\"95\">\n<p align=\"center\">CROMA (154)<\/p>\n<\/td>\n<td valign=\"top\" width=\"95\">\n<p align=\"center\">2000 i.e. Turbo (154.AM, 154.LM)<\/p>\n<\/td>\n<td valign=\"top\" width=\"95\">\n<p align=\"center\">154 C4.046,834 C.146<\/p>\n<\/td>\n<td valign=\"top\" width=\"25\">\n<p align=\"center\">150<\/p>\n<\/td>\n<td valign=\"top\" width=\"57\">\n<p align=\"center\">Juni-87<\/p>\n<\/td>\n<td valign=\"top\" width=\"59\">\n<p align=\"center\">August-96<\/p>\n<\/td>\n<td valign=\"top\" width=\"69\">\n<p align=\"center\">Benzin<\/p>\n<\/td>\n<\/tr>\n<tr>\n<td valign=\"top\" width=\"95\">\n<p align=\"center\">CROMA (154)<\/p>\n<\/td>\n<td valign=\"top\" width=\"95\">\n<p align=\"center\">2500 D<\/p>\n<\/td>\n<td valign=\"top\" width=\"95\">\n<p align=\"center\">8144.67<\/p>\n<\/td>\n<td valign=\"top\" width=\"25\">\n<p align=\"center\">75<\/p>\n<\/td>\n<td valign=\"top\" width=\"57\">\n<p align=\"center\">Dez.-85<\/p>\n<\/td>\n<td valign=\"top\" width=\"59\">\n<p align=\"center\">Dez.-89<\/p>\n<\/td>\n<td valign=\"top\" width=\"69\">\n<p align=\"center\">Diesel<\/p>\n<\/td>\n<\/tr>\n<tr>\n<td valign=\"top\" width=\"95\">\n<p align=\"center\">CROMA (154)<\/p>\n<\/td>\n<td valign=\"top\" width=\"95\">\n<p align=\"center\">2500 TD (154.AE)<\/p>\n<\/td>\n<td valign=\"top\" width=\"95\">\n<p align=\"center\">8144.91.2000<\/p>\n<\/td>\n<td valign=\"top\" width=\"25\">\n<p align=\"center\">101<\/p>\n<\/td>\n<td valign=\"top\" width=\"57\">\n<p align=\"center\">Dez.-85<\/p>\n<\/td>\n<td valign=\"top\" width=\"59\">\n<p align=\"center\">August-89<\/p>\n<\/td>\n<td valign=\"top\" width=\"69\">\n<p align=\"center\">Diesel<\/p>\n<\/td>\n<\/tr>\n<tr>\n<td valign=\"top\" width=\"95\">\n<p align=\"center\">CROMA (154)<\/p>\n<\/td>\n<td valign=\"top\" width=\"95\">\n<p align=\"center\">2500 TD (154.LL, 154.PL)<\/p>\n<\/td>\n<td valign=\"top\" width=\"95\">\n<p align=\"center\">8144.97,8144.97 Y<\/p>\n<\/td>\n<td valign=\"top\" width=\"25\">\n<p align=\"center\">115<\/p>\n<\/td>\n<td valign=\"top\" width=\"57\">\n<p align=\"center\">Mai-89<\/p>\n<\/td>\n<td valign=\"top\" width=\"59\">\n<p align=\"center\">August-96<\/p>\n<\/td>\n<td valign=\"top\" width=\"69\">\n<p align=\"center\">Diesel<\/p>\n<\/td>\n<\/tr>\n<tr>\n<td valign=\"top\" width=\"95\">\n<p align=\"center\">CROMA (154)<\/p>\n<\/td>\n<td valign=\"top\" width=\"95\">\n<p align=\"center\">2500 TDE<\/p>\n<\/td>\n<td valign=\"top\" width=\"95\">\n<p align=\"center\">8144.97 S<\/p>\n<\/td>\n<td valign=\"top\" width=\"25\">\n<p align=\"center\">105<\/p>\n<\/td>\n<td valign=\"top\" width=\"57\">\n<p align=\"center\">Dez.-91<\/p>\n<\/td>\n<td valign=\"top\" width=\"59\">\n<p align=\"center\">August-96<\/p>\n<\/td>\n<td valign=\"top\" width=\"69\">\n<p align=\"center\">Diesel<\/p>\n<\/td>\n<\/tr>\n<tr>\n<td valign=\"top\" width=\"95\">\n<p align=\"center\">CROMA (154)<\/p>\n<\/td>\n<td valign=\"top\" width=\"95\">\n<p align=\"center\">2500 V6<\/p>\n<\/td>\n<td valign=\"top\" width=\"95\">\n<p align=\"center\">834 G.000<\/p>\n<\/td>\n<td valign=\"top\" width=\"25\">\n<p align=\"center\">162<\/p>\n<\/td>\n<td valign=\"top\" width=\"57\">\n<p align=\"center\">Juni-93<\/p>\n<\/td>\n<td valign=\"top\" width=\"59\">\n<p align=\"center\">August-96<\/p>\n<\/td>\n<td valign=\"top\" width=\"69\">\n<p align=\"center\">Benzin<\/p>\n<\/td>\n<\/tr>\n<\/tbody>\n<\/table>\n","protected":false},"excerpt":{"rendered":"<p>Silentblocks f\u00fcr Achsschenkel hinten f\u00fcr Fiat Croma (154)<\/p>\n","protected":false},"featured_media":114745,"template":"","meta":[],"product_brand":[],"product_cat":[2164,2570],"product_tag":[],"class_list":{"0":"post-87610","1":"product","2":"type-product","3":"status-publish","4":"has-post-thumbnail","6":"product_cat-fiat-de","7":"product_cat-croma-154-de","9":"first","10":"instock","11":"shipping-taxable","12":"purchasable","13":"product-type-simple"},"yoast_head":"<!-- This site is optimized with the Yoast SEO Premium plugin v23.0 (Yoast SEO v27.4) - https:\/\/yoast.com\/product\/yoast-seo-premium-wordpress\/ -->\n<title>Silentblocs f\u00fcr die Hinterachse Fiat Croma - SILENT BLOCKS<\/title>\n<meta name=\"description\" content=\"Silentblocs Hinterachse f\u00fcr Fiat Croma, oem 82315794\" \/>\n<meta name=\"robots\" content=\"index, follow, max-snippet:-1, max-image-preview:large, max-video-preview:-1\" \/>\n<link rel=\"canonical\" href=\"https:\/\/www.silentblocks.com\/de\/produkt\/reparatur-kit-schwinge-stiel-arriere\/\" \/>\n<meta property=\"og:locale\" content=\"de_DE\" \/>\n<meta property=\"og:type\" content=\"article\" \/>\n<meta property=\"og:title\" content=\"Silentblocs f\u00fcr die Hinterachse Fiat Croma\" \/>\n<meta property=\"og:description\" content=\"Silentblocs Hinterachse f\u00fcr Fiat Croma, oem 82315794\" \/>\n<meta property=\"og:url\" content=\"https:\/\/www.silentblocks.com\/de\/produkt\/reparatur-kit-schwinge-stiel-arriere\/\" \/>\n<meta property=\"og:site_name\" content=\"SILENT BLOCKS\" \/>\n<meta property=\"article:modified_time\" content=\"2026-02-17T21:35:17+00:00\" \/>\n<meta property=\"og:image\" content=\"https:\/\/www.silentblocks.com\/wp-content\/uploads\/2026\/02\/silentbloc-fusee-arriere-lancia-kappa-fiat-croma.jpg\" \/>\n\t<meta property=\"og:image:width\" content=\"1024\" \/>\n\t<meta property=\"og:image:height\" content=\"1024\" \/>\n\t<meta property=\"og:image:type\" content=\"image\/jpeg\" \/>\n<meta name=\"twitter:card\" content=\"summary_large_image\" \/>\n<meta name=\"twitter:label1\" content=\"Gesch\u00e4tzte Lesezeit\" \/>\n\t<meta name=\"twitter:data1\" content=\"1\u00a0Minute\" \/>\n<script type=\"application\/ld+json\" class=\"yoast-schema-graph\">{\"@context\":\"https:\\\/\\\/schema.org\",\"@graph\":[{\"@type\":\"WebPage\",\"@id\":\"https:\\\/\\\/www.silentblocks.com\\\/de\\\/produkt\\\/reparatur-kit-schwinge-stiel-arriere\\\/\",\"url\":\"https:\\\/\\\/www.silentblocks.com\\\/de\\\/produkt\\\/reparatur-kit-schwinge-stiel-arriere\\\/\",\"name\":\"Silentblocs f\u00fcr die Hinterachse Fiat Croma - SILENT BLOCKS\",\"isPartOf\":{\"@id\":\"https:\\\/\\\/www.silentblocks.com\\\/de\\\/#website\"},\"primaryImageOfPage\":{\"@id\":\"https:\\\/\\\/www.silentblocks.com\\\/de\\\/produkt\\\/reparatur-kit-schwinge-stiel-arriere\\\/#primaryimage\"},\"image\":{\"@id\":\"https:\\\/\\\/www.silentblocks.com\\\/de\\\/produkt\\\/reparatur-kit-schwinge-stiel-arriere\\\/#primaryimage\"},\"thumbnailUrl\":\"https:\\\/\\\/www.silentblocks.com\\\/wp-content\\\/uploads\\\/2026\\\/02\\\/silentbloc-fusee-arriere-lancia-kappa-fiat-croma.jpg\",\"datePublished\":\"2023-04-26T22:49:27+00:00\",\"dateModified\":\"2026-02-17T21:35:17+00:00\",\"description\":\"Silentblocs Hinterachse f\u00fcr Fiat Croma, oem 82315794\",\"breadcrumb\":{\"@id\":\"https:\\\/\\\/www.silentblocks.com\\\/de\\\/produkt\\\/reparatur-kit-schwinge-stiel-arriere\\\/#breadcrumb\"},\"inLanguage\":\"de\",\"potentialAction\":[{\"@type\":\"ReadAction\",\"target\":[\"https:\\\/\\\/www.silentblocks.com\\\/de\\\/produkt\\\/reparatur-kit-schwinge-stiel-arriere\\\/\"]}]},{\"@type\":\"ImageObject\",\"inLanguage\":\"de\",\"@id\":\"https:\\\/\\\/www.silentblocks.com\\\/de\\\/produkt\\\/reparatur-kit-schwinge-stiel-arriere\\\/#primaryimage\",\"url\":\"https:\\\/\\\/www.silentblocks.com\\\/wp-content\\\/uploads\\\/2026\\\/02\\\/silentbloc-fusee-arriere-lancia-kappa-fiat-croma.jpg\",\"contentUrl\":\"https:\\\/\\\/www.silentblocks.com\\\/wp-content\\\/uploads\\\/2026\\\/02\\\/silentbloc-fusee-arriere-lancia-kappa-fiat-croma.jpg\",\"width\":1024,\"height\":1024},{\"@type\":\"BreadcrumbList\",\"@id\":\"https:\\\/\\\/www.silentblocks.com\\\/de\\\/produkt\\\/reparatur-kit-schwinge-stiel-arriere\\\/#breadcrumb\",\"itemListElement\":[{\"@type\":\"ListItem\",\"position\":1,\"name\":\"In\u00edcio\",\"item\":\"https:\\\/\\\/www.silentblocks.com\\\/de\\\/\"},{\"@type\":\"ListItem\",\"position\":2,\"name\":\"Page boutique\",\"item\":\"https:\\\/\\\/www.silentblocks.com\\\/shop-2\\\/\"},{\"@type\":\"ListItem\",\"position\":3,\"name\":\"Silentblocs f\u00fcr die Hinterachse Fiat Croma\"}]},{\"@type\":\"WebSite\",\"@id\":\"https:\\\/\\\/www.silentblocks.com\\\/de\\\/#website\",\"url\":\"https:\\\/\\\/www.silentblocks.com\\\/de\\\/\",\"name\":\"SILENTBLOCKS\",\"description\":\"Secure on the road\",\"publisher\":{\"@id\":\"https:\\\/\\\/www.silentblocks.com\\\/de\\\/#organization\"},\"potentialAction\":[{\"@type\":\"SearchAction\",\"target\":{\"@type\":\"EntryPoint\",\"urlTemplate\":\"https:\\\/\\\/www.silentblocks.com\\\/de\\\/?s={search_term_string}\"},\"query-input\":{\"@type\":\"PropertyValueSpecification\",\"valueRequired\":true,\"valueName\":\"search_term_string\"}}],\"inLanguage\":\"de\"},{\"@type\":\"Organization\",\"@id\":\"https:\\\/\\\/www.silentblocks.com\\\/de\\\/#organization\",\"name\":\"SILENTBLOCKS\",\"url\":\"https:\\\/\\\/www.silentblocks.com\\\/de\\\/\",\"logo\":{\"@type\":\"ImageObject\",\"inLanguage\":\"de\",\"@id\":\"https:\\\/\\\/www.silentblocks.com\\\/de\\\/#\\\/schema\\\/logo\\\/image\\\/\",\"url\":\"https:\\\/\\\/www.silentblocks.com\\\/wp-content\\\/uploads\\\/2023\\\/07\\\/logo211-sem-fundo_2012-PARA-BOUTIQUE-EBAY.png\",\"contentUrl\":\"https:\\\/\\\/www.silentblocks.com\\\/wp-content\\\/uploads\\\/2023\\\/07\\\/logo211-sem-fundo_2012-PARA-BOUTIQUE-EBAY.png\",\"width\":300,\"height\":190,\"caption\":\"SILENTBLOCKS\"},\"image\":{\"@id\":\"https:\\\/\\\/www.silentblocks.com\\\/de\\\/#\\\/schema\\\/logo\\\/image\\\/\"}}]}<\/script>\n<!-- \/ Yoast SEO Premium plugin. -->","yoast_head_json":{"title":"Silentblocs f\u00fcr die Hinterachse Fiat Croma - SILENT BLOCKS","description":"Silentblocs Hinterachse f\u00fcr Fiat Croma, oem 82315794","robots":{"index":"index","follow":"follow","max-snippet":"max-snippet:-1","max-image-preview":"max-image-preview:large","max-video-preview":"max-video-preview:-1"},"canonical":"https:\/\/www.silentblocks.com\/de\/produkt\/reparatur-kit-schwinge-stiel-arriere\/","og_locale":"de_DE","og_type":"article","og_title":"Silentblocs f\u00fcr die Hinterachse Fiat Croma","og_description":"Silentblocs Hinterachse f\u00fcr Fiat Croma, oem 82315794","og_url":"https:\/\/www.silentblocks.com\/de\/produkt\/reparatur-kit-schwinge-stiel-arriere\/","og_site_name":"SILENT BLOCKS","article_modified_time":"2026-02-17T21:35:17+00:00","og_image":[{"width":1024,"height":1024,"url":"https:\/\/www.silentblocks.com\/wp-content\/uploads\/2026\/02\/silentbloc-fusee-arriere-lancia-kappa-fiat-croma.jpg","type":"image\/jpeg"}],"twitter_card":"summary_large_image","twitter_misc":{"Gesch\u00e4tzte Lesezeit":"1\u00a0Minute"},"schema":{"@context":"https:\/\/schema.org","@graph":[{"@type":"WebPage","@id":"https:\/\/www.silentblocks.com\/de\/produkt\/reparatur-kit-schwinge-stiel-arriere\/","url":"https:\/\/www.silentblocks.com\/de\/produkt\/reparatur-kit-schwinge-stiel-arriere\/","name":"Silentblocs f\u00fcr die Hinterachse Fiat Croma - SILENT BLOCKS","isPartOf":{"@id":"https:\/\/www.silentblocks.com\/de\/#website"},"primaryImageOfPage":{"@id":"https:\/\/www.silentblocks.com\/de\/produkt\/reparatur-kit-schwinge-stiel-arriere\/#primaryimage"},"image":{"@id":"https:\/\/www.silentblocks.com\/de\/produkt\/reparatur-kit-schwinge-stiel-arriere\/#primaryimage"},"thumbnailUrl":"https:\/\/www.silentblocks.com\/wp-content\/uploads\/2026\/02\/silentbloc-fusee-arriere-lancia-kappa-fiat-croma.jpg","datePublished":"2023-04-26T22:49:27+00:00","dateModified":"2026-02-17T21:35:17+00:00","description":"Silentblocs Hinterachse f\u00fcr Fiat Croma, oem 82315794","breadcrumb":{"@id":"https:\/\/www.silentblocks.com\/de\/produkt\/reparatur-kit-schwinge-stiel-arriere\/#breadcrumb"},"inLanguage":"de","potentialAction":[{"@type":"ReadAction","target":["https:\/\/www.silentblocks.com\/de\/produkt\/reparatur-kit-schwinge-stiel-arriere\/"]}]},{"@type":"ImageObject","inLanguage":"de","@id":"https:\/\/www.silentblocks.com\/de\/produkt\/reparatur-kit-schwinge-stiel-arriere\/#primaryimage","url":"https:\/\/www.silentblocks.com\/wp-content\/uploads\/2026\/02\/silentbloc-fusee-arriere-lancia-kappa-fiat-croma.jpg","contentUrl":"https:\/\/www.silentblocks.com\/wp-content\/uploads\/2026\/02\/silentbloc-fusee-arriere-lancia-kappa-fiat-croma.jpg","width":1024,"height":1024},{"@type":"BreadcrumbList","@id":"https:\/\/www.silentblocks.com\/de\/produkt\/reparatur-kit-schwinge-stiel-arriere\/#breadcrumb","itemListElement":[{"@type":"ListItem","position":1,"name":"In\u00edcio","item":"https:\/\/www.silentblocks.com\/de\/"},{"@type":"ListItem","position":2,"name":"Page boutique","item":"https:\/\/www.silentblocks.com\/shop-2\/"},{"@type":"ListItem","position":3,"name":"Silentblocs f\u00fcr die Hinterachse Fiat Croma"}]},{"@type":"WebSite","@id":"https:\/\/www.silentblocks.com\/de\/#website","url":"https:\/\/www.silentblocks.com\/de\/","name":"SILENTBLOCKS","description":"Secure on the road","publisher":{"@id":"https:\/\/www.silentblocks.com\/de\/#organization"},"potentialAction":[{"@type":"SearchAction","target":{"@type":"EntryPoint","urlTemplate":"https:\/\/www.silentblocks.com\/de\/?s={search_term_string}"},"query-input":{"@type":"PropertyValueSpecification","valueRequired":true,"valueName":"search_term_string"}}],"inLanguage":"de"},{"@type":"Organization","@id":"https:\/\/www.silentblocks.com\/de\/#organization","name":"SILENTBLOCKS","url":"https:\/\/www.silentblocks.com\/de\/","logo":{"@type":"ImageObject","inLanguage":"de","@id":"https:\/\/www.silentblocks.com\/de\/#\/schema\/logo\/image\/","url":"https:\/\/www.silentblocks.com\/wp-content\/uploads\/2023\/07\/logo211-sem-fundo_2012-PARA-BOUTIQUE-EBAY.png","contentUrl":"https:\/\/www.silentblocks.com\/wp-content\/uploads\/2023\/07\/logo211-sem-fundo_2012-PARA-BOUTIQUE-EBAY.png","width":300,"height":190,"caption":"SILENTBLOCKS"},"image":{"@id":"https:\/\/www.silentblocks.com\/de\/#\/schema\/logo\/image\/"}}]}},"_links":{"self":[{"href":"https:\/\/www.silentblocks.com\/de\/wp-json\/wp\/v2\/product\/87610","targetHints":{"allow":["GET"]}}],"collection":[{"href":"https:\/\/www.silentblocks.com\/de\/wp-json\/wp\/v2\/product"}],"about":[{"href":"https:\/\/www.silentblocks.com\/de\/wp-json\/wp\/v2\/types\/product"}],"version-history":[{"count":0,"href":"https:\/\/www.silentblocks.com\/de\/wp-json\/wp\/v2\/product\/87610\/revisions"}],"wp:featuredmedia":[{"embeddable":true,"href":"https:\/\/www.silentblocks.com\/de\/wp-json\/wp\/v2\/media\/114745"}],"wp:attachment":[{"href":"https:\/\/www.silentblocks.com\/de\/wp-json\/wp\/v2\/media?parent=87610"}],"wp:term":[{"taxonomy":"product_brand","embeddable":true,"href":"https:\/\/www.silentblocks.com\/de\/wp-json\/wp\/v2\/product_brand?post=87610"},{"taxonomy":"product_cat","embeddable":true,"href":"https:\/\/www.silentblocks.com\/de\/wp-json\/wp\/v2\/product_cat?post=87610"},{"taxonomy":"product_tag","embeddable":true,"href":"https:\/\/www.silentblocks.com\/de\/wp-json\/wp\/v2\/product_tag?post=87610"}],"curies":[{"name":"wp","href":"https:\/\/api.w.org\/{rel}","templated":true}]}}